{"id":27109,"date":"2022-05-19T10:16:48","date_gmt":"2022-05-19T16:16:48","guid":{"rendered":"https:\/\/somagen.com\/service-a-la-clientele\/"},"modified":"2024-04-19T11:03:41","modified_gmt":"2024-04-19T17:03:41","slug":"service-a-la-clientele","status":"publish","type":"page","link":"https:\/\/www.somagen.com\/fr\/service-a-la-clientele\/","title":{"rendered":"Service \u00e0 la client\u00e8le"},"content":{"rendered":"\t\t<div data-elementor-type=\"wp-page\" data-elementor-id=\"27109\" class=\"elementor elementor-27109 elementor-21308\" data-elementor-post-type=\"page\">\n\t\t\t\t\t\t<section class=\"elementor-section elementor-top-section elementor-element elementor-element-e9b13bd elementor-section-height-min-height elementor-section-boxed elementor-section-height-default elementor-section-items-middle\" data-id=\"e9b13bd\" data-element_type=\"section\" data-e-type=\"section\" data-settings=\"{&quot;background_background&quot;:&quot;classic&quot;}\">\n\t\t\t\t\t\t<div class=\"elementor-container elementor-column-gap-default\">\n\t\t\t\t\t<div class=\"elementor-column elementor-col-100 elementor-top-column elementor-element elementor-element-9ff74b7\" data-id=\"9ff74b7\" data-element_type=\"column\" data-e-type=\"column\">\n\t\t\t<div class=\"elementor-widget-wrap elementor-element-populated\">\n\t\t\t\t\t\t<div class=\"elementor-element elementor-element-f34a1c3 elementor-widget elementor-widget-text-editor\" data-id=\"f34a1c3\" data-element_type=\"widget\" data-e-type=\"widget\" data-widget_type=\"text-editor.default\">\n\t\t\t\t<div class=\"elementor-widget-container\">\n\t\t\t\t\t\t\t\t\t<p><em>1-800-661-9993<\/em><\/p><p><em>orders@somagen.com<\/em><\/p>\t\t\t\t\t\t\t\t<\/div>\n\t\t\t\t<\/div>\n\t\t\t\t\t<\/div>\n\t\t<\/div>\n\t\t\t\t\t<\/div>\n\t\t<\/section>\n\t\t\t\t<section class=\"elementor-section elementor-top-section elementor-element elementor-element-978a649 elementor-section-boxed elementor-section-height-default elementor-section-height-default\" data-id=\"978a649\" data-element_type=\"section\" data-e-type=\"section\">\n\t\t\t\t\t\t<div class=\"elementor-container elementor-column-gap-default\">\n\t\t\t\t\t<div class=\"elementor-column elementor-col-100 elementor-top-column elementor-element elementor-element-6b25ed2\" data-id=\"6b25ed2\" data-element_type=\"column\" data-e-type=\"column\">\n\t\t\t<div class=\"elementor-widget-wrap elementor-element-populated\">\n\t\t\t\t\t\t<div class=\"elementor-element elementor-element-7df5772 elementor-widget elementor-widget-text-editor\" data-id=\"7df5772\" data-element_type=\"widget\" data-e-type=\"widget\" data-widget_type=\"text-editor.default\">\n\t\t\t\t<div class=\"elementor-widget-container\">\n\t\t\t\t\t\t\t\t\t<p>Service \u00e0 la client\u00e8le<\/p>\t\t\t\t\t\t\t\t<\/div>\n\t\t\t\t<\/div>\n\t\t\t\t\t<\/div>\n\t\t<\/div>\n\t\t\t\t\t<\/div>\n\t\t<\/section>\n\t\t\t\t<section class=\"elementor-section elementor-top-section elementor-element elementor-element-22b29b9 elementor-section-boxed elementor-section-height-default elementor-section-height-default elementor-invisible\" data-id=\"22b29b9\" data-element_type=\"section\" data-e-type=\"section\" data-settings=\"{&quot;animation&quot;:&quot;fadeInUp&quot;}\">\n\t\t\t\t\t\t<div class=\"elementor-container elementor-column-gap-default\">\n\t\t\t\t\t<div class=\"elementor-column elementor-col-100 elementor-top-column elementor-element elementor-element-74509ed\" data-id=\"74509ed\" data-element_type=\"column\" data-e-type=\"column\">\n\t\t\t<div class=\"elementor-widget-wrap elementor-element-populated\">\n\t\t\t\t\t\t<div class=\"elementor-element elementor-element-6c34fd1 elementor-widget elementor-widget-text-editor\" data-id=\"6c34fd1\" data-element_type=\"widget\" data-e-type=\"widget\" data-widget_type=\"text-editor.default\">\n\t\t\t\t<div class=\"elementor-widget-container\">\n\t\t\t\t\t\t\t\t\t<em>Aujourd&#8217;hui, plus que jamais, votre laboratoire exige un approvisionnement rapide et pr\u00e9cis en tests de diagnostic et en \u00e9quipements de laboratoire.<\/em>\t\t\t\t\t\t\t\t<\/div>\n\t\t\t\t<\/div>\n\t\t\t\t\t<\/div>\n\t\t<\/div>\n\t\t\t\t\t<\/div>\n\t\t<\/section>\n\t\t\t\t<section class=\"elementor-section elementor-top-section elementor-element elementor-element-d675985 elementor-section-boxed elementor-section-height-default elementor-section-height-default\" data-id=\"d675985\" data-element_type=\"section\" data-e-type=\"section\" data-settings=\"{&quot;animation_mobile&quot;:&quot;fadeInUp&quot;}\">\n\t\t\t\t\t\t<div class=\"elementor-container elementor-column-gap-default\">\n\t\t\t\t\t<div class=\"elementor-column elementor-col-100 elementor-top-column elementor-element elementor-element-051a855\" data-id=\"051a855\" data-element_type=\"column\" data-e-type=\"column\">\n\t\t\t<div class=\"elementor-widget-wrap elementor-element-populated\">\n\t\t\t\t\t\t<div class=\"elementor-element elementor-element-36fc13c elementor-widget elementor-widget-text-editor\" data-id=\"36fc13c\" data-element_type=\"widget\" data-e-type=\"widget\" data-widget_type=\"text-editor.default\">\n\t\t\t\t<div class=\"elementor-widget-container\">\n\t\t\t\t\t\t\t\t\t<section class=\"elementor-section elementor-top-section elementor-element elementor-element-22b29b9 elementor-section-boxed elementor-section-height-default elementor-section-height-default animated fadeInUp\" data-id=\"22b29b9\" data-element_type=\"section\" data-settings=\"{&quot;animation&quot;:&quot;fadeInUp&quot;}\">\r\n<div class=\"elementor-container elementor-column-gap-default\">\r\n<div class=\"elementor-row\">\r\n<div class=\"elementor-column elementor-col-100 elementor-top-column elementor-element elementor-element-74509ed\" data-id=\"74509ed\" data-element_type=\"column\">\r\n<div class=\"elementor-column-wrap elementor-element-populated\">\r\n<div class=\"elementor-widget-wrap\">\r\n<div class=\"elementor-element elementor-element-e8d34a3 elementor-absolute elementor-widget elementor-widget-text-editor\" data-id=\"e8d34a3\" data-element_type=\"widget\" data-settings=\"{&quot;_position&quot;:&quot;absolute&quot;}\" data-widget_type=\"text-editor.default\">\r\n<div class=\"elementor-widget-container\">\r\n<div class=\"elementor-text-editor elementor-clearfix\"><em>Nous vous entendons.<\/em><\/div>\r\n<\/div>\r\n<\/div>\r\n<\/div>\r\n<\/div>\r\n<\/div>\r\n<\/div>\r\n<\/div>\r\n<\/section><section class=\"elementor-section elementor-top-section elementor-element elementor-element-a577f95 elementor-section-boxed elementor-section-height-default elementor-section-height-default animated fadeInUp\" data-id=\"a577f95\" data-element_type=\"section\" data-settings=\"{&quot;animation&quot;:&quot;fadeInUp&quot;}\">\r\n<div class=\"elementor-container elementor-column-gap-default\">\r\n<div class=\"elementor-row\">\r\n<div class=\"elementor-column elementor-col-50 elementor-top-column elementor-element elementor-element-adf7af9\" data-id=\"adf7af9\" data-element_type=\"column\">\r\n<div class=\"elementor-column-wrap elementor-element-populated\">\r\n<div class=\"elementor-widget-wrap\">\r\n<div class=\"elementor-element elementor-element-5dd4ca2 elementor-widget elementor-widget-text-editor\" data-id=\"5dd4ca2\" data-element_type=\"widget\" data-widget_type=\"text-editor.default\">\r\n<div class=\"elementor-widget-container\">\r\n<div class=\"elementor-text-editor elementor-clearfix\"><\/div>\r\n<\/div>\r\n<\/div>\r\n<\/div>\r\n<\/div>\r\n<\/div>\r\n<\/div>\r\n<\/div>\r\n<\/section>\t\t\t\t\t\t\t\t<\/div>\n\t\t\t\t<\/div>\n\t\t\t\t\t<\/div>\n\t\t<\/div>\n\t\t\t\t\t<\/div>\n\t\t<\/section>\n\t\t\t\t<section class=\"elementor-section elementor-top-section elementor-element elementor-element-a577f95 elementor-section-boxed elementor-section-height-default elementor-section-height-default elementor-invisible\" data-id=\"a577f95\" data-element_type=\"section\" data-e-type=\"section\" data-settings=\"{&quot;animation&quot;:&quot;fadeInUp&quot;}\">\n\t\t\t\t\t\t<div class=\"elementor-container elementor-column-gap-default\">\n\t\t\t\t\t<div class=\"elementor-column elementor-col-50 elementor-top-column elementor-element elementor-element-adf7af9\" data-id=\"adf7af9\" data-element_type=\"column\" data-e-type=\"column\">\n\t\t\t<div class=\"elementor-widget-wrap elementor-element-populated\">\n\t\t\t\t\t\t<div class=\"elementor-element elementor-element-5dd4ca2 elementor-widget elementor-widget-text-editor\" data-id=\"5dd4ca2\" data-element_type=\"widget\" data-e-type=\"widget\" data-widget_type=\"text-editor.default\">\n\t\t\t\t<div class=\"elementor-widget-container\">\n\t\t\t\t\t\t\t\t\t<p><em>Nous comprenons que vos besoins sont importants.<\/em> <em>Ils sont importants pour nous.<\/em> La philosophie du service \u00e0 la client\u00e8le chez Somagen est centr\u00e9e sur l&#8217;\u00e9tablissement de partenariats \u00e0 long terme avec votre organisation afin que nous soyons conscients et attentifs \u00e0 tous vos besoins. Nous consid\u00e9rons chaque demande, appel t\u00e9l\u00e9phonique et commande comme une opportunit\u00e9 de communiquer avec vous, afin de vous offrir la bonne solution de produit pour votre laboratoire. L&#8217;\u00e9quipe enti\u00e8rement bilingue et comp\u00e9tente de repr\u00e9sentants au service \u00e0 la client\u00e8le de Somagen est pr\u00eate \u00e0 vous aider, veuillez communiquer avec nous au,<\/p><p><em><strong> 1-800-661-9993<\/strong><\/em><\/p><p><em><strong>orders@somagen.com<\/strong><\/em><\/p>\t\t\t\t\t\t\t\t<\/div>\n\t\t\t\t<\/div>\n\t\t\t\t\t<\/div>\n\t\t<\/div>\n\t\t\t\t<div class=\"elementor-column elementor-col-50 elementor-top-column elementor-element elementor-element-ff966c5\" data-id=\"ff966c5\" data-element_type=\"column\" data-e-type=\"column\">\n\t\t\t<div class=\"elementor-widget-wrap elementor-element-populated\">\n\t\t\t\t\t\t<div class=\"elementor-element elementor-element-f32e12a elementor-widget elementor-widget-image\" data-id=\"f32e12a\" data-element_type=\"widget\" data-e-type=\"widget\" data-widget_type=\"image.default\">\n\t\t\t\t<div class=\"elementor-widget-container\">\n\t\t\t\t\t\t\t\t\t\t\t\t\t\t\t<img fetchpriority=\"high\" decoding=\"async\" width=\"2560\" height=\"1706\" src=\"https:\/\/www.somagen.com\/wp-content\/uploads\/2021\/09\/iStock-1200299150-copy-scaled.jpg\" class=\"attachment-full size-full wp-image-21317\" alt=\"\" srcset=\"https:\/\/www.somagen.com\/wp-content\/uploads\/2021\/09\/iStock-1200299150-copy-scaled.jpg 2560w, https:\/\/www.somagen.com\/wp-content\/uploads\/2021\/09\/iStock-1200299150-copy-800x533.jpg 800w, https:\/\/www.somagen.com\/wp-content\/uploads\/2021\/09\/iStock-1200299150-copy-1920x1280.jpg 1920w, https:\/\/www.somagen.com\/wp-content\/uploads\/2021\/09\/iStock-1200299150-copy-768x512.jpg 768w, https:\/\/www.somagen.com\/wp-content\/uploads\/2021\/09\/iStock-1200299150-copy-1536x1024.jpg 1536w, https:\/\/www.somagen.com\/wp-content\/uploads\/2021\/09\/iStock-1200299150-copy-2048x1365.jpg 2048w\" sizes=\"(max-width: 2560px) 100vw, 2560px\" \/>\t\t\t\t\t\t\t\t\t\t\t\t\t\t\t<\/div>\n\t\t\t\t<\/div>\n\t\t\t\t\t<\/div>\n\t\t<\/div>\n\t\t\t\t\t<\/div>\n\t\t<\/section>\n\t\t\t\t<section class=\"elementor-section elementor-top-section elementor-element elementor-element-1299d8e elementor-section-boxed elementor-section-height-default elementor-section-height-default elementor-invisible\" data-id=\"1299d8e\" data-element_type=\"section\" data-e-type=\"section\" data-settings=\"{&quot;animation&quot;:&quot;fadeInUp&quot;}\">\n\t\t\t\t\t\t<div class=\"elementor-container elementor-column-gap-default\">\n\t\t\t\t\t<div class=\"elementor-column elementor-col-33 elementor-top-column elementor-element elementor-element-e930a90\" data-id=\"e930a90\" data-element_type=\"column\" data-e-type=\"column\">\n\t\t\t<div class=\"elementor-widget-wrap elementor-element-populated\">\n\t\t\t\t\t\t<div class=\"elementor-element elementor-element-97dc83f elementor-widget elementor-widget-image\" data-id=\"97dc83f\" data-element_type=\"widget\" data-e-type=\"widget\" data-widget_type=\"image.default\">\n\t\t\t\t<div class=\"elementor-widget-container\">\n\t\t\t\t\t\t\t\t\t\t\t\t\t\t\t<img decoding=\"async\" width=\"2560\" height=\"1707\" src=\"https:\/\/www.somagen.com\/wp-content\/uploads\/2022\/02\/shutterstock_1477639157-scaled.jpg\" class=\"attachment-full size-full wp-image-24119\" alt=\"\" srcset=\"https:\/\/www.somagen.com\/wp-content\/uploads\/2022\/02\/shutterstock_1477639157-scaled.jpg 2560w, https:\/\/www.somagen.com\/wp-content\/uploads\/2022\/02\/shutterstock_1477639157-800x533.jpg 800w, https:\/\/www.somagen.com\/wp-content\/uploads\/2022\/02\/shutterstock_1477639157-1920x1280.jpg 1920w, https:\/\/www.somagen.com\/wp-content\/uploads\/2022\/02\/shutterstock_1477639157-768x512.jpg 768w, https:\/\/www.somagen.com\/wp-content\/uploads\/2022\/02\/shutterstock_1477639157-1536x1024.jpg 1536w, https:\/\/www.somagen.com\/wp-content\/uploads\/2022\/02\/shutterstock_1477639157-2048x1365.jpg 2048w\" sizes=\"(max-width: 2560px) 100vw, 2560px\" \/>\t\t\t\t\t\t\t\t\t\t\t\t\t\t\t<\/div>\n\t\t\t\t<\/div>\n\t\t\t\t\t<\/div>\n\t\t<\/div>\n\t\t\t\t<div class=\"elementor-column elementor-col-33 elementor-top-column elementor-element elementor-element-599edb4\" data-id=\"599edb4\" data-element_type=\"column\" data-e-type=\"column\">\n\t\t\t<div class=\"elementor-widget-wrap elementor-element-populated\">\n\t\t\t\t\t\t<div class=\"elementor-element elementor-element-09df198 elementor-widget elementor-widget-image\" data-id=\"09df198\" data-element_type=\"widget\" data-e-type=\"widget\" data-widget_type=\"image.default\">\n\t\t\t\t<div class=\"elementor-widget-container\">\n\t\t\t\t\t\t\t\t\t\t\t\t\t\t\t<img decoding=\"async\" width=\"800\" height=\"533\" src=\"https:\/\/www.somagen.com\/wp-content\/uploads\/2022\/02\/shutterstock_1786572482-1920x1280.jpg\" class=\"attachment-large size-large wp-image-24121\" alt=\"\" srcset=\"https:\/\/www.somagen.com\/wp-content\/uploads\/2022\/02\/shutterstock_1786572482-1920x1280.jpg 1920w, https:\/\/www.somagen.com\/wp-content\/uploads\/2022\/02\/shutterstock_1786572482-800x534.jpg 800w, https:\/\/www.somagen.com\/wp-content\/uploads\/2022\/02\/shutterstock_1786572482-768x512.jpg 768w, https:\/\/www.somagen.com\/wp-content\/uploads\/2022\/02\/shutterstock_1786572482-1536x1025.jpg 1536w, https:\/\/www.somagen.com\/wp-content\/uploads\/2022\/02\/shutterstock_1786572482-2048x1366.jpg 2048w\" sizes=\"(max-width: 800px) 100vw, 800px\" \/>\t\t\t\t\t\t\t\t\t\t\t\t\t\t\t<\/div>\n\t\t\t\t<\/div>\n\t\t\t\t\t<\/div>\n\t\t<\/div>\n\t\t\t\t<div class=\"elementor-column elementor-col-33 elementor-top-column elementor-element elementor-element-329f1b0\" data-id=\"329f1b0\" data-element_type=\"column\" data-e-type=\"column\">\n\t\t\t<div class=\"elementor-widget-wrap elementor-element-populated\">\n\t\t\t\t\t\t<div class=\"elementor-element elementor-element-808818e elementor-widget elementor-widget-image\" data-id=\"808818e\" data-element_type=\"widget\" data-e-type=\"widget\" data-widget_type=\"image.default\">\n\t\t\t\t<div class=\"elementor-widget-container\">\n\t\t\t\t\t\t\t\t\t\t\t\t\t\t\t<img loading=\"lazy\" decoding=\"async\" width=\"800\" height=\"533\" src=\"https:\/\/www.somagen.com\/wp-content\/uploads\/2022\/02\/iStock-1165476136-1920x1280.jpg\" class=\"attachment-large size-large wp-image-24125\" alt=\"\" srcset=\"https:\/\/www.somagen.com\/wp-content\/uploads\/2022\/02\/iStock-1165476136-1920x1280.jpg 1920w, https:\/\/www.somagen.com\/wp-content\/uploads\/2022\/02\/iStock-1165476136-800x533.jpg 800w, https:\/\/www.somagen.com\/wp-content\/uploads\/2022\/02\/iStock-1165476136-768x512.jpg 768w, https:\/\/www.somagen.com\/wp-content\/uploads\/2022\/02\/iStock-1165476136-1536x1024.jpg 1536w, https:\/\/www.somagen.com\/wp-content\/uploads\/2022\/02\/iStock-1165476136-2048x1365.jpg 2048w\" sizes=\"(max-width: 800px) 100vw, 800px\" \/>\t\t\t\t\t\t\t\t\t\t\t\t\t\t\t<\/div>\n\t\t\t\t<\/div>\n\t\t\t\t\t<\/div>\n\t\t<\/div>\n\t\t\t\t\t<\/div>\n\t\t<\/section>\n\t\t\t\t<\/div>\n\t\t","protected":false},"excerpt":{"rendered":"<p>1-800-661-9993 orders@somagen.com Service \u00e0 la client\u00e8le Aujourd&#8217;hui, plus que jamais, votre laboratoire exige un approvisionnement rapide et pr\u00e9cis en tests de diagnostic et en \u00e9quipements de laboratoire. Nous vous entendons. [&hellip;]<\/p>\n","protected":false},"author":4,"featured_media":0,"parent":0,"menu_order":0,"comment_status":"closed","ping_status":"closed","template":"","meta":{"_relevanssi_hide_post":"","_relevanssi_hide_content":"","_relevanssi_pin_for_all":"","_relevanssi_pin_keywords":"","_relevanssi_unpin_keywords":"","_relevanssi_related_keywords":"","_relevanssi_related_include_ids":"","_relevanssi_related_exclude_ids":"","_relevanssi_related_no_append":"","_relevanssi_related_not_related":"","_relevanssi_related_posts":"","_relevanssi_noindex_reason":"","footnotes":""},"class_list":["post-27109","page","type-page","status-publish","hentry"],"_links":{"self":[{"href":"https:\/\/www.somagen.com\/fr\/wp-json\/wp\/v2\/pages\/27109","targetHints":{"allow":["GET"]}}],"collection":[{"href":"https:\/\/www.somagen.com\/fr\/wp-json\/wp\/v2\/pages"}],"about":[{"href":"https:\/\/www.somagen.com\/fr\/wp-json\/wp\/v2\/types\/page"}],"author":[{"embeddable":true,"href":"https:\/\/www.somagen.com\/fr\/wp-json\/wp\/v2\/users\/4"}],"replies":[{"embeddable":true,"href":"https:\/\/www.somagen.com\/fr\/wp-json\/wp\/v2\/comments?post=27109"}],"version-history":[{"count":41,"href":"https:\/\/www.somagen.com\/fr\/wp-json\/wp\/v2\/pages\/27109\/revisions"}],"predecessor-version":[{"id":42824,"href":"https:\/\/www.somagen.com\/fr\/wp-json\/wp\/v2\/pages\/27109\/revisions\/42824"}],"wp:attachment":[{"href":"https:\/\/www.somagen.com\/fr\/wp-json\/wp\/v2\/media?parent=27109"}],"curies":[{"name":"wp","href":"https:\/\/api.w.org\/{rel}","templated":true}]}}