{"id":27117,"date":"2022-05-19T10:24:19","date_gmt":"2022-05-19T16:24:19","guid":{"rendered":"https:\/\/somagen.com\/logistique\/"},"modified":"2022-08-26T09:17:37","modified_gmt":"2022-08-26T15:17:37","slug":"logistique","status":"publish","type":"page","link":"https:\/\/www.somagen.com\/fr\/logistique\/","title":{"rendered":"Logistique"},"content":{"rendered":"\t\t<div data-elementor-type=\"wp-page\" data-elementor-id=\"27117\" class=\"elementor elementor-27117 elementor-21792\" data-elementor-post-type=\"page\">\n\t\t\t\t\t\t<section class=\"elementor-section elementor-top-section elementor-element elementor-element-e9b13bd elementor-section-height-min-height elementor-section-boxed elementor-section-height-default elementor-section-items-middle\" data-id=\"e9b13bd\" data-element_type=\"section\" data-e-type=\"section\" data-settings=\"{&quot;background_background&quot;:&quot;classic&quot;}\">\n\t\t\t\t\t\t<div class=\"elementor-container elementor-column-gap-default\">\n\t\t\t\t\t<div class=\"elementor-column elementor-col-100 elementor-top-column elementor-element elementor-element-9ff74b7\" data-id=\"9ff74b7\" data-element_type=\"column\" data-e-type=\"column\">\n\t\t\t<div class=\"elementor-widget-wrap\">\n\t\t\t\t\t\t\t<\/div>\n\t\t<\/div>\n\t\t\t\t\t<\/div>\n\t\t<\/section>\n\t\t\t\t<section class=\"elementor-section elementor-top-section elementor-element elementor-element-22b29b9 elementor-section-boxed elementor-section-height-default elementor-section-height-default elementor-invisible\" data-id=\"22b29b9\" data-element_type=\"section\" data-e-type=\"section\" data-settings=\"{&quot;animation&quot;:&quot;fadeInUp&quot;}\">\n\t\t\t\t\t\t<div class=\"elementor-container elementor-column-gap-default\">\n\t\t\t\t\t<div class=\"elementor-column elementor-col-100 elementor-top-column elementor-element elementor-element-74509ed\" data-id=\"74509ed\" data-element_type=\"column\" data-e-type=\"column\">\n\t\t\t<div class=\"elementor-widget-wrap elementor-element-populated\">\n\t\t\t\t\t\t<div class=\"elementor-element elementor-element-6c34fd1 elementor-widget elementor-widget-text-editor\" data-id=\"6c34fd1\" data-element_type=\"widget\" data-e-type=\"widget\" data-widget_type=\"text-editor.default\">\n\t\t\t\t<div class=\"elementor-widget-container\">\n\t\t\t\t\t\t\t\t\t<em><strong>Offrir une valeur de mani\u00e8re responsable &#8211; la cha\u00eene d&#8217;approvisionnement. <\/strong><\/em>\t\t\t\t\t\t\t\t<\/div>\n\t\t\t\t<\/div>\n\t\t\t\t\t<\/div>\n\t\t<\/div>\n\t\t\t\t\t<\/div>\n\t\t<\/section>\n\t\t\t\t<section class=\"elementor-section elementor-top-section elementor-element elementor-element-5ffa1a4 elementor-section-boxed elementor-section-height-default elementor-section-height-default elementor-invisible\" data-id=\"5ffa1a4\" data-element_type=\"section\" data-e-type=\"section\" data-settings=\"{&quot;animation&quot;:&quot;fadeInUp&quot;}\">\n\t\t\t\t\t\t<div class=\"elementor-container elementor-column-gap-default\">\n\t\t\t\t\t<div class=\"elementor-column elementor-col-100 elementor-top-column elementor-element elementor-element-c87b572\" data-id=\"c87b572\" data-element_type=\"column\" data-e-type=\"column\">\n\t\t\t<div class=\"elementor-widget-wrap elementor-element-populated\">\n\t\t\t\t\t\t<div class=\"elementor-element elementor-element-ab58b47 elementor-widget elementor-widget-text-editor\" data-id=\"ab58b47\" data-element_type=\"widget\" data-e-type=\"widget\" data-widget_type=\"text-editor.default\">\n\t\t\t\t<div class=\"elementor-widget-container\">\n\t\t\t\t\t\t\t\t\t<p style=\"text-align: left;\"><em>Chez Somagen Diagnostics, nous nous effor\u00e7ons de construire une cha\u00eene d&#8217;approvisionnement solide, r\u00e9siliente et durable. Nous travaillons en \u00e9troite collaboration avec nos partenaires de la cha\u00eene d&#8217;approvisionnement pour d\u00e9velopper une approche personnalis\u00e9e afin de garantir que nous apportons de la valeur \u00e0 chaque \u00e9tape du processus. <\/em><\/p>\t\t\t\t\t\t\t\t<\/div>\n\t\t\t\t<\/div>\n\t\t\t\t\t<\/div>\n\t\t<\/div>\n\t\t\t\t\t<\/div>\n\t\t<\/section>\n\t\t\t\t<section class=\"elementor-section elementor-top-section elementor-element elementor-element-1b6d85d elementor-section-boxed elementor-section-height-default elementor-section-height-default elementor-invisible\" data-id=\"1b6d85d\" data-element_type=\"section\" data-e-type=\"section\" data-settings=\"{&quot;animation&quot;:&quot;fadeInUp&quot;}\">\n\t\t\t\t\t\t<div class=\"elementor-container elementor-column-gap-default\">\n\t\t\t\t\t<div class=\"elementor-column elementor-col-100 elementor-top-column elementor-element elementor-element-b695b99\" data-id=\"b695b99\" data-element_type=\"column\" data-e-type=\"column\">\n\t\t\t<div class=\"elementor-widget-wrap elementor-element-populated\">\n\t\t\t\t\t\t<div class=\"elementor-element elementor-element-34f7679 elementor-widget elementor-widget-text-editor\" data-id=\"34f7679\" data-element_type=\"widget\" data-e-type=\"widget\" data-widget_type=\"text-editor.default\">\n\t\t\t\t<div class=\"elementor-widget-container\">\n\t\t\t\t\t\t\t\t\t<p><em>\u00ab Somagen conna\u00eet le Canada \u00bb<\/em>\u00a0<\/p><p><em>Notre vaste g\u00e9ographie et un climat impr\u00e9visible apportent leurs d\u00e9fis particuliers. <\/em><\/p><p><em>Avec plus de 30 ans d\u2019exp\u00e9rience pour nous guider, Somagen Diagnostics assure la livraison \u00e0 temps de vos tests de diagnostic et de votre instrumentation. <\/em><\/p><p><em>Notre \u00e9quipe de distribution assure l\u2019exp\u00e9dition s\u00fbre et fiable des produits tout en anticipant les exigences de livraison \u00e0 temps.<\/em><\/p>\t\t\t\t\t\t\t\t<\/div>\n\t\t\t\t<\/div>\n\t\t\t\t\t<\/div>\n\t\t<\/div>\n\t\t\t\t\t<\/div>\n\t\t<\/section>\n\t\t\t\t<section class=\"elementor-section elementor-top-section elementor-element elementor-element-ae67747 elementor-section-boxed elementor-section-height-default elementor-section-height-default elementor-invisible\" data-id=\"ae67747\" data-element_type=\"section\" data-e-type=\"section\" data-settings=\"{&quot;animation&quot;:&quot;fadeInUp&quot;}\">\n\t\t\t\t\t\t<div class=\"elementor-container elementor-column-gap-default\">\n\t\t\t\t\t<div class=\"elementor-column elementor-col-100 elementor-top-column elementor-element elementor-element-7bf4c30\" data-id=\"7bf4c30\" data-element_type=\"column\" data-e-type=\"column\">\n\t\t\t<div class=\"elementor-widget-wrap elementor-element-populated\">\n\t\t\t\t\t\t<div class=\"elementor-element elementor-element-36fb4c6 elementor-widget elementor-widget-image\" data-id=\"36fb4c6\" data-element_type=\"widget\" data-e-type=\"widget\" data-widget_type=\"image.default\">\n\t\t\t\t<div class=\"elementor-widget-container\">\n\t\t\t\t\t\t\t\t\t\t\t\t\t\t\t<img fetchpriority=\"high\" decoding=\"async\" width=\"2560\" height=\"1350\" src=\"https:\/\/www.somagen.com\/wp-content\/uploads\/2022\/08\/shutterstock_1705164619-scaled.jpg\" class=\"attachment-full size-full wp-image-37083\" alt=\"\" srcset=\"https:\/\/www.somagen.com\/wp-content\/uploads\/2022\/08\/shutterstock_1705164619-scaled.jpg 2560w, https:\/\/www.somagen.com\/wp-content\/uploads\/2022\/08\/shutterstock_1705164619-800x422.jpg 800w, https:\/\/www.somagen.com\/wp-content\/uploads\/2022\/08\/shutterstock_1705164619-1920x1013.jpg 1920w, https:\/\/www.somagen.com\/wp-content\/uploads\/2022\/08\/shutterstock_1705164619-768x405.jpg 768w, https:\/\/www.somagen.com\/wp-content\/uploads\/2022\/08\/shutterstock_1705164619-1536x810.jpg 1536w, https:\/\/www.somagen.com\/wp-content\/uploads\/2022\/08\/shutterstock_1705164619-2048x1080.jpg 2048w\" sizes=\"(max-width: 2560px) 100vw, 2560px\" \/>\t\t\t\t\t\t\t\t\t\t\t\t\t\t\t<\/div>\n\t\t\t\t<\/div>\n\t\t\t\t\t<\/div>\n\t\t<\/div>\n\t\t\t\t\t<\/div>\n\t\t<\/section>\n\t\t\t\t<\/div>\n\t\t","protected":false},"excerpt":{"rendered":"<p>Offrir une valeur de mani\u00e8re responsable &#8211; la cha\u00eene d&#8217;approvisionnement. Chez Somagen Diagnostics, nous nous effor\u00e7ons de construire une cha\u00eene d&#8217;approvisionnement solide, r\u00e9siliente et durable. Nous travaillons en \u00e9troite collaboration [&hellip;]<\/p>\n","protected":false},"author":4,"featured_media":0,"parent":0,"menu_order":0,"comment_status":"closed","ping_status":"closed","template":"","meta":{"_relevanssi_hide_post":"","_relevanssi_hide_content":"","_relevanssi_pin_for_all":"","_relevanssi_pin_keywords":"","_relevanssi_unpin_keywords":"","_relevanssi_related_keywords":"","_relevanssi_related_include_ids":"","_relevanssi_related_exclude_ids":"","_relevanssi_related_no_append":"","_relevanssi_related_not_related":"","_relevanssi_related_posts":"","_relevanssi_noindex_reason":"","footnotes":""},"class_list":["post-27117","page","type-page","status-publish","hentry"],"_links":{"self":[{"href":"https:\/\/www.somagen.com\/fr\/wp-json\/wp\/v2\/pages\/27117","targetHints":{"allow":["GET"]}}],"collection":[{"href":"https:\/\/www.somagen.com\/fr\/wp-json\/wp\/v2\/pages"}],"about":[{"href":"https:\/\/www.somagen.com\/fr\/wp-json\/wp\/v2\/types\/page"}],"author":[{"embeddable":true,"href":"https:\/\/www.somagen.com\/fr\/wp-json\/wp\/v2\/users\/4"}],"replies":[{"embeddable":true,"href":"https:\/\/www.somagen.com\/fr\/wp-json\/wp\/v2\/comments?post=27117"}],"version-history":[{"count":19,"href":"https:\/\/www.somagen.com\/fr\/wp-json\/wp\/v2\/pages\/27117\/revisions"}],"predecessor-version":[{"id":39700,"href":"https:\/\/www.somagen.com\/fr\/wp-json\/wp\/v2\/pages\/27117\/revisions\/39700"}],"wp:attachment":[{"href":"https:\/\/www.somagen.com\/fr\/wp-json\/wp\/v2\/media?parent=27117"}],"curies":[{"name":"wp","href":"https:\/\/api.w.org\/{rel}","templated":true}]}}