{"id":27157,"date":"2022-05-19T11:01:05","date_gmt":"2022-05-19T17:01:05","guid":{"rendered":"https:\/\/somagen.com\/service-en-instrumentation-et-specialistes-en-application\/"},"modified":"2022-11-08T10:32:51","modified_gmt":"2022-11-08T17:32:51","slug":"service-en-instrumentation-et-specialistes-en-application","status":"publish","type":"page","link":"https:\/\/www.somagen.com\/fr\/service-en-instrumentation-et-specialistes-en-application\/","title":{"rendered":"SERVICE EN INSTRUMENTATION ET SP\u00c9CIALISTES EN APPLICATION"},"content":{"rendered":"\t\t<div data-elementor-type=\"wp-page\" data-elementor-id=\"27157\" class=\"elementor elementor-27157 elementor-21855\" data-elementor-post-type=\"page\">\n\t\t\t\t\t\t<section class=\"elementor-section elementor-top-section elementor-element elementor-element-5969abd elementor-section-height-min-height elementor-section-boxed elementor-section-height-default elementor-section-items-middle elementor-invisible\" data-id=\"5969abd\" data-element_type=\"section\" data-e-type=\"section\" data-settings=\"{&quot;background_background&quot;:&quot;classic&quot;,&quot;animation&quot;:&quot;fadeInUp&quot;}\">\n\t\t\t\t\t\t<div class=\"elementor-container elementor-column-gap-default\">\n\t\t\t\t\t<div class=\"elementor-column elementor-col-100 elementor-top-column elementor-element elementor-element-49fc664\" data-id=\"49fc664\" data-element_type=\"column\" data-e-type=\"column\">\n\t\t\t<div class=\"elementor-widget-wrap\">\n\t\t\t\t\t\t\t<\/div>\n\t\t<\/div>\n\t\t\t\t\t<\/div>\n\t\t<\/section>\n\t\t\t\t<section class=\"elementor-section elementor-top-section elementor-element elementor-element-05e65bf elementor-section-boxed elementor-section-height-default elementor-section-height-default elementor-invisible\" data-id=\"05e65bf\" data-element_type=\"section\" data-e-type=\"section\" data-settings=\"{&quot;animation&quot;:&quot;fadeInUp&quot;}\">\n\t\t\t\t\t\t<div class=\"elementor-container elementor-column-gap-default\">\n\t\t\t\t\t<div class=\"elementor-column elementor-col-100 elementor-top-column elementor-element elementor-element-cd6e757\" data-id=\"cd6e757\" data-element_type=\"column\" data-e-type=\"column\">\n\t\t\t<div class=\"elementor-widget-wrap elementor-element-populated\">\n\t\t\t\t\t\t<div class=\"elementor-element elementor-element-e90b7e4 elementor-widget elementor-widget-text-editor\" data-id=\"e90b7e4\" data-element_type=\"widget\" data-e-type=\"widget\" data-widget_type=\"text-editor.default\">\n\t\t\t\t<div class=\"elementor-widget-container\">\n\t\t\t\t\t\t\t\t\t<p><em>Service en instrumentation et Sp\u00e9cialistes en application<\/em><\/p>\t\t\t\t\t\t\t\t<\/div>\n\t\t\t\t<\/div>\n\t\t\t\t\t<\/div>\n\t\t<\/div>\n\t\t\t\t\t<\/div>\n\t\t<\/section>\n\t\t\t\t<section class=\"elementor-section elementor-top-section elementor-element elementor-element-5ffa1a4 elementor-section-boxed elementor-section-height-default elementor-section-height-default elementor-invisible\" data-id=\"5ffa1a4\" data-element_type=\"section\" data-e-type=\"section\" data-settings=\"{&quot;animation&quot;:&quot;fadeInUp&quot;}\">\n\t\t\t\t\t\t<div class=\"elementor-container elementor-column-gap-default\">\n\t\t\t\t\t<div class=\"elementor-column elementor-col-100 elementor-top-column elementor-element elementor-element-c87b572\" data-id=\"c87b572\" data-element_type=\"column\" data-e-type=\"column\">\n\t\t\t<div class=\"elementor-widget-wrap elementor-element-populated\">\n\t\t\t\t\t\t<div class=\"elementor-element elementor-element-ab58b47 elementor-widget elementor-widget-text-editor\" data-id=\"ab58b47\" data-element_type=\"widget\" data-e-type=\"widget\" data-widget_type=\"text-editor.default\">\n\t\t\t\t<div class=\"elementor-widget-container\">\n\t\t\t\t\t\t\t\t\t<p><em>Notre \u00e9quipe multidisciplinaire combine les forces de notre Service en instrumentation et de Sp\u00e9cialistes en application pour former un r\u00e9seau d\u00e9di\u00e9 \u00e0 la r\u00e9alisation de notre promesse de service exceptionnel et d&#8217;une exp\u00e9rience client remarquable.<\/em><\/p>\t\t\t\t\t\t\t\t<\/div>\n\t\t\t\t<\/div>\n\t\t\t\t\t<\/div>\n\t\t<\/div>\n\t\t\t\t\t<\/div>\n\t\t<\/section>\n\t\t\t\t<section class=\"elementor-section elementor-top-section elementor-element elementor-element-a577f95 elementor-section-boxed elementor-section-height-default elementor-section-height-default elementor-invisible\" data-id=\"a577f95\" data-element_type=\"section\" data-e-type=\"section\" data-settings=\"{&quot;animation&quot;:&quot;fadeInUp&quot;}\">\n\t\t\t\t\t\t<div class=\"elementor-container elementor-column-gap-default\">\n\t\t\t\t\t<div class=\"elementor-column elementor-col-50 elementor-top-column elementor-element elementor-element-adf7af9\" data-id=\"adf7af9\" data-element_type=\"column\" data-e-type=\"column\">\n\t\t\t<div class=\"elementor-widget-wrap elementor-element-populated\">\n\t\t\t\t\t\t<div class=\"elementor-element elementor-element-bcdbc7c elementor-widget elementor-widget-text-editor\" data-id=\"bcdbc7c\" data-element_type=\"widget\" data-e-type=\"widget\" data-widget_type=\"text-editor.default\">\n\t\t\t\t<div class=\"elementor-widget-container\">\n\t\t\t\t\t\t\t\t\t<p><em>Relever le d\u00e9fi<\/em><\/p>\t\t\t\t\t\t\t\t<\/div>\n\t\t\t\t<\/div>\n\t\t\t\t<div class=\"elementor-element elementor-element-5dd4ca2 elementor-widget elementor-widget-text-editor\" data-id=\"5dd4ca2\" data-element_type=\"widget\" data-e-type=\"widget\" data-widget_type=\"text-editor.default\">\n\t\t\t\t<div class=\"elementor-widget-container\">\n\t\t\t\t\t\t\t\t\t<p><em>L&#8217;\u00e9quipe de Service et d&#8217;Applications de Somagen s&#8217;efforce de cr\u00e9er des solutions nouvelles et innovantes pour am\u00e9liorer l&#8217;exp\u00e9rience de nos clients. Notre \u00e9quipe de Service en instrumentation et notre \u00e9quipe de Sp\u00e9cialistes en application apportent des comp\u00e9tences de d\u00e9pannage avanc\u00e9es et une expertise technique pour trouver une solution \u00e0 chaque situation. En plus de la maintenance pr\u00e9ventive de routine, notre \u00e9quipe fournit un service d&#8217;urgence, un d\u00e9pannage avanc\u00e9, une optimisation des tests, une formation des op\u00e9rateurs et un support informatique\/SIL. Les membres de notre \u00e9quipe de confiance s&#8217;efforcent d&#8217;offrir une valeur exceptionnelle \u00e0 votre laboratoire.<\/em><\/p>\t\t\t\t\t\t\t\t<\/div>\n\t\t\t\t<\/div>\n\t\t\t\t\t<\/div>\n\t\t<\/div>\n\t\t\t\t<div class=\"elementor-column elementor-col-50 elementor-top-column elementor-element elementor-element-ff966c5\" data-id=\"ff966c5\" data-element_type=\"column\" data-e-type=\"column\">\n\t\t\t<div class=\"elementor-widget-wrap elementor-element-populated\">\n\t\t\t\t\t\t<div class=\"elementor-element elementor-element-f32e12a elementor-widget elementor-widget-image\" data-id=\"f32e12a\" data-element_type=\"widget\" data-e-type=\"widget\" data-widget_type=\"image.default\">\n\t\t\t\t<div class=\"elementor-widget-container\">\n\t\t\t\t\t\t\t\t\t\t\t\t\t\t\t<img fetchpriority=\"high\" decoding=\"async\" width=\"2560\" height=\"1707\" src=\"https:\/\/www.somagen.com\/wp-content\/uploads\/2022\/03\/iStock-487041737-scaled.jpg\" class=\"attachment-full size-full wp-image-24519\" alt=\"\" srcset=\"https:\/\/www.somagen.com\/wp-content\/uploads\/2022\/03\/iStock-487041737-scaled.jpg 2560w, https:\/\/www.somagen.com\/wp-content\/uploads\/2022\/03\/iStock-487041737-800x533.jpg 800w, https:\/\/www.somagen.com\/wp-content\/uploads\/2022\/03\/iStock-487041737-1920x1280.jpg 1920w, https:\/\/www.somagen.com\/wp-content\/uploads\/2022\/03\/iStock-487041737-768x512.jpg 768w, https:\/\/www.somagen.com\/wp-content\/uploads\/2022\/03\/iStock-487041737-1536x1024.jpg 1536w, https:\/\/www.somagen.com\/wp-content\/uploads\/2022\/03\/iStock-487041737-2048x1365.jpg 2048w\" sizes=\"(max-width: 2560px) 100vw, 2560px\" \/>\t\t\t\t\t\t\t\t\t\t\t\t\t\t\t<\/div>\n\t\t\t\t<\/div>\n\t\t\t\t\t<\/div>\n\t\t<\/div>\n\t\t\t\t\t<\/div>\n\t\t<\/section>\n\t\t\t\t<section class=\"elementor-section elementor-top-section elementor-element elementor-element-2f36d4f elementor-section-boxed elementor-section-height-default elementor-section-height-default elementor-invisible\" data-id=\"2f36d4f\" data-element_type=\"section\" data-e-type=\"section\" id=\"service\" data-settings=\"{&quot;animation&quot;:&quot;fadeInUp&quot;}\">\n\t\t\t\t\t\t<div class=\"elementor-container elementor-column-gap-default\">\n\t\t\t\t\t<div class=\"elementor-column elementor-col-50 elementor-top-column elementor-element elementor-element-129bd53\" data-id=\"129bd53\" data-element_type=\"column\" data-e-type=\"column\">\n\t\t\t<div class=\"elementor-widget-wrap elementor-element-populated\">\n\t\t\t\t\t\t<div class=\"elementor-element elementor-element-9384a55 elementor-widget elementor-widget-text-editor\" data-id=\"9384a55\" data-element_type=\"widget\" data-e-type=\"widget\" data-widget_type=\"text-editor.default\">\n\t\t\t\t<div class=\"elementor-widget-container\">\n\t\t\t\t\t\t\t\t\t<p><em>Service et assistance Somagen<\/em><\/p>\t\t\t\t\t\t\t\t<\/div>\n\t\t\t\t<\/div>\n\t\t\t\t<div class=\"elementor-element elementor-element-c2d8ba8 elementor-widget elementor-widget-text-editor\" data-id=\"c2d8ba8\" data-element_type=\"widget\" data-e-type=\"widget\" data-widget_type=\"text-editor.default\">\n\t\t\t\t<div class=\"elementor-widget-container\">\n\t\t\t\t\t\t\t\t\t<p><em>Somagen Diagnostics comprend que le temps d&#8217;arr\u00eat d\u2019un instrument est s\u00e9rieux. Notre \u00e9quipe de Service en instrumentation et Sp\u00e9cialistes en application restent centr\u00e9s et concentr\u00e9s sur leur mandat principal &#8211; r\u00e9pondre rapidement, en r\u00e9unissant toutes les ressources n\u00e9cessaires pour fournir une solution compl\u00e8te.<\/em><\/p>\t\t\t\t\t\t\t\t<\/div>\n\t\t\t\t<\/div>\n\t\t\t\t\t<\/div>\n\t\t<\/div>\n\t\t\t\t<div class=\"elementor-column elementor-col-50 elementor-top-column elementor-element elementor-element-f285414\" data-id=\"f285414\" data-element_type=\"column\" data-e-type=\"column\">\n\t\t\t<div class=\"elementor-widget-wrap elementor-element-populated\">\n\t\t\t\t\t\t<div class=\"elementor-element elementor-element-a31c432 elementor-widget elementor-widget-image\" data-id=\"a31c432\" data-element_type=\"widget\" data-e-type=\"widget\" data-widget_type=\"image.default\">\n\t\t\t\t<div class=\"elementor-widget-container\">\n\t\t\t\t\t\t\t\t\t\t\t\t\t\t\t<img decoding=\"async\" width=\"800\" height=\"533\" src=\"https:\/\/www.somagen.com\/wp-content\/uploads\/2022\/03\/iStock-945023334-1920x1280.jpg\" class=\"attachment-large size-large wp-image-24434\" alt=\"\" srcset=\"https:\/\/www.somagen.com\/wp-content\/uploads\/2022\/03\/iStock-945023334-1920x1280.jpg 1920w, https:\/\/www.somagen.com\/wp-content\/uploads\/2022\/03\/iStock-945023334-800x533.jpg 800w, https:\/\/www.somagen.com\/wp-content\/uploads\/2022\/03\/iStock-945023334-768x512.jpg 768w, https:\/\/www.somagen.com\/wp-content\/uploads\/2022\/03\/iStock-945023334-1536x1024.jpg 1536w, https:\/\/www.somagen.com\/wp-content\/uploads\/2022\/03\/iStock-945023334-2048x1365.jpg 2048w\" sizes=\"(max-width: 800px) 100vw, 800px\" \/>\t\t\t\t\t\t\t\t\t\t\t\t\t\t\t<\/div>\n\t\t\t\t<\/div>\n\t\t\t\t\t<\/div>\n\t\t<\/div>\n\t\t\t\t\t<\/div>\n\t\t<\/section>\n\t\t\t\t<section class=\"elementor-section elementor-top-section elementor-element elementor-element-d8bb53f elementor-section-boxed elementor-section-height-default elementor-section-height-default elementor-invisible\" data-id=\"d8bb53f\" data-element_type=\"section\" data-e-type=\"section\" data-settings=\"{&quot;animation&quot;:&quot;fadeInUp&quot;}\">\n\t\t\t\t\t\t<div class=\"elementor-container elementor-column-gap-default\">\n\t\t\t\t\t<div class=\"elementor-column elementor-col-50 elementor-top-column elementor-element elementor-element-778233e\" data-id=\"778233e\" data-element_type=\"column\" data-e-type=\"column\">\n\t\t\t<div class=\"elementor-widget-wrap elementor-element-populated\">\n\t\t\t\t\t\t<div class=\"elementor-element elementor-element-f4ab8ab elementor-widget elementor-widget-text-editor\" data-id=\"f4ab8ab\" data-element_type=\"widget\" data-e-type=\"widget\" data-widget_type=\"text-editor.default\">\n\t\t\t\t<div class=\"elementor-widget-container\">\n\t\t\t\t\t\t\t\t\t<p><em>D\u00e9couvrez comment l\u2019\u00e9quipe de Service et d&#8217;Applications de Somagen peut vous assister<\/em><\/p>\t\t\t\t\t\t\t\t<\/div>\n\t\t\t\t<\/div>\n\t\t\t\t<div class=\"elementor-element elementor-element-bfbd081 elementor-widget elementor-widget-text-editor\" data-id=\"bfbd081\" data-element_type=\"widget\" data-e-type=\"widget\" data-widget_type=\"text-editor.default\">\n\t\t\t\t<div class=\"elementor-widget-container\">\n\t\t\t\t\t\t\t\t\t<p><strong>Heures d&#8217;ouverture du centre de service de diagnostic Somagen\u2122\u00a0:<\/strong><\/p>\t\t\t\t\t\t\t\t<\/div>\n\t\t\t\t<\/div>\n\t\t\t\t<div class=\"elementor-element elementor-element-140f309 elementor-widget elementor-widget-text-editor\" data-id=\"140f309\" data-element_type=\"widget\" data-e-type=\"widget\" data-widget_type=\"text-editor.default\">\n\t\t\t\t<div class=\"elementor-widget-container\">\n\t\t\t\t\t\t\t\t\t<p><em>Du lundi au vendredi de 7h00 \u00e0 17h00 (HNR)<\/em><\/p>\t\t\t\t\t\t\t\t<\/div>\n\t\t\t\t<\/div>\n\t\t\t\t<div class=\"elementor-element elementor-element-ad04748 elementor-widget elementor-widget-text-editor\" data-id=\"ad04748\" data-element_type=\"widget\" data-e-type=\"widget\" data-widget_type=\"text-editor.default\">\n\t\t\t\t<div class=\"elementor-widget-container\">\n\t\t\t\t\t\t\t\t\t<p><strong>Service et Sp\u00e9cialistes en application sur le terrain:<\/strong><\/p>\t\t\t\t\t\t\t\t<\/div>\n\t\t\t\t<\/div>\n\t\t\t\t<div class=\"elementor-element elementor-element-53aa468 elementor-widget elementor-widget-text-editor\" data-id=\"53aa468\" data-element_type=\"widget\" data-e-type=\"widget\" data-widget_type=\"text-editor.default\">\n\t\t\t\t<div class=\"elementor-widget-container\">\n\t\t\t\t\t\t\t\t\t<p><em>Du lundi au vendredi de 8h00 \u00e0 17h00, heure locale<\/em><\/p>\t\t\t\t\t\t\t\t<\/div>\n\t\t\t\t<\/div>\n\t\t\t\t<div class=\"elementor-element elementor-element-790a5aa elementor-widget elementor-widget-text-editor\" data-id=\"790a5aa\" data-element_type=\"widget\" data-e-type=\"widget\" data-widget_type=\"text-editor.default\">\n\t\t\t\t<div class=\"elementor-widget-container\">\n\t\t\t\t\t\t\t\t\t<p><strong>Soutien t\u00e9l\u00e9phonique bilingue en fran\u00e7ais et en anglais<\/strong><\/p>\t\t\t\t\t\t\t\t<\/div>\n\t\t\t\t<\/div>\n\t\t\t\t<div class=\"elementor-element elementor-element-466f752 elementor-widget elementor-widget-text-editor\" data-id=\"466f752\" data-element_type=\"widget\" data-e-type=\"widget\" data-widget_type=\"text-editor.default\">\n\t\t\t\t<div class=\"elementor-widget-container\">\n\t\t\t\t\t\t\t\t\t<p>1-866-SOMATEK (766-2835) somatek@somagen.com<\/p>\t\t\t\t\t\t\t\t<\/div>\n\t\t\t\t<\/div>\n\t\t\t\t\t<\/div>\n\t\t<\/div>\n\t\t\t\t<div class=\"elementor-column elementor-col-50 elementor-top-column elementor-element elementor-element-ef77dd1\" data-id=\"ef77dd1\" data-element_type=\"column\" data-e-type=\"column\">\n\t\t\t<div class=\"elementor-widget-wrap elementor-element-populated\">\n\t\t\t\t\t\t<div class=\"elementor-element elementor-element-46ccfc7 elementor-widget elementor-widget-image\" data-id=\"46ccfc7\" data-element_type=\"widget\" data-e-type=\"widget\" data-widget_type=\"image.default\">\n\t\t\t\t<div class=\"elementor-widget-container\">\n\t\t\t\t\t\t\t\t\t\t\t\t\t\t\t<img decoding=\"async\" width=\"800\" height=\"450\" src=\"https:\/\/www.somagen.com\/wp-content\/uploads\/2022\/05\/shutterstock_1606121158-1920x1080.jpg\" class=\"attachment-large size-large wp-image-26224\" alt=\"\" srcset=\"https:\/\/www.somagen.com\/wp-content\/uploads\/2022\/05\/shutterstock_1606121158-1920x1080.jpg 1920w, https:\/\/www.somagen.com\/wp-content\/uploads\/2022\/05\/shutterstock_1606121158-800x450.jpg 800w, https:\/\/www.somagen.com\/wp-content\/uploads\/2022\/05\/shutterstock_1606121158-768x432.jpg 768w, https:\/\/www.somagen.com\/wp-content\/uploads\/2022\/05\/shutterstock_1606121158-1536x864.jpg 1536w, https:\/\/www.somagen.com\/wp-content\/uploads\/2022\/05\/shutterstock_1606121158-2048x1152.jpg 2048w\" sizes=\"(max-width: 800px) 100vw, 800px\" \/>\t\t\t\t\t\t\t\t\t\t\t\t\t\t\t<\/div>\n\t\t\t\t<\/div>\n\t\t\t\t\t<\/div>\n\t\t<\/div>\n\t\t\t\t\t<\/div>\n\t\t<\/section>\n\t\t\t\t<\/div>\n\t\t","protected":false},"excerpt":{"rendered":"<p>Service en instrumentation et Sp\u00e9cialistes en application Notre \u00e9quipe multidisciplinaire combine les forces de notre Service en instrumentation et de Sp\u00e9cialistes en application pour former un r\u00e9seau d\u00e9di\u00e9 \u00e0 la [&hellip;]<\/p>\n","protected":false},"author":4,"featured_media":0,"parent":0,"menu_order":0,"comment_status":"closed","ping_status":"closed","template":"","meta":{"_relevanssi_hide_post":"","_relevanssi_hide_content":"","_relevanssi_pin_for_all":"","_relevanssi_pin_keywords":"","_relevanssi_unpin_keywords":"","_relevanssi_related_keywords":"","_relevanssi_related_include_ids":"","_relevanssi_related_exclude_ids":"","_relevanssi_related_no_append":"","_relevanssi_related_not_related":"","_relevanssi_related_posts":"","_relevanssi_noindex_reason":"","footnotes":""},"class_list":["post-27157","page","type-page","status-publish","hentry"],"_links":{"self":[{"href":"https:\/\/www.somagen.com\/fr\/wp-json\/wp\/v2\/pages\/27157","targetHints":{"allow":["GET"]}}],"collection":[{"href":"https:\/\/www.somagen.com\/fr\/wp-json\/wp\/v2\/pages"}],"about":[{"href":"https:\/\/www.somagen.com\/fr\/wp-json\/wp\/v2\/types\/page"}],"author":[{"embeddable":true,"href":"https:\/\/www.somagen.com\/fr\/wp-json\/wp\/v2\/users\/4"}],"replies":[{"embeddable":true,"href":"https:\/\/www.somagen.com\/fr\/wp-json\/wp\/v2\/comments?post=27157"}],"version-history":[{"count":29,"href":"https:\/\/www.somagen.com\/fr\/wp-json\/wp\/v2\/pages\/27157\/revisions"}],"predecessor-version":[{"id":40871,"href":"https:\/\/www.somagen.com\/fr\/wp-json\/wp\/v2\/pages\/27157\/revisions\/40871"}],"wp:attachment":[{"href":"https:\/\/www.somagen.com\/fr\/wp-json\/wp\/v2\/media?parent=27157"}],"curies":[{"name":"wp","href":"https:\/\/api.w.org\/{rel}","templated":true}]}}