{"id":27169,"date":"2022-05-19T11:20:27","date_gmt":"2022-05-19T17:20:27","guid":{"rendered":"https:\/\/somagen.com\/a-propos-de-nous\/"},"modified":"2022-11-08T09:09:56","modified_gmt":"2022-11-08T16:09:56","slug":"a-propos-de-nous","status":"publish","type":"page","link":"https:\/\/www.somagen.com\/fr\/a-propos-de-nous\/","title":{"rendered":"\u00c0 PROPOS DE NOUS"},"content":{"rendered":"\t\t<div data-elementor-type=\"wp-page\" data-elementor-id=\"27169\" class=\"elementor elementor-27169 elementor-17438\" data-elementor-post-type=\"page\">\n\t\t\t\t\t\t<section class=\"elementor-section elementor-top-section elementor-element elementor-element-4c3c27d elementor-section-height-min-height elementor-section-boxed elementor-section-height-default elementor-section-items-middle\" data-id=\"4c3c27d\" data-element_type=\"section\" data-e-type=\"section\" data-settings=\"{&quot;background_background&quot;:&quot;classic&quot;}\">\n\t\t\t\t\t\t<div class=\"elementor-container elementor-column-gap-default\">\n\t\t\t\t\t<div class=\"elementor-column elementor-col-100 elementor-top-column elementor-element elementor-element-e120bbb\" data-id=\"e120bbb\" data-element_type=\"column\" data-e-type=\"column\">\n\t\t\t<div class=\"elementor-widget-wrap\">\n\t\t\t\t\t\t\t<\/div>\n\t\t<\/div>\n\t\t\t\t\t<\/div>\n\t\t<\/section>\n\t\t\t\t<section class=\"elementor-section elementor-top-section elementor-element elementor-element-6198c07 elementor-section-boxed elementor-section-height-default elementor-section-height-default\" data-id=\"6198c07\" data-element_type=\"section\" data-e-type=\"section\">\n\t\t\t\t\t\t<div class=\"elementor-container elementor-column-gap-default\">\n\t\t\t\t\t<div class=\"elementor-column elementor-col-100 elementor-top-column elementor-element elementor-element-00bf6b2\" data-id=\"00bf6b2\" data-element_type=\"column\" data-e-type=\"column\">\n\t\t\t<div class=\"elementor-widget-wrap elementor-element-populated\">\n\t\t\t\t\t\t<div class=\"elementor-element elementor-element-c40fd8e elementor-widget elementor-widget-text-editor\" data-id=\"c40fd8e\" data-element_type=\"widget\" data-e-type=\"widget\" data-widget_type=\"text-editor.default\">\n\t\t\t\t<div class=\"elementor-widget-container\">\n\t\t\t\t\t\t\t\t\t<p><em>Vers un meilleur parcours pour vos soins de sant\u00e9<\/em><\/p>\t\t\t\t\t\t\t\t<\/div>\n\t\t\t\t<\/div>\n\t\t\t\t\t<\/div>\n\t\t<\/div>\n\t\t\t\t\t<\/div>\n\t\t<\/section>\n\t\t\t\t<section class=\"elementor-section elementor-top-section elementor-element elementor-element-a8b04b9 elementor-section-boxed elementor-section-height-default elementor-section-height-default elementor-invisible\" data-id=\"a8b04b9\" data-element_type=\"section\" data-e-type=\"section\" data-settings=\"{&quot;animation&quot;:&quot;fadeInUp&quot;}\">\n\t\t\t\t\t\t<div class=\"elementor-container elementor-column-gap-default\">\n\t\t\t\t\t<div class=\"elementor-column elementor-col-100 elementor-top-column elementor-element elementor-element-f1a305f\" data-id=\"f1a305f\" data-element_type=\"column\" data-e-type=\"column\">\n\t\t\t<div class=\"elementor-widget-wrap elementor-element-populated\">\n\t\t\t\t\t\t<div class=\"elementor-element elementor-element-230874a elementor-widget elementor-widget-text-editor\" data-id=\"230874a\" data-element_type=\"widget\" data-e-type=\"widget\" data-widget_type=\"text-editor.default\">\n\t\t\t\t<div class=\"elementor-widget-container\">\n\t\t\t\t\t\t\t\t\t<p><em>Somagen fut fond\u00e9e en 1988 \u00e0 Edmonton, Alberta, demeurant fid\u00e8le \u00e0 notre longue histoire d\u2019engagement \u00e0 fournir aux Canadiens des solutions de diagnostic clinique ax\u00e9es sur le patient. Plus de 30 ans plus tard, Somagen continue d&#8217;am\u00e9liorer la qualit\u00e9 des soins aux patients, d&#8217;aider les professionnels de la sant\u00e9 en fournissant une technologie moderne pour le diagnostic pr\u00e9coce, le suivi des maladies et le traitement. Aujourd&#8217;hui, Somagen se sp\u00e9cialise dans les dispositifs m\u00e9dicaux diagnostiques in vitro les plus complets de l&#8217;industrie, notamment la pathologie cellulaire, la surveillance du cancer, la technologie de procr\u00e9ation assist\u00e9e, la chimie, les maladies infectieuses, l&#8217;h\u00e9matologie et l&#8217;immunologie. Repr\u00e9sentant des fournisseurs de produits de diagnostic innovants du monde entier, Somagen Diagnostics est un chef de file dans la distribution de dispositifs m\u00e9dicaux au Canada.<\/em><\/p>\t\t\t\t\t\t\t\t<\/div>\n\t\t\t\t<\/div>\n\t\t\t\t\t<\/div>\n\t\t<\/div>\n\t\t\t\t\t<\/div>\n\t\t<\/section>\n\t\t\t\t<section class=\"elementor-section elementor-top-section elementor-element elementor-element-225521e elementor-section-boxed elementor-section-height-default elementor-section-height-default elementor-invisible\" data-id=\"225521e\" data-element_type=\"section\" data-e-type=\"section\" data-settings=\"{&quot;animation&quot;:&quot;fadeInUp&quot;}\">\n\t\t\t\t\t\t<div class=\"elementor-container elementor-column-gap-default\">\n\t\t\t\t\t<div class=\"elementor-column elementor-col-100 elementor-top-column elementor-element elementor-element-80a9621\" data-id=\"80a9621\" data-element_type=\"column\" data-e-type=\"column\">\n\t\t\t<div class=\"elementor-widget-wrap elementor-element-populated\">\n\t\t\t\t\t\t<div class=\"elementor-element elementor-element-6a5fc39 elementor-widget elementor-widget-text-editor\" data-id=\"6a5fc39\" data-element_type=\"widget\" data-e-type=\"widget\" data-widget_type=\"text-editor.default\">\n\t\t\t\t<div class=\"elementor-widget-container\">\n\t\t\t\t\t\t\t\t\t<p><em>Engag\u00e9 \u00e0 offrir la technologie de soins de sant\u00e9 de demain aux Canadiens, d\u00e8s aujourd&#8217;hui. <\/em><\/p>\t\t\t\t\t\t\t\t<\/div>\n\t\t\t\t<\/div>\n\t\t\t\t\t<\/div>\n\t\t<\/div>\n\t\t\t\t\t<\/div>\n\t\t<\/section>\n\t\t\t\t<section class=\"elementor-section elementor-top-section elementor-element elementor-element-907ec03 elementor-section-boxed elementor-section-height-default elementor-section-height-default elementor-invisible\" data-id=\"907ec03\" data-element_type=\"section\" data-e-type=\"section\" data-settings=\"{&quot;animation&quot;:&quot;fadeInUp&quot;}\">\n\t\t\t\t\t\t<div class=\"elementor-container elementor-column-gap-default\">\n\t\t\t\t\t<div class=\"elementor-column elementor-col-100 elementor-top-column elementor-element elementor-element-499713b\" data-id=\"499713b\" data-element_type=\"column\" data-e-type=\"column\">\n\t\t\t<div class=\"elementor-widget-wrap elementor-element-populated\">\n\t\t\t\t\t\t<div class=\"elementor-element elementor-element-a2a198f elementor-widget elementor-widget-text-editor\" data-id=\"a2a198f\" data-element_type=\"widget\" data-e-type=\"widget\" data-widget_type=\"text-editor.default\">\n\t\t\t\t<div class=\"elementor-widget-container\">\n\t\t\t\t\t\t\t\t\t<p><em>Nous demeurons d\u00e9termin\u00e9s \u00e0 trouver des technologies de diagnostic novatrices et de pointe qui contribueront au bien-\u00eatre des Canadiens. Cela nous inspire \u00e0 rester engag\u00e9s envers nos valeurs d&#8217;entreprise &#8211; Int\u00e9grit\u00e9, Collaboration, Qualit\u00e9, Expertise et Vision. Explorez ci-dessous pour en savoir davantage sur Somagen Diagnostics.<\/em><\/p>\t\t\t\t\t\t\t\t<\/div>\n\t\t\t\t<\/div>\n\t\t\t\t\t<\/div>\n\t\t<\/div>\n\t\t\t\t\t<\/div>\n\t\t<\/section>\n\t\t\t\t<section class=\"elementor-section elementor-top-section elementor-element elementor-element-f3870dd elementor-section-boxed elementor-section-height-default elementor-section-height-default\" data-id=\"f3870dd\" data-element_type=\"section\" data-e-type=\"section\">\n\t\t\t\t\t\t<div class=\"elementor-container elementor-column-gap-default\">\n\t\t\t\t\t<div class=\"elementor-column elementor-col-20 elementor-top-column elementor-element elementor-element-edc6eea\" data-id=\"edc6eea\" data-element_type=\"column\" data-e-type=\"column\">\n\t\t\t<div class=\"elementor-widget-wrap elementor-element-populated\">\n\t\t\t\t\t\t<div class=\"elementor-element elementor-element-66f330f elementor-widget elementor-widget-image\" data-id=\"66f330f\" data-element_type=\"widget\" data-e-type=\"widget\" data-widget_type=\"image.default\">\n\t\t\t\t<div class=\"elementor-widget-container\">\n\t\t\t\t\t\t\t\t\t\t\t\t\t\t\t<img fetchpriority=\"high\" decoding=\"async\" width=\"800\" height=\"533\" src=\"https:\/\/www.somagen.com\/wp-content\/uploads\/2021\/08\/iStock-1127247149-1920x1280.jpg\" class=\"attachment-large size-large wp-image-16667\" alt=\"\" srcset=\"https:\/\/www.somagen.com\/wp-content\/uploads\/2021\/08\/iStock-1127247149-1920x1280.jpg 1920w, https:\/\/www.somagen.com\/wp-content\/uploads\/2021\/08\/iStock-1127247149-800x534.jpg 800w, https:\/\/www.somagen.com\/wp-content\/uploads\/2021\/08\/iStock-1127247149-768x512.jpg 768w, https:\/\/www.somagen.com\/wp-content\/uploads\/2021\/08\/iStock-1127247149-1536x1025.jpg 1536w, https:\/\/www.somagen.com\/wp-content\/uploads\/2021\/08\/iStock-1127247149-2048x1366.jpg 2048w\" sizes=\"(max-width: 800px) 100vw, 800px\" \/>\t\t\t\t\t\t\t\t\t\t\t\t\t\t\t<\/div>\n\t\t\t\t<\/div>\n\t\t\t\t<div class=\"elementor-element elementor-element-7dbe23e elementor-widget elementor-widget-text-editor\" data-id=\"7dbe23e\" data-element_type=\"widget\" data-e-type=\"widget\" data-widget_type=\"text-editor.default\">\n\t\t\t\t<div class=\"elementor-widget-container\">\n\t\t\t\t\t\t\t\t\t<p><span style=\"color: #008000;\"><strong><a style=\"color: #008000;\" href=\"https:\/\/somagen.com\/fr\/a-propos-de-nous\/ce-que-nous-faisons\/\" target=\"_blank\" rel=\"noopener\">Ce que nous faisons<\/a><\/strong><\/span><\/p>\t\t\t\t\t\t\t\t<\/div>\n\t\t\t\t<\/div>\n\t\t\t\t\t<\/div>\n\t\t<\/div>\n\t\t\t\t<div class=\"elementor-column elementor-col-20 elementor-top-column elementor-element elementor-element-9161d71\" data-id=\"9161d71\" data-element_type=\"column\" data-e-type=\"column\">\n\t\t\t<div class=\"elementor-widget-wrap elementor-element-populated\">\n\t\t\t\t\t\t<div class=\"elementor-element elementor-element-581f256 elementor-widget elementor-widget-image\" data-id=\"581f256\" data-element_type=\"widget\" data-e-type=\"widget\" data-widget_type=\"image.default\">\n\t\t\t\t<div class=\"elementor-widget-container\">\n\t\t\t\t\t\t\t\t\t\t\t\t\t\t\t<img decoding=\"async\" width=\"800\" height=\"533\" src=\"https:\/\/www.somagen.com\/wp-content\/uploads\/2021\/09\/iStock-623349622-1920x1278.jpg\" class=\"attachment-large size-large wp-image-20101\" alt=\"\" srcset=\"https:\/\/www.somagen.com\/wp-content\/uploads\/2021\/09\/iStock-623349622-1920x1278.jpg 1920w, https:\/\/www.somagen.com\/wp-content\/uploads\/2021\/09\/iStock-623349622-800x532.jpg 800w, https:\/\/www.somagen.com\/wp-content\/uploads\/2021\/09\/iStock-623349622-768x511.jpg 768w, https:\/\/www.somagen.com\/wp-content\/uploads\/2021\/09\/iStock-623349622-1536x1022.jpg 1536w, https:\/\/www.somagen.com\/wp-content\/uploads\/2021\/09\/iStock-623349622-2048x1363.jpg 2048w\" sizes=\"(max-width: 800px) 100vw, 800px\" \/>\t\t\t\t\t\t\t\t\t\t\t\t\t\t\t<\/div>\n\t\t\t\t<\/div>\n\t\t\t\t<div class=\"elementor-element elementor-element-526de93 elementor-widget elementor-widget-text-editor\" data-id=\"526de93\" data-element_type=\"widget\" data-e-type=\"widget\" data-widget_type=\"text-editor.default\">\n\t\t\t\t<div class=\"elementor-widget-container\">\n\t\t\t\t\t\t\t\t\t<p><span style=\"color: #008000;\"><strong><a style=\"color: #008000;\" href=\"https:\/\/somagen.com\/fr\/a-propos-de-nous\/travailler-chez-somagen\/\" target=\"_blank\" rel=\"noopener\">Travailler chez Somagen<\/a><\/strong><\/span><\/p>\t\t\t\t\t\t\t\t<\/div>\n\t\t\t\t<\/div>\n\t\t\t\t\t<\/div>\n\t\t<\/div>\n\t\t\t\t<div class=\"elementor-column elementor-col-20 elementor-top-column elementor-element elementor-element-77c0f0f\" data-id=\"77c0f0f\" data-element_type=\"column\" data-e-type=\"column\">\n\t\t\t<div class=\"elementor-widget-wrap elementor-element-populated\">\n\t\t\t\t\t\t<div class=\"elementor-element elementor-element-5a21d2f elementor-widget elementor-widget-image\" data-id=\"5a21d2f\" data-element_type=\"widget\" data-e-type=\"widget\" data-widget_type=\"image.default\">\n\t\t\t\t<div class=\"elementor-widget-container\">\n\t\t\t\t\t\t\t\t\t\t\t\t\t\t\t<img decoding=\"async\" width=\"800\" height=\"533\" src=\"https:\/\/www.somagen.com\/wp-content\/uploads\/2022\/03\/iStock-1182850660-1920x1280.jpg\" class=\"attachment-large size-large wp-image-24285\" alt=\"\" srcset=\"https:\/\/www.somagen.com\/wp-content\/uploads\/2022\/03\/iStock-1182850660-1920x1280.jpg 1920w, https:\/\/www.somagen.com\/wp-content\/uploads\/2022\/03\/iStock-1182850660-800x533.jpg 800w, https:\/\/www.somagen.com\/wp-content\/uploads\/2022\/03\/iStock-1182850660-768x512.jpg 768w, https:\/\/www.somagen.com\/wp-content\/uploads\/2022\/03\/iStock-1182850660-1536x1024.jpg 1536w, https:\/\/www.somagen.com\/wp-content\/uploads\/2022\/03\/iStock-1182850660-2048x1365.jpg 2048w\" sizes=\"(max-width: 800px) 100vw, 800px\" \/>\t\t\t\t\t\t\t\t\t\t\t\t\t\t\t<\/div>\n\t\t\t\t<\/div>\n\t\t\t\t<div class=\"elementor-element elementor-element-f6de229 elementor-widget elementor-widget-text-editor\" data-id=\"f6de229\" data-element_type=\"widget\" data-e-type=\"widget\" data-widget_type=\"text-editor.default\">\n\t\t\t\t<div class=\"elementor-widget-container\">\n\t\t\t\t\t\t\t\t\t<p><span style=\"color: #008000;\"><strong><a style=\"color: #008000;\" href=\"https:\/\/somagen.com\/fr\/a-propos-de-nous\/nos-valeurs\/\" target=\"_blank\" rel=\"noopener\">Nos Valeurs<\/a><\/strong><\/span><\/p>\t\t\t\t\t\t\t\t<\/div>\n\t\t\t\t<\/div>\n\t\t\t\t\t<\/div>\n\t\t<\/div>\n\t\t\t\t<div class=\"elementor-column elementor-col-20 elementor-top-column elementor-element elementor-element-ea3e4ff\" data-id=\"ea3e4ff\" data-element_type=\"column\" data-e-type=\"column\">\n\t\t\t<div class=\"elementor-widget-wrap elementor-element-populated\">\n\t\t\t\t\t\t<div class=\"elementor-element elementor-element-de2b22a elementor-widget elementor-widget-image\" data-id=\"de2b22a\" data-element_type=\"widget\" data-e-type=\"widget\" data-widget_type=\"image.default\">\n\t\t\t\t<div class=\"elementor-widget-container\">\n\t\t\t\t\t\t\t\t\t\t\t\t\t\t\t<img loading=\"lazy\" decoding=\"async\" width=\"800\" height=\"533\" src=\"https:\/\/www.somagen.com\/wp-content\/uploads\/2022\/09\/iStock-452630511-1920x1280.jpg\" class=\"attachment-large size-large wp-image-39946\" alt=\"\" srcset=\"https:\/\/www.somagen.com\/wp-content\/uploads\/2022\/09\/iStock-452630511-1920x1280.jpg 1920w, https:\/\/www.somagen.com\/wp-content\/uploads\/2022\/09\/iStock-452630511-800x533.jpg 800w, https:\/\/www.somagen.com\/wp-content\/uploads\/2022\/09\/iStock-452630511-768x512.jpg 768w, https:\/\/www.somagen.com\/wp-content\/uploads\/2022\/09\/iStock-452630511-1536x1024.jpg 1536w, https:\/\/www.somagen.com\/wp-content\/uploads\/2022\/09\/iStock-452630511-2048x1365.jpg 2048w\" sizes=\"(max-width: 800px) 100vw, 800px\" \/>\t\t\t\t\t\t\t\t\t\t\t\t\t\t\t<\/div>\n\t\t\t\t<\/div>\n\t\t\t\t<div class=\"elementor-element elementor-element-f5c9e58 elementor-widget elementor-widget-text-editor\" data-id=\"f5c9e58\" data-element_type=\"widget\" data-e-type=\"widget\" data-widget_type=\"text-editor.default\">\n\t\t\t\t<div class=\"elementor-widget-container\">\n\t\t\t\t\t\t\t\t\t<p><a href=\"https:\/\/somagen.com\/fr\/a-propos-de-nous\/notre-personnel\/\" target=\"_blank\" rel=\"noopener\"><span style=\"color: #008000;\"><b>Notre personnel<\/b><\/span><\/a><\/p>\t\t\t\t\t\t\t\t<\/div>\n\t\t\t\t<\/div>\n\t\t\t\t\t<\/div>\n\t\t<\/div>\n\t\t\t\t<div class=\"elementor-column elementor-col-20 elementor-top-column elementor-element elementor-element-7e05112\" data-id=\"7e05112\" data-element_type=\"column\" data-e-type=\"column\">\n\t\t\t<div class=\"elementor-widget-wrap elementor-element-populated\">\n\t\t\t\t\t\t<div class=\"elementor-element elementor-element-b37bb9e elementor-widget elementor-widget-image\" data-id=\"b37bb9e\" data-element_type=\"widget\" data-e-type=\"widget\" data-widget_type=\"image.default\">\n\t\t\t\t<div class=\"elementor-widget-container\">\n\t\t\t\t\t\t\t\t\t\t\t\t\t\t\t<img loading=\"lazy\" decoding=\"async\" width=\"800\" height=\"533\" src=\"https:\/\/www.somagen.com\/wp-content\/uploads\/2021\/09\/shutterstock_749250397-1920x1280.jpg\" class=\"attachment-large size-large wp-image-19148\" alt=\"\" srcset=\"https:\/\/www.somagen.com\/wp-content\/uploads\/2021\/09\/shutterstock_749250397-1920x1280.jpg 1920w, https:\/\/www.somagen.com\/wp-content\/uploads\/2021\/09\/shutterstock_749250397-800x533.jpg 800w, https:\/\/www.somagen.com\/wp-content\/uploads\/2021\/09\/shutterstock_749250397-768x512.jpg 768w, https:\/\/www.somagen.com\/wp-content\/uploads\/2021\/09\/shutterstock_749250397-1536x1024.jpg 1536w, https:\/\/www.somagen.com\/wp-content\/uploads\/2021\/09\/shutterstock_749250397-2048x1365.jpg 2048w\" sizes=\"(max-width: 800px) 100vw, 800px\" \/>\t\t\t\t\t\t\t\t\t\t\t\t\t\t\t<\/div>\n\t\t\t\t<\/div>\n\t\t\t\t<div class=\"elementor-element elementor-element-7734017 elementor-widget elementor-widget-text-editor\" data-id=\"7734017\" data-element_type=\"widget\" data-e-type=\"widget\" data-widget_type=\"text-editor.default\">\n\t\t\t\t<div class=\"elementor-widget-container\">\n\t\t\t\t\t\t\t\t\t<p><span style=\"color: #008000;\"><strong><a style=\"color: #008000;\" href=\"https:\/\/somagen.com\/fr\/a-propos-de-nous\/notre-responsabilite-dentreprise\/\" target=\"_blank\" rel=\"noopener\">Notre responsabilit\u00e9 d&#8217;entreprise<\/a><\/strong><\/span><\/p>\t\t\t\t\t\t\t\t<\/div>\n\t\t\t\t<\/div>\n\t\t\t\t\t<\/div>\n\t\t<\/div>\n\t\t\t\t\t<\/div>\n\t\t<\/section>\n\t\t\t\t<\/div>\n\t\t","protected":false},"excerpt":{"rendered":"<p>Vers un meilleur parcours pour vos soins de sant\u00e9 Somagen fut fond\u00e9e en 1988 \u00e0 Edmonton, Alberta, demeurant fid\u00e8le \u00e0 notre longue histoire d\u2019engagement \u00e0 fournir aux Canadiens des solutions [&hellip;]<\/p>\n","protected":false},"author":4,"featured_media":0,"parent":0,"menu_order":0,"comment_status":"closed","ping_status":"closed","template":"","meta":{"_relevanssi_hide_post":"","_relevanssi_hide_content":"","_relevanssi_pin_for_all":"","_relevanssi_pin_keywords":"","_relevanssi_unpin_keywords":"","_relevanssi_related_keywords":"","_relevanssi_related_include_ids":"","_relevanssi_related_exclude_ids":"","_relevanssi_related_no_append":"","_relevanssi_related_not_related":"","_relevanssi_related_posts":"42523,42315,31795,31798,41254,42307","_relevanssi_noindex_reason":"","footnotes":""},"class_list":["post-27169","page","type-page","status-publish","hentry"],"_links":{"self":[{"href":"https:\/\/www.somagen.com\/fr\/wp-json\/wp\/v2\/pages\/27169","targetHints":{"allow":["GET"]}}],"collection":[{"href":"https:\/\/www.somagen.com\/fr\/wp-json\/wp\/v2\/pages"}],"about":[{"href":"https:\/\/www.somagen.com\/fr\/wp-json\/wp\/v2\/types\/page"}],"author":[{"embeddable":true,"href":"https:\/\/www.somagen.com\/fr\/wp-json\/wp\/v2\/users\/4"}],"replies":[{"embeddable":true,"href":"https:\/\/www.somagen.com\/fr\/wp-json\/wp\/v2\/comments?post=27169"}],"version-history":[{"count":68,"href":"https:\/\/www.somagen.com\/fr\/wp-json\/wp\/v2\/pages\/27169\/revisions"}],"predecessor-version":[{"id":40711,"href":"https:\/\/www.somagen.com\/fr\/wp-json\/wp\/v2\/pages\/27169\/revisions\/40711"}],"wp:attachment":[{"href":"https:\/\/www.somagen.com\/fr\/wp-json\/wp\/v2\/media?parent=27169"}],"curies":[{"name":"wp","href":"https:\/\/api.w.org\/{rel}","templated":true}]}}