{"id":27190,"date":"2022-05-19T11:48:58","date_gmt":"2022-05-19T17:48:58","guid":{"rendered":"https:\/\/somagen.com\/a-propos-de-nous\/nos-valeurs\/"},"modified":"2022-09-21T09:27:43","modified_gmt":"2022-09-21T15:27:43","slug":"nos-valeurs","status":"publish","type":"page","link":"https:\/\/www.somagen.com\/fr\/a-propos-de-nous\/nos-valeurs\/","title":{"rendered":"NOS VALEURS"},"content":{"rendered":"\t\t<div data-elementor-type=\"wp-page\" data-elementor-id=\"27190\" class=\"elementor elementor-27190 elementor-18207\" data-elementor-post-type=\"page\">\n\t\t\t\t\t\t<section class=\"elementor-section elementor-top-section elementor-element elementor-element-ed4fb75 elementor-section-boxed elementor-section-height-default elementor-section-height-default\" data-id=\"ed4fb75\" data-element_type=\"section\" data-e-type=\"section\">\n\t\t\t\t\t\t<div class=\"elementor-container elementor-column-gap-default\">\n\t\t\t\t\t<div class=\"elementor-column elementor-col-100 elementor-top-column elementor-element elementor-element-c1f4761\" data-id=\"c1f4761\" data-element_type=\"column\" data-e-type=\"column\">\n\t\t\t<div class=\"elementor-widget-wrap elementor-element-populated\">\n\t\t\t\t\t\t<div class=\"elementor-element elementor-element-5994422 elementor-widget elementor-widget-spacer\" data-id=\"5994422\" data-element_type=\"widget\" data-e-type=\"widget\" data-widget_type=\"spacer.default\">\n\t\t\t\t<div class=\"elementor-widget-container\">\n\t\t\t\t\t\t\t<div class=\"elementor-spacer\">\n\t\t\t<div class=\"elementor-spacer-inner\"><\/div>\n\t\t<\/div>\n\t\t\t\t\t\t<\/div>\n\t\t\t\t<\/div>\n\t\t\t\t\t<\/div>\n\t\t<\/div>\n\t\t\t\t\t<\/div>\n\t\t<\/section>\n\t\t\t\t<section class=\"elementor-section elementor-top-section elementor-element elementor-element-4017b2b elementor-section-boxed elementor-section-height-default elementor-section-height-default elementor-invisible\" data-id=\"4017b2b\" data-element_type=\"section\" data-e-type=\"section\" data-settings=\"{&quot;animation&quot;:&quot;fadeInUp&quot;}\">\n\t\t\t\t\t\t<div class=\"elementor-container elementor-column-gap-default\">\n\t\t\t\t\t<div class=\"elementor-column elementor-col-100 elementor-top-column elementor-element elementor-element-bdebee6\" data-id=\"bdebee6\" data-element_type=\"column\" data-e-type=\"column\">\n\t\t\t<div class=\"elementor-widget-wrap elementor-element-populated\">\n\t\t\t\t\t\t<div class=\"elementor-element elementor-element-95fa12d elementor-widget elementor-widget-text-editor\" data-id=\"95fa12d\" data-element_type=\"widget\" data-e-type=\"widget\" data-widget_type=\"text-editor.default\">\n\t\t\t\t<div class=\"elementor-widget-container\">\n\t\t\t\t\t\t\t\t\t<p>Nous sommes d\u00e9finis par nos valeurs<\/p>\t\t\t\t\t\t\t\t<\/div>\n\t\t\t\t<\/div>\n\t\t\t\t\t<\/div>\n\t\t<\/div>\n\t\t\t\t\t<\/div>\n\t\t<\/section>\n\t\t\t\t<section class=\"elementor-section elementor-top-section elementor-element elementor-element-4fb6879 elementor-section-boxed elementor-section-height-default elementor-section-height-default elementor-invisible\" data-id=\"4fb6879\" data-element_type=\"section\" data-e-type=\"section\" data-settings=\"{&quot;animation&quot;:&quot;fadeInUp&quot;}\">\n\t\t\t\t\t\t<div class=\"elementor-container elementor-column-gap-default\">\n\t\t\t\t\t<div class=\"elementor-column elementor-col-100 elementor-top-column elementor-element elementor-element-e351861\" data-id=\"e351861\" data-element_type=\"column\" data-e-type=\"column\">\n\t\t\t<div class=\"elementor-widget-wrap elementor-element-populated\">\n\t\t\t\t\t\t<div class=\"elementor-element elementor-element-972e1a7 elementor-widget elementor-widget-text-editor\" data-id=\"972e1a7\" data-element_type=\"widget\" data-e-type=\"widget\" data-widget_type=\"text-editor.default\">\n\t\t\t\t<div class=\"elementor-widget-container\">\n\t\t\t\t\t\t\t\t\t<p>Int\u00e9grit\u00e9, collaboration, qualit\u00e9, expertise et vision.<\/p><p>Ils sont fondamentaux pour qui nous sommes et ce que nous faisons.<\/p>\t\t\t\t\t\t\t\t<\/div>\n\t\t\t\t<\/div>\n\t\t\t\t\t<\/div>\n\t\t<\/div>\n\t\t\t\t\t<\/div>\n\t\t<\/section>\n\t\t\t\t<section class=\"elementor-section elementor-top-section elementor-element elementor-element-bdce12e elementor-section-boxed elementor-section-height-default elementor-section-height-default elementor-invisible\" data-id=\"bdce12e\" data-element_type=\"section\" data-e-type=\"section\" data-settings=\"{&quot;animation&quot;:&quot;fadeInUp&quot;}\">\n\t\t\t\t\t\t<div class=\"elementor-container elementor-column-gap-default\">\n\t\t\t\t\t<div class=\"elementor-column elementor-col-50 elementor-top-column elementor-element elementor-element-e5e0c40\" data-id=\"e5e0c40\" data-element_type=\"column\" data-e-type=\"column\">\n\t\t\t<div class=\"elementor-widget-wrap elementor-element-populated\">\n\t\t\t\t\t\t<div class=\"elementor-element elementor-element-2d5dd89 elementor-widget elementor-widget-text-editor\" data-id=\"2d5dd89\" data-element_type=\"widget\" data-e-type=\"widget\" data-widget_type=\"text-editor.default\">\n\t\t\t\t<div class=\"elementor-widget-container\">\n\t\t\t\t\t\t\t\t\t<p>Int\u00e9grit\u00e9<\/p>\t\t\t\t\t\t\t\t<\/div>\n\t\t\t\t<\/div>\n\t\t\t\t<div class=\"elementor-element elementor-element-e96aec4 elementor-widget elementor-widget-text-editor\" data-id=\"e96aec4\" data-element_type=\"widget\" data-e-type=\"widget\" data-widget_type=\"text-editor.default\">\n\t\t\t\t<div class=\"elementor-widget-container\">\n\t\t\t\t\t\t\t\t\t<p>L&#8217;int\u00e9grit\u00e9 est une valeur fondamentale chez Somagen Diagnostics. Elle allie comportement \u00e9thique, responsabilit\u00e9, honn\u00eatet\u00e9 et les plus hauts standards de professionnalisme. Somagen valorise la confiance et la loyaut\u00e9 de ses parties prenantes. Nous nous effor\u00e7ons de respecter et de d\u00e9passer les normes \u00e9thiques les plus \u00e9lev\u00e9es tout en maintenant notre d\u00e9termination et notre engagement envers nos valeurs fondamentales comme nous le faisons depuis plus de 30 ans.<\/p>\t\t\t\t\t\t\t\t<\/div>\n\t\t\t\t<\/div>\n\t\t\t\t\t<\/div>\n\t\t<\/div>\n\t\t\t\t<div class=\"elementor-column elementor-col-50 elementor-top-column elementor-element elementor-element-b7b5499\" data-id=\"b7b5499\" data-element_type=\"column\" data-e-type=\"column\">\n\t\t\t<div class=\"elementor-widget-wrap elementor-element-populated\">\n\t\t\t\t\t\t<div class=\"elementor-element elementor-element-cbc1e86 elementor-widget elementor-widget-image\" data-id=\"cbc1e86\" data-element_type=\"widget\" data-e-type=\"widget\" data-widget_type=\"image.default\">\n\t\t\t\t<div class=\"elementor-widget-container\">\n\t\t\t\t\t\t\t\t\t\t\t\t\t\t\t<img fetchpriority=\"high\" decoding=\"async\" width=\"2560\" height=\"1707\" src=\"https:\/\/www.somagen.com\/wp-content\/uploads\/2022\/08\/iStock-612387410-scaled.jpg\" class=\"attachment-full size-full wp-image-36936\" alt=\"\" srcset=\"https:\/\/www.somagen.com\/wp-content\/uploads\/2022\/08\/iStock-612387410-scaled.jpg 2560w, https:\/\/www.somagen.com\/wp-content\/uploads\/2022\/08\/iStock-612387410-800x533.jpg 800w, https:\/\/www.somagen.com\/wp-content\/uploads\/2022\/08\/iStock-612387410-1920x1280.jpg 1920w, https:\/\/www.somagen.com\/wp-content\/uploads\/2022\/08\/iStock-612387410-768x512.jpg 768w, https:\/\/www.somagen.com\/wp-content\/uploads\/2022\/08\/iStock-612387410-1536x1024.jpg 1536w, https:\/\/www.somagen.com\/wp-content\/uploads\/2022\/08\/iStock-612387410-2048x1365.jpg 2048w\" sizes=\"(max-width: 2560px) 100vw, 2560px\" \/>\t\t\t\t\t\t\t\t\t\t\t\t\t\t\t<\/div>\n\t\t\t\t<\/div>\n\t\t\t\t\t<\/div>\n\t\t<\/div>\n\t\t\t\t\t<\/div>\n\t\t<\/section>\n\t\t\t\t<section class=\"elementor-section elementor-top-section elementor-element elementor-element-5fcca7e elementor-section-boxed elementor-section-height-default elementor-section-height-default elementor-invisible\" data-id=\"5fcca7e\" data-element_type=\"section\" data-e-type=\"section\" data-settings=\"{&quot;animation&quot;:&quot;fadeInUp&quot;}\">\n\t\t\t\t\t\t<div class=\"elementor-container elementor-column-gap-default\">\n\t\t\t\t\t<div class=\"elementor-column elementor-col-50 elementor-top-column elementor-element elementor-element-8f03e61\" data-id=\"8f03e61\" data-element_type=\"column\" data-e-type=\"column\">\n\t\t\t<div class=\"elementor-widget-wrap elementor-element-populated\">\n\t\t\t\t\t\t<div class=\"elementor-element elementor-element-e71dbcd elementor-widget elementor-widget-text-editor\" data-id=\"e71dbcd\" data-element_type=\"widget\" data-e-type=\"widget\" data-widget_type=\"text-editor.default\">\n\t\t\t\t<div class=\"elementor-widget-container\">\n\t\t\t\t\t\t\t\t\t<p>Collaboration<\/p>\t\t\t\t\t\t\t\t<\/div>\n\t\t\t\t<\/div>\n\t\t\t\t<div class=\"elementor-element elementor-element-07e958d elementor-widget elementor-widget-text-editor\" data-id=\"07e958d\" data-element_type=\"widget\" data-e-type=\"widget\" data-widget_type=\"text-editor.default\">\n\t\t\t\t<div class=\"elementor-widget-container\">\n\t\t\t\t\t\t\t\t\t<p>Nous travaillons en \u00e9troite collaboration avec des professionnels de la sant\u00e9 et des leaders d&#8217;opinion de premier plan et du monde entier, pour offrir les meilleurs produits de diagnostic de leur cat\u00e9gorie aux patients canadiens. Collaborer avec vous, notre client, est particuli\u00e8rement important pour nous, car nous nous effor\u00e7ons de trouver des solutions adapt\u00e9es \u00e0 vos besoins en constante \u00e9volution. Nous appr\u00e9cions vos commentaires et votre expertise pour guider notre parcours. Votre contribution garantit que nous travaillons main dans la main avec nos partenaires de fabrication actuels et potentiels, afin de fournir des outils de diagnostic pr\u00e9cieux aux professionnels de la sant\u00e9 canadiens et aux patients que nous servons.<\/p>\t\t\t\t\t\t\t\t<\/div>\n\t\t\t\t<\/div>\n\t\t\t\t\t<\/div>\n\t\t<\/div>\n\t\t\t\t<div class=\"elementor-column elementor-col-50 elementor-top-column elementor-element elementor-element-4ba5868\" data-id=\"4ba5868\" data-element_type=\"column\" data-e-type=\"column\">\n\t\t\t<div class=\"elementor-widget-wrap elementor-element-populated\">\n\t\t\t\t\t\t<div class=\"elementor-element elementor-element-0b6d717 elementor-widget elementor-widget-image\" data-id=\"0b6d717\" data-element_type=\"widget\" data-e-type=\"widget\" data-widget_type=\"image.default\">\n\t\t\t\t<div class=\"elementor-widget-container\">\n\t\t\t\t\t\t\t\t\t\t\t\t\t\t\t<img decoding=\"async\" width=\"800\" height=\"533\" src=\"https:\/\/www.somagen.com\/wp-content\/uploads\/2022\/08\/shutterstock_762385012-1920x1280.jpg\" class=\"attachment-large size-large wp-image-36646\" alt=\"\" srcset=\"https:\/\/www.somagen.com\/wp-content\/uploads\/2022\/08\/shutterstock_762385012-1920x1280.jpg 1920w, https:\/\/www.somagen.com\/wp-content\/uploads\/2022\/08\/shutterstock_762385012-800x533.jpg 800w, https:\/\/www.somagen.com\/wp-content\/uploads\/2022\/08\/shutterstock_762385012-768x512.jpg 768w, https:\/\/www.somagen.com\/wp-content\/uploads\/2022\/08\/shutterstock_762385012-1536x1024.jpg 1536w, https:\/\/www.somagen.com\/wp-content\/uploads\/2022\/08\/shutterstock_762385012-2048x1365.jpg 2048w\" sizes=\"(max-width: 800px) 100vw, 800px\" \/>\t\t\t\t\t\t\t\t\t\t\t\t\t\t\t<\/div>\n\t\t\t\t<\/div>\n\t\t\t\t\t<\/div>\n\t\t<\/div>\n\t\t\t\t\t<\/div>\n\t\t<\/section>\n\t\t\t\t<section class=\"elementor-section elementor-top-section elementor-element elementor-element-e1e8d0f elementor-section-boxed elementor-section-height-default elementor-section-height-default elementor-invisible\" data-id=\"e1e8d0f\" data-element_type=\"section\" data-e-type=\"section\" data-settings=\"{&quot;animation&quot;:&quot;fadeInUp&quot;}\">\n\t\t\t\t\t\t<div class=\"elementor-container elementor-column-gap-default\">\n\t\t\t\t\t<div class=\"elementor-column elementor-col-50 elementor-top-column elementor-element elementor-element-bf9b4c8\" data-id=\"bf9b4c8\" data-element_type=\"column\" data-e-type=\"column\">\n\t\t\t<div class=\"elementor-widget-wrap elementor-element-populated\">\n\t\t\t\t\t\t<div class=\"elementor-element elementor-element-57694f9 elementor-widget elementor-widget-text-editor\" data-id=\"57694f9\" data-element_type=\"widget\" data-e-type=\"widget\" data-widget_type=\"text-editor.default\">\n\t\t\t\t<div class=\"elementor-widget-container\">\n\t\t\t\t\t\t\t\t\t<p>Qualit\u00e9<\/p>\t\t\t\t\t\t\t\t<\/div>\n\t\t\t\t<\/div>\n\t\t\t\t<div class=\"elementor-element elementor-element-e6a98a1 elementor-widget elementor-widget-text-editor\" data-id=\"e6a98a1\" data-element_type=\"widget\" data-e-type=\"widget\" data-widget_type=\"text-editor.default\">\n\t\t\t\t<div class=\"elementor-widget-container\">\n\t\t\t\t\t\t\t\t\tChez Somagen, nous nous responsabilisons de fournir des produits et services de la plus haute qualit\u00e9. Nous maintenons notre engagement \u00e0 l\u2019\u00e9gard des investissements continus alors que nous parcourons le monde \u00e0 la recherche de dispositifs m\u00e9dicaux de diagnostic de pointe. Nous recherchons des partenaires qui valorisent autant notre engagement envers la qualit\u00e9 que notre engagement envers l\u2019innovation.\t\t\t\t\t\t\t\t<\/div>\n\t\t\t\t<\/div>\n\t\t\t\t\t<\/div>\n\t\t<\/div>\n\t\t\t\t<div class=\"elementor-column elementor-col-50 elementor-top-column elementor-element elementor-element-8f0a89b\" data-id=\"8f0a89b\" data-element_type=\"column\" data-e-type=\"column\">\n\t\t\t<div class=\"elementor-widget-wrap elementor-element-populated\">\n\t\t\t\t\t\t<div class=\"elementor-element elementor-element-9d5a03d elementor-widget elementor-widget-image\" data-id=\"9d5a03d\" data-element_type=\"widget\" data-e-type=\"widget\" data-widget_type=\"image.default\">\n\t\t\t\t<div class=\"elementor-widget-container\">\n\t\t\t\t\t\t\t\t\t\t\t\t\t\t\t<img decoding=\"async\" width=\"800\" height=\"533\" src=\"https:\/\/www.somagen.com\/wp-content\/uploads\/2022\/08\/iStock-507708036-1920x1280.jpg\" class=\"attachment-large size-large wp-image-36642\" alt=\"\" srcset=\"https:\/\/www.somagen.com\/wp-content\/uploads\/2022\/08\/iStock-507708036-1920x1280.jpg 1920w, https:\/\/www.somagen.com\/wp-content\/uploads\/2022\/08\/iStock-507708036-800x533.jpg 800w, https:\/\/www.somagen.com\/wp-content\/uploads\/2022\/08\/iStock-507708036-768x512.jpg 768w, https:\/\/www.somagen.com\/wp-content\/uploads\/2022\/08\/iStock-507708036-1536x1024.jpg 1536w, https:\/\/www.somagen.com\/wp-content\/uploads\/2022\/08\/iStock-507708036-2048x1365.jpg 2048w\" sizes=\"(max-width: 800px) 100vw, 800px\" \/>\t\t\t\t\t\t\t\t\t\t\t\t\t\t\t<\/div>\n\t\t\t\t<\/div>\n\t\t\t\t\t<\/div>\n\t\t<\/div>\n\t\t\t\t\t<\/div>\n\t\t<\/section>\n\t\t\t\t<section class=\"elementor-section elementor-top-section elementor-element elementor-element-ff2b14f elementor-section-boxed elementor-section-height-default elementor-section-height-default elementor-invisible\" data-id=\"ff2b14f\" data-element_type=\"section\" data-e-type=\"section\" data-settings=\"{&quot;animation&quot;:&quot;fadeInUp&quot;}\">\n\t\t\t\t\t\t<div class=\"elementor-container elementor-column-gap-default\">\n\t\t\t\t\t<div class=\"elementor-column elementor-col-50 elementor-top-column elementor-element elementor-element-d3bb23e\" data-id=\"d3bb23e\" data-element_type=\"column\" data-e-type=\"column\">\n\t\t\t<div class=\"elementor-widget-wrap elementor-element-populated\">\n\t\t\t\t\t\t<div class=\"elementor-element elementor-element-1b6bb57 elementor-widget elementor-widget-text-editor\" data-id=\"1b6bb57\" data-element_type=\"widget\" data-e-type=\"widget\" data-widget_type=\"text-editor.default\">\n\t\t\t\t<div class=\"elementor-widget-container\">\n\t\t\t\t\t\t\t\t\t<p>Comp\u00e9tence<\/p>\t\t\t\t\t\t\t\t<\/div>\n\t\t\t\t<\/div>\n\t\t\t\t<div class=\"elementor-element elementor-element-0c18098 elementor-widget elementor-widget-text-editor\" data-id=\"0c18098\" data-element_type=\"widget\" data-e-type=\"widget\" data-widget_type=\"text-editor.default\">\n\t\t\t\t<div class=\"elementor-widget-container\">\n\t\t\t\t\t\t\t\t\tLes \u00e9quipes de Somagen s&#8217;efforcent d&#8217;\u00eatre des experts dans leurs domaines respectifs. Notre formation vigoureuse, notre formation continue et nos ann\u00e9es d&#8217;exp\u00e9rience dans l&#8217;industrie garantissent \u00e0 nos clients des professionnels qualifi\u00e9s qui r\u00e9pondent \u00e0 leurs besoins quotidiens. Somagen reconna\u00eet que la technologie de diagnostic est en constante \u00e9volution et que l&#8217;apprentissage perp\u00e9tuel est un \u00e9l\u00e9ment cl\u00e9 de notre expertise interne afin que nous puissions continuer \u00e0 fournir l&#8217;excellence dans les services que nous offrons.\t\t\t\t\t\t\t\t<\/div>\n\t\t\t\t<\/div>\n\t\t\t\t\t<\/div>\n\t\t<\/div>\n\t\t\t\t<div class=\"elementor-column elementor-col-50 elementor-top-column elementor-element elementor-element-d35acdd\" data-id=\"d35acdd\" data-element_type=\"column\" data-e-type=\"column\">\n\t\t\t<div class=\"elementor-widget-wrap elementor-element-populated\">\n\t\t\t\t\t\t<div class=\"elementor-element elementor-element-5b6f01a elementor-widget elementor-widget-image\" data-id=\"5b6f01a\" data-element_type=\"widget\" data-e-type=\"widget\" data-widget_type=\"image.default\">\n\t\t\t\t<div class=\"elementor-widget-container\">\n\t\t\t\t\t\t\t\t\t\t\t\t\t\t\t<img loading=\"lazy\" decoding=\"async\" width=\"800\" height=\"533\" src=\"https:\/\/www.somagen.com\/wp-content\/uploads\/2022\/08\/shutterstock_1858967629-1920x1280.jpg\" class=\"attachment-large size-large wp-image-36644\" alt=\"\" srcset=\"https:\/\/www.somagen.com\/wp-content\/uploads\/2022\/08\/shutterstock_1858967629-1920x1280.jpg 1920w, https:\/\/www.somagen.com\/wp-content\/uploads\/2022\/08\/shutterstock_1858967629-800x533.jpg 800w, https:\/\/www.somagen.com\/wp-content\/uploads\/2022\/08\/shutterstock_1858967629-768x512.jpg 768w, https:\/\/www.somagen.com\/wp-content\/uploads\/2022\/08\/shutterstock_1858967629-1536x1024.jpg 1536w, https:\/\/www.somagen.com\/wp-content\/uploads\/2022\/08\/shutterstock_1858967629-2048x1365.jpg 2048w\" sizes=\"(max-width: 800px) 100vw, 800px\" \/>\t\t\t\t\t\t\t\t\t\t\t\t\t\t\t<\/div>\n\t\t\t\t<\/div>\n\t\t\t\t\t<\/div>\n\t\t<\/div>\n\t\t\t\t\t<\/div>\n\t\t<\/section>\n\t\t\t\t<section class=\"elementor-section elementor-top-section elementor-element elementor-element-d52b968 elementor-section-boxed elementor-section-height-default elementor-section-height-default elementor-invisible\" data-id=\"d52b968\" data-element_type=\"section\" data-e-type=\"section\" data-settings=\"{&quot;animation&quot;:&quot;fadeInUp&quot;}\">\n\t\t\t\t\t\t<div class=\"elementor-container elementor-column-gap-default\">\n\t\t\t\t\t<div class=\"elementor-column elementor-col-50 elementor-top-column elementor-element elementor-element-fbd8115\" data-id=\"fbd8115\" data-element_type=\"column\" data-e-type=\"column\">\n\t\t\t<div class=\"elementor-widget-wrap elementor-element-populated\">\n\t\t\t\t\t\t<div class=\"elementor-element elementor-element-ce34f40 elementor-widget elementor-widget-text-editor\" data-id=\"ce34f40\" data-element_type=\"widget\" data-e-type=\"widget\" data-widget_type=\"text-editor.default\">\n\t\t\t\t<div class=\"elementor-widget-container\">\n\t\t\t\t\t\t\t\t\t<p>Vision<\/p>\t\t\t\t\t\t\t\t<\/div>\n\t\t\t\t<\/div>\n\t\t\t\t<div class=\"elementor-element elementor-element-b276ff0 elementor-widget elementor-widget-text-editor\" data-id=\"b276ff0\" data-element_type=\"widget\" data-e-type=\"widget\" data-widget_type=\"text-editor.default\">\n\t\t\t\t<div class=\"elementor-widget-container\">\n\t\t\t\t\t\t\t\t\tL&#8217;engagement de Somagen \u00e0 rester \u00e0 l&#8217;avant-garde du parcours de soins de sant\u00e9 est la cl\u00e9 de notre vision. Nous nous effor\u00e7ons d&#8217;anticiper les besoins des patients et des cliniciens ainsi que ceux des laboratoires de diagnostic canadiens. Nous nous tournons vers l&#8217;avenir, conform\u00e9ment \u00e0 notre vision, c\u2019est-\u00e0-dire apporter constamment les technologies de diagnostic les plus novatrices et de pointe qui contribueront \u00e0 la sant\u00e9 et au bien-\u00eatre de tous les Canadiens.\t\t\t\t\t\t\t\t<\/div>\n\t\t\t\t<\/div>\n\t\t\t\t\t<\/div>\n\t\t<\/div>\n\t\t\t\t<div class=\"elementor-column elementor-col-50 elementor-top-column elementor-element elementor-element-2c27cf1\" data-id=\"2c27cf1\" data-element_type=\"column\" data-e-type=\"column\">\n\t\t\t<div class=\"elementor-widget-wrap elementor-element-populated\">\n\t\t\t\t\t\t<div class=\"elementor-element elementor-element-08443cf elementor-widget elementor-widget-image\" data-id=\"08443cf\" data-element_type=\"widget\" data-e-type=\"widget\" data-widget_type=\"image.default\">\n\t\t\t\t<div class=\"elementor-widget-container\">\n\t\t\t\t\t\t\t\t\t\t\t\t\t\t\t<img loading=\"lazy\" decoding=\"async\" width=\"800\" height=\"533\" src=\"https:\/\/www.somagen.com\/wp-content\/uploads\/2021\/11\/iStock-1186957660-1920x1280.jpg\" class=\"attachment-large size-large wp-image-23280\" alt=\"\" srcset=\"https:\/\/www.somagen.com\/wp-content\/uploads\/2021\/11\/iStock-1186957660-1920x1280.jpg 1920w, https:\/\/www.somagen.com\/wp-content\/uploads\/2021\/11\/iStock-1186957660-800x533.jpg 800w, https:\/\/www.somagen.com\/wp-content\/uploads\/2021\/11\/iStock-1186957660-768x512.jpg 768w, https:\/\/www.somagen.com\/wp-content\/uploads\/2021\/11\/iStock-1186957660-1536x1024.jpg 1536w, https:\/\/www.somagen.com\/wp-content\/uploads\/2021\/11\/iStock-1186957660-2048x1365.jpg 2048w\" sizes=\"(max-width: 800px) 100vw, 800px\" \/>\t\t\t\t\t\t\t\t\t\t\t\t\t\t\t<\/div>\n\t\t\t\t<\/div>\n\t\t\t\t\t<\/div>\n\t\t<\/div>\n\t\t\t\t\t<\/div>\n\t\t<\/section>\n\t\t\t\t<\/div>\n\t\t","protected":false},"excerpt":{"rendered":"<p>Nous sommes d\u00e9finis par nos valeurs Int\u00e9grit\u00e9, collaboration, qualit\u00e9, expertise et vision. Ils sont fondamentaux pour qui nous sommes et ce que nous faisons. Int\u00e9grit\u00e9 L&#8217;int\u00e9grit\u00e9 est une valeur fondamentale [&hellip;]<\/p>\n","protected":false},"author":4,"featured_media":0,"parent":27169,"menu_order":0,"comment_status":"closed","ping_status":"closed","template":"","meta":{"_relevanssi_hide_post":"","_relevanssi_hide_content":"","_relevanssi_pin_for_all":"","_relevanssi_pin_keywords":"","_relevanssi_unpin_keywords":"","_relevanssi_related_keywords":"","_relevanssi_related_include_ids":"","_relevanssi_related_exclude_ids":"","_relevanssi_related_no_append":"","_relevanssi_related_not_related":"","_relevanssi_related_posts":"22083,22125,1066,22099,22089,1245","_relevanssi_noindex_reason":"","footnotes":""},"class_list":["post-27190","page","type-page","status-publish","hentry"],"_links":{"self":[{"href":"https:\/\/www.somagen.com\/fr\/wp-json\/wp\/v2\/pages\/27190","targetHints":{"allow":["GET"]}}],"collection":[{"href":"https:\/\/www.somagen.com\/fr\/wp-json\/wp\/v2\/pages"}],"about":[{"href":"https:\/\/www.somagen.com\/fr\/wp-json\/wp\/v2\/types\/page"}],"author":[{"embeddable":true,"href":"https:\/\/www.somagen.com\/fr\/wp-json\/wp\/v2\/users\/4"}],"replies":[{"embeddable":true,"href":"https:\/\/www.somagen.com\/fr\/wp-json\/wp\/v2\/comments?post=27190"}],"version-history":[{"count":100,"href":"https:\/\/www.somagen.com\/fr\/wp-json\/wp\/v2\/pages\/27190\/revisions"}],"predecessor-version":[{"id":40012,"href":"https:\/\/www.somagen.com\/fr\/wp-json\/wp\/v2\/pages\/27190\/revisions\/40012"}],"up":[{"embeddable":true,"href":"https:\/\/www.somagen.com\/fr\/wp-json\/wp\/v2\/pages\/27169"}],"wp:attachment":[{"href":"https:\/\/www.somagen.com\/fr\/wp-json\/wp\/v2\/media?parent=27190"}],"curies":[{"name":"wp","href":"https:\/\/api.w.org\/{rel}","templated":true}]}}