{"id":27192,"date":"2022-05-19T11:52:58","date_gmt":"2022-05-19T17:52:58","guid":{"rendered":"https:\/\/somagen.com\/a-propos-de-nous\/notre-personnel\/"},"modified":"2022-09-21T15:02:20","modified_gmt":"2022-09-21T21:02:20","slug":"notre-personnel","status":"publish","type":"page","link":"https:\/\/www.somagen.com\/fr\/a-propos-de-nous\/notre-personnel\/","title":{"rendered":"Notre personnel"},"content":{"rendered":"\t\t<div data-elementor-type=\"wp-page\" data-elementor-id=\"27192\" class=\"elementor elementor-27192 elementor-24252\" data-elementor-post-type=\"page\">\n\t\t\t\t\t\t<section class=\"elementor-section elementor-top-section elementor-element elementor-element-ed4fb75 elementor-section-boxed elementor-section-height-default elementor-section-height-default\" data-id=\"ed4fb75\" data-element_type=\"section\" data-e-type=\"section\">\n\t\t\t\t\t\t<div class=\"elementor-container elementor-column-gap-default\">\n\t\t\t\t\t<div class=\"elementor-column elementor-col-100 elementor-top-column elementor-element elementor-element-c1f4761\" data-id=\"c1f4761\" data-element_type=\"column\" data-e-type=\"column\">\n\t\t\t<div class=\"elementor-widget-wrap elementor-element-populated\">\n\t\t\t\t\t\t<div class=\"elementor-element elementor-element-5994422 elementor-widget elementor-widget-spacer\" data-id=\"5994422\" data-element_type=\"widget\" data-e-type=\"widget\" data-widget_type=\"spacer.default\">\n\t\t\t\t<div class=\"elementor-widget-container\">\n\t\t\t\t\t\t\t<div class=\"elementor-spacer\">\n\t\t\t<div class=\"elementor-spacer-inner\"><\/div>\n\t\t<\/div>\n\t\t\t\t\t\t<\/div>\n\t\t\t\t<\/div>\n\t\t\t\t\t<\/div>\n\t\t<\/div>\n\t\t\t\t\t<\/div>\n\t\t<\/section>\n\t\t\t\t<section class=\"elementor-section elementor-top-section elementor-element elementor-element-4017b2b elementor-section-boxed elementor-section-height-default elementor-section-height-default elementor-invisible\" data-id=\"4017b2b\" data-element_type=\"section\" data-e-type=\"section\" data-settings=\"{&quot;animation&quot;:&quot;fadeInUp&quot;}\">\n\t\t\t\t\t\t<div class=\"elementor-container elementor-column-gap-default\">\n\t\t\t\t\t<div class=\"elementor-column elementor-col-100 elementor-top-column elementor-element elementor-element-bdebee6\" data-id=\"bdebee6\" data-element_type=\"column\" data-e-type=\"column\">\n\t\t\t<div class=\"elementor-widget-wrap elementor-element-populated\">\n\t\t\t\t\t\t<div class=\"elementor-element elementor-element-95fa12d elementor-widget elementor-widget-text-editor\" data-id=\"95fa12d\" data-element_type=\"widget\" data-e-type=\"widget\" data-widget_type=\"text-editor.default\">\n\t\t\t\t<div class=\"elementor-widget-container\">\n\t\t\t\t\t\t\t\t\t<p style=\"text-align: left;\">Notre personnel<\/p>\t\t\t\t\t\t\t\t<\/div>\n\t\t\t\t<\/div>\n\t\t\t\t\t<\/div>\n\t\t<\/div>\n\t\t\t\t\t<\/div>\n\t\t<\/section>\n\t\t\t\t<section class=\"elementor-section elementor-top-section elementor-element elementor-element-6a96edd elementor-section-boxed elementor-section-height-default elementor-section-height-default elementor-invisible\" data-id=\"6a96edd\" data-element_type=\"section\" data-e-type=\"section\" data-settings=\"{&quot;animation&quot;:&quot;fadeInUp&quot;}\">\n\t\t\t\t\t\t<div class=\"elementor-container elementor-column-gap-default\">\n\t\t\t\t\t<div class=\"elementor-column elementor-col-100 elementor-top-column elementor-element elementor-element-e54df0a\" data-id=\"e54df0a\" data-element_type=\"column\" data-e-type=\"column\">\n\t\t\t<div class=\"elementor-widget-wrap elementor-element-populated\">\n\t\t\t\t\t\t<div class=\"elementor-element elementor-element-225e735 elementor-widget elementor-widget-text-editor\" data-id=\"225e735\" data-element_type=\"widget\" data-e-type=\"widget\" data-widget_type=\"text-editor.default\">\n\t\t\t\t<div class=\"elementor-widget-container\">\n\t\t\t\t\t\t\t\t\t<em>Chez Somagen Diagnostics, nous croyons qu&#8217;il est important d&#8217;apporter de la valeur \u00e0 nos communaut\u00e9s, coll\u00e8gues, clients et partenaires. Nous accordons la priorit\u00e9 \u00e0 la s\u00e9curit\u00e9, au bien-\u00eatre et \u00e0 l&#8217;\u00e9quilibre travail\/vie personnelle. Nous veillons \u00e0 ce qu\u2019il y ait des possibilit\u00e9s \u00e9quitables de formation continue et de perfectionnement professionnel. Nous nous effor\u00e7ons de favoriser la diversit\u00e9, l&#8217;\u00e9quit\u00e9 et l&#8217;inclusion en cr\u00e9ant une culture qui respecte et valorise nos diff\u00e9rences.<\/em>\t\t\t\t\t\t\t\t<\/div>\n\t\t\t\t<\/div>\n\t\t\t\t\t<\/div>\n\t\t<\/div>\n\t\t\t\t\t<\/div>\n\t\t<\/section>\n\t\t\t\t<section class=\"elementor-section elementor-top-section elementor-element elementor-element-24e6e99 elementor-section-boxed elementor-section-height-default elementor-section-height-default elementor-invisible\" data-id=\"24e6e99\" data-element_type=\"section\" data-e-type=\"section\" data-settings=\"{&quot;animation&quot;:&quot;fadeInUp&quot;}\">\n\t\t\t\t\t\t<div class=\"elementor-container elementor-column-gap-default\">\n\t\t\t\t\t<div class=\"elementor-column elementor-col-50 elementor-top-column elementor-element elementor-element-7f014f2\" data-id=\"7f014f2\" data-element_type=\"column\" data-e-type=\"column\">\n\t\t\t<div class=\"elementor-widget-wrap elementor-element-populated\">\n\t\t\t\t\t\t<div class=\"elementor-element elementor-element-99e0ff8 elementor-widget elementor-widget-text-editor\" data-id=\"99e0ff8\" data-element_type=\"widget\" data-e-type=\"widget\" data-widget_type=\"text-editor.default\">\n\t\t\t\t<div class=\"elementor-widget-container\">\n\t\t\t\t\t\t\t\t\t<em>Croissance professionnelle et \u00e9ducation<\/em>\t\t\t\t\t\t\t\t<\/div>\n\t\t\t\t<\/div>\n\t\t\t\t<div class=\"elementor-element elementor-element-509f876 elementor-widget elementor-widget-text-editor\" data-id=\"509f876\" data-element_type=\"widget\" data-e-type=\"widget\" data-widget_type=\"text-editor.default\">\n\t\t\t\t<div class=\"elementor-widget-container\">\n\t\t\t\t\t\t\t\t\t<em>Chez Somagen Diagnostics, nos gestionnaires sont charg\u00e9s de soutenir l&#8217;apprentissage et le d\u00e9veloppement de leurs coll\u00e8gues en fixant des objectifs, en donnant des commentaires clairs et r\u00e9guliers et en offrant des opportunit\u00e9s d&#8217;acquisition de nouvelles comp\u00e9tences. Nous fournissons et encourageons la formation et le d\u00e9veloppement continus pour tout le personnel chez Somagen Diagnostics. Les employ\u00e9s sont activement encourag\u00e9s et soutenus dans leurs ambitions de poursuivre leur perfectionnement professionnel.<\/em>\t\t\t\t\t\t\t\t<\/div>\n\t\t\t\t<\/div>\n\t\t\t\t\t<\/div>\n\t\t<\/div>\n\t\t\t\t<div class=\"elementor-column elementor-col-50 elementor-top-column elementor-element elementor-element-d42ccc3\" data-id=\"d42ccc3\" data-element_type=\"column\" data-e-type=\"column\">\n\t\t\t<div class=\"elementor-widget-wrap elementor-element-populated\">\n\t\t\t\t\t\t<div class=\"elementor-element elementor-element-f57e4ae elementor-widget elementor-widget-image\" data-id=\"f57e4ae\" data-element_type=\"widget\" data-e-type=\"widget\" data-widget_type=\"image.default\">\n\t\t\t\t<div class=\"elementor-widget-container\">\n\t\t\t\t\t\t\t\t\t\t\t\t\t\t\t<img fetchpriority=\"high\" decoding=\"async\" width=\"2560\" height=\"1709\" src=\"https:\/\/www.somagen.com\/wp-content\/uploads\/2021\/09\/iStock-627646012-scaled.jpg\" class=\"attachment-full size-full wp-image-19206\" alt=\"\" srcset=\"https:\/\/www.somagen.com\/wp-content\/uploads\/2021\/09\/iStock-627646012-scaled.jpg 2560w, https:\/\/www.somagen.com\/wp-content\/uploads\/2021\/09\/iStock-627646012-800x534.jpg 800w, https:\/\/www.somagen.com\/wp-content\/uploads\/2021\/09\/iStock-627646012-1918x1280.jpg 1918w, https:\/\/www.somagen.com\/wp-content\/uploads\/2021\/09\/iStock-627646012-768x513.jpg 768w, https:\/\/www.somagen.com\/wp-content\/uploads\/2021\/09\/iStock-627646012-1536x1025.jpg 1536w, https:\/\/www.somagen.com\/wp-content\/uploads\/2021\/09\/iStock-627646012-2048x1367.jpg 2048w\" sizes=\"(max-width: 2560px) 100vw, 2560px\" \/>\t\t\t\t\t\t\t\t\t\t\t\t\t\t\t<\/div>\n\t\t\t\t<\/div>\n\t\t\t\t\t<\/div>\n\t\t<\/div>\n\t\t\t\t\t<\/div>\n\t\t<\/section>\n\t\t\t\t<section class=\"elementor-section elementor-top-section elementor-element elementor-element-af2a089 elementor-section-boxed elementor-section-height-default elementor-section-height-default elementor-invisible\" data-id=\"af2a089\" data-element_type=\"section\" data-e-type=\"section\" data-settings=\"{&quot;animation&quot;:&quot;fadeInUp&quot;}\">\n\t\t\t\t\t\t<div class=\"elementor-container elementor-column-gap-default\">\n\t\t\t\t\t<div class=\"elementor-column elementor-col-50 elementor-top-column elementor-element elementor-element-8e8574e\" data-id=\"8e8574e\" data-element_type=\"column\" data-e-type=\"column\">\n\t\t\t<div class=\"elementor-widget-wrap elementor-element-populated\">\n\t\t\t\t\t\t<div class=\"elementor-element elementor-element-224e8b3 elementor-widget elementor-widget-text-editor\" data-id=\"224e8b3\" data-element_type=\"widget\" data-e-type=\"widget\" data-widget_type=\"text-editor.default\">\n\t\t\t\t<div class=\"elementor-widget-container\">\n\t\t\t\t\t\t\t\t\t<em>L&#8217;\u00e9quilibre travail-vie personnelle<\/em>\t\t\t\t\t\t\t\t<\/div>\n\t\t\t\t<\/div>\n\t\t\t\t<div class=\"elementor-element elementor-element-b08af3b elementor-widget elementor-widget-text-editor\" data-id=\"b08af3b\" data-element_type=\"widget\" data-e-type=\"widget\" data-widget_type=\"text-editor.default\">\n\t\t\t\t<div class=\"elementor-widget-container\">\n\t\t\t\t\t\t\t\t\t<em>Somagen croit fermement \u00e0 la cr\u00e9ation d&#8217;un environnement de travail et d&#8217;une culture d&#8217;entreprise o\u00f9 l&#8217;\u00e9quilibre travail-vie personnelle est une priorit\u00e9. Un \u00e9quilibre entre le travail et la vie personnelle favorise la satisfaction professionnelle, am\u00e9liore la productivit\u00e9, renforce le moral tout en favorisant la sant\u00e9 et le bonheur en g\u00e9n\u00e9ral. Somagen s&#8217;efforce continuellement d&#8217;offrir des programmes courants, pertinents et percutants pour nos employ\u00e9s.<\/em>\t\t\t\t\t\t\t\t<\/div>\n\t\t\t\t<\/div>\n\t\t\t\t\t<\/div>\n\t\t<\/div>\n\t\t\t\t<div class=\"elementor-column elementor-col-50 elementor-top-column elementor-element elementor-element-8417139\" data-id=\"8417139\" data-element_type=\"column\" data-e-type=\"column\">\n\t\t\t<div class=\"elementor-widget-wrap elementor-element-populated\">\n\t\t\t\t\t\t<div class=\"elementor-element elementor-element-18866c3 elementor-widget elementor-widget-image\" data-id=\"18866c3\" data-element_type=\"widget\" data-e-type=\"widget\" data-widget_type=\"image.default\">\n\t\t\t\t<div class=\"elementor-widget-container\">\n\t\t\t\t\t\t\t\t\t\t\t\t\t\t\t<img decoding=\"async\" width=\"2560\" height=\"1707\" src=\"https:\/\/www.somagen.com\/wp-content\/uploads\/2021\/09\/iStock-187639586-scaled.jpg\" class=\"attachment-full size-full wp-image-19218\" alt=\"\" srcset=\"https:\/\/www.somagen.com\/wp-content\/uploads\/2021\/09\/iStock-187639586-scaled.jpg 2560w, https:\/\/www.somagen.com\/wp-content\/uploads\/2021\/09\/iStock-187639586-800x533.jpg 800w, https:\/\/www.somagen.com\/wp-content\/uploads\/2021\/09\/iStock-187639586-1920x1280.jpg 1920w, https:\/\/www.somagen.com\/wp-content\/uploads\/2021\/09\/iStock-187639586-768x512.jpg 768w, https:\/\/www.somagen.com\/wp-content\/uploads\/2021\/09\/iStock-187639586-1536x1024.jpg 1536w, https:\/\/www.somagen.com\/wp-content\/uploads\/2021\/09\/iStock-187639586-2048x1365.jpg 2048w\" sizes=\"(max-width: 2560px) 100vw, 2560px\" \/>\t\t\t\t\t\t\t\t\t\t\t\t\t\t\t<\/div>\n\t\t\t\t<\/div>\n\t\t\t\t\t<\/div>\n\t\t<\/div>\n\t\t\t\t\t<\/div>\n\t\t<\/section>\n\t\t\t\t<section class=\"elementor-section elementor-top-section elementor-element elementor-element-aebc8ea elementor-section-boxed elementor-section-height-default elementor-section-height-default elementor-invisible\" data-id=\"aebc8ea\" data-element_type=\"section\" data-e-type=\"section\" data-settings=\"{&quot;animation&quot;:&quot;fadeInUp&quot;}\">\n\t\t\t\t\t\t<div class=\"elementor-container elementor-column-gap-default\">\n\t\t\t\t\t<div class=\"elementor-column elementor-col-50 elementor-top-column elementor-element elementor-element-6e02f3b\" data-id=\"6e02f3b\" data-element_type=\"column\" data-e-type=\"column\">\n\t\t\t<div class=\"elementor-widget-wrap elementor-element-populated\">\n\t\t\t\t\t\t<div class=\"elementor-element elementor-element-3fcb526 elementor-widget elementor-widget-text-editor\" data-id=\"3fcb526\" data-element_type=\"widget\" data-e-type=\"widget\" data-widget_type=\"text-editor.default\">\n\t\t\t\t<div class=\"elementor-widget-container\">\n\t\t\t\t\t\t\t\t\t<em>S\u00e9curit\u00e9 et bien-\u00eatre du personnel<\/em>\t\t\t\t\t\t\t\t<\/div>\n\t\t\t\t<\/div>\n\t\t\t\t<div class=\"elementor-element elementor-element-01d0eae elementor-widget elementor-widget-text-editor\" data-id=\"01d0eae\" data-element_type=\"widget\" data-e-type=\"widget\" data-widget_type=\"text-editor.default\">\n\t\t\t\t<div class=\"elementor-widget-container\">\n\t\t\t\t\t\t\t\t\t<em>Somagen encourage une bonne sant\u00e9 physique et mentale, en veillant \u00e0 ce que le personnel accorde la priorit\u00e9 \u00e0 son bien-\u00eatre g\u00e9n\u00e9ral. Nous accordons une grande importance au bien-\u00eatre de nos coll\u00e8gues gr\u00e2ce \u00e0 nos programmes d&#8217;aide aux employ\u00e9s. Somagen s&#8217;engage pleinement \u00e0 garantir des conditions de travail propres, s\u00fbres et saines et promeut activement une solide culture de la s\u00e9curit\u00e9. Nous travaillons fort pour nous assurer que nos normes de sant\u00e9 et de s\u00e9curit\u00e9 sont continuellement am\u00e9lior\u00e9es gr\u00e2ce \u00e0 nos programmes de sant\u00e9 et de s\u00e9curit\u00e9 au travail, notre comit\u00e9 mixte de sant\u00e9 et de s\u00e9curit\u00e9 ainsi que nos initiatives ESG (environnementales, sociales et de gouvernance) ax\u00e9es sur la sant\u00e9 et la s\u00e9curit\u00e9 globales des employ\u00e9s de Somagen.<\/em>\t\t\t\t\t\t\t\t<\/div>\n\t\t\t\t<\/div>\n\t\t\t\t\t<\/div>\n\t\t<\/div>\n\t\t\t\t<div class=\"elementor-column elementor-col-50 elementor-top-column elementor-element elementor-element-ca73b3f\" data-id=\"ca73b3f\" data-element_type=\"column\" data-e-type=\"column\">\n\t\t\t<div class=\"elementor-widget-wrap elementor-element-populated\">\n\t\t\t\t\t\t<div class=\"elementor-element elementor-element-b1122fa elementor-widget elementor-widget-image\" data-id=\"b1122fa\" data-element_type=\"widget\" data-e-type=\"widget\" data-widget_type=\"image.default\">\n\t\t\t\t<div class=\"elementor-widget-container\">\n\t\t\t\t\t\t\t\t\t\t\t\t\t\t\t<img decoding=\"async\" width=\"2560\" height=\"1706\" src=\"https:\/\/www.somagen.com\/wp-content\/uploads\/2021\/09\/Health-and-Safety-scaled.jpg\" class=\"attachment-full size-full wp-image-19236\" alt=\"\" srcset=\"https:\/\/www.somagen.com\/wp-content\/uploads\/2021\/09\/Health-and-Safety-scaled.jpg 2560w, https:\/\/www.somagen.com\/wp-content\/uploads\/2021\/09\/Health-and-Safety-800x533.jpg 800w, https:\/\/www.somagen.com\/wp-content\/uploads\/2021\/09\/Health-and-Safety-1920x1280.jpg 1920w, https:\/\/www.somagen.com\/wp-content\/uploads\/2021\/09\/Health-and-Safety-768x512.jpg 768w, https:\/\/www.somagen.com\/wp-content\/uploads\/2021\/09\/Health-and-Safety-1536x1024.jpg 1536w, https:\/\/www.somagen.com\/wp-content\/uploads\/2021\/09\/Health-and-Safety-2048x1365.jpg 2048w\" sizes=\"(max-width: 2560px) 100vw, 2560px\" \/>\t\t\t\t\t\t\t\t\t\t\t\t\t\t\t<\/div>\n\t\t\t\t<\/div>\n\t\t\t\t\t<\/div>\n\t\t<\/div>\n\t\t\t\t\t<\/div>\n\t\t<\/section>\n\t\t\t\t<section class=\"elementor-section elementor-top-section elementor-element elementor-element-437c075 elementor-section-boxed elementor-section-height-default elementor-section-height-default elementor-invisible\" data-id=\"437c075\" data-element_type=\"section\" data-e-type=\"section\" data-settings=\"{&quot;animation&quot;:&quot;fadeInUp&quot;}\">\n\t\t\t\t\t\t<div class=\"elementor-container elementor-column-gap-default\">\n\t\t\t\t\t<div class=\"elementor-column elementor-col-50 elementor-top-column elementor-element elementor-element-e5332d5\" data-id=\"e5332d5\" data-element_type=\"column\" data-e-type=\"column\">\n\t\t\t<div class=\"elementor-widget-wrap elementor-element-populated\">\n\t\t\t\t\t\t<div class=\"elementor-element elementor-element-bc27a63 elementor-widget elementor-widget-text-editor\" data-id=\"bc27a63\" data-element_type=\"widget\" data-e-type=\"widget\" data-widget_type=\"text-editor.default\">\n\t\t\t\t<div class=\"elementor-widget-container\">\n\t\t\t\t\t\t\t\t\t<em>La culture d&#8217;entreprise<\/em>\t\t\t\t\t\t\t\t<\/div>\n\t\t\t\t<\/div>\n\t\t\t\t<div class=\"elementor-element elementor-element-2d7048e elementor-widget elementor-widget-text-editor\" data-id=\"2d7048e\" data-element_type=\"widget\" data-e-type=\"widget\" data-widget_type=\"text-editor.default\">\n\t\t\t\t<div class=\"elementor-widget-container\">\n\t\t\t\t\t\t\t\t\t<em>Le fondement de notre mod\u00e8le de culture d&#8217;entreprise est le d\u00e9sir fondamental de contribuer aux soins de sant\u00e9 canadiens. Les \u00e9quipes de Somagen valorisent l&#8217;am\u00e9lioration continue, la responsabilit\u00e9 individuelle et le respect mutuel. Nous d\u00e9montrons une am\u00e9lioration continue gr\u00e2ce \u00e0 notre orientation client d\u00e9di\u00e9e, en prenant des mesures agiles et r\u00e9actives pour nous assurer de trouver des technologies de diagnostic innovantes et de pointe. La responsabilit\u00e9 est d\u00e9montr\u00e9e en \u00e9tant des experts dans nos domaines, en prenant la responsabilit\u00e9 de fournir les normes de service et d&#8217;assistance les plus \u00e9lev\u00e9es. Nous respectons nos coll\u00e8gues, clients et partenaires dans tout ce que nous faisons.<\/em>\t\t\t\t\t\t\t\t<\/div>\n\t\t\t\t<\/div>\n\t\t\t\t\t<\/div>\n\t\t<\/div>\n\t\t\t\t<div class=\"elementor-column elementor-col-50 elementor-top-column elementor-element elementor-element-b7a4c04\" data-id=\"b7a4c04\" data-element_type=\"column\" data-e-type=\"column\">\n\t\t\t<div class=\"elementor-widget-wrap elementor-element-populated\">\n\t\t\t\t\t\t<div class=\"elementor-element elementor-element-b13fec5 elementor-widget elementor-widget-image\" data-id=\"b13fec5\" data-element_type=\"widget\" data-e-type=\"widget\" data-widget_type=\"image.default\">\n\t\t\t\t<div class=\"elementor-widget-container\">\n\t\t\t\t\t\t\t\t\t\t\t\t\t\t\t<img loading=\"lazy\" decoding=\"async\" width=\"2560\" height=\"1707\" src=\"https:\/\/www.somagen.com\/wp-content\/uploads\/2021\/08\/iStock-1225575965-scaled.jpg\" class=\"attachment-full size-full wp-image-16659\" alt=\"\" srcset=\"https:\/\/www.somagen.com\/wp-content\/uploads\/2021\/08\/iStock-1225575965-scaled.jpg 2560w, https:\/\/www.somagen.com\/wp-content\/uploads\/2021\/08\/iStock-1225575965-800x533.jpg 800w, https:\/\/www.somagen.com\/wp-content\/uploads\/2021\/08\/iStock-1225575965-1920x1280.jpg 1920w, https:\/\/www.somagen.com\/wp-content\/uploads\/2021\/08\/iStock-1225575965-768x512.jpg 768w, https:\/\/www.somagen.com\/wp-content\/uploads\/2021\/08\/iStock-1225575965-1536x1024.jpg 1536w, https:\/\/www.somagen.com\/wp-content\/uploads\/2021\/08\/iStock-1225575965-2048x1365.jpg 2048w\" sizes=\"(max-width: 2560px) 100vw, 2560px\" \/>\t\t\t\t\t\t\t\t\t\t\t\t\t\t\t<\/div>\n\t\t\t\t<\/div>\n\t\t\t\t\t<\/div>\n\t\t<\/div>\n\t\t\t\t\t<\/div>\n\t\t<\/section>\n\t\t\t\t<\/div>\n\t\t","protected":false},"excerpt":{"rendered":"<p>Notre personnel Chez Somagen Diagnostics, nous croyons qu&#8217;il est important d&#8217;apporter de la valeur \u00e0 nos communaut\u00e9s, coll\u00e8gues, clients et partenaires. Nous accordons la priorit\u00e9 \u00e0 la s\u00e9curit\u00e9, au bien-\u00eatre [&hellip;]<\/p>\n","protected":false},"author":4,"featured_media":0,"parent":27169,"menu_order":0,"comment_status":"closed","ping_status":"closed","template":"","meta":{"_relevanssi_hide_post":"","_relevanssi_hide_content":"","_relevanssi_pin_for_all":"","_relevanssi_pin_keywords":"","_relevanssi_unpin_keywords":"","_relevanssi_related_keywords":"","_relevanssi_related_include_ids":"","_relevanssi_related_exclude_ids":"","_relevanssi_related_no_append":"","_relevanssi_related_not_related":"","_relevanssi_related_posts":"","_relevanssi_noindex_reason":"","footnotes":""},"class_list":["post-27192","page","type-page","status-publish","hentry"],"_links":{"self":[{"href":"https:\/\/www.somagen.com\/fr\/wp-json\/wp\/v2\/pages\/27192","targetHints":{"allow":["GET"]}}],"collection":[{"href":"https:\/\/www.somagen.com\/fr\/wp-json\/wp\/v2\/pages"}],"about":[{"href":"https:\/\/www.somagen.com\/fr\/wp-json\/wp\/v2\/types\/page"}],"author":[{"embeddable":true,"href":"https:\/\/www.somagen.com\/fr\/wp-json\/wp\/v2\/users\/4"}],"replies":[{"embeddable":true,"href":"https:\/\/www.somagen.com\/fr\/wp-json\/wp\/v2\/comments?post=27192"}],"version-history":[{"count":23,"href":"https:\/\/www.somagen.com\/fr\/wp-json\/wp\/v2\/pages\/27192\/revisions"}],"predecessor-version":[{"id":40217,"href":"https:\/\/www.somagen.com\/fr\/wp-json\/wp\/v2\/pages\/27192\/revisions\/40217"}],"up":[{"embeddable":true,"href":"https:\/\/www.somagen.com\/fr\/wp-json\/wp\/v2\/pages\/27169"}],"wp:attachment":[{"href":"https:\/\/www.somagen.com\/fr\/wp-json\/wp\/v2\/media?parent=27192"}],"curies":[{"name":"wp","href":"https:\/\/api.w.org\/{rel}","templated":true}]}}