{"id":29049,"date":"2022-06-14T14:18:30","date_gmt":"2022-06-14T20:18:30","guid":{"rendered":"https:\/\/somagen.com\/sakura-home\/stations-de-macroscopie-tissue-tek-accu-edge\/"},"modified":"2025-03-05T10:42:55","modified_gmt":"2025-03-05T17:42:55","slug":"stations-de-macroscopie-tissue-tek-accu-edge","status":"publish","type":"page","link":"https:\/\/www.somagen.com\/fr\/sakura-home\/stations-de-macroscopie-tissue-tek-accu-edge\/","title":{"rendered":"Stations de macroscopie Tissue-Tek\u00ae Accu-Edge\u00ae"},"content":{"rendered":"\t\t<div data-elementor-type=\"wp-page\" data-elementor-id=\"29049\" class=\"elementor elementor-29049 elementor-8800\" data-elementor-post-type=\"page\">\n\t\t\t\t\t\t<section class=\"elementor-section elementor-top-section elementor-element elementor-element-36b3e87 elementor-section-height-min-height elementor-section-boxed elementor-section-height-default elementor-section-items-middle\" data-id=\"36b3e87\" data-element_type=\"section\" data-e-type=\"section\" data-settings=\"{&quot;background_background&quot;:&quot;classic&quot;}\">\n\t\t\t\t\t\t<div class=\"elementor-container elementor-column-gap-default\">\n\t\t\t\t\t<div class=\"elementor-column elementor-col-100 elementor-top-column elementor-element elementor-element-71eec26\" data-id=\"71eec26\" data-element_type=\"column\" data-e-type=\"column\">\n\t\t\t<div class=\"elementor-widget-wrap\">\n\t\t\t\t\t\t\t<\/div>\n\t\t<\/div>\n\t\t\t\t\t<\/div>\n\t\t<\/section>\n\t\t\t\t<section class=\"elementor-section elementor-top-section elementor-element elementor-element-2bc6159 elementor-section-boxed elementor-section-height-default elementor-section-height-default elementor-invisible\" data-id=\"2bc6159\" data-element_type=\"section\" data-e-type=\"section\" data-settings=\"{&quot;animation&quot;:&quot;fadeInUp&quot;}\">\n\t\t\t\t\t\t<div class=\"elementor-container elementor-column-gap-default\">\n\t\t\t\t\t<div class=\"elementor-column elementor-col-100 elementor-top-column elementor-element elementor-element-20b7cc2\" data-id=\"20b7cc2\" data-element_type=\"column\" data-e-type=\"column\">\n\t\t\t<div class=\"elementor-widget-wrap elementor-element-populated\">\n\t\t\t\t\t\t<div class=\"elementor-element elementor-element-432aaa9 elementor-widget elementor-widget-image\" data-id=\"432aaa9\" data-element_type=\"widget\" data-e-type=\"widget\" data-widget_type=\"image.default\">\n\t\t\t\t<div class=\"elementor-widget-container\">\n\t\t\t\t\t\t\t\t\t\t\t\t\t\t\t<img decoding=\"async\" width=\"85\" height=\"7\" src=\"https:\/\/www.somagen.com\/wp-content\/uploads\/2021\/09\/Sakura-Line-Official2.png\" class=\"attachment-large size-large wp-image-20809\" alt=\"\" \/>\t\t\t\t\t\t\t\t\t\t\t\t\t\t\t<\/div>\n\t\t\t\t<\/div>\n\t\t\t\t<div class=\"elementor-element elementor-element-f570492 elementor-widget elementor-widget-text-editor\" data-id=\"f570492\" data-element_type=\"widget\" data-e-type=\"widget\" data-widget_type=\"text-editor.default\">\n\t\t\t\t<div class=\"elementor-widget-container\">\n\t\t\t\t\t\t\t\t\t<p><strong>Station de macroscopie de comptoir Tissue-Tek<sup>\u00ae<\/sup> Accu-Edge<sup>\u00ae<\/sup> FLEX<\/strong><\/p>\n\t\t\t\t\t\t\t\t<\/div>\n\t\t\t\t<\/div>\n\t\t\t\t\t<\/div>\n\t\t<\/div>\n\t\t\t\t\t<\/div>\n\t\t<\/section>\n\t\t\t\t<section class=\"elementor-section elementor-top-section elementor-element elementor-element-79a813f elementor-section-boxed elementor-section-height-default elementor-section-height-default elementor-invisible\" data-id=\"79a813f\" data-element_type=\"section\" data-e-type=\"section\" data-settings=\"{&quot;animation&quot;:&quot;fadeInUp&quot;}\">\n\t\t\t\t\t\t<div class=\"elementor-container elementor-column-gap-default\">\n\t\t\t\t\t<div class=\"elementor-column elementor-col-50 elementor-top-column elementor-element elementor-element-54d880e\" data-id=\"54d880e\" data-element_type=\"column\" data-e-type=\"column\">\n\t\t\t<div class=\"elementor-widget-wrap elementor-element-populated\">\n\t\t\t\t\t\t<div class=\"elementor-element elementor-element-8cc63f8 elementor-widget elementor-widget-text-editor\" data-id=\"8cc63f8\" data-element_type=\"widget\" data-e-type=\"widget\" data-widget_type=\"text-editor.default\">\n\t\t\t\t<div class=\"elementor-widget-container\">\n\t\t\t\t\t\t\t\t\t<p>La flexibilit\u00e9 red\u00e9finie<\/p>\n\t\t\t\t\t\t\t\t<\/div>\n\t\t\t\t<\/div>\n\t\t\t\t<div class=\"elementor-element elementor-element-295785f elementor-widget elementor-widget-text-editor\" data-id=\"295785f\" data-element_type=\"widget\" data-e-type=\"widget\" data-widget_type=\"text-editor.default\">\n\t\t\t\t<div class=\"elementor-widget-container\">\n\t\t\t\t\t\t\t\t\t<p>La station de macroscopie Tissue-Tek<sup>\u00ae<\/sup> Accu-Edge<sup>\u00ae<\/sup> FLEX est une solution polyvalente et personnalisable pour les laboratoires de pathologie. Gr\u00e2ce \u00e0 sa conception modulaire, cette station de macroscopie \u00e9l\u00e9vatrice permet une personnalisation adapt\u00e9e aux besoins et pr\u00e9f\u00e9rences sp\u00e9cifiques de chaque laboratoire.<\/p><p>La station Tissue-Tek<sup>\u00ae<\/sup> Accu-Edge<sup>\u00ae<\/sup> FLEX offre une vari\u00e9t\u00e9 d&#8217;accessoires et de configurations, permettant aux laboratoires d&#8217;optimiser leur espace de travail, d&#8217;am\u00e9liorer l&#8217;ergonomie et de s&#8217;adapter \u00e0 leurs exigences uniques en mati\u00e8re de flux de travail.<\/p><p>Con\u00e7ue pour maximiser l&#8217;espace du laboratoire et s&#8217;adapter aux pr\u00e9f\u00e9rences individuelles, cette station de macroscopie flexible fournit les outils n\u00e9cessaires pour am\u00e9liorer l&#8217;efficacit\u00e9 et la qualit\u00e9 du travail en pathologie.<\/p><p><strong><a href=\"https:\/\/www.sakuraus.com\/Products\/Grossing-Trimming\/Tissue-Tek-Accu-Edge-FLEX-Grossing-Stations.html\" target=\"_blank\" rel=\"noopener\">Cliquez ici pour personnaliser votre station de macroscopie de comptoir Tissue-Tek<sup>\u00ae<\/sup> Accu-Edge<\/a><a href=\"https:\/\/www.sakuraus.com\/Products\/Grossing-Trimming\/Tissue-Tek-Accu-Edge-FLEX-Grossing-Stations.html\" target=\"_blank\" rel=\"noopener\"><sup>\u00ae<\/sup><\/a><a href=\"https:\/\/www.sakuraus.com\/Products\/Grossing-Trimming\/Tissue-Tek-Accu-Edge-FLEX-Grossing-Stations.html\" target=\"_blank\" rel=\"noopener\"> FLEX.<\/a><\/strong> \u00a0<\/p>\t\t\t\t\t\t\t\t<\/div>\n\t\t\t\t<\/div>\n\t\t\t\t\t<\/div>\n\t\t<\/div>\n\t\t\t\t<div class=\"elementor-column elementor-col-50 elementor-top-column elementor-element elementor-element-85153b5\" data-id=\"85153b5\" data-element_type=\"column\" data-e-type=\"column\">\n\t\t\t<div class=\"elementor-widget-wrap elementor-element-populated\">\n\t\t\t\t\t\t<div class=\"elementor-element elementor-element-dc1252e elementor-widget__width-initial elementor-widget elementor-widget-image\" data-id=\"dc1252e\" data-element_type=\"widget\" data-e-type=\"widget\" data-widget_type=\"image.default\">\n\t\t\t\t<div class=\"elementor-widget-container\">\n\t\t\t\t\t\t\t\t\t\t\t\t\t\t\t<img fetchpriority=\"high\" decoding=\"async\" width=\"513\" height=\"600\" src=\"https:\/\/www.somagen.com\/wp-content\/uploads\/2025\/02\/Flex-513x600.png\" class=\"attachment-medium size-medium wp-image-43308\" alt=\"\" srcset=\"https:\/\/www.somagen.com\/wp-content\/uploads\/2025\/02\/Flex-513x600.png 513w, https:\/\/www.somagen.com\/wp-content\/uploads\/2025\/02\/Flex.png 599w\" sizes=\"(max-width: 513px) 100vw, 513px\" \/>\t\t\t\t\t\t\t\t\t\t\t\t\t\t\t<\/div>\n\t\t\t\t<\/div>\n\t\t\t\t\t<\/div>\n\t\t<\/div>\n\t\t\t\t\t<\/div>\n\t\t<\/section>\n\t\t\t\t<section class=\"elementor-section elementor-top-section elementor-element elementor-element-67a3f05 elementor-section-boxed elementor-section-height-default elementor-section-height-default elementor-invisible\" data-id=\"67a3f05\" data-element_type=\"section\" data-e-type=\"section\" data-settings=\"{&quot;animation&quot;:&quot;fadeInUp&quot;}\">\n\t\t\t\t\t\t<div class=\"elementor-container elementor-column-gap-default\">\n\t\t\t\t\t<div class=\"elementor-column elementor-col-100 elementor-top-column elementor-element elementor-element-2e69770\" data-id=\"2e69770\" data-element_type=\"column\" data-e-type=\"column\">\n\t\t\t<div class=\"elementor-widget-wrap elementor-element-populated\">\n\t\t\t\t\t\t<div class=\"elementor-element elementor-element-240ebcd elementor-widget-divider--view-line elementor-widget elementor-widget-divider\" data-id=\"240ebcd\" data-element_type=\"widget\" data-e-type=\"widget\" data-widget_type=\"divider.default\">\n\t\t\t\t<div class=\"elementor-widget-container\">\n\t\t\t\t\t\t\t<div class=\"elementor-divider\">\n\t\t\t<span class=\"elementor-divider-separator\">\n\t\t\t\t\t\t<\/span>\n\t\t<\/div>\n\t\t\t\t\t\t<\/div>\n\t\t\t\t<\/div>\n\t\t\t\t\t<\/div>\n\t\t<\/div>\n\t\t\t\t\t<\/div>\n\t\t<\/section>\n\t\t\t\t<section class=\"elementor-section elementor-top-section elementor-element elementor-element-80b5fcf elementor-section-boxed elementor-section-height-default elementor-section-height-default elementor-invisible\" data-id=\"80b5fcf\" data-element_type=\"section\" data-e-type=\"section\" data-settings=\"{&quot;animation&quot;:&quot;fadeInUp&quot;}\">\n\t\t\t\t\t\t<div class=\"elementor-container elementor-column-gap-default\">\n\t\t\t\t\t<div class=\"elementor-column elementor-col-100 elementor-top-column elementor-element elementor-element-6ec9a05\" data-id=\"6ec9a05\" data-element_type=\"column\" data-e-type=\"column\">\n\t\t\t<div class=\"elementor-widget-wrap elementor-element-populated\">\n\t\t\t\t\t\t<div class=\"elementor-element elementor-element-5a5ab60 elementor-widget elementor-widget-image\" data-id=\"5a5ab60\" data-element_type=\"widget\" data-e-type=\"widget\" data-widget_type=\"image.default\">\n\t\t\t\t<div class=\"elementor-widget-container\">\n\t\t\t\t\t\t\t\t\t\t\t\t\t\t\t<img decoding=\"async\" width=\"85\" height=\"7\" src=\"https:\/\/www.somagen.com\/wp-content\/uploads\/2021\/09\/Sakura-Line-Official2.png\" class=\"attachment-large size-large wp-image-20809\" alt=\"\" \/>\t\t\t\t\t\t\t\t\t\t\t\t\t\t\t<\/div>\n\t\t\t\t<\/div>\n\t\t\t\t<div class=\"elementor-element elementor-element-3e6cef9 elementor-widget elementor-widget-text-editor\" data-id=\"3e6cef9\" data-element_type=\"widget\" data-e-type=\"widget\" data-widget_type=\"text-editor.default\">\n\t\t\t\t<div class=\"elementor-widget-container\">\n\t\t\t\t\t\t\t\t\t<p><strong>Sacs de biopsie Tissue-Tek<sup>\u00ae<\/sup><\/strong><\/p>\n\t\t\t\t\t\t\t\t<\/div>\n\t\t\t\t<\/div>\n\t\t\t\t\t<\/div>\n\t\t<\/div>\n\t\t\t\t\t<\/div>\n\t\t<\/section>\n\t\t\t\t<section class=\"elementor-section elementor-top-section elementor-element elementor-element-717001b elementor-section-boxed elementor-section-height-default elementor-section-height-default elementor-invisible\" data-id=\"717001b\" data-element_type=\"section\" data-e-type=\"section\" data-settings=\"{&quot;animation&quot;:&quot;fadeInUp&quot;}\">\n\t\t\t\t\t\t<div class=\"elementor-container elementor-column-gap-default\">\n\t\t\t\t\t<div class=\"elementor-column elementor-col-50 elementor-top-column elementor-element elementor-element-b535568\" data-id=\"b535568\" data-element_type=\"column\" data-e-type=\"column\">\n\t\t\t<div class=\"elementor-widget-wrap elementor-element-populated\">\n\t\t\t\t\t\t<div class=\"elementor-element elementor-element-a155e24 elementor-widget elementor-widget-text-editor\" data-id=\"a155e24\" data-element_type=\"widget\" data-e-type=\"widget\" data-widget_type=\"text-editor.default\">\n\t\t\t\t<div class=\"elementor-widget-container\">\n\t\t\t\t\t\t\t\t\t<p><strong>Sacs \u00e0 biopsie qui r\u00e9duisent le risque de perte d&#8217;\u00e9chantillons<\/strong><\/p>\n\t\t\t\t\t\t\t\t<\/div>\n\t\t\t\t<\/div>\n\t\t\t\t<div class=\"elementor-element elementor-element-1c1f99b elementor-widget elementor-widget-text-editor\" data-id=\"1c1f99b\" data-element_type=\"widget\" data-e-type=\"widget\" data-widget_type=\"text-editor.default\">\n\t\t\t\t<div class=\"elementor-widget-container\">\n\t\t\t\t\t\t\t\t\t<p>Les sacs de biopsie en maille de nylon de qualit\u00e9 sup\u00e9rieure r\u00e9duisent le risque de perte de petits \u00e9chantillons pendant le traitement des tissus. La conception permet un mouvement fluide sans restriction autour des tissus. Le mat\u00e9riau et la taille des mailles des sacs de biopsie les rendent faciles \u00e0 ouvrir lors de la macroscopie. Les sacs s&#8217;ouvrent pour un retrait rapide de l&#8217;\u00e9chantillon lors de l&#8217;enrobage.<\/p>\n<ul>\n<li>Taille des mailles\u00a0: 200 x 200 microns<\/li>\n<li>Mat\u00e9riau de nylon<\/li>\n<\/ul>\n\t\t\t\t\t\t\t\t<\/div>\n\t\t\t\t<\/div>\n\t\t\t\t<div class=\"elementor-element elementor-element-0e7158c elementor-widget elementor-widget-image\" data-id=\"0e7158c\" data-element_type=\"widget\" data-e-type=\"widget\" data-widget_type=\"image.default\">\n\t\t\t\t<div class=\"elementor-widget-container\">\n\t\t\t\t\t\t\t\t\t\t\t\t\t\t\t<img decoding=\"async\" width=\"85\" height=\"7\" src=\"https:\/\/www.somagen.com\/wp-content\/uploads\/2021\/09\/Sakura-Line-Official2.png\" class=\"attachment-large size-large wp-image-20809\" alt=\"\" \/>\t\t\t\t\t\t\t\t\t\t\t\t\t\t\t<\/div>\n\t\t\t\t<\/div>\n\t\t\t\t<div class=\"elementor-element elementor-element-85cb1a0 elementor-widget elementor-widget-text-editor\" data-id=\"85cb1a0\" data-element_type=\"widget\" data-e-type=\"widget\" data-widget_type=\"text-editor.default\">\n\t\t\t\t<div class=\"elementor-widget-container\">\n\t\t\t\t\t\t\t\t\t<p><strong>Sacs de biopsie Histo-Tek<sup>\u00ae<\/sup><\/strong><\/p>\n\t\t\t\t\t\t\t\t<\/div>\n\t\t\t\t<\/div>\n\t\t\t\t<div class=\"elementor-element elementor-element-2576ee3 elementor-widget elementor-widget-text-editor\" data-id=\"2576ee3\" data-element_type=\"widget\" data-e-type=\"widget\" data-widget_type=\"text-editor.default\">\n\t\t\t\t<div class=\"elementor-widget-container\">\n\t\t\t\t\t\t\t\t\t<p><strong>Sacs en filet de nylon<\/strong><\/p>\n\t\t\t\t\t\t\t\t<\/div>\n\t\t\t\t<\/div>\n\t\t\t\t<div class=\"elementor-element elementor-element-faceaec elementor-widget elementor-widget-text-editor\" data-id=\"faceaec\" data-element_type=\"widget\" data-e-type=\"widget\" data-widget_type=\"text-editor.default\">\n\t\t\t\t<div class=\"elementor-widget-container\">\n\t\t\t\t\t\t\t\t\t<p>Les sacs en filet de nylon standard r\u00e9duisent le risque de perte des petits \u00e9chantillons pendant le traitement des tissus. La conception permet un mouvement fluide sans restriction autour des tissus. Les sacs de biopsie s&#8217;ouvrent pour un retrait rapide des \u00e9chantillons lors de l&#8217;enrobage<\/p>\n<ul>\n<li>Taille des mailles\u00a0: 150 x 225 microns<\/li>\n<li>Mat\u00e9riau de nylon<\/li>\n<\/ul>\n\t\t\t\t\t\t\t\t<\/div>\n\t\t\t\t<\/div>\n\t\t\t\t\t<\/div>\n\t\t<\/div>\n\t\t\t\t<div class=\"elementor-column elementor-col-50 elementor-top-column elementor-element elementor-element-f4d6b4b\" data-id=\"f4d6b4b\" data-element_type=\"column\" data-e-type=\"column\">\n\t\t\t<div class=\"elementor-widget-wrap elementor-element-populated\">\n\t\t\t\t\t\t<div class=\"elementor-element elementor-element-9a3f98e elementor-widget elementor-widget-image\" data-id=\"9a3f98e\" data-element_type=\"widget\" data-e-type=\"widget\" data-widget_type=\"image.default\">\n\t\t\t\t<div class=\"elementor-widget-container\">\n\t\t\t\t\t\t\t\t\t\t\t\t\t\t\t<img decoding=\"async\" src=\"https:\/\/www.somagen.com\/wp-content\/uploads\/elementor\/thumbs\/Biopsy-Bags-p95ilbdnr3s3ybqccpa9r7e3ekj646t805d6g3j98o.jpg\" title=\"Werk in opdracht\" alt=\"Werk in opdracht\" loading=\"lazy\" \/>\t\t\t\t\t\t\t\t\t\t\t\t\t\t\t<\/div>\n\t\t\t\t<\/div>\n\t\t\t\t\t<\/div>\n\t\t<\/div>\n\t\t\t\t\t<\/div>\n\t\t<\/section>\n\t\t\t\t<section class=\"elementor-section elementor-top-section elementor-element elementor-element-022c88e elementor-section-boxed elementor-section-height-default elementor-section-height-default\" data-id=\"022c88e\" data-element_type=\"section\" data-e-type=\"section\">\n\t\t\t\t\t\t<div class=\"elementor-container elementor-column-gap-default\">\n\t\t\t\t\t<div class=\"elementor-column elementor-col-100 elementor-top-column elementor-element elementor-element-17bb513\" data-id=\"17bb513\" data-element_type=\"column\" data-e-type=\"column\">\n\t\t\t<div class=\"elementor-widget-wrap elementor-element-populated\">\n\t\t\t\t\t\t<div class=\"elementor-element elementor-element-f636ebc elementor-widget elementor-widget-button\" data-id=\"f636ebc\" data-element_type=\"widget\" data-e-type=\"widget\" data-widget_type=\"button.default\">\n\t\t\t\t<div class=\"elementor-widget-container\">\n\t\t\t\t\t\t\t\t\t<div class=\"elementor-button-wrapper\">\n\t\t\t\t\t<a class=\"elementor-button elementor-button-link elementor-size-sm\" href=\"https:\/\/www.sakuraus.com\/Products\/Grossing-Trimming\/Tissue-Tek-sup-reg;-sup-Biopsy-Bags.html\" target=\"_blank\" rel=\"noopener\">\n\t\t\t\t\t\t<span class=\"elementor-button-content-wrapper\">\n\t\t\t\t\t\t\t\t\t<span class=\"elementor-button-text\">APPRENEZ-EN PLUS<\/span>\n\t\t\t\t\t<\/span>\n\t\t\t\t\t<\/a>\n\t\t\t\t<\/div>\n\t\t\t\t\t\t\t\t<\/div>\n\t\t\t\t<\/div>\n\t\t\t\t\t<\/div>\n\t\t<\/div>\n\t\t\t\t\t<\/div>\n\t\t<\/section>\n\t\t\t\t<\/div>\n\t\t","protected":false},"excerpt":{"rendered":"<p>Station de macroscopie de comptoir Tissue-Tek\u00ae Accu-Edge\u00ae FLEX La flexibilit\u00e9 red\u00e9finie La station de macroscopie Tissue-Tek\u00ae Accu-Edge\u00ae FLEX est une solution polyvalente et personnalisable pour les laboratoires de pathologie. Gr\u00e2ce [&hellip;]<\/p>\n","protected":false},"author":4,"featured_media":0,"parent":29007,"menu_order":0,"comment_status":"closed","ping_status":"closed","template":"","meta":{"_relevanssi_hide_post":"","_relevanssi_hide_content":"","_relevanssi_pin_for_all":"","_relevanssi_pin_keywords":"","_relevanssi_unpin_keywords":"","_relevanssi_related_keywords":"","_relevanssi_related_include_ids":"","_relevanssi_related_exclude_ids":"","_relevanssi_related_no_append":"","_relevanssi_related_not_related":"","_relevanssi_related_posts":"","_relevanssi_noindex_reason":"","footnotes":""},"class_list":["post-29049","page","type-page","status-publish","hentry"],"_links":{"self":[{"href":"https:\/\/www.somagen.com\/fr\/wp-json\/wp\/v2\/pages\/29049","targetHints":{"allow":["GET"]}}],"collection":[{"href":"https:\/\/www.somagen.com\/fr\/wp-json\/wp\/v2\/pages"}],"about":[{"href":"https:\/\/www.somagen.com\/fr\/wp-json\/wp\/v2\/types\/page"}],"author":[{"embeddable":true,"href":"https:\/\/www.somagen.com\/fr\/wp-json\/wp\/v2\/users\/4"}],"replies":[{"embeddable":true,"href":"https:\/\/www.somagen.com\/fr\/wp-json\/wp\/v2\/comments?post=29049"}],"version-history":[{"count":43,"href":"https:\/\/www.somagen.com\/fr\/wp-json\/wp\/v2\/pages\/29049\/revisions"}],"predecessor-version":[{"id":43379,"href":"https:\/\/www.somagen.com\/fr\/wp-json\/wp\/v2\/pages\/29049\/revisions\/43379"}],"up":[{"embeddable":true,"href":"https:\/\/www.somagen.com\/fr\/wp-json\/wp\/v2\/pages\/29007"}],"wp:attachment":[{"href":"https:\/\/www.somagen.com\/fr\/wp-json\/wp\/v2\/media?parent=29049"}],"curies":[{"name":"wp","href":"https:\/\/api.w.org\/{rel}","templated":true}]}}