{"id":29099,"date":"2022-06-15T10:27:11","date_gmt":"2022-06-15T16:27:11","guid":{"rendered":"https:\/\/somagen.com\/sakura-home\/imprimante-a-cassettes-tissue-tek-smartwrite-manuelle\/"},"modified":"2022-09-21T11:43:05","modified_gmt":"2022-09-21T17:43:05","slug":"imprimante-a-cassettes-tissue-tek-smartwrite-manuelle","status":"publish","type":"page","link":"https:\/\/www.somagen.com\/fr\/sakura-home\/imprimante-a-cassettes-tissue-tek-smartwrite-manuelle\/","title":{"rendered":"Imprimante \u00e0 cassettes Tissue-Tek\u00ae SmartWrite\u00ae (manuelle)"},"content":{"rendered":"\t\t<div data-elementor-type=\"wp-page\" data-elementor-id=\"29099\" class=\"elementor elementor-29099 elementor-12650\" data-elementor-post-type=\"page\">\n\t\t\t\t\t\t<section class=\"elementor-section elementor-top-section elementor-element elementor-element-4a20347 elementor-section-height-min-height elementor-section-boxed elementor-section-height-default elementor-section-items-middle\" data-id=\"4a20347\" data-element_type=\"section\" data-e-type=\"section\" data-settings=\"{&quot;background_background&quot;:&quot;classic&quot;}\">\n\t\t\t\t\t\t<div class=\"elementor-container elementor-column-gap-default\">\n\t\t\t\t\t<div class=\"elementor-column elementor-col-100 elementor-top-column elementor-element elementor-element-c1e12bb\" data-id=\"c1e12bb\" data-element_type=\"column\" data-e-type=\"column\">\n\t\t\t<div class=\"elementor-widget-wrap\">\n\t\t\t\t\t\t\t<\/div>\n\t\t<\/div>\n\t\t\t\t\t<\/div>\n\t\t<\/section>\n\t\t\t\t<section class=\"elementor-section elementor-top-section elementor-element elementor-element-83216f8 elementor-section-boxed elementor-section-height-default elementor-section-height-default elementor-invisible\" data-id=\"83216f8\" data-element_type=\"section\" data-e-type=\"section\" data-settings=\"{&quot;animation&quot;:&quot;fadeInUp&quot;}\">\n\t\t\t\t\t\t<div class=\"elementor-container elementor-column-gap-default\">\n\t\t\t\t\t<div class=\"elementor-column elementor-col-100 elementor-top-column elementor-element elementor-element-3ef3130\" data-id=\"3ef3130\" data-element_type=\"column\" data-e-type=\"column\">\n\t\t\t<div class=\"elementor-widget-wrap elementor-element-populated\">\n\t\t\t\t\t\t<div class=\"elementor-element elementor-element-a709d63 elementor-widget elementor-widget-image\" data-id=\"a709d63\" data-element_type=\"widget\" data-e-type=\"widget\" data-widget_type=\"image.default\">\n\t\t\t\t<div class=\"elementor-widget-container\">\n\t\t\t\t\t\t\t\t\t\t\t\t\t\t\t<img decoding=\"async\" width=\"85\" height=\"7\" src=\"https:\/\/www.somagen.com\/wp-content\/uploads\/2021\/09\/Sakura-Line-Official2.png\" class=\"attachment-large size-large wp-image-20809\" alt=\"\" \/>\t\t\t\t\t\t\t\t\t\t\t\t\t\t\t<\/div>\n\t\t\t\t<\/div>\n\t\t\t\t<div class=\"elementor-element elementor-element-0563653 elementor-widget elementor-widget-text-editor\" data-id=\"0563653\" data-element_type=\"widget\" data-e-type=\"widget\" data-widget_type=\"text-editor.default\">\n\t\t\t\t<div class=\"elementor-widget-container\">\n\t\t\t\t\t\t\t\t\t<strong>Imprimante \u00e0 cassettes Tissue-Tek<sup>\u00ae<\/sup> SmartWrite<sup>\u00ae<\/sup> (manuelle)<\/strong>\t\t\t\t\t\t\t\t<\/div>\n\t\t\t\t<\/div>\n\t\t\t\t\t<\/div>\n\t\t<\/div>\n\t\t\t\t\t<\/div>\n\t\t<\/section>\n\t\t\t\t<section class=\"elementor-section elementor-top-section elementor-element elementor-element-bce53c7 elementor-section-boxed elementor-section-height-default elementor-section-height-default elementor-invisible\" data-id=\"bce53c7\" data-element_type=\"section\" data-e-type=\"section\" data-settings=\"{&quot;animation&quot;:&quot;fadeInUp&quot;}\">\n\t\t\t\t\t\t<div class=\"elementor-container elementor-column-gap-default\">\n\t\t\t\t\t<div class=\"elementor-column elementor-col-50 elementor-top-column elementor-element elementor-element-41bea4e\" data-id=\"41bea4e\" data-element_type=\"column\" data-e-type=\"column\">\n\t\t\t<div class=\"elementor-widget-wrap elementor-element-populated\">\n\t\t\t\t\t\t<div class=\"elementor-element elementor-element-98de28b elementor-widget elementor-widget-text-editor\" data-id=\"98de28b\" data-element_type=\"widget\" data-e-type=\"widget\" data-widget_type=\"text-editor.default\">\n\t\t\t\t<div class=\"elementor-widget-container\">\n\t\t\t\t\t\t\t\t\t<strong>Imprimante de cassettes d&#8217;histologie rapide, sur demande, avec couleur pour les laboratoires \u00e0 faible d\u00e9bit<\/strong>\t\t\t\t\t\t\t\t<\/div>\n\t\t\t\t<\/div>\n\t\t\t\t<div class=\"elementor-element elementor-element-d90a91e elementor-widget elementor-widget-text-editor\" data-id=\"d90a91e\" data-element_type=\"widget\" data-e-type=\"widget\" data-widget_type=\"text-editor.default\">\n\t\t\t\t<div class=\"elementor-widget-container\">\n\t\t\t\t\t\t\t\t\t<p>L&#8217;imprimante de cassettes Tissue\u2010Tek<sup>\u00ae<\/sup> SmartWrite<sup>\u00ae<\/sup> (manuelle) a un faible encombrement permettant son placement au poste de macroscopie.<\/p><p>Cette imprimante \u00e0 cassettes d&#8217;histologie est dot\u00e9e d&#8217;une technologie d&#8217;impression par transfert thermique sans bruit, sans odeur et sans polym\u00e9risation UV. La qualit\u00e9 d&#8217;impression est nette, permanente et r\u00e9sistante aux produits chimiques histologiques. Son alimentation de cassette robotis\u00e9e fiable permet une impression de cassette toutes les 7,5 secondes.<\/p><p>Ces imprimantes \u00e0 cassettes permettent \u00e9galement l&#8217;impression de codes-barres 1D et 2D \u00e0 haute r\u00e9solution et \u00e0 contenu \u00e9lev\u00e9 de 300 dpi, ainsi que l&#8217;impression alphanum\u00e9rique, graphique et de logo. Le logiciel et les pilotes Tissue\u2010Tek<sup>\u00ae<\/sup> SmartWrite<sup>\u00ae<\/sup> fournissent une solution SMART unique pour la conception de mod\u00e8les, la gestion des imprimantes et l&#8217;int\u00e9gration au SIL.<\/p><p>Les imprimantes de cassettes Tissue-Tek<sup>\u00ae<\/sup> SmartWrite<sup>\u00ae<\/sup> ont \u00e9t\u00e9 optimis\u00e9es et valid\u00e9es pour l&#8217;impression en noir ou en couleur sur les cassettes Tissue\u2010Tek<sup>\u00ae<\/sup> Uni\u2010Cassette<sup>\u00ae<\/sup>, Histo\u2010Tek<sup>\u00ae<\/sup> avec couvercle attach\u00e9 et les cadres Tissue\u2010Tek<sup>\u00ae<\/sup> Paraform<sup>\u00ae<\/sup>, cr\u00e9ant ainsi un syst\u00e8me cl\u00e9 en main pour les meilleurs r\u00e9sultats d&#8217;impression.<\/p>\t\t\t\t\t\t\t\t<\/div>\n\t\t\t\t<\/div>\n\t\t\t\t\t<\/div>\n\t\t<\/div>\n\t\t\t\t<div class=\"elementor-column elementor-col-50 elementor-top-column elementor-element elementor-element-5825034\" data-id=\"5825034\" data-element_type=\"column\" data-e-type=\"column\">\n\t\t\t<div class=\"elementor-widget-wrap elementor-element-populated\">\n\t\t\t\t\t\t<div class=\"elementor-element elementor-element-74d1b8d elementor-widget elementor-widget-image\" data-id=\"74d1b8d\" data-element_type=\"widget\" data-e-type=\"widget\" data-widget_type=\"image.default\">\n\t\t\t\t<div class=\"elementor-widget-container\">\n\t\t\t\t\t\t\t\t\t\t\t\t\t\t\t<img fetchpriority=\"high\" decoding=\"async\" width=\"800\" height=\"962\" src=\"https:\/\/www.somagen.com\/wp-content\/uploads\/2021\/06\/Tissue-Tek-SmartWrite-Cassette-Printer-1065x1280.png\" class=\"attachment-large size-large wp-image-8861\" alt=\"\" srcset=\"https:\/\/www.somagen.com\/wp-content\/uploads\/2021\/06\/Tissue-Tek-SmartWrite-Cassette-Printer-1065x1280.png 1065w, https:\/\/www.somagen.com\/wp-content\/uploads\/2021\/06\/Tissue-Tek-SmartWrite-Cassette-Printer-499x600.png 499w, https:\/\/www.somagen.com\/wp-content\/uploads\/2021\/06\/Tissue-Tek-SmartWrite-Cassette-Printer-768x923.png 768w, https:\/\/www.somagen.com\/wp-content\/uploads\/2021\/06\/Tissue-Tek-SmartWrite-Cassette-Printer-1278x1536.png 1278w, https:\/\/www.somagen.com\/wp-content\/uploads\/2021\/06\/Tissue-Tek-SmartWrite-Cassette-Printer-1704x2048.png 1704w, https:\/\/www.somagen.com\/wp-content\/uploads\/2021\/06\/Tissue-Tek-SmartWrite-Cassette-Printer.png 1904w\" sizes=\"(max-width: 800px) 100vw, 800px\" \/>\t\t\t\t\t\t\t\t\t\t\t\t\t\t\t<\/div>\n\t\t\t\t<\/div>\n\t\t\t\t\t<\/div>\n\t\t<\/div>\n\t\t\t\t\t<\/div>\n\t\t<\/section>\n\t\t\t\t<section class=\"elementor-section elementor-top-section elementor-element elementor-element-7c6fc37 elementor-section-boxed elementor-section-height-default elementor-section-height-default elementor-invisible\" data-id=\"7c6fc37\" data-element_type=\"section\" data-e-type=\"section\" data-settings=\"{&quot;animation&quot;:&quot;fadeInUp&quot;}\">\n\t\t\t\t\t\t<div class=\"elementor-container elementor-column-gap-default\">\n\t\t\t\t\t<div class=\"elementor-column elementor-col-100 elementor-top-column elementor-element elementor-element-915a1dc\" data-id=\"915a1dc\" data-element_type=\"column\" data-e-type=\"column\">\n\t\t\t<div class=\"elementor-widget-wrap elementor-element-populated\">\n\t\t\t\t\t\t<div class=\"elementor-element elementor-element-1e8dfbe elementor-widget elementor-widget-text-editor\" data-id=\"1e8dfbe\" data-element_type=\"widget\" data-e-type=\"widget\" data-widget_type=\"text-editor.default\">\n\t\t\t\t<div class=\"elementor-widget-container\">\n\t\t\t\t\t\t\t\t\t<table class=\"full-border\" width=\"98%\" cellspacing=\"0\" cellpadding=\"0\"><tbody><tr><td><p><span style=\"color: #2189ca;\"><strong>Caract\u00e9ristiques<\/strong><\/span><\/p><\/td><td><p><span style=\"color: #2189ca;\"><strong>Avantages<\/strong><\/span><\/p><\/td><\/tr><tr><td>Impression sur demande<\/td><td><ul><li>Rationalise le flux de travail et r\u00e9duit les erreurs associ\u00e9es \u00e0 l&#8217;impression par lots<\/li><\/ul><\/td><\/tr><tr><td>Qualit\u00e9 d&#8217;impression 300 dpi<\/td><td><ul><li>Codes-barres \u00e0 contenu \u00e9lev\u00e9 pour une lecture de premier passage \u00e9lev\u00e9e<\/li><\/ul><\/td><\/tr><tr><td>Options d&#8217;impression couleur et noir<\/td><td><ul><li>Peut combiner les cassettes couleur et impression couleur sur cassettes blanches pour une gestion efficace des stocks<\/li><\/ul><\/td><\/tr><tr><td>Impression par transfert thermique<\/td><td><ul><li>Fournit un \u00e9tiquetage r\u00e9sistant aux produits chimiques et aux colorations<\/li><\/ul><\/td><\/tr><tr><td>Faible encombrement<\/td><td><ul><li>Les imprimantes manuelles peuvent \u00eatre situ\u00e9es dans ou au poste de macroscopie<\/li><\/ul><\/td><\/tr><tr><td>Logiciel Tissue-Tek<sup>\u00ae<\/sup> SmartWrite<sup>\u00ae<\/sup><\/td><td><ul><li>Une seule solution pour la conception de mod\u00e8les, la gestion des imprimantes et l&#8217;int\u00e9gration au SIL.<\/li><\/ul><\/td><\/tr><\/tbody><\/table>\t\t\t\t\t\t\t\t<\/div>\n\t\t\t\t<\/div>\n\t\t\t\t\t<\/div>\n\t\t<\/div>\n\t\t\t\t\t<\/div>\n\t\t<\/section>\n\t\t\t\t<section class=\"elementor-section elementor-top-section elementor-element elementor-element-ad6546a elementor-section-boxed elementor-section-height-default elementor-section-height-default elementor-invisible\" data-id=\"ad6546a\" data-element_type=\"section\" data-e-type=\"section\" data-settings=\"{&quot;animation&quot;:&quot;fadeInUp&quot;}\">\n\t\t\t\t\t\t<div class=\"elementor-container elementor-column-gap-default\">\n\t\t\t\t\t<div class=\"elementor-column elementor-col-25 elementor-top-column elementor-element elementor-element-dc521a8\" data-id=\"dc521a8\" data-element_type=\"column\" data-e-type=\"column\">\n\t\t\t<div class=\"elementor-widget-wrap elementor-element-populated\">\n\t\t\t\t\t\t<div class=\"elementor-element elementor-element-648331b elementor-widget elementor-widget-image\" data-id=\"648331b\" data-element_type=\"widget\" data-e-type=\"widget\" data-widget_type=\"image.default\">\n\t\t\t\t<div class=\"elementor-widget-container\">\n\t\t\t\t\t\t\t\t\t\t\t\t\t\t\t<img decoding=\"async\" width=\"800\" height=\"533\" src=\"https:\/\/www.somagen.com\/wp-content\/uploads\/2021\/07\/SmartWrite-Manual-Loading-Cassette-1920x1280.jpg\" class=\"attachment-large size-large wp-image-11538\" alt=\"\" srcset=\"https:\/\/www.somagen.com\/wp-content\/uploads\/2021\/07\/SmartWrite-Manual-Loading-Cassette-1920x1280.jpg 1920w, https:\/\/www.somagen.com\/wp-content\/uploads\/2021\/07\/SmartWrite-Manual-Loading-Cassette-800x533.jpg 800w, https:\/\/www.somagen.com\/wp-content\/uploads\/2021\/07\/SmartWrite-Manual-Loading-Cassette-768x512.jpg 768w, https:\/\/www.somagen.com\/wp-content\/uploads\/2021\/07\/SmartWrite-Manual-Loading-Cassette-1536x1024.jpg 1536w, https:\/\/www.somagen.com\/wp-content\/uploads\/2021\/07\/SmartWrite-Manual-Loading-Cassette-2048x1366.jpg 2048w\" sizes=\"(max-width: 800px) 100vw, 800px\" \/>\t\t\t\t\t\t\t\t\t\t\t\t\t\t\t<\/div>\n\t\t\t\t<\/div>\n\t\t\t\t<div class=\"elementor-element elementor-element-ad10f07 elementor-widget elementor-widget-text-editor\" data-id=\"ad10f07\" data-element_type=\"widget\" data-e-type=\"widget\" data-widget_type=\"text-editor.default\">\n\t\t\t\t<div class=\"elementor-widget-container\">\n\t\t\t\t\t\t\t\t\t<p style=\"text-align: center;\"><strong>Dimension pratique<\/strong><\/p>\t\t\t\t\t\t\t\t<\/div>\n\t\t\t\t<\/div>\n\t\t\t\t\t<\/div>\n\t\t<\/div>\n\t\t\t\t<div class=\"elementor-column elementor-col-25 elementor-top-column elementor-element elementor-element-57efcc4\" data-id=\"57efcc4\" data-element_type=\"column\" data-e-type=\"column\">\n\t\t\t<div class=\"elementor-widget-wrap elementor-element-populated\">\n\t\t\t\t\t\t<div class=\"elementor-element elementor-element-50e1649 elementor-widget elementor-widget-image\" data-id=\"50e1649\" data-element_type=\"widget\" data-e-type=\"widget\" data-widget_type=\"image.default\">\n\t\t\t\t<div class=\"elementor-widget-container\">\n\t\t\t\t\t\t\t\t\t\t\t\t\t\t\t<img loading=\"lazy\" decoding=\"async\" width=\"800\" height=\"533\" src=\"https:\/\/www.somagen.com\/wp-content\/uploads\/2021\/07\/SmartWrite-Manual-Loading-Cassette-Close-View-1920x1280.jpg\" class=\"attachment-large size-large wp-image-11536\" alt=\"\" srcset=\"https:\/\/www.somagen.com\/wp-content\/uploads\/2021\/07\/SmartWrite-Manual-Loading-Cassette-Close-View-1920x1280.jpg 1920w, https:\/\/www.somagen.com\/wp-content\/uploads\/2021\/07\/SmartWrite-Manual-Loading-Cassette-Close-View-800x533.jpg 800w, https:\/\/www.somagen.com\/wp-content\/uploads\/2021\/07\/SmartWrite-Manual-Loading-Cassette-Close-View-768x512.jpg 768w, https:\/\/www.somagen.com\/wp-content\/uploads\/2021\/07\/SmartWrite-Manual-Loading-Cassette-Close-View-1536x1024.jpg 1536w, https:\/\/www.somagen.com\/wp-content\/uploads\/2021\/07\/SmartWrite-Manual-Loading-Cassette-Close-View-2048x1366.jpg 2048w\" sizes=\"(max-width: 800px) 100vw, 800px\" \/>\t\t\t\t\t\t\t\t\t\t\t\t\t\t\t<\/div>\n\t\t\t\t<\/div>\n\t\t\t\t<div class=\"elementor-element elementor-element-7ba309b elementor-widget elementor-widget-text-editor\" data-id=\"7ba309b\" data-element_type=\"widget\" data-e-type=\"widget\" data-widget_type=\"text-editor.default\">\n\t\t\t\t<div class=\"elementor-widget-container\">\n\t\t\t\t\t\t\t\t\t<p style=\"text-align: center;\"><strong>Facile \u00e0 charger<\/strong><\/p>\t\t\t\t\t\t\t\t<\/div>\n\t\t\t\t<\/div>\n\t\t\t\t\t<\/div>\n\t\t<\/div>\n\t\t\t\t<div class=\"elementor-column elementor-col-25 elementor-top-column elementor-element elementor-element-18e1c32\" data-id=\"18e1c32\" data-element_type=\"column\" data-e-type=\"column\">\n\t\t\t<div class=\"elementor-widget-wrap elementor-element-populated\">\n\t\t\t\t\t\t<div class=\"elementor-element elementor-element-2184a2c elementor-widget elementor-widget-image\" data-id=\"2184a2c\" data-element_type=\"widget\" data-e-type=\"widget\" data-widget_type=\"image.default\">\n\t\t\t\t<div class=\"elementor-widget-container\">\n\t\t\t\t\t\t\t\t\t\t\t\t\t\t\t<img loading=\"lazy\" decoding=\"async\" width=\"800\" height=\"533\" src=\"https:\/\/www.somagen.com\/wp-content\/uploads\/2021\/07\/SmartWrite-Automation-Adding-Ink-copy-1920x1280.jpg\" class=\"attachment-large size-large wp-image-12654\" alt=\"\" srcset=\"https:\/\/www.somagen.com\/wp-content\/uploads\/2021\/07\/SmartWrite-Automation-Adding-Ink-copy-1920x1280.jpg 1920w, https:\/\/www.somagen.com\/wp-content\/uploads\/2021\/07\/SmartWrite-Automation-Adding-Ink-copy-800x533.jpg 800w, https:\/\/www.somagen.com\/wp-content\/uploads\/2021\/07\/SmartWrite-Automation-Adding-Ink-copy-768x512.jpg 768w, https:\/\/www.somagen.com\/wp-content\/uploads\/2021\/07\/SmartWrite-Automation-Adding-Ink-copy-1536x1024.jpg 1536w, https:\/\/www.somagen.com\/wp-content\/uploads\/2021\/07\/SmartWrite-Automation-Adding-Ink-copy-2048x1366.jpg 2048w\" sizes=\"(max-width: 800px) 100vw, 800px\" \/>\t\t\t\t\t\t\t\t\t\t\t\t\t\t\t<\/div>\n\t\t\t\t<\/div>\n\t\t\t\t<div class=\"elementor-element elementor-element-8fff190 elementor-widget elementor-widget-text-editor\" data-id=\"8fff190\" data-element_type=\"widget\" data-e-type=\"widget\" data-widget_type=\"text-editor.default\">\n\t\t\t\t<div class=\"elementor-widget-container\">\n\t\t\t\t\t\t\t\t\t<p style=\"text-align: center;\"><strong>Option d&#8217;impression noir ou couleur avec remplacement facile de la cartouche<\/strong><\/p>\t\t\t\t\t\t\t\t<\/div>\n\t\t\t\t<\/div>\n\t\t\t\t\t<\/div>\n\t\t<\/div>\n\t\t\t\t<div class=\"elementor-column elementor-col-25 elementor-top-column elementor-element elementor-element-3f2b12e\" data-id=\"3f2b12e\" data-element_type=\"column\" data-e-type=\"column\">\n\t\t\t<div class=\"elementor-widget-wrap elementor-element-populated\">\n\t\t\t\t\t\t<div class=\"elementor-element elementor-element-1c3024a elementor-widget elementor-widget-image\" data-id=\"1c3024a\" data-element_type=\"widget\" data-e-type=\"widget\" data-widget_type=\"image.default\">\n\t\t\t\t<div class=\"elementor-widget-container\">\n\t\t\t\t\t\t\t\t\t\t\t\t\t\t\t<img loading=\"lazy\" decoding=\"async\" width=\"800\" height=\"533\" src=\"https:\/\/www.somagen.com\/wp-content\/uploads\/2021\/07\/SmartWrite-Slide-Printer-Touch-Screen-1920x1280.jpg\" class=\"attachment-large size-large wp-image-12603\" alt=\"\" srcset=\"https:\/\/www.somagen.com\/wp-content\/uploads\/2021\/07\/SmartWrite-Slide-Printer-Touch-Screen-1920x1280.jpg 1920w, https:\/\/www.somagen.com\/wp-content\/uploads\/2021\/07\/SmartWrite-Slide-Printer-Touch-Screen-800x533.jpg 800w, https:\/\/www.somagen.com\/wp-content\/uploads\/2021\/07\/SmartWrite-Slide-Printer-Touch-Screen-768x512.jpg 768w, https:\/\/www.somagen.com\/wp-content\/uploads\/2021\/07\/SmartWrite-Slide-Printer-Touch-Screen-1536x1024.jpg 1536w, https:\/\/www.somagen.com\/wp-content\/uploads\/2021\/07\/SmartWrite-Slide-Printer-Touch-Screen-2048x1366.jpg 2048w\" sizes=\"(max-width: 800px) 100vw, 800px\" \/>\t\t\t\t\t\t\t\t\t\t\t\t\t\t\t<\/div>\n\t\t\t\t<\/div>\n\t\t\t\t<div class=\"elementor-element elementor-element-936f1f0 elementor-widget elementor-widget-text-editor\" data-id=\"936f1f0\" data-element_type=\"widget\" data-e-type=\"widget\" data-widget_type=\"text-editor.default\">\n\t\t\t\t<div class=\"elementor-widget-container\">\n\t\t\t\t\t\t\t\t\t<p style=\"text-align: center;\"><strong>Mod\u00e8les d\u00e9finis par l&#8217;utilisateur et int\u00e9gration au SIL<\/strong><\/p>\t\t\t\t\t\t\t\t<\/div>\n\t\t\t\t<\/div>\n\t\t\t\t\t<\/div>\n\t\t<\/div>\n\t\t\t\t\t<\/div>\n\t\t<\/section>\n\t\t\t\t<section class=\"elementor-section elementor-top-section elementor-element elementor-element-2ca6784 elementor-section-boxed elementor-section-height-default elementor-section-height-default\" data-id=\"2ca6784\" data-element_type=\"section\" data-e-type=\"section\">\n\t\t\t\t\t\t<div class=\"elementor-container elementor-column-gap-default\">\n\t\t\t\t\t<div class=\"elementor-column elementor-col-100 elementor-top-column elementor-element elementor-element-c0e0024\" data-id=\"c0e0024\" data-element_type=\"column\" data-e-type=\"column\">\n\t\t\t<div class=\"elementor-widget-wrap elementor-element-populated\">\n\t\t\t\t\t\t<div class=\"elementor-element elementor-element-0ada8bc elementor-widget elementor-widget-button\" data-id=\"0ada8bc\" data-element_type=\"widget\" data-e-type=\"widget\" data-widget_type=\"button.default\">\n\t\t\t\t<div class=\"elementor-widget-container\">\n\t\t\t\t\t\t\t\t\t<div class=\"elementor-button-wrapper\">\n\t\t\t\t\t<a class=\"elementor-button elementor-button-link elementor-size-sm\" href=\"https:\/\/www.sakuraus.com\/Products\/Printers\/Tissue-Tek-SmartWrite-Cassette-Printer-(Manual).html\" target=\"_blank\" rel=\"noopener\">\n\t\t\t\t\t\t<span class=\"elementor-button-content-wrapper\">\n\t\t\t\t\t\t\t\t\t<span class=\"elementor-button-text\">APPRENEZ-EN PLUS<\/span>\n\t\t\t\t\t<\/span>\n\t\t\t\t\t<\/a>\n\t\t\t\t<\/div>\n\t\t\t\t\t\t\t\t<\/div>\n\t\t\t\t<\/div>\n\t\t\t\t\t<\/div>\n\t\t<\/div>\n\t\t\t\t\t<\/div>\n\t\t<\/section>\n\t\t\t\t<\/div>\n\t\t","protected":false},"excerpt":{"rendered":"<p>Imprimante \u00e0 cassettes Tissue-Tek\u00ae SmartWrite\u00ae (manuelle)Imprimante de cassettes d&#8217;histologie rapide, sur demande, avec couleur pour les laboratoires \u00e0 faible d\u00e9bit L&#8217;imprimante de cassettes Tissue\u2010Tek\u00ae SmartWrite\u00ae (manuelle) a un faible encombrement [&hellip;]<\/p>\n","protected":false},"author":4,"featured_media":0,"parent":29007,"menu_order":0,"comment_status":"closed","ping_status":"closed","template":"","meta":{"_relevanssi_hide_post":"","_relevanssi_hide_content":"","_relevanssi_pin_for_all":"","_relevanssi_pin_keywords":"","_relevanssi_unpin_keywords":"","_relevanssi_related_keywords":"","_relevanssi_related_include_ids":"","_relevanssi_related_exclude_ids":"","_relevanssi_related_no_append":"","_relevanssi_related_not_related":"","_relevanssi_related_posts":"","_relevanssi_noindex_reason":"","footnotes":""},"class_list":["post-29099","page","type-page","status-publish","hentry"],"_links":{"self":[{"href":"https:\/\/www.somagen.com\/fr\/wp-json\/wp\/v2\/pages\/29099","targetHints":{"allow":["GET"]}}],"collection":[{"href":"https:\/\/www.somagen.com\/fr\/wp-json\/wp\/v2\/pages"}],"about":[{"href":"https:\/\/www.somagen.com\/fr\/wp-json\/wp\/v2\/types\/page"}],"author":[{"embeddable":true,"href":"https:\/\/www.somagen.com\/fr\/wp-json\/wp\/v2\/users\/4"}],"replies":[{"embeddable":true,"href":"https:\/\/www.somagen.com\/fr\/wp-json\/wp\/v2\/comments?post=29099"}],"version-history":[{"count":28,"href":"https:\/\/www.somagen.com\/fr\/wp-json\/wp\/v2\/pages\/29099\/revisions"}],"predecessor-version":[{"id":40071,"href":"https:\/\/www.somagen.com\/fr\/wp-json\/wp\/v2\/pages\/29099\/revisions\/40071"}],"up":[{"embeddable":true,"href":"https:\/\/www.somagen.com\/fr\/wp-json\/wp\/v2\/pages\/29007"}],"wp:attachment":[{"href":"https:\/\/www.somagen.com\/fr\/wp-json\/wp\/v2\/media?parent=29099"}],"curies":[{"name":"wp","href":"https:\/\/api.w.org\/{rel}","templated":true}]}}