{"id":29135,"date":"2022-06-15T12:28:36","date_gmt":"2022-06-15T18:28:36","guid":{"rendered":"https:\/\/somagen.com\/sakura-home\/tissue-tek-autotec-a120\/"},"modified":"2022-09-21T11:47:11","modified_gmt":"2022-09-21T17:47:11","slug":"tissue-tek-autotec-a120","status":"publish","type":"page","link":"https:\/\/www.somagen.com\/fr\/sakura-home\/tissue-tek-autotec-a120\/","title":{"rendered":"Tissue-Tek AutoTEC\u00ae a120"},"content":{"rendered":"\t\t<div data-elementor-type=\"wp-page\" data-elementor-id=\"29135\" class=\"elementor elementor-29135 elementor-10713\" data-elementor-post-type=\"page\">\n\t\t\t\t\t\t<section class=\"elementor-section elementor-top-section elementor-element elementor-element-f671d6f elementor-section-height-min-height elementor-section-boxed elementor-section-height-default elementor-section-items-middle\" data-id=\"f671d6f\" data-element_type=\"section\" data-e-type=\"section\" data-settings=\"{&quot;background_background&quot;:&quot;classic&quot;}\">\n\t\t\t\t\t\t<div class=\"elementor-container elementor-column-gap-default\">\n\t\t\t\t\t<div class=\"elementor-column elementor-col-100 elementor-top-column elementor-element elementor-element-bcb21aa\" data-id=\"bcb21aa\" data-element_type=\"column\" data-e-type=\"column\">\n\t\t\t<div class=\"elementor-widget-wrap elementor-element-populated\">\n\t\t\t\t\t\t<section class=\"elementor-section elementor-inner-section elementor-element elementor-element-43927a6 elementor-section-boxed elementor-section-height-default elementor-section-height-default\" data-id=\"43927a6\" data-element_type=\"section\" data-e-type=\"section\">\n\t\t\t\t\t\t<div class=\"elementor-container elementor-column-gap-default\">\n\t\t\t\t\t<div class=\"elementor-column elementor-col-100 elementor-inner-column elementor-element elementor-element-460f56f\" data-id=\"460f56f\" data-element_type=\"column\" data-e-type=\"column\">\n\t\t\t<div class=\"elementor-widget-wrap\">\n\t\t\t\t\t\t\t<\/div>\n\t\t<\/div>\n\t\t\t\t\t<\/div>\n\t\t<\/section>\n\t\t\t\t\t<\/div>\n\t\t<\/div>\n\t\t\t\t\t<\/div>\n\t\t<\/section>\n\t\t\t\t<section class=\"elementor-section elementor-top-section elementor-element elementor-element-5eae3ae elementor-section-boxed elementor-section-height-default elementor-section-height-default elementor-invisible\" data-id=\"5eae3ae\" data-element_type=\"section\" data-e-type=\"section\" data-settings=\"{&quot;animation&quot;:&quot;fadeInUp&quot;}\">\n\t\t\t\t\t\t<div class=\"elementor-container elementor-column-gap-default\">\n\t\t\t\t\t<div class=\"elementor-column elementor-col-100 elementor-top-column elementor-element elementor-element-a7aadfe\" data-id=\"a7aadfe\" data-element_type=\"column\" data-e-type=\"column\">\n\t\t\t<div class=\"elementor-widget-wrap elementor-element-populated\">\n\t\t\t\t\t\t<div class=\"elementor-element elementor-element-044361f elementor-widget elementor-widget-image\" data-id=\"044361f\" data-element_type=\"widget\" data-e-type=\"widget\" data-widget_type=\"image.default\">\n\t\t\t\t<div class=\"elementor-widget-container\">\n\t\t\t\t\t\t\t\t\t\t\t\t\t\t\t<img decoding=\"async\" width=\"85\" height=\"7\" src=\"https:\/\/www.somagen.com\/wp-content\/uploads\/2021\/09\/Sakura-Line-Official2.png\" class=\"attachment-large size-large wp-image-20809\" alt=\"\" \/>\t\t\t\t\t\t\t\t\t\t\t\t\t\t\t<\/div>\n\t\t\t\t<\/div>\n\t\t\t\t<div class=\"elementor-element elementor-element-f73118a elementor-invisible elementor-widget elementor-widget-text-editor\" data-id=\"f73118a\" data-element_type=\"widget\" data-e-type=\"widget\" data-settings=\"{&quot;_animation&quot;:&quot;fadeInUp&quot;}\" data-widget_type=\"text-editor.default\">\n\t\t\t\t<div class=\"elementor-widget-container\">\n\t\t\t\t\t\t\t\t\t<strong>Tissue-Tek AutoTEC<sup>\u00ae<\/sup> a120<\/strong>\t\t\t\t\t\t\t\t<\/div>\n\t\t\t\t<\/div>\n\t\t\t\t<div class=\"elementor-element elementor-element-3acb622 elementor-invisible elementor-widget elementor-widget-text-editor\" data-id=\"3acb622\" data-element_type=\"widget\" data-e-type=\"widget\" data-settings=\"{&quot;_animation&quot;:&quot;fadeInUp&quot;}\" data-widget_type=\"text-editor.default\">\n\t\t\t\t<div class=\"elementor-widget-container\">\n\t\t\t\t\t\t\t\t\t<strong>Un syst\u00e8me automatis\u00e9 d&#8217;enrobage de tissus<\/strong>\t\t\t\t\t\t\t\t<\/div>\n\t\t\t\t<\/div>\n\t\t\t\t\t<\/div>\n\t\t<\/div>\n\t\t\t\t\t<\/div>\n\t\t<\/section>\n\t\t\t\t<section class=\"elementor-section elementor-top-section elementor-element elementor-element-bc708cc elementor-section-boxed elementor-section-height-default elementor-section-height-default elementor-invisible\" data-id=\"bc708cc\" data-element_type=\"section\" data-e-type=\"section\" data-settings=\"{&quot;animation&quot;:&quot;fadeInUp&quot;}\">\n\t\t\t\t\t\t<div class=\"elementor-container elementor-column-gap-default\">\n\t\t\t\t\t<div class=\"elementor-column elementor-col-50 elementor-top-column elementor-element elementor-element-a1463b6\" data-id=\"a1463b6\" data-element_type=\"column\" data-e-type=\"column\">\n\t\t\t<div class=\"elementor-widget-wrap elementor-element-populated\">\n\t\t\t\t\t\t<div class=\"elementor-element elementor-element-585a224 elementor-widget elementor-widget-image\" data-id=\"585a224\" data-element_type=\"widget\" data-e-type=\"widget\" data-widget_type=\"image.default\">\n\t\t\t\t<div class=\"elementor-widget-container\">\n\t\t\t\t\t\t\t\t\t\t\t\t\t\t\t<img fetchpriority=\"high\" decoding=\"async\" width=\"2560\" height=\"1707\" src=\"https:\/\/www.somagen.com\/wp-content\/uploads\/2021\/06\/AutoTEC-a120-Loading-Cassettes-scaled.jpg\" class=\"attachment-full size-full wp-image-8676\" alt=\"\" srcset=\"https:\/\/www.somagen.com\/wp-content\/uploads\/2021\/06\/AutoTEC-a120-Loading-Cassettes-scaled.jpg 2560w, https:\/\/www.somagen.com\/wp-content\/uploads\/2021\/06\/AutoTEC-a120-Loading-Cassettes-800x533.jpg 800w, https:\/\/www.somagen.com\/wp-content\/uploads\/2021\/06\/AutoTEC-a120-Loading-Cassettes-1920x1280.jpg 1920w, https:\/\/www.somagen.com\/wp-content\/uploads\/2021\/06\/AutoTEC-a120-Loading-Cassettes-768x512.jpg 768w, https:\/\/www.somagen.com\/wp-content\/uploads\/2021\/06\/AutoTEC-a120-Loading-Cassettes-1536x1024.jpg 1536w, https:\/\/www.somagen.com\/wp-content\/uploads\/2021\/06\/AutoTEC-a120-Loading-Cassettes-2048x1366.jpg 2048w\" sizes=\"(max-width: 2560px) 100vw, 2560px\" \/>\t\t\t\t\t\t\t\t\t\t\t\t\t\t\t<\/div>\n\t\t\t\t<\/div>\n\t\t\t\t\t<\/div>\n\t\t<\/div>\n\t\t\t\t<div class=\"elementor-column elementor-col-50 elementor-top-column elementor-element elementor-element-da8e358\" data-id=\"da8e358\" data-element_type=\"column\" data-e-type=\"column\">\n\t\t\t<div class=\"elementor-widget-wrap elementor-element-populated\">\n\t\t\t\t\t\t<div class=\"elementor-element elementor-element-87a7e20 elementor-widget elementor-widget-text-editor\" data-id=\"87a7e20\" data-element_type=\"widget\" data-e-type=\"widget\" data-widget_type=\"text-editor.default\">\n\t\t\t\t<div class=\"elementor-widget-container\">\n\t\t\t\t\t\t\t\t\t<p>Le Tissue-Tek AutoTEC<sup>\u00ae<\/sup> a120 de deuxi\u00e8me g\u00e9n\u00e9ration demeure le premier et le seul syst\u00e8me d&#8217;enrobage de tissus enti\u00e8rement automatique de l&#8217;industrie qui \u00e9limine le besoin fastidieux et laborieux d&#8217;orienter et d&#8217;enrober manuellement les \u00e9chantillons de tissus.<\/p><p>L&#8217;utilisation du syst\u00e8me de cassettes sectionnables Tissue-Tek<sup>\u00ae<\/sup> Paraform<sup>\u00ae<\/sup> garantit que l&#8217;orientation des \u00e9chantillons est verrouill\u00e9e de la macroscopie \u00e0 la microtomie, \u00e9liminant ainsi le risque d&#8217;erreurs d&#8217;orientation et de perte de tissu pour une s\u00e9curit\u00e9 accrue du patient. Cette solution unique d&#8217;automatisation de l&#8217;enrobage peut r\u00e9duire consid\u00e9rablement, jusqu&#8217;\u00e0 44\u00a0%, les erreurs qui se produisent couramment lors de l&#8217;enrobage manuel.<\/p><p>Le Tissue-Tek AutoTEC<sup>\u00ae<\/sup> a120 offre un d\u00e9bit \u00e9lev\u00e9 allant jusqu&#8217;\u00e0 120 cassettes Paraform\/heure et permet aux laboratoires d&#8217;histologie de r\u00e9affecter le personnel pr\u00e9cieux \u00e0 d&#8217;autres t\u00e2ches de laboratoire tout en nivelant facilement la charge de travail quotidienne dans un flux de travail continu et all\u00e9g\u00e9. Lorsqu&#8217;ils sont utilis\u00e9s conjointement avec les processeurs de tissus rapides Tissue-Tek Xpress<sup>\u00ae<\/sup> x120, ces syst\u00e8mes d&#8217;automatisation SMART offrent un traitement des tissus de haute qualit\u00e9 et s\u00fbr, des blocs propres conformes, un d\u00e9lai d&#8217;ex\u00e9cution am\u00e9lior\u00e9 et un diagnostic le jour m\u00eame des \u00e9chantillons de cancer.<\/p><p>Les nouvelles fonctionnalit\u00e9s am\u00e9lior\u00e9es de cet enrobeur automatis\u00e9 incluent l&#8217;incorporation d&#8217;un lecteur de code-barres \u00e0 cassette pour la connectivit\u00e9 au SIL et la tra\u00e7abilit\u00e9 des blocs d&#8217;\u00e9chantillons, en plus de la nouvelle technologie SMARTair\u2122 qui enl\u00e8ve l&#8217;exc\u00e8s de paraffine, \u00e9liminant ainsi le besoin de nettoyer les blocs avant la microtomie. Un plus grand \u00e9cran tactile de 15 pouces et un syst\u00e8me d&#8217;exploitation am\u00e9lior\u00e9 offrent tous deux un confort d&#8217;utilisation rehauss\u00e9. La nouvelle conception des portes d&#8217;entr\u00e9e et de sortie, du r\u00e9servoir de paraffine et de l&#8217;acc\u00e8s aux moules de base offre une meilleure ergonomie tout en n\u00e9cessitant une maintenance minimale de la part de l&#8217;utilisateur et en augmentant le temps de disponibilit\u00e9.<\/p><p>Avec son encombrement r\u00e9duit, le Tissue-Tek AutoTEC<sup>\u00ae<\/sup> a120 peut \u00eatre install\u00e9 dans de petits laboratoires d&#8217;histologie, et le programme Tissue-Tek<sup>\u00ae<\/sup> iSupport\u2122 de Sakura offre des diagnostics \u00e0 distance et une tranquillit\u00e9 d&#8217;esprit.<\/p>\t\t\t\t\t\t\t\t<\/div>\n\t\t\t\t<\/div>\n\t\t\t\t\t<\/div>\n\t\t<\/div>\n\t\t\t\t\t<\/div>\n\t\t<\/section>\n\t\t\t\t<section class=\"elementor-section elementor-top-section elementor-element elementor-element-43b613a elementor-section-boxed elementor-section-height-default elementor-section-height-default elementor-invisible\" data-id=\"43b613a\" data-element_type=\"section\" data-e-type=\"section\" data-settings=\"{&quot;animation&quot;:&quot;fadeInUp&quot;}\">\n\t\t\t\t\t\t<div class=\"elementor-container elementor-column-gap-default\">\n\t\t\t\t\t<div class=\"elementor-column elementor-col-50 elementor-top-column elementor-element elementor-element-f47412a\" data-id=\"f47412a\" data-element_type=\"column\" data-e-type=\"column\">\n\t\t\t<div class=\"elementor-widget-wrap elementor-element-populated\">\n\t\t\t\t\t\t<div class=\"elementor-element elementor-element-de04e95 elementor-widget elementor-widget-text-editor\" data-id=\"de04e95\" data-element_type=\"widget\" data-e-type=\"widget\" data-widget_type=\"text-editor.default\">\n\t\t\t\t<div class=\"elementor-widget-container\">\n\t\t\t\t\t\t\t\t\t<p style=\"text-align: center;\"><strong>En savoir plus sur le Tissue-Tek AutoTEC<sup>\u00ae<\/sup>\u00a0a120\u00a0<\/strong><\/p>\t\t\t\t\t\t\t\t<\/div>\n\t\t\t\t<\/div>\n\t\t\t\t\t<\/div>\n\t\t<\/div>\n\t\t\t\t<div class=\"elementor-column elementor-col-50 elementor-top-column elementor-element elementor-element-78157d9\" data-id=\"78157d9\" data-element_type=\"column\" data-e-type=\"column\">\n\t\t\t<div class=\"elementor-widget-wrap elementor-element-populated\">\n\t\t\t\t\t\t<div class=\"elementor-element elementor-element-b22e3c6 elementor-widget elementor-widget-video\" data-id=\"b22e3c6\" data-element_type=\"widget\" data-e-type=\"widget\" data-settings=\"{&quot;video_type&quot;:&quot;hosted&quot;,&quot;controls&quot;:&quot;yes&quot;}\" data-widget_type=\"video.default\">\n\t\t\t\t<div class=\"elementor-widget-container\">\n\t\t\t\t\t\t\t<div class=\"e-hosted-video elementor-wrapper elementor-open-inline\">\n\t\t\t\t\t<video class=\"elementor-video\" src=\"https:\/\/somagen.com\/wp-content\/uploads\/2021\/07\/Solution-video-Tissue-Tek-AutoTEC-a120-Automated-Embedding-System.mp4\" controls=\"\" preload=\"metadata\" controlsList=\"nodownload\" poster=\"https:\/\/somagen.com\/wp-content\/uploads\/2021\/07\/AutoTEC-Cover.jpg\"><\/video>\n\t\t\t\t<\/div>\n\t\t\t\t\t\t<\/div>\n\t\t\t\t<\/div>\n\t\t\t\t\t<\/div>\n\t\t<\/div>\n\t\t\t\t\t<\/div>\n\t\t<\/section>\n\t\t\t\t<section class=\"elementor-section elementor-top-section elementor-element elementor-element-4626660 elementor-section-boxed elementor-section-height-default elementor-section-height-default elementor-invisible\" data-id=\"4626660\" data-element_type=\"section\" data-e-type=\"section\" data-settings=\"{&quot;animation&quot;:&quot;fadeInUp&quot;}\">\n\t\t\t\t\t\t<div class=\"elementor-container elementor-column-gap-default\">\n\t\t\t\t\t<div class=\"elementor-column elementor-col-33 elementor-top-column elementor-element elementor-element-394a36a\" data-id=\"394a36a\" data-element_type=\"column\" data-e-type=\"column\">\n\t\t\t<div class=\"elementor-widget-wrap elementor-element-populated\">\n\t\t\t\t\t\t<div class=\"elementor-element elementor-element-52462c6 elementor-widget elementor-widget-image\" data-id=\"52462c6\" data-element_type=\"widget\" data-e-type=\"widget\" data-widget_type=\"image.default\">\n\t\t\t\t<div class=\"elementor-widget-container\">\n\t\t\t\t\t\t\t\t\t\t\t\t\t\t\t<img decoding=\"async\" width=\"800\" height=\"533\" src=\"https:\/\/www.somagen.com\/wp-content\/uploads\/2021\/07\/AutoTEC-a120-Paraform-Inside-View-1920x1280.jpg\" class=\"attachment-large size-large wp-image-10731\" alt=\"\" srcset=\"https:\/\/www.somagen.com\/wp-content\/uploads\/2021\/07\/AutoTEC-a120-Paraform-Inside-View-1920x1280.jpg 1920w, https:\/\/www.somagen.com\/wp-content\/uploads\/2021\/07\/AutoTEC-a120-Paraform-Inside-View-800x533.jpg 800w, https:\/\/www.somagen.com\/wp-content\/uploads\/2021\/07\/AutoTEC-a120-Paraform-Inside-View-768x512.jpg 768w, https:\/\/www.somagen.com\/wp-content\/uploads\/2021\/07\/AutoTEC-a120-Paraform-Inside-View-1536x1024.jpg 1536w, https:\/\/www.somagen.com\/wp-content\/uploads\/2021\/07\/AutoTEC-a120-Paraform-Inside-View-2048x1365.jpg 2048w\" sizes=\"(max-width: 800px) 100vw, 800px\" \/>\t\t\t\t\t\t\t\t\t\t\t\t\t\t\t<\/div>\n\t\t\t\t<\/div>\n\t\t\t\t<div class=\"elementor-element elementor-element-26aaa07 elementor-widget elementor-widget-text-editor\" data-id=\"26aaa07\" data-element_type=\"widget\" data-e-type=\"widget\" data-widget_type=\"text-editor.default\">\n\t\t\t\t<div class=\"elementor-widget-container\">\n\t\t\t\t\t\t\t\t\t<p style=\"text-align: center;\"><strong>Lecture de code-barres \u00e0 bord<\/strong><\/p>\t\t\t\t\t\t\t\t<\/div>\n\t\t\t\t<\/div>\n\t\t\t\t\t<\/div>\n\t\t<\/div>\n\t\t\t\t<div class=\"elementor-column elementor-col-33 elementor-top-column elementor-element elementor-element-711c161\" data-id=\"711c161\" data-element_type=\"column\" data-e-type=\"column\">\n\t\t\t<div class=\"elementor-widget-wrap elementor-element-populated\">\n\t\t\t\t\t\t<div class=\"elementor-element elementor-element-e1d48eb elementor-widget elementor-widget-image\" data-id=\"e1d48eb\" data-element_type=\"widget\" data-e-type=\"widget\" data-widget_type=\"image.default\">\n\t\t\t\t<div class=\"elementor-widget-container\">\n\t\t\t\t\t\t\t\t\t\t\t\t\t\t\t<img loading=\"lazy\" decoding=\"async\" width=\"1707\" height=\"2560\" src=\"https:\/\/www.somagen.com\/wp-content\/uploads\/2021\/07\/AutoTEC-a120-cassettes-scaled-e1656438809158.jpg\" class=\"attachment-full size-full wp-image-10720\" alt=\"\" \/>\t\t\t\t\t\t\t\t\t\t\t\t\t\t\t<\/div>\n\t\t\t\t<\/div>\n\t\t\t\t<div class=\"elementor-element elementor-element-eb652bf elementor-widget elementor-widget-text-editor\" data-id=\"eb652bf\" data-element_type=\"widget\" data-e-type=\"widget\" data-widget_type=\"text-editor.default\">\n\t\t\t\t<div class=\"elementor-widget-container\">\n\t\t\t\t\t\t\t\t\t<p style=\"text-align: center;\"><strong>Blocs conformes et propres<\/strong><\/p>\t\t\t\t\t\t\t\t<\/div>\n\t\t\t\t<\/div>\n\t\t\t\t\t<\/div>\n\t\t<\/div>\n\t\t\t\t<div class=\"elementor-column elementor-col-33 elementor-top-column elementor-element elementor-element-4eb5720\" data-id=\"4eb5720\" data-element_type=\"column\" data-e-type=\"column\">\n\t\t\t<div class=\"elementor-widget-wrap elementor-element-populated\">\n\t\t\t\t\t\t<div class=\"elementor-element elementor-element-1d4f3f7 elementor-widget elementor-widget-image\" data-id=\"1d4f3f7\" data-element_type=\"widget\" data-e-type=\"widget\" data-widget_type=\"image.default\">\n\t\t\t\t<div class=\"elementor-widget-container\">\n\t\t\t\t\t\t\t\t\t\t\t\t\t\t\t<img fetchpriority=\"high\" decoding=\"async\" width=\"2560\" height=\"1707\" src=\"https:\/\/www.somagen.com\/wp-content\/uploads\/2021\/06\/AutoTEC-a120-Loading-Cassettes-scaled.jpg\" class=\"attachment-full size-full wp-image-8676\" alt=\"\" srcset=\"https:\/\/www.somagen.com\/wp-content\/uploads\/2021\/06\/AutoTEC-a120-Loading-Cassettes-scaled.jpg 2560w, https:\/\/www.somagen.com\/wp-content\/uploads\/2021\/06\/AutoTEC-a120-Loading-Cassettes-800x533.jpg 800w, https:\/\/www.somagen.com\/wp-content\/uploads\/2021\/06\/AutoTEC-a120-Loading-Cassettes-1920x1280.jpg 1920w, https:\/\/www.somagen.com\/wp-content\/uploads\/2021\/06\/AutoTEC-a120-Loading-Cassettes-768x512.jpg 768w, https:\/\/www.somagen.com\/wp-content\/uploads\/2021\/06\/AutoTEC-a120-Loading-Cassettes-1536x1024.jpg 1536w, https:\/\/www.somagen.com\/wp-content\/uploads\/2021\/06\/AutoTEC-a120-Loading-Cassettes-2048x1366.jpg 2048w\" sizes=\"(max-width: 2560px) 100vw, 2560px\" \/>\t\t\t\t\t\t\t\t\t\t\t\t\t\t\t<\/div>\n\t\t\t\t<\/div>\n\t\t\t\t<div class=\"elementor-element elementor-element-564fe5f elementor-widget elementor-widget-text-editor\" data-id=\"564fe5f\" data-element_type=\"widget\" data-e-type=\"widget\" data-widget_type=\"text-editor.default\">\n\t\t\t\t<div class=\"elementor-widget-container\">\n\t\t\t\t\t\t\t\t\t<p style=\"text-align: center;\"><strong>Chargement continu<\/strong><\/p>\t\t\t\t\t\t\t\t<\/div>\n\t\t\t\t<\/div>\n\t\t\t\t\t<\/div>\n\t\t<\/div>\n\t\t\t\t\t<\/div>\n\t\t<\/section>\n\t\t\t\t<section class=\"elementor-section elementor-top-section elementor-element elementor-element-b7a3f99 elementor-section-boxed elementor-section-height-default elementor-section-height-default elementor-invisible\" data-id=\"b7a3f99\" data-element_type=\"section\" data-e-type=\"section\" data-settings=\"{&quot;animation&quot;:&quot;fadeInUp&quot;}\">\n\t\t\t\t\t\t<div class=\"elementor-container elementor-column-gap-default\">\n\t\t\t\t\t<div class=\"elementor-column elementor-col-100 elementor-top-column elementor-element elementor-element-f0d7221\" data-id=\"f0d7221\" data-element_type=\"column\" data-e-type=\"column\">\n\t\t\t<div class=\"elementor-widget-wrap elementor-element-populated\">\n\t\t\t\t\t\t<div class=\"elementor-element elementor-element-afd311d elementor-widget elementor-widget-text-editor\" data-id=\"afd311d\" data-element_type=\"widget\" data-e-type=\"widget\" data-widget_type=\"text-editor.default\">\n\t\t\t\t<div class=\"elementor-widget-container\">\n\t\t\t\t\t\t\t\t\t<table width=\"98%\" cellspacing=\"0\" cellpadding=\"0\"><thead><tr><th scope=\"col\" width=\"40%\"><p style=\"text-align: left;\"><strong><span style=\"color: #2189ca;\">Caract\u00e9ristiques<\/span><\/strong><\/p><\/th><th scope=\"col\"><p style=\"text-align: left;\"><strong><span style=\"color: #2189ca;\">\u00a0 \u00a0 Avantages <\/span><\/strong><\/p><\/th><\/tr><\/thead><tbody><tr><td>Chargement et sortie continus de jusqu&#8217;\u00e0 120 cassettes Tissue-Tek<sup>\u00ae<\/sup> Paraform<sup>\u00ae<\/sup> par heure<\/td><td><ul><li>Fournit un flux constant de blocs \u00e0 la microtomie, r\u00e9duisant les goulots d&#8217;\u00e9tranglement<\/li><\/ul><\/td><\/tr><tr><td>La technologie SMARTair\u2122 \u00e9limine l&#8217;exc\u00e8s de paraffine des blocs<\/td><td><ul><li>\u00c9limine le grattage fastidieux qui fait gagner du temps et permet une livraison plus rapide \u00e0 la microtomie<\/li><\/ul><\/td><\/tr><tr><td>Lecteur de code-barres int\u00e9gr\u00e9<\/td><td><ul><li>Permet la connectivit\u00e9 au SIL et la tra\u00e7abilit\u00e9 des blocs<\/li><\/ul><\/td><\/tr><tr><td>Automatise le mouvement manuel r\u00e9p\u00e9titif d&#8217;enrobage<\/td><td><ul><li>R\u00e9duit les troubles li\u00e9s aux mouvements r\u00e9p\u00e9titifs, prend en charge un flux de travail efficace et lib\u00e8re les employ\u00e9s pour qu&#8217;ils puissent effectuer d&#8217;autres t\u00e2ches importantes<\/li><\/ul><\/td><\/tr><tr><td>Le syst\u00e8me de cassettes sectionnables Tissue-Tek\u00ae Paraform\u00ae oriente et s\u00e9curise le tissu<\/td><td><ul><li>\u00c9limine le risque de perte d&#8217;\u00e9chantillon et normalise l&#8217;orientation des tissus<\/li><\/ul><\/td><\/tr><tr><td>Trois moules de base prennent en charge les 6 types de cassettes Tissue-Tek<sup>\u00ae<\/sup> Paraform\u00ae diff\u00e9rents<\/td><td><ul><li>Permet d&#8217;int\u00e9grer des \u00e9chantillons de tissus mixtes selon leur protocole pr\u00e9programm\u00e9<\/li><\/ul><\/td><\/tr><tr><td>Capacit\u00e9s de surveillance \u00e0 distance via Tissue-Tek<sup>\u00ae<\/sup> iSupport\u2122<\/td><td><ul><li>Maximise la disponibilit\u00e9 des instruments et r\u00e9duit les co\u00fbts de maintenance<\/li><\/ul><\/td><\/tr><\/tbody><\/table>\t\t\t\t\t\t\t\t<\/div>\n\t\t\t\t<\/div>\n\t\t\t\t\t<\/div>\n\t\t<\/div>\n\t\t\t\t\t<\/div>\n\t\t<\/section>\n\t\t\t\t<section class=\"elementor-section elementor-top-section elementor-element elementor-element-3888ebd elementor-section-boxed elementor-section-height-default elementor-section-height-default elementor-invisible\" data-id=\"3888ebd\" data-element_type=\"section\" data-e-type=\"section\" data-settings=\"{&quot;animation&quot;:&quot;fadeInUp&quot;}\">\n\t\t\t\t\t\t<div class=\"elementor-container elementor-column-gap-default\">\n\t\t\t\t\t<div class=\"elementor-column elementor-col-100 elementor-top-column elementor-element elementor-element-d93630d\" data-id=\"d93630d\" data-element_type=\"column\" data-e-type=\"column\">\n\t\t\t<div class=\"elementor-widget-wrap elementor-element-populated\">\n\t\t\t\t\t\t<div class=\"elementor-element elementor-element-36c567a elementor-widget elementor-widget-image\" data-id=\"36c567a\" data-element_type=\"widget\" data-e-type=\"widget\" data-widget_type=\"image.default\">\n\t\t\t\t<div class=\"elementor-widget-container\">\n\t\t\t\t\t\t\t\t\t\t\t\t\t\t\t<img loading=\"lazy\" decoding=\"async\" width=\"460\" height=\"600\" src=\"https:\/\/www.somagen.com\/wp-content\/uploads\/2021\/07\/AutoTEC-a120-460x600.jpg\" class=\"attachment-medium size-medium wp-image-10829\" alt=\"\" srcset=\"https:\/\/www.somagen.com\/wp-content\/uploads\/2021\/07\/AutoTEC-a120-460x600.jpg 460w, https:\/\/www.somagen.com\/wp-content\/uploads\/2021\/07\/AutoTEC-a120-981x1280.jpg 981w, https:\/\/www.somagen.com\/wp-content\/uploads\/2021\/07\/AutoTEC-a120-768x1002.jpg 768w, https:\/\/www.somagen.com\/wp-content\/uploads\/2021\/07\/AutoTEC-a120-1177x1536.jpg 1177w, https:\/\/www.somagen.com\/wp-content\/uploads\/2021\/07\/AutoTEC-a120-1569x2048.jpg 1569w, https:\/\/www.somagen.com\/wp-content\/uploads\/2021\/07\/AutoTEC-a120-scaled.jpg 1961w\" sizes=\"(max-width: 460px) 100vw, 460px\" \/>\t\t\t\t\t\t\t\t\t\t\t\t\t\t\t<\/div>\n\t\t\t\t<\/div>\n\t\t\t\t\t<\/div>\n\t\t<\/div>\n\t\t\t\t\t<\/div>\n\t\t<\/section>\n\t\t\t\t<section class=\"elementor-section elementor-top-section elementor-element elementor-element-76254e6 elementor-section-boxed elementor-section-height-default elementor-section-height-default\" data-id=\"76254e6\" data-element_type=\"section\" data-e-type=\"section\">\n\t\t\t\t\t\t<div class=\"elementor-container elementor-column-gap-default\">\n\t\t\t\t\t<div class=\"elementor-column elementor-col-100 elementor-top-column elementor-element elementor-element-23f6e22\" data-id=\"23f6e22\" data-element_type=\"column\" data-e-type=\"column\">\n\t\t\t<div class=\"elementor-widget-wrap elementor-element-populated\">\n\t\t\t\t\t\t<div class=\"elementor-element elementor-element-9506b18 elementor-widget elementor-widget-button\" data-id=\"9506b18\" data-element_type=\"widget\" data-e-type=\"widget\" data-widget_type=\"button.default\">\n\t\t\t\t<div class=\"elementor-widget-container\">\n\t\t\t\t\t\t\t\t\t<div class=\"elementor-button-wrapper\">\n\t\t\t\t\t<a class=\"elementor-button elementor-button-link elementor-size-sm\" href=\"https:\/\/www.sakuraus.com\/Products\/Embedding\/AutoTEC-a120.html\" target=\"_blank\" rel=\"noopener\">\n\t\t\t\t\t\t<span class=\"elementor-button-content-wrapper\">\n\t\t\t\t\t\t\t\t\t<span class=\"elementor-button-text\">APPRENEZ-EN PLUS<\/span>\n\t\t\t\t\t<\/span>\n\t\t\t\t\t<\/a>\n\t\t\t\t<\/div>\n\t\t\t\t\t\t\t\t<\/div>\n\t\t\t\t<\/div>\n\t\t\t\t\t<\/div>\n\t\t<\/div>\n\t\t\t\t\t<\/div>\n\t\t<\/section>\n\t\t\t\t<\/div>\n\t\t","protected":false},"excerpt":{"rendered":"<p>Tissue-Tek AutoTEC\u00ae a120Un syst\u00e8me automatis\u00e9 d&#8217;enrobage de tissus Le Tissue-Tek AutoTEC\u00ae a120 de deuxi\u00e8me g\u00e9n\u00e9ration demeure le premier et le seul syst\u00e8me d&#8217;enrobage de tissus enti\u00e8rement automatique de l&#8217;industrie qui [&hellip;]<\/p>\n","protected":false},"author":4,"featured_media":0,"parent":29007,"menu_order":0,"comment_status":"closed","ping_status":"closed","template":"","meta":{"_relevanssi_hide_post":"","_relevanssi_hide_content":"","_relevanssi_pin_for_all":"","_relevanssi_pin_keywords":"","_relevanssi_unpin_keywords":"","_relevanssi_related_keywords":"","_relevanssi_related_include_ids":"","_relevanssi_related_exclude_ids":"","_relevanssi_related_no_append":"","_relevanssi_related_not_related":"","_relevanssi_related_posts":"","_relevanssi_noindex_reason":"","footnotes":""},"class_list":["post-29135","page","type-page","status-publish","hentry"],"_links":{"self":[{"href":"https:\/\/www.somagen.com\/fr\/wp-json\/wp\/v2\/pages\/29135","targetHints":{"allow":["GET"]}}],"collection":[{"href":"https:\/\/www.somagen.com\/fr\/wp-json\/wp\/v2\/pages"}],"about":[{"href":"https:\/\/www.somagen.com\/fr\/wp-json\/wp\/v2\/types\/page"}],"author":[{"embeddable":true,"href":"https:\/\/www.somagen.com\/fr\/wp-json\/wp\/v2\/users\/4"}],"replies":[{"embeddable":true,"href":"https:\/\/www.somagen.com\/fr\/wp-json\/wp\/v2\/comments?post=29135"}],"version-history":[{"count":29,"href":"https:\/\/www.somagen.com\/fr\/wp-json\/wp\/v2\/pages\/29135\/revisions"}],"predecessor-version":[{"id":40080,"href":"https:\/\/www.somagen.com\/fr\/wp-json\/wp\/v2\/pages\/29135\/revisions\/40080"}],"up":[{"embeddable":true,"href":"https:\/\/www.somagen.com\/fr\/wp-json\/wp\/v2\/pages\/29007"}],"wp:attachment":[{"href":"https:\/\/www.somagen.com\/fr\/wp-json\/wp\/v2\/media?parent=29135"}],"curies":[{"name":"wp","href":"https:\/\/api.w.org\/{rel}","templated":true}]}}