{"id":29239,"date":"2022-06-16T10:02:38","date_gmt":"2022-06-16T16:02:38","guid":{"rendered":"https:\/\/somagen.com\/sakura-home\/microtome-automatise-tissue-tek-autosection\/"},"modified":"2022-09-21T11:52:01","modified_gmt":"2022-09-21T17:52:01","slug":"microtome-automatise-tissue-tek-autosection","status":"publish","type":"page","link":"https:\/\/www.somagen.com\/fr\/sakura-home\/microtome-automatise-tissue-tek-autosection\/","title":{"rendered":"Microtome automatis\u00e9 Tissue-Tek AutoSection\u00ae"},"content":{"rendered":"\t\t<div data-elementor-type=\"wp-page\" data-elementor-id=\"29239\" class=\"elementor elementor-29239 elementor-11476\" data-elementor-post-type=\"page\">\n\t\t\t\t\t\t<section class=\"elementor-section elementor-top-section elementor-element elementor-element-4a20347 elementor-section-height-min-height elementor-section-boxed elementor-section-height-default elementor-section-items-middle\" data-id=\"4a20347\" data-element_type=\"section\" data-e-type=\"section\" data-settings=\"{&quot;background_background&quot;:&quot;classic&quot;}\">\n\t\t\t\t\t\t<div class=\"elementor-container elementor-column-gap-default\">\n\t\t\t\t\t<div class=\"elementor-column elementor-col-100 elementor-top-column elementor-element elementor-element-c1e12bb\" data-id=\"c1e12bb\" data-element_type=\"column\" data-e-type=\"column\">\n\t\t\t<div class=\"elementor-widget-wrap elementor-element-populated\">\n\t\t\t\t\t\t<section class=\"elementor-section elementor-inner-section elementor-element elementor-element-c9dafe6 elementor-section-boxed elementor-section-height-default elementor-section-height-default\" data-id=\"c9dafe6\" data-element_type=\"section\" data-e-type=\"section\">\n\t\t\t\t\t\t<div class=\"elementor-container elementor-column-gap-default\">\n\t\t\t\t\t<div class=\"elementor-column elementor-col-100 elementor-inner-column elementor-element elementor-element-00500a2\" data-id=\"00500a2\" data-element_type=\"column\" data-e-type=\"column\">\n\t\t\t<div class=\"elementor-widget-wrap\">\n\t\t\t\t\t\t\t<\/div>\n\t\t<\/div>\n\t\t\t\t\t<\/div>\n\t\t<\/section>\n\t\t\t\t\t<\/div>\n\t\t<\/div>\n\t\t\t\t\t<\/div>\n\t\t<\/section>\n\t\t\t\t<section class=\"elementor-section elementor-top-section elementor-element elementor-element-4790a99 elementor-section-boxed elementor-section-height-default elementor-section-height-default elementor-invisible\" data-id=\"4790a99\" data-element_type=\"section\" data-e-type=\"section\" data-settings=\"{&quot;animation&quot;:&quot;fadeInUp&quot;}\">\n\t\t\t\t\t\t<div class=\"elementor-container elementor-column-gap-default\">\n\t\t\t\t\t<div class=\"elementor-column elementor-col-100 elementor-top-column elementor-element elementor-element-dd64a26\" data-id=\"dd64a26\" data-element_type=\"column\" data-e-type=\"column\">\n\t\t\t<div class=\"elementor-widget-wrap elementor-element-populated\">\n\t\t\t\t\t\t<div class=\"elementor-element elementor-element-04f5ab3 elementor-widget elementor-widget-image\" data-id=\"04f5ab3\" data-element_type=\"widget\" data-e-type=\"widget\" data-widget_type=\"image.default\">\n\t\t\t\t<div class=\"elementor-widget-container\">\n\t\t\t\t\t\t\t\t\t\t\t\t\t\t\t<img decoding=\"async\" width=\"85\" height=\"7\" src=\"https:\/\/www.somagen.com\/wp-content\/uploads\/2021\/09\/Sakura-Line-Official2.png\" class=\"attachment-large size-large wp-image-20809\" alt=\"\" \/>\t\t\t\t\t\t\t\t\t\t\t\t\t\t\t<\/div>\n\t\t\t\t<\/div>\n\t\t\t\t\t<\/div>\n\t\t<\/div>\n\t\t\t\t\t<\/div>\n\t\t<\/section>\n\t\t\t\t<section class=\"elementor-section elementor-top-section elementor-element elementor-element-301daf6 elementor-section-boxed elementor-section-height-default elementor-section-height-default elementor-invisible\" data-id=\"301daf6\" data-element_type=\"section\" data-e-type=\"section\" data-settings=\"{&quot;animation&quot;:&quot;fadeInUp&quot;}\">\n\t\t\t\t\t\t<div class=\"elementor-container elementor-column-gap-default\">\n\t\t\t\t\t<div class=\"elementor-column elementor-col-100 elementor-top-column elementor-element elementor-element-5e36f70\" data-id=\"5e36f70\" data-element_type=\"column\" data-e-type=\"column\">\n\t\t\t<div class=\"elementor-widget-wrap elementor-element-populated\">\n\t\t\t\t\t\t<div class=\"elementor-element elementor-element-f66d29a elementor-widget elementor-widget-text-editor\" data-id=\"f66d29a\" data-element_type=\"widget\" data-e-type=\"widget\" data-widget_type=\"text-editor.default\">\n\t\t\t\t<div class=\"elementor-widget-container\">\n\t\t\t\t\t\t\t\t\t<p><strong>Microtome automatis\u00e9 Tissue-Tek AutoSection<sup>\u00ae<\/sup><\/strong><\/p>\t\t\t\t\t\t\t\t<\/div>\n\t\t\t\t<\/div>\n\t\t\t\t\t<\/div>\n\t\t<\/div>\n\t\t\t\t\t<\/div>\n\t\t<\/section>\n\t\t\t\t<section class=\"elementor-section elementor-top-section elementor-element elementor-element-bce53c7 elementor-section-boxed elementor-section-height-default elementor-section-height-default elementor-invisible\" data-id=\"bce53c7\" data-element_type=\"section\" data-e-type=\"section\" data-settings=\"{&quot;animation&quot;:&quot;fadeInUp&quot;}\">\n\t\t\t\t\t\t<div class=\"elementor-container elementor-column-gap-default\">\n\t\t\t\t\t<div class=\"elementor-column elementor-col-50 elementor-top-column elementor-element elementor-element-41bea4e\" data-id=\"41bea4e\" data-element_type=\"column\" data-e-type=\"column\">\n\t\t\t<div class=\"elementor-widget-wrap elementor-element-populated\">\n\t\t\t\t\t\t<div class=\"elementor-element elementor-element-d0dbdd2 elementor-invisible elementor-widget elementor-widget-text-editor\" data-id=\"d0dbdd2\" data-element_type=\"widget\" data-e-type=\"widget\" data-settings=\"{&quot;_animation&quot;:&quot;fadeInUp&quot;}\" data-widget_type=\"text-editor.default\">\n\t\t\t\t<div class=\"elementor-widget-container\">\n\t\t\t\t\t\t\t\t\t<p><strong>Un microtome SMART enti\u00e8rement automatis\u00e9<\/strong><\/p>\t\t\t\t\t\t\t\t<\/div>\n\t\t\t\t<\/div>\n\t\t\t\t<div class=\"elementor-element elementor-element-d90a91e elementor-widget elementor-widget-text-editor\" data-id=\"d90a91e\" data-element_type=\"widget\" data-e-type=\"widget\" data-widget_type=\"text-editor.default\">\n\t\t\t\t<div class=\"elementor-widget-container\">\n\t\t\t\t\t\t\t\t\t<p>Le Tissue-Tek AutoSection<sup>\u00ae<\/sup> offre le niveau sup\u00e9rieur en mati\u00e8re de coupe de pr\u00e9cision.<\/p><p>Tissue-Tek AutoSection<sup>\u00ae<\/sup> offre une coupe en une seule touche et une coupe programmable avec une multitude de fonctions de s\u00e9curit\u00e9 int\u00e9gr\u00e9es. Le Tissue-Tek AutoSection<sup>\u00ae<\/sup> oriente automatiquement le bloc sur le bord de la lame, en utilisant une d\u00e9tection brevet\u00e9e et une technologie de porte-\u00e9chantillons 3D automatis\u00e9e pour une orientation XYZ pr\u00e9cise. Il uniformise l&#8217;orientation du bloc &#8211; m\u00eame si le bloc a \u00e9t\u00e9 taill\u00e9 ou sectionn\u00e9 sur un microtome diff\u00e9rent &#8211; ce qui permet une sauvegarde du tissu et du temps technique. Avec AutoTrim\u2122, le Tissue-Tek AutoSection<sup>\u00ae<\/sup> rabote automatiquement le bloc en quelques secondes \u00e0 l&#8217;aide d&#8217;une seule touche. Cette fonction de pr\u00e9servation des tissus est optimis\u00e9e pour le syst\u00e8me de cassettes sectionnables Tissue-Tek<sup>\u00ae<\/sup> Paraform<sup>\u00ae<\/sup>, bien qu&#8217;elle accepte \u00e9galement la plupart des cassettes courantes.<\/p><p>De multiples protections int\u00e9gr\u00e9es exclusives font du Tissue-Tek AutoSection<sup>\u00ae<\/sup> le leader de la s\u00e9curit\u00e9 des utilisateurs de microtomes automatis\u00e9s. Le rabotage et la coupe \u00e0 une touche \u00e9liminent les mouvements r\u00e9p\u00e9titifs de la manivelle et r\u00e9duisent le risque de troubles musculosquelettiques, tandis que la fonction de distributeur coulissant des lames Accu-Edge<sup>\u00ae<\/sup> \u00e9limine la manipulation directe des lames.<\/p>\t\t\t\t\t\t\t\t<\/div>\n\t\t\t\t<\/div>\n\t\t\t\t\t<\/div>\n\t\t<\/div>\n\t\t\t\t<div class=\"elementor-column elementor-col-50 elementor-top-column elementor-element elementor-element-5825034\" data-id=\"5825034\" data-element_type=\"column\" data-e-type=\"column\">\n\t\t\t<div class=\"elementor-widget-wrap elementor-element-populated\">\n\t\t\t\t\t\t<div class=\"elementor-element elementor-element-74d1b8d elementor-widget elementor-widget-image\" data-id=\"74d1b8d\" data-element_type=\"widget\" data-e-type=\"widget\" data-widget_type=\"image.default\">\n\t\t\t\t<div class=\"elementor-widget-container\">\n\t\t\t\t\t\t\t\t\t\t\t\t\t\t\t<img fetchpriority=\"high\" decoding=\"async\" width=\"800\" height=\"800\" src=\"https:\/\/www.somagen.com\/wp-content\/uploads\/2021\/07\/Autosection-b-1280x1280.jpg\" class=\"attachment-large size-large wp-image-11304\" alt=\"\" srcset=\"https:\/\/www.somagen.com\/wp-content\/uploads\/2021\/07\/Autosection-b-1280x1280.jpg 1280w, https:\/\/www.somagen.com\/wp-content\/uploads\/2021\/07\/Autosection-b-600x600.jpg 600w, https:\/\/www.somagen.com\/wp-content\/uploads\/2021\/07\/Autosection-b-150x150.jpg 150w, https:\/\/www.somagen.com\/wp-content\/uploads\/2021\/07\/Autosection-b-768x768.jpg 768w, https:\/\/www.somagen.com\/wp-content\/uploads\/2021\/07\/Autosection-b-1536x1536.jpg 1536w, https:\/\/www.somagen.com\/wp-content\/uploads\/2021\/07\/Autosection-b.jpg 2000w\" sizes=\"(max-width: 800px) 100vw, 800px\" \/>\t\t\t\t\t\t\t\t\t\t\t\t\t\t\t<\/div>\n\t\t\t\t<\/div>\n\t\t\t\t\t<\/div>\n\t\t<\/div>\n\t\t\t\t\t<\/div>\n\t\t<\/section>\n\t\t\t\t<section class=\"elementor-section elementor-top-section elementor-element elementor-element-7c6fc37 elementor-section-boxed elementor-section-height-default elementor-section-height-default elementor-invisible\" data-id=\"7c6fc37\" data-element_type=\"section\" data-e-type=\"section\" data-settings=\"{&quot;animation&quot;:&quot;fadeInUp&quot;}\">\n\t\t\t\t\t\t<div class=\"elementor-container elementor-column-gap-default\">\n\t\t\t\t\t<div class=\"elementor-column elementor-col-100 elementor-top-column elementor-element elementor-element-915a1dc\" data-id=\"915a1dc\" data-element_type=\"column\" data-e-type=\"column\">\n\t\t\t<div class=\"elementor-widget-wrap elementor-element-populated\">\n\t\t\t\t\t\t<div class=\"elementor-element elementor-element-1e8dfbe elementor-widget elementor-widget-text-editor\" data-id=\"1e8dfbe\" data-element_type=\"widget\" data-e-type=\"widget\" data-widget_type=\"text-editor.default\">\n\t\t\t\t<div class=\"elementor-widget-container\">\n\t\t\t\t\t\t\t\t\t<table width=\"98%\" cellspacing=\"0\" cellpadding=\"0\"><tbody><tr><td width=\"40%\"><p><strong><span style=\"color: #2189ca;\">Caract\u00e9ristiques<\/span><\/strong><\/p><\/td><td><p>\u00a0 <strong><span style=\"color: #2189ca;\">Avantages<\/strong><\/p><\/td><\/tr><tr><td>Fonction AutoAlign\u2122<\/td><td><ul><li>Gain de temps technique et de tissu gr\u00e2ce \u00e0 l&#8217;alignement automatique du bloc \u00e0 la lame<\/li><\/ul><\/td><\/tr><tr><td>Fonction AutoTrim\u2122<\/td><td><ul><li>\u00c9conomise du temps en alignant les blocs en 15 secondes ou moins<\/li><\/ul><\/td><\/tr><tr><td>Fonction AutoSection<\/td><td><ul><li>Active la microtomie d&#8217;une simple pression du bouton<\/li><li>R\u00e9duit les troubles du mouvement r\u00e9p\u00e9titif en laboratoire<\/li><\/ul><\/td><\/tr><tr><td>Mandrin 3D et plaque de d\u00e9tection<\/td><td><ul><li>Optimise l&#8217;alignement des blocs pour pr\u00e9server les tissus lors de la coupe<\/li><\/ul><\/td><\/tr><tr><td>Coupes programmables<\/td><td><ul><li>Normalise la coupe dans tout le laboratoire<\/li><\/ul><\/td><\/tr><tr><td>T\u00e9l\u00e9commande sans fil portable<\/td><td><ul><li>Permet le fonctionnement de chaque c\u00f4t\u00e9 de l&#8217;instrument<\/li><\/ul><\/td><\/tr><\/tbody><\/table>\t\t\t\t\t\t\t\t<\/div>\n\t\t\t\t<\/div>\n\t\t\t\t\t<\/div>\n\t\t<\/div>\n\t\t\t\t\t<\/div>\n\t\t<\/section>\n\t\t\t\t<section class=\"elementor-section elementor-top-section elementor-element elementor-element-469af0f elementor-section-boxed elementor-section-height-default elementor-section-height-default elementor-invisible\" data-id=\"469af0f\" data-element_type=\"section\" data-e-type=\"section\" data-settings=\"{&quot;animation&quot;:&quot;fadeInUp&quot;}\">\n\t\t\t\t\t\t<div class=\"elementor-container elementor-column-gap-default\">\n\t\t\t\t\t<div class=\"elementor-column elementor-col-100 elementor-top-column elementor-element elementor-element-452033f\" data-id=\"452033f\" data-element_type=\"column\" data-e-type=\"column\">\n\t\t\t<div class=\"elementor-widget-wrap elementor-element-populated\">\n\t\t\t\t\t\t<div class=\"elementor-element elementor-element-0b0c241 elementor-widget elementor-widget-spacer\" data-id=\"0b0c241\" data-element_type=\"widget\" data-e-type=\"widget\" data-widget_type=\"spacer.default\">\n\t\t\t\t<div class=\"elementor-widget-container\">\n\t\t\t\t\t\t\t<div class=\"elementor-spacer\">\n\t\t\t<div class=\"elementor-spacer-inner\"><\/div>\n\t\t<\/div>\n\t\t\t\t\t\t<\/div>\n\t\t\t\t<\/div>\n\t\t\t\t<div class=\"elementor-element elementor-element-78ffbc6 elementor-widget elementor-widget-text-editor\" data-id=\"78ffbc6\" data-element_type=\"widget\" data-e-type=\"widget\" data-widget_type=\"text-editor.default\">\n\t\t\t\t<div class=\"elementor-widget-container\">\n\t\t\t\t\t\t\t\t\tGalerie vid\u00e9o Tissue-Tek AutoSection<sup>\u00ae<\/sup>\t\t\t\t\t\t\t\t<\/div>\n\t\t\t\t<\/div>\n\t\t\t\t\t<\/div>\n\t\t<\/div>\n\t\t\t\t\t<\/div>\n\t\t<\/section>\n\t\t\t\t<section class=\"elementor-section elementor-top-section elementor-element elementor-element-44ace40 elementor-section-boxed elementor-section-height-default elementor-section-height-default elementor-invisible\" data-id=\"44ace40\" data-element_type=\"section\" data-e-type=\"section\" data-settings=\"{&quot;animation&quot;:&quot;fadeInUp&quot;}\">\n\t\t\t\t\t\t<div class=\"elementor-container elementor-column-gap-default\">\n\t\t\t\t\t<div class=\"elementor-column elementor-col-33 elementor-top-column elementor-element elementor-element-feb5570\" data-id=\"feb5570\" data-element_type=\"column\" data-e-type=\"column\">\n\t\t\t<div class=\"elementor-widget-wrap elementor-element-populated\">\n\t\t\t\t\t\t<div class=\"elementor-element elementor-element-84e1be7 elementor-widget elementor-widget-video\" data-id=\"84e1be7\" data-element_type=\"widget\" data-e-type=\"widget\" data-settings=\"{&quot;video_type&quot;:&quot;hosted&quot;,&quot;controls&quot;:&quot;yes&quot;}\" data-widget_type=\"video.default\">\n\t\t\t\t<div class=\"elementor-widget-container\">\n\t\t\t\t\t\t\t<div class=\"e-hosted-video elementor-wrapper elementor-open-inline\">\n\t\t\t\t\t<video class=\"elementor-video\" src=\"https:\/\/somagen.com\/wp-content\/uploads\/2021\/09\/Tissue-Tek-AutoSection-Automated-Microtomy-Solution.mp4\" controls=\"\" preload=\"metadata\" controlsList=\"nodownload\" poster=\"https:\/\/somagen.com\/wp-content\/uploads\/2022\/06\/Autosection-Solution.jpg\"><\/video>\n\t\t\t\t<\/div>\n\t\t\t\t\t\t<\/div>\n\t\t\t\t<\/div>\n\t\t\t\t\t<\/div>\n\t\t<\/div>\n\t\t\t\t<div class=\"elementor-column elementor-col-33 elementor-top-column elementor-element elementor-element-39fbb88\" data-id=\"39fbb88\" data-element_type=\"column\" data-e-type=\"column\">\n\t\t\t<div class=\"elementor-widget-wrap elementor-element-populated\">\n\t\t\t\t\t\t<div class=\"elementor-element elementor-element-6ada0da elementor-widget elementor-widget-video\" data-id=\"6ada0da\" data-element_type=\"widget\" data-e-type=\"widget\" data-settings=\"{&quot;video_type&quot;:&quot;hosted&quot;,&quot;controls&quot;:&quot;yes&quot;}\" data-widget_type=\"video.default\">\n\t\t\t\t<div class=\"elementor-widget-container\">\n\t\t\t\t\t\t\t<div class=\"e-hosted-video elementor-wrapper elementor-open-inline\">\n\t\t\t\t\t<video class=\"elementor-video\" src=\"https:\/\/somagen.com\/wp-content\/uploads\/2021\/09\/Tissue-Tek-AutoSection\u00ae-Sectioning-Uni-Cassettes.mp4\" controls=\"\" preload=\"metadata\" controlsList=\"nodownload\" poster=\"https:\/\/somagen.com\/wp-content\/uploads\/2022\/06\/Sectioning-Uni-Cassettes.jpg\"><\/video>\n\t\t\t\t<\/div>\n\t\t\t\t\t\t<\/div>\n\t\t\t\t<\/div>\n\t\t\t\t\t<\/div>\n\t\t<\/div>\n\t\t\t\t<div class=\"elementor-column elementor-col-33 elementor-top-column elementor-element elementor-element-1aa1cc9\" data-id=\"1aa1cc9\" data-element_type=\"column\" data-e-type=\"column\">\n\t\t\t<div class=\"elementor-widget-wrap elementor-element-populated\">\n\t\t\t\t\t\t<div class=\"elementor-element elementor-element-33d3c48 elementor-widget elementor-widget-video\" data-id=\"33d3c48\" data-element_type=\"widget\" data-e-type=\"widget\" data-settings=\"{&quot;video_type&quot;:&quot;hosted&quot;,&quot;controls&quot;:&quot;yes&quot;}\" data-widget_type=\"video.default\">\n\t\t\t\t<div class=\"elementor-widget-container\">\n\t\t\t\t\t\t\t<div class=\"e-hosted-video elementor-wrapper elementor-open-inline\">\n\t\t\t\t\t<video class=\"elementor-video\" src=\"https:\/\/somagen.com\/wp-content\/uploads\/2021\/09\/Tissue-Tek-AutoSection\u00ae-Sectioning-Uni-Cassettes-with-remote.mp4\" controls=\"\" preload=\"metadata\" controlsList=\"nodownload\" poster=\"https:\/\/somagen.com\/wp-content\/uploads\/2022\/06\/Sectioning-Uni-Cassettes-with-Remote.jpg\"><\/video>\n\t\t\t\t<\/div>\n\t\t\t\t\t\t<\/div>\n\t\t\t\t<\/div>\n\t\t\t\t\t<\/div>\n\t\t<\/div>\n\t\t\t\t\t<\/div>\n\t\t<\/section>\n\t\t\t\t<section class=\"elementor-section elementor-top-section elementor-element elementor-element-0f43f83 elementor-section-boxed elementor-section-height-default elementor-section-height-default elementor-invisible\" data-id=\"0f43f83\" data-element_type=\"section\" data-e-type=\"section\" data-settings=\"{&quot;animation&quot;:&quot;fadeInUp&quot;}\">\n\t\t\t\t\t\t<div class=\"elementor-container elementor-column-gap-default\">\n\t\t\t\t\t<div class=\"elementor-column elementor-col-33 elementor-top-column elementor-element elementor-element-790be40\" data-id=\"790be40\" data-element_type=\"column\" data-e-type=\"column\">\n\t\t\t<div class=\"elementor-widget-wrap elementor-element-populated\">\n\t\t\t\t\t\t<div class=\"elementor-element elementor-element-e9aaf13 elementor-widget elementor-widget-video\" data-id=\"e9aaf13\" data-element_type=\"widget\" data-e-type=\"widget\" data-settings=\"{&quot;video_type&quot;:&quot;hosted&quot;,&quot;controls&quot;:&quot;yes&quot;}\" data-widget_type=\"video.default\">\n\t\t\t\t<div class=\"elementor-widget-container\">\n\t\t\t\t\t\t\t<div class=\"e-hosted-video elementor-wrapper elementor-open-inline\">\n\t\t\t\t\t<video class=\"elementor-video\" src=\"https:\/\/somagen.com\/wp-content\/uploads\/2021\/09\/Tissue-Tek-AutoSection\u00ae-AutoAlign.mp4\" controls=\"\" preload=\"metadata\" controlsList=\"nodownload\" poster=\"https:\/\/somagen.com\/wp-content\/uploads\/2022\/06\/Autoalign.jpg\"><\/video>\n\t\t\t\t<\/div>\n\t\t\t\t\t\t<\/div>\n\t\t\t\t<\/div>\n\t\t\t\t\t<\/div>\n\t\t<\/div>\n\t\t\t\t<div class=\"elementor-column elementor-col-33 elementor-top-column elementor-element elementor-element-0095d92\" data-id=\"0095d92\" data-element_type=\"column\" data-e-type=\"column\">\n\t\t\t<div class=\"elementor-widget-wrap elementor-element-populated\">\n\t\t\t\t\t\t<div class=\"elementor-element elementor-element-1f5a55e elementor-widget elementor-widget-video\" data-id=\"1f5a55e\" data-element_type=\"widget\" data-e-type=\"widget\" data-settings=\"{&quot;video_type&quot;:&quot;hosted&quot;,&quot;controls&quot;:&quot;yes&quot;}\" data-widget_type=\"video.default\">\n\t\t\t\t<div class=\"elementor-widget-container\">\n\t\t\t\t\t\t\t<div class=\"e-hosted-video elementor-wrapper elementor-open-inline\">\n\t\t\t\t\t<video class=\"elementor-video\" src=\"https:\/\/somagen.com\/wp-content\/uploads\/2021\/09\/Tissue-Tek-AutoSection\u00ae-Align-and-Face.mp4\" controls=\"\" preload=\"metadata\" controlsList=\"nodownload\" poster=\"https:\/\/somagen.com\/wp-content\/uploads\/2022\/06\/Align-and-Face.jpg\"><\/video>\n\t\t\t\t<\/div>\n\t\t\t\t\t\t<\/div>\n\t\t\t\t<\/div>\n\t\t\t\t\t<\/div>\n\t\t<\/div>\n\t\t\t\t<div class=\"elementor-column elementor-col-33 elementor-top-column elementor-element elementor-element-ce0f0fa\" data-id=\"ce0f0fa\" data-element_type=\"column\" data-e-type=\"column\">\n\t\t\t<div class=\"elementor-widget-wrap elementor-element-populated\">\n\t\t\t\t\t\t<div class=\"elementor-element elementor-element-794f762 elementor-widget elementor-widget-video\" data-id=\"794f762\" data-element_type=\"widget\" data-e-type=\"widget\" data-settings=\"{&quot;video_type&quot;:&quot;hosted&quot;,&quot;controls&quot;:&quot;yes&quot;}\" data-widget_type=\"video.default\">\n\t\t\t\t<div class=\"elementor-widget-container\">\n\t\t\t\t\t\t\t<div class=\"e-hosted-video elementor-wrapper elementor-open-inline\">\n\t\t\t\t\t<video class=\"elementor-video\" src=\"https:\/\/somagen.com\/wp-content\/uploads\/2021\/09\/Tissue-Tek-AutoSection\u00ae-Sectioning-a-Paraform-Cassette.mp4\" controls=\"\" preload=\"metadata\" controlsList=\"nodownload\" poster=\"https:\/\/somagen.com\/wp-content\/uploads\/2022\/06\/Sectioning-a-paraform-cassette.jpg\"><\/video>\n\t\t\t\t<\/div>\n\t\t\t\t\t\t<\/div>\n\t\t\t\t<\/div>\n\t\t\t\t\t<\/div>\n\t\t<\/div>\n\t\t\t\t\t<\/div>\n\t\t<\/section>\n\t\t\t\t<section class=\"elementor-section elementor-top-section elementor-element elementor-element-4986851 elementor-section-boxed elementor-section-height-default elementor-section-height-default\" data-id=\"4986851\" data-element_type=\"section\" data-e-type=\"section\">\n\t\t\t\t\t\t<div class=\"elementor-container elementor-column-gap-default\">\n\t\t\t\t\t<div class=\"elementor-column elementor-col-100 elementor-top-column elementor-element elementor-element-a1cf957\" data-id=\"a1cf957\" data-element_type=\"column\" data-e-type=\"column\">\n\t\t\t<div class=\"elementor-widget-wrap elementor-element-populated\">\n\t\t\t\t\t\t<div class=\"elementor-element elementor-element-fb948a2 elementor-widget elementor-widget-button\" data-id=\"fb948a2\" data-element_type=\"widget\" data-e-type=\"widget\" data-widget_type=\"button.default\">\n\t\t\t\t<div class=\"elementor-widget-container\">\n\t\t\t\t\t\t\t\t\t<div class=\"elementor-button-wrapper\">\n\t\t\t\t\t<a class=\"elementor-button elementor-button-link elementor-size-sm\" href=\"https:\/\/www.sakuraus.com\/Products\/Microtomy\/Tissue-Tek-AutoSection-Automated.html\" target=\"_blank\" rel=\"noopener\">\n\t\t\t\t\t\t<span class=\"elementor-button-content-wrapper\">\n\t\t\t\t\t\t\t\t\t<span class=\"elementor-button-text\">APPRENEZ-EN PLUS<\/span>\n\t\t\t\t\t<\/span>\n\t\t\t\t\t<\/a>\n\t\t\t\t<\/div>\n\t\t\t\t\t\t\t\t<\/div>\n\t\t\t\t<\/div>\n\t\t\t\t\t<\/div>\n\t\t<\/div>\n\t\t\t\t\t<\/div>\n\t\t<\/section>\n\t\t\t\t<\/div>\n\t\t","protected":false},"excerpt":{"rendered":"<p>Microtome automatis\u00e9 Tissue-Tek AutoSection\u00ae Un microtome SMART enti\u00e8rement automatis\u00e9 Le Tissue-Tek AutoSection\u00ae offre le niveau sup\u00e9rieur en mati\u00e8re de coupe de pr\u00e9cision. Tissue-Tek AutoSection\u00ae offre une coupe en une seule [&hellip;]<\/p>\n","protected":false},"author":4,"featured_media":0,"parent":29007,"menu_order":0,"comment_status":"closed","ping_status":"closed","template":"","meta":{"_relevanssi_hide_post":"","_relevanssi_hide_content":"","_relevanssi_pin_for_all":"","_relevanssi_pin_keywords":"","_relevanssi_unpin_keywords":"","_relevanssi_related_keywords":"","_relevanssi_related_include_ids":"","_relevanssi_related_exclude_ids":"","_relevanssi_related_no_append":"","_relevanssi_related_not_related":"","_relevanssi_related_posts":"","_relevanssi_noindex_reason":"","footnotes":""},"class_list":["post-29239","page","type-page","status-publish","hentry"],"_links":{"self":[{"href":"https:\/\/www.somagen.com\/fr\/wp-json\/wp\/v2\/pages\/29239","targetHints":{"allow":["GET"]}}],"collection":[{"href":"https:\/\/www.somagen.com\/fr\/wp-json\/wp\/v2\/pages"}],"about":[{"href":"https:\/\/www.somagen.com\/fr\/wp-json\/wp\/v2\/types\/page"}],"author":[{"embeddable":true,"href":"https:\/\/www.somagen.com\/fr\/wp-json\/wp\/v2\/users\/4"}],"replies":[{"embeddable":true,"href":"https:\/\/www.somagen.com\/fr\/wp-json\/wp\/v2\/comments?post=29239"}],"version-history":[{"count":18,"href":"https:\/\/www.somagen.com\/fr\/wp-json\/wp\/v2\/pages\/29239\/revisions"}],"predecessor-version":[{"id":40089,"href":"https:\/\/www.somagen.com\/fr\/wp-json\/wp\/v2\/pages\/29239\/revisions\/40089"}],"up":[{"embeddable":true,"href":"https:\/\/www.somagen.com\/fr\/wp-json\/wp\/v2\/pages\/29007"}],"wp:attachment":[{"href":"https:\/\/www.somagen.com\/fr\/wp-json\/wp\/v2\/media?parent=29239"}],"curies":[{"name":"wp","href":"https:\/\/api.w.org\/{rel}","templated":true}]}}