{"id":29454,"date":"2022-06-20T08:15:17","date_gmt":"2022-06-20T14:15:17","guid":{"rendered":"https:\/\/somagen.com\/sakura-home\/colorateur-de-lames-histo-tek-sl\/"},"modified":"2022-09-21T12:06:55","modified_gmt":"2022-09-21T18:06:55","slug":"colorateur-de-lames-histo-tek-sl","status":"publish","type":"page","link":"https:\/\/www.somagen.com\/fr\/sakura-home\/colorateur-de-lames-histo-tek-sl\/","title":{"rendered":"Colorateur de lames Histo-Tek\u00ae SL"},"content":{"rendered":"\t\t<div data-elementor-type=\"wp-page\" data-elementor-id=\"29454\" class=\"elementor elementor-29454 elementor-12264\" data-elementor-post-type=\"page\">\n\t\t\t\t\t\t<section class=\"elementor-section elementor-top-section elementor-element elementor-element-4a20347 elementor-section-height-min-height elementor-section-boxed elementor-section-height-default elementor-section-items-middle\" data-id=\"4a20347\" data-element_type=\"section\" data-e-type=\"section\" data-settings=\"{&quot;background_background&quot;:&quot;classic&quot;}\">\n\t\t\t\t\t\t<div class=\"elementor-container elementor-column-gap-default\">\n\t\t\t\t\t<div class=\"elementor-column elementor-col-100 elementor-top-column elementor-element elementor-element-c1e12bb\" data-id=\"c1e12bb\" data-element_type=\"column\" data-e-type=\"column\">\n\t\t\t<div class=\"elementor-widget-wrap\">\n\t\t\t\t\t\t\t<\/div>\n\t\t<\/div>\n\t\t\t\t\t<\/div>\n\t\t<\/section>\n\t\t\t\t<section class=\"elementor-section elementor-top-section elementor-element elementor-element-dc8da8b elementor-section-boxed elementor-section-height-default elementor-section-height-default elementor-invisible\" data-id=\"dc8da8b\" data-element_type=\"section\" data-e-type=\"section\" data-settings=\"{&quot;animation&quot;:&quot;fadeInUp&quot;}\">\n\t\t\t\t\t\t<div class=\"elementor-container elementor-column-gap-default\">\n\t\t\t\t\t<div class=\"elementor-column elementor-col-100 elementor-top-column elementor-element elementor-element-006446c\" data-id=\"006446c\" data-element_type=\"column\" data-e-type=\"column\">\n\t\t\t<div class=\"elementor-widget-wrap elementor-element-populated\">\n\t\t\t\t\t\t<div class=\"elementor-element elementor-element-f4c9c85 elementor-widget elementor-widget-image\" data-id=\"f4c9c85\" data-element_type=\"widget\" data-e-type=\"widget\" data-widget_type=\"image.default\">\n\t\t\t\t<div class=\"elementor-widget-container\">\n\t\t\t\t\t\t\t\t\t\t\t\t\t\t\t<img decoding=\"async\" width=\"85\" height=\"7\" src=\"https:\/\/www.somagen.com\/wp-content\/uploads\/2021\/09\/Sakura-Line-Official2.png\" class=\"attachment-large size-large wp-image-20809\" alt=\"\" \/>\t\t\t\t\t\t\t\t\t\t\t\t\t\t\t<\/div>\n\t\t\t\t<\/div>\n\t\t\t\t\t<\/div>\n\t\t<\/div>\n\t\t\t\t\t<\/div>\n\t\t<\/section>\n\t\t\t\t<section class=\"elementor-section elementor-top-section elementor-element elementor-element-30afcc8 elementor-section-boxed elementor-section-height-default elementor-section-height-default elementor-invisible\" data-id=\"30afcc8\" data-element_type=\"section\" data-e-type=\"section\" data-settings=\"{&quot;animation&quot;:&quot;fadeInUp&quot;}\">\n\t\t\t\t\t\t<div class=\"elementor-container elementor-column-gap-default\">\n\t\t\t\t\t<div class=\"elementor-column elementor-col-100 elementor-top-column elementor-element elementor-element-ea39a36\" data-id=\"ea39a36\" data-element_type=\"column\" data-e-type=\"column\">\n\t\t\t<div class=\"elementor-widget-wrap elementor-element-populated\">\n\t\t\t\t\t\t<div class=\"elementor-element elementor-element-6431337 elementor-widget elementor-widget-text-editor\" data-id=\"6431337\" data-element_type=\"widget\" data-e-type=\"widget\" data-widget_type=\"text-editor.default\">\n\t\t\t\t<div class=\"elementor-widget-container\">\n\t\t\t\t\t\t\t\t\t<strong>Colorateur de lames Histo-Tek<sup>\u00ae<\/sup> SL<\/strong>\t\t\t\t\t\t\t\t<\/div>\n\t\t\t\t<\/div>\n\t\t\t\t<div class=\"elementor-element elementor-element-37522d7 elementor-invisible elementor-widget elementor-widget-text-editor\" data-id=\"37522d7\" data-element_type=\"widget\" data-e-type=\"widget\" data-settings=\"{&quot;_animation&quot;:&quot;fadeInUp&quot;}\" data-widget_type=\"text-editor.default\">\n\t\t\t\t<div class=\"elementor-widget-container\">\n\t\t\t\t\t\t\t\t\t<p><strong>Un colorateur d&#8217;histologie qui standardise le processus de coloration<\/strong><\/p>\t\t\t\t\t\t\t\t<\/div>\n\t\t\t\t<\/div>\n\t\t\t\t\t<\/div>\n\t\t<\/div>\n\t\t\t\t\t<\/div>\n\t\t<\/section>\n\t\t\t\t<section class=\"elementor-section elementor-top-section elementor-element elementor-element-bce53c7 elementor-section-boxed elementor-section-height-default elementor-section-height-default elementor-invisible\" data-id=\"bce53c7\" data-element_type=\"section\" data-e-type=\"section\" data-settings=\"{&quot;animation&quot;:&quot;fadeInUp&quot;}\">\n\t\t\t\t\t\t<div class=\"elementor-container elementor-column-gap-default\">\n\t\t\t\t\t<div class=\"elementor-column elementor-col-50 elementor-top-column elementor-element elementor-element-41bea4e\" data-id=\"41bea4e\" data-element_type=\"column\" data-e-type=\"column\">\n\t\t\t<div class=\"elementor-widget-wrap elementor-element-populated\">\n\t\t\t\t\t\t<div class=\"elementor-element elementor-element-d90a91e elementor-widget elementor-widget-text-editor\" data-id=\"d90a91e\" data-element_type=\"widget\" data-e-type=\"widget\" data-widget_type=\"text-editor.default\">\n\t\t\t\t<div class=\"elementor-widget-container\">\n\t\t\t\t\t\t\t\t\tL&#8217;Histo-Tek<sup>\u00ae<\/sup> SL Slide Stainer est un colorateur de lames offrant un nouveau niveau de commodit\u00e9 et de standardisation pour vos besoins de laboratoire \u00e0 faible volume, le tout \u00e0 un faible co\u00fbt. Le Colorateur de lames Histo-Tek<sup>\u00ae<\/sup> SL standardise le processus de coloration pour optimiser la qualit\u00e9 tout en r\u00e9duisant les erreurs. Il permet jusqu&#8217;\u00e0 15 protocoles de coloration programmables avec jusqu&#8217;\u00e0 35 \u00e9tapes. Le bras robotique multidirectionnel permet des protocoles de coloration progressifs ou r\u00e9gressifs et l&#8217;option de portoirs de 20 ou 30 lames le rend id\u00e9al pour les laboratoires de faible \u00e0 moyen volume. Il s&#8217;agit d&#8217;un syst\u00e8me de coloration d&#8217;histologie simple et intelligent pour une productivit\u00e9 in\u00e9gal\u00e9e &#8211; lame apr\u00e8s lame. Avec lui, votre laboratoire peut ex\u00e9cuter les colorations H&amp;E, PAP, les coupes congel\u00e9es ou les colorations sp\u00e9ciales. Un total de 24 r\u00e9servoirs \u00e0 r\u00e9actifs, dont 2 stations de lavage ind\u00e9pendantes, permettent le chargement continu des portoirs de lames et s&#8217;adaptent \u00e0 plusieurs protocoles de coloration. Les r\u00e9servoirs de colorants sp\u00e9ciaux en option sont con\u00e7us pour r\u00e9duire les volumes et les co\u00fbts de r\u00e9actifs. Les caract\u00e9ristiques suppl\u00e9mentaires pertinentes du dispositif de coloration de lames incluent\u00a0: l&#8217;aspiration des \u00e9manations int\u00e9gr\u00e9e pour am\u00e9liorer la s\u00e9curit\u00e9 du personnel de laboratoire et un \u00e9change facile de protocoles via USB pour normaliser les protocoles dans tout le laboratoire lorsqu\u2019on utilise plusieurs unit\u00e9s. Le colorateur de lames Histo-Tek<sup>\u00ae<\/sup> SL est con\u00e7u pour une automatisation \u00e0 votre convenance, ce qui en fait l&#8217;un des colorateurs aux niveaux de fiabilit\u00e9 les plus \u00e9lev\u00e9s et \u00e0 maintenance la plus faible du march\u00e9.\t\t\t\t\t\t\t\t<\/div>\n\t\t\t\t<\/div>\n\t\t\t\t\t<\/div>\n\t\t<\/div>\n\t\t\t\t<div class=\"elementor-column elementor-col-50 elementor-top-column elementor-element elementor-element-5825034\" data-id=\"5825034\" data-element_type=\"column\" data-e-type=\"column\">\n\t\t\t<div class=\"elementor-widget-wrap elementor-element-populated\">\n\t\t\t\t\t\t<div class=\"elementor-element elementor-element-74d1b8d elementor-widget elementor-widget-image\" data-id=\"74d1b8d\" data-element_type=\"widget\" data-e-type=\"widget\" data-widget_type=\"image.default\">\n\t\t\t\t<div class=\"elementor-widget-container\">\n\t\t\t\t\t\t\t\t\t\t\t\t\t\t\t<img fetchpriority=\"high\" decoding=\"async\" width=\"800\" height=\"800\" src=\"https:\/\/www.somagen.com\/wp-content\/uploads\/2021\/07\/HistoTek-SL-Slide-Stainer-b-1280x1280.jpg\" class=\"attachment-large size-large wp-image-11360\" alt=\"\" srcset=\"https:\/\/www.somagen.com\/wp-content\/uploads\/2021\/07\/HistoTek-SL-Slide-Stainer-b-1280x1280.jpg 1280w, https:\/\/www.somagen.com\/wp-content\/uploads\/2021\/07\/HistoTek-SL-Slide-Stainer-b-600x600.jpg 600w, https:\/\/www.somagen.com\/wp-content\/uploads\/2021\/07\/HistoTek-SL-Slide-Stainer-b-150x150.jpg 150w, https:\/\/www.somagen.com\/wp-content\/uploads\/2021\/07\/HistoTek-SL-Slide-Stainer-b-768x768.jpg 768w, https:\/\/www.somagen.com\/wp-content\/uploads\/2021\/07\/HistoTek-SL-Slide-Stainer-b-1536x1536.jpg 1536w, https:\/\/www.somagen.com\/wp-content\/uploads\/2021\/07\/HistoTek-SL-Slide-Stainer-b.jpg 2038w\" sizes=\"(max-width: 800px) 100vw, 800px\" \/>\t\t\t\t\t\t\t\t\t\t\t\t\t\t\t<\/div>\n\t\t\t\t<\/div>\n\t\t\t\t\t<\/div>\n\t\t<\/div>\n\t\t\t\t\t<\/div>\n\t\t<\/section>\n\t\t\t\t<section class=\"elementor-section elementor-top-section elementor-element elementor-element-7c6fc37 elementor-section-boxed elementor-section-height-default elementor-section-height-default elementor-invisible\" data-id=\"7c6fc37\" data-element_type=\"section\" data-e-type=\"section\" data-settings=\"{&quot;animation&quot;:&quot;fadeInUp&quot;}\">\n\t\t\t\t\t\t<div class=\"elementor-container elementor-column-gap-default\">\n\t\t\t\t\t<div class=\"elementor-column elementor-col-100 elementor-top-column elementor-element elementor-element-915a1dc\" data-id=\"915a1dc\" data-element_type=\"column\" data-e-type=\"column\">\n\t\t\t<div class=\"elementor-widget-wrap elementor-element-populated\">\n\t\t\t\t\t\t<div class=\"elementor-element elementor-element-1e8dfbe elementor-widget elementor-widget-text-editor\" data-id=\"1e8dfbe\" data-element_type=\"widget\" data-e-type=\"widget\" data-widget_type=\"text-editor.default\">\n\t\t\t\t<div class=\"elementor-widget-container\">\n\t\t\t\t\t\t\t\t\t<table class=\"full-border\" width=\"98%\" cellspacing=\"0\" cellpadding=\"0\"><tbody><tr><th width=\"40%\"><h5><strong><span style=\"color: #2189ca;\">Caract\u00e9ristiques<\/span><\/strong><\/h5><\/th><th><h5><strong><span style=\"color: #2189ca;\">Avantages<\/span><\/strong><\/h5><\/th><\/tr><tr><td>Empreinte compacte<\/td><td><ul><li>S&#8217;adapte \u00e0 n&#8217;importe quel poste de travail de laboratoire<\/li><\/ul><\/td><\/tr><tr><td>Chargement continu<\/td><td><ul><li>Augmente le d\u00e9bit<\/li><\/ul><\/td><\/tr><tr><td>R\u00e9servoirs de colorants sp\u00e9ciaux<\/td><td><ul><li>Permet \u00e0 l&#8217;utilisateur d&#8217;ex\u00e9cuter des colorations H&amp;E ou sp\u00e9ciales<\/li><li>R\u00e9duit les volumes et les co\u00fbts de r\u00e9actifs<\/li><\/ul><\/td><\/tr><tr><td>Affichage convivial<\/td><td><ul><li>Le contraste peut \u00eatre ajust\u00e9 pour obtenir un texte le plus clair en fonction de l&#8217;angle de vue de l&#8217;utilisateur<\/li><\/ul><\/td><\/tr><tr><td>Programmation d\u00e9finie par l&#8217;utilisateur<\/td><td><ul><li>Prend en charge la standardisation de la coloration avec un contr\u00f4le total<\/li><\/ul><\/td><\/tr><tr><td>Aspiration des \u00e9manations int\u00e9gr\u00e9e<\/td><td><ul><li>Am\u00e9liore la s\u00e9curit\u00e9 du personnel de laboratoire<\/li><\/ul><\/td><\/tr><tr><td>Port de donn\u00e9es USB<\/td><td><ul><li>\u00c9change facile de protocoles dans tout le laboratoire<\/li><\/ul><\/td><\/tr><\/tbody><\/table>\t\t\t\t\t\t\t\t<\/div>\n\t\t\t\t<\/div>\n\t\t\t\t\t<\/div>\n\t\t<\/div>\n\t\t\t\t\t<\/div>\n\t\t<\/section>\n\t\t\t\t<section class=\"elementor-section elementor-top-section elementor-element elementor-element-30f0411 elementor-section-boxed elementor-section-height-default elementor-section-height-default elementor-invisible\" data-id=\"30f0411\" data-element_type=\"section\" data-e-type=\"section\" data-settings=\"{&quot;animation&quot;:&quot;fadeInUp&quot;}\">\n\t\t\t\t\t\t<div class=\"elementor-container elementor-column-gap-default\">\n\t\t\t\t\t<div class=\"elementor-column elementor-col-33 elementor-top-column elementor-element elementor-element-f9407f7\" data-id=\"f9407f7\" data-element_type=\"column\" data-e-type=\"column\">\n\t\t\t<div class=\"elementor-widget-wrap elementor-element-populated\">\n\t\t\t\t\t\t<div class=\"elementor-element elementor-element-d498125 elementor-widget elementor-widget-image\" data-id=\"d498125\" data-element_type=\"widget\" data-e-type=\"widget\" data-widget_type=\"image.default\">\n\t\t\t\t<div class=\"elementor-widget-container\">\n\t\t\t\t\t\t\t\t\t\t\t\t\t\t\t<img decoding=\"async\" width=\"800\" height=\"533\" src=\"https:\/\/www.somagen.com\/wp-content\/uploads\/2021\/07\/Histo-Tek-SL-Slide-Rack-Close-View-1920x1280.jpg\" class=\"attachment-large size-large wp-image-11516\" alt=\"\" srcset=\"https:\/\/www.somagen.com\/wp-content\/uploads\/2021\/07\/Histo-Tek-SL-Slide-Rack-Close-View-1920x1280.jpg 1920w, https:\/\/www.somagen.com\/wp-content\/uploads\/2021\/07\/Histo-Tek-SL-Slide-Rack-Close-View-800x533.jpg 800w, https:\/\/www.somagen.com\/wp-content\/uploads\/2021\/07\/Histo-Tek-SL-Slide-Rack-Close-View-768x512.jpg 768w, https:\/\/www.somagen.com\/wp-content\/uploads\/2021\/07\/Histo-Tek-SL-Slide-Rack-Close-View-1536x1024.jpg 1536w, https:\/\/www.somagen.com\/wp-content\/uploads\/2021\/07\/Histo-Tek-SL-Slide-Rack-Close-View-2048x1366.jpg 2048w\" sizes=\"(max-width: 800px) 100vw, 800px\" \/>\t\t\t\t\t\t\t\t\t\t\t\t\t\t\t<\/div>\n\t\t\t\t<\/div>\n\t\t\t\t<div class=\"elementor-element elementor-element-c9a5153 elementor-widget elementor-widget-text-editor\" data-id=\"c9a5153\" data-element_type=\"widget\" data-e-type=\"widget\" data-widget_type=\"text-editor.default\">\n\t\t\t\t<div class=\"elementor-widget-container\">\n\t\t\t\t\t\t\t\t\t<p style=\"text-align: center;\"><strong>Pour H&amp;E, coupes congel\u00e9es et colorations sp\u00e9ciales<\/strong><\/p>\t\t\t\t\t\t\t\t<\/div>\n\t\t\t\t<\/div>\n\t\t\t\t\t<\/div>\n\t\t<\/div>\n\t\t\t\t<div class=\"elementor-column elementor-col-33 elementor-top-column elementor-element elementor-element-0ee4e78\" data-id=\"0ee4e78\" data-element_type=\"column\" data-e-type=\"column\">\n\t\t\t<div class=\"elementor-widget-wrap elementor-element-populated\">\n\t\t\t\t\t\t<div class=\"elementor-element elementor-element-f863c23 elementor-widget elementor-widget-image\" data-id=\"f863c23\" data-element_type=\"widget\" data-e-type=\"widget\" data-widget_type=\"image.default\">\n\t\t\t\t<div class=\"elementor-widget-container\">\n\t\t\t\t\t\t\t\t\t\t\t\t\t\t\t<img loading=\"lazy\" decoding=\"async\" width=\"800\" height=\"533\" src=\"https:\/\/www.somagen.com\/wp-content\/uploads\/2021\/07\/Histo-Tek-SL-Screen2-1920x1280.jpg\" class=\"attachment-large size-large wp-image-12287\" alt=\"\" srcset=\"https:\/\/www.somagen.com\/wp-content\/uploads\/2021\/07\/Histo-Tek-SL-Screen2-1920x1280.jpg 1920w, https:\/\/www.somagen.com\/wp-content\/uploads\/2021\/07\/Histo-Tek-SL-Screen2-800x533.jpg 800w, https:\/\/www.somagen.com\/wp-content\/uploads\/2021\/07\/Histo-Tek-SL-Screen2-768x512.jpg 768w, https:\/\/www.somagen.com\/wp-content\/uploads\/2021\/07\/Histo-Tek-SL-Screen2-1536x1024.jpg 1536w, https:\/\/www.somagen.com\/wp-content\/uploads\/2021\/07\/Histo-Tek-SL-Screen2-2048x1366.jpg 2048w\" sizes=\"(max-width: 800px) 100vw, 800px\" \/>\t\t\t\t\t\t\t\t\t\t\t\t\t\t\t<\/div>\n\t\t\t\t<\/div>\n\t\t\t\t<div class=\"elementor-element elementor-element-0fce61d elementor-widget elementor-widget-text-editor\" data-id=\"0fce61d\" data-element_type=\"widget\" data-e-type=\"widget\" data-widget_type=\"text-editor.default\">\n\t\t\t\t<div class=\"elementor-widget-container\">\n\t\t\t\t\t\t\t\t\t<p style=\"text-align: center;\"><strong>Facile \u00e0 programmer<\/strong><\/p>\t\t\t\t\t\t\t\t<\/div>\n\t\t\t\t<\/div>\n\t\t\t\t\t<\/div>\n\t\t<\/div>\n\t\t\t\t<div class=\"elementor-column elementor-col-33 elementor-top-column elementor-element elementor-element-df50c25\" data-id=\"df50c25\" data-element_type=\"column\" data-e-type=\"column\">\n\t\t\t<div class=\"elementor-widget-wrap elementor-element-populated\">\n\t\t\t\t\t\t<div class=\"elementor-element elementor-element-2a1b686 elementor-widget elementor-widget-image\" data-id=\"2a1b686\" data-element_type=\"widget\" data-e-type=\"widget\" data-widget_type=\"image.default\">\n\t\t\t\t<div class=\"elementor-widget-container\">\n\t\t\t\t\t\t\t\t\t\t\t\t\t\t\t<img loading=\"lazy\" decoding=\"async\" width=\"800\" height=\"533\" src=\"https:\/\/www.somagen.com\/wp-content\/uploads\/2021\/07\/Histo-Tek-SL3-copy-1920x1280.jpg\" class=\"attachment-large size-large wp-image-12293\" alt=\"\" srcset=\"https:\/\/www.somagen.com\/wp-content\/uploads\/2021\/07\/Histo-Tek-SL3-copy-1920x1280.jpg 1920w, https:\/\/www.somagen.com\/wp-content\/uploads\/2021\/07\/Histo-Tek-SL3-copy-800x533.jpg 800w, https:\/\/www.somagen.com\/wp-content\/uploads\/2021\/07\/Histo-Tek-SL3-copy-768x512.jpg 768w, https:\/\/www.somagen.com\/wp-content\/uploads\/2021\/07\/Histo-Tek-SL3-copy-1536x1024.jpg 1536w, https:\/\/www.somagen.com\/wp-content\/uploads\/2021\/07\/Histo-Tek-SL3-copy-2048x1365.jpg 2048w\" sizes=\"(max-width: 800px) 100vw, 800px\" \/>\t\t\t\t\t\t\t\t\t\t\t\t\t\t\t<\/div>\n\t\t\t\t<\/div>\n\t\t\t\t<div class=\"elementor-element elementor-element-09948a6 elementor-widget elementor-widget-text-editor\" data-id=\"09948a6\" data-element_type=\"widget\" data-e-type=\"widget\" data-widget_type=\"text-editor.default\">\n\t\t\t\t<div class=\"elementor-widget-container\">\n\t\t\t\t\t\t\t\t\t<p style=\"text-align: center;\"><strong>S\u00e9curit\u00e9 et fiabilit\u00e9 des utilisateurs<\/strong><\/p>\t\t\t\t\t\t\t\t<\/div>\n\t\t\t\t<\/div>\n\t\t\t\t\t<\/div>\n\t\t<\/div>\n\t\t\t\t\t<\/div>\n\t\t<\/section>\n\t\t\t\t<section class=\"elementor-section elementor-top-section elementor-element elementor-element-fdae4d7 elementor-section-boxed elementor-section-height-default elementor-section-height-default elementor-invisible\" data-id=\"fdae4d7\" data-element_type=\"section\" data-e-type=\"section\" data-settings=\"{&quot;animation&quot;:&quot;fadeInUp&quot;}\">\n\t\t\t\t\t\t<div class=\"elementor-container elementor-column-gap-default\">\n\t\t\t\t\t<div class=\"elementor-column elementor-col-100 elementor-top-column elementor-element elementor-element-ff066e5\" data-id=\"ff066e5\" data-element_type=\"column\" data-e-type=\"column\">\n\t\t\t<div class=\"elementor-widget-wrap elementor-element-populated\">\n\t\t\t\t\t\t<div class=\"elementor-element elementor-element-7536d8e elementor-widget elementor-widget-text-editor\" data-id=\"7536d8e\" data-element_type=\"widget\" data-e-type=\"widget\" data-widget_type=\"text-editor.default\">\n\t\t\t\t<div class=\"elementor-widget-container\">\n\t\t\t\t\t\t\t\t\t<p>Galerie vid\u00e9o du colorateur de lames Histo-Tek<sup>\u00ae<\/sup>\u00a0 SL<\/p>\t\t\t\t\t\t\t\t<\/div>\n\t\t\t\t<\/div>\n\t\t\t\t\t<\/div>\n\t\t<\/div>\n\t\t\t\t\t<\/div>\n\t\t<\/section>\n\t\t\t\t<section class=\"elementor-section elementor-top-section elementor-element elementor-element-66c4456 elementor-section-boxed elementor-section-height-default elementor-section-height-default elementor-invisible\" data-id=\"66c4456\" data-element_type=\"section\" data-e-type=\"section\" data-settings=\"{&quot;animation&quot;:&quot;fadeInUp&quot;}\">\n\t\t\t\t\t\t<div class=\"elementor-container elementor-column-gap-default\">\n\t\t\t\t\t<div class=\"make-column-clickable-elementor elementor-column elementor-col-50 elementor-top-column elementor-element elementor-element-57a8c86\" style=\"cursor: pointer;\" data-column-clickable=\"https:\/\/somagen.com\/wp-content\/uploads\/2021\/07\/Histo-Tek\u00ae-SL-Slide-Stainer-Loading-Reagent-Basket-Starting-A-Run.mp4\" data-column-clickable-blank=\"_self\" data-id=\"57a8c86\" data-element_type=\"column\" data-e-type=\"column\">\n\t\t\t<div class=\"elementor-widget-wrap elementor-element-populated\">\n\t\t\t\t\t\t<div class=\"elementor-element elementor-element-d8e958b elementor-widget elementor-widget-video\" data-id=\"d8e958b\" data-element_type=\"widget\" data-e-type=\"widget\" data-settings=\"{&quot;video_type&quot;:&quot;hosted&quot;,&quot;controls&quot;:&quot;yes&quot;}\" data-widget_type=\"video.default\">\n\t\t\t\t<div class=\"elementor-widget-container\">\n\t\t\t\t\t\t\t<div class=\"e-hosted-video elementor-wrapper elementor-open-inline\">\n\t\t\t\t\t<video class=\"elementor-video\" src=\"https:\/\/somagen.com\/wp-content\/uploads\/2021\/07\/Histo-Tek\u00ae-SL-Slide-Stainer-Loading-Reagent-Basket-Starting-A-Run.mp4\" controls=\"\" preload=\"metadata\" controlsList=\"nodownload\" poster=\"https:\/\/somagen.com\/wp-content\/uploads\/2022\/06\/Load-Reagent-Start-Run.jpg\"><\/video>\n\t\t\t\t<\/div>\n\t\t\t\t\t\t<\/div>\n\t\t\t\t<\/div>\n\t\t\t\t\t<\/div>\n\t\t<\/div>\n\t\t\t\t<div class=\"make-column-clickable-elementor elementor-column elementor-col-50 elementor-top-column elementor-element elementor-element-37d9f40\" style=\"cursor: pointer;\" data-column-clickable=\"https:\/\/somagen.com\/wp-content\/uploads\/2021\/07\/Histo-Tek\u00ae-SL-Slide-Stainer-Programming-a-protocol.mp4\" data-column-clickable-blank=\"_self\" data-id=\"37d9f40\" data-element_type=\"column\" data-e-type=\"column\">\n\t\t\t<div class=\"elementor-widget-wrap elementor-element-populated\">\n\t\t\t\t\t\t<div class=\"elementor-element elementor-element-44e1e44 elementor-widget elementor-widget-video\" data-id=\"44e1e44\" data-element_type=\"widget\" data-e-type=\"widget\" data-settings=\"{&quot;video_type&quot;:&quot;hosted&quot;,&quot;controls&quot;:&quot;yes&quot;}\" data-widget_type=\"video.default\">\n\t\t\t\t<div class=\"elementor-widget-container\">\n\t\t\t\t\t\t\t<div class=\"e-hosted-video elementor-wrapper elementor-open-inline\">\n\t\t\t\t\t<video class=\"elementor-video\" src=\"https:\/\/somagen.com\/wp-content\/uploads\/2021\/07\/Histo-Tek\u00ae-SL-Slide-Stainer-Programming-a-protocol.mp4\" controls=\"\" preload=\"metadata\" controlsList=\"nodownload\" poster=\"https:\/\/somagen.com\/wp-content\/uploads\/2022\/06\/Programming-a-Protocol.jpg\"><\/video>\n\t\t\t\t<\/div>\n\t\t\t\t\t\t<\/div>\n\t\t\t\t<\/div>\n\t\t\t\t\t<\/div>\n\t\t<\/div>\n\t\t\t\t\t<\/div>\n\t\t<\/section>\n\t\t\t\t<section class=\"elementor-section elementor-top-section elementor-element elementor-element-dd5477c elementor-section-boxed elementor-section-height-default elementor-section-height-default\" data-id=\"dd5477c\" data-element_type=\"section\" data-e-type=\"section\">\n\t\t\t\t\t\t<div class=\"elementor-container elementor-column-gap-default\">\n\t\t\t\t\t<div class=\"elementor-column elementor-col-100 elementor-top-column elementor-element elementor-element-d728808\" data-id=\"d728808\" data-element_type=\"column\" data-e-type=\"column\">\n\t\t\t<div class=\"elementor-widget-wrap elementor-element-populated\">\n\t\t\t\t\t\t<div class=\"elementor-element elementor-element-07ced01 elementor-widget elementor-widget-spacer\" data-id=\"07ced01\" data-element_type=\"widget\" data-e-type=\"widget\" data-widget_type=\"spacer.default\">\n\t\t\t\t<div class=\"elementor-widget-container\">\n\t\t\t\t\t\t\t<div class=\"elementor-spacer\">\n\t\t\t<div class=\"elementor-spacer-inner\"><\/div>\n\t\t<\/div>\n\t\t\t\t\t\t<\/div>\n\t\t\t\t<\/div>\n\t\t\t\t\t<\/div>\n\t\t<\/div>\n\t\t\t\t\t<\/div>\n\t\t<\/section>\n\t\t\t\t<section class=\"elementor-section elementor-top-section elementor-element elementor-element-b1d537e elementor-section-boxed elementor-section-height-default elementor-section-height-default\" data-id=\"b1d537e\" data-element_type=\"section\" data-e-type=\"section\">\n\t\t\t\t\t\t<div class=\"elementor-container elementor-column-gap-default\">\n\t\t\t\t\t<div class=\"elementor-column elementor-col-100 elementor-top-column elementor-element elementor-element-3b8095d\" data-id=\"3b8095d\" data-element_type=\"column\" data-e-type=\"column\">\n\t\t\t<div class=\"elementor-widget-wrap elementor-element-populated\">\n\t\t\t\t\t\t<div class=\"elementor-element elementor-element-07c3a31 elementor-widget elementor-widget-button\" data-id=\"07c3a31\" data-element_type=\"widget\" data-e-type=\"widget\" data-widget_type=\"button.default\">\n\t\t\t\t<div class=\"elementor-widget-container\">\n\t\t\t\t\t\t\t\t\t<div class=\"elementor-button-wrapper\">\n\t\t\t\t\t<a class=\"elementor-button elementor-button-link elementor-size-sm\" href=\"https:\/\/www.sakuraus.com\/Products\/Staining\/Histo-Tek-SL-Slide-Stainer.html\" target=\"_blank\" rel=\"noopener\">\n\t\t\t\t\t\t<span class=\"elementor-button-content-wrapper\">\n\t\t\t\t\t\t\t\t\t<span class=\"elementor-button-text\">APPRENEZ-EN PLUS<\/span>\n\t\t\t\t\t<\/span>\n\t\t\t\t\t<\/a>\n\t\t\t\t<\/div>\n\t\t\t\t\t\t\t\t<\/div>\n\t\t\t\t<\/div>\n\t\t\t\t\t<\/div>\n\t\t<\/div>\n\t\t\t\t\t<\/div>\n\t\t<\/section>\n\t\t\t\t<\/div>\n\t\t","protected":false},"excerpt":{"rendered":"<p>Colorateur de lames Histo-Tek\u00ae SL Un colorateur d&#8217;histologie qui standardise le processus de coloration L&#8217;Histo-Tek\u00ae SL Slide Stainer est un colorateur de lames offrant un nouveau niveau de commodit\u00e9 et [&hellip;]<\/p>\n","protected":false},"author":4,"featured_media":0,"parent":29007,"menu_order":0,"comment_status":"closed","ping_status":"closed","template":"","meta":{"_relevanssi_hide_post":"","_relevanssi_hide_content":"","_relevanssi_pin_for_all":"","_relevanssi_pin_keywords":"","_relevanssi_unpin_keywords":"","_relevanssi_related_keywords":"","_relevanssi_related_include_ids":"","_relevanssi_related_exclude_ids":"","_relevanssi_related_no_append":"","_relevanssi_related_not_related":"","_relevanssi_related_posts":"","_relevanssi_noindex_reason":"","footnotes":""},"class_list":["post-29454","page","type-page","status-publish","hentry"],"_links":{"self":[{"href":"https:\/\/www.somagen.com\/fr\/wp-json\/wp\/v2\/pages\/29454","targetHints":{"allow":["GET"]}}],"collection":[{"href":"https:\/\/www.somagen.com\/fr\/wp-json\/wp\/v2\/pages"}],"about":[{"href":"https:\/\/www.somagen.com\/fr\/wp-json\/wp\/v2\/types\/page"}],"author":[{"embeddable":true,"href":"https:\/\/www.somagen.com\/fr\/wp-json\/wp\/v2\/users\/4"}],"replies":[{"embeddable":true,"href":"https:\/\/www.somagen.com\/fr\/wp-json\/wp\/v2\/comments?post=29454"}],"version-history":[{"count":25,"href":"https:\/\/www.somagen.com\/fr\/wp-json\/wp\/v2\/pages\/29454\/revisions"}],"predecessor-version":[{"id":40119,"href":"https:\/\/www.somagen.com\/fr\/wp-json\/wp\/v2\/pages\/29454\/revisions\/40119"}],"up":[{"embeddable":true,"href":"https:\/\/www.somagen.com\/fr\/wp-json\/wp\/v2\/pages\/29007"}],"wp:attachment":[{"href":"https:\/\/www.somagen.com\/fr\/wp-json\/wp\/v2\/media?parent=29454"}],"curies":[{"name":"wp","href":"https:\/\/api.w.org\/{rel}","templated":true}]}}