{"id":29462,"date":"2022-06-20T08:26:49","date_gmt":"2022-06-20T14:26:49","guid":{"rendered":"https:\/\/somagen.com\/sakura-home\/kit-de-coloration-tissue-tek-prisma-he-1\/"},"modified":"2022-08-23T12:39:31","modified_gmt":"2022-08-23T18:39:31","slug":"kit-de-coloration-tissue-tek-prisma-he-1","status":"publish","type":"page","link":"https:\/\/www.somagen.com\/fr\/sakura-home\/kit-de-coloration-tissue-tek-prisma-he-1\/","title":{"rendered":"Kit de coloration Tissue-Tek Prisma\u00ae H&#038;E #1"},"content":{"rendered":"\t\t<div data-elementor-type=\"wp-page\" data-elementor-id=\"29462\" class=\"elementor elementor-29462 elementor-12297\" data-elementor-post-type=\"page\">\n\t\t\t\t\t\t<section class=\"elementor-section elementor-top-section elementor-element elementor-element-e8fdc7a elementor-section-height-min-height elementor-section-boxed elementor-section-height-default elementor-section-items-middle\" data-id=\"e8fdc7a\" data-element_type=\"section\" data-e-type=\"section\" data-settings=\"{&quot;background_background&quot;:&quot;classic&quot;}\">\n\t\t\t\t\t\t<div class=\"elementor-container elementor-column-gap-default\">\n\t\t\t\t\t<div class=\"elementor-column elementor-col-100 elementor-top-column elementor-element elementor-element-ba56db3\" data-id=\"ba56db3\" data-element_type=\"column\" data-e-type=\"column\">\n\t\t\t<div class=\"elementor-widget-wrap\">\n\t\t\t\t\t\t\t<\/div>\n\t\t<\/div>\n\t\t\t\t\t<\/div>\n\t\t<\/section>\n\t\t\t\t<section class=\"elementor-section elementor-top-section elementor-element elementor-element-3779daa elementor-section-boxed elementor-section-height-default elementor-section-height-default elementor-invisible\" data-id=\"3779daa\" data-element_type=\"section\" data-e-type=\"section\" data-settings=\"{&quot;animation&quot;:&quot;fadeInUp&quot;}\">\n\t\t\t\t\t\t<div class=\"elementor-container elementor-column-gap-default\">\n\t\t\t\t\t<div class=\"elementor-column elementor-col-100 elementor-top-column elementor-element elementor-element-f0d8e41\" data-id=\"f0d8e41\" data-element_type=\"column\" data-e-type=\"column\">\n\t\t\t<div class=\"elementor-widget-wrap elementor-element-populated\">\n\t\t\t\t\t\t<div class=\"elementor-element elementor-element-629b514 elementor-widget elementor-widget-image\" data-id=\"629b514\" data-element_type=\"widget\" data-e-type=\"widget\" data-widget_type=\"image.default\">\n\t\t\t\t<div class=\"elementor-widget-container\">\n\t\t\t\t\t\t\t\t\t\t\t\t\t\t\t<img decoding=\"async\" width=\"85\" height=\"7\" src=\"https:\/\/www.somagen.com\/wp-content\/uploads\/2021\/09\/Sakura-Line-Official2.png\" class=\"attachment-large size-large wp-image-20809\" alt=\"\" \/>\t\t\t\t\t\t\t\t\t\t\t\t\t\t\t<\/div>\n\t\t\t\t<\/div>\n\t\t\t\t\t<\/div>\n\t\t<\/div>\n\t\t\t\t\t<\/div>\n\t\t<\/section>\n\t\t\t\t<section class=\"elementor-section elementor-top-section elementor-element elementor-element-663a2b9 elementor-section-boxed elementor-section-height-default elementor-section-height-default elementor-invisible\" data-id=\"663a2b9\" data-element_type=\"section\" data-e-type=\"section\" data-settings=\"{&quot;animation&quot;:&quot;fadeInUp&quot;}\">\n\t\t\t\t\t\t<div class=\"elementor-container elementor-column-gap-default\">\n\t\t\t\t\t<div class=\"elementor-column elementor-col-100 elementor-top-column elementor-element elementor-element-5ad3f5a\" data-id=\"5ad3f5a\" data-element_type=\"column\" data-e-type=\"column\">\n\t\t\t<div class=\"elementor-widget-wrap elementor-element-populated\">\n\t\t\t\t\t\t<div class=\"elementor-element elementor-element-2a255e2 elementor-widget elementor-widget-text-editor\" data-id=\"2a255e2\" data-element_type=\"widget\" data-e-type=\"widget\" data-widget_type=\"text-editor.default\">\n\t\t\t\t<div class=\"elementor-widget-container\">\n\t\t\t\t\t\t\t\t\t<p style=\"text-align: left;\"><strong>Kit de coloration Tissue-Tek Prisma<sup>\u00ae<\/sup> H&amp;E #1 <\/strong><\/p>\t\t\t\t\t\t\t\t<\/div>\n\t\t\t\t<\/div>\n\t\t\t\t<div class=\"elementor-element elementor-element-b086278 elementor-invisible elementor-widget elementor-widget-text-editor\" data-id=\"b086278\" data-element_type=\"widget\" data-e-type=\"widget\" data-settings=\"{&quot;_animation&quot;:&quot;fadeInUp&quot;}\" data-widget_type=\"text-editor.default\">\n\t\t\t\t<div class=\"elementor-widget-container\">\n\t\t\t\t\t\t\t\t\t<p style=\"text-align: left;\"><strong>Syst\u00e8me de coloration optimis\u00e9 pour un d\u00e9bit plus \u00e9lev\u00e9 <\/strong><\/p>\t\t\t\t\t\t\t\t<\/div>\n\t\t\t\t<\/div>\n\t\t\t\t\t<\/div>\n\t\t<\/div>\n\t\t\t\t\t<\/div>\n\t\t<\/section>\n\t\t\t\t<section class=\"elementor-section elementor-top-section elementor-element elementor-element-9fb1063 elementor-section-boxed elementor-section-height-default elementor-section-height-default\" data-id=\"9fb1063\" data-element_type=\"section\" data-e-type=\"section\">\n\t\t\t\t\t\t<div class=\"elementor-container elementor-column-gap-default\">\n\t\t\t\t\t<div class=\"elementor-column elementor-col-100 elementor-top-column elementor-element elementor-element-e75b237\" data-id=\"e75b237\" data-element_type=\"column\" data-e-type=\"column\">\n\t\t\t<div class=\"elementor-widget-wrap elementor-element-populated\">\n\t\t\t\t\t\t<div class=\"elementor-element elementor-element-fca7eb7 elementor-widget elementor-widget-text-editor\" data-id=\"fca7eb7\" data-element_type=\"widget\" data-e-type=\"widget\" data-widget_type=\"text-editor.default\">\n\t\t\t\t<div class=\"elementor-widget-container\">\n\t\t\t\t\t\t\t\t\t<p>Le kit de coloration H&amp;E Tissue-Tek Prisma<sup>\u00ae<\/sup> #1 est le premier et le seul kit de coloration H&amp;E con\u00e7u sp\u00e9cifiquement pour la gamme de colorateurs Prisma. Le suivi de l&#8217;identification des kits et de leurs composants est simplifi\u00e9 sur le colorateur de lames Tissue-Tek Prisma<sup>\u00ae<\/sup> Plus \u00e0 l&#8217;aide du lecteur de codes-barres Prisma. Le kit de coloration Tissue-Tek Prisma<sup>\u00ae<\/sup> H&amp;E #1 est livr\u00e9 avec un protocole de coloration valid\u00e9 pour vous offrir une reproductibilit\u00e9 de lame \u00e0 lame de la premi\u00e8re \u00e0 la derni\u00e8re lame. Le kit de coloration Tissue-Tek Prisma<sup>\u00ae<\/sup> H&amp;E #1 est \u00e9galement livr\u00e9 avec un protocole ajustable que vous pouvez modifier pour d\u00e9finir la coloration souhait\u00e9e ! Acc\u00e9l\u00e9rez la validation de votre protocole H&amp;E et tirez parti du service Web Prisma Stain Grid qui vous aide \u00e0 d\u00e9terminer les meilleurs temps de coloration pour l&#8217;h\u00e9matoxyline et l&#8217;\u00e9osine.<\/p><p>Tous les r\u00e9actifs du kit h\u00e9matoxyline et \u00e9osine sont livr\u00e9s pr\u00eats \u00e0 l&#8217;emploi dans des bouteilles et \u00e9liminent le besoin de filtrer, de mesurer ou de diluer. Le kit de coloration Tissue-Tek Prisma<sup>\u00ae<\/sup> H&amp;E #1 a \u00e9t\u00e9 con\u00e7u et est produit pour maintenir la coloration de la plus haute qualit\u00e9 jusqu&#8217;\u00e0 2 500 lames ou 8 jours, r\u00e9duisant davantage les \u00e9changes de r\u00e9actifs pour faire gagner du temps et de l&#8217;argent \u00e0 votre laboratoire. Le kit de coloration Tissue-Tek Prisma<sup>\u00ae<\/sup> H&amp;E #1 subit un contr\u00f4le qualit\u00e9 rigoureux qui garantit la coh\u00e9rence de la coloration d&#8217;un lot \u00e0 l&#8217;autre. Seuls des colorants certifi\u00e9s par la Commission de la coloration biologique (Biological Stain Commission) sont utilis\u00e9s dans le processus de fabrication, garantissant des composants de la plus haute qualit\u00e9.<\/p><p>Ce kit de coloration Tissue-Tek Prisma<sup>\u00ae<\/sup> H&amp;E #1 est sp\u00e9cifiquement rempli dans des contenants de 750 ml pour fournir le volume exact n\u00e9cessaire pour colorer 2\u00a0500 lames. Les bouteilles brevet\u00e9es sont con\u00e7ues sur mesure pour une meilleure commodit\u00e9 et une s\u00e9curit\u00e9 maximale. Elles offrent une prise ergonomique et une large ouverture pour r\u00e9duire les risques de d\u00e9versement et permettre un remplissage rapide et sans \u00e9claboussures du r\u00e9servoir de solution. Les \u00e9tiquettes et les capuchons \u00e0 code couleur correspondent aux couleurs de la configuration de la solution de l&#8217;\u00e9cran de coloration automatique des lames Tissue-Tek Prisma<sup>\u00ae<\/sup> Plus et vous aident \u00e0 \u00e9viter les erreurs de remplissage et de chargement des r\u00e9actifs.<\/p><p>Le kit de coloration \u00e0 l&#8217;h\u00e9matoxyline et \u00e0 l&#8217;\u00e9osine et ses composants sont dot\u00e9s d&#8217;un code-barres permettant de num\u00e9riser leurs num\u00e9ros de lot et leurs dates d&#8217;expiration pour une documentation pratique. Le nouveau lecteur de codes-barres permet de lier plus facilement un panier de lames de patients \u00e0 un num\u00e9ro de lot de kit de coloration et \u00e0 un protocole de coloration sp\u00e9cifiques. Jusqu&#8217;\u00e0 1 000 codes-barres peuvent \u00eatre enregistr\u00e9s sur le colorateur de lames Tissue-Tek Prisma<sup>\u00ae<\/sup> Plus pour vous aider \u00e0 vous conformer aux exigences d&#8217;accr\u00e9ditation des laboratoires.<\/p><p>La combinaison du Prisma H&amp;E Stain Kit #1 avec son protocole valid\u00e9 en usine et du colorateur automatis\u00e9 Tissue-Tek Prisma<sup>\u00ae<\/sup> Plus cr\u00e9e le d\u00e9bit le plus rapide au monde allant jusqu&#8217;\u00e0 530 lames par heure. La connexion de n&#8217;importe quel automate de coloration Prisma avec le monteur de lames Tissue-Tek Film<sup>\u00ae<\/sup> ou Tissue-Tek<sup>\u00ae<\/sup> Glas\u2122 g2 cr\u00e9e un v\u00e9ritable syst\u00e8me autonome qui augmente encore plus votre productivit\u00e9. La plate-forme ouverte du colorateur Tissue-Tek Prisma<sup>\u00ae<\/sup> Plus vous offre l&#8217;avantage d&#8217;ex\u00e9cuter la PAP, la contre-coloration IHC, le d\u00e9paraffinage, la d\u00e9shydratation, la r\u00e9hydratation, les colorations sp\u00e9ciales ou des protocoles personnalis\u00e9s pour r\u00e9pondre aux besoins de votre laboratoire.<\/p>\t\t\t\t\t\t\t\t<\/div>\n\t\t\t\t<\/div>\n\t\t\t\t\t<\/div>\n\t\t<\/div>\n\t\t\t\t\t<\/div>\n\t\t<\/section>\n\t\t\t\t<section class=\"elementor-section elementor-top-section elementor-element elementor-element-7c6fc37 elementor-section-boxed elementor-section-height-default elementor-section-height-default elementor-invisible\" data-id=\"7c6fc37\" data-element_type=\"section\" data-e-type=\"section\" data-settings=\"{&quot;animation&quot;:&quot;fadeInUp&quot;}\">\n\t\t\t\t\t\t<div class=\"elementor-container elementor-column-gap-default\">\n\t\t\t\t\t<div class=\"elementor-column elementor-col-100 elementor-top-column elementor-element elementor-element-915a1dc\" data-id=\"915a1dc\" data-element_type=\"column\" data-e-type=\"column\">\n\t\t\t<div class=\"elementor-widget-wrap elementor-element-populated\">\n\t\t\t\t\t\t<div class=\"elementor-element elementor-element-1e8dfbe elementor-widget elementor-widget-text-editor\" data-id=\"1e8dfbe\" data-element_type=\"widget\" data-e-type=\"widget\" data-widget_type=\"text-editor.default\">\n\t\t\t\t<div class=\"elementor-widget-container\">\n\t\t\t\t\t\t\t\t\t<table width=\"98%\" cellspacing=\"0\" cellpadding=\"0\"><tbody><tr><th width=\"40%\"><p style=\"text-align: left;\">\u00a0<strong><span style=\"color: #2189ca;\">Caract\u00e9ristiques<\/span><\/strong><\/p><\/th><th><p style=\"text-align: left;\">\u00a0<strong><span style=\"color: #2189ca;\">Avantages<\/span><\/strong><\/p><\/th><\/tr><tr><td>R\u00e9actifs pr\u00eats \u00e0 l\u2019emploi<\/td><td><ul><li>\u00c9limine le besoin de mesurer, m\u00e9langer et diluer les r\u00e9actifs<\/li><\/ul><\/td><\/tr><tr><td>Kit et composants \u00e0 code-barres<\/td><td><ul><li>Permet de lier un panier de lames de patients \u00e0 un kit de coloration sp\u00e9cifique et de conserver les enregistrements<\/li><\/ul><\/td><\/tr><tr><td>Bouteille ergonomique<\/td><td><ul><li>Manipulation plus s\u00fbre pour minimiser les d\u00e9versements<\/li><\/ul><\/td><\/tr><tr><td>Protocole optimis\u00e9<\/td><td><ul><li>Fournit des r\u00e9sultats reproductibles \u00e0 un d\u00e9bit plus \u00e9lev\u00e9 Bouchons<\/li><\/ul><\/td><\/tr><tr><td>\u00c9tiquettes de bouteilles et de r\u00e9servoirs \u00e0 code couleur<\/td><td><ul><li>R\u00e9duit l&#8217;erreur humaine lors de l&#8217;\u00e9change de r\u00e9actifs sur l&#8217;instrument<\/li><\/ul><\/td><\/tr><\/tbody><\/table>\t\t\t\t\t\t\t\t<\/div>\n\t\t\t\t<\/div>\n\t\t\t\t\t<\/div>\n\t\t<\/div>\n\t\t\t\t\t<\/div>\n\t\t<\/section>\n\t\t\t\t<section class=\"elementor-section elementor-top-section elementor-element elementor-element-3b74b85 elementor-section-boxed elementor-section-height-default elementor-section-height-default elementor-invisible\" data-id=\"3b74b85\" data-element_type=\"section\" data-e-type=\"section\" data-settings=\"{&quot;animation&quot;:&quot;fadeInUp&quot;}\">\n\t\t\t\t\t\t<div class=\"elementor-container elementor-column-gap-default\">\n\t\t\t\t\t<div class=\"elementor-column elementor-col-100 elementor-top-column elementor-element elementor-element-479eb67\" data-id=\"479eb67\" data-element_type=\"column\" data-e-type=\"column\">\n\t\t\t<div class=\"elementor-widget-wrap elementor-element-populated\">\n\t\t\t\t\t\t<div class=\"elementor-element elementor-element-bd80278 elementor-widget elementor-widget-video\" data-id=\"bd80278\" data-element_type=\"widget\" data-e-type=\"widget\" data-settings=\"{&quot;video_type&quot;:&quot;hosted&quot;,&quot;controls&quot;:&quot;yes&quot;}\" data-widget_type=\"video.default\">\n\t\t\t\t<div class=\"elementor-widget-container\">\n\t\t\t\t\t\t\t<div class=\"e-hosted-video elementor-wrapper elementor-open-inline\">\n\t\t\t\t\t<video class=\"elementor-video\" src=\"https:\/\/somagen.com\/wp-content\/uploads\/2021\/07\/Tissue-Tek-Prisma-Plus-Scanning-Tissue-Tek-Prisma-HE-Stain-Kit-1.mp4\" controls=\"\" preload=\"metadata\" controlsList=\"nodownload\" poster=\"https:\/\/somagen.com\/wp-content\/uploads\/2022\/06\/Scanning-Stain-Kit.jpg\"><\/video>\n\t\t\t\t<\/div>\n\t\t\t\t\t\t<\/div>\n\t\t\t\t<\/div>\n\t\t\t\t\t<\/div>\n\t\t<\/div>\n\t\t\t\t\t<\/div>\n\t\t<\/section>\n\t\t\t\t<section class=\"elementor-section elementor-top-section elementor-element elementor-element-4053313 elementor-section-boxed elementor-section-height-default elementor-section-height-default\" data-id=\"4053313\" data-element_type=\"section\" data-e-type=\"section\">\n\t\t\t\t\t\t<div class=\"elementor-container elementor-column-gap-default\">\n\t\t\t\t\t<div class=\"elementor-column elementor-col-100 elementor-top-column elementor-element elementor-element-4349e43\" data-id=\"4349e43\" data-element_type=\"column\" data-e-type=\"column\">\n\t\t\t<div class=\"elementor-widget-wrap elementor-element-populated\">\n\t\t\t\t\t\t<div class=\"elementor-element elementor-element-080ca41 elementor-widget elementor-widget-button\" data-id=\"080ca41\" data-element_type=\"widget\" data-e-type=\"widget\" data-widget_type=\"button.default\">\n\t\t\t\t<div class=\"elementor-widget-container\">\n\t\t\t\t\t\t\t\t\t<div class=\"elementor-button-wrapper\">\n\t\t\t\t\t<a class=\"elementor-button elementor-button-link elementor-size-sm\" href=\"https:\/\/www.sakuraus.com\/Products\/Staining\/Tissue-Tek-Prisma%C2%AE-H-E-Stain-Kit-1.html\" target=\"_blank\" rel=\"noopener\">\n\t\t\t\t\t\t<span class=\"elementor-button-content-wrapper\">\n\t\t\t\t\t\t\t\t\t<span class=\"elementor-button-text\">APPRENEZ-EN PLUS<\/span>\n\t\t\t\t\t<\/span>\n\t\t\t\t\t<\/a>\n\t\t\t\t<\/div>\n\t\t\t\t\t\t\t\t<\/div>\n\t\t\t\t<\/div>\n\t\t\t\t\t<\/div>\n\t\t<\/div>\n\t\t\t\t\t<\/div>\n\t\t<\/section>\n\t\t\t\t<\/div>\n\t\t","protected":false},"excerpt":{"rendered":"<p>Kit de coloration Tissue-Tek Prisma\u00ae H&amp;E #1 Syst\u00e8me de coloration optimis\u00e9 pour un d\u00e9bit plus \u00e9lev\u00e9 Le kit de coloration H&amp;E Tissue-Tek Prisma\u00ae #1 est le premier et le seul [&hellip;]<\/p>\n","protected":false},"author":4,"featured_media":0,"parent":29007,"menu_order":0,"comment_status":"closed","ping_status":"closed","template":"","meta":{"_relevanssi_hide_post":"","_relevanssi_hide_content":"","_relevanssi_pin_for_all":"","_relevanssi_pin_keywords":"","_relevanssi_unpin_keywords":"","_relevanssi_related_keywords":"","_relevanssi_related_include_ids":"","_relevanssi_related_exclude_ids":"","_relevanssi_related_no_append":"","_relevanssi_related_not_related":"","_relevanssi_related_posts":"","_relevanssi_noindex_reason":"","footnotes":""},"class_list":["post-29462","page","type-page","status-publish","hentry"],"_links":{"self":[{"href":"https:\/\/www.somagen.com\/fr\/wp-json\/wp\/v2\/pages\/29462","targetHints":{"allow":["GET"]}}],"collection":[{"href":"https:\/\/www.somagen.com\/fr\/wp-json\/wp\/v2\/pages"}],"about":[{"href":"https:\/\/www.somagen.com\/fr\/wp-json\/wp\/v2\/types\/page"}],"author":[{"embeddable":true,"href":"https:\/\/www.somagen.com\/fr\/wp-json\/wp\/v2\/users\/4"}],"replies":[{"embeddable":true,"href":"https:\/\/www.somagen.com\/fr\/wp-json\/wp\/v2\/comments?post=29462"}],"version-history":[{"count":37,"href":"https:\/\/www.somagen.com\/fr\/wp-json\/wp\/v2\/pages\/29462\/revisions"}],"predecessor-version":[{"id":39264,"href":"https:\/\/www.somagen.com\/fr\/wp-json\/wp\/v2\/pages\/29462\/revisions\/39264"}],"up":[{"embeddable":true,"href":"https:\/\/www.somagen.com\/fr\/wp-json\/wp\/v2\/pages\/29007"}],"wp:attachment":[{"href":"https:\/\/www.somagen.com\/fr\/wp-json\/wp\/v2\/media?parent=29462"}],"curies":[{"name":"wp","href":"https:\/\/api.w.org\/{rel}","templated":true}]}}