{"id":30045,"date":"2022-06-27T08:21:43","date_gmt":"2022-06-27T14:21:43","guid":{"rendered":"https:\/\/somagen.com\/polymedco\/"},"modified":"2022-11-08T09:29:32","modified_gmt":"2022-11-08T16:29:32","slug":"polymedco","status":"publish","type":"page","link":"https:\/\/www.somagen.com\/fr\/polymedco\/","title":{"rendered":"Polymedco"},"content":{"rendered":"\t\t<div data-elementor-type=\"wp-page\" data-elementor-id=\"30045\" class=\"elementor elementor-30045 elementor-17353\" data-elementor-post-type=\"page\">\n\t\t\t\t\t\t<section class=\"elementor-section elementor-top-section elementor-element elementor-element-701ab40 elementor-section-height-min-height elementor-section-boxed elementor-section-height-default elementor-section-items-middle elementor-invisible\" data-id=\"701ab40\" data-element_type=\"section\" data-e-type=\"section\" data-settings=\"{&quot;background_background&quot;:&quot;classic&quot;,&quot;animation&quot;:&quot;fadeInUp&quot;}\">\n\t\t\t\t\t\t<div class=\"elementor-container elementor-column-gap-default\">\n\t\t\t\t\t<div class=\"elementor-column elementor-col-100 elementor-top-column elementor-element elementor-element-a684a5e\" data-id=\"a684a5e\" data-element_type=\"column\" data-e-type=\"column\">\n\t\t\t<div class=\"elementor-widget-wrap\">\n\t\t\t\t\t\t\t<\/div>\n\t\t<\/div>\n\t\t\t\t\t<\/div>\n\t\t<\/section>\n\t\t\t\t<section class=\"elementor-section elementor-top-section elementor-element elementor-element-15f45b5 elementor-section-boxed elementor-section-height-default elementor-section-height-default elementor-invisible\" data-id=\"15f45b5\" data-element_type=\"section\" data-e-type=\"section\" data-settings=\"{&quot;animation&quot;:&quot;fadeInUp&quot;}\">\n\t\t\t\t\t\t<div class=\"elementor-container elementor-column-gap-default\">\n\t\t\t\t\t<div class=\"elementor-column elementor-col-100 elementor-top-column elementor-element elementor-element-391c2a4\" data-id=\"391c2a4\" data-element_type=\"column\" data-e-type=\"column\">\n\t\t\t<div class=\"elementor-widget-wrap elementor-element-populated\">\n\t\t\t\t\t\t<div class=\"elementor-element elementor-element-08bd024 elementor-widget elementor-widget-text-editor\" data-id=\"08bd024\" data-element_type=\"widget\" data-e-type=\"widget\" data-widget_type=\"text-editor.default\">\n\t\t\t\t<div class=\"elementor-widget-container\">\n\t\t\t\t\t\t\t\t\t<p style=\"text-align: center;\">La d\u00e9tection pr\u00e9coce du cancer colorectal (CCR) m\u00e8ne \u00e0 de meilleurs soins aux patients et \u00e0 de meilleurs taux de survie.<\/p>\t\t\t\t\t\t\t\t<\/div>\n\t\t\t\t<\/div>\n\t\t\t\t\t<\/div>\n\t\t<\/div>\n\t\t\t\t\t<\/div>\n\t\t<\/section>\n\t\t\t\t<section class=\"elementor-section elementor-top-section elementor-element elementor-element-6376f12 elementor-section-boxed elementor-section-height-default elementor-section-height-default elementor-invisible\" data-id=\"6376f12\" data-element_type=\"section\" data-e-type=\"section\" data-settings=\"{&quot;animation&quot;:&quot;fadeInUp&quot;,&quot;background_background&quot;:&quot;classic&quot;}\">\n\t\t\t\t\t\t<div class=\"elementor-container elementor-column-gap-default\">\n\t\t\t\t\t<div class=\"elementor-column elementor-col-50 elementor-top-column elementor-element elementor-element-f5dc97d\" data-id=\"f5dc97d\" data-element_type=\"column\" data-e-type=\"column\">\n\t\t\t<div class=\"elementor-widget-wrap elementor-element-populated\">\n\t\t\t\t\t\t<div class=\"elementor-element elementor-element-3903755 elementor-widget elementor-widget-text-editor\" data-id=\"3903755\" data-element_type=\"widget\" data-e-type=\"widget\" data-widget_type=\"text-editor.default\">\n\t\t\t\t<div class=\"elementor-widget-container\">\n\t\t\t\t\t\t\t\t\t<h3><strong>La m\u00e9thode de d\u00e9pistage par test immunochimique de recherche de sang occulte dans les selles (RSOSi) est la norme de soins dans le monde entier.<\/strong><\/h3><p>Le test immunochimique f\u00e9cal (RSOSi), \u00e9galement appel\u00e9 traditionnellement test de sang occulte dans les selles, remplace le test de Guaiac en offrant une flexibilit\u00e9 pr\u00e9-analytique suppl\u00e9mentaire car le RSOSi n&#8217;a pas de restrictions de vitamine C ou alimentaires. Les patients peuvent effectuer facilement le pr\u00e9l\u00e8vement d&#8217;\u00e9chantillon \u00e0 la maison, sans perturber leur routine quotidienne. La facilit\u00e9 d&#8217;utilisation am\u00e9liore la conformit\u00e9 de la proc\u00e9dure par le patient.<\/p><h3><strong>De meilleurs r\u00e9sultats<\/strong><\/h3><p>Le test par RSOSi identifie les patients pour lesquels la pr\u00e9sence de sang occulte dans les selles est associ\u00e9e \u00e0 une maladie gastro-intestinale. Le test par RSOSi a am\u00e9lior\u00e9 la sensibilit\u00e9 et la sp\u00e9cificit\u00e9 par rapport \u00e0 la m\u00e9thode Guaiac. Cette am\u00e9lioration oriente davantage de \u00ab bons \u00bb patients vers la coloscopie, ce qui permet de d\u00e9tecter plus t\u00f4t les polypes et le cancer colorectal.<\/p><h3><strong>Avantages du d\u00e9pistage r\u00e9gulier du cancer<\/strong><\/h3><ul><li>Se faire d\u00e9pister rassure le patient si le r\u00e9sultat est normal.<\/li><li>Le d\u00e9pistage du cancer peut aider \u00e0 pr\u00e9venir un cancer en d\u00e9tectant des changements qui se transformeraient en cancer s&#8217;ils n&#8217;\u00e9taient pas trait\u00e9s.<\/li><li>Le d\u00e9pistage du cancer aide \u00e0 d\u00e9tecter un cancer avant l\u2019apparition de sympt\u00f4mes, alors qu&#8217;il est plus facile \u00e0 traiter.<\/li><li>Le d\u00e9pistage du cancer aide \u00e0 d\u00e9tecter un cancer avant qu&#8217;il ne se propage, alors qu\u2019il est plus facile \u00e0 traiter.<\/li><li>Une d\u00e9tection pr\u00e9coce peut signifier moins de traitements et moins de temps pass\u00e9 \u00e0 se r\u00e9tablir.<\/li><li>Plus un cancer est d\u00e9tect\u00e9 t\u00f4t, meilleures sont les chances de survie du patient.<\/li><\/ul>\t\t\t\t\t\t\t\t<\/div>\n\t\t\t\t<\/div>\n\t\t\t\t<div class=\"elementor-element elementor-element-65ae425 elementor-widget elementor-widget-button\" data-id=\"65ae425\" data-element_type=\"widget\" data-e-type=\"widget\" data-widget_type=\"button.default\">\n\t\t\t\t<div class=\"elementor-widget-container\">\n\t\t\t\t\t\t\t\t\t<div class=\"elementor-button-wrapper\">\n\t\t\t\t\t<a class=\"elementor-button elementor-button-link elementor-size-sm\" href=\"https:\/\/bit.ly\/3jfsQfy\" target=\"_blank\" rel=\"noopener\">\n\t\t\t\t\t\t<span class=\"elementor-button-content-wrapper\">\n\t\t\t\t\t\t\t\t\t<span class=\"elementor-button-text\">EN SAVOIR PLUS SUR LE D\u00c9PISTAGE<\/span>\n\t\t\t\t\t<\/span>\n\t\t\t\t\t<\/a>\n\t\t\t\t<\/div>\n\t\t\t\t\t\t\t\t<\/div>\n\t\t\t\t<\/div>\n\t\t\t\t\t<\/div>\n\t\t<\/div>\n\t\t\t\t<div class=\"elementor-column elementor-col-50 elementor-top-column elementor-element elementor-element-facde66\" data-id=\"facde66\" data-element_type=\"column\" data-e-type=\"column\">\n\t\t\t<div class=\"elementor-widget-wrap elementor-element-populated\">\n\t\t\t\t\t\t<div class=\"elementor-element elementor-element-a7010ec elementor-widget elementor-widget-image\" data-id=\"a7010ec\" data-element_type=\"widget\" data-e-type=\"widget\" data-widget_type=\"image.default\">\n\t\t\t\t<div class=\"elementor-widget-container\">\n\t\t\t\t\t\t\t\t\t\t\t\t\t\t\t<img fetchpriority=\"high\" decoding=\"async\" width=\"2560\" height=\"1707\" src=\"https:\/\/www.somagen.com\/wp-content\/uploads\/2021\/06\/iStock-151535306-scaled.jpg\" class=\"attachment-full size-full wp-image-6780\" alt=\"Polymedco\" srcset=\"https:\/\/www.somagen.com\/wp-content\/uploads\/2021\/06\/iStock-151535306-scaled.jpg 2560w, https:\/\/www.somagen.com\/wp-content\/uploads\/2021\/06\/iStock-151535306-800x533.jpg 800w, https:\/\/www.somagen.com\/wp-content\/uploads\/2021\/06\/iStock-151535306-1920x1280.jpg 1920w, https:\/\/www.somagen.com\/wp-content\/uploads\/2021\/06\/iStock-151535306-768x512.jpg 768w, https:\/\/www.somagen.com\/wp-content\/uploads\/2021\/06\/iStock-151535306-1536x1024.jpg 1536w, https:\/\/www.somagen.com\/wp-content\/uploads\/2021\/06\/iStock-151535306-2048x1365.jpg 2048w\" sizes=\"(max-width: 2560px) 100vw, 2560px\" \/>\t\t\t\t\t\t\t\t\t\t\t\t\t\t\t<\/div>\n\t\t\t\t<\/div>\n\t\t\t\t\t<\/div>\n\t\t<\/div>\n\t\t\t\t\t<\/div>\n\t\t<\/section>\n\t\t\t\t<section class=\"elementor-section elementor-top-section elementor-element elementor-element-d5a49a3 elementor-section-boxed elementor-section-height-default elementor-section-height-default elementor-invisible\" data-id=\"d5a49a3\" data-element_type=\"section\" data-e-type=\"section\" data-settings=\"{&quot;animation&quot;:&quot;fadeInUp&quot;,&quot;background_background&quot;:&quot;classic&quot;}\">\n\t\t\t\t\t\t<div class=\"elementor-container elementor-column-gap-default\">\n\t\t\t\t\t<div class=\"elementor-column elementor-col-50 elementor-top-column elementor-element elementor-element-5635b71\" data-id=\"5635b71\" data-element_type=\"column\" data-e-type=\"column\">\n\t\t\t<div class=\"elementor-widget-wrap elementor-element-populated\">\n\t\t\t\t\t\t<div class=\"elementor-element elementor-element-ce13393 elementor-widget elementor-widget-image\" data-id=\"ce13393\" data-element_type=\"widget\" data-e-type=\"widget\" data-widget_type=\"image.default\">\n\t\t\t\t<div class=\"elementor-widget-container\">\n\t\t\t\t\t\t\t\t\t\t\t\t\t\t\t<img decoding=\"async\" width=\"760\" height=\"630\" src=\"https:\/\/www.somagen.com\/wp-content\/uploads\/2021\/06\/Sample-Bottle.jpg\" class=\"attachment-full size-full wp-image-7008\" alt=\"\" srcset=\"https:\/\/www.somagen.com\/wp-content\/uploads\/2021\/06\/Sample-Bottle.jpg 760w, https:\/\/www.somagen.com\/wp-content\/uploads\/2021\/06\/Sample-Bottle-724x600.jpg 724w\" sizes=\"(max-width: 760px) 100vw, 760px\" \/>\t\t\t\t\t\t\t\t\t\t\t\t\t\t\t<\/div>\n\t\t\t\t<\/div>\n\t\t\t\t\t<\/div>\n\t\t<\/div>\n\t\t\t\t<div class=\"elementor-column elementor-col-50 elementor-top-column elementor-element elementor-element-bcfc6fd\" data-id=\"bcfc6fd\" data-element_type=\"column\" data-e-type=\"column\">\n\t\t\t<div class=\"elementor-widget-wrap elementor-element-populated\">\n\t\t\t\t\t\t<div class=\"elementor-element elementor-element-4bf2dde elementor-widget elementor-widget-text-editor\" data-id=\"4bf2dde\" data-element_type=\"widget\" data-e-type=\"widget\" data-widget_type=\"text-editor.default\">\n\t\t\t\t<div class=\"elementor-widget-container\">\n\t\t\t\t\t\t\t\t\t<h3><strong>Kit de test OC-Auto<sup>\u00ae<\/sup> FIT<\/strong><\/h3><p>La m\u00e9thode de d\u00e9pistage du test immunochimique de sang occulte dans les selles (RSOSi) par d\u00e9tection d&#8217;h\u00e9moglobine dans les selles est la nouvelle norme de soins pour la d\u00e9tection pr\u00e9coce du sang pouvant \u00eatre associ\u00e9 au cancer colorectal. Il change l\u2019issue d\u2019un cancer colorectal.<\/p><h3><strong>Caract\u00e9ristiques du produit:<\/strong><\/h3><ul><li>Le test OC-Auto<sup>\u00ae<\/sup> FIT est effectu\u00e9 \u00e0 l&#8217;aide des syst\u00e8mes automatis\u00e9s OC-Auto<sup>\u00ae<\/sup> Micro 80 ou OC-Auto<sup>\u00ae<\/sup> Sensor Diana<\/li><li>Le test OC-Auto<sup>\u00ae<\/sup> FIT est utilis\u00e9 pour d\u00e9tecter les saignements gastro-intestinaux associ\u00e9s \u00e0 des troubles tels que le cancer colorectal, les polypes et la diverticulite.<\/li><li>Permet au patient de pr\u00e9lever facilement un \u00e9chantillon et de le retourner \u00e0 une installation ou sont effectu\u00e9s les test pour des r\u00e9sultats rapides et pr\u00e9cis.<\/li><\/ul>\t\t\t\t\t\t\t\t<\/div>\n\t\t\t\t<\/div>\n\t\t\t\t\t<\/div>\n\t\t<\/div>\n\t\t\t\t\t<\/div>\n\t\t<\/section>\n\t\t\t\t<section class=\"elementor-section elementor-top-section elementor-element elementor-element-9120a8d elementor-section-boxed elementor-section-height-default elementor-section-height-default elementor-invisible\" data-id=\"9120a8d\" data-element_type=\"section\" data-e-type=\"section\" data-settings=\"{&quot;animation&quot;:&quot;fadeInUp&quot;,&quot;background_background&quot;:&quot;classic&quot;}\">\n\t\t\t\t\t\t<div class=\"elementor-container elementor-column-gap-default\">\n\t\t\t\t\t<div class=\"elementor-column elementor-col-50 elementor-top-column elementor-element elementor-element-0e884a8\" data-id=\"0e884a8\" data-element_type=\"column\" data-e-type=\"column\">\n\t\t\t<div class=\"elementor-widget-wrap elementor-element-populated\">\n\t\t\t\t\t\t<div class=\"elementor-element elementor-element-6dce0fe elementor-widget elementor-widget-text-editor\" data-id=\"6dce0fe\" data-element_type=\"widget\" data-e-type=\"widget\" data-widget_type=\"text-editor.default\">\n\t\t\t\t<div class=\"elementor-widget-container\">\n\t\t\t\t\t\t\t\t\t<h3><strong>Lecteur OC-Auto<sup>\u00ae<\/sup> Diana<\/strong><\/h3><p>L\u2019OC-Sensor Diana est con\u00e7u pour r\u00e9pondre aux besoins de volume \u00e9lev\u00e9 de tests RSOSi dans vos laboratoires. Plus de 500 millions de tests ont \u00e9t\u00e9 effectu\u00e9s dans le monde en utilisant cette m\u00e9thodologie. Ce syst\u00e8me d&#8217;immunodosage avanc\u00e9 est con\u00e7u pour d\u00e9tecter sp\u00e9cifiquement l&#8217;h\u00e9moglobine humaine. L&#8217;instrument mesure 280 \u00e9chantillons par heure et sa conception compacte est id\u00e9ale pour un petit poste de travail (largeur 24,8&#8243; x profondeur 22&#8243; x hauteur 22&#8243;, poids 133 lb).<\/p><p>Tous les portoirs sont identifi\u00e9s par un code-barres \u2013 le portoir d&#8217;\u00e9chantillons, le portoir de reprise de test, le portoir de contr\u00f4le \u00e9talon\/contr\u00f4le de la qualit\u00e9 et le portoir de dilution.<\/p><h3><strong>Fonctionnalit\u00e9s<\/strong><\/h3><ul><li>280\u00a0\u00e9chantillons par heure<\/li><li>Enti\u00e8rement automatis\u00e9<\/li><li>\u00c9talonnage automatique<\/li><li>Mode STAT<\/li><li>D\u00e9marrage automatique\/Lavage automatique\/Maintenance d&#8217;arr\u00eat automatique<\/li><li>M\u00e9moire de 100\u00a0000\u00a0\u00e9chantillons<\/li><li>R\u00e9actifs et portoirs \u00e0 code-barres<\/li><li>\u00c9cran ACL de 10,5\u00a0pouces<\/li><li>Connectivit\u00e9 USB<\/li><li>Contenant d&#8217;\u00e9chantillonnage ferm\u00e9<\/li><\/ul>\t\t\t\t\t\t\t\t<\/div>\n\t\t\t\t<\/div>\n\t\t\t\t\t<\/div>\n\t\t<\/div>\n\t\t\t\t<div class=\"elementor-column elementor-col-50 elementor-top-column elementor-element elementor-element-0ed234d\" data-id=\"0ed234d\" data-element_type=\"column\" data-e-type=\"column\">\n\t\t\t<div class=\"elementor-widget-wrap elementor-element-populated\">\n\t\t\t\t\t\t<div class=\"elementor-element elementor-element-0a1782d elementor-widget elementor-widget-image\" data-id=\"0a1782d\" data-element_type=\"widget\" data-e-type=\"widget\" data-widget_type=\"image.default\">\n\t\t\t\t<div class=\"elementor-widget-container\">\n\t\t\t\t\t\t\t\t\t\t\t\t\t\t\t<img decoding=\"async\" width=\"1024\" height=\"1024\" src=\"https:\/\/www.somagen.com\/wp-content\/uploads\/2021\/06\/sangue-occulto-oc-diana.jpg\" class=\"attachment-full size-full wp-image-7010\" alt=\"\" srcset=\"https:\/\/www.somagen.com\/wp-content\/uploads\/2021\/06\/sangue-occulto-oc-diana.jpg 1024w, https:\/\/www.somagen.com\/wp-content\/uploads\/2021\/06\/sangue-occulto-oc-diana-600x600.jpg 600w, https:\/\/www.somagen.com\/wp-content\/uploads\/2021\/06\/sangue-occulto-oc-diana-150x150.jpg 150w, https:\/\/www.somagen.com\/wp-content\/uploads\/2021\/06\/sangue-occulto-oc-diana-768x768.jpg 768w\" sizes=\"(max-width: 1024px) 100vw, 1024px\" \/>\t\t\t\t\t\t\t\t\t\t\t\t\t\t\t<\/div>\n\t\t\t\t<\/div>\n\t\t\t\t<section class=\"elementor-section elementor-inner-section elementor-element elementor-element-add1d2a elementor-section-boxed elementor-section-height-default elementor-section-height-default\" data-id=\"add1d2a\" data-element_type=\"section\" data-e-type=\"section\">\n\t\t\t\t\t\t<div class=\"elementor-container elementor-column-gap-default\">\n\t\t\t\t\t<div class=\"elementor-column elementor-col-50 elementor-inner-column elementor-element elementor-element-5d13dc1\" data-id=\"5d13dc1\" data-element_type=\"column\" data-e-type=\"column\">\n\t\t\t<div class=\"elementor-widget-wrap elementor-element-populated\">\n\t\t\t\t\t\t<div class=\"elementor-element elementor-element-4979652 elementor-widget elementor-widget-image\" data-id=\"4979652\" data-element_type=\"widget\" data-e-type=\"widget\" data-widget_type=\"image.default\">\n\t\t\t\t<div class=\"elementor-widget-container\">\n\t\t\t\t\t\t\t\t\t\t\t\t\t\t\t<img loading=\"lazy\" decoding=\"async\" width=\"800\" height=\"533\" src=\"https:\/\/www.somagen.com\/wp-content\/uploads\/2021\/06\/OC-Sensor-Diana-Cover-Up-1920x1280.jpg\" class=\"attachment-large size-large wp-image-7020\" alt=\"\" srcset=\"https:\/\/www.somagen.com\/wp-content\/uploads\/2021\/06\/OC-Sensor-Diana-Cover-Up-1920x1280.jpg 1920w, https:\/\/www.somagen.com\/wp-content\/uploads\/2021\/06\/OC-Sensor-Diana-Cover-Up-800x533.jpg 800w, https:\/\/www.somagen.com\/wp-content\/uploads\/2021\/06\/OC-Sensor-Diana-Cover-Up-768x512.jpg 768w, https:\/\/www.somagen.com\/wp-content\/uploads\/2021\/06\/OC-Sensor-Diana-Cover-Up-1536x1024.jpg 1536w, https:\/\/www.somagen.com\/wp-content\/uploads\/2021\/06\/OC-Sensor-Diana-Cover-Up-2048x1365.jpg 2048w\" sizes=\"(max-width: 800px) 100vw, 800px\" \/>\t\t\t\t\t\t\t\t\t\t\t\t\t\t\t<\/div>\n\t\t\t\t<\/div>\n\t\t\t\t\t<\/div>\n\t\t<\/div>\n\t\t\t\t<div class=\"elementor-column elementor-col-50 elementor-inner-column elementor-element elementor-element-85c2c2e\" data-id=\"85c2c2e\" data-element_type=\"column\" data-e-type=\"column\">\n\t\t\t<div class=\"elementor-widget-wrap elementor-element-populated\">\n\t\t\t\t\t\t<div class=\"elementor-element elementor-element-19a35a1 elementor-widget elementor-widget-image\" data-id=\"19a35a1\" data-element_type=\"widget\" data-e-type=\"widget\" data-widget_type=\"image.default\">\n\t\t\t\t<div class=\"elementor-widget-container\">\n\t\t\t\t\t\t\t\t\t\t\t\t\t\t\t<img loading=\"lazy\" decoding=\"async\" width=\"800\" height=\"533\" src=\"https:\/\/www.somagen.com\/wp-content\/uploads\/2021\/06\/Diana-Samples-in-Rack-1920x1280.jpg\" class=\"attachment-large size-large wp-image-7022\" alt=\"\" srcset=\"https:\/\/www.somagen.com\/wp-content\/uploads\/2021\/06\/Diana-Samples-in-Rack-1920x1280.jpg 1920w, https:\/\/www.somagen.com\/wp-content\/uploads\/2021\/06\/Diana-Samples-in-Rack-800x533.jpg 800w, https:\/\/www.somagen.com\/wp-content\/uploads\/2021\/06\/Diana-Samples-in-Rack-768x512.jpg 768w, https:\/\/www.somagen.com\/wp-content\/uploads\/2021\/06\/Diana-Samples-in-Rack-1536x1024.jpg 1536w, https:\/\/www.somagen.com\/wp-content\/uploads\/2021\/06\/Diana-Samples-in-Rack-2048x1365.jpg 2048w\" sizes=\"(max-width: 800px) 100vw, 800px\" \/>\t\t\t\t\t\t\t\t\t\t\t\t\t\t\t<\/div>\n\t\t\t\t<\/div>\n\t\t\t\t\t<\/div>\n\t\t<\/div>\n\t\t\t\t\t<\/div>\n\t\t<\/section>\n\t\t\t\t\t<\/div>\n\t\t<\/div>\n\t\t\t\t\t<\/div>\n\t\t<\/section>\n\t\t\t\t<section class=\"elementor-section elementor-top-section elementor-element elementor-element-e856741 elementor-section-boxed elementor-section-height-default elementor-section-height-default\" data-id=\"e856741\" data-element_type=\"section\" data-e-type=\"section\">\n\t\t\t\t\t\t<div class=\"elementor-container elementor-column-gap-default\">\n\t\t\t\t\t<div class=\"elementor-column elementor-col-100 elementor-top-column elementor-element elementor-element-5ae0e7e\" data-id=\"5ae0e7e\" data-element_type=\"column\" data-e-type=\"column\">\n\t\t\t<div class=\"elementor-widget-wrap elementor-element-populated\">\n\t\t\t\t\t\t<div class=\"elementor-element elementor-element-03b5253 elementor-widget elementor-widget-button\" data-id=\"03b5253\" data-element_type=\"widget\" data-e-type=\"widget\" data-widget_type=\"button.default\">\n\t\t\t\t<div class=\"elementor-widget-container\">\n\t\t\t\t\t\t\t\t\t<div class=\"elementor-button-wrapper\">\n\t\t\t\t\t<a class=\"elementor-button elementor-button-link elementor-size-sm\" href=\"https:\/\/somagen.com\/fr\/request-information\/\" target=\"_blank\" rel=\"noopener\">\n\t\t\t\t\t\t<span class=\"elementor-button-content-wrapper\">\n\t\t\t\t\t\t\t\t\t<span class=\"elementor-button-text\">CONTACTEZ-NOUS POUR EN SAVOIR PLUS SUR POLYMEDCO<\/span>\n\t\t\t\t\t<\/span>\n\t\t\t\t\t<\/a>\n\t\t\t\t<\/div>\n\t\t\t\t\t\t\t\t<\/div>\n\t\t\t\t<\/div>\n\t\t\t\t\t<\/div>\n\t\t<\/div>\n\t\t\t\t\t<\/div>\n\t\t<\/section>\n\t\t\t\t<\/div>\n\t\t","protected":false},"excerpt":{"rendered":"<p>La d\u00e9tection pr\u00e9coce du cancer colorectal (CCR) m\u00e8ne \u00e0 de meilleurs soins aux patients et \u00e0 de meilleurs taux de survie. La m\u00e9thode de d\u00e9pistage par test immunochimique de recherche [&hellip;]<\/p>\n","protected":false},"author":4,"featured_media":0,"parent":0,"menu_order":0,"comment_status":"closed","ping_status":"closed","template":"","meta":{"_relevanssi_hide_post":"","_relevanssi_hide_content":"","_relevanssi_pin_for_all":"","_relevanssi_pin_keywords":"","_relevanssi_unpin_keywords":"","_relevanssi_related_keywords":"","_relevanssi_related_include_ids":"","_relevanssi_related_exclude_ids":"","_relevanssi_related_no_append":"","_relevanssi_related_not_related":"","_relevanssi_related_posts":"","_relevanssi_noindex_reason":"","footnotes":""},"class_list":["post-30045","page","type-page","status-publish","hentry"],"_links":{"self":[{"href":"https:\/\/www.somagen.com\/fr\/wp-json\/wp\/v2\/pages\/30045","targetHints":{"allow":["GET"]}}],"collection":[{"href":"https:\/\/www.somagen.com\/fr\/wp-json\/wp\/v2\/pages"}],"about":[{"href":"https:\/\/www.somagen.com\/fr\/wp-json\/wp\/v2\/types\/page"}],"author":[{"embeddable":true,"href":"https:\/\/www.somagen.com\/fr\/wp-json\/wp\/v2\/users\/4"}],"replies":[{"embeddable":true,"href":"https:\/\/www.somagen.com\/fr\/wp-json\/wp\/v2\/comments?post=30045"}],"version-history":[{"count":25,"href":"https:\/\/www.somagen.com\/fr\/wp-json\/wp\/v2\/pages\/30045\/revisions"}],"predecessor-version":[{"id":40780,"href":"https:\/\/www.somagen.com\/fr\/wp-json\/wp\/v2\/pages\/30045\/revisions\/40780"}],"wp:attachment":[{"href":"https:\/\/www.somagen.com\/fr\/wp-json\/wp\/v2\/media?parent=30045"}],"curies":[{"name":"wp","href":"https:\/\/api.w.org\/{rel}","templated":true}]}}