{"id":30058,"date":"2022-06-27T09:20:50","date_gmt":"2022-06-27T15:20:50","guid":{"rendered":"https:\/\/somagen.com\/tosoh-g11\/"},"modified":"2022-08-23T10:36:19","modified_gmt":"2022-08-23T16:36:19","slug":"tosoh-g11","status":"publish","type":"page","link":"https:\/\/www.somagen.com\/fr\/tosoh-g11\/","title":{"rendered":"Tosoh G11"},"content":{"rendered":"\t\t<div data-elementor-type=\"wp-page\" data-elementor-id=\"30058\" class=\"elementor elementor-30058 elementor-15387\" data-elementor-post-type=\"page\">\n\t\t\t\t\t\t<section class=\"elementor-section elementor-top-section elementor-element elementor-element-7f28562 elementor-section-height-min-height elementor-section-boxed elementor-section-height-default elementor-section-items-middle elementor-invisible\" data-id=\"7f28562\" data-element_type=\"section\" data-e-type=\"section\" data-settings=\"{&quot;background_background&quot;:&quot;classic&quot;,&quot;animation&quot;:&quot;fadeInUp&quot;}\">\n\t\t\t\t\t\t<div class=\"elementor-container elementor-column-gap-default\">\n\t\t\t\t\t<div class=\"elementor-column elementor-col-100 elementor-top-column elementor-element elementor-element-7593b1c\" data-id=\"7593b1c\" data-element_type=\"column\" data-e-type=\"column\">\n\t\t\t<div class=\"elementor-widget-wrap\">\n\t\t\t\t\t\t\t<\/div>\n\t\t<\/div>\n\t\t\t\t\t<\/div>\n\t\t<\/section>\n\t\t\t\t<section class=\"elementor-section elementor-top-section elementor-element elementor-element-bc37cc2 elementor-section-boxed elementor-section-height-default elementor-section-height-default elementor-invisible\" data-id=\"bc37cc2\" data-element_type=\"section\" data-e-type=\"section\" data-settings=\"{&quot;animation&quot;:&quot;fadeInUp&quot;}\">\n\t\t\t\t\t\t<div class=\"elementor-container elementor-column-gap-default\">\n\t\t\t\t\t<div class=\"elementor-column elementor-col-50 elementor-top-column elementor-element elementor-element-642c2bd\" data-id=\"642c2bd\" data-element_type=\"column\" data-e-type=\"column\">\n\t\t\t<div class=\"elementor-widget-wrap elementor-element-populated\">\n\t\t\t\t\t\t<div class=\"elementor-element elementor-element-814f8d1 elementor-widget elementor-widget-image\" data-id=\"814f8d1\" data-element_type=\"widget\" data-e-type=\"widget\" data-widget_type=\"image.default\">\n\t\t\t\t<div class=\"elementor-widget-container\">\n\t\t\t\t\t\t\t\t\t\t\t\t\t\t\t<img fetchpriority=\"high\" decoding=\"async\" width=\"800\" height=\"258\" src=\"https:\/\/www.somagen.com\/wp-content\/uploads\/2021\/08\/tosoh-bioscience-logo-vector-1.png\" class=\"attachment-large size-large wp-image-15503\" alt=\"\" srcset=\"https:\/\/www.somagen.com\/wp-content\/uploads\/2021\/08\/tosoh-bioscience-logo-vector-1.png 1500w, https:\/\/www.somagen.com\/wp-content\/uploads\/2021\/08\/tosoh-bioscience-logo-vector-1-800x258.png 800w, https:\/\/www.somagen.com\/wp-content\/uploads\/2021\/08\/tosoh-bioscience-logo-vector-1-768x248.png 768w\" sizes=\"(max-width: 800px) 100vw, 800px\" \/>\t\t\t\t\t\t\t\t\t\t\t\t\t\t\t<\/div>\n\t\t\t\t<\/div>\n\t\t\t\t<div class=\"elementor-element elementor-element-c19c305 elementor-widget elementor-widget-text-editor\" data-id=\"c19c305\" data-element_type=\"widget\" data-e-type=\"widget\" data-widget_type=\"text-editor.default\">\n\t\t\t\t<div class=\"elementor-widget-container\">\n\t\t\t\t\t\t\t\t\t<p>Bas\u00e9 \u00e0 South San Francisco, en Californie, <strong>Tosoh Bioscience, Inc.<\/strong> est une filiale am\u00e9ricaine de la division Bioscience de Tosoh Corporation, dont le si\u00e8ge social est \u00e0 Tokyo, au Japon. \u00c9tabli aux \u00c9tats-Unis en 1989, Tosoh Bioscience s&#8217;est fait conna\u00eetre pour fournir des syst\u00e8mes de diagnostic sophistiqu\u00e9s aux h\u00f4pitaux et aux laboratoires de r\u00e9f\u00e9rence.<\/p><p><strong>Leadership dans le diagnostic<\/strong><\/p><p>Tosoh s&#8217;appuie sur sa r\u00e9putation \u00e9tablie et maintient son leadership dans le domaine des diagnostics cliniques. Avec des syst\u00e8mes de dosage immunologique et de HPLC \u00e0 la fine pointe de la technologie, Tosoh propose une instrumentation sup\u00e9rieure pour r\u00e9pondre en permanence aux besoins op\u00e9rationnels et \u00e9conomiques des laboratoires d&#8217;aujourd&#8217;hui et de demain.<\/p><p><strong>Pionniers des immunoessais<\/strong><\/p><p>Tosoh, un pionnier dans le domaine des syst\u00e8mes automatis\u00e9s de dosage immunologique, continue de faire \u00e9voluer sa gamme de produits afin d\u2019offrir des syst\u00e8mes les plus avanc\u00e9s au monde. Avec l&#8217;\u00e9volution rapide de la technologie, les laboratoires exigent de l&#8217;innovation. Tosoh reste \u00e0 l&#8217;avant-garde avec un r\u00e9seau de classe mondiale d&#8217;installations de recherche, de scientifiques, d&#8217;ing\u00e9nieurs et de sp\u00e9cialistes du support \u00e0 la client\u00e8le.<\/p>\t\t\t\t\t\t\t\t<\/div>\n\t\t\t\t<\/div>\n\t\t\t\t\t<\/div>\n\t\t<\/div>\n\t\t\t\t<div class=\"elementor-column elementor-col-50 elementor-top-column elementor-element elementor-element-70d2cd5\" data-id=\"70d2cd5\" data-element_type=\"column\" data-e-type=\"column\">\n\t\t\t<div class=\"elementor-widget-wrap elementor-element-populated\">\n\t\t\t\t\t\t<div class=\"elementor-element elementor-element-a6ec5d7 elementor-widget elementor-widget-image\" data-id=\"a6ec5d7\" data-element_type=\"widget\" data-e-type=\"widget\" data-widget_type=\"image.default\">\n\t\t\t\t<div class=\"elementor-widget-container\">\n\t\t\t\t\t\t\t\t\t\t\t\t\t\t\t<img decoding=\"async\" width=\"800\" height=\"313\" src=\"https:\/\/www.somagen.com\/wp-content\/uploads\/2021\/08\/Office-2-e1628873569592.jpg\" class=\"attachment-large size-large wp-image-15509\" alt=\"\" \/>\t\t\t\t\t\t\t\t\t\t\t\t\t\t\t<\/div>\n\t\t\t\t<\/div>\n\t\t\t\t\t<\/div>\n\t\t<\/div>\n\t\t\t\t\t<\/div>\n\t\t<\/section>\n\t\t\t\t<section class=\"elementor-section elementor-top-section elementor-element elementor-element-112b4db elementor-section-height-min-height elementor-section-boxed elementor-section-height-default elementor-section-items-middle elementor-invisible\" data-id=\"112b4db\" data-element_type=\"section\" data-e-type=\"section\" data-settings=\"{&quot;background_background&quot;:&quot;classic&quot;,&quot;animation&quot;:&quot;fadeInUp&quot;}\">\n\t\t\t\t\t\t\t<div class=\"elementor-background-overlay\"><\/div>\n\t\t\t\t\t\t\t<div class=\"elementor-container elementor-column-gap-default\">\n\t\t\t\t\t<div class=\"elementor-column elementor-col-100 elementor-top-column elementor-element elementor-element-626d051\" data-id=\"626d051\" data-element_type=\"column\" data-e-type=\"column\">\n\t\t\t<div class=\"elementor-widget-wrap elementor-element-populated\">\n\t\t\t\t\t\t<div class=\"elementor-element elementor-element-c4dc983 elementor-widget elementor-widget-image\" data-id=\"c4dc983\" data-element_type=\"widget\" data-e-type=\"widget\" data-widget_type=\"image.default\">\n\t\t\t\t<div class=\"elementor-widget-container\">\n\t\t\t\t\t\t\t\t\t\t\t\t\t\t\t<img decoding=\"async\" width=\"800\" height=\"230\" src=\"https:\/\/www.somagen.com\/wp-content\/uploads\/2021\/08\/g11_logo-1.png\" class=\"attachment-large size-large wp-image-15562\" alt=\"\" srcset=\"https:\/\/www.somagen.com\/wp-content\/uploads\/2021\/08\/g11_logo-1.png 997w, https:\/\/www.somagen.com\/wp-content\/uploads\/2021\/08\/g11_logo-1-800x230.png 800w, https:\/\/www.somagen.com\/wp-content\/uploads\/2021\/08\/g11_logo-1-768x221.png 768w\" sizes=\"(max-width: 800px) 100vw, 800px\" \/>\t\t\t\t\t\t\t\t\t\t\t\t\t\t\t<\/div>\n\t\t\t\t<\/div>\n\t\t\t\t\t<\/div>\n\t\t<\/div>\n\t\t\t\t\t<\/div>\n\t\t<\/section>\n\t\t\t\t<section class=\"elementor-section elementor-top-section elementor-element elementor-element-3659320 elementor-section-boxed elementor-section-height-default elementor-section-height-default elementor-invisible\" data-id=\"3659320\" data-element_type=\"section\" data-e-type=\"section\" data-settings=\"{&quot;animation&quot;:&quot;fadeInUp&quot;}\">\n\t\t\t\t\t\t<div class=\"elementor-container elementor-column-gap-default\">\n\t\t\t\t\t<div class=\"elementor-column elementor-col-50 elementor-top-column elementor-element elementor-element-dda2147\" data-id=\"dda2147\" data-element_type=\"column\" data-e-type=\"column\">\n\t\t\t<div class=\"elementor-widget-wrap elementor-element-populated\">\n\t\t\t\t\t\t<div class=\"elementor-element elementor-element-d038347 elementor-widget elementor-widget-text-editor\" data-id=\"d038347\" data-element_type=\"widget\" data-e-type=\"widget\" data-widget_type=\"text-editor.default\">\n\t\t\t\t<div class=\"elementor-widget-container\">\n\t\t\t\t\t\t\t\t\t<h3><strong>ANALYSEUR AUTOMATIS\u00c9 D\u2019H\u00c9MOGLOBINE GLYQU\u00c9E TOSOH HLC-723<sup>\u00ae<\/sup> G11<\/strong><\/h3><p>L&#8217;analyseur automatis\u00e9 d\u2019H\u00e9moglobine Glyqu\u00e9e Tosoh HLC-723<sup>\u00ae<\/sup>G11 \u2013 Mode Variant est le plus r\u00e9cent ajout \u00e0 la famille d&#8217;analyseurs HPLC de Tosoh. Il a \u00e9t\u00e9 sp\u00e9cialement con\u00e7u pour fournir une r\u00e9ponse au nombre toujours croissant des demandes d&#8217;HbA1c et au besoin g\u00e9n\u00e9ral d&#8217;optimiser les flux de travail du laboratoire. Le G11 est un instrument rapide, pr\u00e9cis et tr\u00e8s convivial avec une multitude de fonctionnalit\u00e9s utiles.<\/p><p>Le G11 a un temps de d\u00e9marrage tr\u00e8s rapide et les v\u00e9rifications quotidiennes sont effectu\u00e9es en quelques secondes. La routine d&#8217;analyse ne n\u00e9cessite qu&#8217;une seule pression sur d\u2019un bouton qui se fait en 60 secondes en mode Variant. Les r\u00e9sultats sont affich\u00e9s sur les chromatogrammes \u00e0 haute r\u00e9solution. Le G11 dispose de fonctions d&#8217;arr\u00eat et de lavage automatis\u00e9es et d&#8217;un temps personnalisable pour mettre l\u2019instrument hors tension. De plus, les changements de colonnes et de filtres sont faits en quelques secondes. Le HLC-723<sup>\u00ae<\/sup>G11 est un syst\u00e8me haute performance qui garantit une op\u00e9ration fluide et des r\u00e9sultats fiables.<\/p><p>De plus, le G11 a la flexibilit\u00e9 de s&#8217;adapter aux besoins changeants des laboratoires modernes en offrant l&#8217;opportunit\u00e9 unique de passer d\u2019un chargeur de 90 \u00e9chantillons \u00e0 un chargeur de 290 \u00e9chantillons et aux mod\u00e8les d&#8217;automatisation de laboratoire.<\/p>\t\t\t\t\t\t\t\t<\/div>\n\t\t\t\t<\/div>\n\t\t\t\t\t<\/div>\n\t\t<\/div>\n\t\t\t\t<div class=\"elementor-column elementor-col-50 elementor-top-column elementor-element elementor-element-fcd81be\" data-id=\"fcd81be\" data-element_type=\"column\" data-e-type=\"column\">\n\t\t\t<div class=\"elementor-widget-wrap elementor-element-populated\">\n\t\t\t\t\t\t<div class=\"elementor-element elementor-element-547956f elementor-widget elementor-widget-image\" data-id=\"547956f\" data-element_type=\"widget\" data-e-type=\"widget\" data-widget_type=\"image.default\">\n\t\t\t\t<div class=\"elementor-widget-container\">\n\t\t\t\t\t\t\t\t\t\t\t\t\t\t\t<img loading=\"lazy\" decoding=\"async\" width=\"3171\" height=\"2941\" src=\"https:\/\/www.somagen.com\/wp-content\/uploads\/2022\/08\/G11.png\" class=\"attachment-full size-full wp-image-35568\" alt=\"\" srcset=\"https:\/\/www.somagen.com\/wp-content\/uploads\/2022\/08\/G11.png 3171w, https:\/\/www.somagen.com\/wp-content\/uploads\/2022\/08\/G11-647x600.png 647w, https:\/\/www.somagen.com\/wp-content\/uploads\/2022\/08\/G11-1380x1280.png 1380w, https:\/\/www.somagen.com\/wp-content\/uploads\/2022\/08\/G11-768x712.png 768w, https:\/\/www.somagen.com\/wp-content\/uploads\/2022\/08\/G11-1536x1425.png 1536w, https:\/\/www.somagen.com\/wp-content\/uploads\/2022\/08\/G11-2048x1899.png 2048w\" sizes=\"(max-width: 3171px) 100vw, 3171px\" \/>\t\t\t\t\t\t\t\t\t\t\t\t\t\t\t<\/div>\n\t\t\t\t<\/div>\n\t\t\t\t\t<\/div>\n\t\t<\/div>\n\t\t\t\t\t<\/div>\n\t\t<\/section>\n\t\t\t\t<section class=\"elementor-section elementor-top-section elementor-element elementor-element-3a7f11c elementor-section-height-min-height elementor-section-boxed elementor-section-height-default elementor-section-items-middle elementor-invisible\" data-id=\"3a7f11c\" data-element_type=\"section\" data-e-type=\"section\" data-settings=\"{&quot;background_background&quot;:&quot;classic&quot;,&quot;animation&quot;:&quot;fadeInUp&quot;}\">\n\t\t\t\t\t\t\t<div class=\"elementor-background-overlay\"><\/div>\n\t\t\t\t\t\t\t<div class=\"elementor-container elementor-column-gap-default\">\n\t\t\t\t\t<div class=\"elementor-column elementor-col-100 elementor-top-column elementor-element elementor-element-ade9938\" data-id=\"ade9938\" data-element_type=\"column\" data-e-type=\"column\">\n\t\t\t<div class=\"elementor-widget-wrap elementor-element-populated\">\n\t\t\t\t\t\t<div class=\"elementor-element elementor-element-a53df29 elementor-widget elementor-widget-text-editor\" data-id=\"a53df29\" data-element_type=\"widget\" data-e-type=\"widget\" data-widget_type=\"text-editor.default\">\n\t\t\t\t<div class=\"elementor-widget-container\">\n\t\t\t\t\t\t\t\t\t<p><em><strong>Repr\u00e9sentant de Chromatogramme G8<\/strong><\/em><\/p>\t\t\t\t\t\t\t\t<\/div>\n\t\t\t\t<\/div>\n\t\t\t\t\t<\/div>\n\t\t<\/div>\n\t\t\t\t\t<\/div>\n\t\t<\/section>\n\t\t\t\t<section class=\"elementor-section elementor-top-section elementor-element elementor-element-d9864ac elementor-section-boxed elementor-section-height-default elementor-section-height-default elementor-invisible\" data-id=\"d9864ac\" data-element_type=\"section\" data-e-type=\"section\" data-settings=\"{&quot;animation&quot;:&quot;fadeInUp&quot;}\">\n\t\t\t\t\t\t<div class=\"elementor-container elementor-column-gap-default\">\n\t\t\t\t\t<div class=\"elementor-column elementor-col-50 elementor-top-column elementor-element elementor-element-0d98f19\" data-id=\"0d98f19\" data-element_type=\"column\" data-e-type=\"column\">\n\t\t\t<div class=\"elementor-widget-wrap elementor-element-populated\">\n\t\t\t\t\t\t<div class=\"elementor-element elementor-element-457edb2 elementor-widget elementor-widget-text-editor\" data-id=\"457edb2\" data-element_type=\"widget\" data-e-type=\"widget\" data-widget_type=\"text-editor.default\">\n\t\t\t\t<div class=\"elementor-widget-container\">\n\t\t\t\t\t\t\t\t\t<h2><strong>Technologie HPLC<\/strong><\/h2><p>La chromatographie liquide \u00e0 haute performance ou HPLC (High Performance Liquid Chromatography), est la m\u00e9thode de r\u00e9f\u00e9rence pour le test de l&#8217;h\u00e9moglobine A1c. Utilisant la colonne non poreuse exclusive de Tosoh, sa m\u00e9thodologie d&#8217;\u00e9change d&#8217;ions fournit des r\u00e9sultats chromatographiques dans des chromatogrammes haute r\u00e9solution sans perte de pr\u00e9cision.<\/p><p>HPLC est une technique de chimie analytique pour s\u00e9parer, identifier et quantifier chaque fraction d&#8217;un m\u00e9lange. En chromatographie d\u2019\u00e9change d&#8217;ions, les fractions de l&#8217;h\u00e9moglobine glyqu\u00e9e sont s\u00e9par\u00e9es en fonction de leur charge \u00e9lectrique diff\u00e9rente. Au fur et \u00e0 mesure que les fractions \u00e9luent, le temps n\u00e9cessaire pour s\u00e9parer cette fraction est appel\u00e9 temps de r\u00e9tention. Les temps de r\u00e9tention de chaque fraction d\u00e9terminent l&#8217;identit\u00e9 du composant.<\/p><p>La m\u00e9thodologie d&#8217;\u00e9change d&#8217;ions de Tosoh utilise une colonne de r\u00e9sine polym\u00e8re non poreuse exclusive, qui fournit des chromatogrammes \u00e0 haute r\u00e9solution et une s\u00e9paration \u00e0 haute efficacit\u00e9 sans perte de pr\u00e9cision. La mesure de l&#8217;HbA1c permet de d\u00e9terminer directement l&#8217;HbA1c stable gr\u00e2ce \u00e0 une s\u00e9paration claire entre l&#8217;HbA1c labile et l&#8217;HbA1c stable en g\u00e9n\u00e9rant un chromatogramme qui contient des informations pr\u00e9cieuses sur le patient, notamment la pr\u00e9sence d&#8217;un variant de l&#8217;h\u00e9moglobine ou la persistance h\u00e9r\u00e9ditaire de l&#8217;Hb f\u0153tale &#8211; une caract\u00e9ristique unique \u00e0 la m\u00e9thodologie HPLC d&#8217;\u00e9change d&#8217;ions.<\/p>\t\t\t\t\t\t\t\t<\/div>\n\t\t\t\t<\/div>\n\t\t\t\t<div class=\"elementor-element elementor-element-78d438b elementor-widget elementor-widget-text-editor\" data-id=\"78d438b\" data-element_type=\"widget\" data-e-type=\"widget\" data-widget_type=\"text-editor.default\">\n\t\t\t\t<div class=\"elementor-widget-container\">\n\t\t\t\t\t\t\t\t\t<h3><strong>Chromatogrammes G11<\/strong><\/h3><p>L&#8217;analyseur HPLC G11 supporte le mode suivant\u00a0:<\/p><ul><li>Mode Variant HbA1c &#8211; un mode \u00e9tendu de 1,0 minute permettant la d\u00e9tection des types de variant<\/li><\/ul><p>\u00a0<\/p>\t\t\t\t\t\t\t\t<\/div>\n\t\t\t\t<\/div>\n\t\t\t\t\t<\/div>\n\t\t<\/div>\n\t\t\t\t<div class=\"elementor-column elementor-col-50 elementor-top-column elementor-element elementor-element-80e3439\" data-id=\"80e3439\" data-element_type=\"column\" data-e-type=\"column\">\n\t\t\t<div class=\"elementor-widget-wrap elementor-element-populated\">\n\t\t\t\t\t\t<div class=\"elementor-element elementor-element-c822821 elementor-widget elementor-widget-image\" data-id=\"c822821\" data-element_type=\"widget\" data-e-type=\"widget\" data-widget_type=\"image.default\">\n\t\t\t\t<div class=\"elementor-widget-container\">\n\t\t\t\t\t\t\t\t\t\t\t\t\t\t\t<img decoding=\"async\" src=\"https:\/\/www.somagen.com\/wp-content\/uploads\/elementor\/thumbs\/HPLC-Column-pqy2xb1owx2l14a06abqh1c558185zn2yexy42aim0.png\" title=\"HPLC-Column\" alt=\"HPLC-Column\" loading=\"lazy\" \/>\t\t\t\t\t\t\t\t\t\t\t\t\t\t\t<\/div>\n\t\t\t\t<\/div>\n\t\t\t\t<div class=\"elementor-element elementor-element-d8b2f0e elementor-widget elementor-widget-image\" data-id=\"d8b2f0e\" data-element_type=\"widget\" data-e-type=\"widget\" data-widget_type=\"image.default\">\n\t\t\t\t<div class=\"elementor-widget-container\">\n\t\t\t\t\t\t\t\t\t\t\t\t\t\t\t<img loading=\"lazy\" decoding=\"async\" width=\"276\" height=\"498\" src=\"https:\/\/www.somagen.com\/wp-content\/uploads\/2022\/02\/C3-G11.png\" class=\"attachment-medium size-medium wp-image-23688\" alt=\"\" \/>\t\t\t\t\t\t\t\t\t\t\t\t\t\t\t<\/div>\n\t\t\t\t<\/div>\n\t\t\t\t\t<\/div>\n\t\t<\/div>\n\t\t\t\t\t<\/div>\n\t\t<\/section>\n\t\t\t\t<section class=\"elementor-section elementor-top-section elementor-element elementor-element-c47c98e elementor-section-boxed elementor-section-height-default elementor-section-height-default elementor-invisible\" data-id=\"c47c98e\" data-element_type=\"section\" data-e-type=\"section\" data-settings=\"{&quot;animation&quot;:&quot;fadeInUp&quot;}\">\n\t\t\t\t\t\t<div class=\"elementor-container elementor-column-gap-default\">\n\t\t\t\t\t<div class=\"elementor-column elementor-col-100 elementor-top-column elementor-element elementor-element-ef1b018\" data-id=\"ef1b018\" data-element_type=\"column\" data-e-type=\"column\">\n\t\t\t<div class=\"elementor-widget-wrap elementor-element-populated\">\n\t\t\t\t\t\t<div class=\"elementor-element elementor-element-b42450d elementor-widget elementor-widget-text-editor\" data-id=\"b42450d\" data-element_type=\"widget\" data-e-type=\"widget\" data-widget_type=\"text-editor.default\">\n\t\t\t\t<div class=\"elementor-widget-container\">\n\t\t\t\t\t\t\t\t\t<p><strong>Gestion compl\u00e8te du laboratoire pour les tests d&#8217;h\u00e9moglobine A1c<\/strong><\/p>\t\t\t\t\t\t\t\t<\/div>\n\t\t\t\t<\/div>\n\t\t\t\t\t<\/div>\n\t\t<\/div>\n\t\t\t\t\t<\/div>\n\t\t<\/section>\n\t\t\t\t<section class=\"elementor-section elementor-top-section elementor-element elementor-element-e51ed57 elementor-section-boxed elementor-section-height-default elementor-section-height-default elementor-invisible\" data-id=\"e51ed57\" data-element_type=\"section\" data-e-type=\"section\" data-settings=\"{&quot;animation&quot;:&quot;fadeInUp&quot;}\">\n\t\t\t\t\t\t<div class=\"elementor-container elementor-column-gap-default\">\n\t\t\t\t\t<div class=\"elementor-column elementor-col-100 elementor-top-column elementor-element elementor-element-94fdf9d\" data-id=\"94fdf9d\" data-element_type=\"column\" data-e-type=\"column\">\n\t\t\t<div class=\"elementor-widget-wrap elementor-element-populated\">\n\t\t\t\t\t\t<div class=\"elementor-element elementor-element-4976a27 elementor-widget elementor-widget-text-editor\" data-id=\"4976a27\" data-element_type=\"widget\" data-e-type=\"widget\" data-widget_type=\"text-editor.default\">\n\t\t\t\t<div class=\"elementor-widget-container\">\n\t\t\t\t\t\t\t\t\t<p><strong>501RP+<\/strong> est un logiciel d&#8217;application de gestion de donn\u00e9es qui contribue \u00e0 l&#8217;efficacit\u00e9 du flux de travail de votre laboratoire, du traitement au rapport final. \u00a0<\/p>\t\t\t\t\t\t\t\t<\/div>\n\t\t\t\t<\/div>\n\t\t\t\t\t<\/div>\n\t\t<\/div>\n\t\t\t\t\t<\/div>\n\t\t<\/section>\n\t\t\t\t<section class=\"elementor-section elementor-top-section elementor-element elementor-element-841aca4 elementor-section-boxed elementor-section-height-default elementor-section-height-default\" data-id=\"841aca4\" data-element_type=\"section\" data-e-type=\"section\">\n\t\t\t\t\t\t<div class=\"elementor-container elementor-column-gap-default\">\n\t\t\t\t\t<div class=\"elementor-column elementor-col-50 elementor-top-column elementor-element elementor-element-1265626\" data-id=\"1265626\" data-element_type=\"column\" data-e-type=\"column\">\n\t\t\t<div class=\"elementor-widget-wrap elementor-element-populated\">\n\t\t\t\t\t\t<div class=\"elementor-element elementor-element-5122e25 elementor-widget elementor-widget-text-editor\" data-id=\"5122e25\" data-element_type=\"widget\" data-e-type=\"widget\" data-widget_type=\"text-editor.default\">\n\t\t\t\t<div class=\"elementor-widget-container\">\n\t\t\t\t\t\t\t\t\t<p><strong>AUTO-V\u00c9RIFICATION<\/strong><\/p><ul><li>Signalisation des r\u00e9sultats complexes<\/li><li>R\u00e8gles de r\u00e9sultat personnalisables<\/li><\/ul><p>\u00a0<\/p><p><strong>BIBLIOTH\u00c8QUE GHb<\/strong><\/p><ul><li>Biblioth\u00e8que d\u00e9finie par l&#8217;utilisateur<\/li><li>Archive d&#8217;h\u00e9moglobines anormales<\/li><\/ul><p>\u00a0<\/p><p><strong>CHROMATOGRAMME<\/strong><\/p><ul><li>Rapports de r\u00e9sultats personnalisables<\/li><li>Pics d\u00e9taill\u00e9s sur les graphiques<\/li><li>Fonction de superposition ou de comparaison<\/li><\/ul><p>\u00a0<\/p><p><strong>MAINTENANCE<\/strong><\/p><ul><li>Liste de maintenance quotidienne int\u00e9gr\u00e9e<\/li><li>Gestion compl\u00e8te de la maintenance<\/li><li>Registres de service \u00e0 bord<\/li><\/ul><p>\u00a0<\/p><p><strong>CONTR\u00d4LE DE LA QUALIT\u00c9<\/strong><\/p><ul><li>Analyse centralis\u00e9e du contr\u00f4le de la qualit\u00e9<\/li><li>Utilisation de Levey-Jennings<\/li><li>Emploi des r\u00e8gles de Westgard<\/li><\/ul><p>\u00a0<\/p><p><strong>TRA\u00c7ABILIT\u00c9<\/strong><\/p><ul><li>Analyse des tendances des r\u00e9sultats SA1c<\/li><li>R\u00e9actifs et consommables \u00e0 code-barres<\/li><li>Suivi et expiration de la stabilit\u00e9 \u00e0 bord<\/li><\/ul>\t\t\t\t\t\t\t\t<\/div>\n\t\t\t\t<\/div>\n\t\t\t\t\t<\/div>\n\t\t<\/div>\n\t\t\t\t<div class=\"elementor-column elementor-col-50 elementor-top-column elementor-element elementor-element-c657baa\" data-id=\"c657baa\" data-element_type=\"column\" data-e-type=\"column\">\n\t\t\t<div class=\"elementor-widget-wrap elementor-element-populated\">\n\t\t\t\t\t\t<div class=\"elementor-element elementor-element-dd05735 elementor-widget elementor-widget-image\" data-id=\"dd05735\" data-element_type=\"widget\" data-e-type=\"widget\" data-widget_type=\"image.default\">\n\t\t\t\t<div class=\"elementor-widget-container\">\n\t\t\t\t\t\t\t\t\t\t\t\t\t\t\t<img loading=\"lazy\" decoding=\"async\" width=\"2338\" height=\"2560\" src=\"https:\/\/www.somagen.com\/wp-content\/uploads\/2022\/03\/501-scaled.jpg\" class=\"attachment-full size-full wp-image-24995\" alt=\"\" srcset=\"https:\/\/www.somagen.com\/wp-content\/uploads\/2022\/03\/501-scaled.jpg 2338w, https:\/\/www.somagen.com\/wp-content\/uploads\/2022\/03\/501-548x600.jpg 548w, https:\/\/www.somagen.com\/wp-content\/uploads\/2022\/03\/501-1169x1280.jpg 1169w, https:\/\/www.somagen.com\/wp-content\/uploads\/2022\/03\/501-768x841.jpg 768w, https:\/\/www.somagen.com\/wp-content\/uploads\/2022\/03\/501-1403x1536.jpg 1403w, https:\/\/www.somagen.com\/wp-content\/uploads\/2022\/03\/501-1870x2048.jpg 1870w\" sizes=\"(max-width: 2338px) 100vw, 2338px\" \/>\t\t\t\t\t\t\t\t\t\t\t\t\t\t\t<\/div>\n\t\t\t\t<\/div>\n\t\t\t\t\t<\/div>\n\t\t<\/div>\n\t\t\t\t\t<\/div>\n\t\t<\/section>\n\t\t\t\t<\/div>\n\t\t","protected":false},"excerpt":{"rendered":"<p>Bas\u00e9 \u00e0 South San Francisco, en Californie, Tosoh Bioscience, Inc. est une filiale am\u00e9ricaine de la division Bioscience de Tosoh Corporation, dont le si\u00e8ge social est \u00e0 Tokyo, au Japon. [&hellip;]<\/p>\n","protected":false},"author":4,"featured_media":0,"parent":0,"menu_order":0,"comment_status":"closed","ping_status":"closed","template":"","meta":{"_relevanssi_hide_post":"","_relevanssi_hide_content":"","_relevanssi_pin_for_all":"","_relevanssi_pin_keywords":"","_relevanssi_unpin_keywords":"","_relevanssi_related_keywords":"","_relevanssi_related_include_ids":"","_relevanssi_related_exclude_ids":"","_relevanssi_related_no_append":"","_relevanssi_related_not_related":"","_relevanssi_related_posts":"","_relevanssi_noindex_reason":"","footnotes":""},"class_list":["post-30058","page","type-page","status-publish","hentry"],"_links":{"self":[{"href":"https:\/\/www.somagen.com\/fr\/wp-json\/wp\/v2\/pages\/30058","targetHints":{"allow":["GET"]}}],"collection":[{"href":"https:\/\/www.somagen.com\/fr\/wp-json\/wp\/v2\/pages"}],"about":[{"href":"https:\/\/www.somagen.com\/fr\/wp-json\/wp\/v2\/types\/page"}],"author":[{"embeddable":true,"href":"https:\/\/www.somagen.com\/fr\/wp-json\/wp\/v2\/users\/4"}],"replies":[{"embeddable":true,"href":"https:\/\/www.somagen.com\/fr\/wp-json\/wp\/v2\/comments?post=30058"}],"version-history":[{"count":13,"href":"https:\/\/www.somagen.com\/fr\/wp-json\/wp\/v2\/pages\/30058\/revisions"}],"predecessor-version":[{"id":39119,"href":"https:\/\/www.somagen.com\/fr\/wp-json\/wp\/v2\/pages\/30058\/revisions\/39119"}],"wp:attachment":[{"href":"https:\/\/www.somagen.com\/fr\/wp-json\/wp\/v2\/media?parent=30058"}],"curies":[{"name":"wp","href":"https:\/\/api.w.org\/{rel}","templated":true}]}}