{"id":31860,"date":"2022-07-04T08:34:56","date_gmt":"2022-07-04T14:34:56","guid":{"rendered":"https:\/\/somagen.com\/vivaproducts\/"},"modified":"2022-08-25T08:56:45","modified_gmt":"2022-08-25T14:56:45","slug":"vivaproducts","status":"publish","type":"page","link":"https:\/\/www.somagen.com\/fr\/vivaproducts\/","title":{"rendered":"Vivaproducts"},"content":{"rendered":"\t\t<div data-elementor-type=\"wp-page\" data-elementor-id=\"31860\" class=\"elementor elementor-31860 elementor-28727\" data-elementor-post-type=\"page\">\n\t\t\t\t\t\t<section class=\"elementor-section elementor-top-section elementor-element elementor-element-cc700f0 elementor-section-boxed elementor-section-height-default elementor-section-height-default elementor-invisible\" data-id=\"cc700f0\" data-element_type=\"section\" data-e-type=\"section\" data-settings=\"{&quot;animation&quot;:&quot;fadeInUp&quot;}\">\n\t\t\t\t\t\t<div class=\"elementor-container elementor-column-gap-default\">\n\t\t\t\t\t<div class=\"elementor-column elementor-col-100 elementor-top-column elementor-element elementor-element-9a700e4\" data-id=\"9a700e4\" data-element_type=\"column\" data-e-type=\"column\">\n\t\t\t<div class=\"elementor-widget-wrap elementor-element-populated\">\n\t\t\t\t\t\t<div class=\"elementor-element elementor-element-d5ac821 elementor-widget elementor-widget-image\" data-id=\"d5ac821\" data-element_type=\"widget\" data-e-type=\"widget\" data-widget_type=\"image.default\">\n\t\t\t\t<div class=\"elementor-widget-container\">\n\t\t\t\t\t\t\t\t\t\t\t\t\t\t\t<img fetchpriority=\"high\" decoding=\"async\" width=\"800\" height=\"262\" src=\"https:\/\/www.somagen.com\/wp-content\/uploads\/2022\/06\/Vivaproducts-Logo.png\" class=\"attachment-large size-large wp-image-28730\" alt=\"\" srcset=\"https:\/\/www.somagen.com\/wp-content\/uploads\/2022\/06\/Vivaproducts-Logo.png 1537w, https:\/\/www.somagen.com\/wp-content\/uploads\/2022\/06\/Vivaproducts-Logo-800x262.png 800w, https:\/\/www.somagen.com\/wp-content\/uploads\/2022\/06\/Vivaproducts-Logo-768x251.png 768w\" sizes=\"(max-width: 800px) 100vw, 800px\" \/>\t\t\t\t\t\t\t\t\t\t\t\t\t\t\t<\/div>\n\t\t\t\t<\/div>\n\t\t\t\t\t<\/div>\n\t\t<\/div>\n\t\t\t\t\t<\/div>\n\t\t<\/section>\n\t\t\t\t<section class=\"elementor-section elementor-top-section elementor-element elementor-element-c94eb5a elementor-section-boxed elementor-section-height-default elementor-section-height-default elementor-invisible\" data-id=\"c94eb5a\" data-element_type=\"section\" data-e-type=\"section\" data-settings=\"{&quot;animation&quot;:&quot;fadeInUp&quot;}\">\n\t\t\t\t\t\t<div class=\"elementor-container elementor-column-gap-default\">\n\t\t\t\t\t<div class=\"elementor-column elementor-col-50 elementor-top-column elementor-element elementor-element-404e5dc\" data-id=\"404e5dc\" data-element_type=\"column\" data-e-type=\"column\">\n\t\t\t<div class=\"elementor-widget-wrap elementor-element-populated\">\n\t\t\t\t\t\t<div class=\"elementor-element elementor-element-da01bc3 elementor-widget elementor-widget-image\" data-id=\"da01bc3\" data-element_type=\"widget\" data-e-type=\"widget\" data-widget_type=\"image.default\">\n\t\t\t\t<div class=\"elementor-widget-container\">\n\t\t\t\t\t\t\t\t\t\t\t\t\t\t\t<img decoding=\"async\" width=\"634\" height=\"635\" src=\"https:\/\/www.somagen.com\/wp-content\/uploads\/2022\/06\/Concentrator-2.png\" class=\"attachment-large size-large wp-image-28741\" alt=\"\" srcset=\"https:\/\/www.somagen.com\/wp-content\/uploads\/2022\/06\/Concentrator-2.png 634w, https:\/\/www.somagen.com\/wp-content\/uploads\/2022\/06\/Concentrator-2-599x600.png 599w, https:\/\/www.somagen.com\/wp-content\/uploads\/2022\/06\/Concentrator-2-150x150.png 150w\" sizes=\"(max-width: 634px) 100vw, 634px\" \/>\t\t\t\t\t\t\t\t\t\t\t\t\t\t\t<\/div>\n\t\t\t\t<\/div>\n\t\t\t\t\t<\/div>\n\t\t<\/div>\n\t\t\t\t<div class=\"elementor-column elementor-col-50 elementor-top-column elementor-element elementor-element-bc33626\" data-id=\"bc33626\" data-element_type=\"column\" data-e-type=\"column\">\n\t\t\t<div class=\"elementor-widget-wrap elementor-element-populated\">\n\t\t\t\t\t\t<div class=\"elementor-element elementor-element-819e2c9 elementor-widget elementor-widget-text-editor\" data-id=\"819e2c9\" data-element_type=\"widget\" data-e-type=\"widget\" data-widget_type=\"text-editor.default\">\n\t\t\t\t<div class=\"elementor-widget-container\">\n\t\t\t\t\t\t\t\t\tDepuis plus de 20 ans, Vivaproducts fournit des produits de haute qualit\u00e9 au march\u00e9 du diagnostic clinique. En 2008, Vivaproducts a commenc\u00e9 \u00e0 offrir de nouveaux produits pour la purification de l\u2019ADN au march\u00e9 des laboratoires m\u00e9dico-l\u00e9gaux. Vivaproducts continue de fournir le plus large \u00e9ventail de concentrateurs aux laboratoires de diagnostic.\t\t\t\t\t\t\t\t<\/div>\n\t\t\t\t<\/div>\n\t\t\t\t<div class=\"elementor-element elementor-element-0865232 elementor-mobile-align-center elementor-widget elementor-widget-button\" data-id=\"0865232\" data-element_type=\"widget\" data-e-type=\"widget\" data-widget_type=\"button.default\">\n\t\t\t\t<div class=\"elementor-widget-container\">\n\t\t\t\t\t\t\t\t\t<div class=\"elementor-button-wrapper\">\n\t\t\t\t\t<a class=\"elementor-button elementor-button-link elementor-size-sm\" href=\"https:\/\/www.vivaproducts.com\/\" target=\"_blank\" rel=\"noopener\">\n\t\t\t\t\t\t<span class=\"elementor-button-content-wrapper\">\n\t\t\t\t\t\t\t\t\t<span class=\"elementor-button-text\">CLIQUEZ ICI POUR EN SAVOIR PLUS<\/span>\n\t\t\t\t\t<\/span>\n\t\t\t\t\t<\/a>\n\t\t\t\t<\/div>\n\t\t\t\t\t\t\t\t<\/div>\n\t\t\t\t<\/div>\n\t\t\t\t\t<\/div>\n\t\t<\/div>\n\t\t\t\t\t<\/div>\n\t\t<\/section>\n\t\t\t\t<\/div>\n\t\t","protected":false},"excerpt":{"rendered":"<p>Depuis plus de 20 ans, Vivaproducts fournit des produits de haute qualit\u00e9 au march\u00e9 du diagnostic clinique. En 2008, Vivaproducts a commenc\u00e9 \u00e0 offrir de nouveaux produits pour la purification [&hellip;]<\/p>\n","protected":false},"author":4,"featured_media":0,"parent":0,"menu_order":0,"comment_status":"closed","ping_status":"closed","template":"","meta":{"_relevanssi_hide_post":"","_relevanssi_hide_content":"","_relevanssi_pin_for_all":"","_relevanssi_pin_keywords":"","_relevanssi_unpin_keywords":"","_relevanssi_related_keywords":"","_relevanssi_related_include_ids":"","_relevanssi_related_exclude_ids":"","_relevanssi_related_no_append":"","_relevanssi_related_not_related":"","_relevanssi_related_posts":"","_relevanssi_noindex_reason":"","footnotes":""},"class_list":["post-31860","page","type-page","status-publish","hentry"],"_links":{"self":[{"href":"https:\/\/www.somagen.com\/fr\/wp-json\/wp\/v2\/pages\/31860","targetHints":{"allow":["GET"]}}],"collection":[{"href":"https:\/\/www.somagen.com\/fr\/wp-json\/wp\/v2\/pages"}],"about":[{"href":"https:\/\/www.somagen.com\/fr\/wp-json\/wp\/v2\/types\/page"}],"author":[{"embeddable":true,"href":"https:\/\/www.somagen.com\/fr\/wp-json\/wp\/v2\/users\/4"}],"replies":[{"embeddable":true,"href":"https:\/\/www.somagen.com\/fr\/wp-json\/wp\/v2\/comments?post=31860"}],"version-history":[{"count":9,"href":"https:\/\/www.somagen.com\/fr\/wp-json\/wp\/v2\/pages\/31860\/revisions"}],"predecessor-version":[{"id":39459,"href":"https:\/\/www.somagen.com\/fr\/wp-json\/wp\/v2\/pages\/31860\/revisions\/39459"}],"wp:attachment":[{"href":"https:\/\/www.somagen.com\/fr\/wp-json\/wp\/v2\/media?parent=31860"}],"curies":[{"name":"wp","href":"https:\/\/api.w.org\/{rel}","templated":true}]}}