{"id":31880,"date":"2022-07-04T09:31:24","date_gmt":"2022-07-04T15:31:24","guid":{"rendered":"https:\/\/somagen.com\/tosoh-aia360\/"},"modified":"2022-08-25T08:53:01","modified_gmt":"2022-08-25T14:53:01","slug":"tosoh-aia360","status":"publish","type":"page","link":"https:\/\/www.somagen.com\/fr\/tosoh-aia360\/","title":{"rendered":"Tosoh AIA360"},"content":{"rendered":"\t\t<div data-elementor-type=\"wp-page\" data-elementor-id=\"31880\" class=\"elementor elementor-31880 elementor-15661\" data-elementor-post-type=\"page\">\n\t\t\t\t\t\t<section class=\"elementor-section elementor-top-section elementor-element elementor-element-ec49650 elementor-section-boxed elementor-section-height-default elementor-section-height-default\" data-id=\"ec49650\" data-element_type=\"section\" data-e-type=\"section\">\n\t\t\t\t\t\t<div class=\"elementor-container elementor-column-gap-default\">\n\t\t\t\t\t<div class=\"elementor-column elementor-col-100 elementor-top-column elementor-element elementor-element-1ac253a\" data-id=\"1ac253a\" data-element_type=\"column\" data-e-type=\"column\">\n\t\t\t<div class=\"elementor-widget-wrap elementor-element-populated\">\n\t\t\t\t\t\t<div class=\"elementor-element elementor-element-e5016e2 elementor-widget elementor-widget-image\" data-id=\"e5016e2\" data-element_type=\"widget\" data-e-type=\"widget\" data-widget_type=\"image.default\">\n\t\t\t\t<div class=\"elementor-widget-container\">\n\t\t\t\t\t\t\t\t\t\t\t\t\t\t\t<img fetchpriority=\"high\" decoding=\"async\" width=\"800\" height=\"258\" src=\"https:\/\/www.somagen.com\/wp-content\/uploads\/2021\/08\/tosoh-bioscience-logo-vector-1.png\" class=\"attachment-large size-large wp-image-15503\" alt=\"\" srcset=\"https:\/\/www.somagen.com\/wp-content\/uploads\/2021\/08\/tosoh-bioscience-logo-vector-1.png 1500w, https:\/\/www.somagen.com\/wp-content\/uploads\/2021\/08\/tosoh-bioscience-logo-vector-1-800x258.png 800w, https:\/\/www.somagen.com\/wp-content\/uploads\/2021\/08\/tosoh-bioscience-logo-vector-1-768x248.png 768w\" sizes=\"(max-width: 800px) 100vw, 800px\" \/>\t\t\t\t\t\t\t\t\t\t\t\t\t\t\t<\/div>\n\t\t\t\t<\/div>\n\t\t\t\t\t<\/div>\n\t\t<\/div>\n\t\t\t\t\t<\/div>\n\t\t<\/section>\n\t\t\t\t<section class=\"elementor-section elementor-top-section elementor-element elementor-element-bc37cc2 elementor-section-boxed elementor-section-height-default elementor-section-height-default elementor-invisible\" data-id=\"bc37cc2\" data-element_type=\"section\" data-e-type=\"section\" data-settings=\"{&quot;animation&quot;:&quot;fadeInUp&quot;}\">\n\t\t\t\t\t\t<div class=\"elementor-container elementor-column-gap-default\">\n\t\t\t\t\t<div class=\"elementor-column elementor-col-50 elementor-top-column elementor-element elementor-element-642c2bd\" data-id=\"642c2bd\" data-element_type=\"column\" data-e-type=\"column\">\n\t\t\t<div class=\"elementor-widget-wrap elementor-element-populated\">\n\t\t\t\t\t\t<div class=\"elementor-element elementor-element-c19c305 elementor-widget elementor-widget-text-editor\" data-id=\"c19c305\" data-element_type=\"widget\" data-e-type=\"widget\" data-widget_type=\"text-editor.default\">\n\t\t\t\t<div class=\"elementor-widget-container\">\n\t\t\t\t\t\t\t\t\t<p>Bas\u00e9 \u00e0 South San Francisco, en Californie,\u00a0<strong>Tosoh Bioscience, Inc.<\/strong>\u00a0est une filiale am\u00e9ricaine de la division Bioscience de Tosoh Corporation, dont le si\u00e8ge social est \u00e0 Tokyo, au Japon. \u00c9tabli aux \u00c9tats-Unis en 1989, Tosoh Bioscience s\u2019est fait conna\u00eetre pour fournir des syst\u00e8mes de diagnostic sophistiqu\u00e9s aux h\u00f4pitaux et aux laboratoires de r\u00e9f\u00e9rence.<\/p><p><strong>Leadership dans le diagnostic<\/strong><\/p><p>Tosoh s\u2019appuie sur sa r\u00e9putation \u00e9tablie et maintient son leadership dans le domaine des diagnostics cliniques. Avec des syst\u00e8mes de dosage immunologique et de HPLC \u00e0 la fine pointe de la technologie, Tosoh propose une instrumentation sup\u00e9rieure pour r\u00e9pondre en permanence aux besoins op\u00e9rationnels et \u00e9conomiques des laboratoires d\u2019aujourd\u2019hui et de demain.<\/p><p><strong>Pionniers des immunoessais<\/strong><\/p><p>Tosoh, un pionnier dans le domaine des syst\u00e8mes automatis\u00e9s de dossage immunologique, continue de faire \u00e9voluer sa gamme de produits afin d\u2019offrir des syst\u00e8mes les plus avanc\u00e9s au monde.<\/p><p>Les analyseurs d&#8217;immunoessais automatis\u00e9s AIA de Tosoh permettent de faire un large \u00e9ventail de tests de qualit\u00e9 dans un format brevet\u00e9 unique de r\u00e9actifs secs.<\/p>\t\t\t\t\t\t\t\t<\/div>\n\t\t\t\t<\/div>\n\t\t\t\t\t<\/div>\n\t\t<\/div>\n\t\t\t\t<div class=\"elementor-column elementor-col-50 elementor-top-column elementor-element elementor-element-70d2cd5\" data-id=\"70d2cd5\" data-element_type=\"column\" data-e-type=\"column\">\n\t\t\t<div class=\"elementor-widget-wrap elementor-element-populated\">\n\t\t\t\t\t\t<div class=\"elementor-element elementor-element-a6ec5d7 elementor-widget elementor-widget-image\" data-id=\"a6ec5d7\" data-element_type=\"widget\" data-e-type=\"widget\" data-widget_type=\"image.default\">\n\t\t\t\t<div class=\"elementor-widget-container\">\n\t\t\t\t\t\t\t\t\t\t\t\t\t\t\t<img decoding=\"async\" width=\"800\" height=\"313\" src=\"https:\/\/www.somagen.com\/wp-content\/uploads\/2021\/08\/Office-2-e1628873569592.jpg\" class=\"attachment-large size-large wp-image-15509\" alt=\"\" \/>\t\t\t\t\t\t\t\t\t\t\t\t\t\t\t<\/div>\n\t\t\t\t<\/div>\n\t\t\t\t\t<\/div>\n\t\t<\/div>\n\t\t\t\t\t<\/div>\n\t\t<\/section>\n\t\t\t\t<section class=\"elementor-section elementor-top-section elementor-element elementor-element-3a83f3f elementor-section-boxed elementor-section-height-default elementor-section-height-default elementor-invisible\" data-id=\"3a83f3f\" data-element_type=\"section\" data-e-type=\"section\" data-settings=\"{&quot;animation&quot;:&quot;fadeInUp&quot;}\">\n\t\t\t\t\t\t<div class=\"elementor-container elementor-column-gap-default\">\n\t\t\t\t\t<div class=\"elementor-column elementor-col-50 elementor-top-column elementor-element elementor-element-cf3c624\" data-id=\"cf3c624\" data-element_type=\"column\" data-e-type=\"column\">\n\t\t\t<div class=\"elementor-widget-wrap elementor-element-populated\">\n\t\t\t\t\t\t<div class=\"elementor-element elementor-element-019a77a elementor-widget elementor-widget-text-editor\" data-id=\"019a77a\" data-element_type=\"widget\" data-e-type=\"widget\" data-widget_type=\"text-editor.default\">\n\t\t\t\t<div class=\"elementor-widget-container\">\n\t\t\t\t\t\t\t\t\t<p style=\"text-align: center;\"><strong>Analyseur d&#8217;immunoessai automatis\u00e9 AIA<sup>\u00ae<\/sup>-360<\/strong><\/p>\r\n<p style=\"text-align: center;\"><strong>Analyseur d&#8217;immunoessai compact pour des analyses flexibles<\/strong><\/p>\t\t\t\t\t\t\t\t<\/div>\n\t\t\t\t<\/div>\n\t\t\t\t\t<\/div>\n\t\t<\/div>\n\t\t\t\t<div class=\"elementor-column elementor-col-50 elementor-top-column elementor-element elementor-element-72e82f0\" data-id=\"72e82f0\" data-element_type=\"column\" data-e-type=\"column\">\n\t\t\t<div class=\"elementor-widget-wrap elementor-element-populated\">\n\t\t\t\t\t\t<div class=\"elementor-element elementor-element-fda7c04 elementor-widget elementor-widget-image\" data-id=\"fda7c04\" data-element_type=\"widget\" data-e-type=\"widget\" data-widget_type=\"image.default\">\n\t\t\t\t<div class=\"elementor-widget-container\">\n\t\t\t\t\t\t\t\t\t\t\t\t\t\t\t<img decoding=\"async\" src=\"https:\/\/www.somagen.com\/wp-content\/uploads\/elementor\/thumbs\/AIA360-Top-Cover-Open-pbk930yhpderwm726i6szxdy4z5y9kctorjec623ds.png\" title=\"AIA360 Top Cover Open\" alt=\"AIA360 Top Cover Open\" loading=\"lazy\" \/>\t\t\t\t\t\t\t\t\t\t\t\t\t\t\t<\/div>\n\t\t\t\t<\/div>\n\t\t\t\t\t<\/div>\n\t\t<\/div>\n\t\t\t\t\t<\/div>\n\t\t<\/section>\n\t\t\t\t<section class=\"elementor-section elementor-top-section elementor-element elementor-element-e5f39a4 elementor-section-boxed elementor-section-height-default elementor-section-height-default elementor-invisible\" data-id=\"e5f39a4\" data-element_type=\"section\" data-e-type=\"section\" data-settings=\"{&quot;animation&quot;:&quot;fadeInUp&quot;}\">\n\t\t\t\t\t\t<div class=\"elementor-container elementor-column-gap-default\">\n\t\t\t\t\t<div class=\"elementor-column elementor-col-50 elementor-top-column elementor-element elementor-element-fe0da79\" data-id=\"fe0da79\" data-element_type=\"column\" data-e-type=\"column\">\n\t\t\t<div class=\"elementor-widget-wrap elementor-element-populated\">\n\t\t\t\t\t\t<div class=\"elementor-element elementor-element-58d1dac elementor-widget elementor-widget-text-editor\" data-id=\"58d1dac\" data-element_type=\"widget\" data-e-type=\"widget\" data-widget_type=\"text-editor.default\">\n\t\t\t\t<div class=\"elementor-widget-container\">\n\t\t\t\t\t\t\t\t\t<strong>FIABLE<\/strong>\r\n<ul>\r\n \t<li>Stabilit\u00e9 d&#8217;\u00e9talonnage : <strong>90 jours<\/strong><\/li>\r\n \t<li><strong>Tests sans biotine<\/strong> = pas d&#8217;interf\u00e9rence avec la biotine<\/li>\r\n \t<li>Sans erreur\u00a0: v\u00e9rifie automatiquement si le godet de r\u00e9actif correspond au test requis<\/li>\r\n \t<li>Fiabilit\u00e9 des tests <strong>24h\/24 et 7j\/7<\/strong><\/li>\r\n \t<li><strong>Tra\u00e7abilit\u00e9<\/strong> de tous les \u00e9chantillons et donn\u00e9es<\/li>\r\n<\/ul>\t\t\t\t\t\t\t\t<\/div>\n\t\t\t\t<\/div>\n\t\t\t\t\t<\/div>\n\t\t<\/div>\n\t\t\t\t<div class=\"elementor-column elementor-col-50 elementor-top-column elementor-element elementor-element-789cbec\" data-id=\"789cbec\" data-element_type=\"column\" data-e-type=\"column\">\n\t\t\t<div class=\"elementor-widget-wrap elementor-element-populated\">\n\t\t\t\t\t\t<div class=\"elementor-element elementor-element-fe7a1c3 elementor-widget elementor-widget-text-editor\" data-id=\"fe7a1c3\" data-element_type=\"widget\" data-e-type=\"widget\" data-widget_type=\"text-editor.default\">\n\t\t\t\t<div class=\"elementor-widget-container\">\n\t\t\t\t\t\t\t\t\t<strong>FACILE<\/strong>\r\n<ul>\r\n \t<li>D\u00e9marrage en moins de 10 minutes<\/li>\r\n \t<li>Interface op\u00e9rateur conviviale<\/li>\r\n \t<li><strong>Maintenance limit\u00e9e<\/strong><\/li>\r\n \t<li>Aucun besoin de programmation de test<\/li>\r\n \t<li><strong>Facilement transportable<\/strong><\/li>\r\n \t<li>Connect\u00e9 au SIL ou similaire<\/li>\r\n<\/ul>\t\t\t\t\t\t\t\t<\/div>\n\t\t\t\t<\/div>\n\t\t\t\t\t<\/div>\n\t\t<\/div>\n\t\t\t\t\t<\/div>\n\t\t<\/section>\n\t\t\t\t<section class=\"elementor-section elementor-top-section elementor-element elementor-element-e263ead elementor-section-boxed elementor-section-height-default elementor-section-height-default elementor-invisible\" data-id=\"e263ead\" data-element_type=\"section\" data-e-type=\"section\" data-settings=\"{&quot;animation&quot;:&quot;fadeInUp&quot;}\">\n\t\t\t\t\t\t<div class=\"elementor-container elementor-column-gap-default\">\n\t\t\t\t\t<div class=\"elementor-column elementor-col-50 elementor-top-column elementor-element elementor-element-cfb2d26\" data-id=\"cfb2d26\" data-element_type=\"column\" data-e-type=\"column\">\n\t\t\t<div class=\"elementor-widget-wrap elementor-element-populated\">\n\t\t\t\t\t\t<div class=\"elementor-element elementor-element-38dd83e elementor-widget elementor-widget-text-editor\" data-id=\"38dd83e\" data-element_type=\"widget\" data-e-type=\"widget\" data-widget_type=\"text-editor.default\">\n\t\t\t\t<div class=\"elementor-widget-container\">\n\t\t\t\t\t\t\t\t\t&nbsp;\r\n\r\n<strong>COMPACT<\/strong>\r\n<ul>\r\n \t<li><strong>Compact pour les petits endroits<\/strong><\/li>\r\n \t<li>Pas d&#8217;ordinateur<\/li>\r\n \t<li>Comprend une imprimante et imprime les r\u00e9sultats de patients en temps r\u00e9el pour une r\u00e9vision et une tra\u00e7abilit\u00e9 faciles, avec ou sans connexion au SIL<\/li>\r\n \t<li><strong>Peut fonctionner \u00e0 peu pr\u00e8s n&#8217;importe o\u00f9<\/strong><\/li>\r\n \t<li>R\u00e9actifs communs facilement accessibles depuis le plateau fix\u00e9 \u00e0 l&#8217;instrument<\/li>\r\n \t<li>Les capteurs signalent lorsque les r\u00e9actifs sont bas ou lorsque les d\u00e9chets doivent \u00eatre vid\u00e9s<\/li>\r\n<\/ul>\t\t\t\t\t\t\t\t<\/div>\n\t\t\t\t<\/div>\n\t\t\t\t\t<\/div>\n\t\t<\/div>\n\t\t\t\t<div class=\"elementor-column elementor-col-50 elementor-top-column elementor-element elementor-element-1675b3d\" data-id=\"1675b3d\" data-element_type=\"column\" data-e-type=\"column\">\n\t\t\t<div class=\"elementor-widget-wrap elementor-element-populated\">\n\t\t\t\t\t\t<div class=\"elementor-element elementor-element-0d6dd2a elementor-widget elementor-widget-text-editor\" data-id=\"0d6dd2a\" data-element_type=\"widget\" data-e-type=\"widget\" data-widget_type=\"text-editor.default\">\n\t\t\t\t<div class=\"elementor-widget-container\">\n\t\t\t\t\t\t\t\t\t<strong>EFFICACE<\/strong>\r\n<ul>\r\n \t<li>Installation en 5\u00a0minutes<\/li>\r\n \t<li>Toujours pr\u00eat \u00e0 l\u2019emploi<\/li>\r\n \t<li>1 AIA-PACK\u00ae = 1 test<\/li>\r\n \t<li>Cadence r\u00e9elle de 36\u00a0tests\/heure<\/li>\r\n \t<li>Chargement continu d&#8217;\u00e9chantillons et de tests suppl\u00e9mentaires sans interrompre le fonctionnement<\/li>\r\n \t<li>Manipulez les \u00e9chantillons primaires\u00a0: chargez les tubes primaires et les godets de test \u00e0 code-barres directement dans le syst\u00e8me<\/li>\r\n \t<li>Temps de traitement des \u00e9chantillons en moins de 1 minute<\/li>\r\n \t<li>Fournit des r\u00e9sultats en temps r\u00e9el<\/li>\r\n \t<li>Conception de qualit\u00e9<\/li>\r\n<\/ul>\t\t\t\t\t\t\t\t<\/div>\n\t\t\t\t<\/div>\n\t\t\t\t\t<\/div>\n\t\t<\/div>\n\t\t\t\t\t<\/div>\n\t\t<\/section>\n\t\t\t\t<section class=\"elementor-section elementor-top-section elementor-element elementor-element-26dad34 elementor-section-boxed elementor-section-height-default elementor-section-height-default elementor-invisible\" data-id=\"26dad34\" data-element_type=\"section\" data-e-type=\"section\" data-settings=\"{&quot;animation&quot;:&quot;fadeInUp&quot;}\">\n\t\t\t\t\t\t<div class=\"elementor-container elementor-column-gap-default\">\n\t\t\t\t\t<div class=\"elementor-column elementor-col-50 elementor-top-column elementor-element elementor-element-04b88e0\" data-id=\"04b88e0\" data-element_type=\"column\" data-e-type=\"column\">\n\t\t\t<div class=\"elementor-widget-wrap elementor-element-populated\">\n\t\t\t\t\t\t<div class=\"elementor-element elementor-element-426639d elementor-widget elementor-widget-text-editor\" data-id=\"426639d\" data-element_type=\"widget\" data-e-type=\"widget\" data-widget_type=\"text-editor.default\">\n\t\t\t\t<div class=\"elementor-widget-container\">\n\t\t\t\t\t\t\t\t\t<strong>Avantages uniques des r\u00e9actifs Tosoh<\/strong>\t\t\t\t\t\t\t\t<\/div>\n\t\t\t\t<\/div>\n\t\t\t\t<div class=\"elementor-element elementor-element-9658176 elementor-widget elementor-widget-text-editor\" data-id=\"9658176\" data-element_type=\"widget\" data-e-type=\"widget\" data-widget_type=\"text-editor.default\">\n\t\t\t\t<div class=\"elementor-widget-container\">\n\t\t\t\t\t\t\t\t\t<ul>\r\n \t<li>Les godets unitaires simples utilisent un format de r\u00e9actif sec qui ne n\u00e9cessite aucun pr\u00e9-m\u00e9lange, aucune pr\u00e9-mesure et minimise le temps de pr\u00e9paration et le gaspillage<\/li>\r\n \t<li>Le format de r\u00e9actifs secs assure une stabilit\u00e9 d&#8217;\u00e9talonnage jusqu&#8217;\u00e0 90 jours pour la plupart des tests<\/li>\r\n \t<li>Le d\u00e9lai d&#8217;ex\u00e9cution rapide (20 minutes) des tests ST AIA-PACK fournit des informations concr\u00e8tes pour les d\u00e9cisions m\u00e9dicales.<\/li>\r\n \t<li>La technologie AIA-PACK utilise un concept brevet\u00e9 par Tosoh bas\u00e9 sur des godets de test individuels, chacun contenant des r\u00e9actifs lyophilis\u00e9s et pr\u00eats \u00e0 l&#8217;emploi.<\/li>\r\n \t<li>Aucun pr\u00e9-m\u00e9lange, aucune mesure pr\u00e9alable et aucune r\u00e9frig\u00e9ration \u00e0 bord requis.<\/li>\r\n \t<li>Un test, un godet garantit un minimum de d\u00e9chets de r\u00e9actifs, ce qui augmente l\u2019efficacit\u00e9 et r\u00e9duit les co\u00fbts.<\/li>\r\n \t<li>La totalit\u00e9 de la r\u00e9action d&#8217;immunodosage se d\u00e9roule dans le godet de test, depuis le pipetage de l&#8217;\u00e9chantillon, la r\u00e9action antig\u00e8ne-anticorps, jusqu&#8217;\u00e0 la d\u00e9tection du signal assurant coh\u00e9rence et stabilit\u00e9.<\/li>\r\n<\/ul>\t\t\t\t\t\t\t\t<\/div>\n\t\t\t\t<\/div>\n\t\t\t\t\t<\/div>\n\t\t<\/div>\n\t\t\t\t<div class=\"elementor-column elementor-col-50 elementor-top-column elementor-element elementor-element-20914c0\" data-id=\"20914c0\" data-element_type=\"column\" data-e-type=\"column\">\n\t\t\t<div class=\"elementor-widget-wrap elementor-element-populated\">\n\t\t\t\t\t\t<div class=\"elementor-element elementor-element-5530cdc elementor-widget elementor-widget-image\" data-id=\"5530cdc\" data-element_type=\"widget\" data-e-type=\"widget\" data-widget_type=\"image.default\">\n\t\t\t\t<div class=\"elementor-widget-container\">\n\t\t\t\t\t\t\t\t\t\t\t\t\t\t\t<img decoding=\"async\" width=\"557\" height=\"498\" src=\"https:\/\/www.somagen.com\/wp-content\/uploads\/2022\/07\/Reagent-2FR-.jpg\" class=\"attachment-large size-large wp-image-32154\" alt=\"\" \/>\t\t\t\t\t\t\t\t\t\t\t\t\t\t\t<\/div>\n\t\t\t\t<\/div>\n\t\t\t\t\t<\/div>\n\t\t<\/div>\n\t\t\t\t\t<\/div>\n\t\t<\/section>\n\t\t\t\t<section class=\"elementor-section elementor-top-section elementor-element elementor-element-ee578b4 elementor-section-boxed elementor-section-height-default elementor-section-height-default elementor-invisible\" data-id=\"ee578b4\" data-element_type=\"section\" data-e-type=\"section\" data-settings=\"{&quot;animation&quot;:&quot;fadeInUp&quot;}\">\n\t\t\t\t\t\t<div class=\"elementor-container elementor-column-gap-default\">\n\t\t\t\t\t<div class=\"elementor-column elementor-col-100 elementor-top-column elementor-element elementor-element-14416d0\" data-id=\"14416d0\" data-element_type=\"column\" data-e-type=\"column\">\n\t\t\t<div class=\"elementor-widget-wrap elementor-element-populated\">\n\t\t\t\t\t\t<div class=\"elementor-element elementor-element-93ff448 elementor-widget elementor-widget-text-editor\" data-id=\"93ff448\" data-element_type=\"widget\" data-e-type=\"widget\" data-widget_type=\"text-editor.default\">\n\t\t\t\t<div class=\"elementor-widget-container\">\n\t\t\t\t\t\t\t\t\t<strong>Coh\u00e9rence<\/strong>\t\t\t\t\t\t\t\t<\/div>\n\t\t\t\t<\/div>\n\t\t\t\t<div class=\"elementor-element elementor-element-baa3717 elementor-widget elementor-widget-text-editor\" data-id=\"baa3717\" data-element_type=\"widget\" data-e-type=\"widget\" data-widget_type=\"text-editor.default\">\n\t\t\t\t<div class=\"elementor-widget-container\">\n\t\t\t\t\t\t\t\t\t<p>La technologie Unit Dose Test Cup assure l&#8217;absence de transfert de r\u00e9actifs, de pr\u00e9-m\u00e9lange et de pr\u00e9-mesure, minimisant l&#8217;introduction d&#8217;erreurs analytiques tout en maximisant les sp\u00e9cifications de performance. Ensemble, ces r\u00e9sultats diagnostiques fiables permettent de prendre des d\u00e9cisions cliniques pr\u00e9cises et de personnaliser les soins aux patients.<\/p><p>Les tests AIA-PACK pr\u00e9sentent d&#8217;excellents CV pour l&#8217;ensemble du menu de tests.<\/p>\t\t\t\t\t\t\t\t<\/div>\n\t\t\t\t<\/div>\n\t\t\t\t\t<\/div>\n\t\t<\/div>\n\t\t\t\t\t<\/div>\n\t\t<\/section>\n\t\t\t\t<section class=\"elementor-section elementor-top-section elementor-element elementor-element-1274109 elementor-section-boxed elementor-section-height-default elementor-section-height-default elementor-invisible\" data-id=\"1274109\" data-element_type=\"section\" data-e-type=\"section\" data-settings=\"{&quot;animation&quot;:&quot;fadeInUp&quot;}\">\n\t\t\t\t\t\t<div class=\"elementor-container elementor-column-gap-default\">\n\t\t\t\t\t<div class=\"elementor-column elementor-col-100 elementor-top-column elementor-element elementor-element-7af08ec\" data-id=\"7af08ec\" data-element_type=\"column\" data-e-type=\"column\">\n\t\t\t<div class=\"elementor-widget-wrap elementor-element-populated\">\n\t\t\t\t\t\t<div class=\"elementor-element elementor-element-7b5beee elementor-widget elementor-widget-text-editor\" data-id=\"7b5beee\" data-element_type=\"widget\" data-e-type=\"widget\" data-widget_type=\"text-editor.default\">\n\t\t\t\t<div class=\"elementor-widget-container\">\n\t\t\t\t\t\t\t\t\t<p><strong>Pr\u00e9cision du menu AIA Pack Immunoessai<\/strong><\/p>\t\t\t\t\t\t\t\t<\/div>\n\t\t\t\t<\/div>\n\t\t\t\t\t<\/div>\n\t\t<\/div>\n\t\t\t\t\t<\/div>\n\t\t<\/section>\n\t\t\t\t<section class=\"elementor-section elementor-top-section elementor-element elementor-element-b81de9e elementor-section-boxed elementor-section-height-default elementor-section-height-default elementor-invisible\" data-id=\"b81de9e\" data-element_type=\"section\" data-e-type=\"section\" data-settings=\"{&quot;animation&quot;:&quot;fadeInUp&quot;}\">\n\t\t\t\t\t\t<div class=\"elementor-container elementor-column-gap-default\">\n\t\t\t\t\t<div class=\"elementor-column elementor-col-100 elementor-top-column elementor-element elementor-element-ccdb93c\" data-id=\"ccdb93c\" data-element_type=\"column\" data-e-type=\"column\">\n\t\t\t<div class=\"elementor-widget-wrap elementor-element-populated\">\n\t\t\t\t\t\t<div class=\"elementor-element elementor-element-f0f8ba2 elementor-widget elementor-widget-image\" data-id=\"f0f8ba2\" data-element_type=\"widget\" data-e-type=\"widget\" data-widget_type=\"image.default\">\n\t\t\t\t<div class=\"elementor-widget-container\">\n\t\t\t\t\t\t\t\t\t\t\t\t\t\t\t<img loading=\"lazy\" decoding=\"async\" width=\"1486\" height=\"577\" src=\"https:\/\/www.somagen.com\/wp-content\/uploads\/2022\/08\/Precision-FR.jpg\" class=\"attachment-full size-full wp-image-38724\" alt=\"\" srcset=\"https:\/\/www.somagen.com\/wp-content\/uploads\/2022\/08\/Precision-FR.jpg 1486w, https:\/\/www.somagen.com\/wp-content\/uploads\/2022\/08\/Precision-FR-800x311.jpg 800w, https:\/\/www.somagen.com\/wp-content\/uploads\/2022\/08\/Precision-FR-768x298.jpg 768w\" sizes=\"(max-width: 1486px) 100vw, 1486px\" \/>\t\t\t\t\t\t\t\t\t\t\t\t\t\t\t<\/div>\n\t\t\t\t<\/div>\n\t\t\t\t\t<\/div>\n\t\t<\/div>\n\t\t\t\t\t<\/div>\n\t\t<\/section>\n\t\t\t\t<section class=\"elementor-section elementor-top-section elementor-element elementor-element-2250127 elementor-section-boxed elementor-section-height-default elementor-section-height-default\" data-id=\"2250127\" data-element_type=\"section\" data-e-type=\"section\">\n\t\t\t\t\t\t<div class=\"elementor-container elementor-column-gap-default\">\n\t\t\t\t\t<div class=\"elementor-column elementor-col-100 elementor-top-column elementor-element elementor-element-5394c32\" data-id=\"5394c32\" data-element_type=\"column\" data-e-type=\"column\">\n\t\t\t<div class=\"elementor-widget-wrap elementor-element-populated\">\n\t\t\t\t\t\t<div class=\"elementor-element elementor-element-ac09303 elementor-widget elementor-widget-text-editor\" data-id=\"ac09303\" data-element_type=\"widget\" data-e-type=\"widget\" data-widget_type=\"text-editor.default\">\n\t\t\t\t<div class=\"elementor-widget-container\">\n\t\t\t\t\t\t\t\t\t<em>*Certains produits peuvent ne pas \u00eatre autoris\u00e9s pour la vente au Canada. Veuillez contacter Somagen pour les demandes sp\u00e9cifiques.<\/em>\t\t\t\t\t\t\t\t<\/div>\n\t\t\t\t<\/div>\n\t\t\t\t\t<\/div>\n\t\t<\/div>\n\t\t\t\t\t<\/div>\n\t\t<\/section>\n\t\t\t\t<section class=\"elementor-section elementor-top-section elementor-element elementor-element-9375601 elementor-section-boxed elementor-section-height-default elementor-section-height-default\" data-id=\"9375601\" data-element_type=\"section\" data-e-type=\"section\">\n\t\t\t\t\t\t<div class=\"elementor-container elementor-column-gap-default\">\n\t\t\t\t\t<div class=\"elementor-column elementor-col-100 elementor-top-column elementor-element elementor-element-16003cd\" data-id=\"16003cd\" data-element_type=\"column\" data-e-type=\"column\">\n\t\t\t<div class=\"elementor-widget-wrap elementor-element-populated\">\n\t\t\t\t\t\t<div class=\"elementor-element elementor-element-50ae19a elementor-widget elementor-widget-button\" data-id=\"50ae19a\" data-element_type=\"widget\" data-e-type=\"widget\" data-widget_type=\"button.default\">\n\t\t\t\t<div class=\"elementor-widget-container\">\n\t\t\t\t\t\t\t\t\t<div class=\"elementor-button-wrapper\">\n\t\t\t\t\t<a class=\"elementor-button elementor-button-link elementor-size-sm\" href=\"https:\/\/www.diagnostics.us.tosohbioscience.com\/analyzers\/aia-360\" target=\"_blank\" rel=\"noopener\">\n\t\t\t\t\t\t<span class=\"elementor-button-content-wrapper\">\n\t\t\t\t\t\t\t\t\t<span class=\"elementor-button-text\">APPRENEZ-EN PLUS<\/span>\n\t\t\t\t\t<\/span>\n\t\t\t\t\t<\/a>\n\t\t\t\t<\/div>\n\t\t\t\t\t\t\t\t<\/div>\n\t\t\t\t<\/div>\n\t\t\t\t\t<\/div>\n\t\t<\/div>\n\t\t\t\t\t<\/div>\n\t\t<\/section>\n\t\t\t\t<\/div>\n\t\t","protected":false},"excerpt":{"rendered":"<p>Bas\u00e9 \u00e0 South San Francisco, en Californie,\u00a0Tosoh Bioscience, Inc.\u00a0est une filiale am\u00e9ricaine de la division Bioscience de Tosoh Corporation, dont le si\u00e8ge social est \u00e0 Tokyo, au Japon. \u00c9tabli aux [&hellip;]<\/p>\n","protected":false},"author":4,"featured_media":0,"parent":0,"menu_order":0,"comment_status":"closed","ping_status":"closed","template":"","meta":{"_relevanssi_hide_post":"","_relevanssi_hide_content":"","_relevanssi_pin_for_all":"","_relevanssi_pin_keywords":"","_relevanssi_unpin_keywords":"","_relevanssi_related_keywords":"","_relevanssi_related_include_ids":"","_relevanssi_related_exclude_ids":"","_relevanssi_related_no_append":"","_relevanssi_related_not_related":"","_relevanssi_related_posts":"","_relevanssi_noindex_reason":"","footnotes":""},"class_list":["post-31880","page","type-page","status-publish","hentry"],"_links":{"self":[{"href":"https:\/\/www.somagen.com\/fr\/wp-json\/wp\/v2\/pages\/31880","targetHints":{"allow":["GET"]}}],"collection":[{"href":"https:\/\/www.somagen.com\/fr\/wp-json\/wp\/v2\/pages"}],"about":[{"href":"https:\/\/www.somagen.com\/fr\/wp-json\/wp\/v2\/types\/page"}],"author":[{"embeddable":true,"href":"https:\/\/www.somagen.com\/fr\/wp-json\/wp\/v2\/users\/4"}],"replies":[{"embeddable":true,"href":"https:\/\/www.somagen.com\/fr\/wp-json\/wp\/v2\/comments?post=31880"}],"version-history":[{"count":6,"href":"https:\/\/www.somagen.com\/fr\/wp-json\/wp\/v2\/pages\/31880\/revisions"}],"predecessor-version":[{"id":39449,"href":"https:\/\/www.somagen.com\/fr\/wp-json\/wp\/v2\/pages\/31880\/revisions\/39449"}],"wp:attachment":[{"href":"https:\/\/www.somagen.com\/fr\/wp-json\/wp\/v2\/media?parent=31880"}],"curies":[{"name":"wp","href":"https:\/\/api.w.org\/{rel}","templated":true}]}}