{"id":31906,"date":"2022-07-04T10:36:39","date_gmt":"2022-07-04T16:36:39","guid":{"rendered":"https:\/\/somagen.com\/maladies-infectieuses\/"},"modified":"2025-06-24T14:58:16","modified_gmt":"2025-06-24T20:58:16","slug":"maladies-infectieuses","status":"publish","type":"page","link":"https:\/\/www.somagen.com\/fr\/maladies-infectieuses\/","title":{"rendered":"Maladies infectieuses"},"content":{"rendered":"\t\t<div data-elementor-type=\"wp-page\" data-elementor-id=\"31906\" class=\"elementor elementor-31906 elementor-25865\" data-elementor-post-type=\"page\">\n\t\t\t\t\t\t<section class=\"elementor-section elementor-top-section elementor-element elementor-element-a5fd7bf elementor-section-boxed elementor-section-height-default elementor-section-height-default elementor-invisible\" data-id=\"a5fd7bf\" data-element_type=\"section\" data-e-type=\"section\" data-settings=\"{&quot;animation&quot;:&quot;fadeInUp&quot;}\">\n\t\t\t\t\t\t<div class=\"elementor-container elementor-column-gap-default\">\n\t\t\t\t\t<div class=\"elementor-column elementor-col-50 elementor-top-column elementor-element elementor-element-46369fe\" data-id=\"46369fe\" data-element_type=\"column\" data-e-type=\"column\">\n\t\t\t<div class=\"elementor-widget-wrap elementor-element-populated\">\n\t\t\t\t\t\t<div class=\"elementor-element elementor-element-7ac3b53 elementor-widget elementor-widget-image\" data-id=\"7ac3b53\" data-element_type=\"widget\" data-e-type=\"widget\" data-widget_type=\"image.default\">\n\t\t\t\t<div class=\"elementor-widget-container\">\n\t\t\t\t\t\t\t\t\t\t\t\t\t\t\t<img decoding=\"async\" src=\"https:\/\/www.somagen.com\/wp-content\/uploads\/elementor\/thumbs\/DNA-Chip-Gradient-4-pplb904rbv58ms1ywvn91f82x9zzfcxsi5qmnbxxh4.png\" title=\"DNA-Chip-Gradient&#8211;4\" alt=\"DNA-Chip-Gradient--4\" loading=\"lazy\" \/>\t\t\t\t\t\t\t\t\t\t\t\t\t\t\t<\/div>\n\t\t\t\t<\/div>\n\t\t\t\t\t<\/div>\n\t\t<\/div>\n\t\t\t\t<div class=\"elementor-column elementor-col-50 elementor-top-column elementor-element elementor-element-0cfec3d\" data-id=\"0cfec3d\" data-element_type=\"column\" data-e-type=\"column\">\n\t\t\t<div class=\"elementor-widget-wrap elementor-element-populated\">\n\t\t\t\t\t\t<div class=\"elementor-element elementor-element-9541782 elementor-widget elementor-widget-text-editor\" data-id=\"9541782\" data-element_type=\"widget\" data-e-type=\"widget\" data-widget_type=\"text-editor.default\">\n\t\t\t\t<div class=\"elementor-widget-container\">\n\t\t\t\t\t\t\t\t\t<strong>Maladies infectieuses<\/strong>\t\t\t\t\t\t\t\t<\/div>\n\t\t\t\t<\/div>\n\t\t\t\t<div class=\"elementor-element elementor-element-167eb5e elementor-widget elementor-widget-text-editor\" data-id=\"167eb5e\" data-element_type=\"widget\" data-e-type=\"widget\" data-widget_type=\"text-editor.default\">\n\t\t\t\t<div class=\"elementor-widget-container\">\n\t\t\t\t\t\t\t\t\tSomagen s&#8217;est associ\u00e9 aux pricipaux sp\u00e9cialistes et fabricants en maladies infectieuses \u00e0 travers le monde pour offrir une gamme compl\u00e8te de produits de qualit\u00e9 pour vos besoins en tests de diagnostic. Nos fabricants proposent des produits qui utilisent la technologie moderne pour diagnostiquer les maladies infectieuses graves avec pr\u00e9cision et rapidit\u00e9, incluant les outils traditionnels de diagnostic et la technologie mol\u00e9culaire.\t\t\t\t\t\t\t\t<\/div>\n\t\t\t\t<\/div>\n\t\t\t\t<div class=\"elementor-element elementor-element-a3838a3 elementor-widget elementor-widget-text-editor\" data-id=\"a3838a3\" data-element_type=\"widget\" data-e-type=\"widget\" data-widget_type=\"text-editor.default\">\n\t\t\t\t<div class=\"elementor-widget-container\">\n\t\t\t\t\t\t\t\t\t<p>Cliquez ci-dessous pour en savoir plus sur nos partenaires et produits en maladies infectieuses*.<\/p>\t\t\t\t\t\t\t\t<\/div>\n\t\t\t\t<\/div>\n\t\t\t\t\t<\/div>\n\t\t<\/div>\n\t\t\t\t\t<\/div>\n\t\t<\/section>\n\t\t\t\t<section class=\"elementor-section elementor-top-section elementor-element elementor-element-345c9c3 elementor-section-boxed elementor-section-height-default elementor-section-height-default elementor-invisible\" data-id=\"345c9c3\" data-element_type=\"section\" data-e-type=\"section\" data-settings=\"{&quot;animation&quot;:&quot;fadeInUp&quot;}\">\n\t\t\t\t\t\t<div class=\"elementor-container elementor-column-gap-custom\">\n\t\t\t\t\t<div class=\"elementor-column elementor-col-25 elementor-top-column elementor-element elementor-element-defba50\" data-id=\"defba50\" data-element_type=\"column\" data-e-type=\"column\">\n\t\t\t<div class=\"elementor-widget-wrap elementor-element-populated\">\n\t\t\t\t\t\t<div class=\"elementor-element elementor-element-4a07fb4 elementor-widget elementor-widget-image\" data-id=\"4a07fb4\" data-element_type=\"widget\" data-e-type=\"widget\" data-widget_type=\"image.default\">\n\t\t\t\t<div class=\"elementor-widget-container\">\n\t\t\t\t\t\t\t\t\t\t\t\t\t\t\t\t<a href=\"https:\/\/somagen.com\/fr\/meridian\/\" target=\"_blank\" rel=\"noopener\">\n\t\t\t\t\t\t\t<img fetchpriority=\"high\" decoding=\"async\" width=\"800\" height=\"141\" src=\"https:\/\/www.somagen.com\/wp-content\/uploads\/2021\/07\/Meridian-Logo-Blue-1920x339.jpg\" class=\"elementor-animation-grow attachment-large size-large wp-image-13064\" alt=\"\" srcset=\"https:\/\/www.somagen.com\/wp-content\/uploads\/2021\/07\/Meridian-Logo-Blue-1920x339.jpg 1920w, https:\/\/www.somagen.com\/wp-content\/uploads\/2021\/07\/Meridian-Logo-Blue-800x141.jpg 800w, https:\/\/www.somagen.com\/wp-content\/uploads\/2021\/07\/Meridian-Logo-Blue-768x136.jpg 768w, https:\/\/www.somagen.com\/wp-content\/uploads\/2021\/07\/Meridian-Logo-Blue-1536x271.jpg 1536w, https:\/\/www.somagen.com\/wp-content\/uploads\/2021\/07\/Meridian-Logo-Blue-2048x361.jpg 2048w\" sizes=\"(max-width: 800px) 100vw, 800px\" \/>\t\t\t\t\t\t\t\t<\/a>\n\t\t\t\t\t\t\t\t\t\t\t\t\t\t\t<\/div>\n\t\t\t\t<\/div>\n\t\t\t\t<div class=\"elementor-element elementor-element-5855edd elementor-widget elementor-widget-image\" data-id=\"5855edd\" data-element_type=\"widget\" data-e-type=\"widget\" data-widget_type=\"image.default\">\n\t\t\t\t<div class=\"elementor-widget-container\">\n\t\t\t\t\t\t\t\t\t\t\t\t\t\t\t\t<a href=\"https:\/\/somagen.com\/fr\/alifax\/\" target=\"_blank\" rel=\"noopener\">\n\t\t\t\t\t\t\t<img decoding=\"async\" width=\"502\" height=\"497\" src=\"https:\/\/www.somagen.com\/wp-content\/uploads\/2021\/09\/Alifax-Logo.png\" class=\"elementor-animation-grow attachment-large size-large wp-image-18482\" alt=\"\" srcset=\"https:\/\/www.somagen.com\/wp-content\/uploads\/2021\/09\/Alifax-Logo.png 502w, https:\/\/www.somagen.com\/wp-content\/uploads\/2021\/09\/Alifax-Logo-150x150.png 150w\" sizes=\"(max-width: 502px) 100vw, 502px\" \/>\t\t\t\t\t\t\t\t<\/a>\n\t\t\t\t\t\t\t\t\t\t\t\t\t\t\t<\/div>\n\t\t\t\t<\/div>\n\t\t\t\t\t<\/div>\n\t\t<\/div>\n\t\t\t\t<div class=\"elementor-column elementor-col-25 elementor-top-column elementor-element elementor-element-aa768b1\" data-id=\"aa768b1\" data-element_type=\"column\" data-e-type=\"column\">\n\t\t\t<div class=\"elementor-widget-wrap elementor-element-populated\">\n\t\t\t\t\t\t<div class=\"elementor-element elementor-element-a27a2ae elementor-widget elementor-widget-image\" data-id=\"a27a2ae\" data-element_type=\"widget\" data-e-type=\"widget\" data-widget_type=\"image.default\">\n\t\t\t\t<div class=\"elementor-widget-container\">\n\t\t\t\t\t\t\t\t\t\t\t\t\t\t\t\t<a href=\"https:\/\/somagen.com\/fr\/gold-standard\/\" target=\"_blank\" rel=\"noopener\">\n\t\t\t\t\t\t\t<img decoding=\"async\" width=\"737\" height=\"601\" src=\"https:\/\/www.somagen.com\/wp-content\/uploads\/2021\/08\/5f6b87b8d4be32188fe98f9b_goldstandarddiagnostics-logo-bluegold.png\" class=\"elementor-animation-grow attachment-large size-large wp-image-17133\" alt=\"\" \/>\t\t\t\t\t\t\t\t<\/a>\n\t\t\t\t\t\t\t\t\t\t\t\t\t\t\t<\/div>\n\t\t\t\t<\/div>\n\t\t\t\t<div class=\"elementor-element elementor-element-3c2974a elementor-widget elementor-widget-image\" data-id=\"3c2974a\" data-element_type=\"widget\" data-e-type=\"widget\" data-widget_type=\"image.default\">\n\t\t\t\t<div class=\"elementor-widget-container\">\n\t\t\t\t\t\t\t\t\t\t\t\t\t\t\t\t<a href=\"https:\/\/somagen.com\/fr\/certest\/\" target=\"_blank\" rel=\"noopener\">\n\t\t\t\t\t\t\t<img loading=\"lazy\" decoding=\"async\" width=\"800\" height=\"188\" src=\"https:\/\/www.somagen.com\/wp-content\/uploads\/2025\/03\/Logotipo_Certest_2022-azul-1920x450.png\" class=\"elementor-animation-grow attachment-large size-large wp-image-43403\" alt=\"\" srcset=\"https:\/\/www.somagen.com\/wp-content\/uploads\/2025\/03\/Logotipo_Certest_2022-azul-1920x450.png 1920w, https:\/\/www.somagen.com\/wp-content\/uploads\/2025\/03\/Logotipo_Certest_2022-azul-800x188.png 800w, https:\/\/www.somagen.com\/wp-content\/uploads\/2025\/03\/Logotipo_Certest_2022-azul-768x180.png 768w, https:\/\/www.somagen.com\/wp-content\/uploads\/2025\/03\/Logotipo_Certest_2022-azul-1536x360.png 1536w, https:\/\/www.somagen.com\/wp-content\/uploads\/2025\/03\/Logotipo_Certest_2022-azul-2048x480.png 2048w\" sizes=\"(max-width: 800px) 100vw, 800px\" \/>\t\t\t\t\t\t\t\t<\/a>\n\t\t\t\t\t\t\t\t\t\t\t\t\t\t\t<\/div>\n\t\t\t\t<\/div>\n\t\t\t\t\t<\/div>\n\t\t<\/div>\n\t\t\t\t<div class=\"elementor-column elementor-col-25 elementor-top-column elementor-element elementor-element-db50449\" data-id=\"db50449\" data-element_type=\"column\" data-e-type=\"column\">\n\t\t\t<div class=\"elementor-widget-wrap elementor-element-populated\">\n\t\t\t\t\t\t<div class=\"elementor-element elementor-element-6f4a965 elementor-widget elementor-widget-image\" data-id=\"6f4a965\" data-element_type=\"widget\" data-e-type=\"widget\" data-widget_type=\"image.default\">\n\t\t\t\t<div class=\"elementor-widget-container\">\n\t\t\t\t\t\t\t\t\t\t\t\t\t\t\t\t<a href=\"https:\/\/somagen.com\/fr\/vircell\/\" target=\"_blank\" rel=\"noopener\">\n\t\t\t\t\t\t\t<img loading=\"lazy\" decoding=\"async\" width=\"768\" height=\"285\" src=\"https:\/\/www.somagen.com\/wp-content\/uploads\/2021\/08\/Vircell-Microbiologists-768x285.png\" class=\"elementor-animation-grow attachment-medium_large size-medium_large wp-image-16490\" alt=\"\" srcset=\"https:\/\/www.somagen.com\/wp-content\/uploads\/2021\/08\/Vircell-Microbiologists-768x285.png 768w, https:\/\/www.somagen.com\/wp-content\/uploads\/2021\/08\/Vircell-Microbiologists.png 799w\" sizes=\"(max-width: 768px) 100vw, 768px\" \/>\t\t\t\t\t\t\t\t<\/a>\n\t\t\t\t\t\t\t\t\t\t\t\t\t\t\t<\/div>\n\t\t\t\t<\/div>\n\t\t\t\t\t<\/div>\n\t\t<\/div>\n\t\t\t\t<div class=\"elementor-column elementor-col-25 elementor-top-column elementor-element elementor-element-dcdf7d8\" data-id=\"dcdf7d8\" data-element_type=\"column\" data-e-type=\"column\">\n\t\t\t<div class=\"elementor-widget-wrap elementor-element-populated\">\n\t\t\t\t\t\t<div class=\"elementor-element elementor-element-dcc1406 elementor-widget elementor-widget-image\" data-id=\"dcc1406\" data-element_type=\"widget\" data-e-type=\"widget\" data-widget_type=\"image.default\">\n\t\t\t\t<div class=\"elementor-widget-container\">\n\t\t\t\t\t\t\t\t\t\t\t\t\t\t\t\t<a href=\"https:\/\/somagen.com\/fr\/lgc-clinical-diagnostics\/\" target=\"_blank\" rel=\"noopener\">\n\t\t\t\t\t\t\t<img loading=\"lazy\" decoding=\"async\" width=\"520\" height=\"150\" src=\"https:\/\/www.somagen.com\/wp-content\/uploads\/2021\/08\/seracarelogo.png\" class=\"elementor-animation-grow attachment-large size-large wp-image-16989\" alt=\"\" \/>\t\t\t\t\t\t\t\t<\/a>\n\t\t\t\t\t\t\t\t\t\t\t\t\t\t\t<\/div>\n\t\t\t\t<\/div>\n\t\t\t\t\t<\/div>\n\t\t<\/div>\n\t\t\t\t\t<\/div>\n\t\t<\/section>\n\t\t\t\t<section class=\"elementor-section elementor-top-section elementor-element elementor-element-c9a8f95 elementor-section-boxed elementor-section-height-default elementor-section-height-default\" data-id=\"c9a8f95\" data-element_type=\"section\" data-e-type=\"section\">\n\t\t\t\t\t\t<div class=\"elementor-container elementor-column-gap-default\">\n\t\t\t\t\t<div class=\"elementor-column elementor-col-100 elementor-top-column elementor-element elementor-element-4c3838a\" data-id=\"4c3838a\" data-element_type=\"column\" data-e-type=\"column\">\n\t\t\t<div class=\"elementor-widget-wrap elementor-element-populated\">\n\t\t\t\t\t\t<div class=\"elementor-element elementor-element-908dfab elementor-widget elementor-widget-text-editor\" data-id=\"908dfab\" data-element_type=\"widget\" data-e-type=\"widget\" data-widget_type=\"text-editor.default\">\n\t\t\t\t<div class=\"elementor-widget-container\">\n\t\t\t\t\t\t\t\t\t<p>* Certains produits peuvent ne pas \u00eatre autoris\u00e9s \u00e0 la vente au Canada. De plus, certains produits peuvent \u00eatre destin\u00e9s \u00e0 la recherche uniquement (RUO) &#8211; et non \u00e0 des fins de diagnostic clinique. Veuillez contacter Somagen pour des demandes sp\u00e9cifiques.<\/p>\t\t\t\t\t\t\t\t<\/div>\n\t\t\t\t<\/div>\n\t\t\t\t\t<\/div>\n\t\t<\/div>\n\t\t\t\t\t<\/div>\n\t\t<\/section>\n\t\t\t\t<\/div>\n\t\t","protected":false},"excerpt":{"rendered":"<p>Maladies infectieusesSomagen s&#8217;est associ\u00e9 aux pricipaux sp\u00e9cialistes et fabricants en maladies infectieuses \u00e0 travers le monde pour offrir une gamme compl\u00e8te de produits de qualit\u00e9 pour vos besoins en tests [&hellip;]<\/p>\n","protected":false},"author":4,"featured_media":0,"parent":0,"menu_order":0,"comment_status":"closed","ping_status":"closed","template":"","meta":{"_relevanssi_hide_post":"","_relevanssi_hide_content":"","_relevanssi_pin_for_all":"","_relevanssi_pin_keywords":"","_relevanssi_unpin_keywords":"","_relevanssi_related_keywords":"","_relevanssi_related_include_ids":"","_relevanssi_related_exclude_ids":"","_relevanssi_related_no_append":"","_relevanssi_related_not_related":"","_relevanssi_related_posts":"","_relevanssi_noindex_reason":"","footnotes":""},"class_list":["post-31906","page","type-page","status-publish","hentry"],"_links":{"self":[{"href":"https:\/\/www.somagen.com\/fr\/wp-json\/wp\/v2\/pages\/31906","targetHints":{"allow":["GET"]}}],"collection":[{"href":"https:\/\/www.somagen.com\/fr\/wp-json\/wp\/v2\/pages"}],"about":[{"href":"https:\/\/www.somagen.com\/fr\/wp-json\/wp\/v2\/types\/page"}],"author":[{"embeddable":true,"href":"https:\/\/www.somagen.com\/fr\/wp-json\/wp\/v2\/users\/4"}],"replies":[{"embeddable":true,"href":"https:\/\/www.somagen.com\/fr\/wp-json\/wp\/v2\/comments?post=31906"}],"version-history":[{"count":35,"href":"https:\/\/www.somagen.com\/fr\/wp-json\/wp\/v2\/pages\/31906\/revisions"}],"predecessor-version":[{"id":43691,"href":"https:\/\/www.somagen.com\/fr\/wp-json\/wp\/v2\/pages\/31906\/revisions\/43691"}],"wp:attachment":[{"href":"https:\/\/www.somagen.com\/fr\/wp-json\/wp\/v2\/media?parent=31906"}],"curies":[{"name":"wp","href":"https:\/\/api.w.org\/{rel}","templated":true}]}}