{"id":31908,"date":"2022-07-04T10:42:31","date_gmt":"2022-07-04T16:42:31","guid":{"rendered":"https:\/\/somagen.com\/technologie-de-procreation-assistee\/"},"modified":"2026-04-22T14:15:57","modified_gmt":"2026-04-22T20:15:57","slug":"technologie-de-procreation-assistee","status":"publish","type":"page","link":"https:\/\/www.somagen.com\/fr\/technologie-de-procreation-assistee\/","title":{"rendered":"Technologie de procr\u00e9ation assist\u00e9e"},"content":{"rendered":"\t\t<div data-elementor-type=\"wp-page\" data-elementor-id=\"31908\" class=\"elementor elementor-31908 elementor-25144\" data-elementor-post-type=\"page\">\n\t\t\t\t\t\t<section class=\"elementor-section elementor-top-section elementor-element elementor-element-27a98b0 elementor-section-boxed elementor-section-height-default elementor-section-height-default\" data-id=\"27a98b0\" data-element_type=\"section\" data-e-type=\"section\">\n\t\t\t\t\t\t<div class=\"elementor-container elementor-column-gap-default\">\n\t\t\t\t\t<div class=\"elementor-column elementor-col-66 elementor-top-column elementor-element elementor-element-b572280\" data-id=\"b572280\" data-element_type=\"column\" data-e-type=\"column\">\n\t\t\t<div class=\"elementor-widget-wrap elementor-element-populated\">\n\t\t\t\t\t\t<div class=\"elementor-element elementor-element-a6558c5 elementor-invisible elementor-widget elementor-widget-image\" data-id=\"a6558c5\" data-element_type=\"widget\" data-e-type=\"widget\" data-settings=\"{&quot;_animation&quot;:&quot;fadeInUp&quot;}\" data-widget_type=\"image.default\">\n\t\t\t\t<div class=\"elementor-widget-container\">\n\t\t\t\t\t\t\t\t\t\t\t\t\t\t\t<img fetchpriority=\"high\" decoding=\"async\" width=\"800\" height=\"152\" src=\"https:\/\/www.somagen.com\/wp-content\/uploads\/2026\/04\/Sub-Brand-BusinessUnit-Logos-Fertility-1920x365.png\" class=\"attachment-large size-large wp-image-44943\" alt=\"\" srcset=\"https:\/\/www.somagen.com\/wp-content\/uploads\/2026\/04\/Sub-Brand-BusinessUnit-Logos-Fertility-1920x365.png 1920w, https:\/\/www.somagen.com\/wp-content\/uploads\/2026\/04\/Sub-Brand-BusinessUnit-Logos-Fertility-800x152.png 800w, https:\/\/www.somagen.com\/wp-content\/uploads\/2026\/04\/Sub-Brand-BusinessUnit-Logos-Fertility-768x146.png 768w, https:\/\/www.somagen.com\/wp-content\/uploads\/2026\/04\/Sub-Brand-BusinessUnit-Logos-Fertility-1536x292.png 1536w, https:\/\/www.somagen.com\/wp-content\/uploads\/2026\/04\/Sub-Brand-BusinessUnit-Logos-Fertility-2048x389.png 2048w\" sizes=\"(max-width: 800px) 100vw, 800px\" \/>\t\t\t\t\t\t\t\t\t\t\t\t\t\t\t<\/div>\n\t\t\t\t<\/div>\n\t\t\t\t<div class=\"elementor-element elementor-element-6b8b895 elementor-widget elementor-widget-spacer\" data-id=\"6b8b895\" data-element_type=\"widget\" data-e-type=\"widget\" data-widget_type=\"spacer.default\">\n\t\t\t\t<div class=\"elementor-widget-container\">\n\t\t\t\t\t\t\t<div class=\"elementor-spacer\">\n\t\t\t<div class=\"elementor-spacer-inner\"><\/div>\n\t\t<\/div>\n\t\t\t\t\t\t<\/div>\n\t\t\t\t<\/div>\n\t\t\t\t<div class=\"elementor-element elementor-element-9702d0e elementor-invisible elementor-widget elementor-widget-text-editor\" data-id=\"9702d0e\" data-element_type=\"widget\" data-e-type=\"widget\" data-settings=\"{&quot;_animation&quot;:&quot;fadeInUp&quot;}\" data-widget_type=\"text-editor.default\">\n\t\t\t\t<div class=\"elementor-widget-container\">\n\t\t\t\t\t\t\t\t\t<p>Nous accompagnons les laboratoires de FIV et les cliniques de fertilit\u00e9 en leur offrant un service personnalis\u00e9 et un acc\u00e8s fiable \u00e0 nos produits, ce qui fait de nous le partenaire de choix en sant\u00e9 reproductive au Canada.<\/p>\n\t\t\t\t\t\t\t\t<\/div>\n\t\t\t\t<\/div>\n\t\t\t\t<div class=\"elementor-element elementor-element-775e317 elementor-invisible elementor-widget elementor-widget-text-editor\" data-id=\"775e317\" data-element_type=\"widget\" data-e-type=\"widget\" data-settings=\"{&quot;_animation&quot;:&quot;fadeInUp&quot;}\" data-widget_type=\"text-editor.default\">\n\t\t\t\t<div class=\"elementor-widget-container\">\n\t\t\t\t\t\t\t\t\t<p>Somagen Diagnostics est fier de faire partie de ce domaine dynamique de la m\u00e9decine avanc\u00e9 sur le plan scientifique et qui change la vie.\u00a0 Depuis plus de vingt ans, Somagen Diagnostics s\u2019engage \u00e0 apporter aux embryologistes, aux andrologistes et aux m\u00e9decins du Canada une technologie novatrice et de pointe en mati\u00e8re de fertilit\u00e9.\u00a0 Somagen est fier de repr\u00e9senter des partenaires manufacturiers du monde entier reconnus comme des leaders dans leur domaine qui apportent\u00a0 aux cliniques de fertilit\u00e9 une solution compl\u00e8te fond\u00e9e sur la qualit\u00e9 et la coh\u00e9rence. De la pr\u00e9paration des spermatozo\u00efdes \u00e0 la vitrification, de la r\u00e9cup\u00e9ration au transfert, Somagen Diagnostics r\u00e9pond aux besoins croissants des cliniques de fertilit\u00e9 partout au Canada.<\/p>\n\t\t\t\t\t\t\t\t<\/div>\n\t\t\t\t<\/div>\n\t\t\t\t<div class=\"elementor-element elementor-element-fec2e8c elementor-invisible elementor-widget elementor-widget-button\" data-id=\"fec2e8c\" data-element_type=\"widget\" data-e-type=\"widget\" data-settings=\"{&quot;_animation&quot;:&quot;fadeInUp&quot;}\" data-widget_type=\"button.default\">\n\t\t\t\t<div class=\"elementor-widget-container\">\n\t\t\t\t\t\t\t\t\t<div class=\"elementor-button-wrapper\">\n\t\t\t\t\t<a class=\"elementor-button elementor-button-link elementor-size-sm\" href=\"#fertility-supplier-partners\">\n\t\t\t\t\t\t<span class=\"elementor-button-content-wrapper\">\n\t\t\t\t\t\t\t\t\t<span class=\"elementor-button-text\">Cliquez ci-dessous pour en savoir plus sur nos partenaires fournisseurs de technologie de procr\u00e9ation assist\u00e9e<\/span>\n\t\t\t\t\t<\/span>\n\t\t\t\t\t<\/a>\n\t\t\t\t<\/div>\n\t\t\t\t\t\t\t\t<\/div>\n\t\t\t\t<\/div>\n\t\t\t\t\t<\/div>\n\t\t<\/div>\n\t\t\t\t<div class=\"elementor-column elementor-col-33 elementor-top-column elementor-element elementor-element-1dd3b38\" data-id=\"1dd3b38\" data-element_type=\"column\" data-e-type=\"column\">\n\t\t\t<div class=\"elementor-widget-wrap elementor-element-populated\">\n\t\t\t\t\t\t<div class=\"elementor-element elementor-element-94a7076 elementor-widget elementor-widget-image\" data-id=\"94a7076\" data-element_type=\"widget\" data-e-type=\"widget\" data-widget_type=\"image.default\">\n\t\t\t\t<div class=\"elementor-widget-container\">\n\t\t\t\t\t\t\t\t\t\t\t\t\t\t\t<img decoding=\"async\" width=\"717\" height=\"1280\" src=\"https:\/\/www.somagen.com\/wp-content\/uploads\/2026\/04\/Somagen-BU-Fertility-1-717x1280.jpeg\" class=\"attachment-large size-large wp-image-45051\" alt=\"\" srcset=\"https:\/\/www.somagen.com\/wp-content\/uploads\/2026\/04\/Somagen-BU-Fertility-1-717x1280.jpeg 717w, https:\/\/www.somagen.com\/wp-content\/uploads\/2026\/04\/Somagen-BU-Fertility-1-336x600.jpeg 336w, https:\/\/www.somagen.com\/wp-content\/uploads\/2026\/04\/Somagen-BU-Fertility-1-768x1370.jpeg 768w, https:\/\/www.somagen.com\/wp-content\/uploads\/2026\/04\/Somagen-BU-Fertility-1-861x1536.jpeg 861w, https:\/\/www.somagen.com\/wp-content\/uploads\/2026\/04\/Somagen-BU-Fertility-1-1148x2048.jpeg 1148w, https:\/\/www.somagen.com\/wp-content\/uploads\/2026\/04\/Somagen-BU-Fertility-1-scaled.jpeg 1435w\" sizes=\"(max-width: 717px) 100vw, 717px\" \/>\t\t\t\t\t\t\t\t\t\t\t\t\t\t\t<\/div>\n\t\t\t\t<\/div>\n\t\t\t\t\t<\/div>\n\t\t<\/div>\n\t\t\t\t\t<\/div>\n\t\t<\/section>\n\t\t\t\t<section class=\"elementor-section elementor-top-section elementor-element elementor-element-d06137a elementor-section-content-middle elementor-section-boxed elementor-section-height-default elementor-section-height-default elementor-invisible\" data-id=\"d06137a\" data-element_type=\"section\" data-e-type=\"section\" id=\"fertility-supplier-partners\" data-settings=\"{&quot;animation&quot;:&quot;fadeInUp&quot;}\">\n\t\t\t\t\t\t<div class=\"elementor-container elementor-column-gap-default\">\n\t\t\t\t\t<div class=\"elementor-column elementor-col-25 elementor-top-column elementor-element elementor-element-ee8c397\" data-id=\"ee8c397\" data-element_type=\"column\" data-e-type=\"column\">\n\t\t\t<div class=\"elementor-widget-wrap elementor-element-populated\">\n\t\t\t\t\t\t<div class=\"elementor-element elementor-element-797881e elementor-widget elementor-widget-image\" data-id=\"797881e\" data-element_type=\"widget\" data-e-type=\"widget\" data-widget_type=\"image.default\">\n\t\t\t\t<div class=\"elementor-widget-container\">\n\t\t\t\t\t\t\t\t\t\t\t\t\t\t\t\t<a href=\"https:\/\/biotechinc.us\/\" target=\"_blank\" rel=\"noopener\">\n\t\t\t\t\t\t\t<img decoding=\"async\" width=\"2560\" height=\"1221\" src=\"https:\/\/www.somagen.com\/wp-content\/uploads\/2024\/06\/2024-LOGO-scaled.jpg\" class=\"elementor-animation-grow attachment-full size-full wp-image-42962\" alt=\"\" srcset=\"https:\/\/www.somagen.com\/wp-content\/uploads\/2024\/06\/2024-LOGO-scaled.jpg 2560w, https:\/\/www.somagen.com\/wp-content\/uploads\/2024\/06\/2024-LOGO-800x382.jpg 800w, https:\/\/www.somagen.com\/wp-content\/uploads\/2024\/06\/2024-LOGO-1920x916.jpg 1920w, https:\/\/www.somagen.com\/wp-content\/uploads\/2024\/06\/2024-LOGO-768x366.jpg 768w, https:\/\/www.somagen.com\/wp-content\/uploads\/2024\/06\/2024-LOGO-1536x733.jpg 1536w, https:\/\/www.somagen.com\/wp-content\/uploads\/2024\/06\/2024-LOGO-2048x977.jpg 2048w\" sizes=\"(max-width: 2560px) 100vw, 2560px\" \/>\t\t\t\t\t\t\t\t<\/a>\n\t\t\t\t\t\t\t\t\t\t\t\t\t\t\t<\/div>\n\t\t\t\t<\/div>\n\t\t\t\t\t<\/div>\n\t\t<\/div>\n\t\t\t\t<div class=\"elementor-column elementor-col-25 elementor-top-column elementor-element elementor-element-2a1dd7c\" data-id=\"2a1dd7c\" data-element_type=\"column\" data-e-type=\"column\">\n\t\t\t<div class=\"elementor-widget-wrap elementor-element-populated\">\n\t\t\t\t\t\t<div class=\"elementor-element elementor-element-a192a62 elementor-widget elementor-widget-image\" data-id=\"a192a62\" data-element_type=\"widget\" data-e-type=\"widget\" data-widget_type=\"image.default\">\n\t\t\t\t<div class=\"elementor-widget-container\">\n\t\t\t\t\t\t\t\t\t\t\t\t\t\t\t\t<a href=\"https:\/\/somagen.com\/birr\/\" target=\"_blank\" rel=\"noopener\">\n\t\t\t\t\t\t\t<img decoding=\"async\" src=\"https:\/\/www.somagen.com\/wp-content\/uploads\/elementor\/thumbs\/Birr-Logo-2-pqeyv6ok8r8xrg6j2t4pcngaw0patmdb3stykryibo.png\" title=\"Birr-Logo-2\" alt=\"Birr-Logo-2\" class=\"elementor-animation-grow\" loading=\"lazy\" \/>\t\t\t\t\t\t\t\t<\/a>\n\t\t\t\t\t\t\t\t\t\t\t\t\t\t\t<\/div>\n\t\t\t\t<\/div>\n\t\t\t\t\t<\/div>\n\t\t<\/div>\n\t\t\t\t<div class=\"elementor-column elementor-col-25 elementor-top-column elementor-element elementor-element-0fd8df3\" data-id=\"0fd8df3\" data-element_type=\"column\" data-e-type=\"column\">\n\t\t\t<div class=\"elementor-widget-wrap elementor-element-populated\">\n\t\t\t\t\t\t<div class=\"elementor-element elementor-element-d26126e elementor-widget elementor-widget-image\" data-id=\"d26126e\" data-element_type=\"widget\" data-e-type=\"widget\" data-widget_type=\"image.default\">\n\t\t\t\t<div class=\"elementor-widget-container\">\n\t\t\t\t\t\t\t\t\t\t\t\t\t\t\t\t<a href=\"https:\/\/somagen.com\/fertipro\/\" target=\"_blank\" rel=\"noopener\">\n\t\t\t\t\t\t\t<img decoding=\"async\" src=\"https:\/\/www.somagen.com\/wp-content\/uploads\/elementor\/thumbs\/FertiPro-Logo-1-pqy0r03oyuhg1jxt7he0799l3zvmlu67ky66sj5kxw.png\" title=\"FertiPro-Logo\" alt=\"FertiPro-Logo\" class=\"elementor-animation-grow\" loading=\"lazy\" \/>\t\t\t\t\t\t\t\t<\/a>\n\t\t\t\t\t\t\t\t\t\t\t\t\t\t\t<\/div>\n\t\t\t\t<\/div>\n\t\t\t\t\t<\/div>\n\t\t<\/div>\n\t\t\t\t<div class=\"elementor-column elementor-col-25 elementor-top-column elementor-element elementor-element-b56ebdd\" data-id=\"b56ebdd\" data-element_type=\"column\" data-e-type=\"column\">\n\t\t\t<div class=\"elementor-widget-wrap elementor-element-populated\">\n\t\t\t\t\t\t<div class=\"elementor-element elementor-element-bc54eb9 elementor-widget elementor-widget-image\" data-id=\"bc54eb9\" data-element_type=\"widget\" data-e-type=\"widget\" data-widget_type=\"image.default\">\n\t\t\t\t<div class=\"elementor-widget-container\">\n\t\t\t\t\t\t\t\t\t\t\t\t\t\t\t\t<a href=\"https:\/\/somagen.com\/ivf-prime\/\" target=\"_blank\" rel=\"noopener\">\n\t\t\t\t\t\t\t<img loading=\"lazy\" decoding=\"async\" width=\"150\" height=\"150\" src=\"https:\/\/www.somagen.com\/wp-content\/uploads\/2024\/09\/IVF-Prime-150x150.jpg\" class=\"elementor-animation-grow attachment-thumbnail size-thumbnail wp-image-43215\" alt=\"\" srcset=\"https:\/\/www.somagen.com\/wp-content\/uploads\/2024\/09\/IVF-Prime-150x150.jpg 150w, https:\/\/www.somagen.com\/wp-content\/uploads\/2024\/09\/IVF-Prime-600x600.jpg 600w, https:\/\/www.somagen.com\/wp-content\/uploads\/2024\/09\/IVF-Prime-768x768.jpg 768w, https:\/\/www.somagen.com\/wp-content\/uploads\/2024\/09\/IVF-Prime.jpg 1212w\" sizes=\"(max-width: 150px) 100vw, 150px\" \/>\t\t\t\t\t\t\t\t<\/a>\n\t\t\t\t\t\t\t\t\t\t\t\t\t\t\t<\/div>\n\t\t\t\t<\/div>\n\t\t\t\t\t<\/div>\n\t\t<\/div>\n\t\t\t\t\t<\/div>\n\t\t<\/section>\n\t\t\t\t<section class=\"elementor-section elementor-top-section elementor-element elementor-element-a72a646 elementor-section-content-middle elementor-section-boxed elementor-section-height-default elementor-section-height-default elementor-invisible\" data-id=\"a72a646\" data-element_type=\"section\" data-e-type=\"section\" data-settings=\"{&quot;animation&quot;:&quot;fadeInUp&quot;}\">\n\t\t\t\t\t\t<div class=\"elementor-container elementor-column-gap-default\">\n\t\t\t\t\t<div class=\"elementor-column elementor-col-25 elementor-top-column elementor-element elementor-element-6c78829\" data-id=\"6c78829\" data-element_type=\"column\" data-e-type=\"column\">\n\t\t\t<div class=\"elementor-widget-wrap elementor-element-populated\">\n\t\t\t\t\t\t<div class=\"elementor-element elementor-element-a104c2f elementor-widget elementor-widget-image\" data-id=\"a104c2f\" data-element_type=\"widget\" data-e-type=\"widget\" data-widget_type=\"image.default\">\n\t\t\t\t<div class=\"elementor-widget-container\">\n\t\t\t\t\t\t\t\t\t\t\t\t\t\t\t\t<a href=\"https:\/\/somagen.com\/leja\/\" target=\"_blank\" rel=\"noopener\">\n\t\t\t\t\t\t\t<img decoding=\"async\" src=\"https:\/\/www.somagen.com\/wp-content\/uploads\/elementor\/thumbs\/Leja-Logo2-pqy0zvosanui2yvuyenzmxry1nwsn67893e3t7ii58.png\" title=\"Leja-Logo2\" alt=\"Leja-Logo2\" class=\"elementor-animation-grow\" loading=\"lazy\" \/>\t\t\t\t\t\t\t\t<\/a>\n\t\t\t\t\t\t\t\t\t\t\t\t\t\t\t<\/div>\n\t\t\t\t<\/div>\n\t\t\t\t\t<\/div>\n\t\t<\/div>\n\t\t\t\t<div class=\"elementor-column elementor-col-25 elementor-top-column elementor-element elementor-element-35a95b7\" data-id=\"35a95b7\" data-element_type=\"column\" data-e-type=\"column\">\n\t\t\t<div class=\"elementor-widget-wrap elementor-element-populated\">\n\t\t\t\t\t\t<div class=\"elementor-element elementor-element-3d9e24d elementor-widget elementor-widget-image\" data-id=\"3d9e24d\" data-element_type=\"widget\" data-e-type=\"widget\" data-widget_type=\"image.default\">\n\t\t\t\t<div class=\"elementor-widget-container\">\n\t\t\t\t\t\t\t\t\t\t\t\t\t\t\t\t<a href=\"https:\/\/somagen.com\/medgyn\/\" target=\"_blank\" rel=\"noopener\">\n\t\t\t\t\t\t\t<img decoding=\"async\" src=\"https:\/\/www.somagen.com\/wp-content\/uploads\/elementor\/thumbs\/MedGyn-Logo-pqy17shx1bgtetjw68n48iqz2r4n37tm81nedg9ft0.png\" title=\"MedGyn-Logo\" alt=\"MedGyn-Logo\" class=\"elementor-animation-grow\" loading=\"lazy\" \/>\t\t\t\t\t\t\t\t<\/a>\n\t\t\t\t\t\t\t\t\t\t\t\t\t\t\t<\/div>\n\t\t\t\t<\/div>\n\t\t\t\t\t<\/div>\n\t\t<\/div>\n\t\t\t\t<div class=\"elementor-column elementor-col-25 elementor-top-column elementor-element elementor-element-0e73c12\" data-id=\"0e73c12\" data-element_type=\"column\" data-e-type=\"column\">\n\t\t\t<div class=\"elementor-widget-wrap elementor-element-populated\">\n\t\t\t\t\t\t<div class=\"elementor-element elementor-element-3aecc51 elementor-widget elementor-widget-image\" data-id=\"3aecc51\" data-element_type=\"widget\" data-e-type=\"widget\" data-widget_type=\"image.default\">\n\t\t\t\t<div class=\"elementor-widget-container\">\n\t\t\t\t\t\t\t\t\t\t\t\t\t\t\t\t<a href=\"https:\/\/nexpringhealth.com\/products\/all-products\/\" target=\"_blank\" rel=\"noopener\">\n\t\t\t\t\t\t\t<img loading=\"lazy\" decoding=\"async\" width=\"800\" height=\"279\" src=\"https:\/\/www.somagen.com\/wp-content\/uploads\/2026\/04\/Nexpring_Health-Black-1024x357-1.webp\" class=\"elementor-animation-grow attachment-large size-large wp-image-44946\" alt=\"\" srcset=\"https:\/\/www.somagen.com\/wp-content\/uploads\/2026\/04\/Nexpring_Health-Black-1024x357-1.webp 1024w, https:\/\/www.somagen.com\/wp-content\/uploads\/2026\/04\/Nexpring_Health-Black-1024x357-1-800x279.webp 800w, https:\/\/www.somagen.com\/wp-content\/uploads\/2026\/04\/Nexpring_Health-Black-1024x357-1-768x268.webp 768w\" sizes=\"(max-width: 800px) 100vw, 800px\" \/>\t\t\t\t\t\t\t\t<\/a>\n\t\t\t\t\t\t\t\t\t\t\t\t\t\t\t<\/div>\n\t\t\t\t<\/div>\n\t\t\t\t\t<\/div>\n\t\t<\/div>\n\t\t\t\t<div class=\"elementor-column elementor-col-25 elementor-top-column elementor-element elementor-element-a53a19b\" data-id=\"a53a19b\" data-element_type=\"column\" data-e-type=\"column\">\n\t\t\t<div class=\"elementor-widget-wrap elementor-element-populated\">\n\t\t\t\t\t\t<div class=\"elementor-element elementor-element-c840a63 elementor-widget elementor-widget-image\" data-id=\"c840a63\" data-element_type=\"widget\" data-e-type=\"widget\" data-widget_type=\"image.default\">\n\t\t\t\t<div class=\"elementor-widget-container\">\n\t\t\t\t\t\t\t\t\t\t\t\t\t\t\t\t<a href=\"https:\/\/somagen.com\/nidacon\/\" target=\"_blank\" rel=\"noopener\">\n\t\t\t\t\t\t\t<img decoding=\"async\" src=\"https:\/\/www.somagen.com\/wp-content\/uploads\/elementor\/thumbs\/Nidacon-Logo-1-pqy0fo5qkqz02seddl1x547jarqbt76pcv1gifyfyc.png\" title=\"Nidacon-Logo\" alt=\"Nidacon-Logo\" class=\"elementor-animation-grow\" loading=\"lazy\" \/>\t\t\t\t\t\t\t\t<\/a>\n\t\t\t\t\t\t\t\t\t\t\t\t\t\t\t<\/div>\n\t\t\t\t<\/div>\n\t\t\t\t\t<\/div>\n\t\t<\/div>\n\t\t\t\t\t<\/div>\n\t\t<\/section>\n\t\t\t\t<section class=\"elementor-section elementor-top-section elementor-element elementor-element-a8dad6f elementor-section-content-middle elementor-section-boxed elementor-section-height-default elementor-section-height-default elementor-invisible\" data-id=\"a8dad6f\" data-element_type=\"section\" data-e-type=\"section\" data-settings=\"{&quot;animation&quot;:&quot;fadeInUp&quot;}\">\n\t\t\t\t\t\t<div class=\"elementor-container elementor-column-gap-default\">\n\t\t\t\t\t<div class=\"elementor-column elementor-col-25 elementor-top-column elementor-element elementor-element-75bd6cb\" data-id=\"75bd6cb\" data-element_type=\"column\" data-e-type=\"column\">\n\t\t\t<div class=\"elementor-widget-wrap\">\n\t\t\t\t\t\t\t<\/div>\n\t\t<\/div>\n\t\t\t\t<div class=\"elementor-column elementor-col-25 elementor-top-column elementor-element elementor-element-31a6ad1\" data-id=\"31a6ad1\" data-element_type=\"column\" data-e-type=\"column\">\n\t\t\t<div class=\"elementor-widget-wrap elementor-element-populated\">\n\t\t\t\t\t\t<div class=\"elementor-element elementor-element-4e3453f elementor-widget elementor-widget-image\" data-id=\"4e3453f\" data-element_type=\"widget\" data-e-type=\"widget\" data-widget_type=\"image.default\">\n\t\t\t\t<div class=\"elementor-widget-container\">\n\t\t\t\t\t\t\t\t\t\t\t\t\t\t\t\t<a href=\"https:\/\/somagen.com\/reproline\/\" target=\"_blank\" rel=\"noopener\">\n\t\t\t\t\t\t\t<img loading=\"lazy\" decoding=\"async\" width=\"800\" height=\"272\" src=\"https:\/\/www.somagen.com\/wp-content\/uploads\/2024\/02\/Reproline-800x272.jpg\" class=\"elementor-animation-grow attachment-medium size-medium wp-image-42641\" alt=\"\" srcset=\"https:\/\/www.somagen.com\/wp-content\/uploads\/2024\/02\/Reproline-800x272.jpg 800w, https:\/\/www.somagen.com\/wp-content\/uploads\/2024\/02\/Reproline-768x261.jpg 768w, https:\/\/www.somagen.com\/wp-content\/uploads\/2024\/02\/Reproline-1536x523.jpg 1536w, https:\/\/www.somagen.com\/wp-content\/uploads\/2024\/02\/Reproline.jpg 1775w\" sizes=\"(max-width: 800px) 100vw, 800px\" \/>\t\t\t\t\t\t\t\t<\/a>\n\t\t\t\t\t\t\t\t\t\t\t\t\t\t\t<\/div>\n\t\t\t\t<\/div>\n\t\t\t\t\t<\/div>\n\t\t<\/div>\n\t\t\t\t<div class=\"elementor-column elementor-col-25 elementor-top-column elementor-element elementor-element-dc17f14\" data-id=\"dc17f14\" data-element_type=\"column\" data-e-type=\"column\">\n\t\t\t<div class=\"elementor-widget-wrap elementor-element-populated\">\n\t\t\t\t\t\t<div class=\"elementor-element elementor-element-a0db100 elementor-widget elementor-widget-image\" data-id=\"a0db100\" data-element_type=\"widget\" data-e-type=\"widget\" data-widget_type=\"image.default\">\n\t\t\t\t<div class=\"elementor-widget-container\">\n\t\t\t\t\t\t\t\t\t\t\t\t\t\t\t\t<a href=\"https:\/\/somagen.com\/sopure\/\" target=\"_blank\" rel=\"noopener\">\n\t\t\t\t\t\t\t<img decoding=\"async\" src=\"https:\/\/www.somagen.com\/wp-content\/uploads\/elementor\/thumbs\/Sopure-Website-qcp1x3t6vmemgvq266trzi2v565n0fjlyi8gbjc794.png\" title=\"Sopure Website\" alt=\"Sopure Website\" class=\"elementor-animation-grow\" loading=\"lazy\" \/>\t\t\t\t\t\t\t\t<\/a>\n\t\t\t\t\t\t\t\t\t\t\t\t\t\t\t<\/div>\n\t\t\t\t<\/div>\n\t\t\t\t\t<\/div>\n\t\t<\/div>\n\t\t\t\t<div class=\"elementor-column elementor-col-25 elementor-top-column elementor-element elementor-element-b765801\" data-id=\"b765801\" data-element_type=\"column\" data-e-type=\"column\">\n\t\t\t<div class=\"elementor-widget-wrap\">\n\t\t\t\t\t\t\t<\/div>\n\t\t<\/div>\n\t\t\t\t\t<\/div>\n\t\t<\/section>\n\t\t\t\t<\/div>\n\t\t","protected":false},"excerpt":{"rendered":"<p>Nous accompagnons les laboratoires de FIV et les cliniques de fertilit\u00e9 en leur offrant un service personnalis\u00e9 et un acc\u00e8s fiable \u00e0 nos produits, ce qui fait de nous le [&hellip;]<\/p>\n","protected":false},"author":4,"featured_media":0,"parent":0,"menu_order":0,"comment_status":"closed","ping_status":"closed","template":"","meta":{"_relevanssi_hide_post":"","_relevanssi_hide_content":"","_relevanssi_pin_for_all":"","_relevanssi_pin_keywords":"","_relevanssi_unpin_keywords":"","_relevanssi_related_keywords":"","_relevanssi_related_include_ids":"","_relevanssi_related_exclude_ids":"","_relevanssi_related_no_append":"","_relevanssi_related_not_related":"","_relevanssi_related_posts":"31795,31798,31808","_relevanssi_noindex_reason":"","footnotes":""},"class_list":["post-31908","page","type-page","status-publish","hentry"],"_links":{"self":[{"href":"https:\/\/www.somagen.com\/fr\/wp-json\/wp\/v2\/pages\/31908","targetHints":{"allow":["GET"]}}],"collection":[{"href":"https:\/\/www.somagen.com\/fr\/wp-json\/wp\/v2\/pages"}],"about":[{"href":"https:\/\/www.somagen.com\/fr\/wp-json\/wp\/v2\/types\/page"}],"author":[{"embeddable":true,"href":"https:\/\/www.somagen.com\/fr\/wp-json\/wp\/v2\/users\/4"}],"replies":[{"embeddable":true,"href":"https:\/\/www.somagen.com\/fr\/wp-json\/wp\/v2\/comments?post=31908"}],"version-history":[{"count":13,"href":"https:\/\/www.somagen.com\/fr\/wp-json\/wp\/v2\/pages\/31908\/revisions"}],"predecessor-version":[{"id":45253,"href":"https:\/\/www.somagen.com\/fr\/wp-json\/wp\/v2\/pages\/31908\/revisions\/45253"}],"wp:attachment":[{"href":"https:\/\/www.somagen.com\/fr\/wp-json\/wp\/v2\/media?parent=31908"}],"curies":[{"name":"wp","href":"https:\/\/api.w.org\/{rel}","templated":true}]}}