{"id":31938,"date":"2022-07-04T12:08:33","date_gmt":"2022-07-04T18:08:33","guid":{"rendered":"https:\/\/somagen.com\/birr\/"},"modified":"2022-08-10T13:31:09","modified_gmt":"2022-08-10T19:31:09","slug":"birr","status":"publish","type":"page","link":"https:\/\/www.somagen.com\/fr\/birr\/","title":{"rendered":"BIRR"},"content":{"rendered":"\t\t<div data-elementor-type=\"wp-page\" data-elementor-id=\"31938\" class=\"elementor elementor-31938 elementor-25198\" data-elementor-post-type=\"page\">\n\t\t\t\t\t\t<section class=\"elementor-section elementor-top-section elementor-element elementor-element-954441c elementor-section-boxed elementor-section-height-default elementor-section-height-default elementor-invisible\" data-id=\"954441c\" data-element_type=\"section\" data-e-type=\"section\" data-settings=\"{&quot;animation&quot;:&quot;fadeInUp&quot;}\">\n\t\t\t\t\t\t<div class=\"elementor-container elementor-column-gap-default\">\n\t\t\t\t\t<div class=\"elementor-column elementor-col-50 elementor-top-column elementor-element elementor-element-ff8f0c0\" data-id=\"ff8f0c0\" data-element_type=\"column\" data-e-type=\"column\">\n\t\t\t<div class=\"elementor-widget-wrap elementor-element-populated\">\n\t\t\t\t\t\t<div class=\"elementor-element elementor-element-53339ba elementor-widget elementor-widget-image\" data-id=\"53339ba\" data-element_type=\"widget\" data-e-type=\"widget\" data-widget_type=\"image.default\">\n\t\t\t\t<div class=\"elementor-widget-container\">\n\t\t\t\t\t\t\t\t\t\t\t\t\t\t\t<img fetchpriority=\"high\" decoding=\"async\" width=\"800\" height=\"143\" src=\"https:\/\/www.somagen.com\/wp-content\/uploads\/2022\/06\/Logo-Birr-RGB-pay-off-links-1920x342.png\" class=\"attachment-large size-large wp-image-29185\" alt=\"\" srcset=\"https:\/\/www.somagen.com\/wp-content\/uploads\/2022\/06\/Logo-Birr-RGB-pay-off-links-1920x342.png 1920w, https:\/\/www.somagen.com\/wp-content\/uploads\/2022\/06\/Logo-Birr-RGB-pay-off-links-800x143.png 800w, https:\/\/www.somagen.com\/wp-content\/uploads\/2022\/06\/Logo-Birr-RGB-pay-off-links-768x137.png 768w, https:\/\/www.somagen.com\/wp-content\/uploads\/2022\/06\/Logo-Birr-RGB-pay-off-links-1536x274.png 1536w, https:\/\/www.somagen.com\/wp-content\/uploads\/2022\/06\/Logo-Birr-RGB-pay-off-links-2048x365.png 2048w\" sizes=\"(max-width: 800px) 100vw, 800px\" \/>\t\t\t\t\t\t\t\t\t\t\t\t\t\t\t<\/div>\n\t\t\t\t<\/div>\n\t\t\t\t<div class=\"elementor-element elementor-element-a261419 elementor-widget elementor-widget-text-editor\" data-id=\"a261419\" data-element_type=\"widget\" data-e-type=\"widget\" data-widget_type=\"text-editor.default\">\n\t\t\t\t<div class=\"elementor-widget-container\">\n\t\t\t\t\t\t\t\t\t<p>BIRR est une soci\u00e9t\u00e9 bas\u00e9e aux Pays-Bas et sp\u00e9cialis\u00e9e dans le d\u00e9veloppement, la fabrication et la fourniture de produits destin\u00e9s aux technologies de procr\u00e9ation assist\u00e9e (ART). Gr\u00e2ce \u00e0 son historique de collaboration \u00e9troite avec ses clients, BIRR a d\u00e9velopp\u00e9 une large gamme de produits de technologie de procr\u00e9ation assist\u00e9e, y compris son vaste portfolio de mat\u00e9riel de laboratoire FIV.<\/p><p>Chaque produit du portfolio de BIRR est soumis \u00e0 des tests de qualit\u00e9 rigoureux, notamment le test d&#8217;embryon de souris (MEA), le lysat d&#8217;am\u00e9bocytes de Litmulus (LAL) et le test de motilit\u00e9 des spermatozo\u00efdes (SMA). Tous les produits de la gamme BIRR sont fabriqu\u00e9s conform\u00e9ment aux normes ISO 13485:2016 et sont des dispositifs m\u00e9dicaux st\u00e9riles de classe CE IIa conform\u00e9ment \u00e0 la norme MDD 92\/43 CEE.<\/p><p><strong><a href=\"https:\/\/birr.nl\/\" target=\"_blank\" rel=\"noopener\">Cliquez ici pour en savoir plus.<\/a><\/strong><\/p>\t\t\t\t\t\t\t\t<\/div>\n\t\t\t\t<\/div>\n\t\t\t\t\t<\/div>\n\t\t<\/div>\n\t\t\t\t<div class=\"elementor-column elementor-col-50 elementor-top-column elementor-element elementor-element-101c5c9\" data-id=\"101c5c9\" data-element_type=\"column\" data-e-type=\"column\">\n\t\t\t<div class=\"elementor-widget-wrap elementor-element-populated\">\n\t\t\t\t\t\t<div class=\"elementor-element elementor-element-c64e97b elementor-widget elementor-widget-image\" data-id=\"c64e97b\" data-element_type=\"widget\" data-e-type=\"widget\" data-widget_type=\"image.default\">\n\t\t\t\t<div class=\"elementor-widget-container\">\n\t\t\t\t\t\t\t\t\t\t\t\t\t\t\t<img decoding=\"async\" width=\"1196\" height=\"1116\" src=\"https:\/\/www.somagen.com\/wp-content\/uploads\/2021\/10\/A91kdv6wx_1h8pjor_o0g-copy.jpg\" class=\"attachment-full size-full wp-image-22436\" alt=\"\" srcset=\"https:\/\/www.somagen.com\/wp-content\/uploads\/2021\/10\/A91kdv6wx_1h8pjor_o0g-copy.jpg 1196w, https:\/\/www.somagen.com\/wp-content\/uploads\/2021\/10\/A91kdv6wx_1h8pjor_o0g-copy-643x600.jpg 643w, https:\/\/www.somagen.com\/wp-content\/uploads\/2021\/10\/A91kdv6wx_1h8pjor_o0g-copy-768x717.jpg 768w\" sizes=\"(max-width: 1196px) 100vw, 1196px\" \/>\t\t\t\t\t\t\t\t\t\t\t\t\t\t\t<\/div>\n\t\t\t\t<\/div>\n\t\t\t\t\t<\/div>\n\t\t<\/div>\n\t\t\t\t\t<\/div>\n\t\t<\/section>\n\t\t\t\t<\/div>\n\t\t","protected":false},"excerpt":{"rendered":"<p>BIRR est une soci\u00e9t\u00e9 bas\u00e9e aux Pays-Bas et sp\u00e9cialis\u00e9e dans le d\u00e9veloppement, la fabrication et la fourniture de produits destin\u00e9s aux technologies de procr\u00e9ation assist\u00e9e (ART). Gr\u00e2ce \u00e0 son historique [&hellip;]<\/p>\n","protected":false},"author":4,"featured_media":0,"parent":0,"menu_order":0,"comment_status":"closed","ping_status":"closed","template":"","meta":{"_relevanssi_hide_post":"","_relevanssi_hide_content":"","_relevanssi_pin_for_all":"","_relevanssi_pin_keywords":"","_relevanssi_unpin_keywords":"","_relevanssi_related_keywords":"","_relevanssi_related_include_ids":"","_relevanssi_related_exclude_ids":"","_relevanssi_related_no_append":"","_relevanssi_related_not_related":"","_relevanssi_related_posts":"","_relevanssi_noindex_reason":"","footnotes":""},"class_list":["post-31938","page","type-page","status-publish","hentry"],"_links":{"self":[{"href":"https:\/\/www.somagen.com\/fr\/wp-json\/wp\/v2\/pages\/31938","targetHints":{"allow":["GET"]}}],"collection":[{"href":"https:\/\/www.somagen.com\/fr\/wp-json\/wp\/v2\/pages"}],"about":[{"href":"https:\/\/www.somagen.com\/fr\/wp-json\/wp\/v2\/types\/page"}],"author":[{"embeddable":true,"href":"https:\/\/www.somagen.com\/fr\/wp-json\/wp\/v2\/users\/4"}],"replies":[{"embeddable":true,"href":"https:\/\/www.somagen.com\/fr\/wp-json\/wp\/v2\/comments?post=31938"}],"version-history":[{"count":0,"href":"https:\/\/www.somagen.com\/fr\/wp-json\/wp\/v2\/pages\/31938\/revisions"}],"wp:attachment":[{"href":"https:\/\/www.somagen.com\/fr\/wp-json\/wp\/v2\/media?parent=31938"}],"curies":[{"name":"wp","href":"https:\/\/api.w.org\/{rel}","templated":true}]}}