{"id":31946,"date":"2022-07-04T12:12:57","date_gmt":"2022-07-04T18:12:57","guid":{"rendered":"https:\/\/somagen.com\/nidacon\/"},"modified":"2022-08-22T12:17:39","modified_gmt":"2022-08-22T18:17:39","slug":"nidacon","status":"publish","type":"page","link":"https:\/\/www.somagen.com\/fr\/nidacon\/","title":{"rendered":"Nidacon"},"content":{"rendered":"\t\t<div data-elementor-type=\"wp-page\" data-elementor-id=\"31946\" class=\"elementor elementor-31946 elementor-25212\" data-elementor-post-type=\"page\">\n\t\t\t\t\t\t<section class=\"elementor-section elementor-top-section elementor-element elementor-element-954441c elementor-section-boxed elementor-section-height-default elementor-section-height-default elementor-invisible\" data-id=\"954441c\" data-element_type=\"section\" data-e-type=\"section\" data-settings=\"{&quot;animation&quot;:&quot;fadeInUp&quot;}\">\n\t\t\t\t\t\t<div class=\"elementor-container elementor-column-gap-default\">\n\t\t\t\t\t<div class=\"elementor-column elementor-col-50 elementor-top-column elementor-element elementor-element-ff8f0c0\" data-id=\"ff8f0c0\" data-element_type=\"column\" data-e-type=\"column\">\n\t\t\t<div class=\"elementor-widget-wrap elementor-element-populated\">\n\t\t\t\t\t\t<div class=\"elementor-element elementor-element-c93150a elementor-widget elementor-widget-image\" data-id=\"c93150a\" data-element_type=\"widget\" data-e-type=\"widget\" id=\"birr\" data-widget_type=\"image.default\">\n\t\t\t\t<div class=\"elementor-widget-container\">\n\t\t\t\t\t\t\t\t\t\t\t\t\t\t\t<img fetchpriority=\"high\" decoding=\"async\" width=\"800\" height=\"170\" src=\"https:\/\/www.somagen.com\/wp-content\/uploads\/2022\/04\/Nidacon-Logo-1920x407.png\" class=\"attachment-large size-large wp-image-25162\" alt=\"\" srcset=\"https:\/\/www.somagen.com\/wp-content\/uploads\/2022\/04\/Nidacon-Logo-1920x407.png 1920w, https:\/\/www.somagen.com\/wp-content\/uploads\/2022\/04\/Nidacon-Logo-800x170.png 800w, https:\/\/www.somagen.com\/wp-content\/uploads\/2022\/04\/Nidacon-Logo-768x163.png 768w, https:\/\/www.somagen.com\/wp-content\/uploads\/2022\/04\/Nidacon-Logo-1536x326.png 1536w, https:\/\/www.somagen.com\/wp-content\/uploads\/2022\/04\/Nidacon-Logo-2048x435.png 2048w\" sizes=\"(max-width: 800px) 100vw, 800px\" \/>\t\t\t\t\t\t\t\t\t\t\t\t\t\t\t<\/div>\n\t\t\t\t<\/div>\n\t\t\t\t<div class=\"elementor-element elementor-element-a261419 elementor-widget elementor-widget-text-editor\" data-id=\"a261419\" data-element_type=\"widget\" data-e-type=\"widget\" data-widget_type=\"text-editor.default\">\n\t\t\t\t<div class=\"elementor-widget-container\">\n\t\t\t\t\t\t\t\t\t<p>Nidacon est une soci\u00e9t\u00e9 su\u00e9doise dont le si\u00e8ge social est \u00e0 G\u00f6teborg ; elle fabrique et commercialise des dispositifs m\u00e9dicaux, principalement pour les technologies de reproduction assist\u00e9e (ART), avec des solutions de FIV, d&#8217;ICSI, d&#8217;ins\u00e9mination artificielle (IUI) et de vitrification pour les humains et les animaux. La soci\u00e9t\u00e9 fut fond\u00e9e en 1996 par le professeur associ\u00e9 Paul V. Holmes MSc, PhD, DrMedSc, embryologiste et endocrinologue au d\u00e9partement d&#8217;obst\u00e9trique et de gyn\u00e9cologie de l&#8217;h\u00f4pital universitaire Sahlgrenska \u00e0 G\u00f6teborg, en Su\u00e8de.<\/p><p><strong><a href=\"https:\/\/www.nidacon.com\/\" target=\"_blank\" rel=\"noopener\">Cliquez ici pour en savoir plus.<\/a><\/strong><\/p>\t\t\t\t\t\t\t\t<\/div>\n\t\t\t\t<\/div>\n\t\t\t\t\t<\/div>\n\t\t<\/div>\n\t\t\t\t<div class=\"elementor-column elementor-col-50 elementor-top-column elementor-element elementor-element-101c5c9\" data-id=\"101c5c9\" data-element_type=\"column\" data-e-type=\"column\">\n\t\t\t<div class=\"elementor-widget-wrap elementor-element-populated\">\n\t\t\t\t\t\t<div class=\"elementor-element elementor-element-c64e97b elementor-widget elementor-widget-image\" data-id=\"c64e97b\" data-element_type=\"widget\" data-e-type=\"widget\" data-widget_type=\"image.default\">\n\t\t\t\t<div class=\"elementor-widget-container\">\n\t\t\t\t\t\t\t\t\t\t\t\t\t\t\t<img decoding=\"async\" width=\"800\" height=\"533\" src=\"https:\/\/www.somagen.com\/wp-content\/uploads\/2022\/04\/shutterstock_12236731-800x533.jpg\" class=\"attachment-medium size-medium wp-image-25521\" alt=\"\" srcset=\"https:\/\/www.somagen.com\/wp-content\/uploads\/2022\/04\/shutterstock_12236731-800x533.jpg 800w, https:\/\/www.somagen.com\/wp-content\/uploads\/2022\/04\/shutterstock_12236731-1920x1280.jpg 1920w, https:\/\/www.somagen.com\/wp-content\/uploads\/2022\/04\/shutterstock_12236731-768x512.jpg 768w, https:\/\/www.somagen.com\/wp-content\/uploads\/2022\/04\/shutterstock_12236731-1536x1024.jpg 1536w, https:\/\/www.somagen.com\/wp-content\/uploads\/2022\/04\/shutterstock_12236731-2048x1365.jpg 2048w\" sizes=\"(max-width: 800px) 100vw, 800px\" \/>\t\t\t\t\t\t\t\t\t\t\t\t\t\t\t<\/div>\n\t\t\t\t<\/div>\n\t\t\t\t\t<\/div>\n\t\t<\/div>\n\t\t\t\t\t<\/div>\n\t\t<\/section>\n\t\t\t\t<\/div>\n\t\t","protected":false},"excerpt":{"rendered":"<p>Nidacon est une soci\u00e9t\u00e9 su\u00e9doise dont le si\u00e8ge social est \u00e0 G\u00f6teborg ; elle fabrique et commercialise des dispositifs m\u00e9dicaux, principalement pour les technologies de reproduction assist\u00e9e (ART), avec des [&hellip;]<\/p>\n","protected":false},"author":4,"featured_media":0,"parent":0,"menu_order":0,"comment_status":"closed","ping_status":"closed","template":"","meta":{"_relevanssi_hide_post":"","_relevanssi_hide_content":"","_relevanssi_pin_for_all":"","_relevanssi_pin_keywords":"","_relevanssi_unpin_keywords":"","_relevanssi_related_keywords":"","_relevanssi_related_include_ids":"","_relevanssi_related_exclude_ids":"","_relevanssi_related_no_append":"","_relevanssi_related_not_related":"","_relevanssi_related_posts":"","_relevanssi_noindex_reason":"","footnotes":""},"class_list":["post-31946","page","type-page","status-publish","hentry"],"_links":{"self":[{"href":"https:\/\/www.somagen.com\/fr\/wp-json\/wp\/v2\/pages\/31946","targetHints":{"allow":["GET"]}}],"collection":[{"href":"https:\/\/www.somagen.com\/fr\/wp-json\/wp\/v2\/pages"}],"about":[{"href":"https:\/\/www.somagen.com\/fr\/wp-json\/wp\/v2\/types\/page"}],"author":[{"embeddable":true,"href":"https:\/\/www.somagen.com\/fr\/wp-json\/wp\/v2\/users\/4"}],"replies":[{"embeddable":true,"href":"https:\/\/www.somagen.com\/fr\/wp-json\/wp\/v2\/comments?post=31946"}],"version-history":[{"count":4,"href":"https:\/\/www.somagen.com\/fr\/wp-json\/wp\/v2\/pages\/31946\/revisions"}],"predecessor-version":[{"id":38743,"href":"https:\/\/www.somagen.com\/fr\/wp-json\/wp\/v2\/pages\/31946\/revisions\/38743"}],"wp:attachment":[{"href":"https:\/\/www.somagen.com\/fr\/wp-json\/wp\/v2\/media?parent=31946"}],"curies":[{"name":"wp","href":"https:\/\/api.w.org\/{rel}","templated":true}]}}