{"id":31948,"date":"2022-07-04T12:45:50","date_gmt":"2022-07-04T18:45:50","guid":{"rendered":"https:\/\/somagen.com\/fertipro\/"},"modified":"2022-08-10T13:32:55","modified_gmt":"2022-08-10T19:32:55","slug":"fertipro","status":"publish","type":"page","link":"https:\/\/www.somagen.com\/fr\/fertipro\/","title":{"rendered":"Fertipro"},"content":{"rendered":"\t\t<div data-elementor-type=\"wp-page\" data-elementor-id=\"31948\" class=\"elementor elementor-31948 elementor-25227\" data-elementor-post-type=\"page\">\n\t\t\t\t\t\t<section class=\"elementor-section elementor-top-section elementor-element elementor-element-954441c elementor-section-boxed elementor-section-height-default elementor-section-height-default elementor-invisible\" data-id=\"954441c\" data-element_type=\"section\" data-e-type=\"section\" data-settings=\"{&quot;animation&quot;:&quot;fadeInUp&quot;}\">\n\t\t\t\t\t\t<div class=\"elementor-container elementor-column-gap-default\">\n\t\t\t\t\t<div class=\"elementor-column elementor-col-50 elementor-top-column elementor-element elementor-element-ff8f0c0\" data-id=\"ff8f0c0\" data-element_type=\"column\" data-e-type=\"column\">\n\t\t\t<div class=\"elementor-widget-wrap elementor-element-populated\">\n\t\t\t\t\t\t<div class=\"elementor-element elementor-element-62bfe14 elementor-widget elementor-widget-image\" data-id=\"62bfe14\" data-element_type=\"widget\" data-e-type=\"widget\" data-widget_type=\"image.default\">\n\t\t\t\t<div class=\"elementor-widget-container\">\n\t\t\t\t\t\t\t\t\t\t\t\t\t\t\t<img decoding=\"async\" src=\"https:\/\/www.somagen.com\/wp-content\/uploads\/elementor\/thumbs\/FertiPro-Logo-1-pqy0r03pkrvnuk0oextl9aormnzfxps2iugrv8e6yg.png\" title=\"FertiPro-Logo\" alt=\"FertiPro-Logo\" loading=\"lazy\" \/>\t\t\t\t\t\t\t\t\t\t\t\t\t\t\t<\/div>\n\t\t\t\t<\/div>\n\t\t\t\t<div class=\"elementor-element elementor-element-a261419 elementor-widget elementor-widget-text-editor\" data-id=\"a261419\" data-element_type=\"widget\" data-e-type=\"widget\" data-widget_type=\"text-editor.default\">\n\t\t\t\t<div class=\"elementor-widget-container\">\n\t\t\t\t\t\t\t\t\t<p>Fond\u00e9 en 1992, FertiPro est un fabricant fiable et ind\u00e9pendant de diagnostics in vitro et de milieux de culture cellulaire utilis\u00e9s en technologies de procr\u00e9ation assist\u00e9e et pour le diagnostic de l&#8217;infertilit\u00e9 masculine.<\/p><p>La fabrication a lieu dans l&#8217;usine de production ultramoderne de FertiPro, enti\u00e8rement contr\u00f4l\u00e9e sur le plan environnemental, \u00e0 Beernem, en Belgique.<\/p><p><strong><a href=\"https:\/\/fertipro.com\/\" target=\"_blank\" rel=\"noopener\">Cliquez ici pour en savoir plus.<\/a><\/strong><\/p>\t\t\t\t\t\t\t\t<\/div>\n\t\t\t\t<\/div>\n\t\t\t\t\t<\/div>\n\t\t<\/div>\n\t\t\t\t<div class=\"elementor-column elementor-col-50 elementor-top-column elementor-element elementor-element-101c5c9\" data-id=\"101c5c9\" data-element_type=\"column\" data-e-type=\"column\">\n\t\t\t<div class=\"elementor-widget-wrap elementor-element-populated\">\n\t\t\t\t\t\t<div class=\"elementor-element elementor-element-c64e97b elementor-widget elementor-widget-image\" data-id=\"c64e97b\" data-element_type=\"widget\" data-e-type=\"widget\" data-widget_type=\"image.default\">\n\t\t\t\t<div class=\"elementor-widget-container\">\n\t\t\t\t\t\t\t\t\t\t\t\t\t\t\t<img fetchpriority=\"high\" decoding=\"async\" width=\"800\" height=\"533\" src=\"https:\/\/www.somagen.com\/wp-content\/uploads\/2021\/10\/shutterstock_1199257057-1920x1280.jpg\" class=\"attachment-large size-large wp-image-22267\" alt=\"\" srcset=\"https:\/\/www.somagen.com\/wp-content\/uploads\/2021\/10\/shutterstock_1199257057-1920x1280.jpg 1920w, https:\/\/www.somagen.com\/wp-content\/uploads\/2021\/10\/shutterstock_1199257057-800x534.jpg 800w, https:\/\/www.somagen.com\/wp-content\/uploads\/2021\/10\/shutterstock_1199257057-768x512.jpg 768w, https:\/\/www.somagen.com\/wp-content\/uploads\/2021\/10\/shutterstock_1199257057-1536x1025.jpg 1536w, https:\/\/www.somagen.com\/wp-content\/uploads\/2021\/10\/shutterstock_1199257057-2048x1366.jpg 2048w\" sizes=\"(max-width: 800px) 100vw, 800px\" \/>\t\t\t\t\t\t\t\t\t\t\t\t\t\t\t<\/div>\n\t\t\t\t<\/div>\n\t\t\t\t\t<\/div>\n\t\t<\/div>\n\t\t\t\t\t<\/div>\n\t\t<\/section>\n\t\t\t\t<\/div>\n\t\t","protected":false},"excerpt":{"rendered":"<p>Fond\u00e9 en 1992, FertiPro est un fabricant fiable et ind\u00e9pendant de diagnostics in vitro et de milieux de culture cellulaire utilis\u00e9s en technologies de procr\u00e9ation assist\u00e9e et pour le diagnostic [&hellip;]<\/p>\n","protected":false},"author":4,"featured_media":0,"parent":0,"menu_order":0,"comment_status":"closed","ping_status":"closed","template":"","meta":{"_relevanssi_hide_post":"","_relevanssi_hide_content":"","_relevanssi_pin_for_all":"","_relevanssi_pin_keywords":"","_relevanssi_unpin_keywords":"","_relevanssi_related_keywords":"","_relevanssi_related_include_ids":"","_relevanssi_related_exclude_ids":"","_relevanssi_related_no_append":"","_relevanssi_related_not_related":"","_relevanssi_related_posts":"","_relevanssi_noindex_reason":"","footnotes":""},"class_list":["post-31948","page","type-page","status-publish","hentry"],"_links":{"self":[{"href":"https:\/\/www.somagen.com\/fr\/wp-json\/wp\/v2\/pages\/31948","targetHints":{"allow":["GET"]}}],"collection":[{"href":"https:\/\/www.somagen.com\/fr\/wp-json\/wp\/v2\/pages"}],"about":[{"href":"https:\/\/www.somagen.com\/fr\/wp-json\/wp\/v2\/types\/page"}],"author":[{"embeddable":true,"href":"https:\/\/www.somagen.com\/fr\/wp-json\/wp\/v2\/users\/4"}],"replies":[{"embeddable":true,"href":"https:\/\/www.somagen.com\/fr\/wp-json\/wp\/v2\/comments?post=31948"}],"version-history":[{"count":0,"href":"https:\/\/www.somagen.com\/fr\/wp-json\/wp\/v2\/pages\/31948\/revisions"}],"wp:attachment":[{"href":"https:\/\/www.somagen.com\/fr\/wp-json\/wp\/v2\/media?parent=31948"}],"curies":[{"name":"wp","href":"https:\/\/api.w.org\/{rel}","templated":true}]}}