{"id":31968,"date":"2022-07-04T12:53:21","date_gmt":"2022-07-04T18:53:21","guid":{"rendered":"https:\/\/somagen.com\/leja\/"},"modified":"2022-08-12T11:23:12","modified_gmt":"2022-08-12T17:23:12","slug":"leja","status":"publish","type":"page","link":"https:\/\/www.somagen.com\/fr\/leja\/","title":{"rendered":"Leja"},"content":{"rendered":"\t\t<div data-elementor-type=\"wp-page\" data-elementor-id=\"31968\" class=\"elementor elementor-31968 elementor-25325\" data-elementor-post-type=\"page\">\n\t\t\t\t\t\t<section class=\"elementor-section elementor-top-section elementor-element elementor-element-954441c elementor-section-boxed elementor-section-height-default elementor-section-height-default elementor-invisible\" data-id=\"954441c\" data-element_type=\"section\" data-e-type=\"section\" data-settings=\"{&quot;animation&quot;:&quot;fadeInUp&quot;}\">\n\t\t\t\t\t\t<div class=\"elementor-container elementor-column-gap-default\">\n\t\t\t\t\t<div class=\"elementor-column elementor-col-50 elementor-top-column elementor-element elementor-element-ff8f0c0\" data-id=\"ff8f0c0\" data-element_type=\"column\" data-e-type=\"column\">\n\t\t\t<div class=\"elementor-widget-wrap elementor-element-populated\">\n\t\t\t\t\t\t<div class=\"elementor-element elementor-element-68c8ff5 elementor-widget elementor-widget-image\" data-id=\"68c8ff5\" data-element_type=\"widget\" data-e-type=\"widget\" data-widget_type=\"image.default\">\n\t\t\t\t<div class=\"elementor-widget-container\">\n\t\t\t\t\t\t\t\t\t\t\t\t\t\t\t<img decoding=\"async\" width=\"150\" height=\"150\" src=\"https:\/\/www.somagen.com\/wp-content\/uploads\/2022\/06\/Leja-Logo2.png\" class=\"attachment-large size-large wp-image-30268\" alt=\"\" \/>\t\t\t\t\t\t\t\t\t\t\t\t\t\t\t<\/div>\n\t\t\t\t<\/div>\n\t\t\t\t<div class=\"elementor-element elementor-element-a261419 elementor-widget elementor-widget-text-editor\" data-id=\"a261419\" data-element_type=\"widget\" data-e-type=\"widget\" data-widget_type=\"text-editor.default\">\n\t\t\t\t<div class=\"elementor-widget-container\">\n\t\t\t\t\t\t\t\t\t<p>Leja Products B.V. est une soci\u00e9t\u00e9 n\u00e9erlandaise qui a invent\u00e9 le concept industriel pour la production de chambres de comptage de haute pr\u00e9cision. Depuis, Leja a raffin\u00e9 son processus de fabrication, ce qui a permis d&#8217;obtenir des chambres de comptage hyper pr\u00e9cises avec une variabilit\u00e9 de profondeur minimale entre les lots. Les normes de fabrication robustes ont fait de Leja l&#8217;une des seules chambres de comptage recommand\u00e9es pour une utilisation avec l&#8217;analyse du sperme assist\u00e9e par ordinateur. Tous les produits Leja sont fabriqu\u00e9s aux Pays-Bas dans des conditions de salle blanche \u00e0 partir de mat\u00e9riaux et d&#8217;ingr\u00e9dients de la plus haute qualit\u00e9.<\/p><p>Leja Products B.V. fait partie du groupe IMV Technologies : un groupe mondial de soci\u00e9t\u00e9s sp\u00e9cialis\u00e9es dans les biotechnologies de reproduction v\u00e9t\u00e9rinaire et m\u00e9dicale et dans l&#8217;imagerie v\u00e9t\u00e9rinaire.<\/p><p><strong><a href=\"https:\/\/leja.nl\/\" target=\"_blank\" rel=\"noopener\">Cliquez ici pour en savoir plus.<\/a><\/strong><\/p>\t\t\t\t\t\t\t\t<\/div>\n\t\t\t\t<\/div>\n\t\t\t\t\t<\/div>\n\t\t<\/div>\n\t\t\t\t<div class=\"elementor-column elementor-col-50 elementor-top-column elementor-element elementor-element-101c5c9\" data-id=\"101c5c9\" data-element_type=\"column\" data-e-type=\"column\">\n\t\t\t<div class=\"elementor-widget-wrap elementor-element-populated\">\n\t\t\t\t\t\t<div class=\"elementor-element elementor-element-c64e97b elementor-widget elementor-widget-image\" data-id=\"c64e97b\" data-element_type=\"widget\" data-e-type=\"widget\" data-widget_type=\"image.default\">\n\t\t\t\t<div class=\"elementor-widget-container\">\n\t\t\t\t\t\t\t\t\t\t\t\t\t\t\t<img fetchpriority=\"high\" decoding=\"async\" width=\"773\" height=\"600\" src=\"https:\/\/www.somagen.com\/wp-content\/uploads\/2022\/04\/iStock-481463882-copy-2-773x600.jpg\" class=\"attachment-medium size-medium wp-image-25342\" alt=\"\" srcset=\"https:\/\/www.somagen.com\/wp-content\/uploads\/2022\/04\/iStock-481463882-copy-2-773x600.jpg 773w, https:\/\/www.somagen.com\/wp-content\/uploads\/2022\/04\/iStock-481463882-copy-2-1649x1280.jpg 1649w, https:\/\/www.somagen.com\/wp-content\/uploads\/2022\/04\/iStock-481463882-copy-2-768x596.jpg 768w, https:\/\/www.somagen.com\/wp-content\/uploads\/2022\/04\/iStock-481463882-copy-2-1536x1192.jpg 1536w, https:\/\/www.somagen.com\/wp-content\/uploads\/2022\/04\/iStock-481463882-copy-2-2048x1590.jpg 2048w\" sizes=\"(max-width: 773px) 100vw, 773px\" \/>\t\t\t\t\t\t\t\t\t\t\t\t\t\t\t<\/div>\n\t\t\t\t<\/div>\n\t\t\t\t\t<\/div>\n\t\t<\/div>\n\t\t\t\t\t<\/div>\n\t\t<\/section>\n\t\t\t\t<\/div>\n\t\t","protected":false},"excerpt":{"rendered":"<p>Leja Products B.V. est une soci\u00e9t\u00e9 n\u00e9erlandaise qui a invent\u00e9 le concept industriel pour la production de chambres de comptage de haute pr\u00e9cision. Depuis, Leja a raffin\u00e9 son processus de [&hellip;]<\/p>\n","protected":false},"author":4,"featured_media":0,"parent":0,"menu_order":0,"comment_status":"closed","ping_status":"closed","template":"","meta":{"_relevanssi_hide_post":"","_relevanssi_hide_content":"","_relevanssi_pin_for_all":"","_relevanssi_pin_keywords":"","_relevanssi_unpin_keywords":"","_relevanssi_related_keywords":"","_relevanssi_related_include_ids":"","_relevanssi_related_exclude_ids":"","_relevanssi_related_no_append":"","_relevanssi_related_not_related":"","_relevanssi_related_posts":"","_relevanssi_noindex_reason":"","footnotes":""},"class_list":["post-31968","page","type-page","status-publish","hentry"],"_links":{"self":[{"href":"https:\/\/www.somagen.com\/fr\/wp-json\/wp\/v2\/pages\/31968","targetHints":{"allow":["GET"]}}],"collection":[{"href":"https:\/\/www.somagen.com\/fr\/wp-json\/wp\/v2\/pages"}],"about":[{"href":"https:\/\/www.somagen.com\/fr\/wp-json\/wp\/v2\/types\/page"}],"author":[{"embeddable":true,"href":"https:\/\/www.somagen.com\/fr\/wp-json\/wp\/v2\/users\/4"}],"replies":[{"embeddable":true,"href":"https:\/\/www.somagen.com\/fr\/wp-json\/wp\/v2\/comments?post=31968"}],"version-history":[{"count":0,"href":"https:\/\/www.somagen.com\/fr\/wp-json\/wp\/v2\/pages\/31968\/revisions"}],"wp:attachment":[{"href":"https:\/\/www.somagen.com\/fr\/wp-json\/wp\/v2\/media?parent=31968"}],"curies":[{"name":"wp","href":"https:\/\/api.w.org\/{rel}","templated":true}]}}