{"id":31986,"date":"2022-07-04T13:03:18","date_gmt":"2022-07-04T19:03:18","guid":{"rendered":"https:\/\/somagen.com\/medgyn\/"},"modified":"2022-08-25T10:13:33","modified_gmt":"2022-08-25T16:13:33","slug":"medgyn","status":"publish","type":"page","link":"https:\/\/www.somagen.com\/fr\/medgyn\/","title":{"rendered":"MedGyn"},"content":{"rendered":"\t\t<div data-elementor-type=\"wp-page\" data-elementor-id=\"31986\" class=\"elementor elementor-31986 elementor-25351\" data-elementor-post-type=\"page\">\n\t\t\t\t\t\t<section class=\"elementor-section elementor-top-section elementor-element elementor-element-954441c elementor-section-boxed elementor-section-height-default elementor-section-height-default elementor-invisible\" data-id=\"954441c\" data-element_type=\"section\" data-e-type=\"section\" data-settings=\"{&quot;animation&quot;:&quot;fadeInUp&quot;}\">\n\t\t\t\t\t\t<div class=\"elementor-container elementor-column-gap-default\">\n\t\t\t\t\t<div class=\"elementor-column elementor-col-50 elementor-top-column elementor-element elementor-element-ff8f0c0\" data-id=\"ff8f0c0\" data-element_type=\"column\" data-e-type=\"column\">\n\t\t\t<div class=\"elementor-widget-wrap elementor-element-populated\">\n\t\t\t\t\t\t<div class=\"elementor-element elementor-element-77a9c3f elementor-widget elementor-widget-image\" data-id=\"77a9c3f\" data-element_type=\"widget\" data-e-type=\"widget\" data-widget_type=\"image.default\">\n\t\t\t\t<div class=\"elementor-widget-container\">\n\t\t\t\t\t\t\t\t\t\t\t\t\t\t\t<img fetchpriority=\"high\" decoding=\"async\" width=\"800\" height=\"261\" src=\"https:\/\/www.somagen.com\/wp-content\/uploads\/2022\/08\/logo-800x261.png\" class=\"attachment-medium size-medium wp-image-36479\" alt=\"\" srcset=\"https:\/\/www.somagen.com\/wp-content\/uploads\/2022\/08\/logo-800x261.png 800w, https:\/\/www.somagen.com\/wp-content\/uploads\/2022\/08\/logo-768x251.png 768w, https:\/\/www.somagen.com\/wp-content\/uploads\/2022\/08\/logo.png 1500w\" sizes=\"(max-width: 800px) 100vw, 800px\" \/>\t\t\t\t\t\t\t\t\t\t\t\t\t\t\t<\/div>\n\t\t\t\t<\/div>\n\t\t\t\t<div class=\"elementor-element elementor-element-a261419 elementor-widget elementor-widget-text-editor\" data-id=\"a261419\" data-element_type=\"widget\" data-e-type=\"widget\" data-widget_type=\"text-editor.default\">\n\t\t\t\t<div class=\"elementor-widget-container\">\n\t\t\t\t\t\t\t\t\t<p>MedGyn con\u00e7oit, fabrique et distribue des dispositifs m\u00e9dicaux pour la sant\u00e9 des femmes.<\/p><p>Sa vaste gamme de produits comprend des instruments jetables st\u00e9riles, des instruments en acier inoxydable et en titane et des \u00e9quipements de haute qualit\u00e9 pour les professionnels en obst\u00e9trique\/gyn\u00e9cologie du monde entier.<\/p><p>En tant que fournisseur de confiance de produits innovants depuis pr\u00e8s de cinq d\u00e9cennies, MedGyn continue d&#8217;\u00eatre le fournisseur pr\u00e9f\u00e9r\u00e9 des professionnels de la sant\u00e9.<\/p><p>\u00a0<\/p>\t\t\t\t\t\t\t\t<\/div>\n\t\t\t\t<\/div>\n\t\t\t\t<div class=\"elementor-element elementor-element-36cb78b elementor-widget elementor-widget-button\" data-id=\"36cb78b\" data-element_type=\"widget\" data-e-type=\"widget\" data-widget_type=\"button.default\">\n\t\t\t\t<div class=\"elementor-widget-container\">\n\t\t\t\t\t\t\t\t\t<div class=\"elementor-button-wrapper\">\n\t\t\t\t\t<a class=\"elementor-button elementor-button-link elementor-size-sm\" href=\"https:\/\/somagen.com\/wp-content\/uploads\/2021\/10\/MedGyn-IUI-NEW.pdf\" target=\"_blank\" rel=\"noopener\">\n\t\t\t\t\t\t<span class=\"elementor-button-content-wrapper\">\n\t\t\t\t\t\t\t\t\t<span class=\"elementor-button-text\">IUI brochure<\/span>\n\t\t\t\t\t<\/span>\n\t\t\t\t\t<\/a>\n\t\t\t\t<\/div>\n\t\t\t\t\t\t\t\t<\/div>\n\t\t\t\t<\/div>\n\t\t\t\t\t<\/div>\n\t\t<\/div>\n\t\t\t\t<div class=\"elementor-column elementor-col-50 elementor-top-column elementor-element elementor-element-101c5c9\" data-id=\"101c5c9\" data-element_type=\"column\" data-e-type=\"column\">\n\t\t\t<div class=\"elementor-widget-wrap elementor-element-populated\">\n\t\t\t\t\t\t<div class=\"elementor-element elementor-element-c64e97b elementor-widget elementor-widget-image\" data-id=\"c64e97b\" data-element_type=\"widget\" data-e-type=\"widget\" data-widget_type=\"image.default\">\n\t\t\t\t<div class=\"elementor-widget-container\">\n\t\t\t\t\t\t\t\t\t\t\t\t\t\t\t<img decoding=\"async\" width=\"800\" height=\"608\" src=\"https:\/\/www.somagen.com\/wp-content\/uploads\/2022\/04\/AdobeStock_366741001-scaled-e1656961846461-1685x1280.jpeg\" class=\"attachment-large size-large wp-image-25368\" alt=\"\" srcset=\"https:\/\/www.somagen.com\/wp-content\/uploads\/2022\/04\/AdobeStock_366741001-scaled-e1656961846461-1685x1280.jpeg 1685w, https:\/\/www.somagen.com\/wp-content\/uploads\/2022\/04\/AdobeStock_366741001-scaled-e1656961846461-790x600.jpeg 790w, https:\/\/www.somagen.com\/wp-content\/uploads\/2022\/04\/AdobeStock_366741001-scaled-e1656961846461-768x583.jpeg 768w, https:\/\/www.somagen.com\/wp-content\/uploads\/2022\/04\/AdobeStock_366741001-scaled-e1656961846461-1536x1166.jpeg 1536w, https:\/\/www.somagen.com\/wp-content\/uploads\/2022\/04\/AdobeStock_366741001-scaled-e1656961846461.jpeg 1696w\" sizes=\"(max-width: 800px) 100vw, 800px\" \/>\t\t\t\t\t\t\t\t\t\t\t\t\t\t\t<\/div>\n\t\t\t\t<\/div>\n\t\t\t\t\t<\/div>\n\t\t<\/div>\n\t\t\t\t\t<\/div>\n\t\t<\/section>\n\t\t\t\t<\/div>\n\t\t","protected":false},"excerpt":{"rendered":"<p>MedGyn con\u00e7oit, fabrique et distribue des dispositifs m\u00e9dicaux pour la sant\u00e9 des femmes. Sa vaste gamme de produits comprend des instruments jetables st\u00e9riles, des instruments en acier inoxydable et en [&hellip;]<\/p>\n","protected":false},"author":4,"featured_media":0,"parent":0,"menu_order":0,"comment_status":"closed","ping_status":"closed","template":"","meta":{"_relevanssi_hide_post":"","_relevanssi_hide_content":"","_relevanssi_pin_for_all":"","_relevanssi_pin_keywords":"","_relevanssi_unpin_keywords":"","_relevanssi_related_keywords":"","_relevanssi_related_include_ids":"","_relevanssi_related_exclude_ids":"","_relevanssi_related_no_append":"","_relevanssi_related_not_related":"","_relevanssi_related_posts":"","_relevanssi_noindex_reason":"","footnotes":""},"class_list":["post-31986","page","type-page","status-publish","hentry"],"_links":{"self":[{"href":"https:\/\/www.somagen.com\/fr\/wp-json\/wp\/v2\/pages\/31986","targetHints":{"allow":["GET"]}}],"collection":[{"href":"https:\/\/www.somagen.com\/fr\/wp-json\/wp\/v2\/pages"}],"about":[{"href":"https:\/\/www.somagen.com\/fr\/wp-json\/wp\/v2\/types\/page"}],"author":[{"embeddable":true,"href":"https:\/\/www.somagen.com\/fr\/wp-json\/wp\/v2\/users\/4"}],"replies":[{"embeddable":true,"href":"https:\/\/www.somagen.com\/fr\/wp-json\/wp\/v2\/comments?post=31986"}],"version-history":[{"count":4,"href":"https:\/\/www.somagen.com\/fr\/wp-json\/wp\/v2\/pages\/31986\/revisions"}],"predecessor-version":[{"id":39507,"href":"https:\/\/www.somagen.com\/fr\/wp-json\/wp\/v2\/pages\/31986\/revisions\/39507"}],"wp:attachment":[{"href":"https:\/\/www.somagen.com\/fr\/wp-json\/wp\/v2\/media?parent=31986"}],"curies":[{"name":"wp","href":"https:\/\/api.w.org\/{rel}","templated":true}]}}