{"id":31999,"date":"2022-07-04T13:20:46","date_gmt":"2022-07-04T19:20:46","guid":{"rendered":"https:\/\/somagen.com\/gold-standard\/"},"modified":"2022-09-08T09:14:40","modified_gmt":"2022-09-08T15:14:40","slug":"gold-standard","status":"publish","type":"page","link":"https:\/\/www.somagen.com\/fr\/gold-standard\/","title":{"rendered":"Gold Standard"},"content":{"rendered":"\t\t<div data-elementor-type=\"wp-page\" data-elementor-id=\"31999\" class=\"elementor elementor-31999 elementor-25901\" data-elementor-post-type=\"page\">\n\t\t\t\t\t\t<section class=\"elementor-section elementor-top-section elementor-element elementor-element-988bf15 elementor-section-boxed elementor-section-height-default elementor-section-height-default elementor-invisible\" data-id=\"988bf15\" data-element_type=\"section\" data-e-type=\"section\" data-settings=\"{&quot;animation&quot;:&quot;fadeInUp&quot;,&quot;background_background&quot;:&quot;classic&quot;}\">\n\t\t\t\t\t\t<div class=\"elementor-container elementor-column-gap-default\">\n\t\t\t\t\t<div class=\"elementor-column elementor-col-50 elementor-top-column elementor-element elementor-element-e5fb643\" data-id=\"e5fb643\" data-element_type=\"column\" data-e-type=\"column\">\n\t\t\t<div class=\"elementor-widget-wrap elementor-element-populated\">\n\t\t\t\t\t\t<div class=\"elementor-element elementor-element-4250d67 elementor-widget elementor-widget-image\" data-id=\"4250d67\" data-element_type=\"widget\" data-e-type=\"widget\" data-widget_type=\"image.default\">\n\t\t\t\t<div class=\"elementor-widget-container\">\n\t\t\t\t\t\t\t\t\t\t\t\t\t\t\t<img decoding=\"async\" src=\"https:\/\/www.somagen.com\/wp-content\/uploads\/elementor\/thumbs\/Gold-Standard-Logo-pstjam6obwux7nv9x67boj90ijf654klztq4l0ltfo.png\" title=\"Gold Standard Logo\" alt=\"Gold Standard Logo\" loading=\"lazy\" \/>\t\t\t\t\t\t\t\t\t\t\t\t\t\t\t<\/div>\n\t\t\t\t<\/div>\n\t\t\t\t<div class=\"elementor-element elementor-element-5d59f93 elementor-widget elementor-widget-text-editor\" data-id=\"5d59f93\" data-element_type=\"widget\" data-e-type=\"widget\" data-widget_type=\"text-editor.default\">\n\t\t\t\t<div class=\"elementor-widget-container\">\n\t\t\t\t\t\t\t\t\t<p><strong>Gold Standard Diagnostics<\/strong><\/p><p>Gold Standard Diagnostics fournit des solutions diagnostiques compl\u00e8tes qui am\u00e9liorent l&#8217;efficacit\u00e9 du laboratoire et minimisent les co\u00fbts globaux. Gold Standard Diagnostics r\u00e9sout les vrais probl\u00e8mes du laboratoire gr\u00e2ce \u00e0 un ensemble d&#8217;instruments novateurs et un service client exceptionnel.<\/p>\t\t\t\t\t\t\t\t<\/div>\n\t\t\t\t<\/div>\n\t\t\t\t\t<\/div>\n\t\t<\/div>\n\t\t\t\t<div class=\"elementor-column elementor-col-50 elementor-top-column elementor-element elementor-element-916a51d\" data-id=\"916a51d\" data-element_type=\"column\" data-e-type=\"column\">\n\t\t\t<div class=\"elementor-widget-wrap elementor-element-populated\">\n\t\t\t\t\t\t<div class=\"elementor-element elementor-element-d34209d elementor-widget elementor-widget-image\" data-id=\"d34209d\" data-element_type=\"widget\" data-e-type=\"widget\" data-widget_type=\"image.default\">\n\t\t\t\t<div class=\"elementor-widget-container\">\n\t\t\t\t\t\t\t\t\t\t\t\t\t\t\t<img fetchpriority=\"high\" decoding=\"async\" width=\"800\" height=\"533\" src=\"https:\/\/www.somagen.com\/wp-content\/uploads\/2022\/05\/AdobeStock_383188412-1920x1280.jpeg\" class=\"attachment-large size-large wp-image-25919\" alt=\"\" srcset=\"https:\/\/www.somagen.com\/wp-content\/uploads\/2022\/05\/AdobeStock_383188412-1920x1280.jpeg 1920w, https:\/\/www.somagen.com\/wp-content\/uploads\/2022\/05\/AdobeStock_383188412-800x533.jpeg 800w, https:\/\/www.somagen.com\/wp-content\/uploads\/2022\/05\/AdobeStock_383188412-768x512.jpeg 768w, https:\/\/www.somagen.com\/wp-content\/uploads\/2022\/05\/AdobeStock_383188412-1536x1024.jpeg 1536w, https:\/\/www.somagen.com\/wp-content\/uploads\/2022\/05\/AdobeStock_383188412-2048x1365.jpeg 2048w\" sizes=\"(max-width: 800px) 100vw, 800px\" \/>\t\t\t\t\t\t\t\t\t\t\t\t\t\t\t<\/div>\n\t\t\t\t<\/div>\n\t\t\t\t\t<\/div>\n\t\t<\/div>\n\t\t\t\t\t<\/div>\n\t\t<\/section>\n\t\t\t\t<section class=\"elementor-section elementor-top-section elementor-element elementor-element-0c27d84 elementor-section-boxed elementor-section-height-default elementor-section-height-default elementor-invisible\" data-id=\"0c27d84\" data-element_type=\"section\" data-e-type=\"section\" data-settings=\"{&quot;background_background&quot;:&quot;classic&quot;,&quot;animation&quot;:&quot;fadeInUp&quot;}\">\n\t\t\t\t\t\t<div class=\"elementor-container elementor-column-gap-default\">\n\t\t\t\t\t<div class=\"elementor-column elementor-col-100 elementor-top-column elementor-element elementor-element-79cd370\" data-id=\"79cd370\" data-element_type=\"column\" data-e-type=\"column\">\n\t\t\t<div class=\"elementor-widget-wrap elementor-element-populated\">\n\t\t\t\t\t\t<div class=\"elementor-element elementor-element-ebc2873 elementor-invisible elementor-widget elementor-widget-text-editor\" data-id=\"ebc2873\" data-element_type=\"widget\" data-e-type=\"widget\" data-settings=\"{&quot;_animation&quot;:&quot;fadeInUp&quot;}\" data-widget_type=\"text-editor.default\">\n\t\t\t\t<div class=\"elementor-widget-container\">\n\t\t\t\t\t\t\t\t\t<strong>Produits<\/strong>\t\t\t\t\t\t\t\t<\/div>\n\t\t\t\t<\/div>\n\t\t\t\t\t<\/div>\n\t\t<\/div>\n\t\t\t\t\t<\/div>\n\t\t<\/section>\n\t\t\t\t<section class=\"elementor-section elementor-top-section elementor-element elementor-element-a51b835 elementor-section-boxed elementor-section-height-default elementor-section-height-default\" data-id=\"a51b835\" data-element_type=\"section\" data-e-type=\"section\">\n\t\t\t\t\t\t<div class=\"elementor-container elementor-column-gap-default\">\n\t\t\t\t\t<div class=\"elementor-column elementor-col-50 elementor-top-column elementor-element elementor-element-271a5de\" data-id=\"271a5de\" data-element_type=\"column\" data-e-type=\"column\">\n\t\t\t<div class=\"elementor-widget-wrap elementor-element-populated\">\n\t\t\t\t\t\t<div class=\"elementor-element elementor-element-a0f9824 elementor-widget elementor-widget-image\" data-id=\"a0f9824\" data-element_type=\"widget\" data-e-type=\"widget\" data-widget_type=\"image.default\">\n\t\t\t\t<div class=\"elementor-widget-container\">\n\t\t\t\t\t\t\t\t\t\t\t\t\t\t\t<img decoding=\"async\" width=\"800\" height=\"520\" src=\"https:\/\/www.somagen.com\/wp-content\/uploads\/2022\/06\/3-2-3-124-1-Fully-automated-system-for-Molecular-and-Western-Blot-strip-assays-800x520.jpg\" class=\"attachment-medium size-medium wp-image-28614\" alt=\"\" srcset=\"https:\/\/www.somagen.com\/wp-content\/uploads\/2022\/06\/3-2-3-124-1-Fully-automated-system-for-Molecular-and-Western-Blot-strip-assays-800x520.jpg 800w, https:\/\/www.somagen.com\/wp-content\/uploads\/2022\/06\/3-2-3-124-1-Fully-automated-system-for-Molecular-and-Western-Blot-strip-assays-768x499.jpg 768w, https:\/\/www.somagen.com\/wp-content\/uploads\/2022\/06\/3-2-3-124-1-Fully-automated-system-for-Molecular-and-Western-Blot-strip-assays.jpg 1000w\" sizes=\"(max-width: 800px) 100vw, 800px\" \/>\t\t\t\t\t\t\t\t\t\t\t\t\t\t\t<\/div>\n\t\t\t\t<\/div>\n\t\t\t\t\t<\/div>\n\t\t<\/div>\n\t\t\t\t<div class=\"elementor-column elementor-col-50 elementor-top-column elementor-element elementor-element-364c8c6\" data-id=\"364c8c6\" data-element_type=\"column\" data-e-type=\"column\">\n\t\t\t<div class=\"elementor-widget-wrap elementor-element-populated\">\n\t\t\t\t\t\t<div class=\"elementor-element elementor-element-5293fe0 elementor-widget elementor-widget-text-editor\" data-id=\"5293fe0\" data-element_type=\"widget\" data-e-type=\"widget\" data-widget_type=\"text-editor.default\">\n\t\t\t\t<div class=\"elementor-widget-container\">\n\t\t\t\t\t\t\t\t\t<p><strong>Solutions totales au test de la maladie de Lyme<\/strong><\/p><p>Gold Standard Diagnostics est la seule entreprise qui offre des kits r\u00e9pondant aux exigences du test de la maladie de Lyme pour les deux algorithmes de tests Standard et Modifi\u00e9 \u00e0 deux niveaux. Ses quatre kits EIA (essai immunoenzymatique) et ses deux kits immunoblot permettent une flexibilit\u00e9 pour votre laboratoire et peuvent \u00eatre enti\u00e8rement automatis\u00e9s sur des plateformes d\u2019analyses ouvertes.<\/p>\t\t\t\t\t\t\t\t<\/div>\n\t\t\t\t<\/div>\n\t\t\t\t<div class=\"elementor-element elementor-element-7d90504 elementor-mobile-align-center elementor-widget elementor-widget-button\" data-id=\"7d90504\" data-element_type=\"widget\" data-e-type=\"widget\" data-widget_type=\"button.default\">\n\t\t\t\t<div class=\"elementor-widget-container\">\n\t\t\t\t\t\t\t\t\t<div class=\"elementor-button-wrapper\">\n\t\t\t\t\t<a class=\"elementor-button elementor-button-link elementor-size-sm\" href=\"https:\/\/www.gsdx.us\/total-lyme-testing\" target=\"_blank\" rel=\"noopener\">\n\t\t\t\t\t\t<span class=\"elementor-button-content-wrapper\">\n\t\t\t\t\t\t\t\t\t<span class=\"elementor-button-text\">APPRENEZ-EN PLUS<\/span>\n\t\t\t\t\t<\/span>\n\t\t\t\t\t<\/a>\n\t\t\t\t<\/div>\n\t\t\t\t\t\t\t\t<\/div>\n\t\t\t\t<\/div>\n\t\t\t\t\t<\/div>\n\t\t<\/div>\n\t\t\t\t\t<\/div>\n\t\t<\/section>\n\t\t\t\t<section class=\"elementor-section elementor-top-section elementor-element elementor-element-dcb3b71 elementor-section-boxed elementor-section-height-default elementor-section-height-default\" data-id=\"dcb3b71\" data-element_type=\"section\" data-e-type=\"section\">\n\t\t\t\t\t\t<div class=\"elementor-container elementor-column-gap-default\">\n\t\t\t\t\t<div class=\"elementor-column elementor-col-50 elementor-top-column elementor-element elementor-element-88f927c\" data-id=\"88f927c\" data-element_type=\"column\" data-e-type=\"column\">\n\t\t\t<div class=\"elementor-widget-wrap elementor-element-populated\">\n\t\t\t\t\t\t<div class=\"elementor-element elementor-element-ff222e1 elementor-widget elementor-widget-image\" data-id=\"ff222e1\" data-element_type=\"widget\" data-e-type=\"widget\" data-widget_type=\"image.default\">\n\t\t\t\t<div class=\"elementor-widget-container\">\n\t\t\t\t\t\t\t\t\t\t\t\t\t\t\t<img decoding=\"async\" src=\"https:\/\/www.somagen.com\/wp-content\/uploads\/elementor\/thumbs\/A91jco2g3_1ajurxn_4r8-copy-poa49wkl1xh2fwv9gajsr7ucp14n2eoboxddzd2u9k.png\" title=\"A91jco2g3_1ajurxn_4r8-copy\" alt=\"A91jco2g3_1ajurxn_4r8-copy\" loading=\"lazy\" \/>\t\t\t\t\t\t\t\t\t\t\t\t\t\t\t<\/div>\n\t\t\t\t<\/div>\n\t\t\t\t\t<\/div>\n\t\t<\/div>\n\t\t\t\t<div class=\"elementor-column elementor-col-50 elementor-top-column elementor-element elementor-element-d3bf269\" data-id=\"d3bf269\" data-element_type=\"column\" data-e-type=\"column\">\n\t\t\t<div class=\"elementor-widget-wrap elementor-element-populated\">\n\t\t\t\t\t\t<div class=\"elementor-element elementor-element-60b6e00 elementor-widget elementor-widget-text-editor\" data-id=\"60b6e00\" data-element_type=\"widget\" data-e-type=\"widget\" data-widget_type=\"text-editor.default\">\n\t\t\t\t<div class=\"elementor-widget-container\">\n\t\t\t\t\t\t\t\t\t<p><strong>Test RPR automatis\u00e9<\/strong><\/p><p>L&#8217;AIX1000 est le premier syst\u00e8me enti\u00e8rement automatis\u00e9 pour le test RPR Syphilis non tr\u00e9pon\u00e9mique. L&#8217;AIX automatise le traitement, l&#8217;analyse, le rapport et l&#8217;archivage des r\u00e9sultats pour les d\u00e9pistages RPR et les titrages.<\/p>\t\t\t\t\t\t\t\t<\/div>\n\t\t\t\t<\/div>\n\t\t\t\t<div class=\"elementor-element elementor-element-ea921e3 elementor-mobile-align-center elementor-widget elementor-widget-button\" data-id=\"ea921e3\" data-element_type=\"widget\" data-e-type=\"widget\" data-widget_type=\"button.default\">\n\t\t\t\t<div class=\"elementor-widget-container\">\n\t\t\t\t\t\t\t\t\t<div class=\"elementor-button-wrapper\">\n\t\t\t\t\t<a class=\"elementor-button elementor-button-link elementor-size-sm\" href=\"https:\/\/www.gsdx.us\/aix-1000\" target=\"_blank\" rel=\"noopener\">\n\t\t\t\t\t\t<span class=\"elementor-button-content-wrapper\">\n\t\t\t\t\t\t\t\t\t<span class=\"elementor-button-text\">APPRENEZ-EN PLUS<\/span>\n\t\t\t\t\t<\/span>\n\t\t\t\t\t<\/a>\n\t\t\t\t<\/div>\n\t\t\t\t\t\t\t\t<\/div>\n\t\t\t\t<\/div>\n\t\t\t\t\t<\/div>\n\t\t<\/div>\n\t\t\t\t\t<\/div>\n\t\t<\/section>\n\t\t\t\t<section class=\"elementor-section elementor-top-section elementor-element elementor-element-428dba0 elementor-section-boxed elementor-section-height-default elementor-section-height-default\" data-id=\"428dba0\" data-element_type=\"section\" data-e-type=\"section\">\n\t\t\t\t\t\t<div class=\"elementor-container elementor-column-gap-default\">\n\t\t\t\t\t<div class=\"elementor-column elementor-col-50 elementor-top-column elementor-element elementor-element-c1978be\" data-id=\"c1978be\" data-element_type=\"column\" data-e-type=\"column\">\n\t\t\t<div class=\"elementor-widget-wrap elementor-element-populated\">\n\t\t\t\t\t\t<div class=\"elementor-element elementor-element-eacbf3e elementor-widget elementor-widget-image\" data-id=\"eacbf3e\" data-element_type=\"widget\" data-e-type=\"widget\" data-widget_type=\"image.default\">\n\t\t\t\t<div class=\"elementor-widget-container\">\n\t\t\t\t\t\t\t\t\t\t\t\t\t\t\t<img decoding=\"async\" src=\"https:\/\/www.somagen.com\/wp-content\/uploads\/elementor\/thumbs\/Thunderbolt-Transparent-ppcnhx1purl56u7numziuj27gn5rt42e51jhs4iugo.png\" title=\"Thunderbolt-Transparent\" alt=\"Thunderbolt-Transparent\" loading=\"lazy\" \/>\t\t\t\t\t\t\t\t\t\t\t\t\t\t\t<\/div>\n\t\t\t\t<\/div>\n\t\t\t\t\t<\/div>\n\t\t<\/div>\n\t\t\t\t<div class=\"elementor-column elementor-col-50 elementor-top-column elementor-element elementor-element-7ce6e53\" data-id=\"7ce6e53\" data-element_type=\"column\" data-e-type=\"column\">\n\t\t\t<div class=\"elementor-widget-wrap elementor-element-populated\">\n\t\t\t\t\t\t<div class=\"elementor-element elementor-element-6952d09 elementor-widget elementor-widget-text-editor\" data-id=\"6952d09\" data-element_type=\"widget\" data-e-type=\"widget\" data-widget_type=\"text-editor.default\">\n\t\t\t\t<div class=\"elementor-widget-container\">\n\t\t\t\t\t\t\t\t\t<p><strong>Instruments \u00e0 plateforme ouverte<\/strong><\/p><p>Les analyseurs innovants \u00e0 1 et 2 plaques de Gold Standard Diagnostics ; Bolt et Thunderbolt sont des plateformes ouvertes enti\u00e8rement automatis\u00e9es qui peuvent ex\u00e9cuter des tests ELISA et de Chimiluminescence (CLIA). Ces instruments autonomes ont \u00e9t\u00e9 con\u00e7us pour simplifier votre exp\u00e9rience de laboratoire, augmenter votre productivit\u00e9 et r\u00e9duire les pertes.<\/p>\t\t\t\t\t\t\t\t<\/div>\n\t\t\t\t<\/div>\n\t\t\t\t<div class=\"elementor-element elementor-element-d0ad062 elementor-mobile-align-center elementor-widget elementor-widget-button\" data-id=\"d0ad062\" data-element_type=\"widget\" data-e-type=\"widget\" data-widget_type=\"button.default\">\n\t\t\t\t<div class=\"elementor-widget-container\">\n\t\t\t\t\t\t\t\t\t<div class=\"elementor-button-wrapper\">\n\t\t\t\t\t<a class=\"elementor-button elementor-button-link elementor-size-sm\" href=\"https:\/\/www.gsdx.us\/instruments\" target=\"_blank\" rel=\"noopener\">\n\t\t\t\t\t\t<span class=\"elementor-button-content-wrapper\">\n\t\t\t\t\t\t\t\t\t<span class=\"elementor-button-text\">APPRENEZ-EN PLUS<\/span>\n\t\t\t\t\t<\/span>\n\t\t\t\t\t<\/a>\n\t\t\t\t<\/div>\n\t\t\t\t\t\t\t\t<\/div>\n\t\t\t\t<\/div>\n\t\t\t\t\t<\/div>\n\t\t<\/div>\n\t\t\t\t\t<\/div>\n\t\t<\/section>\n\t\t\t\t<\/div>\n\t\t","protected":false},"excerpt":{"rendered":"<p>Gold Standard Diagnostics Gold Standard Diagnostics fournit des solutions diagnostiques compl\u00e8tes qui am\u00e9liorent l&#8217;efficacit\u00e9 du laboratoire et minimisent les co\u00fbts globaux. Gold Standard Diagnostics r\u00e9sout les vrais probl\u00e8mes du laboratoire [&hellip;]<\/p>\n","protected":false},"author":4,"featured_media":0,"parent":0,"menu_order":0,"comment_status":"closed","ping_status":"closed","template":"","meta":{"_relevanssi_hide_post":"","_relevanssi_hide_content":"","_relevanssi_pin_for_all":"","_relevanssi_pin_keywords":"","_relevanssi_unpin_keywords":"","_relevanssi_related_keywords":"","_relevanssi_related_include_ids":"","_relevanssi_related_exclude_ids":"","_relevanssi_related_no_append":"","_relevanssi_related_not_related":"","_relevanssi_related_posts":"","_relevanssi_noindex_reason":"","footnotes":""},"class_list":["post-31999","page","type-page","status-publish","hentry"],"_links":{"self":[{"href":"https:\/\/www.somagen.com\/fr\/wp-json\/wp\/v2\/pages\/31999","targetHints":{"allow":["GET"]}}],"collection":[{"href":"https:\/\/www.somagen.com\/fr\/wp-json\/wp\/v2\/pages"}],"about":[{"href":"https:\/\/www.somagen.com\/fr\/wp-json\/wp\/v2\/types\/page"}],"author":[{"embeddable":true,"href":"https:\/\/www.somagen.com\/fr\/wp-json\/wp\/v2\/users\/4"}],"replies":[{"embeddable":true,"href":"https:\/\/www.somagen.com\/fr\/wp-json\/wp\/v2\/comments?post=31999"}],"version-history":[{"count":16,"href":"https:\/\/www.somagen.com\/fr\/wp-json\/wp\/v2\/pages\/31999\/revisions"}],"predecessor-version":[{"id":39752,"href":"https:\/\/www.somagen.com\/fr\/wp-json\/wp\/v2\/pages\/31999\/revisions\/39752"}],"wp:attachment":[{"href":"https:\/\/www.somagen.com\/fr\/wp-json\/wp\/v2\/media?parent=31999"}],"curies":[{"name":"wp","href":"https:\/\/api.w.org\/{rel}","templated":true}]}}