{"id":32319,"date":"2022-07-11T08:45:59","date_gmt":"2022-07-11T14:45:59","guid":{"rendered":"https:\/\/somagen.com\/accugenomics\/"},"modified":"2025-06-04T08:47:57","modified_gmt":"2025-06-04T14:47:57","slug":"certest","status":"publish","type":"page","link":"https:\/\/www.somagen.com\/fr\/certest\/","title":{"rendered":"Certest"},"content":{"rendered":"\t\t<div data-elementor-type=\"wp-page\" data-elementor-id=\"32319\" class=\"elementor elementor-32319 elementor-25574\" data-elementor-post-type=\"page\">\n\t\t\t\t\t\t<section class=\"elementor-section elementor-top-section elementor-element elementor-element-92674a6 elementor-section-boxed elementor-section-height-default elementor-section-height-default\" data-id=\"92674a6\" data-element_type=\"section\" data-e-type=\"section\">\n\t\t\t\t\t\t<div class=\"elementor-container elementor-column-gap-default\">\n\t\t\t\t\t<div class=\"elementor-column elementor-col-100 elementor-top-column elementor-element elementor-element-60ad517\" data-id=\"60ad517\" data-element_type=\"column\" data-e-type=\"column\">\n\t\t\t<div class=\"elementor-widget-wrap elementor-element-populated\">\n\t\t\t\t\t\t<div class=\"elementor-element elementor-element-f80e37f elementor-widget elementor-widget-image\" data-id=\"f80e37f\" data-element_type=\"widget\" data-e-type=\"widget\" data-widget_type=\"image.default\">\n\t\t\t\t<div class=\"elementor-widget-container\">\n\t\t\t\t\t\t\t\t\t\t\t\t\t\t\t<img fetchpriority=\"high\" decoding=\"async\" width=\"800\" height=\"254\" src=\"https:\/\/www.somagen.com\/wp-content\/uploads\/2025\/06\/Banner-FR.jpg\" class=\"attachment-large size-large wp-image-43647\" alt=\"\" srcset=\"https:\/\/www.somagen.com\/wp-content\/uploads\/2025\/06\/Banner-FR.jpg 1637w, https:\/\/www.somagen.com\/wp-content\/uploads\/2025\/06\/Banner-FR-800x254.jpg 800w, https:\/\/www.somagen.com\/wp-content\/uploads\/2025\/06\/Banner-FR-768x243.jpg 768w, https:\/\/www.somagen.com\/wp-content\/uploads\/2025\/06\/Banner-FR-1536x487.jpg 1536w\" sizes=\"(max-width: 800px) 100vw, 800px\" \/>\t\t\t\t\t\t\t\t\t\t\t\t\t\t\t<\/div>\n\t\t\t\t<\/div>\n\t\t\t\t\t<\/div>\n\t\t<\/div>\n\t\t\t\t\t<\/div>\n\t\t<\/section>\n\t\t\t\t<section class=\"elementor-section elementor-top-section elementor-element elementor-element-22b2ea5 elementor-section-boxed elementor-section-height-default elementor-section-height-default elementor-invisible\" data-id=\"22b2ea5\" data-element_type=\"section\" data-e-type=\"section\" data-settings=\"{&quot;motion_fx_motion_fx_scrolling&quot;:&quot;yes&quot;,&quot;animation&quot;:&quot;fadeInUp&quot;,&quot;motion_fx_devices&quot;:[&quot;desktop&quot;,&quot;tablet&quot;,&quot;mobile&quot;]}\">\n\t\t\t\t\t\t<div class=\"elementor-container elementor-column-gap-default\">\n\t\t\t\t\t<div class=\"elementor-column elementor-col-50 elementor-top-column elementor-element elementor-element-e55241e\" data-id=\"e55241e\" data-element_type=\"column\" data-e-type=\"column\">\n\t\t\t<div class=\"elementor-widget-wrap elementor-element-populated\">\n\t\t\t\t\t\t<div class=\"elementor-element elementor-element-b90e058 elementor-widget__width-initial elementor-widget elementor-widget-text-editor\" data-id=\"b90e058\" data-element_type=\"widget\" data-e-type=\"widget\" data-widget_type=\"text-editor.default\">\n\t\t\t\t<div class=\"elementor-widget-container\">\n\t\t\t\t\t\t\t\t\t<p><strong>Viasure de Certest<\/strong> est une division sp\u00e9cialis\u00e9e en biologie mol\u00e9culaire.<\/p>\n<p>Viasure propose un large \u00e9ventail de produits tels que des kits d\u2019extraction, des kits et syst\u00e8mes de d\u00e9tection RT-PCR (Reverse transcriptase PCR). Il offre \u00e9galement \u00e0 ses clients un service de haut niveau bas\u00e9 sur la qualit\u00e9, l\u2019attention et le d\u00e9tail.<\/p>\n<p>&nbsp;<\/p>\n\t\t\t\t\t\t\t\t<\/div>\n\t\t\t\t<\/div>\n\t\t\t\t\t<\/div>\n\t\t<\/div>\n\t\t\t\t<div class=\"elementor-column elementor-col-50 elementor-top-column elementor-element elementor-element-1901e5b\" data-id=\"1901e5b\" data-element_type=\"column\" data-e-type=\"column\">\n\t\t\t<div class=\"elementor-widget-wrap elementor-element-populated\">\n\t\t\t\t\t\t<div class=\"elementor-element elementor-element-cb12f5e elementor-widget__width-initial elementor-widget elementor-widget-image\" data-id=\"cb12f5e\" data-element_type=\"widget\" data-e-type=\"widget\" data-widget_type=\"image.default\">\n\t\t\t\t<div class=\"elementor-widget-container\">\n\t\t\t\t\t\t\t\t\t\t\t\t\t\t\t<img decoding=\"async\" width=\"800\" height=\"285\" src=\"https:\/\/www.somagen.com\/wp-content\/uploads\/2025\/06\/Why-Choose-FR.jpg\" class=\"attachment-large size-large wp-image-43655\" alt=\"\" srcset=\"https:\/\/www.somagen.com\/wp-content\/uploads\/2025\/06\/Why-Choose-FR.jpg 1768w, https:\/\/www.somagen.com\/wp-content\/uploads\/2025\/06\/Why-Choose-FR-800x285.jpg 800w, https:\/\/www.somagen.com\/wp-content\/uploads\/2025\/06\/Why-Choose-FR-768x273.jpg 768w, https:\/\/www.somagen.com\/wp-content\/uploads\/2025\/06\/Why-Choose-FR-1536x546.jpg 1536w\" sizes=\"(max-width: 800px) 100vw, 800px\" \/>\t\t\t\t\t\t\t\t\t\t\t\t\t\t\t<\/div>\n\t\t\t\t<\/div>\n\t\t\t\t\t<\/div>\n\t\t<\/div>\n\t\t\t\t\t<\/div>\n\t\t<\/section>\n\t\t\t\t<section class=\"elementor-section elementor-top-section elementor-element elementor-element-d6df31b elementor-section-boxed elementor-section-height-default elementor-section-height-default elementor-invisible\" data-id=\"d6df31b\" data-element_type=\"section\" data-e-type=\"section\" data-settings=\"{&quot;motion_fx_motion_fx_scrolling&quot;:&quot;yes&quot;,&quot;animation&quot;:&quot;fadeInUp&quot;,&quot;motion_fx_devices&quot;:[&quot;desktop&quot;,&quot;tablet&quot;,&quot;mobile&quot;]}\">\n\t\t\t\t\t\t<div class=\"elementor-container elementor-column-gap-default\">\n\t\t\t\t\t<div class=\"elementor-column elementor-col-100 elementor-top-column elementor-element elementor-element-a8a2dcd\" data-id=\"a8a2dcd\" data-element_type=\"column\" data-e-type=\"column\">\n\t\t\t<div class=\"elementor-widget-wrap elementor-element-populated\">\n\t\t\t\t\t\t<div class=\"elementor-element elementor-element-4547eb5 elementor-widget elementor-widget-image\" data-id=\"4547eb5\" data-element_type=\"widget\" data-e-type=\"widget\" data-widget_type=\"image.default\">\n\t\t\t\t<div class=\"elementor-widget-container\">\n\t\t\t\t\t\t\t\t\t\t\t\t\t\t\t<img decoding=\"async\" width=\"800\" height=\"235\" src=\"https:\/\/www.somagen.com\/wp-content\/uploads\/2025\/06\/Visure-FR.jpg\" class=\"attachment-large size-large wp-image-43653\" alt=\"\" srcset=\"https:\/\/www.somagen.com\/wp-content\/uploads\/2025\/06\/Visure-FR.jpg 1556w, https:\/\/www.somagen.com\/wp-content\/uploads\/2025\/06\/Visure-FR-800x235.jpg 800w, https:\/\/www.somagen.com\/wp-content\/uploads\/2025\/06\/Visure-FR-768x226.jpg 768w, https:\/\/www.somagen.com\/wp-content\/uploads\/2025\/06\/Visure-FR-1536x452.jpg 1536w\" sizes=\"(max-width: 800px) 100vw, 800px\" \/>\t\t\t\t\t\t\t\t\t\t\t\t\t\t\t<\/div>\n\t\t\t\t<\/div>\n\t\t\t\t\t<\/div>\n\t\t<\/div>\n\t\t\t\t\t<\/div>\n\t\t<\/section>\n\t\t\t\t<section class=\"elementor-section elementor-top-section elementor-element elementor-element-ee0a631 elementor-section-boxed elementor-section-height-default elementor-section-height-default\" data-id=\"ee0a631\" data-element_type=\"section\" data-e-type=\"section\" data-settings=\"{&quot;motion_fx_motion_fx_scrolling&quot;:&quot;yes&quot;,&quot;animation&quot;:&quot;none&quot;,&quot;motion_fx_devices&quot;:[&quot;desktop&quot;,&quot;tablet&quot;,&quot;mobile&quot;]}\">\n\t\t\t\t\t\t<div class=\"elementor-container elementor-column-gap-default\">\n\t\t\t\t\t<div class=\"elementor-column elementor-col-100 elementor-top-column elementor-element elementor-element-4c02939\" data-id=\"4c02939\" data-element_type=\"column\" data-e-type=\"column\">\n\t\t\t<div class=\"elementor-widget-wrap elementor-element-populated\">\n\t\t\t\t\t\t<div class=\"elementor-element elementor-element-de9d057 elementor-widget elementor-widget-button\" data-id=\"de9d057\" data-element_type=\"widget\" data-e-type=\"widget\" data-widget_type=\"button.default\">\n\t\t\t\t<div class=\"elementor-widget-container\">\n\t\t\t\t\t\t\t\t\t<div class=\"elementor-button-wrapper\">\n\t\t\t\t\t<a class=\"elementor-button elementor-button-link elementor-size-sm\" href=\"https:\/\/www.certest.es\/viasure\/\" target=\"_blank\" rel=\"noopener\">\n\t\t\t\t\t\t<span class=\"elementor-button-content-wrapper\">\n\t\t\t\t\t\t\t\t\t<span class=\"elementor-button-text\">APPRENEZ-EN PLUS<\/span>\n\t\t\t\t\t<\/span>\n\t\t\t\t\t<\/a>\n\t\t\t\t<\/div>\n\t\t\t\t\t\t\t\t<\/div>\n\t\t\t\t<\/div>\n\t\t\t\t\t<\/div>\n\t\t<\/div>\n\t\t\t\t\t<\/div>\n\t\t<\/section>\n\t\t\t\t<section class=\"elementor-section elementor-top-section elementor-element elementor-element-a180333 elementor-section-boxed elementor-section-height-default elementor-section-height-default elementor-invisible\" data-id=\"a180333\" data-element_type=\"section\" data-e-type=\"section\" data-settings=\"{&quot;motion_fx_motion_fx_scrolling&quot;:&quot;yes&quot;,&quot;animation&quot;:&quot;fadeInUp&quot;,&quot;motion_fx_devices&quot;:[&quot;desktop&quot;,&quot;tablet&quot;,&quot;mobile&quot;]}\">\n\t\t\t\t\t\t<div class=\"elementor-container elementor-column-gap-default\">\n\t\t\t\t\t<div class=\"elementor-column elementor-col-50 elementor-top-column elementor-element elementor-element-59027ad\" data-id=\"59027ad\" data-element_type=\"column\" data-e-type=\"column\">\n\t\t\t<div class=\"elementor-widget-wrap elementor-element-populated\">\n\t\t\t\t\t\t<div class=\"elementor-element elementor-element-5805822 elementor-widget elementor-widget-image\" data-id=\"5805822\" data-element_type=\"widget\" data-e-type=\"widget\" data-widget_type=\"image.default\">\n\t\t\t\t<div class=\"elementor-widget-container\">\n\t\t\t\t\t\t\t\t\t\t\t\t\t\t\t<img loading=\"lazy\" decoding=\"async\" width=\"800\" height=\"618\" src=\"https:\/\/www.somagen.com\/wp-content\/uploads\/2025\/06\/Formats-FR.jpg\" class=\"attachment-large size-large wp-image-43649\" alt=\"\" srcset=\"https:\/\/www.somagen.com\/wp-content\/uploads\/2025\/06\/Formats-FR.jpg 1066w, https:\/\/www.somagen.com\/wp-content\/uploads\/2025\/06\/Formats-FR-776x600.jpg 776w, https:\/\/www.somagen.com\/wp-content\/uploads\/2025\/06\/Formats-FR-768x594.jpg 768w\" sizes=\"(max-width: 800px) 100vw, 800px\" \/>\t\t\t\t\t\t\t\t\t\t\t\t\t\t\t<\/div>\n\t\t\t\t<\/div>\n\t\t\t\t\t<\/div>\n\t\t<\/div>\n\t\t\t\t<div class=\"elementor-column elementor-col-50 elementor-top-column elementor-element elementor-element-dc3de68\" data-id=\"dc3de68\" data-element_type=\"column\" data-e-type=\"column\">\n\t\t\t<div class=\"elementor-widget-wrap elementor-element-populated\">\n\t\t\t\t\t\t<div class=\"elementor-element elementor-element-977d5a0 elementor-widget elementor-widget-image\" data-id=\"977d5a0\" data-element_type=\"widget\" data-e-type=\"widget\" data-widget_type=\"image.default\">\n\t\t\t\t<div class=\"elementor-widget-container\">\n\t\t\t\t\t\t\t\t\t\t\t\t\t\t\t<img loading=\"lazy\" decoding=\"async\" width=\"800\" height=\"438\" src=\"https:\/\/www.somagen.com\/wp-content\/uploads\/2025\/06\/How-FR.jpg\" class=\"attachment-large size-large wp-image-43651\" alt=\"\" srcset=\"https:\/\/www.somagen.com\/wp-content\/uploads\/2025\/06\/How-FR.jpg 1644w, https:\/\/www.somagen.com\/wp-content\/uploads\/2025\/06\/How-FR-800x438.jpg 800w, https:\/\/www.somagen.com\/wp-content\/uploads\/2025\/06\/How-FR-768x420.jpg 768w, https:\/\/www.somagen.com\/wp-content\/uploads\/2025\/06\/How-FR-1536x841.jpg 1536w\" sizes=\"(max-width: 800px) 100vw, 800px\" \/>\t\t\t\t\t\t\t\t\t\t\t\t\t\t\t<\/div>\n\t\t\t\t<\/div>\n\t\t\t\t\t<\/div>\n\t\t<\/div>\n\t\t\t\t\t<\/div>\n\t\t<\/section>\n\t\t\t\t<section class=\"elementor-section elementor-top-section elementor-element elementor-element-92c3b5a elementor-section-boxed elementor-section-height-default elementor-section-height-default elementor-invisible\" data-id=\"92c3b5a\" data-element_type=\"section\" data-e-type=\"section\" data-settings=\"{&quot;motion_fx_motion_fx_scrolling&quot;:&quot;yes&quot;,&quot;animation&quot;:&quot;fadeInUp&quot;,&quot;motion_fx_devices&quot;:[&quot;desktop&quot;,&quot;tablet&quot;,&quot;mobile&quot;]}\">\n\t\t\t\t\t\t<div class=\"elementor-container elementor-column-gap-default\">\n\t\t\t\t\t<div class=\"elementor-column elementor-col-100 elementor-top-column elementor-element elementor-element-d2f6e1f\" data-id=\"d2f6e1f\" data-element_type=\"column\" data-e-type=\"column\">\n\t\t\t<div class=\"elementor-widget-wrap elementor-element-populated\">\n\t\t\t\t\t\t<div class=\"elementor-element elementor-element-38d7173 elementor-widget elementor-widget-image\" data-id=\"38d7173\" data-element_type=\"widget\" data-e-type=\"widget\" data-widget_type=\"image.default\">\n\t\t\t\t<div class=\"elementor-widget-container\">\n\t\t\t\t\t\t\t\t\t\t\t\t\t\t\t<img loading=\"lazy\" decoding=\"async\" width=\"1844\" height=\"559\" src=\"https:\/\/www.somagen.com\/wp-content\/uploads\/2025\/06\/Workflow-FR.jpg\" class=\"attachment-full size-full wp-image-43657\" alt=\"\" srcset=\"https:\/\/www.somagen.com\/wp-content\/uploads\/2025\/06\/Workflow-FR.jpg 1844w, https:\/\/www.somagen.com\/wp-content\/uploads\/2025\/06\/Workflow-FR-800x243.jpg 800w, https:\/\/www.somagen.com\/wp-content\/uploads\/2025\/06\/Workflow-FR-768x233.jpg 768w, https:\/\/www.somagen.com\/wp-content\/uploads\/2025\/06\/Workflow-FR-1536x466.jpg 1536w\" sizes=\"(max-width: 1844px) 100vw, 1844px\" \/>\t\t\t\t\t\t\t\t\t\t\t\t\t\t\t<\/div>\n\t\t\t\t<\/div>\n\t\t\t\t\t<\/div>\n\t\t<\/div>\n\t\t\t\t\t<\/div>\n\t\t<\/section>\n\t\t\t\t<\/div>\n\t\t","protected":false},"excerpt":{"rendered":"<p>Viasure de Certest est une division sp\u00e9cialis\u00e9e en biologie mol\u00e9culaire. Viasure propose un large \u00e9ventail de produits tels que des kits d\u2019extraction, des kits et syst\u00e8mes de d\u00e9tection RT-PCR (Reverse [&hellip;]<\/p>\n","protected":false},"author":4,"featured_media":0,"parent":0,"menu_order":0,"comment_status":"closed","ping_status":"closed","template":"","meta":{"_relevanssi_hide_post":"","_relevanssi_hide_content":"","_relevanssi_pin_for_all":"","_relevanssi_pin_keywords":"","_relevanssi_unpin_keywords":"","_relevanssi_related_keywords":"","_relevanssi_related_include_ids":"","_relevanssi_related_exclude_ids":"","_relevanssi_related_no_append":"","_relevanssi_related_not_related":"","_relevanssi_related_posts":"42311,42523,31798,42309,31795,42315","_relevanssi_noindex_reason":"","footnotes":""},"class_list":["post-32319","page","type-page","status-publish","hentry"],"_links":{"self":[{"href":"https:\/\/www.somagen.com\/fr\/wp-json\/wp\/v2\/pages\/32319","targetHints":{"allow":["GET"]}}],"collection":[{"href":"https:\/\/www.somagen.com\/fr\/wp-json\/wp\/v2\/pages"}],"about":[{"href":"https:\/\/www.somagen.com\/fr\/wp-json\/wp\/v2\/types\/page"}],"author":[{"embeddable":true,"href":"https:\/\/www.somagen.com\/fr\/wp-json\/wp\/v2\/users\/4"}],"replies":[{"embeddable":true,"href":"https:\/\/www.somagen.com\/fr\/wp-json\/wp\/v2\/comments?post=32319"}],"version-history":[{"count":29,"href":"https:\/\/www.somagen.com\/fr\/wp-json\/wp\/v2\/pages\/32319\/revisions"}],"predecessor-version":[{"id":43674,"href":"https:\/\/www.somagen.com\/fr\/wp-json\/wp\/v2\/pages\/32319\/revisions\/43674"}],"wp:attachment":[{"href":"https:\/\/www.somagen.com\/fr\/wp-json\/wp\/v2\/media?parent=32319"}],"curies":[{"name":"wp","href":"https:\/\/api.w.org\/{rel}","templated":true}]}}