{"id":32342,"date":"2022-07-11T09:08:03","date_gmt":"2022-07-11T15:08:03","guid":{"rendered":"https:\/\/somagen.com\/lgc-clinical-diagnostics\/"},"modified":"2022-08-29T14:54:33","modified_gmt":"2022-08-29T20:54:33","slug":"lgc-clinical-diagnostics","status":"publish","type":"page","link":"https:\/\/www.somagen.com\/fr\/lgc-clinical-diagnostics\/","title":{"rendered":"LGC Clinical Diagnostics"},"content":{"rendered":"\t\t<div data-elementor-type=\"wp-page\" data-elementor-id=\"32342\" class=\"elementor elementor-32342 elementor-16986\" data-elementor-post-type=\"page\">\n\t\t\t\t\t\t<section class=\"elementor-section elementor-top-section elementor-element elementor-element-988bf15 elementor-section-boxed elementor-section-height-default elementor-section-height-default elementor-invisible\" data-id=\"988bf15\" data-element_type=\"section\" data-e-type=\"section\" data-settings=\"{&quot;animation&quot;:&quot;fadeInUp&quot;,&quot;background_background&quot;:&quot;classic&quot;}\">\n\t\t\t\t\t\t<div class=\"elementor-container elementor-column-gap-default\">\n\t\t\t\t\t<div class=\"elementor-column elementor-col-50 elementor-top-column elementor-element elementor-element-e5fb643\" data-id=\"e5fb643\" data-element_type=\"column\" data-e-type=\"column\">\n\t\t\t<div class=\"elementor-widget-wrap elementor-element-populated\">\n\t\t\t\t\t\t<section class=\"elementor-section elementor-inner-section elementor-element elementor-element-f10668d elementor-section-boxed elementor-section-height-default elementor-section-height-default\" data-id=\"f10668d\" data-element_type=\"section\" data-e-type=\"section\">\n\t\t\t\t\t\t<div class=\"elementor-container elementor-column-gap-default\">\n\t\t\t\t\t<div class=\"elementor-column elementor-col-100 elementor-inner-column elementor-element elementor-element-ec1e208\" data-id=\"ec1e208\" data-element_type=\"column\" data-e-type=\"column\">\n\t\t\t<div class=\"elementor-widget-wrap elementor-element-populated\">\n\t\t\t\t\t\t<div class=\"elementor-element elementor-element-ec8881e elementor-widget elementor-widget-image\" data-id=\"ec8881e\" data-element_type=\"widget\" data-e-type=\"widget\" data-widget_type=\"image.default\">\n\t\t\t\t<div class=\"elementor-widget-container\">\n\t\t\t\t\t\t\t\t\t\t\t\t\t\t\t<img fetchpriority=\"high\" decoding=\"async\" width=\"520\" height=\"150\" src=\"https:\/\/www.somagen.com\/wp-content\/uploads\/2021\/08\/seracarelogo.png\" class=\"attachment-medium_large size-medium_large wp-image-16989\" alt=\"\" \/>\t\t\t\t\t\t\t\t\t\t\t\t\t\t\t<\/div>\n\t\t\t\t<\/div>\n\t\t\t\t\t<\/div>\n\t\t<\/div>\n\t\t\t\t\t<\/div>\n\t\t<\/section>\n\t\t\t\t<div class=\"elementor-element elementor-element-5d59f93 elementor-widget elementor-widget-text-editor\" data-id=\"5d59f93\" data-element_type=\"widget\" data-e-type=\"widget\" data-widget_type=\"text-editor.default\">\n\t\t\t\t<div class=\"elementor-widget-container\">\n\t\t\t\t\t\t\t\t\t<p><strong>\u00c9laborer des produits novateurs pour appuyer les m\u00e9thodes de tests \u00e9mergentes<\/strong><\/p><p>SeraCare est un partenaire de premier plan et un fournisseur de contr\u00f4les de qualit\u00e9 diagnostiques, de mat\u00e9riaux biologiques et de r\u00e9actifs pour les d\u00e9veloppeurs de diagnostics in vitro, les laboratoires cliniques et les chercheurs en sciences de la vie dans le monde entier. Depuis le d\u00e9but des ann\u00e9es 1980, SeraCare soutient l\u2019industrie des tests diagnostiques avec du mat\u00e9riel biologique pour d\u00e9velopper, valider et d\u00e9fier les tests de s\u00e9rologie et de maladies infectieuses mol\u00e9culaires les plus fiables d\u2019aujourd\u2019hui. Gr\u00e2ce aux r\u00e9centes avanc\u00e9es en g\u00e9nomique clinique et en diagnostic de pr\u00e9cision, SeraCare a d\u00e9velopp\u00e9 un portfolio de mat\u00e9riaux de r\u00e9f\u00e9rence de type patient hautement flexible et des programmes de CQ de laboratoire pour soutenir des applications diagnostiques avanc\u00e9es telles que le s\u00e9quen\u00e7age de prochaine g\u00e9n\u00e9ration et le PCR num\u00e9rique.<\/p>\t\t\t\t\t\t\t\t<\/div>\n\t\t\t\t<\/div>\n\t\t\t\t\t<\/div>\n\t\t<\/div>\n\t\t\t\t<div class=\"elementor-column elementor-col-50 elementor-top-column elementor-element elementor-element-916a51d\" data-id=\"916a51d\" data-element_type=\"column\" data-e-type=\"column\">\n\t\t\t<div class=\"elementor-widget-wrap elementor-element-populated\">\n\t\t\t\t\t\t<div class=\"elementor-element elementor-element-d34209d elementor-widget elementor-widget-image\" data-id=\"d34209d\" data-element_type=\"widget\" data-e-type=\"widget\" data-widget_type=\"image.default\">\n\t\t\t\t<div class=\"elementor-widget-container\">\n\t\t\t\t\t\t\t\t\t\t\t\t\t\t\t<img decoding=\"async\" width=\"800\" height=\"533\" src=\"https:\/\/www.somagen.com\/wp-content\/uploads\/2022\/03\/iStock-1206252717-1920x1280.jpg\" class=\"attachment-large size-large wp-image-24300\" alt=\"\" srcset=\"https:\/\/www.somagen.com\/wp-content\/uploads\/2022\/03\/iStock-1206252717-1920x1280.jpg 1920w, https:\/\/www.somagen.com\/wp-content\/uploads\/2022\/03\/iStock-1206252717-800x533.jpg 800w, https:\/\/www.somagen.com\/wp-content\/uploads\/2022\/03\/iStock-1206252717-768x512.jpg 768w, https:\/\/www.somagen.com\/wp-content\/uploads\/2022\/03\/iStock-1206252717-1536x1024.jpg 1536w, https:\/\/www.somagen.com\/wp-content\/uploads\/2022\/03\/iStock-1206252717-2048x1365.jpg 2048w\" sizes=\"(max-width: 800px) 100vw, 800px\" \/>\t\t\t\t\t\t\t\t\t\t\t\t\t\t\t<\/div>\n\t\t\t\t<\/div>\n\t\t\t\t\t<\/div>\n\t\t<\/div>\n\t\t\t\t\t<\/div>\n\t\t<\/section>\n\t\t\t\t<section class=\"elementor-section elementor-top-section elementor-element elementor-element-196da84 elementor-section-boxed elementor-section-height-default elementor-section-height-default elementor-invisible\" data-id=\"196da84\" data-element_type=\"section\" data-e-type=\"section\" data-settings=\"{&quot;animation&quot;:&quot;fadeInUp&quot;}\">\n\t\t\t\t\t\t<div class=\"elementor-container elementor-column-gap-default\">\n\t\t\t\t\t<div class=\"elementor-column elementor-col-33 elementor-top-column elementor-element elementor-element-b4a081c\" data-id=\"b4a081c\" data-element_type=\"column\" data-e-type=\"column\">\n\t\t\t<div class=\"elementor-widget-wrap elementor-element-populated\">\n\t\t\t\t\t\t<div class=\"elementor-element elementor-element-fabd19a elementor-widget elementor-widget-image\" data-id=\"fabd19a\" data-element_type=\"widget\" data-e-type=\"widget\" data-widget_type=\"image.default\">\n\t\t\t\t<div class=\"elementor-widget-container\">\n\t\t\t\t\t\t\t\t\t\t\t\t\t\t\t<img decoding=\"async\" width=\"800\" height=\"533\" src=\"https:\/\/www.somagen.com\/wp-content\/uploads\/2022\/03\/iStock-487041639-1920x1280.jpg\" class=\"attachment-large size-large wp-image-24550\" alt=\"\" srcset=\"https:\/\/www.somagen.com\/wp-content\/uploads\/2022\/03\/iStock-487041639-1920x1280.jpg 1920w, https:\/\/www.somagen.com\/wp-content\/uploads\/2022\/03\/iStock-487041639-800x533.jpg 800w, https:\/\/www.somagen.com\/wp-content\/uploads\/2022\/03\/iStock-487041639-768x512.jpg 768w, https:\/\/www.somagen.com\/wp-content\/uploads\/2022\/03\/iStock-487041639-1536x1024.jpg 1536w, https:\/\/www.somagen.com\/wp-content\/uploads\/2022\/03\/iStock-487041639-2048x1365.jpg 2048w\" sizes=\"(max-width: 800px) 100vw, 800px\" \/>\t\t\t\t\t\t\t\t\t\t\t\t\t\t\t<\/div>\n\t\t\t\t<\/div>\n\t\t\t\t<div class=\"elementor-element elementor-element-ccf9d41 elementor-widget elementor-widget-text-editor\" data-id=\"ccf9d41\" data-element_type=\"widget\" data-e-type=\"widget\" data-widget_type=\"text-editor.default\">\n\t\t\t\t<div class=\"elementor-widget-container\">\n\t\t\t\t\t\t\t\t\t<p><strong>Contr\u00f4les et mat\u00e9riaux de r\u00e9f\u00e9rence ACCURUN<sup>\u00ae<\/sup><\/strong><\/p><p>Les contr\u00f4les et les mat\u00e9riaux de r\u00e9f\u00e9rence pour les tests de maladies infectieuses sont la pierre angulaire des produits de SeraCare. Depuis plus de 30 ans, SeraCare fournit aux laboratoires cliniques des contr\u00f4les tiers et des mat\u00e9riaux de r\u00e9f\u00e9rence de qualit\u00e9 sup\u00e9rieure. Son exp\u00e9rience de plusieurs d\u00e9cennies dans la fabrication et la conception de contr\u00f4les tiers garantit que votre laboratoire re\u00e7oit les meilleurs produits de sa cat\u00e9gorie pour soutenir les programmes de CQ des laboratoires cliniques, \u00e0 chaque fois.<\/p>\t\t\t\t\t\t\t\t<\/div>\n\t\t\t\t<\/div>\n\t\t\t\t\t<\/div>\n\t\t<\/div>\n\t\t\t\t<div class=\"elementor-column elementor-col-33 elementor-top-column elementor-element elementor-element-e7dff09\" data-id=\"e7dff09\" data-element_type=\"column\" data-e-type=\"column\">\n\t\t\t<div class=\"elementor-widget-wrap elementor-element-populated\">\n\t\t\t\t\t\t<div class=\"elementor-element elementor-element-4098639 elementor-widget elementor-widget-image\" data-id=\"4098639\" data-element_type=\"widget\" data-e-type=\"widget\" data-widget_type=\"image.default\">\n\t\t\t\t<div class=\"elementor-widget-container\">\n\t\t\t\t\t\t\t\t\t\t\t\t\t\t\t<img loading=\"lazy\" decoding=\"async\" width=\"800\" height=\"533\" src=\"https:\/\/www.somagen.com\/wp-content\/uploads\/2022\/04\/AdobeStock_76000197-1920x1280.jpeg\" class=\"attachment-large size-large wp-image-25609\" alt=\"\" srcset=\"https:\/\/www.somagen.com\/wp-content\/uploads\/2022\/04\/AdobeStock_76000197-1920x1280.jpeg 1920w, https:\/\/www.somagen.com\/wp-content\/uploads\/2022\/04\/AdobeStock_76000197-800x533.jpeg 800w, https:\/\/www.somagen.com\/wp-content\/uploads\/2022\/04\/AdobeStock_76000197-768x512.jpeg 768w, https:\/\/www.somagen.com\/wp-content\/uploads\/2022\/04\/AdobeStock_76000197-1536x1024.jpeg 1536w, https:\/\/www.somagen.com\/wp-content\/uploads\/2022\/04\/AdobeStock_76000197-2048x1365.jpeg 2048w\" sizes=\"(max-width: 800px) 100vw, 800px\" \/>\t\t\t\t\t\t\t\t\t\t\t\t\t\t\t<\/div>\n\t\t\t\t<\/div>\n\t\t\t\t<div class=\"elementor-element elementor-element-b897ffa elementor-widget elementor-widget-text-editor\" data-id=\"b897ffa\" data-element_type=\"widget\" data-e-type=\"widget\" data-widget_type=\"text-editor.default\">\n\t\t\t\t<div class=\"elementor-widget-container\">\n\t\t\t\t\t\t\t\t\t<p><strong>Contr\u00f4les s\u00e9rologiques ACCURUN<sup>\u00ae<\/sup><\/strong><\/p><p>\u00c9vitez les faux positifs et les faux n\u00e9gatifs avec les contr\u00f4les s\u00e9rologiques ACCURUN<sup>\u00ae<\/sup>. Les contr\u00f4les SeraCare aident \u00e0 surveiller et r\u00e9soudre les probl\u00e8mes de m\u00e9thodes de tests pour isoler les erreurs de syst\u00e8me dans votre laboratoire. En tant que leader en contr\u00f4les de limite de d\u00e9tection inf\u00e9rieure, SeraCare fournit les outils pour tester votre analyse le plus pr\u00e8s de la limite de dosage, ce qui vous donne confiance dans les r\u00e9sultats de vos tests s\u00e9rologiques.<\/p><ul><li>Contr\u00f4les d\u2019analyses unique et multi-analytes<\/li><li>Contr\u00f4les d\u2019origine humaine qui imitent les \u00e9chantillons de patients r\u00e9els<\/li><li>Sp\u00e9cialement formul\u00e9s en tant que contr\u00f4les positifs de niveau faible<\/li><li>Liquides pr\u00eats \u00e0 l\u2019emploi; stables \u00e0 temp\u00e9rature r\u00e9frig\u00e9r\u00e9e<\/li><\/ul>\t\t\t\t\t\t\t\t<\/div>\n\t\t\t\t<\/div>\n\t\t\t\t\t<\/div>\n\t\t<\/div>\n\t\t\t\t<div class=\"elementor-column elementor-col-33 elementor-top-column elementor-element elementor-element-d96d151\" data-id=\"d96d151\" data-element_type=\"column\" data-e-type=\"column\">\n\t\t\t<div class=\"elementor-widget-wrap elementor-element-populated\">\n\t\t\t\t\t\t<div class=\"elementor-element elementor-element-8953321 elementor-widget elementor-widget-image\" data-id=\"8953321\" data-element_type=\"widget\" data-e-type=\"widget\" data-widget_type=\"image.default\">\n\t\t\t\t<div class=\"elementor-widget-container\">\n\t\t\t\t\t\t\t\t\t\t\t\t\t\t\t<img loading=\"lazy\" decoding=\"async\" width=\"800\" height=\"533\" src=\"https:\/\/www.somagen.com\/wp-content\/uploads\/2022\/04\/AdobeStock_404575969-1920x1280.jpeg\" class=\"attachment-large size-large wp-image-25611\" alt=\"\" srcset=\"https:\/\/www.somagen.com\/wp-content\/uploads\/2022\/04\/AdobeStock_404575969-1920x1280.jpeg 1920w, https:\/\/www.somagen.com\/wp-content\/uploads\/2022\/04\/AdobeStock_404575969-800x533.jpeg 800w, https:\/\/www.somagen.com\/wp-content\/uploads\/2022\/04\/AdobeStock_404575969-768x512.jpeg 768w, https:\/\/www.somagen.com\/wp-content\/uploads\/2022\/04\/AdobeStock_404575969-1536x1024.jpeg 1536w, https:\/\/www.somagen.com\/wp-content\/uploads\/2022\/04\/AdobeStock_404575969-2048x1365.jpeg 2048w\" sizes=\"(max-width: 800px) 100vw, 800px\" \/>\t\t\t\t\t\t\t\t\t\t\t\t\t\t\t<\/div>\n\t\t\t\t<\/div>\n\t\t\t\t<div class=\"elementor-element elementor-element-6c3a293 elementor-widget elementor-widget-text-editor\" data-id=\"6c3a293\" data-element_type=\"widget\" data-e-type=\"widget\" data-widget_type=\"text-editor.default\">\n\t\t\t\t<div class=\"elementor-widget-container\">\n\t\t\t\t\t\t\t\t\t<p><strong>Contr\u00f4les mol\u00e9culaires ACCURUN<sup>\u00ae<\/sup><\/strong><\/p><p>Surveillez tous les aspects de votre test mol\u00e9culaire avec un contr\u00f4le ind\u00e9pendant du processus complet qui d\u00e9fie vraiment les performances du test. Les contr\u00f4les mol\u00e9culaires ACCURUN<sup>\u00ae<\/sup>\u00a0 imitent les \u00e9chantillons de patients et permettent de surveiller l\u2019ensemble du test, de l\u2019extraction \u00e0 la d\u00e9tection. En tant que leader en contr\u00f4les faiblement positifs, SeraCare fournit les outils pour d\u00e9fier votre analyse mol\u00e9culaire pr\u00e8s de la limite de d\u00e9tection, permettant une d\u00e9tection sup\u00e9rieure de la variabilit\u00e9 de l\u2019analyse.<\/p><ul><li>Contr\u00f4le tiers de cellules enti\u00e8res ou d\u2019organismes entiers<\/li><li>Imite un \u00e9chantillon de patient pour surveiller l\u2019ensemble des performances du test, de l\u2019extraction \u00e0 la d\u00e9tection<\/li><li>Faible r\u00e9activit\u00e9 pour d\u00e9fier la performance de votre test<\/li><li>Pr\u00eat \u00e0 l\u2019emploi en diff\u00e9rents formats<\/li><li>Uniformit\u00e9 de lot \u00e0 lot; grands lots; grande quantit\u00e9 d&#8217;un lot disponible<\/li><\/ul>\t\t\t\t\t\t\t\t<\/div>\n\t\t\t\t<\/div>\n\t\t\t\t\t<\/div>\n\t\t<\/div>\n\t\t\t\t\t<\/div>\n\t\t<\/section>\n\t\t\t\t<section class=\"elementor-section elementor-top-section elementor-element elementor-element-34e57ca elementor-section-boxed elementor-section-height-default elementor-section-height-default elementor-invisible\" data-id=\"34e57ca\" data-element_type=\"section\" data-e-type=\"section\" data-settings=\"{&quot;animation&quot;:&quot;fadeInUp&quot;,&quot;background_background&quot;:&quot;classic&quot;}\">\n\t\t\t\t\t\t<div class=\"elementor-container elementor-column-gap-default\">\n\t\t\t\t\t<div class=\"elementor-column elementor-col-100 elementor-top-column elementor-element elementor-element-cb6ad19\" data-id=\"cb6ad19\" data-element_type=\"column\" data-e-type=\"column\">\n\t\t\t<div class=\"elementor-widget-wrap elementor-element-populated\">\n\t\t\t\t\t\t<div class=\"elementor-element elementor-element-b954168 elementor-widget elementor-widget-text-editor\" data-id=\"b954168\" data-element_type=\"widget\" data-e-type=\"widget\" data-widget_type=\"text-editor.default\">\n\t\t\t\t<div class=\"elementor-widget-container\">\n\t\t\t\t\t\t\t\t\t<strong>En savoir plus sur les contr\u00f4les de qualit\u00e9 ACCURUN<sup>\u00ae<\/sup><\/strong>\t\t\t\t\t\t\t\t<\/div>\n\t\t\t\t<\/div>\n\t\t\t\t<div class=\"elementor-element elementor-element-9e5e575 elementor-mobile-align-center elementor-widget elementor-widget-button\" data-id=\"9e5e575\" data-element_type=\"widget\" data-e-type=\"widget\" data-widget_type=\"button.default\">\n\t\t\t\t<div class=\"elementor-widget-container\">\n\t\t\t\t\t\t\t\t\t<div class=\"elementor-button-wrapper\">\n\t\t\t\t\t<a class=\"elementor-button elementor-button-link elementor-size-sm\" href=\"https:\/\/somagen.com\/wp-content\/uploads\/2021\/08\/SeraCare-Catalogue-2020.pdf\" target=\"_blank\" rel=\"noopener\">\n\t\t\t\t\t\t<span class=\"elementor-button-content-wrapper\">\n\t\t\t\t\t\t\t\t\t<span class=\"elementor-button-text\">brochure<\/span>\n\t\t\t\t\t<\/span>\n\t\t\t\t\t<\/a>\n\t\t\t\t<\/div>\n\t\t\t\t\t\t\t\t<\/div>\n\t\t\t\t<\/div>\n\t\t\t\t\t<\/div>\n\t\t<\/div>\n\t\t\t\t\t<\/div>\n\t\t<\/section>\n\t\t\t\t<\/div>\n\t\t","protected":false},"excerpt":{"rendered":"<p>\u00c9laborer des produits novateurs pour appuyer les m\u00e9thodes de tests \u00e9mergentes SeraCare est un partenaire de premier plan et un fournisseur de contr\u00f4les de qualit\u00e9 diagnostiques, de mat\u00e9riaux biologiques et [&hellip;]<\/p>\n","protected":false},"author":4,"featured_media":0,"parent":0,"menu_order":0,"comment_status":"closed","ping_status":"closed","template":"","meta":{"_relevanssi_hide_post":"","_relevanssi_hide_content":"","_relevanssi_pin_for_all":"","_relevanssi_pin_keywords":"","_relevanssi_unpin_keywords":"","_relevanssi_related_keywords":"","_relevanssi_related_include_ids":"","_relevanssi_related_exclude_ids":"","_relevanssi_related_no_append":"","_relevanssi_related_not_related":"","_relevanssi_related_posts":"","_relevanssi_noindex_reason":"","footnotes":""},"class_list":["post-32342","page","type-page","status-publish","hentry"],"_links":{"self":[{"href":"https:\/\/www.somagen.com\/fr\/wp-json\/wp\/v2\/pages\/32342","targetHints":{"allow":["GET"]}}],"collection":[{"href":"https:\/\/www.somagen.com\/fr\/wp-json\/wp\/v2\/pages"}],"about":[{"href":"https:\/\/www.somagen.com\/fr\/wp-json\/wp\/v2\/types\/page"}],"author":[{"embeddable":true,"href":"https:\/\/www.somagen.com\/fr\/wp-json\/wp\/v2\/users\/4"}],"replies":[{"embeddable":true,"href":"https:\/\/www.somagen.com\/fr\/wp-json\/wp\/v2\/comments?post=32342"}],"version-history":[{"count":6,"href":"https:\/\/www.somagen.com\/fr\/wp-json\/wp\/v2\/pages\/32342\/revisions"}],"predecessor-version":[{"id":39725,"href":"https:\/\/www.somagen.com\/fr\/wp-json\/wp\/v2\/pages\/32342\/revisions\/39725"}],"wp:attachment":[{"href":"https:\/\/www.somagen.com\/fr\/wp-json\/wp\/v2\/media?parent=32342"}],"curies":[{"name":"wp","href":"https:\/\/api.w.org\/{rel}","templated":true}]}}