{"id":32514,"date":"2022-07-18T08:15:36","date_gmt":"2022-07-18T14:15:36","guid":{"rendered":"https:\/\/somagen.com\/qc-better-together\/"},"modified":"2025-05-26T10:19:08","modified_gmt":"2025-05-26T16:19:08","slug":"qc-better-together","status":"publish","type":"page","link":"https:\/\/www.somagen.com\/fr\/qc-better-together\/","title":{"rendered":"Meilleurs ensemble"},"content":{"rendered":"\t\t<div data-elementor-type=\"wp-page\" data-elementor-id=\"32514\" class=\"elementor elementor-32514 elementor-25059\" data-elementor-post-type=\"page\">\n\t\t\t\t\t\t<section class=\"elementor-section elementor-top-section elementor-element elementor-element-63ea9e5 elementor-section-boxed elementor-section-height-default elementor-section-height-default elementor-invisible\" data-id=\"63ea9e5\" data-element_type=\"section\" data-e-type=\"section\" data-settings=\"{&quot;animation&quot;:&quot;fadeInUp&quot;}\">\n\t\t\t\t\t\t<div class=\"elementor-container elementor-column-gap-default\">\n\t\t\t\t\t<div class=\"elementor-column elementor-col-50 elementor-top-column elementor-element elementor-element-5fc8ed9\" data-id=\"5fc8ed9\" data-element_type=\"column\" data-e-type=\"column\">\n\t\t\t<div class=\"elementor-widget-wrap elementor-element-populated\">\n\t\t\t\t\t\t<div class=\"elementor-element elementor-element-1f26b39 elementor-invisible elementor-widget elementor-widget-image\" data-id=\"1f26b39\" data-element_type=\"widget\" data-e-type=\"widget\" data-settings=\"{&quot;_animation&quot;:&quot;fadeInLeft&quot;}\" data-widget_type=\"image.default\">\n\t\t\t\t<div class=\"elementor-widget-container\">\n\t\t\t\t\t\t\t\t\t\t\t\t\t\t\t<img fetchpriority=\"high\" decoding=\"async\" width=\"800\" height=\"746\" src=\"https:\/\/www.somagen.com\/wp-content\/uploads\/2022\/06\/Balls-Together@25x-copy-1372x1280.png\" class=\"attachment-large size-large wp-image-28659\" alt=\"\" srcset=\"https:\/\/www.somagen.com\/wp-content\/uploads\/2022\/06\/Balls-Together@25x-copy-1372x1280.png 1372w, https:\/\/www.somagen.com\/wp-content\/uploads\/2022\/06\/Balls-Together@25x-copy-643x600.png 643w, https:\/\/www.somagen.com\/wp-content\/uploads\/2022\/06\/Balls-Together@25x-copy-768x717.png 768w, https:\/\/www.somagen.com\/wp-content\/uploads\/2022\/06\/Balls-Together@25x-copy-1536x1433.png 1536w, https:\/\/www.somagen.com\/wp-content\/uploads\/2022\/06\/Balls-Together@25x-copy-2048x1911.png 2048w\" sizes=\"(max-width: 800px) 100vw, 800px\" \/>\t\t\t\t\t\t\t\t\t\t\t\t\t\t\t<\/div>\n\t\t\t\t<\/div>\n\t\t\t\t\t<\/div>\n\t\t<\/div>\n\t\t\t\t<div class=\"elementor-column elementor-col-50 elementor-top-column elementor-element elementor-element-8fed396\" data-id=\"8fed396\" data-element_type=\"column\" data-e-type=\"column\">\n\t\t\t<div class=\"elementor-widget-wrap elementor-element-populated\">\n\t\t\t\t\t\t<div class=\"elementor-element elementor-element-4995a00 elementor-widget elementor-widget-text-editor\" data-id=\"4995a00\" data-element_type=\"widget\" data-e-type=\"widget\" data-widget_type=\"text-editor.default\">\n\t\t\t\t<div class=\"elementor-widget-container\">\n\t\t\t\t\t\t\t\t\t<p style=\"text-align: left;\">Meilleurs ensemble!<\/p>\t\t\t\t\t\t\t\t<\/div>\n\t\t\t\t<\/div>\n\t\t\t\t<div class=\"elementor-element elementor-element-007463a elementor-widget elementor-widget-text-editor\" data-id=\"007463a\" data-element_type=\"widget\" data-e-type=\"widget\" data-widget_type=\"text-editor.default\">\n\t\t\t\t<div class=\"elementor-widget-container\">\n\t\t\t\t\t\t\t\t\t<p>Somagen Diagnostics est fier d\u2019\u00eatre un des principaux fournisseurs de produits de contr\u00f4le de la qualit\u00e9 provenant de partenaires manufacturiers \u00e0 travers le monde, soutenant les laboratoires canadiens avec des contr\u00f4les de la qualit\u00e9 sup\u00e9rieurs et \u00e0 la pointe de l\u2019industrie.<\/p><p><strong>Veuillez consulter notre vaste gamme de produits* ci-dessous.<\/strong><\/p>\t\t\t\t\t\t\t\t<\/div>\n\t\t\t\t<\/div>\n\t\t\t\t\t<\/div>\n\t\t<\/div>\n\t\t\t\t\t<\/div>\n\t\t<\/section>\n\t\t\t\t<section class=\"elementor-section elementor-top-section elementor-element elementor-element-3d44902 elementor-section-boxed elementor-section-height-default elementor-section-height-default\" data-id=\"3d44902\" data-element_type=\"section\" data-e-type=\"section\">\n\t\t\t\t\t\t<div class=\"elementor-container elementor-column-gap-default\">\n\t\t\t\t\t<div class=\"elementor-column elementor-col-100 elementor-top-column elementor-element elementor-element-9c2781a\" data-id=\"9c2781a\" data-element_type=\"column\" data-e-type=\"column\">\n\t\t\t<div class=\"elementor-widget-wrap elementor-element-populated\">\n\t\t\t\t\t\t<section class=\"elementor-section elementor-inner-section elementor-element elementor-element-9355b7a elementor-section-boxed elementor-section-height-default elementor-section-height-default\" data-id=\"9355b7a\" data-element_type=\"section\" data-e-type=\"section\">\n\t\t\t\t\t\t<div class=\"elementor-container elementor-column-gap-default\">\n\t\t\t\t\t<div class=\"elementor-column elementor-col-33 elementor-inner-column elementor-element elementor-element-19cab0a\" data-id=\"19cab0a\" data-element_type=\"column\" data-e-type=\"column\">\n\t\t\t<div class=\"elementor-widget-wrap elementor-element-populated\">\n\t\t\t\t\t\t<div class=\"elementor-element elementor-element-b4c7327 elementor-widget elementor-widget-image\" data-id=\"b4c7327\" data-element_type=\"widget\" data-e-type=\"widget\" data-widget_type=\"image.default\">\n\t\t\t\t<div class=\"elementor-widget-container\">\n\t\t\t\t\t\t\t\t\t\t\t\t\t\t\t\t<a href=\"https:\/\/somagen.com\/fr\/streck\/\" target=\"_blank\" rel=\"noopener\">\n\t\t\t\t\t\t\t<img decoding=\"async\" width=\"800\" height=\"799\" src=\"https:\/\/www.somagen.com\/wp-content\/uploads\/2022\/04\/Streck-Brandmark-RGB-1281x1280.png\" class=\"elementor-animation-grow attachment-large size-large wp-image-25543\" alt=\"\" srcset=\"https:\/\/www.somagen.com\/wp-content\/uploads\/2022\/04\/Streck-Brandmark-RGB-1281x1280.png 1281w, https:\/\/www.somagen.com\/wp-content\/uploads\/2022\/04\/Streck-Brandmark-RGB-600x600.png 600w, https:\/\/www.somagen.com\/wp-content\/uploads\/2022\/04\/Streck-Brandmark-RGB-150x150.png 150w, https:\/\/www.somagen.com\/wp-content\/uploads\/2022\/04\/Streck-Brandmark-RGB-768x768.png 768w, https:\/\/www.somagen.com\/wp-content\/uploads\/2022\/04\/Streck-Brandmark-RGB-1536x1536.png 1536w, https:\/\/www.somagen.com\/wp-content\/uploads\/2022\/04\/Streck-Brandmark-RGB-2048x2048.png 2048w\" sizes=\"(max-width: 800px) 100vw, 800px\" \/>\t\t\t\t\t\t\t\t<\/a>\n\t\t\t\t\t\t\t\t\t\t\t\t\t\t\t<\/div>\n\t\t\t\t<\/div>\n\t\t\t\t\t<\/div>\n\t\t<\/div>\n\t\t\t\t<div class=\"elementor-column elementor-col-33 elementor-inner-column elementor-element elementor-element-7204442\" data-id=\"7204442\" data-element_type=\"column\" data-e-type=\"column\">\n\t\t\t<div class=\"elementor-widget-wrap elementor-element-populated\">\n\t\t\t\t\t\t<div class=\"elementor-element elementor-element-994f6aa elementor-widget elementor-widget-image\" data-id=\"994f6aa\" data-element_type=\"widget\" data-e-type=\"widget\" data-widget_type=\"image.default\">\n\t\t\t\t<div class=\"elementor-widget-container\">\n\t\t\t\t\t\t\t\t\t\t\t\t\t\t\t\t<a href=\"https:\/\/somagen.com\/fr\/quantimetrix\/\" target=\"_blank\" rel=\"noopener\">\n\t\t\t\t\t\t\t<img decoding=\"async\" width=\"800\" height=\"799\" src=\"https:\/\/www.somagen.com\/wp-content\/uploads\/2022\/04\/quantimetrix_lsms_2735_cmyk2.png\" class=\"elementor-animation-grow attachment-large size-large wp-image-25539\" alt=\"\" srcset=\"https:\/\/www.somagen.com\/wp-content\/uploads\/2022\/04\/quantimetrix_lsms_2735_cmyk2.png 1226w, https:\/\/www.somagen.com\/wp-content\/uploads\/2022\/04\/quantimetrix_lsms_2735_cmyk2-600x600.png 600w, https:\/\/www.somagen.com\/wp-content\/uploads\/2022\/04\/quantimetrix_lsms_2735_cmyk2-150x150.png 150w, https:\/\/www.somagen.com\/wp-content\/uploads\/2022\/04\/quantimetrix_lsms_2735_cmyk2-768x767.png 768w\" sizes=\"(max-width: 800px) 100vw, 800px\" \/>\t\t\t\t\t\t\t\t<\/a>\n\t\t\t\t\t\t\t\t\t\t\t\t\t\t\t<\/div>\n\t\t\t\t<\/div>\n\t\t\t\t\t<\/div>\n\t\t<\/div>\n\t\t\t\t<div class=\"elementor-column elementor-col-33 elementor-inner-column elementor-element elementor-element-5016a97\" data-id=\"5016a97\" data-element_type=\"column\" data-e-type=\"column\">\n\t\t\t<div class=\"elementor-widget-wrap elementor-element-populated\">\n\t\t\t\t\t\t<div class=\"elementor-element elementor-element-d195763 elementor-widget elementor-widget-image\" data-id=\"d195763\" data-element_type=\"widget\" data-e-type=\"widget\" data-widget_type=\"image.default\">\n\t\t\t\t<div class=\"elementor-widget-container\">\n\t\t\t\t\t\t\t\t\t\t\t\t\t\t\t\t<a href=\"https:\/\/somagen.com\/fr\/utak\/\" target=\"_blank\" rel=\"noopener\">\n\t\t\t\t\t\t\t<img loading=\"lazy\" decoding=\"async\" width=\"800\" height=\"799\" src=\"https:\/\/www.somagen.com\/wp-content\/uploads\/2022\/04\/UTAK-blue-1281x1280.png\" class=\"elementor-animation-grow attachment-large size-large wp-image-25545\" alt=\"\" srcset=\"https:\/\/www.somagen.com\/wp-content\/uploads\/2022\/04\/UTAK-blue-1281x1280.png 1281w, https:\/\/www.somagen.com\/wp-content\/uploads\/2022\/04\/UTAK-blue-600x600.png 600w, https:\/\/www.somagen.com\/wp-content\/uploads\/2022\/04\/UTAK-blue-150x150.png 150w, https:\/\/www.somagen.com\/wp-content\/uploads\/2022\/04\/UTAK-blue-768x767.png 768w, https:\/\/www.somagen.com\/wp-content\/uploads\/2022\/04\/UTAK-blue.png 1530w\" sizes=\"(max-width: 800px) 100vw, 800px\" \/>\t\t\t\t\t\t\t\t<\/a>\n\t\t\t\t\t\t\t\t\t\t\t\t\t\t\t<\/div>\n\t\t\t\t<\/div>\n\t\t\t\t\t<\/div>\n\t\t<\/div>\n\t\t\t\t\t<\/div>\n\t\t<\/section>\n\t\t\t\t<section class=\"elementor-section elementor-inner-section elementor-element elementor-element-5f5e4a1 elementor-section-boxed elementor-section-height-default elementor-section-height-default\" data-id=\"5f5e4a1\" data-element_type=\"section\" data-e-type=\"section\">\n\t\t\t\t\t\t<div class=\"elementor-container elementor-column-gap-default\">\n\t\t\t\t\t<div class=\"elementor-column elementor-col-33 elementor-inner-column elementor-element elementor-element-5ceee12\" data-id=\"5ceee12\" data-element_type=\"column\" data-e-type=\"column\">\n\t\t\t<div class=\"elementor-widget-wrap elementor-element-populated\">\n\t\t\t\t\t\t<div class=\"elementor-element elementor-element-556e231 elementor-widget elementor-widget-image\" data-id=\"556e231\" data-element_type=\"widget\" data-e-type=\"widget\" data-widget_type=\"image.default\">\n\t\t\t\t<div class=\"elementor-widget-container\">\n\t\t\t\t\t\t\t\t\t\t\t\t\t\t\t\t<a href=\"https:\/\/somagen.com\/fr\/maine-standards\/\" target=\"_blank\" rel=\"noopener\">\n\t\t\t\t\t\t\t<img loading=\"lazy\" decoding=\"async\" width=\"800\" height=\"400\" src=\"https:\/\/www.somagen.com\/wp-content\/uploads\/2024\/02\/Maine-Standards-1920x961.jpg\" class=\"elementor-animation-grow attachment-large size-large wp-image-42699\" alt=\"\" srcset=\"https:\/\/www.somagen.com\/wp-content\/uploads\/2024\/02\/Maine-Standards-1920x961.jpg 1920w, https:\/\/www.somagen.com\/wp-content\/uploads\/2024\/02\/Maine-Standards-800x400.jpg 800w, https:\/\/www.somagen.com\/wp-content\/uploads\/2024\/02\/Maine-Standards-768x384.jpg 768w, https:\/\/www.somagen.com\/wp-content\/uploads\/2024\/02\/Maine-Standards-1536x769.jpg 1536w, https:\/\/www.somagen.com\/wp-content\/uploads\/2024\/02\/Maine-Standards.jpg 1976w\" sizes=\"(max-width: 800px) 100vw, 800px\" \/>\t\t\t\t\t\t\t\t<\/a>\n\t\t\t\t\t\t\t\t\t\t\t\t\t\t\t<\/div>\n\t\t\t\t<\/div>\n\t\t\t\t\t<\/div>\n\t\t<\/div>\n\t\t\t\t<div class=\"elementor-column elementor-col-33 elementor-inner-column elementor-element elementor-element-c85768a\" data-id=\"c85768a\" data-element_type=\"column\" data-e-type=\"column\">\n\t\t\t<div class=\"elementor-widget-wrap elementor-element-populated\">\n\t\t\t\t\t\t<div class=\"elementor-element elementor-element-55cbdfc elementor-widget__width-initial elementor-widget elementor-widget-image\" data-id=\"55cbdfc\" data-element_type=\"widget\" data-e-type=\"widget\" data-widget_type=\"image.default\">\n\t\t\t\t<div class=\"elementor-widget-container\">\n\t\t\t\t\t\t\t\t\t\t\t\t\t\t\t\t<a href=\"https:\/\/somagen.com\/fr\/lgc-clinical-diagnostics\/\" target=\"_blank\" rel=\"noopener\">\n\t\t\t\t\t\t\t<img loading=\"lazy\" decoding=\"async\" width=\"542\" height=\"542\" src=\"https:\/\/www.somagen.com\/wp-content\/uploads\/2022\/04\/seracarelogo.png\" class=\"elementor-animation-grow attachment-large size-large wp-image-25537\" alt=\"\" srcset=\"https:\/\/www.somagen.com\/wp-content\/uploads\/2022\/04\/seracarelogo.png 542w, https:\/\/www.somagen.com\/wp-content\/uploads\/2022\/04\/seracarelogo-150x150.png 150w\" sizes=\"(max-width: 542px) 100vw, 542px\" \/>\t\t\t\t\t\t\t\t<\/a>\n\t\t\t\t\t\t\t\t\t\t\t\t\t\t\t<\/div>\n\t\t\t\t<\/div>\n\t\t\t\t\t<\/div>\n\t\t<\/div>\n\t\t\t\t<div class=\"elementor-column elementor-col-33 elementor-inner-column elementor-element elementor-element-bf7a65e\" data-id=\"bf7a65e\" data-element_type=\"column\" data-e-type=\"column\">\n\t\t\t<div class=\"elementor-widget-wrap elementor-element-populated\">\n\t\t\t\t\t\t<div class=\"elementor-element elementor-element-5b30fa7 elementor-widget elementor-widget-image\" data-id=\"5b30fa7\" data-element_type=\"widget\" data-e-type=\"widget\" data-widget_type=\"image.default\">\n\t\t\t\t<div class=\"elementor-widget-container\">\n\t\t\t\t\t\t\t\t\t\t\t\t\t\t\t\t<a href=\"https:\/\/somagen.com\/fr\/vircell\/\" target=\"_blank\" rel=\"noopener\">\n\t\t\t\t\t\t\t<img loading=\"lazy\" decoding=\"async\" width=\"800\" height=\"799\" src=\"https:\/\/www.somagen.com\/wp-content\/uploads\/2022\/04\/Vircell-Microbiologists.png\" class=\"elementor-animation-grow attachment-large size-large wp-image-25547\" alt=\"\" srcset=\"https:\/\/www.somagen.com\/wp-content\/uploads\/2022\/04\/Vircell-Microbiologists.png 847w, https:\/\/www.somagen.com\/wp-content\/uploads\/2022\/04\/Vircell-Microbiologists-601x600.png 601w, https:\/\/www.somagen.com\/wp-content\/uploads\/2022\/04\/Vircell-Microbiologists-150x150.png 150w, https:\/\/www.somagen.com\/wp-content\/uploads\/2022\/04\/Vircell-Microbiologists-768x767.png 768w\" sizes=\"(max-width: 800px) 100vw, 800px\" \/>\t\t\t\t\t\t\t\t<\/a>\n\t\t\t\t\t\t\t\t\t\t\t\t\t\t\t<\/div>\n\t\t\t\t<\/div>\n\t\t\t\t\t<\/div>\n\t\t<\/div>\n\t\t\t\t\t<\/div>\n\t\t<\/section>\n\t\t\t\t\t<\/div>\n\t\t<\/div>\n\t\t\t\t\t<\/div>\n\t\t<\/section>\n\t\t\t\t<section class=\"elementor-section elementor-top-section elementor-element elementor-element-cec2698 elementor-section-boxed elementor-section-height-default elementor-section-height-default\" data-id=\"cec2698\" data-element_type=\"section\" data-e-type=\"section\">\n\t\t\t\t\t\t<div class=\"elementor-container elementor-column-gap-default\">\n\t\t\t\t\t<div class=\"elementor-column elementor-col-100 elementor-top-column elementor-element elementor-element-a2b2508\" data-id=\"a2b2508\" data-element_type=\"column\" data-e-type=\"column\">\n\t\t\t<div class=\"elementor-widget-wrap elementor-element-populated\">\n\t\t\t\t\t\t<div class=\"elementor-element elementor-element-258b409 elementor-widget elementor-widget-text-editor\" data-id=\"258b409\" data-element_type=\"widget\" data-e-type=\"widget\" data-widget_type=\"text-editor.default\">\n\t\t\t\t<div class=\"elementor-widget-container\">\n\t\t\t\t\t\t\t\t\t<p>* Certains produits peuvent ne pas \u00eatre autoris\u00e9s \u00e0 la vente au Canada. De plus, certains produits peuvent \u00eatre destin\u00e9s \u00e0 la recherche uniquement (RUO) &#8211; et non \u00e0 des fins de diagnostic clinique. Veuillez contacter Somagen pour des demandes sp\u00e9cifiques.<\/p>\t\t\t\t\t\t\t\t<\/div>\n\t\t\t\t<\/div>\n\t\t\t\t\t<\/div>\n\t\t<\/div>\n\t\t\t\t\t<\/div>\n\t\t<\/section>\n\t\t\t\t<\/div>\n\t\t","protected":false},"excerpt":{"rendered":"<p>Meilleurs ensemble! Somagen Diagnostics est fier d\u2019\u00eatre un des principaux fournisseurs de produits de contr\u00f4le de la qualit\u00e9 provenant de partenaires manufacturiers \u00e0 travers le monde, soutenant les laboratoires canadiens [&hellip;]<\/p>\n","protected":false},"author":4,"featured_media":0,"parent":0,"menu_order":0,"comment_status":"closed","ping_status":"closed","template":"","meta":{"_relevanssi_hide_post":"","_relevanssi_hide_content":"","_relevanssi_pin_for_all":"","_relevanssi_pin_keywords":"","_relevanssi_unpin_keywords":"","_relevanssi_related_keywords":"","_relevanssi_related_include_ids":"","_relevanssi_related_exclude_ids":"","_relevanssi_related_no_append":"","_relevanssi_related_not_related":"","_relevanssi_related_posts":"","_relevanssi_noindex_reason":"","footnotes":""},"class_list":["post-32514","page","type-page","status-publish","hentry"],"_links":{"self":[{"href":"https:\/\/www.somagen.com\/fr\/wp-json\/wp\/v2\/pages\/32514","targetHints":{"allow":["GET"]}}],"collection":[{"href":"https:\/\/www.somagen.com\/fr\/wp-json\/wp\/v2\/pages"}],"about":[{"href":"https:\/\/www.somagen.com\/fr\/wp-json\/wp\/v2\/types\/page"}],"author":[{"embeddable":true,"href":"https:\/\/www.somagen.com\/fr\/wp-json\/wp\/v2\/users\/4"}],"replies":[{"embeddable":true,"href":"https:\/\/www.somagen.com\/fr\/wp-json\/wp\/v2\/comments?post=32514"}],"version-history":[{"count":53,"href":"https:\/\/www.somagen.com\/fr\/wp-json\/wp\/v2\/pages\/32514\/revisions"}],"predecessor-version":[{"id":43512,"href":"https:\/\/www.somagen.com\/fr\/wp-json\/wp\/v2\/pages\/32514\/revisions\/43512"}],"wp:attachment":[{"href":"https:\/\/www.somagen.com\/fr\/wp-json\/wp\/v2\/media?parent=32514"}],"curies":[{"name":"wp","href":"https:\/\/api.w.org\/{rel}","templated":true}]}}