{"id":32519,"date":"2022-07-18T08:28:42","date_gmt":"2022-07-18T14:28:42","guid":{"rendered":"https:\/\/somagen.com\/molecular-pathology\/"},"modified":"2025-05-26T10:11:50","modified_gmt":"2025-05-26T16:11:50","slug":"molecular-pathology","status":"publish","type":"page","link":"https:\/\/www.somagen.com\/fr\/molecular-pathology\/","title":{"rendered":"Molecular Pathology"},"content":{"rendered":"\t\t<div data-elementor-type=\"wp-page\" data-elementor-id=\"32519\" class=\"elementor elementor-32519 elementor-25671\" data-elementor-post-type=\"page\">\n\t\t\t\t\t\t<section class=\"elementor-section elementor-top-section elementor-element elementor-element-97d5415 elementor-section-height-min-height elementor-section-boxed elementor-section-height-default elementor-section-items-middle\" data-id=\"97d5415\" data-element_type=\"section\" data-e-type=\"section\" data-settings=\"{&quot;background_background&quot;:&quot;classic&quot;}\">\n\t\t\t\t\t\t<div class=\"elementor-container elementor-column-gap-default\">\n\t\t\t\t\t<div class=\"elementor-column elementor-col-100 elementor-top-column elementor-element elementor-element-bdf6bb1\" data-id=\"bdf6bb1\" data-element_type=\"column\" data-e-type=\"column\">\n\t\t\t<div class=\"elementor-widget-wrap\">\n\t\t\t\t\t\t\t<\/div>\n\t\t<\/div>\n\t\t\t\t\t<\/div>\n\t\t<\/section>\n\t\t\t\t<section class=\"elementor-section elementor-top-section elementor-element elementor-element-dabdf08 elementor-section-boxed elementor-section-height-default elementor-section-height-default\" data-id=\"dabdf08\" data-element_type=\"section\" data-e-type=\"section\">\n\t\t\t\t\t\t<div class=\"elementor-container elementor-column-gap-default\">\n\t\t\t\t\t<div class=\"elementor-column elementor-col-100 elementor-top-column elementor-element elementor-element-60ce6d3\" data-id=\"60ce6d3\" data-element_type=\"column\" data-e-type=\"column\">\n\t\t\t<div class=\"elementor-widget-wrap elementor-element-populated\">\n\t\t\t\t\t\t<div class=\"elementor-element elementor-element-cc78373 elementor-widget elementor-widget-text-editor\" data-id=\"cc78373\" data-element_type=\"widget\" data-e-type=\"widget\" data-widget_type=\"text-editor.default\">\n\t\t\t\t<div class=\"elementor-widget-container\">\n\t\t\t\t\t\t\t\t\t<p><strong>Pathologie mol\u00e9culaire<\/strong><\/p><p>En d\u00e9veloppant notre histoire en tant que leader du march\u00e9 des diagnostics cliniques, Somagen a r\u00e9uni un groupe de fournisseurs de premier plan pour soutenir le domaine de la pathologie mol\u00e9culaire qui \u00e9volue rapidement.\u00a0 De la stabilisation des \u00e9chantillons de biopsies liquides au contr\u00f4le de la qualit\u00e9 pour le s\u00e9quen\u00e7age de nouvelle g\u00e9n\u00e9ration, Somagen supporte ses partenaires cliniques avec des produits de qualit\u00e9 con\u00e7us pour assurer des r\u00e9sultats de patients pr\u00e9cis et cliniquement concrets.<\/p><p>Pour plus d\u2019informations sur nos offres de produits* innovants, veuillez voir ci-dessous.<\/p>\t\t\t\t\t\t\t\t<\/div>\n\t\t\t\t<\/div>\n\t\t\t\t\t<\/div>\n\t\t<\/div>\n\t\t\t\t\t<\/div>\n\t\t<\/section>\n\t\t\t\t<section class=\"elementor-section elementor-top-section elementor-element elementor-element-3b4a710 elementor-section-boxed elementor-section-height-default elementor-section-height-default\" data-id=\"3b4a710\" data-element_type=\"section\" data-e-type=\"section\">\n\t\t\t\t\t\t<div class=\"elementor-container elementor-column-gap-default\">\n\t\t\t\t\t<div class=\"elementor-column elementor-col-100 elementor-top-column elementor-element elementor-element-4c1dd97\" data-id=\"4c1dd97\" data-element_type=\"column\" data-e-type=\"column\">\n\t\t\t<div class=\"elementor-widget-wrap elementor-element-populated\">\n\t\t\t\t\t\t<div class=\"elementor-element elementor-element-974de9c elementor-widget-divider--view-line elementor-widget elementor-widget-divider\" data-id=\"974de9c\" data-element_type=\"widget\" data-e-type=\"widget\" data-widget_type=\"divider.default\">\n\t\t\t\t<div class=\"elementor-widget-container\">\n\t\t\t\t\t\t\t<div class=\"elementor-divider\">\n\t\t\t<span class=\"elementor-divider-separator\">\n\t\t\t\t\t\t<\/span>\n\t\t<\/div>\n\t\t\t\t\t\t<\/div>\n\t\t\t\t<\/div>\n\t\t\t\t\t<\/div>\n\t\t<\/div>\n\t\t\t\t\t<\/div>\n\t\t<\/section>\n\t\t\t\t<section class=\"elementor-section elementor-top-section elementor-element elementor-element-a773429 elementor-section-boxed elementor-section-height-default elementor-section-height-default elementor-invisible\" data-id=\"a773429\" data-element_type=\"section\" data-e-type=\"section\" data-settings=\"{&quot;animation&quot;:&quot;fadeInUp&quot;,&quot;background_background&quot;:&quot;classic&quot;}\">\n\t\t\t\t\t\t<div class=\"elementor-container elementor-column-gap-default\">\n\t\t\t\t\t<div class=\"elementor-column elementor-col-100 elementor-top-column elementor-element elementor-element-74113be\" data-id=\"74113be\" data-element_type=\"column\" data-e-type=\"column\">\n\t\t\t<div class=\"elementor-widget-wrap elementor-element-populated\">\n\t\t\t\t\t\t<div class=\"elementor-element elementor-element-70f3a14 elementor-widget elementor-widget-text-editor\" data-id=\"70f3a14\" data-element_type=\"widget\" data-e-type=\"widget\" data-widget_type=\"text-editor.default\">\n\t\t\t\t<div class=\"elementor-widget-container\">\n\t\t\t\t\t\t\t\t\t<p><strong><img decoding=\"async\" class=\"alignleft wp-image-25542 size-thumbnail\" src=\"https:\/\/somagen.com\/wp-content\/uploads\/2022\/04\/Streck-Brandmark-RGB-150x150.png\" alt=\"\" width=\"150\" height=\"150\" srcset=\"https:\/\/www.somagen.com\/wp-content\/uploads\/2022\/04\/Streck-Brandmark-RGB-150x150.png 150w, https:\/\/www.somagen.com\/wp-content\/uploads\/2022\/04\/Streck-Brandmark-RGB-600x600.png 600w, https:\/\/www.somagen.com\/wp-content\/uploads\/2022\/04\/Streck-Brandmark-RGB-1281x1280.png 1281w, https:\/\/www.somagen.com\/wp-content\/uploads\/2022\/04\/Streck-Brandmark-RGB-768x768.png 768w, https:\/\/www.somagen.com\/wp-content\/uploads\/2022\/04\/Streck-Brandmark-RGB-1536x1536.png 1536w, https:\/\/www.somagen.com\/wp-content\/uploads\/2022\/04\/Streck-Brandmark-RGB-2048x2048.png 2048w\" sizes=\"(max-width: 150px) 100vw, 150px\" \/>Sample Stabilization<\/strong><\/p><p><span style=\"color: #000000;\">Streck\u2019s patented portfolio of stabilization solutions enables laboratories to mitigate and limit pre-analytical variation in critical samples, ease handling concerns while allowing for room temperature storage, cold-chain free shipping and batch processing. Streck&#8217;s direct draw blood collection tubes and preservation products for biofluids are recognized worldwide. Target analytes include cell-free DNA, cell-free RNA, clusters of differentiation antigens, extracellular vesicles and cellular nucleic acids.<\/span><\/p>\t\t\t\t\t\t\t\t<\/div>\n\t\t\t\t<\/div>\n\t\t\t\t<div class=\"elementor-element elementor-element-d066dba elementor-widget elementor-widget-button\" data-id=\"d066dba\" data-element_type=\"widget\" data-e-type=\"widget\" data-widget_type=\"button.default\">\n\t\t\t\t<div class=\"elementor-widget-container\">\n\t\t\t\t\t\t\t\t\t<div class=\"elementor-button-wrapper\">\n\t\t\t\t\t<a class=\"elementor-button elementor-button-link elementor-size-sm\" href=\"https:\/\/www.streck.com\/products\/stabilization\/\" target=\"_blank\" rel=\"noopener\">\n\t\t\t\t\t\t<span class=\"elementor-button-content-wrapper\">\n\t\t\t\t\t\t\t\t\t<span class=\"elementor-button-text\">learn more<\/span>\n\t\t\t\t\t<\/span>\n\t\t\t\t\t<\/a>\n\t\t\t\t<\/div>\n\t\t\t\t\t\t\t\t<\/div>\n\t\t\t\t<\/div>\n\t\t\t\t\t<\/div>\n\t\t<\/div>\n\t\t\t\t\t<\/div>\n\t\t<\/section>\n\t\t\t\t<section class=\"elementor-section elementor-top-section elementor-element elementor-element-aa45612 elementor-section-boxed elementor-section-height-default elementor-section-height-default\" data-id=\"aa45612\" data-element_type=\"section\" data-e-type=\"section\">\n\t\t\t\t\t\t<div class=\"elementor-container elementor-column-gap-default\">\n\t\t\t\t\t<div class=\"elementor-column elementor-col-100 elementor-top-column elementor-element elementor-element-7a86f65\" data-id=\"7a86f65\" data-element_type=\"column\" data-e-type=\"column\">\n\t\t\t<div class=\"elementor-widget-wrap elementor-element-populated\">\n\t\t\t\t\t\t<div class=\"elementor-element elementor-element-8cb380b elementor-widget elementor-widget-text-editor\" data-id=\"8cb380b\" data-element_type=\"widget\" data-e-type=\"widget\" data-widget_type=\"text-editor.default\">\n\t\t\t\t<div class=\"elementor-widget-container\">\n\t\t\t\t\t\t\t\t\t<p>* Certains produits peuvent ne pas \u00eatre autoris\u00e9s \u00e0 la vente au Canada. De plus, certains produits peuvent \u00eatre destin\u00e9s \u00e0 la recherche uniquement (RUO) &#8211; et non \u00e0 des fins de diagnostic clinique. Veuillez contacter Somagen pour des demandes sp\u00e9cifiques.<\/p>\t\t\t\t\t\t\t\t<\/div>\n\t\t\t\t<\/div>\n\t\t\t\t\t<\/div>\n\t\t<\/div>\n\t\t\t\t\t<\/div>\n\t\t<\/section>\n\t\t\t\t<\/div>\n\t\t","protected":false},"excerpt":{"rendered":"<p>Pathologie mol\u00e9culaire En d\u00e9veloppant notre histoire en tant que leader du march\u00e9 des diagnostics cliniques, Somagen a r\u00e9uni un groupe de fournisseurs de premier plan pour soutenir le domaine de [&hellip;]<\/p>\n","protected":false},"author":4,"featured_media":0,"parent":0,"menu_order":0,"comment_status":"closed","ping_status":"closed","template":"","meta":{"_relevanssi_hide_post":"","_relevanssi_hide_content":"","_relevanssi_pin_for_all":"","_relevanssi_pin_keywords":"","_relevanssi_unpin_keywords":"","_relevanssi_related_keywords":"","_relevanssi_related_include_ids":"","_relevanssi_related_exclude_ids":"","_relevanssi_related_no_append":"","_relevanssi_related_not_related":"","_relevanssi_related_posts":"","_relevanssi_noindex_reason":"","footnotes":""},"class_list":["post-32519","page","type-page","status-publish","hentry"],"_links":{"self":[{"href":"https:\/\/www.somagen.com\/fr\/wp-json\/wp\/v2\/pages\/32519","targetHints":{"allow":["GET"]}}],"collection":[{"href":"https:\/\/www.somagen.com\/fr\/wp-json\/wp\/v2\/pages"}],"about":[{"href":"https:\/\/www.somagen.com\/fr\/wp-json\/wp\/v2\/types\/page"}],"author":[{"embeddable":true,"href":"https:\/\/www.somagen.com\/fr\/wp-json\/wp\/v2\/users\/4"}],"replies":[{"embeddable":true,"href":"https:\/\/www.somagen.com\/fr\/wp-json\/wp\/v2\/comments?post=32519"}],"version-history":[{"count":29,"href":"https:\/\/www.somagen.com\/fr\/wp-json\/wp\/v2\/pages\/32519\/revisions"}],"predecessor-version":[{"id":43506,"href":"https:\/\/www.somagen.com\/fr\/wp-json\/wp\/v2\/pages\/32519\/revisions\/43506"}],"wp:attachment":[{"href":"https:\/\/www.somagen.com\/fr\/wp-json\/wp\/v2\/media?parent=32519"}],"curies":[{"name":"wp","href":"https:\/\/api.w.org\/{rel}","templated":true}]}}