{"id":32529,"date":"2022-07-18T08:41:34","date_gmt":"2022-07-18T14:41:34","guid":{"rendered":"https:\/\/somagen.com\/streck\/"},"modified":"2022-08-25T08:26:00","modified_gmt":"2022-08-25T14:26:00","slug":"streck","status":"publish","type":"page","link":"https:\/\/www.somagen.com\/fr\/streck\/","title":{"rendered":"Streck"},"content":{"rendered":"\t\t<div data-elementor-type=\"wp-page\" data-elementor-id=\"32529\" class=\"elementor elementor-32529 elementor-16611\" data-elementor-post-type=\"page\">\n\t\t\t\t\t\t<section class=\"elementor-section elementor-top-section elementor-element elementor-element-701ab40 elementor-section-height-min-height elementor-section-boxed elementor-section-height-default elementor-section-items-middle elementor-invisible\" data-id=\"701ab40\" data-element_type=\"section\" data-e-type=\"section\" data-settings=\"{&quot;background_background&quot;:&quot;classic&quot;,&quot;animation&quot;:&quot;fadeInUp&quot;}\">\n\t\t\t\t\t\t<div class=\"elementor-container elementor-column-gap-default\">\n\t\t\t\t\t<div class=\"elementor-column elementor-col-100 elementor-top-column elementor-element elementor-element-a684a5e\" data-id=\"a684a5e\" data-element_type=\"column\" data-e-type=\"column\">\n\t\t\t<div class=\"elementor-widget-wrap\">\n\t\t\t\t\t\t\t<\/div>\n\t\t<\/div>\n\t\t\t\t\t<\/div>\n\t\t<\/section>\n\t\t\t\t<section class=\"elementor-section elementor-top-section elementor-element elementor-element-988bf15 elementor-section-boxed elementor-section-height-default elementor-section-height-default elementor-invisible\" data-id=\"988bf15\" data-element_type=\"section\" data-e-type=\"section\" data-settings=\"{&quot;animation&quot;:&quot;fadeInUp&quot;,&quot;background_background&quot;:&quot;classic&quot;}\">\n\t\t\t\t\t\t<div class=\"elementor-container elementor-column-gap-default\">\n\t\t\t\t\t<div class=\"elementor-column elementor-col-50 elementor-top-column elementor-element elementor-element-e5fb643\" data-id=\"e5fb643\" data-element_type=\"column\" data-e-type=\"column\">\n\t\t\t<div class=\"elementor-widget-wrap elementor-element-populated\">\n\t\t\t\t\t\t<div class=\"elementor-element elementor-element-1c94993 elementor-widget elementor-widget-image\" data-id=\"1c94993\" data-element_type=\"widget\" data-e-type=\"widget\" data-widget_type=\"image.default\">\n\t\t\t\t<div class=\"elementor-widget-container\">\n\t\t\t\t\t\t\t\t\t\t\t\t\t\t\t<img fetchpriority=\"high\" decoding=\"async\" width=\"800\" height=\"161\" src=\"https:\/\/www.somagen.com\/wp-content\/uploads\/2021\/08\/Streck-Brandmark-RGB-800x161.png\" class=\"attachment-medium size-medium wp-image-16099\" alt=\"\" srcset=\"https:\/\/www.somagen.com\/wp-content\/uploads\/2021\/08\/Streck-Brandmark-RGB-800x161.png 800w, https:\/\/www.somagen.com\/wp-content\/uploads\/2021\/08\/Streck-Brandmark-RGB-1920x387.png 1920w, https:\/\/www.somagen.com\/wp-content\/uploads\/2021\/08\/Streck-Brandmark-RGB-768x155.png 768w, https:\/\/www.somagen.com\/wp-content\/uploads\/2021\/08\/Streck-Brandmark-RGB-1536x309.png 1536w, https:\/\/www.somagen.com\/wp-content\/uploads\/2021\/08\/Streck-Brandmark-RGB-2048x412.png 2048w\" sizes=\"(max-width: 800px) 100vw, 800px\" \/>\t\t\t\t\t\t\t\t\t\t\t\t\t\t\t<\/div>\n\t\t\t\t<\/div>\n\t\t\t\t<div class=\"elementor-element elementor-element-5d59f93 elementor-widget elementor-widget-text-editor\" data-id=\"5d59f93\" data-element_type=\"widget\" data-e-type=\"widget\" data-widget_type=\"text-editor.default\">\n\t\t\t\t<div class=\"elementor-widget-container\">\n\t\t\t\t\t\t\t\t\tStreck fut fond\u00e9 en 1971 par le Dr Wayne Ryan qui a d\u00e9velopp\u00e9 la technologie de base de la soci\u00e9t\u00e9 en mati\u00e8re de stabilisation cellulaire \u00e0 une \u00e9poque o\u00f9 les cellules sanguines \u00e9taient encore compt\u00e9es manuellement \u00e0 l\u2019aide de microscopes.\r\n\r\nLes chercheurs de Streck ont facilit\u00e9 le comptage automatique, menant \u00e0 l\u2019\u00e9laboration d&#8217;un syst\u00e8me pr\u00e9cis d&#8217;\u00e9talonnage des dispositifs de comptage des plaquettes. Il s&#8217;agissait d&#8217;une perc\u00e9e majeure pour les laboratoires d&#8217;h\u00e9matologie du monde entier, ce qui a aliment\u00e9 leur qu\u00eate de solutions innovantes pour le laboratoire clinique.\r\n\r\nAujourd&#8217;hui, l&#8217;innovation continue de faire avancer leur science. Streck d\u00e9tient plus de 40 brevets sur plus de 20 produits et fabrique des mat\u00e9riaux de tests et de r\u00e9actifs pour certains des principaux fabricants d&#8217;instruments de l&#8217;industrie.\t\t\t\t\t\t\t\t<\/div>\n\t\t\t\t<\/div>\n\t\t\t\t\t<\/div>\n\t\t<\/div>\n\t\t\t\t<div class=\"elementor-column elementor-col-50 elementor-top-column elementor-element elementor-element-916a51d\" data-id=\"916a51d\" data-element_type=\"column\" data-e-type=\"column\">\n\t\t\t<div class=\"elementor-widget-wrap elementor-element-populated\">\n\t\t\t\t\t\t<div class=\"elementor-element elementor-element-d34209d elementor-widget elementor-widget-image\" data-id=\"d34209d\" data-element_type=\"widget\" data-e-type=\"widget\" data-widget_type=\"image.default\">\n\t\t\t\t<div class=\"elementor-widget-container\">\n\t\t\t\t\t\t\t\t\t\t\t\t\t\t\t<img decoding=\"async\" width=\"800\" height=\"533\" src=\"https:\/\/www.somagen.com\/wp-content\/uploads\/2021\/08\/iStock-1209428102-1920x1280.jpg\" class=\"attachment-large size-large wp-image-16655\" alt=\"\" srcset=\"https:\/\/www.somagen.com\/wp-content\/uploads\/2021\/08\/iStock-1209428102-1920x1280.jpg 1920w, https:\/\/www.somagen.com\/wp-content\/uploads\/2021\/08\/iStock-1209428102-800x533.jpg 800w, https:\/\/www.somagen.com\/wp-content\/uploads\/2021\/08\/iStock-1209428102-768x512.jpg 768w, https:\/\/www.somagen.com\/wp-content\/uploads\/2021\/08\/iStock-1209428102-1536x1024.jpg 1536w, https:\/\/www.somagen.com\/wp-content\/uploads\/2021\/08\/iStock-1209428102-2048x1365.jpg 2048w\" sizes=\"(max-width: 800px) 100vw, 800px\" \/>\t\t\t\t\t\t\t\t\t\t\t\t\t\t\t<\/div>\n\t\t\t\t<\/div>\n\t\t\t\t\t<\/div>\n\t\t<\/div>\n\t\t\t\t\t<\/div>\n\t\t<\/section>\n\t\t\t\t<section class=\"elementor-section elementor-top-section elementor-element elementor-element-0c27d84 elementor-section-boxed elementor-section-height-default elementor-section-height-default\" data-id=\"0c27d84\" data-element_type=\"section\" data-e-type=\"section\" data-settings=\"{&quot;background_background&quot;:&quot;classic&quot;}\">\n\t\t\t\t\t\t<div class=\"elementor-container elementor-column-gap-default\">\n\t\t\t\t\t<div class=\"elementor-column elementor-col-100 elementor-top-column elementor-element elementor-element-79cd370\" data-id=\"79cd370\" data-element_type=\"column\" data-e-type=\"column\">\n\t\t\t<div class=\"elementor-widget-wrap elementor-element-populated\">\n\t\t\t\t\t\t<div class=\"elementor-element elementor-element-ebc2873 elementor-invisible elementor-widget elementor-widget-text-editor\" data-id=\"ebc2873\" data-element_type=\"widget\" data-e-type=\"widget\" data-settings=\"{&quot;_animation&quot;:&quot;fadeInUp&quot;}\" data-widget_type=\"text-editor.default\">\n\t\t\t\t<div class=\"elementor-widget-container\">\n\t\t\t\t\t\t\t\t\t<strong>Produits<\/strong>\t\t\t\t\t\t\t\t<\/div>\n\t\t\t\t<\/div>\n\t\t\t\t\t<\/div>\n\t\t<\/div>\n\t\t\t\t\t<\/div>\n\t\t<\/section>\n\t\t\t\t<section class=\"elementor-section elementor-top-section elementor-element elementor-element-450b498 elementor-section-boxed elementor-section-height-default elementor-section-height-default elementor-invisible\" data-id=\"450b498\" data-element_type=\"section\" data-e-type=\"section\" data-settings=\"{&quot;animation&quot;:&quot;fadeInUp&quot;}\">\n\t\t\t\t\t\t<div class=\"elementor-container elementor-column-gap-default\">\n\t\t\t\t\t<div class=\"elementor-column elementor-col-33 elementor-top-column elementor-element elementor-element-5a8fe3d\" data-id=\"5a8fe3d\" data-element_type=\"column\" data-e-type=\"column\">\n\t\t\t<div class=\"elementor-widget-wrap elementor-element-populated\">\n\t\t\t\t\t\t<div class=\"elementor-element elementor-element-22ad691 elementor-widget elementor-widget-image\" data-id=\"22ad691\" data-element_type=\"widget\" data-e-type=\"widget\" data-widget_type=\"image.default\">\n\t\t\t\t<div class=\"elementor-widget-container\">\n\t\t\t\t\t\t\t\t\t\t\t\t\t\t\t<img decoding=\"async\" width=\"2560\" height=\"1707\" src=\"https:\/\/www.somagen.com\/wp-content\/uploads\/2022\/04\/shutterstock_652787821-scaled.jpg\" class=\"attachment-full size-full wp-image-25657\" alt=\"\" srcset=\"https:\/\/www.somagen.com\/wp-content\/uploads\/2022\/04\/shutterstock_652787821-scaled.jpg 2560w, https:\/\/www.somagen.com\/wp-content\/uploads\/2022\/04\/shutterstock_652787821-800x533.jpg 800w, https:\/\/www.somagen.com\/wp-content\/uploads\/2022\/04\/shutterstock_652787821-1920x1280.jpg 1920w, https:\/\/www.somagen.com\/wp-content\/uploads\/2022\/04\/shutterstock_652787821-768x512.jpg 768w, https:\/\/www.somagen.com\/wp-content\/uploads\/2022\/04\/shutterstock_652787821-1536x1024.jpg 1536w, https:\/\/www.somagen.com\/wp-content\/uploads\/2022\/04\/shutterstock_652787821-2048x1365.jpg 2048w\" sizes=\"(max-width: 2560px) 100vw, 2560px\" \/>\t\t\t\t\t\t\t\t\t\t\t\t\t\t\t<\/div>\n\t\t\t\t<\/div>\n\t\t\t\t<div class=\"elementor-element elementor-element-479f323 elementor-widget elementor-widget-text-editor\" data-id=\"479f323\" data-element_type=\"widget\" data-e-type=\"widget\" data-widget_type=\"text-editor.default\">\n\t\t\t\t<div class=\"elementor-widget-container\">\n\t\t\t\t\t\t\t\t\t<p><strong>Fluides corporels<\/strong><\/p><p>Les produits de contr\u00f4le des fluides corporels de Streck comprennent des contr\u00f4les manuels et automatis\u00e9s des fluides corporels, des contr\u00f4les de la num\u00e9ration des spermatozo\u00efdes et des contr\u00f4les d\u2019analyse d\u2019urine semblables \u00e0 ceux des patients test\u00e9s sur plusieurs plateformes.<\/p>\t\t\t\t\t\t\t\t<\/div>\n\t\t\t\t<\/div>\n\t\t\t\t<div class=\"elementor-element elementor-element-af3bc72 elementor-widget elementor-widget-button\" data-id=\"af3bc72\" data-element_type=\"widget\" data-e-type=\"widget\" data-widget_type=\"button.default\">\n\t\t\t\t<div class=\"elementor-widget-container\">\n\t\t\t\t\t\t\t\t\t<div class=\"elementor-button-wrapper\">\n\t\t\t\t\t<a class=\"elementor-button elementor-button-link elementor-size-sm\" href=\"https:\/\/www.streck.com\/products\/quality-control\/body-fluid-urinalysis\/\" target=\"_blank\" rel=\"noopener\">\n\t\t\t\t\t\t<span class=\"elementor-button-content-wrapper\">\n\t\t\t\t\t\t\t\t\t<span class=\"elementor-button-text\">APPRENEZ-EN PLUS<\/span>\n\t\t\t\t\t<\/span>\n\t\t\t\t\t<\/a>\n\t\t\t\t<\/div>\n\t\t\t\t\t\t\t\t<\/div>\n\t\t\t\t<\/div>\n\t\t\t\t\t<\/div>\n\t\t<\/div>\n\t\t\t\t<div class=\"elementor-column elementor-col-33 elementor-top-column elementor-element elementor-element-9c70fb0\" data-id=\"9c70fb0\" data-element_type=\"column\" data-e-type=\"column\">\n\t\t\t<div class=\"elementor-widget-wrap elementor-element-populated\">\n\t\t\t\t\t\t<div class=\"elementor-element elementor-element-6fc2d47 elementor-widget elementor-widget-image\" data-id=\"6fc2d47\" data-element_type=\"widget\" data-e-type=\"widget\" data-widget_type=\"image.default\">\n\t\t\t\t<div class=\"elementor-widget-container\">\n\t\t\t\t\t\t\t\t\t\t\t\t\t\t\t<img loading=\"lazy\" decoding=\"async\" width=\"800\" height=\"510\" src=\"https:\/\/www.somagen.com\/wp-content\/uploads\/2021\/08\/iStock-1127105013-1920x1225.jpg\" class=\"attachment-large size-large wp-image-16681\" alt=\"\" srcset=\"https:\/\/www.somagen.com\/wp-content\/uploads\/2021\/08\/iStock-1127105013-1920x1225.jpg 1920w, https:\/\/www.somagen.com\/wp-content\/uploads\/2021\/08\/iStock-1127105013-800x511.jpg 800w, https:\/\/www.somagen.com\/wp-content\/uploads\/2021\/08\/iStock-1127105013-768x490.jpg 768w, https:\/\/www.somagen.com\/wp-content\/uploads\/2021\/08\/iStock-1127105013-1536x980.jpg 1536w, https:\/\/www.somagen.com\/wp-content\/uploads\/2021\/08\/iStock-1127105013-2048x1307.jpg 2048w\" sizes=\"(max-width: 800px) 100vw, 800px\" \/>\t\t\t\t\t\t\t\t\t\t\t\t\t\t\t<\/div>\n\t\t\t\t<\/div>\n\t\t\t\t<div class=\"elementor-element elementor-element-cd7bd0e elementor-widget elementor-widget-text-editor\" data-id=\"cd7bd0e\" data-element_type=\"widget\" data-e-type=\"widget\" data-widget_type=\"text-editor.default\">\n\t\t\t\t<div class=\"elementor-widget-container\">\n\t\t\t\t\t\t\t\t\t<p><strong>Cytom\u00e9trie de flux<\/strong><\/p><p>Bas\u00e9 sur sa technologie exclusive de stabilisation cellulaire, Streck propose une gamme compl\u00e8te de contr\u00f4les proc\u00e9duraux positifs en fournissant des valeurs de dosage pour les populations de leucocytes normales et anormales et des valeurs de r\u00e9f\u00e9rence pour les marqueurs intracellulaires et de surface.<\/p>\t\t\t\t\t\t\t\t<\/div>\n\t\t\t\t<\/div>\n\t\t\t\t<div class=\"elementor-element elementor-element-b089407 elementor-widget elementor-widget-button\" data-id=\"b089407\" data-element_type=\"widget\" data-e-type=\"widget\" data-widget_type=\"button.default\">\n\t\t\t\t<div class=\"elementor-widget-container\">\n\t\t\t\t\t\t\t\t\t<div class=\"elementor-button-wrapper\">\n\t\t\t\t\t<a class=\"elementor-button elementor-button-link elementor-size-sm\" href=\"https:\/\/www.streck.com\/products\/flow-cytometry\/\" target=\"_blank\" rel=\"noopener\">\n\t\t\t\t\t\t<span class=\"elementor-button-content-wrapper\">\n\t\t\t\t\t\t\t\t\t<span class=\"elementor-button-text\">APPRENEZ-EN PLUS<\/span>\n\t\t\t\t\t<\/span>\n\t\t\t\t\t<\/a>\n\t\t\t\t<\/div>\n\t\t\t\t\t\t\t\t<\/div>\n\t\t\t\t<\/div>\n\t\t\t\t\t<\/div>\n\t\t<\/div>\n\t\t\t\t<div class=\"elementor-column elementor-col-33 elementor-top-column elementor-element elementor-element-f2c46c6\" data-id=\"f2c46c6\" data-element_type=\"column\" data-e-type=\"column\">\n\t\t\t<div class=\"elementor-widget-wrap elementor-element-populated\">\n\t\t\t\t\t\t<div class=\"elementor-element elementor-element-fc34979 elementor-widget elementor-widget-image\" data-id=\"fc34979\" data-element_type=\"widget\" data-e-type=\"widget\" data-widget_type=\"image.default\">\n\t\t\t\t<div class=\"elementor-widget-container\">\n\t\t\t\t\t\t\t\t\t\t\t\t\t\t\t<img loading=\"lazy\" decoding=\"async\" width=\"800\" height=\"533\" src=\"https:\/\/www.somagen.com\/wp-content\/uploads\/2021\/08\/iStock-470587231-copy-1920x1280.jpg\" class=\"attachment-large size-large wp-image-16851\" alt=\"\" srcset=\"https:\/\/www.somagen.com\/wp-content\/uploads\/2021\/08\/iStock-470587231-copy-1920x1280.jpg 1920w, https:\/\/www.somagen.com\/wp-content\/uploads\/2021\/08\/iStock-470587231-copy-800x533.jpg 800w, https:\/\/www.somagen.com\/wp-content\/uploads\/2021\/08\/iStock-470587231-copy-768x512.jpg 768w, https:\/\/www.somagen.com\/wp-content\/uploads\/2021\/08\/iStock-470587231-copy-1536x1024.jpg 1536w, https:\/\/www.somagen.com\/wp-content\/uploads\/2021\/08\/iStock-470587231-copy-2048x1365.jpg 2048w\" sizes=\"(max-width: 800px) 100vw, 800px\" \/>\t\t\t\t\t\t\t\t\t\t\t\t\t\t\t<\/div>\n\t\t\t\t<\/div>\n\t\t\t\t<div class=\"elementor-element elementor-element-1c0ebe6 elementor-widget elementor-widget-text-editor\" data-id=\"1c0ebe6\" data-element_type=\"widget\" data-e-type=\"widget\" data-widget_type=\"text-editor.default\">\n\t\t\t\t<div class=\"elementor-widget-container\">\n\t\t\t\t\t\t\t\t\t<p><strong>HbA1c<\/strong><\/p><p>La gamme de produits HbA1c de Streck comprend un contr\u00f4le et une \u00e9valuation de la lin\u00e9arit\u00e9 avec des globules rouges intacts pour tester l&#8217;ensemble de la proc\u00e9dure HbA1c, y compris la lyse des globules rouges.<\/p>\t\t\t\t\t\t\t\t<\/div>\n\t\t\t\t<\/div>\n\t\t\t\t<div class=\"elementor-element elementor-element-6a0316e elementor-widget elementor-widget-button\" data-id=\"6a0316e\" data-element_type=\"widget\" data-e-type=\"widget\" data-widget_type=\"button.default\">\n\t\t\t\t<div class=\"elementor-widget-container\">\n\t\t\t\t\t\t\t\t\t<div class=\"elementor-button-wrapper\">\n\t\t\t\t\t<a class=\"elementor-button elementor-button-link elementor-size-sm\" href=\"https:\/\/www.streck.com\/products\/quality-control\/hba1c\/\" target=\"_blank\" rel=\"noopener\">\n\t\t\t\t\t\t<span class=\"elementor-button-content-wrapper\">\n\t\t\t\t\t\t\t\t\t<span class=\"elementor-button-text\">APPRENEZ-EN PLUS<\/span>\n\t\t\t\t\t<\/span>\n\t\t\t\t\t<\/a>\n\t\t\t\t<\/div>\n\t\t\t\t\t\t\t\t<\/div>\n\t\t\t\t<\/div>\n\t\t\t\t\t<\/div>\n\t\t<\/div>\n\t\t\t\t\t<\/div>\n\t\t<\/section>\n\t\t\t\t<section class=\"elementor-section elementor-top-section elementor-element elementor-element-eb48504 elementor-section-boxed elementor-section-height-default elementor-section-height-default elementor-invisible\" data-id=\"eb48504\" data-element_type=\"section\" data-e-type=\"section\" data-settings=\"{&quot;animation&quot;:&quot;fadeInUp&quot;}\">\n\t\t\t\t\t\t<div class=\"elementor-container elementor-column-gap-default\">\n\t\t\t\t\t<div class=\"elementor-column elementor-col-33 elementor-top-column elementor-element elementor-element-9cea2dc\" data-id=\"9cea2dc\" data-element_type=\"column\" data-e-type=\"column\">\n\t\t\t<div class=\"elementor-widget-wrap elementor-element-populated\">\n\t\t\t\t\t\t<div class=\"elementor-element elementor-element-694529f elementor-widget elementor-widget-image\" data-id=\"694529f\" data-element_type=\"widget\" data-e-type=\"widget\" data-widget_type=\"image.default\">\n\t\t\t\t<div class=\"elementor-widget-container\">\n\t\t\t\t\t\t\t\t\t\t\t\t\t\t\t<img loading=\"lazy\" decoding=\"async\" width=\"800\" height=\"520\" src=\"https:\/\/www.somagen.com\/wp-content\/uploads\/2021\/08\/hematology-control-category-1200x780-1-800x520.jpg\" class=\"attachment-medium size-medium wp-image-16725\" alt=\"\" srcset=\"https:\/\/www.somagen.com\/wp-content\/uploads\/2021\/08\/hematology-control-category-1200x780-1-800x520.jpg 800w, https:\/\/www.somagen.com\/wp-content\/uploads\/2021\/08\/hematology-control-category-1200x780-1-768x499.jpg 768w, https:\/\/www.somagen.com\/wp-content\/uploads\/2021\/08\/hematology-control-category-1200x780-1.jpg 1200w\" sizes=\"(max-width: 800px) 100vw, 800px\" \/>\t\t\t\t\t\t\t\t\t\t\t\t\t\t\t<\/div>\n\t\t\t\t<\/div>\n\t\t\t\t<div class=\"elementor-element elementor-element-11f99e2 elementor-widget elementor-widget-text-editor\" data-id=\"11f99e2\" data-element_type=\"widget\" data-e-type=\"widget\" data-widget_type=\"text-editor.default\">\n\t\t\t\t<div class=\"elementor-widget-container\">\n\t\t\t\t\t\t\t\t\t<p><strong>H\u00e9matologie<\/strong><\/p><p>La gamme de contr\u00f4les et de calibrateurs h\u00e9matologiques de Streck est disponible pour la plupart des marques d&#8217;analyseurs d&#8217;h\u00e9matologie et vient en plusieurs niveaux pour tester la pr\u00e9cision et la sensibilit\u00e9.<\/p>\t\t\t\t\t\t\t\t<\/div>\n\t\t\t\t<\/div>\n\t\t\t\t<div class=\"elementor-element elementor-element-44a76af elementor-widget elementor-widget-button\" data-id=\"44a76af\" data-element_type=\"widget\" data-e-type=\"widget\" data-widget_type=\"button.default\">\n\t\t\t\t<div class=\"elementor-widget-container\">\n\t\t\t\t\t\t\t\t\t<div class=\"elementor-button-wrapper\">\n\t\t\t\t\t<a class=\"elementor-button elementor-button-link elementor-size-sm\" href=\"https:\/\/www.streck.com\/products\/quality-control\/hematology\/\" target=\"_blank\" rel=\"noopener\">\n\t\t\t\t\t\t<span class=\"elementor-button-content-wrapper\">\n\t\t\t\t\t\t\t\t\t<span class=\"elementor-button-text\">APPRENEZ-EN PLUS<\/span>\n\t\t\t\t\t<\/span>\n\t\t\t\t\t<\/a>\n\t\t\t\t<\/div>\n\t\t\t\t\t\t\t\t<\/div>\n\t\t\t\t<\/div>\n\t\t\t\t\t<\/div>\n\t\t<\/div>\n\t\t\t\t<div class=\"elementor-column elementor-col-33 elementor-top-column elementor-element elementor-element-89dbcbf\" data-id=\"89dbcbf\" data-element_type=\"column\" data-e-type=\"column\">\n\t\t\t<div class=\"elementor-widget-wrap elementor-element-populated\">\n\t\t\t\t\t\t<div class=\"elementor-element elementor-element-8ed136b elementor-widget elementor-widget-image\" data-id=\"8ed136b\" data-element_type=\"widget\" data-e-type=\"widget\" data-widget_type=\"image.default\">\n\t\t\t\t<div class=\"elementor-widget-container\">\n\t\t\t\t\t\t\t\t\t\t\t\t\t\t\t<img loading=\"lazy\" decoding=\"async\" width=\"800\" height=\"533\" src=\"https:\/\/www.somagen.com\/wp-content\/uploads\/2021\/08\/iStock-178849054-1920x1280.jpg\" class=\"attachment-large size-large wp-image-16899\" alt=\"\" srcset=\"https:\/\/www.somagen.com\/wp-content\/uploads\/2021\/08\/iStock-178849054-1920x1280.jpg 1920w, https:\/\/www.somagen.com\/wp-content\/uploads\/2021\/08\/iStock-178849054-800x533.jpg 800w, https:\/\/www.somagen.com\/wp-content\/uploads\/2021\/08\/iStock-178849054-768x512.jpg 768w, https:\/\/www.somagen.com\/wp-content\/uploads\/2021\/08\/iStock-178849054-1536x1024.jpg 1536w, https:\/\/www.somagen.com\/wp-content\/uploads\/2021\/08\/iStock-178849054-2048x1365.jpg 2048w\" sizes=\"(max-width: 800px) 100vw, 800px\" \/>\t\t\t\t\t\t\t\t\t\t\t\t\t\t\t<\/div>\n\t\t\t\t<\/div>\n\t\t\t\t<div class=\"elementor-element elementor-element-d394054 elementor-widget elementor-widget-text-editor\" data-id=\"d394054\" data-element_type=\"widget\" data-e-type=\"widget\" data-widget_type=\"text-editor.default\">\n\t\t\t\t<div class=\"elementor-widget-container\">\n\t\t\t\t\t\t\t\t\t<p><strong>Dr\u00e9panocytes<\/strong><\/p><p>Streck propose une gamme compl\u00e8te de kits pour les essais qualitatifs de solubilit\u00e9 dr\u00e9panocytaire et du mat\u00e9riel de contr\u00f4le qualit\u00e9.<\/p>\t\t\t\t\t\t\t\t<\/div>\n\t\t\t\t<\/div>\n\t\t\t\t<div class=\"elementor-element elementor-element-70e36d0 elementor-widget elementor-widget-button\" data-id=\"70e36d0\" data-element_type=\"widget\" data-e-type=\"widget\" data-widget_type=\"button.default\">\n\t\t\t\t<div class=\"elementor-widget-container\">\n\t\t\t\t\t\t\t\t\t<div class=\"elementor-button-wrapper\">\n\t\t\t\t\t<a class=\"elementor-button elementor-button-link elementor-size-sm\" href=\"https:\/\/www.streck.com\/products\/sickle-cell\/\" target=\"_blank\" rel=\"noopener\">\n\t\t\t\t\t\t<span class=\"elementor-button-content-wrapper\">\n\t\t\t\t\t\t\t\t\t<span class=\"elementor-button-text\">APPRENEZ-EN PLUS<\/span>\n\t\t\t\t\t<\/span>\n\t\t\t\t\t<\/a>\n\t\t\t\t<\/div>\n\t\t\t\t\t\t\t\t<\/div>\n\t\t\t\t<\/div>\n\t\t\t\t\t<\/div>\n\t\t<\/div>\n\t\t\t\t<div class=\"elementor-column elementor-col-33 elementor-top-column elementor-element elementor-element-686bfaf\" data-id=\"686bfaf\" data-element_type=\"column\" data-e-type=\"column\">\n\t\t\t<div class=\"elementor-widget-wrap elementor-element-populated\">\n\t\t\t\t\t\t<div class=\"elementor-element elementor-element-8b9283d elementor-widget elementor-widget-image\" data-id=\"8b9283d\" data-element_type=\"widget\" data-e-type=\"widget\" data-widget_type=\"image.default\">\n\t\t\t\t<div class=\"elementor-widget-container\">\n\t\t\t\t\t\t\t\t\t\t\t\t\t\t\t<img loading=\"lazy\" decoding=\"async\" width=\"800\" height=\"533\" src=\"https:\/\/www.somagen.com\/wp-content\/uploads\/2021\/08\/iStock-1070740674-1920x1280.jpg\" class=\"attachment-large size-large wp-image-16669\" alt=\"\" srcset=\"https:\/\/www.somagen.com\/wp-content\/uploads\/2021\/08\/iStock-1070740674-1920x1280.jpg 1920w, https:\/\/www.somagen.com\/wp-content\/uploads\/2021\/08\/iStock-1070740674-800x533.jpg 800w, https:\/\/www.somagen.com\/wp-content\/uploads\/2021\/08\/iStock-1070740674-768x512.jpg 768w, https:\/\/www.somagen.com\/wp-content\/uploads\/2021\/08\/iStock-1070740674-1536x1024.jpg 1536w, https:\/\/www.somagen.com\/wp-content\/uploads\/2021\/08\/iStock-1070740674-2048x1365.jpg 2048w\" sizes=\"(max-width: 800px) 100vw, 800px\" \/>\t\t\t\t\t\t\t\t\t\t\t\t\t\t\t<\/div>\n\t\t\t\t<\/div>\n\t\t\t\t<div class=\"elementor-element elementor-element-82c0e5f elementor-widget elementor-widget-text-editor\" data-id=\"82c0e5f\" data-element_type=\"widget\" data-e-type=\"widget\" data-widget_type=\"text-editor.default\">\n\t\t\t\t<div class=\"elementor-widget-container\">\n\t\t\t\t\t\t\t\t\t<p><strong>Accessoires &amp; Services<\/strong><\/p><p>Portfolio Streck de thermom\u00e8tres tra\u00e7ables NIST et programme STATS inter laboratoire d\u2019assurance de la qualit\u00e9<\/p>\t\t\t\t\t\t\t\t<\/div>\n\t\t\t\t<\/div>\n\t\t\t\t<div class=\"elementor-element elementor-element-4ecdb5b elementor-widget elementor-widget-button\" data-id=\"4ecdb5b\" data-element_type=\"widget\" data-e-type=\"widget\" data-widget_type=\"button.default\">\n\t\t\t\t<div class=\"elementor-widget-container\">\n\t\t\t\t\t\t\t\t\t<div class=\"elementor-button-wrapper\">\n\t\t\t\t\t<a class=\"elementor-button elementor-button-link elementor-size-sm\" href=\"https:\/\/www.streck.com\/products\/accessories-services\/\" target=\"_blank\" rel=\"noopener\">\n\t\t\t\t\t\t<span class=\"elementor-button-content-wrapper\">\n\t\t\t\t\t\t\t\t\t<span class=\"elementor-button-text\">APPRENEZ-EN PLUS<\/span>\n\t\t\t\t\t<\/span>\n\t\t\t\t\t<\/a>\n\t\t\t\t<\/div>\n\t\t\t\t\t\t\t\t<\/div>\n\t\t\t\t<\/div>\n\t\t\t\t\t<\/div>\n\t\t<\/div>\n\t\t\t\t\t<\/div>\n\t\t<\/section>\n\t\t\t\t<\/div>\n\t\t","protected":false},"excerpt":{"rendered":"<p>Streck fut fond\u00e9 en 1971 par le Dr Wayne Ryan qui a d\u00e9velopp\u00e9 la technologie de base de la soci\u00e9t\u00e9 en mati\u00e8re de stabilisation cellulaire \u00e0 une \u00e9poque o\u00f9 les [&hellip;]<\/p>\n","protected":false},"author":4,"featured_media":0,"parent":0,"menu_order":0,"comment_status":"closed","ping_status":"closed","template":"","meta":{"_relevanssi_hide_post":"","_relevanssi_hide_content":"","_relevanssi_pin_for_all":"","_relevanssi_pin_keywords":"","_relevanssi_unpin_keywords":"","_relevanssi_related_keywords":"","_relevanssi_related_include_ids":"","_relevanssi_related_exclude_ids":"","_relevanssi_related_no_append":"","_relevanssi_related_not_related":"","_relevanssi_related_posts":"","_relevanssi_noindex_reason":"","footnotes":""},"class_list":["post-32529","page","type-page","status-publish","hentry"],"_links":{"self":[{"href":"https:\/\/www.somagen.com\/fr\/wp-json\/wp\/v2\/pages\/32529","targetHints":{"allow":["GET"]}}],"collection":[{"href":"https:\/\/www.somagen.com\/fr\/wp-json\/wp\/v2\/pages"}],"about":[{"href":"https:\/\/www.somagen.com\/fr\/wp-json\/wp\/v2\/types\/page"}],"author":[{"embeddable":true,"href":"https:\/\/www.somagen.com\/fr\/wp-json\/wp\/v2\/users\/4"}],"replies":[{"embeddable":true,"href":"https:\/\/www.somagen.com\/fr\/wp-json\/wp\/v2\/comments?post=32529"}],"version-history":[{"count":13,"href":"https:\/\/www.somagen.com\/fr\/wp-json\/wp\/v2\/pages\/32529\/revisions"}],"predecessor-version":[{"id":39415,"href":"https:\/\/www.somagen.com\/fr\/wp-json\/wp\/v2\/pages\/32529\/revisions\/39415"}],"wp:attachment":[{"href":"https:\/\/www.somagen.com\/fr\/wp-json\/wp\/v2\/media?parent=32529"}],"curies":[{"name":"wp","href":"https:\/\/api.w.org\/{rel}","templated":true}]}}