{"id":32557,"date":"2022-07-18T08:54:02","date_gmt":"2022-07-18T14:54:02","guid":{"rendered":"https:\/\/somagen.com\/streck-esr\/"},"modified":"2022-11-08T09:33:50","modified_gmt":"2022-11-08T16:33:50","slug":"streck-esr","status":"publish","type":"page","link":"https:\/\/www.somagen.com\/fr\/streck-esr\/","title":{"rendered":"Streck ESR"},"content":{"rendered":"\t\t<div data-elementor-type=\"wp-page\" data-elementor-id=\"32557\" class=\"elementor elementor-32557 elementor-25423\" data-elementor-post-type=\"page\">\n\t\t\t\t\t\t<section class=\"elementor-section elementor-top-section elementor-element elementor-element-701ab40 elementor-section-height-min-height elementor-section-boxed elementor-section-height-default elementor-section-items-middle elementor-invisible\" data-id=\"701ab40\" data-element_type=\"section\" data-e-type=\"section\" data-settings=\"{&quot;background_background&quot;:&quot;classic&quot;,&quot;animation&quot;:&quot;fadeInUp&quot;}\">\n\t\t\t\t\t\t<div class=\"elementor-container elementor-column-gap-default\">\n\t\t\t\t\t<div class=\"elementor-column elementor-col-100 elementor-top-column elementor-element elementor-element-a684a5e\" data-id=\"a684a5e\" data-element_type=\"column\" data-e-type=\"column\">\n\t\t\t<div class=\"elementor-widget-wrap\">\n\t\t\t\t\t\t\t<\/div>\n\t\t<\/div>\n\t\t\t\t\t<\/div>\n\t\t<\/section>\n\t\t\t\t<section class=\"elementor-section elementor-top-section elementor-element elementor-element-988bf15 elementor-section-boxed elementor-section-height-default elementor-section-height-default elementor-invisible\" data-id=\"988bf15\" data-element_type=\"section\" data-e-type=\"section\" data-settings=\"{&quot;animation&quot;:&quot;fadeInUp&quot;,&quot;background_background&quot;:&quot;classic&quot;}\">\n\t\t\t\t\t\t<div class=\"elementor-container elementor-column-gap-default\">\n\t\t\t\t\t<div class=\"elementor-column elementor-col-50 elementor-top-column elementor-element elementor-element-e5fb643\" data-id=\"e5fb643\" data-element_type=\"column\" data-e-type=\"column\">\n\t\t\t<div class=\"elementor-widget-wrap elementor-element-populated\">\n\t\t\t\t\t\t<div class=\"elementor-element elementor-element-dc0ccdb elementor-widget elementor-widget-image\" data-id=\"dc0ccdb\" data-element_type=\"widget\" data-e-type=\"widget\" data-widget_type=\"image.default\">\n\t\t\t\t<div class=\"elementor-widget-container\">\n\t\t\t\t\t\t\t\t\t\t\t\t\t\t\t<img fetchpriority=\"high\" decoding=\"async\" width=\"800\" height=\"161\" src=\"https:\/\/www.somagen.com\/wp-content\/uploads\/2021\/08\/Streck-Brandmark-RGB-1920x387.png\" class=\"attachment-large size-large wp-image-16099\" alt=\"\" srcset=\"https:\/\/www.somagen.com\/wp-content\/uploads\/2021\/08\/Streck-Brandmark-RGB-1920x387.png 1920w, https:\/\/www.somagen.com\/wp-content\/uploads\/2021\/08\/Streck-Brandmark-RGB-800x161.png 800w, https:\/\/www.somagen.com\/wp-content\/uploads\/2021\/08\/Streck-Brandmark-RGB-768x155.png 768w, https:\/\/www.somagen.com\/wp-content\/uploads\/2021\/08\/Streck-Brandmark-RGB-1536x309.png 1536w, https:\/\/www.somagen.com\/wp-content\/uploads\/2021\/08\/Streck-Brandmark-RGB-2048x412.png 2048w\" sizes=\"(max-width: 800px) 100vw, 800px\" \/>\t\t\t\t\t\t\t\t\t\t\t\t\t\t\t<\/div>\n\t\t\t\t<\/div>\n\t\t\t\t<div class=\"elementor-element elementor-element-5d59f93 elementor-widget elementor-widget-text-editor\" data-id=\"5d59f93\" data-element_type=\"widget\" data-e-type=\"widget\" data-widget_type=\"text-editor.default\">\n\t\t\t\t<div class=\"elementor-widget-container\">\n\t\t\t\t\t\t\t\t\tStreck fut fond\u00e9 en 1971 par le Dr Wayne Ryan qui a d\u00e9velopp\u00e9 la technologie de base de la soci\u00e9t\u00e9 en mati\u00e8re de stabilisation cellulaire \u00e0 une \u00e9poque o\u00f9 les cellules sanguines \u00e9taient encore compt\u00e9es manuellement \u00e0 l\u2019aide de microscopes.\r\n\r\nLes chercheurs de Streck ont facilit\u00e9 le comptage automatique, menant \u00e0 l\u2019\u00e9laboration d&#8217;un syst\u00e8me pr\u00e9cis d&#8217;\u00e9talonnage des dispositifs de comptage des plaquettes. Il s&#8217;agissait d&#8217;une perc\u00e9e majeure pour les laboratoires d&#8217;h\u00e9matologie du monde entier, ce qui a aliment\u00e9 leur qu\u00eate de solutions innovantes pour le laboratoire clinique.\r\n\r\nAujourd&#8217;hui, l&#8217;innovation continue de faire avancer leur science. Streck d\u00e9tient plus de 40 brevets sur plus de 20 produits et fabrique des mat\u00e9riaux de tests et de r\u00e9actifs pour certains des principaux fabricants d&#8217;instruments de l&#8217;industrie.\t\t\t\t\t\t\t\t<\/div>\n\t\t\t\t<\/div>\n\t\t\t\t\t<\/div>\n\t\t<\/div>\n\t\t\t\t<div class=\"elementor-column elementor-col-50 elementor-top-column elementor-element elementor-element-916a51d\" data-id=\"916a51d\" data-element_type=\"column\" data-e-type=\"column\">\n\t\t\t<div class=\"elementor-widget-wrap elementor-element-populated\">\n\t\t\t\t\t\t<div class=\"elementor-element elementor-element-d34209d elementor-widget elementor-widget-image\" data-id=\"d34209d\" data-element_type=\"widget\" data-e-type=\"widget\" data-widget_type=\"image.default\">\n\t\t\t\t<div class=\"elementor-widget-container\">\n\t\t\t\t\t\t\t\t\t\t\t\t\t\t\t<img decoding=\"async\" width=\"800\" height=\"533\" src=\"https:\/\/www.somagen.com\/wp-content\/uploads\/2021\/08\/iStock-1209428102-1920x1280.jpg\" class=\"attachment-large size-large wp-image-16655\" alt=\"\" srcset=\"https:\/\/www.somagen.com\/wp-content\/uploads\/2021\/08\/iStock-1209428102-1920x1280.jpg 1920w, https:\/\/www.somagen.com\/wp-content\/uploads\/2021\/08\/iStock-1209428102-800x533.jpg 800w, https:\/\/www.somagen.com\/wp-content\/uploads\/2021\/08\/iStock-1209428102-768x512.jpg 768w, https:\/\/www.somagen.com\/wp-content\/uploads\/2021\/08\/iStock-1209428102-1536x1024.jpg 1536w, https:\/\/www.somagen.com\/wp-content\/uploads\/2021\/08\/iStock-1209428102-2048x1365.jpg 2048w\" sizes=\"(max-width: 800px) 100vw, 800px\" \/>\t\t\t\t\t\t\t\t\t\t\t\t\t\t\t<\/div>\n\t\t\t\t<\/div>\n\t\t\t\t\t<\/div>\n\t\t<\/div>\n\t\t\t\t\t<\/div>\n\t\t<\/section>\n\t\t\t\t<section class=\"elementor-section elementor-top-section elementor-element elementor-element-f2efe16 elementor-section-boxed elementor-section-height-default elementor-section-height-default elementor-invisible\" data-id=\"f2efe16\" data-element_type=\"section\" data-e-type=\"section\" data-settings=\"{&quot;animation&quot;:&quot;fadeInUp&quot;}\">\n\t\t\t\t\t\t<div class=\"elementor-container elementor-column-gap-default\">\n\t\t\t\t\t<div class=\"elementor-column elementor-col-50 elementor-top-column elementor-element elementor-element-746a4cd\" data-id=\"746a4cd\" data-element_type=\"column\" data-e-type=\"column\">\n\t\t\t<div class=\"elementor-widget-wrap elementor-element-populated\">\n\t\t\t\t\t\t<div class=\"elementor-element elementor-element-099ed9e elementor-widget elementor-widget-image\" data-id=\"099ed9e\" data-element_type=\"widget\" data-e-type=\"widget\" data-widget_type=\"image.default\">\n\t\t\t\t<div class=\"elementor-widget-container\">\n\t\t\t\t\t\t\t\t\t\t\t\t\t\t\t<img decoding=\"async\" width=\"688\" height=\"600\" src=\"https:\/\/www.somagen.com\/wp-content\/uploads\/2021\/08\/Diesse-Cube-30-Touch-688x600.jpg\" class=\"attachment-medium size-medium wp-image-16874\" alt=\"\" srcset=\"https:\/\/www.somagen.com\/wp-content\/uploads\/2021\/08\/Diesse-Cube-30-Touch-688x600.jpg 688w, https:\/\/www.somagen.com\/wp-content\/uploads\/2021\/08\/Diesse-Cube-30-Touch-768x670.jpg 768w, https:\/\/www.somagen.com\/wp-content\/uploads\/2021\/08\/Diesse-Cube-30-Touch.jpg 804w\" sizes=\"(max-width: 688px) 100vw, 688px\" \/>\t\t\t\t\t\t\t\t\t\t\t\t\t\t\t<\/div>\n\t\t\t\t<\/div>\n\t\t\t\t\t<\/div>\n\t\t<\/div>\n\t\t\t\t<div class=\"elementor-column elementor-col-50 elementor-top-column elementor-element elementor-element-8337cdd\" data-id=\"8337cdd\" data-element_type=\"column\" data-e-type=\"column\">\n\t\t\t<div class=\"elementor-widget-wrap elementor-element-populated\">\n\t\t\t\t\t\t<div class=\"elementor-element elementor-element-11b87ee elementor-widget elementor-widget-text-editor\" data-id=\"11b87ee\" data-element_type=\"widget\" data-e-type=\"widget\" data-widget_type=\"text-editor.default\">\n\t\t\t\t<div class=\"elementor-widget-container\">\n\t\t\t\t\t\t\t\t\t<p><strong>Diesse CUBE 30 Touch<\/strong><\/p><p>Le Diesse CUBE 30 Touch est un instrument automatis\u00e9 \u00e0 haut volume qui teste la vitesse de s\u00e9dimentation des \u00e9rythrocytes directement \u00e0 partir de tubes EDTA sans consommer l\u2019\u00e9chantillon du patient. L\u2019instrument automatis\u00e9 CUBE 30 Touch offre une excellente corr\u00e9lation avec la m\u00e9thode Westergren modifi\u00e9e et est compatible avec les tubes standards K2EDTA et K3EDTA de 13 x 75 mm (1,5-4,0 ml). L\u2019analyseur ne n\u00e9cessite aucun r\u00e9actif, ce qui \u00e9limine l\u2019exposition de l\u2019op\u00e9rateur aux \u00e9chantillons du patient. Le CUBE 30 Touch offre le chargement d\u2019\u00e9chantillons \u00e0 acc\u00e8s al\u00e9atoire, le lecteur de codes-barres interne et l\u2019imprimante, l\u2019archivage automatique des donn\u00e9es CQ et patient, ainsi que la compatibilit\u00e9 au SIL. La fonction de contr\u00f4le de la qualit\u00e9 \u00e9limine le besoin d\u2019enregistrer manuellement les analyses quotidiennes, et les rapports statistiques sont g\u00e9n\u00e9r\u00e9s avec les caract\u00e9ristiques suivantes\u00a0: graphiques de Levey Jennings, \u00e9cart-type, CV%, moyenne, et le r\u00e9sultat le plus \u00e9lev\u00e9 et le plus bas.<\/p>\t\t\t\t\t\t\t\t<\/div>\n\t\t\t\t<\/div>\n\t\t\t\t<div class=\"elementor-element elementor-element-9d4646f elementor-widget elementor-widget-button\" data-id=\"9d4646f\" data-element_type=\"widget\" data-e-type=\"widget\" data-widget_type=\"button.default\">\n\t\t\t\t<div class=\"elementor-widget-container\">\n\t\t\t\t\t\t\t\t\t<div class=\"elementor-button-wrapper\">\n\t\t\t\t\t<a class=\"elementor-button elementor-button-link elementor-size-sm\" href=\"https:\/\/www.streck.com\/products\/sed-rate\/diesse-cube-30-touch\/\" target=\"_blank\" rel=\"noopener\">\n\t\t\t\t\t\t<span class=\"elementor-button-content-wrapper\">\n\t\t\t\t\t\t\t\t\t<span class=\"elementor-button-text\">APPRENEZ-EN PLUS<\/span>\n\t\t\t\t\t<\/span>\n\t\t\t\t\t<\/a>\n\t\t\t\t<\/div>\n\t\t\t\t\t\t\t\t<\/div>\n\t\t\t\t<\/div>\n\t\t\t\t\t<\/div>\n\t\t<\/div>\n\t\t\t\t\t<\/div>\n\t\t<\/section>\n\t\t\t\t<section class=\"elementor-section elementor-top-section elementor-element elementor-element-8eea656 elementor-section-boxed elementor-section-height-default elementor-section-height-default elementor-invisible\" data-id=\"8eea656\" data-element_type=\"section\" data-e-type=\"section\" data-settings=\"{&quot;animation&quot;:&quot;fadeInUp&quot;}\">\n\t\t\t\t\t\t<div class=\"elementor-container elementor-column-gap-default\">\n\t\t\t\t\t<div class=\"elementor-column elementor-col-50 elementor-top-column elementor-element elementor-element-3438b8e\" data-id=\"3438b8e\" data-element_type=\"column\" data-e-type=\"column\">\n\t\t\t<div class=\"elementor-widget-wrap elementor-element-populated\">\n\t\t\t\t\t\t<div class=\"elementor-element elementor-element-a5af2d1 elementor-widget elementor-widget-text-editor\" data-id=\"a5af2d1\" data-element_type=\"widget\" data-e-type=\"widget\" data-widget_type=\"text-editor.default\">\n\t\t\t\t<div class=\"elementor-widget-container\">\n\t\t\t\t\t\t\t\t\t<p><strong>Diesse MINI-CUBE<\/strong><\/p><p>Le Diesse MINI-CUBE est un instrument automatis\u00e9 qui teste la vitesse de s\u00e9dimentation des \u00e9rythrocytes directement \u00e0 partir de tubes EDTA sans consommer l\u2019\u00e9chantillon du patient. L\u2019instrument automatis\u00e9 MINI-CUBE offre une excellente corr\u00e9lation avec la m\u00e9thode Westergren modifi\u00e9e et est compatible avec les tubes standards K2EDTA et K3EDTA de 13 x 75 mm (2,0-4,0 ml), les tubes p\u00e9diatriques (500 \u00b5l) BD Microtainer et BD Microtainer MAP EDTA . L\u2019analyseur compact ne n\u00e9cessite aucun r\u00e9actif, ce qui \u00e9limine l\u2019exposition de l\u2019op\u00e9rateur aux \u00e9chantillons du patient. Le MINI-CUBE permet le chargement d\u2019\u00e9chantillons \u00e0 acc\u00e8s al\u00e9atoire, la lecture des codes-barres,\u00a0 l\u2019utilisation d\u2019une imprimante Bluetooth,\u00a0 l\u2019archivage automatiquement des donn\u00e9es CQ et patient, ainsi que la compatibilit\u00e9 au SIL . La fonction de contr\u00f4le de la qualit\u00e9 \u00e9limine le besoin d\u2019enregistrer manuellement les analyses quotidiennes et les rapports statistiques sont g\u00e9n\u00e9r\u00e9s avec les caract\u00e9ristiques suivantes\u00a0: graphiques Levey Jennings, \u00e9cart-type, CV%, moyenne, et le r\u00e9sultat le plus \u00e9lev\u00e9 et le plus bas.<\/p>\t\t\t\t\t\t\t\t<\/div>\n\t\t\t\t<\/div>\n\t\t\t\t<div class=\"elementor-element elementor-element-457d443 elementor-widget elementor-widget-button\" data-id=\"457d443\" data-element_type=\"widget\" data-e-type=\"widget\" data-widget_type=\"button.default\">\n\t\t\t\t<div class=\"elementor-widget-container\">\n\t\t\t\t\t\t\t\t\t<div class=\"elementor-button-wrapper\">\n\t\t\t\t\t<a class=\"elementor-button elementor-button-link elementor-size-sm\" href=\"https:\/\/www.streck.com\/products\/sed-rate\/diesse-mini-cube\/\" target=\"_blank\" rel=\"noopener\">\n\t\t\t\t\t\t<span class=\"elementor-button-content-wrapper\">\n\t\t\t\t\t\t\t\t\t<span class=\"elementor-button-text\">APPRENEZ-EN PLUS<\/span>\n\t\t\t\t\t<\/span>\n\t\t\t\t\t<\/a>\n\t\t\t\t<\/div>\n\t\t\t\t\t\t\t\t<\/div>\n\t\t\t\t<\/div>\n\t\t\t\t\t<\/div>\n\t\t<\/div>\n\t\t\t\t<div class=\"elementor-column elementor-col-50 elementor-top-column elementor-element elementor-element-bd567ff\" data-id=\"bd567ff\" data-element_type=\"column\" data-e-type=\"column\">\n\t\t\t<div class=\"elementor-widget-wrap elementor-element-populated\">\n\t\t\t\t\t\t<div class=\"elementor-element elementor-element-29ef658 elementor-widget elementor-widget-image\" data-id=\"29ef658\" data-element_type=\"widget\" data-e-type=\"widget\" data-widget_type=\"image.default\">\n\t\t\t\t<div class=\"elementor-widget-container\">\n\t\t\t\t\t\t\t\t\t\t\t\t\t\t\t<img loading=\"lazy\" decoding=\"async\" width=\"600\" height=\"600\" src=\"https:\/\/www.somagen.com\/wp-content\/uploads\/2021\/08\/Diesse-MINI-CUBE-1-600x600.jpg\" class=\"attachment-medium size-medium wp-image-16886\" alt=\"\" srcset=\"https:\/\/www.somagen.com\/wp-content\/uploads\/2021\/08\/Diesse-MINI-CUBE-1-600x600.jpg 600w, https:\/\/www.somagen.com\/wp-content\/uploads\/2021\/08\/Diesse-MINI-CUBE-1-150x150.jpg 150w, https:\/\/www.somagen.com\/wp-content\/uploads\/2021\/08\/Diesse-MINI-CUBE-1-768x768.jpg 768w, https:\/\/www.somagen.com\/wp-content\/uploads\/2021\/08\/Diesse-MINI-CUBE-1.jpg 1106w\" sizes=\"(max-width: 600px) 100vw, 600px\" \/>\t\t\t\t\t\t\t\t\t\t\t\t\t\t\t<\/div>\n\t\t\t\t<\/div>\n\t\t\t\t\t<\/div>\n\t\t<\/div>\n\t\t\t\t\t<\/div>\n\t\t<\/section>\n\t\t\t\t<\/div>\n\t\t","protected":false},"excerpt":{"rendered":"<p>Streck fut fond\u00e9 en 1971 par le Dr Wayne Ryan qui a d\u00e9velopp\u00e9 la technologie de base de la soci\u00e9t\u00e9 en mati\u00e8re de stabilisation cellulaire \u00e0 une \u00e9poque o\u00f9 les [&hellip;]<\/p>\n","protected":false},"author":4,"featured_media":0,"parent":0,"menu_order":0,"comment_status":"closed","ping_status":"closed","template":"","meta":{"_relevanssi_hide_post":"","_relevanssi_hide_content":"","_relevanssi_pin_for_all":"","_relevanssi_pin_keywords":"","_relevanssi_unpin_keywords":"","_relevanssi_related_keywords":"","_relevanssi_related_include_ids":"","_relevanssi_related_exclude_ids":"","_relevanssi_related_no_append":"","_relevanssi_related_not_related":"","_relevanssi_related_posts":"","_relevanssi_noindex_reason":"","footnotes":""},"class_list":["post-32557","page","type-page","status-publish","hentry"],"_links":{"self":[{"href":"https:\/\/www.somagen.com\/fr\/wp-json\/wp\/v2\/pages\/32557","targetHints":{"allow":["GET"]}}],"collection":[{"href":"https:\/\/www.somagen.com\/fr\/wp-json\/wp\/v2\/pages"}],"about":[{"href":"https:\/\/www.somagen.com\/fr\/wp-json\/wp\/v2\/types\/page"}],"author":[{"embeddable":true,"href":"https:\/\/www.somagen.com\/fr\/wp-json\/wp\/v2\/users\/4"}],"replies":[{"embeddable":true,"href":"https:\/\/www.somagen.com\/fr\/wp-json\/wp\/v2\/comments?post=32557"}],"version-history":[{"count":10,"href":"https:\/\/www.somagen.com\/fr\/wp-json\/wp\/v2\/pages\/32557\/revisions"}],"predecessor-version":[{"id":40795,"href":"https:\/\/www.somagen.com\/fr\/wp-json\/wp\/v2\/pages\/32557\/revisions\/40795"}],"wp:attachment":[{"href":"https:\/\/www.somagen.com\/fr\/wp-json\/wp\/v2\/media?parent=32557"}],"curies":[{"name":"wp","href":"https:\/\/api.w.org\/{rel}","templated":true}]}}