{"id":32566,"date":"2022-07-18T09:11:17","date_gmt":"2022-07-18T15:11:17","guid":{"rendered":"https:\/\/somagen.com\/alifax\/"},"modified":"2025-12-17T12:25:36","modified_gmt":"2025-12-17T19:25:36","slug":"alifax","status":"publish","type":"page","link":"https:\/\/www.somagen.com\/fr\/alifax\/","title":{"rendered":"Alifax"},"content":{"rendered":"\t\t<div data-elementor-type=\"wp-page\" data-elementor-id=\"32566\" class=\"elementor elementor-32566 elementor-25938\" data-elementor-post-type=\"page\">\n\t\t\t\t\t\t<section class=\"elementor-section elementor-top-section elementor-element elementor-element-1d0d1bf elementor-section-height-min-height elementor-section-full_width elementor-section-height-default elementor-section-items-middle elementor-invisible\" data-id=\"1d0d1bf\" data-element_type=\"section\" data-e-type=\"section\" data-settings=\"{&quot;background_background&quot;:&quot;classic&quot;,&quot;animation&quot;:&quot;fadeInUp&quot;}\">\n\t\t\t\t\t\t<div class=\"elementor-container elementor-column-gap-default\">\n\t\t\t\t\t<div class=\"elementor-column elementor-col-100 elementor-top-column elementor-element elementor-element-4775bc1\" data-id=\"4775bc1\" data-element_type=\"column\" data-e-type=\"column\">\n\t\t\t<div class=\"elementor-widget-wrap\">\n\t\t\t\t\t\t\t<\/div>\n\t\t<\/div>\n\t\t\t\t\t<\/div>\n\t\t<\/section>\n\t\t\t\t<section class=\"elementor-section elementor-top-section elementor-element elementor-element-988bf15 elementor-section-boxed elementor-section-height-default elementor-section-height-default elementor-invisible\" data-id=\"988bf15\" data-element_type=\"section\" data-e-type=\"section\" data-settings=\"{&quot;animation&quot;:&quot;fadeInUp&quot;,&quot;background_background&quot;:&quot;classic&quot;}\">\n\t\t\t\t\t\t<div class=\"elementor-container elementor-column-gap-default\">\n\t\t\t\t\t<div class=\"elementor-column elementor-col-50 elementor-top-column elementor-element elementor-element-e5fb643\" data-id=\"e5fb643\" data-element_type=\"column\" data-e-type=\"column\">\n\t\t\t<div class=\"elementor-widget-wrap elementor-element-populated\">\n\t\t\t\t\t\t<div class=\"elementor-element elementor-element-5d59f93 elementor-widget elementor-widget-text-editor\" data-id=\"5d59f93\" data-element_type=\"widget\" data-e-type=\"widget\" data-widget_type=\"text-editor.default\">\n\t\t\t\t<div class=\"elementor-widget-container\">\n\t\t\t\t\t\t\t\t\t<p><strong>Excellence en mati\u00e8re d&#8217;innovation<\/strong><\/p><p>Alifax se sp\u00e9cialise dans le d\u00e9veloppement, la production et la distribution d\u2019instruments de diagnostic clinique pour l\u2019automatisation des laboratoires. Alifax offre l\u2019automatisation pour le laboratoire de bact\u00e9riologie moderne en fournissant la standardisation des m\u00e9thodes, la tra\u00e7abilit\u00e9 des \u00e9chantillons et l\u2019instrumentation facile \u00e0 utiliser pour des r\u00e9sultats rapides et cliniquement fiables. Alifax comprend les besoins actuels du march\u00e9 et r\u00e9pond rapidement \u00e0 cette demande mondiale gr\u00e2ce \u00e0 son infrastructure scientifique technique repr\u00e9sent\u00e9e par du personnel hautement qualifi\u00e9.<\/p>\t\t\t\t\t\t\t\t<\/div>\n\t\t\t\t<\/div>\n\t\t\t\t\t<\/div>\n\t\t<\/div>\n\t\t\t\t<div class=\"elementor-column elementor-col-50 elementor-top-column elementor-element elementor-element-916a51d\" data-id=\"916a51d\" data-element_type=\"column\" data-e-type=\"column\">\n\t\t\t<div class=\"elementor-widget-wrap elementor-element-populated\">\n\t\t\t\t\t\t<div class=\"elementor-element elementor-element-d34209d elementor-widget elementor-widget-image\" data-id=\"d34209d\" data-element_type=\"widget\" data-e-type=\"widget\" data-widget_type=\"image.default\">\n\t\t\t\t<div class=\"elementor-widget-container\">\n\t\t\t\t\t\t\t\t\t\t\t\t\t\t\t<img fetchpriority=\"high\" decoding=\"async\" width=\"800\" height=\"533\" src=\"https:\/\/www.somagen.com\/wp-content\/uploads\/2021\/09\/sede-Sire-a-Nimis2-1-1920x1280.jpg\" class=\"attachment-large size-large wp-image-18494\" alt=\"\" srcset=\"https:\/\/www.somagen.com\/wp-content\/uploads\/2021\/09\/sede-Sire-a-Nimis2-1-1920x1280.jpg 1920w, https:\/\/www.somagen.com\/wp-content\/uploads\/2021\/09\/sede-Sire-a-Nimis2-1-800x533.jpg 800w, https:\/\/www.somagen.com\/wp-content\/uploads\/2021\/09\/sede-Sire-a-Nimis2-1-768x512.jpg 768w, https:\/\/www.somagen.com\/wp-content\/uploads\/2021\/09\/sede-Sire-a-Nimis2-1-1536x1024.jpg 1536w, https:\/\/www.somagen.com\/wp-content\/uploads\/2021\/09\/sede-Sire-a-Nimis2-1-2048x1365.jpg 2048w\" sizes=\"(max-width: 800px) 100vw, 800px\" \/>\t\t\t\t\t\t\t\t\t\t\t\t\t\t\t<\/div>\n\t\t\t\t<\/div>\n\t\t\t\t\t<\/div>\n\t\t<\/div>\n\t\t\t\t\t<\/div>\n\t\t<\/section>\n\t\t\t\t<section class=\"elementor-section elementor-top-section elementor-element elementor-element-0c27d84 elementor-section-boxed elementor-section-height-default elementor-section-height-default elementor-invisible\" data-id=\"0c27d84\" data-element_type=\"section\" data-e-type=\"section\" data-settings=\"{&quot;background_background&quot;:&quot;classic&quot;,&quot;animation&quot;:&quot;fadeInUp&quot;}\">\n\t\t\t\t\t\t<div class=\"elementor-container elementor-column-gap-default\">\n\t\t\t\t\t<div class=\"elementor-column elementor-col-100 elementor-top-column elementor-element elementor-element-79cd370\" data-id=\"79cd370\" data-element_type=\"column\" data-e-type=\"column\">\n\t\t\t<div class=\"elementor-widget-wrap elementor-element-populated\">\n\t\t\t\t\t\t<div class=\"elementor-element elementor-element-ebc2873 elementor-invisible elementor-widget elementor-widget-text-editor\" data-id=\"ebc2873\" data-element_type=\"widget\" data-e-type=\"widget\" data-settings=\"{&quot;_animation&quot;:&quot;fadeInUp&quot;}\" data-widget_type=\"text-editor.default\">\n\t\t\t\t<div class=\"elementor-widget-container\">\n\t\t\t\t\t\t\t\t\t<p><strong>Produits<\/strong><\/p>\n\t\t\t\t\t\t\t\t<\/div>\n\t\t\t\t<\/div>\n\t\t\t\t\t<\/div>\n\t\t<\/div>\n\t\t\t\t\t<\/div>\n\t\t<\/section>\n\t\t\t\t<section class=\"elementor-section elementor-top-section elementor-element elementor-element-119d8db elementor-section-boxed elementor-section-height-default elementor-section-height-default elementor-invisible\" data-id=\"119d8db\" data-element_type=\"section\" data-e-type=\"section\" data-settings=\"{&quot;animation&quot;:&quot;fadeInUp&quot;}\">\n\t\t\t\t\t\t<div class=\"elementor-container elementor-column-gap-default\">\n\t\t\t\t\t<div class=\"elementor-column elementor-col-50 elementor-top-column elementor-element elementor-element-d146269\" data-id=\"d146269\" data-element_type=\"column\" data-e-type=\"column\">\n\t\t\t<div class=\"elementor-widget-wrap elementor-element-populated\">\n\t\t\t\t\t\t<div class=\"elementor-element elementor-element-5c583a8 elementor-widget elementor-widget-image\" data-id=\"5c583a8\" data-element_type=\"widget\" data-e-type=\"widget\" data-widget_type=\"image.default\">\n\t\t\t\t<div class=\"elementor-widget-container\">\n\t\t\t\t\t\t\t\t\t\t\t\t\t\t\t<img decoding=\"async\" width=\"485\" height=\"485\" src=\"https:\/\/www.somagen.com\/wp-content\/uploads\/2022\/06\/I-dOne-scontornato-WEB.png\" class=\"attachment-medium size-medium wp-image-28651\" alt=\"\" srcset=\"https:\/\/www.somagen.com\/wp-content\/uploads\/2022\/06\/I-dOne-scontornato-WEB.png 485w, https:\/\/www.somagen.com\/wp-content\/uploads\/2022\/06\/I-dOne-scontornato-WEB-150x150.png 150w\" sizes=\"(max-width: 485px) 100vw, 485px\" \/>\t\t\t\t\t\t\t\t\t\t\t\t\t\t\t<\/div>\n\t\t\t\t<\/div>\n\t\t\t\t\t<\/div>\n\t\t<\/div>\n\t\t\t\t<div class=\"elementor-column elementor-col-50 elementor-top-column elementor-element elementor-element-67a8619\" data-id=\"67a8619\" data-element_type=\"column\" data-e-type=\"column\">\n\t\t\t<div class=\"elementor-widget-wrap elementor-element-populated\">\n\t\t\t\t\t\t<div class=\"elementor-element elementor-element-039d170 elementor-widget elementor-widget-text-editor\" data-id=\"039d170\" data-element_type=\"widget\" data-e-type=\"widget\" data-widget_type=\"text-editor.default\">\n\t\t\t\t<div class=\"elementor-widget-container\">\n\t\t\t\t\t\t\t\t\t<h5 style=\"text-align: left;\"><strong>I-dOne<sup>\u00ae<\/sup><\/strong><\/h5>\n\t\t\t\t\t\t\t\t<\/div>\n\t\t\t\t<\/div>\n\t\t\t\t<div class=\"elementor-element elementor-element-7797159 elementor-widget elementor-widget-text-editor\" data-id=\"7797159\" data-element_type=\"widget\" data-e-type=\"widget\" data-widget_type=\"text-editor.default\">\n\t\t\t\t<div class=\"elementor-widget-container\">\n\t\t\t\t\t\t\t\t\t<p>I\u2219dOne analyse le spectre produit par l&#8217;interaction entre les cellules microbiennes intactes et la lumi\u00e8re IR \u00e0 travers l&#8217;\u00e9tat vibrationnel de leurs liaisons chimiques. Chaque esp\u00e8ce produit un spectre IRTF (infrarouge \u00e0 transform\u00e9e de Fourier) unique semblable \u00e0 une empreinte digitale. Les r\u00e9sultats sont rapport\u00e9s sous forme d&#8217;identification de micro-organisme avec un score d&#8217;appariement relatif qui repr\u00e9sente la fiabilit\u00e9 de l&#8217;identification par rapport aux profils vibratoires connus des esp\u00e8ces pr\u00e9sentes dans la base de donn\u00e9es de r\u00e9f\u00e9rence.<\/p>\n\t\t\t\t\t\t\t\t<\/div>\n\t\t\t\t<\/div>\n\t\t\t\t<div class=\"elementor-element elementor-element-7c5e14b elementor-mobile-align-center elementor-widget elementor-widget-button\" data-id=\"7c5e14b\" data-element_type=\"widget\" data-e-type=\"widget\" data-widget_type=\"button.default\">\n\t\t\t\t<div class=\"elementor-widget-container\">\n\t\t\t\t\t\t\t\t\t<div class=\"elementor-button-wrapper\">\n\t\t\t\t\t<a class=\"elementor-button elementor-button-link elementor-size-sm\" href=\"https:\/\/www.alifax.com\/products\/bacteriology-line\/show\/I-done\" target=\"_blank\" rel=\"noopener\">\n\t\t\t\t\t\t<span class=\"elementor-button-content-wrapper\">\n\t\t\t\t\t\t\t\t\t<span class=\"elementor-button-text\">APPRENEZ-EN PLUS<\/span>\n\t\t\t\t\t<\/span>\n\t\t\t\t\t<\/a>\n\t\t\t\t<\/div>\n\t\t\t\t\t\t\t\t<\/div>\n\t\t\t\t<\/div>\n\t\t\t\t\t<\/div>\n\t\t<\/div>\n\t\t\t\t\t<\/div>\n\t\t<\/section>\n\t\t\t\t<section class=\"elementor-section elementor-top-section elementor-element elementor-element-ad2e6b3 elementor-section-boxed elementor-section-height-default elementor-section-height-default elementor-invisible\" data-id=\"ad2e6b3\" data-element_type=\"section\" data-e-type=\"section\" data-settings=\"{&quot;animation&quot;:&quot;fadeInUp&quot;}\">\n\t\t\t\t\t\t<div class=\"elementor-container elementor-column-gap-default\">\n\t\t\t\t\t<div class=\"elementor-column elementor-col-50 elementor-top-column elementor-element elementor-element-c91c604\" data-id=\"c91c604\" data-element_type=\"column\" data-e-type=\"column\">\n\t\t\t<div class=\"elementor-widget-wrap elementor-element-populated\">\n\t\t\t\t\t\t<div class=\"elementor-element elementor-element-118e654 elementor-widget elementor-widget-image\" data-id=\"118e654\" data-element_type=\"widget\" data-e-type=\"widget\" data-widget_type=\"image.default\">\n\t\t\t\t<div class=\"elementor-widget-container\">\n\t\t\t\t\t\t\t\t\t\t\t\t\t\t\t<img decoding=\"async\" width=\"800\" height=\"803\" src=\"https:\/\/www.somagen.com\/wp-content\/uploads\/2021\/10\/hbl-1-1275x1280.png\" class=\"attachment-large size-large wp-image-22959\" alt=\"\" srcset=\"https:\/\/www.somagen.com\/wp-content\/uploads\/2021\/10\/hbl-1-1275x1280.png 1275w, https:\/\/www.somagen.com\/wp-content\/uploads\/2021\/10\/hbl-1-598x600.png 598w, https:\/\/www.somagen.com\/wp-content\/uploads\/2021\/10\/hbl-1-150x150.png 150w, https:\/\/www.somagen.com\/wp-content\/uploads\/2021\/10\/hbl-1-768x771.png 768w, https:\/\/www.somagen.com\/wp-content\/uploads\/2021\/10\/hbl-1-1530x1536.png 1530w, https:\/\/www.somagen.com\/wp-content\/uploads\/2021\/10\/hbl-1-2040x2048.png 2040w\" sizes=\"(max-width: 800px) 100vw, 800px\" \/>\t\t\t\t\t\t\t\t\t\t\t\t\t\t\t<\/div>\n\t\t\t\t<\/div>\n\t\t\t\t\t<\/div>\n\t\t<\/div>\n\t\t\t\t<div class=\"elementor-column elementor-col-50 elementor-top-column elementor-element elementor-element-b273fc4\" data-id=\"b273fc4\" data-element_type=\"column\" data-e-type=\"column\">\n\t\t\t<div class=\"elementor-widget-wrap elementor-element-populated\">\n\t\t\t\t\t\t<div class=\"elementor-element elementor-element-a318100 elementor-widget elementor-widget-text-editor\" data-id=\"a318100\" data-element_type=\"widget\" data-e-type=\"widget\" data-widget_type=\"text-editor.default\">\n\t\t\t\t<div class=\"elementor-widget-container\">\n\t\t\t\t\t\t\t\t\t<h5 style=\"text-align: left;\"><strong>HB&amp;L<sup>\u00ae<\/sup> UROQUATTRO \/ HB&amp;L<sup>\u00ae<\/sup> UROQUATTRO LIGHT<\/strong><\/h5>\n\t\t\t\t\t\t\t\t<\/div>\n\t\t\t\t<\/div>\n\t\t\t\t<div class=\"elementor-element elementor-element-cbed3a4 elementor-widget elementor-widget-text-editor\" data-id=\"cbed3a4\" data-element_type=\"widget\" data-e-type=\"widget\" data-widget_type=\"text-editor.default\">\n\t\t\t\t<div class=\"elementor-widget-container\">\n\t\t\t\t\t\t\t\t\t<p>HB&amp;L<sup>\u00ae<\/sup> UROQUATTRO \/ HB&amp;L<sup>\u00ae<\/sup> UROQUATTRO LIGHT sont les premiers analyseurs capables de r\u00e9aliser des cultures bact\u00e9riennes, des tests AAR (tests d\u2019activit\u00e9 antimicrobienne r\u00e9siduelle) et des tests de susceptibilit\u00e9 sur des \u00e9chantillons d\u2019urine, de liquides st\u00e9riles ou non st\u00e9riles et d\u2019autres \u00e9chantillons biologiques gr\u00e2ce aux r\u00e9actifs IVD d\u00e9di\u00e9s. Utilisant la technologie brevet\u00e9e bas\u00e9e sur la diffusion de la lumi\u00e8re, ils sont capables de d\u00e9tecter la pr\u00e9sence de bact\u00e9ries et leur r\u00e9sistance aux m\u00e9dicaments en quelques heures avec une sensibilit\u00e9 et une sp\u00e9cificit\u00e9 \u00e9lev\u00e9es. HB&amp;L<sup>\u00ae<\/sup> UROQUATTRO \/ HB&amp;L<sup>\u00ae<\/sup> UROQUATTRO LIGHT surveillent les phases de croissance des bact\u00e9ries depuis l\u2019\u00e9tape d&#8217;inoculation dans des bouillons de culture sp\u00e9cifiques, fournissant des courbes de croissance en temps r\u00e9el et des r\u00e9sultats quantitatifs de num\u00e9ration bact\u00e9rienne en UFC\/ml.<\/p>\n\t\t\t\t\t\t\t\t<\/div>\n\t\t\t\t<\/div>\n\t\t\t\t<div class=\"elementor-element elementor-element-8483d96 elementor-mobile-align-center elementor-widget elementor-widget-button\" data-id=\"8483d96\" data-element_type=\"widget\" data-e-type=\"widget\" data-widget_type=\"button.default\">\n\t\t\t\t<div class=\"elementor-widget-container\">\n\t\t\t\t\t\t\t\t\t<div class=\"elementor-button-wrapper\">\n\t\t\t\t\t<a class=\"elementor-button elementor-button-link elementor-size-sm\" href=\"https:\/\/www.alifax.com\/products\/bacteriology-line\/show\/hb-and-l\" target=\"_blank\" rel=\"noopener\">\n\t\t\t\t\t\t<span class=\"elementor-button-content-wrapper\">\n\t\t\t\t\t\t\t\t\t<span class=\"elementor-button-text\">APPRENEZ-EN PLUS<\/span>\n\t\t\t\t\t<\/span>\n\t\t\t\t\t<\/a>\n\t\t\t\t<\/div>\n\t\t\t\t\t\t\t\t<\/div>\n\t\t\t\t<\/div>\n\t\t\t\t\t<\/div>\n\t\t<\/div>\n\t\t\t\t\t<\/div>\n\t\t<\/section>\n\t\t\t\t<section class=\"elementor-section elementor-top-section elementor-element elementor-element-d77b8bc elementor-section-boxed elementor-section-height-default elementor-section-height-default elementor-invisible\" data-id=\"d77b8bc\" data-element_type=\"section\" data-e-type=\"section\" data-settings=\"{&quot;animation&quot;:&quot;fadeInUp&quot;}\">\n\t\t\t\t\t\t<div class=\"elementor-container elementor-column-gap-default\">\n\t\t\t\t\t<div class=\"elementor-column elementor-col-50 elementor-top-column elementor-element elementor-element-d5c303f\" data-id=\"d5c303f\" data-element_type=\"column\" data-e-type=\"column\">\n\t\t\t<div class=\"elementor-widget-wrap elementor-element-populated\">\n\t\t\t\t\t\t<div class=\"elementor-element elementor-element-11a7132 elementor-widget elementor-widget-image\" data-id=\"11a7132\" data-element_type=\"widget\" data-e-type=\"widget\" data-widget_type=\"image.default\">\n\t\t\t\t<div class=\"elementor-widget-container\">\n\t\t\t\t\t\t\t\t\t\t\t\t\t\t\t<img loading=\"lazy\" decoding=\"async\" width=\"800\" height=\"468\" src=\"https:\/\/www.somagen.com\/wp-content\/uploads\/2021\/10\/Alfred-60-PNG.png\" class=\"attachment-large size-large wp-image-22948\" alt=\"\" srcset=\"https:\/\/www.somagen.com\/wp-content\/uploads\/2021\/10\/Alfred-60-PNG.png 1100w, https:\/\/www.somagen.com\/wp-content\/uploads\/2021\/10\/Alfred-60-PNG-800x468.png 800w, https:\/\/www.somagen.com\/wp-content\/uploads\/2021\/10\/Alfred-60-PNG-768x449.png 768w\" sizes=\"(max-width: 800px) 100vw, 800px\" \/>\t\t\t\t\t\t\t\t\t\t\t\t\t\t\t<\/div>\n\t\t\t\t<\/div>\n\t\t\t\t\t<\/div>\n\t\t<\/div>\n\t\t\t\t<div class=\"elementor-column elementor-col-50 elementor-top-column elementor-element elementor-element-1630220\" data-id=\"1630220\" data-element_type=\"column\" data-e-type=\"column\">\n\t\t\t<div class=\"elementor-widget-wrap elementor-element-populated\">\n\t\t\t\t\t\t<div class=\"elementor-element elementor-element-470da56 elementor-widget elementor-widget-text-editor\" data-id=\"470da56\" data-element_type=\"widget\" data-e-type=\"widget\" data-widget_type=\"text-editor.default\">\n\t\t\t\t<div class=\"elementor-widget-container\">\n\t\t\t\t\t\t\t\t\t<h5 style=\"text-align: left;\"><strong>ALFRED 60\/AST<\/strong><\/h5>\n\t\t\t\t\t\t\t\t<\/div>\n\t\t\t\t<\/div>\n\t\t\t\t<div class=\"elementor-element elementor-element-e1769a8 elementor-widget elementor-widget-text-editor\" data-id=\"e1769a8\" data-element_type=\"widget\" data-e-type=\"widget\" data-widget_type=\"text-editor.default\">\n\t\t\t\t<div class=\"elementor-widget-container\">\n\t\t\t\t\t\t\t\t\t<p>Alfred 60\/AST est le premier analyseur enti\u00e8rement automatis\u00e9 capable d&#8217;effectuer des tests de culture bact\u00e9rienne, d\u2019AAR (activit\u00e9 antimicrobienne r\u00e9siduelle) et de sensibilit\u00e9 en automatisant l&#8217;ensemble du processus d&#8217;inoculation des \u00e9chantillons, de lecture et de transmission des r\u00e9sultats. Utilisant la technologie brevet\u00e9e bas\u00e9e sur la diffusion de la lumi\u00e8re, il est capable de d\u00e9tecter la pr\u00e9sence de bact\u00e9ries et leur r\u00e9sistance aux m\u00e9dicaments en quelques heures avec une sensibilit\u00e9 et une sp\u00e9cificit\u00e9 \u00e9lev\u00e9es gr\u00e2ce aux r\u00e9actifs IVD d\u00e9di\u00e9s. Alfred 60\/AST surveille les phases de croissance des bact\u00e9ries depuis l&#8217;\u00e9tape d&#8217;inoculation dans des bouillons de culture sp\u00e9cifiques, fournissant des courbes de croissance en temps r\u00e9el et des r\u00e9sultats quantitatifs de comptage bact\u00e9rien en UFC\/ml.<\/p>\n\t\t\t\t\t\t\t\t<\/div>\n\t\t\t\t<\/div>\n\t\t\t\t<div class=\"elementor-element elementor-element-4c05c63 elementor-mobile-align-center elementor-widget elementor-widget-button\" data-id=\"4c05c63\" data-element_type=\"widget\" data-e-type=\"widget\" data-widget_type=\"button.default\">\n\t\t\t\t<div class=\"elementor-widget-container\">\n\t\t\t\t\t\t\t\t\t<div class=\"elementor-button-wrapper\">\n\t\t\t\t\t<a class=\"elementor-button elementor-button-link elementor-size-sm\" href=\"https:\/\/www.alifax.com\/products\/bacteriology-line\/show\/alfred-60\" target=\"_blank\" rel=\"noopener\">\n\t\t\t\t\t\t<span class=\"elementor-button-content-wrapper\">\n\t\t\t\t\t\t\t\t\t<span class=\"elementor-button-text\">APPRENEZ-EN PLUS<\/span>\n\t\t\t\t\t<\/span>\n\t\t\t\t\t<\/a>\n\t\t\t\t<\/div>\n\t\t\t\t\t\t\t\t<\/div>\n\t\t\t\t<\/div>\n\t\t\t\t\t<\/div>\n\t\t<\/div>\n\t\t\t\t\t<\/div>\n\t\t<\/section>\n\t\t\t\t<section class=\"elementor-section elementor-top-section elementor-element elementor-element-def1edd elementor-section-boxed elementor-section-height-default elementor-section-height-default elementor-invisible\" data-id=\"def1edd\" data-element_type=\"section\" data-e-type=\"section\" data-settings=\"{&quot;animation&quot;:&quot;fadeInUp&quot;}\">\n\t\t\t\t\t\t<div class=\"elementor-container elementor-column-gap-default\">\n\t\t\t\t\t<div class=\"elementor-column elementor-col-50 elementor-top-column elementor-element elementor-element-a6eb548\" data-id=\"a6eb548\" data-element_type=\"column\" data-e-type=\"column\">\n\t\t\t<div class=\"elementor-widget-wrap elementor-element-populated\">\n\t\t\t\t\t\t<div class=\"elementor-element elementor-element-25e812a elementor-widget elementor-widget-image\" data-id=\"25e812a\" data-element_type=\"widget\" data-e-type=\"widget\" data-widget_type=\"image.default\">\n\t\t\t\t<div class=\"elementor-widget-container\">\n\t\t\t\t\t\t\t\t\t\t\t\t\t\t\t<img loading=\"lazy\" decoding=\"async\" width=\"800\" height=\"642\" src=\"https:\/\/www.somagen.com\/wp-content\/uploads\/2021\/09\/Sidecar_0035-1595x1280.jpg\" class=\"attachment-large size-large wp-image-18550\" alt=\"\" srcset=\"https:\/\/www.somagen.com\/wp-content\/uploads\/2021\/09\/Sidecar_0035-1595x1280.jpg 1595w, https:\/\/www.somagen.com\/wp-content\/uploads\/2021\/09\/Sidecar_0035-748x600.jpg 748w, https:\/\/www.somagen.com\/wp-content\/uploads\/2021\/09\/Sidecar_0035-768x616.jpg 768w, https:\/\/www.somagen.com\/wp-content\/uploads\/2021\/09\/Sidecar_0035-1536x1233.jpg 1536w, https:\/\/www.somagen.com\/wp-content\/uploads\/2021\/09\/Sidecar_0035-2048x1644.jpg 2048w\" sizes=\"(max-width: 800px) 100vw, 800px\" \/>\t\t\t\t\t\t\t\t\t\t\t\t\t\t\t<\/div>\n\t\t\t\t<\/div>\n\t\t\t\t\t<\/div>\n\t\t<\/div>\n\t\t\t\t<div class=\"elementor-column elementor-col-50 elementor-top-column elementor-element elementor-element-2e8dcd2\" data-id=\"2e8dcd2\" data-element_type=\"column\" data-e-type=\"column\">\n\t\t\t<div class=\"elementor-widget-wrap elementor-element-populated\">\n\t\t\t\t\t\t<div class=\"elementor-element elementor-element-016cda6 elementor-widget elementor-widget-text-editor\" data-id=\"016cda6\" data-element_type=\"widget\" data-e-type=\"widget\" data-widget_type=\"text-editor.default\">\n\t\t\t\t<div class=\"elementor-widget-container\">\n\t\t\t\t\t\t\t\t\t<h5 style=\"text-align: left;\"><strong>SIDECAR<sup>\u00ae<\/sup><\/strong><\/h5>\n\t\t\t\t\t\t\t\t<\/div>\n\t\t\t\t<\/div>\n\t\t\t\t<div class=\"elementor-element elementor-element-1bb7c41 elementor-widget elementor-widget-text-editor\" data-id=\"1bb7c41\" data-element_type=\"widget\" data-e-type=\"widget\" data-widget_type=\"text-editor.default\">\n\t\t\t\t<div class=\"elementor-widget-container\">\n\t\t\t\t\t\t\t\t\t<p>V\u00e9ritable syst\u00e8me autonome pour la culture bact\u00e9rienne rapide et le patinage d\u2019\u00e9chantillons liquides sur plaque. Le syst\u00e8me est compos\u00e9 de deux unit\u00e9s\u00a0: Alfred 60\/AST et SIDECAR. L\u2019unit\u00e9 de patinage (streaking) SIDECAR stocke 240 bo\u00eetes de Petri et jusqu\u2019\u00e0 12 milieux diff\u00e9rents. Les plaques stri\u00e9es sont incub\u00e9es \u00e0 bord \u00e0 37\u00b0C pour le temps d\u2019analyse demand\u00e9.<\/p>\n\t\t\t\t\t\t\t\t<\/div>\n\t\t\t\t<\/div>\n\t\t\t\t<div class=\"elementor-element elementor-element-deeae67 elementor-mobile-align-center elementor-widget elementor-widget-button\" data-id=\"deeae67\" data-element_type=\"widget\" data-e-type=\"widget\" data-widget_type=\"button.default\">\n\t\t\t\t<div class=\"elementor-widget-container\">\n\t\t\t\t\t\t\t\t\t<div class=\"elementor-button-wrapper\">\n\t\t\t\t\t<a class=\"elementor-button elementor-button-link elementor-size-sm\" href=\"https:\/\/www.alifax.com\/products\/bacteriology-line\/show\/sidecar\" target=\"_blank\" rel=\"noopener\">\n\t\t\t\t\t\t<span class=\"elementor-button-content-wrapper\">\n\t\t\t\t\t\t\t\t\t<span class=\"elementor-button-text\">APPRENEZ-EN PLUS<\/span>\n\t\t\t\t\t<\/span>\n\t\t\t\t\t<\/a>\n\t\t\t\t<\/div>\n\t\t\t\t\t\t\t\t<\/div>\n\t\t\t\t<\/div>\n\t\t\t\t\t<\/div>\n\t\t<\/div>\n\t\t\t\t\t<\/div>\n\t\t<\/section>\n\t\t\t\t<section class=\"elementor-section elementor-top-section elementor-element elementor-element-ee78f1f elementor-section-boxed elementor-section-height-default elementor-section-height-default\" data-id=\"ee78f1f\" data-element_type=\"section\" data-e-type=\"section\">\n\t\t\t\t\t\t<div class=\"elementor-container elementor-column-gap-default\">\n\t\t\t\t\t<div class=\"elementor-column elementor-col-100 elementor-top-column elementor-element elementor-element-559c35f\" data-id=\"559c35f\" data-element_type=\"column\" data-e-type=\"column\">\n\t\t\t<div class=\"elementor-widget-wrap elementor-element-populated\">\n\t\t\t\t\t\t<div class=\"elementor-element elementor-element-66c0f78 elementor-widget elementor-widget-text-editor\" data-id=\"66c0f78\" data-element_type=\"widget\" data-e-type=\"widget\" data-widget_type=\"text-editor.default\">\n\t\t\t\t<div class=\"elementor-widget-container\">\n\t\t\t\t\t\t\t\t\t<p>\u00a9 2022 Alifax S.r.l. \u2013 Italie \u2013 Tous droits r\u00e9serv\u00e9s.<\/p>\n\t\t\t\t\t\t\t\t<\/div>\n\t\t\t\t<\/div>\n\t\t\t\t\t<\/div>\n\t\t<\/div>\n\t\t\t\t\t<\/div>\n\t\t<\/section>\n\t\t\t\t<\/div>\n\t\t","protected":false},"excerpt":{"rendered":"<p>Excellence en mati\u00e8re d&#8217;innovation Alifax se sp\u00e9cialise dans le d\u00e9veloppement, la production et la distribution d\u2019instruments de diagnostic clinique pour l\u2019automatisation des laboratoires. Alifax offre l\u2019automatisation pour le laboratoire de [&hellip;]<\/p>\n","protected":false},"author":4,"featured_media":0,"parent":0,"menu_order":0,"comment_status":"closed","ping_status":"closed","template":"","meta":{"_relevanssi_hide_post":"","_relevanssi_hide_content":"","_relevanssi_pin_for_all":"","_relevanssi_pin_keywords":"","_relevanssi_unpin_keywords":"","_relevanssi_related_keywords":"","_relevanssi_related_include_ids":"","_relevanssi_related_exclude_ids":"","_relevanssi_related_no_append":"","_relevanssi_related_not_related":"","_relevanssi_related_posts":"","_relevanssi_noindex_reason":"","footnotes":""},"class_list":["post-32566","page","type-page","status-publish","hentry"],"_links":{"self":[{"href":"https:\/\/www.somagen.com\/fr\/wp-json\/wp\/v2\/pages\/32566","targetHints":{"allow":["GET"]}}],"collection":[{"href":"https:\/\/www.somagen.com\/fr\/wp-json\/wp\/v2\/pages"}],"about":[{"href":"https:\/\/www.somagen.com\/fr\/wp-json\/wp\/v2\/types\/page"}],"author":[{"embeddable":true,"href":"https:\/\/www.somagen.com\/fr\/wp-json\/wp\/v2\/users\/4"}],"replies":[{"embeddable":true,"href":"https:\/\/www.somagen.com\/fr\/wp-json\/wp\/v2\/comments?post=32566"}],"version-history":[{"count":23,"href":"https:\/\/www.somagen.com\/fr\/wp-json\/wp\/v2\/pages\/32566\/revisions"}],"predecessor-version":[{"id":44316,"href":"https:\/\/www.somagen.com\/fr\/wp-json\/wp\/v2\/pages\/32566\/revisions\/44316"}],"wp:attachment":[{"href":"https:\/\/www.somagen.com\/fr\/wp-json\/wp\/v2\/media?parent=32566"}],"curies":[{"name":"wp","href":"https:\/\/api.w.org\/{rel}","templated":true}]}}