{"id":32574,"date":"2022-07-18T09:21:51","date_gmt":"2022-07-18T15:21:51","guid":{"rendered":"https:\/\/somagen.com\/vircell\/"},"modified":"2022-11-08T09:54:29","modified_gmt":"2022-11-08T16:54:29","slug":"vircell","status":"publish","type":"page","link":"https:\/\/www.somagen.com\/fr\/vircell\/","title":{"rendered":"Vircell"},"content":{"rendered":"\t\t<div data-elementor-type=\"wp-page\" data-elementor-id=\"32574\" class=\"elementor elementor-32574 elementor-16498\" data-elementor-post-type=\"page\">\n\t\t\t\t\t\t<section class=\"elementor-section elementor-top-section elementor-element elementor-element-701ab40 elementor-section-height-min-height elementor-section-boxed elementor-section-height-default elementor-section-items-middle elementor-invisible\" data-id=\"701ab40\" data-element_type=\"section\" data-e-type=\"section\" data-settings=\"{&quot;background_background&quot;:&quot;classic&quot;,&quot;animation&quot;:&quot;fadeInUp&quot;}\">\n\t\t\t\t\t\t<div class=\"elementor-container elementor-column-gap-default\">\n\t\t\t\t\t<div class=\"elementor-column elementor-col-100 elementor-top-column elementor-element elementor-element-a684a5e\" data-id=\"a684a5e\" data-element_type=\"column\" data-e-type=\"column\">\n\t\t\t<div class=\"elementor-widget-wrap\">\n\t\t\t\t\t\t\t<\/div>\n\t\t<\/div>\n\t\t\t\t\t<\/div>\n\t\t<\/section>\n\t\t\t\t<section class=\"elementor-section elementor-top-section elementor-element elementor-element-988bf15 elementor-section-boxed elementor-section-height-default elementor-section-height-default elementor-invisible\" data-id=\"988bf15\" data-element_type=\"section\" data-e-type=\"section\" data-settings=\"{&quot;animation&quot;:&quot;fadeInUp&quot;,&quot;background_background&quot;:&quot;classic&quot;}\">\n\t\t\t\t\t\t<div class=\"elementor-container elementor-column-gap-default\">\n\t\t\t\t\t<div class=\"elementor-column elementor-col-50 elementor-top-column elementor-element elementor-element-e5fb643\" data-id=\"e5fb643\" data-element_type=\"column\" data-e-type=\"column\">\n\t\t\t<div class=\"elementor-widget-wrap elementor-element-populated\">\n\t\t\t\t\t\t<div class=\"elementor-element elementor-element-e38818b elementor-widget elementor-widget-image\" data-id=\"e38818b\" data-element_type=\"widget\" data-e-type=\"widget\" data-widget_type=\"image.default\">\n\t\t\t\t<div class=\"elementor-widget-container\">\n\t\t\t\t\t\t\t\t\t\t\t\t\t\t\t<img fetchpriority=\"high\" decoding=\"async\" width=\"2560\" height=\"890\" src=\"https:\/\/www.somagen.com\/wp-content\/uploads\/2022\/08\/Vircell-Molecular-copy-scaled.jpg\" class=\"attachment-full size-full wp-image-37186\" alt=\"\" srcset=\"https:\/\/www.somagen.com\/wp-content\/uploads\/2022\/08\/Vircell-Molecular-copy-scaled.jpg 2560w, https:\/\/www.somagen.com\/wp-content\/uploads\/2022\/08\/Vircell-Molecular-copy-800x278.jpg 800w, https:\/\/www.somagen.com\/wp-content\/uploads\/2022\/08\/Vircell-Molecular-copy-1920x668.jpg 1920w, https:\/\/www.somagen.com\/wp-content\/uploads\/2022\/08\/Vircell-Molecular-copy-768x267.jpg 768w, https:\/\/www.somagen.com\/wp-content\/uploads\/2022\/08\/Vircell-Molecular-copy-1536x534.jpg 1536w, https:\/\/www.somagen.com\/wp-content\/uploads\/2022\/08\/Vircell-Molecular-copy-2048x712.jpg 2048w\" sizes=\"(max-width: 2560px) 100vw, 2560px\" \/>\t\t\t\t\t\t\t\t\t\t\t\t\t\t\t<\/div>\n\t\t\t\t<\/div>\n\t\t\t\t<div class=\"elementor-element elementor-element-5d59f93 elementor-widget elementor-widget-text-editor\" data-id=\"5d59f93\" data-element_type=\"widget\" data-e-type=\"widget\" data-widget_type=\"text-editor.default\">\n\t\t\t\t<div class=\"elementor-widget-container\">\n\t\t\t\t\t\t\t\t\tFond\u00e9e en 1991, Vircell est une soci\u00e9t\u00e9 de biotechnologie sp\u00e9cialis\u00e9e dans le d\u00e9veloppement et la production des r\u00e9actifs pr\u00eats \u00e0 utiliser pour le diagnostic de maladies infectieuses chez l\u2019humain par diff\u00e9rentes techniques &#8211; allant de la culture cellulaire traditionnelle jusqu\u2019aux d\u00e9veloppements novateurs dans le domaine de la biologie mol\u00e9culaire. Vircell soutient les tests diagnostiques dans plus de 90 pays sur les cinq continents.\t\t\t\t\t\t\t\t<\/div>\n\t\t\t\t<\/div>\n\t\t\t\t\t<\/div>\n\t\t<\/div>\n\t\t\t\t<div class=\"elementor-column elementor-col-50 elementor-top-column elementor-element elementor-element-916a51d\" data-id=\"916a51d\" data-element_type=\"column\" data-e-type=\"column\">\n\t\t\t<div class=\"elementor-widget-wrap elementor-element-populated\">\n\t\t\t\t\t\t<div class=\"elementor-element elementor-element-2af9067 elementor-widget elementor-widget-image\" data-id=\"2af9067\" data-element_type=\"widget\" data-e-type=\"widget\" data-widget_type=\"image.default\">\n\t\t\t\t<div class=\"elementor-widget-container\">\n\t\t\t\t\t\t\t\t\t\t\t\t\t\t\t<img decoding=\"async\" width=\"800\" height=\"422\" src=\"https:\/\/www.somagen.com\/wp-content\/uploads\/2022\/04\/iStock-1251892822-1920x1013.jpg\" class=\"attachment-large size-large wp-image-25676\" alt=\"\" srcset=\"https:\/\/www.somagen.com\/wp-content\/uploads\/2022\/04\/iStock-1251892822-1920x1013.jpg 1920w, https:\/\/www.somagen.com\/wp-content\/uploads\/2022\/04\/iStock-1251892822-800x422.jpg 800w, https:\/\/www.somagen.com\/wp-content\/uploads\/2022\/04\/iStock-1251892822-768x405.jpg 768w, https:\/\/www.somagen.com\/wp-content\/uploads\/2022\/04\/iStock-1251892822-1536x810.jpg 1536w, https:\/\/www.somagen.com\/wp-content\/uploads\/2022\/04\/iStock-1251892822-2048x1080.jpg 2048w\" sizes=\"(max-width: 800px) 100vw, 800px\" \/>\t\t\t\t\t\t\t\t\t\t\t\t\t\t\t<\/div>\n\t\t\t\t<\/div>\n\t\t\t\t\t<\/div>\n\t\t<\/div>\n\t\t\t\t\t<\/div>\n\t\t<\/section>\n\t\t\t\t<section class=\"elementor-section elementor-top-section elementor-element elementor-element-63aa6c3 elementor-section-boxed elementor-section-height-default elementor-section-height-default elementor-invisible\" data-id=\"63aa6c3\" data-element_type=\"section\" data-e-type=\"section\" data-settings=\"{&quot;animation&quot;:&quot;fadeInUp&quot;,&quot;background_background&quot;:&quot;classic&quot;}\">\n\t\t\t\t\t\t<div class=\"elementor-container elementor-column-gap-default\">\n\t\t\t\t\t<div class=\"elementor-column elementor-col-100 elementor-top-column elementor-element elementor-element-602ce67\" data-id=\"602ce67\" data-element_type=\"column\" data-e-type=\"column\">\n\t\t\t<div class=\"elementor-widget-wrap elementor-element-populated\">\n\t\t\t\t\t\t<div class=\"elementor-element elementor-element-a2d4314 elementor-widget elementor-widget-text-editor\" data-id=\"a2d4314\" data-element_type=\"widget\" data-e-type=\"widget\" data-widget_type=\"text-editor.default\">\n\t\t\t\t<div class=\"elementor-widget-container\">\n\t\t\t\t\t\t\t\t\t<h4><strong>CONTR\u00d4LES MOL\u00c9CULAIRES IND\u00c9PENDANTS DE TIERS<\/strong><\/h4><p>Certifiez l\u2019efficacit\u00e9, la qualit\u00e9 et la fiabilit\u00e9 de vos tests mol\u00e9culaires de maladies infectieuses.<\/p>\t\t\t\t\t\t\t\t<\/div>\n\t\t\t\t<\/div>\n\t\t\t\t\t<\/div>\n\t\t<\/div>\n\t\t\t\t\t<\/div>\n\t\t<\/section>\n\t\t\t\t<section class=\"elementor-section elementor-top-section elementor-element elementor-element-0f988c3 elementor-section-boxed elementor-section-height-default elementor-section-height-default elementor-invisible\" data-id=\"0f988c3\" data-element_type=\"section\" data-e-type=\"section\" data-settings=\"{&quot;animation&quot;:&quot;fadeInUp&quot;}\">\n\t\t\t\t\t\t<div class=\"elementor-container elementor-column-gap-default\">\n\t\t\t\t\t<div class=\"elementor-column elementor-col-50 elementor-top-column elementor-element elementor-element-2514846\" data-id=\"2514846\" data-element_type=\"column\" data-e-type=\"column\">\n\t\t\t<div class=\"elementor-widget-wrap elementor-element-populated\">\n\t\t\t\t\t\t<div class=\"elementor-element elementor-element-fc96cdd elementor-widget elementor-widget-image\" data-id=\"fc96cdd\" data-element_type=\"widget\" data-e-type=\"widget\" data-widget_type=\"image.default\">\n\t\t\t\t<div class=\"elementor-widget-container\">\n\t\t\t\t\t\t\t\t\t\t\t\t\t\t\t<img decoding=\"async\" width=\"800\" height=\"576\" src=\"https:\/\/www.somagen.com\/wp-content\/uploads\/2022\/07\/AMPLIRUN-new-packaging-2021-800x576.png\" class=\"attachment-medium size-medium wp-image-32129\" alt=\"\" srcset=\"https:\/\/www.somagen.com\/wp-content\/uploads\/2022\/07\/AMPLIRUN-new-packaging-2021-800x576.png 800w, https:\/\/www.somagen.com\/wp-content\/uploads\/2022\/07\/AMPLIRUN-new-packaging-2021-768x553.png 768w, https:\/\/www.somagen.com\/wp-content\/uploads\/2022\/07\/AMPLIRUN-new-packaging-2021.png 1537w\" sizes=\"(max-width: 800px) 100vw, 800px\" \/>\t\t\t\t\t\t\t\t\t\t\t\t\t\t\t<\/div>\n\t\t\t\t<\/div>\n\t\t\t\t\t<\/div>\n\t\t<\/div>\n\t\t\t\t<div class=\"elementor-column elementor-col-50 elementor-top-column elementor-element elementor-element-4be03a7\" data-id=\"4be03a7\" data-element_type=\"column\" data-e-type=\"column\">\n\t\t\t<div class=\"elementor-widget-wrap elementor-element-populated\">\n\t\t\t\t\t\t<div class=\"elementor-element elementor-element-09702a9 elementor-widget elementor-widget-text-editor\" data-id=\"09702a9\" data-element_type=\"widget\" data-e-type=\"widget\" data-widget_type=\"text-editor.default\">\n\t\t\t\t<div class=\"elementor-widget-container\">\n\t\t\t\t\t\t\t\t\t<p><strong>Le catalogue de contr\u00f4les AMPLIRUN<sup>\u00ae <\/sup>Amplification<\/strong> comprend plus de 145 produits et a \u00e9t\u00e9 con\u00e7u pour permettre l\u2019amplification et les essais de toute r\u00e9gion du g\u00e9nome qui est pr\u00e9sente dans les infections naturelles.<\/p><ul><li>Acide nucl\u00e9ique purifi\u00e9, g\u00e9nome microbien complet. Toute cible peut \u00eatre amplifi\u00e9e.<\/li><li>Valide pour toute plateforme de test mol\u00e9culaire.<\/li><li>Concentration pr\u00e9cise en copies\/\u03bcl v\u00e9rifi\u00e9e par Digital Droplet PCR (ddPCR).<\/li><li>Mat\u00e9riel non infectieux fourni avec un certificat d\u2019inactivation.<\/li><li>La pr\u00e9sentation lyophilis\u00e9e assure la stabilit\u00e9 et r\u00e9duit les co\u00fbts de transport.<\/li><\/ul><p>&nbsp;<\/p>\t\t\t\t\t\t\t\t<\/div>\n\t\t\t\t<\/div>\n\t\t\t\t<div class=\"elementor-element elementor-element-1639445 elementor-mobile-align-center elementor-widget elementor-widget-button\" data-id=\"1639445\" data-element_type=\"widget\" data-e-type=\"widget\" data-widget_type=\"button.default\">\n\t\t\t\t<div class=\"elementor-widget-container\">\n\t\t\t\t\t\t\t\t\t<div class=\"elementor-button-wrapper\">\n\t\t\t\t\t<a class=\"elementor-button elementor-button-link elementor-size-sm\" href=\"https:\/\/en.vircell.com\/products\/?technique=29\" target=\"_blank\" rel=\"noopener\">\n\t\t\t\t\t\t<span class=\"elementor-button-content-wrapper\">\n\t\t\t\t\t\t\t\t\t<span class=\"elementor-button-text\">APPRENEZ-EN PLUS<\/span>\n\t\t\t\t\t<\/span>\n\t\t\t\t\t<\/a>\n\t\t\t\t<\/div>\n\t\t\t\t\t\t\t\t<\/div>\n\t\t\t\t<\/div>\n\t\t\t\t\t<\/div>\n\t\t<\/div>\n\t\t\t\t\t<\/div>\n\t\t<\/section>\n\t\t\t\t<section class=\"elementor-section elementor-top-section elementor-element elementor-element-f898fd2 elementor-section-boxed elementor-section-height-default elementor-section-height-default elementor-invisible\" data-id=\"f898fd2\" data-element_type=\"section\" data-e-type=\"section\" data-settings=\"{&quot;animation&quot;:&quot;fadeInUp&quot;}\">\n\t\t\t\t\t\t<div class=\"elementor-container elementor-column-gap-default\">\n\t\t\t\t\t<div class=\"elementor-column elementor-col-50 elementor-top-column elementor-element elementor-element-d6d8224\" data-id=\"d6d8224\" data-element_type=\"column\" data-e-type=\"column\">\n\t\t\t<div class=\"elementor-widget-wrap elementor-element-populated\">\n\t\t\t\t\t\t<div class=\"elementor-element elementor-element-8125233 elementor-widget elementor-widget-image\" data-id=\"8125233\" data-element_type=\"widget\" data-e-type=\"widget\" data-widget_type=\"image.default\">\n\t\t\t\t<div class=\"elementor-widget-container\">\n\t\t\t\t\t\t\t\t\t\t\t\t\t\t\t<img loading=\"lazy\" decoding=\"async\" width=\"800\" height=\"513\" src=\"https:\/\/www.somagen.com\/wp-content\/uploads\/2022\/07\/Vircell-Total-SARS-CoV-2-caja-1920x1232.jpg\" class=\"attachment-large size-large wp-image-32131\" alt=\"\" srcset=\"https:\/\/www.somagen.com\/wp-content\/uploads\/2022\/07\/Vircell-Total-SARS-CoV-2-caja-1920x1232.jpg 1920w, https:\/\/www.somagen.com\/wp-content\/uploads\/2022\/07\/Vircell-Total-SARS-CoV-2-caja-800x513.jpg 800w, https:\/\/www.somagen.com\/wp-content\/uploads\/2022\/07\/Vircell-Total-SARS-CoV-2-caja-768x493.jpg 768w, https:\/\/www.somagen.com\/wp-content\/uploads\/2022\/07\/Vircell-Total-SARS-CoV-2-caja-1536x986.jpg 1536w, https:\/\/www.somagen.com\/wp-content\/uploads\/2022\/07\/Vircell-Total-SARS-CoV-2-caja-2048x1314.jpg 2048w\" sizes=\"(max-width: 800px) 100vw, 800px\" \/>\t\t\t\t\t\t\t\t\t\t\t\t\t\t\t<\/div>\n\t\t\t\t<\/div>\n\t\t\t\t\t<\/div>\n\t\t<\/div>\n\t\t\t\t<div class=\"elementor-column elementor-col-50 elementor-top-column elementor-element elementor-element-307711a\" data-id=\"307711a\" data-element_type=\"column\" data-e-type=\"column\">\n\t\t\t<div class=\"elementor-widget-wrap elementor-element-populated\">\n\t\t\t\t\t\t<div class=\"elementor-element elementor-element-72451b9 elementor-widget elementor-widget-text-editor\" data-id=\"72451b9\" data-element_type=\"widget\" data-e-type=\"widget\" data-widget_type=\"text-editor.default\">\n\t\t\t\t<div class=\"elementor-widget-container\">\n\t\t\t\t\t\t\t\t\t<p><strong>Les AMPLIRUN<sup>\u00ae<\/sup>\u00a0TOTAL<\/strong> sont des contr\u00f4les de processus complets con\u00e7us pour surveiller l\u2019exactitude et la pr\u00e9cision du processus analytique complet : extraction des acides nucl\u00e9iques, amplification et d\u00e9tection.<\/p><ul><li>Agent pathog\u00e8ne entier inactiv\u00e9 \u2013 contient tout le g\u00e9nome et est compatible avec toute analyse.<\/li><li>Contr\u00f4le total dans une matrice qui imite un sp\u00e9cimen humain \u2013 Pour surveiller l\u2019ensemble du processus.<\/li><li>Contr\u00f4les quantifi\u00e9s et faibles positifs \u2013 Pr\u00e9par\u00e9s pour produire des r\u00e9sultats \u00e0 une concentration clinique significative.<\/li><li>Format monodose et pr\u00e9sentation lyophilis\u00e9e \u2013 Garantit la stabilit\u00e9 et \u00e9vite les frais de manutention et de transport suppl\u00e9mentaires.<\/li><li>Mati\u00e8res non infectieuses avec certificat d\u2019inactivation.<\/li><li>Compatibilit\u00e9 avec plusieurs plateformes.<\/li><\/ul>\t\t\t\t\t\t\t\t<\/div>\n\t\t\t\t<\/div>\n\t\t\t\t<div class=\"elementor-element elementor-element-fbfa585 elementor-mobile-align-center elementor-widget elementor-widget-button\" data-id=\"fbfa585\" data-element_type=\"widget\" data-e-type=\"widget\" data-widget_type=\"button.default\">\n\t\t\t\t<div class=\"elementor-widget-container\">\n\t\t\t\t\t\t\t\t\t<div class=\"elementor-button-wrapper\">\n\t\t\t\t\t<a class=\"elementor-button elementor-button-link elementor-size-sm\" href=\"https:\/\/en.vircell.com\/products\/?technique=30\" target=\"_blank\" rel=\"noopener\">\n\t\t\t\t\t\t<span class=\"elementor-button-content-wrapper\">\n\t\t\t\t\t\t\t\t\t<span class=\"elementor-button-text\">APPRENEZ-EN PLUS<\/span>\n\t\t\t\t\t<\/span>\n\t\t\t\t\t<\/a>\n\t\t\t\t<\/div>\n\t\t\t\t\t\t\t\t<\/div>\n\t\t\t\t<\/div>\n\t\t\t\t\t<\/div>\n\t\t<\/div>\n\t\t\t\t\t<\/div>\n\t\t<\/section>\n\t\t\t\t<\/div>\n\t\t","protected":false},"excerpt":{"rendered":"<p>Fond\u00e9e en 1991, Vircell est une soci\u00e9t\u00e9 de biotechnologie sp\u00e9cialis\u00e9e dans le d\u00e9veloppement et la production des r\u00e9actifs pr\u00eats \u00e0 utiliser pour le diagnostic de maladies infectieuses chez l\u2019humain par [&hellip;]<\/p>\n","protected":false},"author":4,"featured_media":0,"parent":0,"menu_order":0,"comment_status":"closed","ping_status":"closed","template":"","meta":{"_relevanssi_hide_post":"","_relevanssi_hide_content":"","_relevanssi_pin_for_all":"","_relevanssi_pin_keywords":"","_relevanssi_unpin_keywords":"","_relevanssi_related_keywords":"","_relevanssi_related_include_ids":"","_relevanssi_related_exclude_ids":"","_relevanssi_related_no_append":"","_relevanssi_related_not_related":"","_relevanssi_related_posts":"","_relevanssi_noindex_reason":"","footnotes":""},"class_list":["post-32574","page","type-page","status-publish","hentry"],"_links":{"self":[{"href":"https:\/\/www.somagen.com\/fr\/wp-json\/wp\/v2\/pages\/32574","targetHints":{"allow":["GET"]}}],"collection":[{"href":"https:\/\/www.somagen.com\/fr\/wp-json\/wp\/v2\/pages"}],"about":[{"href":"https:\/\/www.somagen.com\/fr\/wp-json\/wp\/v2\/types\/page"}],"author":[{"embeddable":true,"href":"https:\/\/www.somagen.com\/fr\/wp-json\/wp\/v2\/users\/4"}],"replies":[{"embeddable":true,"href":"https:\/\/www.somagen.com\/fr\/wp-json\/wp\/v2\/comments?post=32574"}],"version-history":[{"count":32,"href":"https:\/\/www.somagen.com\/fr\/wp-json\/wp\/v2\/pages\/32574\/revisions"}],"predecessor-version":[{"id":40810,"href":"https:\/\/www.somagen.com\/fr\/wp-json\/wp\/v2\/pages\/32574\/revisions\/40810"}],"wp:attachment":[{"href":"https:\/\/www.somagen.com\/fr\/wp-json\/wp\/v2\/media?parent=32574"}],"curies":[{"name":"wp","href":"https:\/\/api.w.org\/{rel}","templated":true}]}}