{"id":32725,"date":"2022-07-25T08:25:43","date_gmt":"2022-07-25T14:25:43","guid":{"rendered":"https:\/\/somagen.com\/quantimetrix\/"},"modified":"2022-08-24T15:21:44","modified_gmt":"2022-08-24T21:21:44","slug":"quantimetrix","status":"publish","type":"page","link":"https:\/\/www.somagen.com\/fr\/quantimetrix\/","title":{"rendered":"Quantimetrix"},"content":{"rendered":"\t\t<div data-elementor-type=\"wp-page\" data-elementor-id=\"32725\" class=\"elementor elementor-32725 elementor-15784\" data-elementor-post-type=\"page\">\n\t\t\t\t\t\t<section class=\"elementor-section elementor-top-section elementor-element elementor-element-701ab40 elementor-section-height-min-height elementor-section-boxed elementor-section-height-default elementor-section-items-middle elementor-invisible\" data-id=\"701ab40\" data-element_type=\"section\" data-e-type=\"section\" data-settings=\"{&quot;background_background&quot;:&quot;classic&quot;,&quot;animation&quot;:&quot;fadeInUp&quot;}\">\n\t\t\t\t\t\t<div class=\"elementor-container elementor-column-gap-default\">\n\t\t\t\t\t<div class=\"elementor-column elementor-col-100 elementor-top-column elementor-element elementor-element-a684a5e\" data-id=\"a684a5e\" data-element_type=\"column\" data-e-type=\"column\">\n\t\t\t<div class=\"elementor-widget-wrap\">\n\t\t\t\t\t\t\t<\/div>\n\t\t<\/div>\n\t\t\t\t\t<\/div>\n\t\t<\/section>\n\t\t\t\t<section class=\"elementor-section elementor-top-section elementor-element elementor-element-988bf15 elementor-section-boxed elementor-section-height-default elementor-section-height-default elementor-invisible\" data-id=\"988bf15\" data-element_type=\"section\" data-e-type=\"section\" data-settings=\"{&quot;animation&quot;:&quot;fadeInUp&quot;}\">\n\t\t\t\t\t\t<div class=\"elementor-container elementor-column-gap-default\">\n\t\t\t\t\t<div class=\"elementor-column elementor-col-50 elementor-top-column elementor-element elementor-element-e5fb643\" data-id=\"e5fb643\" data-element_type=\"column\" data-e-type=\"column\">\n\t\t\t<div class=\"elementor-widget-wrap elementor-element-populated\">\n\t\t\t\t\t\t<div class=\"elementor-element elementor-element-5d59f93 elementor-widget elementor-widget-text-editor\" data-id=\"5d59f93\" data-element_type=\"widget\" data-e-type=\"widget\" data-widget_type=\"text-editor.default\">\n\t\t\t\t<div class=\"elementor-widget-container\">\n\t\t\t\t\t\t\t\t\t<p><strong>UNE PASSION POUR LA CR\u00c9ATION<\/strong><\/p><p>Quantimetrix con\u00e7oit, d\u00e9veloppe et fabrique des produits de contr\u00f4le de la qualit\u00e9 de laboratoire \u00e0 son si\u00e8ge social de Redondo Beach, en Californie. Quantimetrix est un leader dans le domaine des produits de contr\u00f4les de la qualit\u00e9 stables sous forme liquide et un pionnier de ces innovations depuis plus de 40 ans. Son portefolio de classe mondiale am\u00e9liore l\u2019efficacit\u00e9 et la fiabilit\u00e9 des tests de laboratoire et des soins aux patients.<\/p>\t\t\t\t\t\t\t\t<\/div>\n\t\t\t\t<\/div>\n\t\t\t\t\t<\/div>\n\t\t<\/div>\n\t\t\t\t<div class=\"elementor-column elementor-col-50 elementor-top-column elementor-element elementor-element-916a51d\" data-id=\"916a51d\" data-element_type=\"column\" data-e-type=\"column\">\n\t\t\t<div class=\"elementor-widget-wrap elementor-element-populated\">\n\t\t\t\t\t\t<div class=\"elementor-element elementor-element-d79c03c elementor-widget elementor-widget-image\" data-id=\"d79c03c\" data-element_type=\"widget\" data-e-type=\"widget\" data-widget_type=\"image.default\">\n\t\t\t\t<div class=\"elementor-widget-container\">\n\t\t\t\t\t\t\t\t\t\t\t\t\t\t\t<img fetchpriority=\"high\" decoding=\"async\" width=\"800\" height=\"353\" src=\"https:\/\/www.somagen.com\/wp-content\/uploads\/2021\/08\/shutterstock_1819055876-1920x846.jpg\" class=\"attachment-large size-large wp-image-15847\" alt=\"\" srcset=\"https:\/\/www.somagen.com\/wp-content\/uploads\/2021\/08\/shutterstock_1819055876-1920x846.jpg 1920w, https:\/\/www.somagen.com\/wp-content\/uploads\/2021\/08\/shutterstock_1819055876-800x352.jpg 800w, https:\/\/www.somagen.com\/wp-content\/uploads\/2021\/08\/shutterstock_1819055876-768x338.jpg 768w, https:\/\/www.somagen.com\/wp-content\/uploads\/2021\/08\/shutterstock_1819055876-1536x677.jpg 1536w, https:\/\/www.somagen.com\/wp-content\/uploads\/2021\/08\/shutterstock_1819055876-2048x902.jpg 2048w\" sizes=\"(max-width: 800px) 100vw, 800px\" \/>\t\t\t\t\t\t\t\t\t\t\t\t\t\t\t<\/div>\n\t\t\t\t<\/div>\n\t\t\t\t\t<\/div>\n\t\t<\/div>\n\t\t\t\t\t<\/div>\n\t\t<\/section>\n\t\t\t\t<section class=\"elementor-section elementor-top-section elementor-element elementor-element-b8f0d84 elementor-section-boxed elementor-section-height-default elementor-section-height-default elementor-invisible\" data-id=\"b8f0d84\" data-element_type=\"section\" data-e-type=\"section\" data-settings=\"{&quot;animation&quot;:&quot;fadeInUp&quot;}\">\n\t\t\t\t\t\t<div class=\"elementor-container elementor-column-gap-default\">\n\t\t\t\t\t<div class=\"elementor-column elementor-col-33 elementor-top-column elementor-element elementor-element-98416b0\" data-id=\"98416b0\" data-element_type=\"column\" data-e-type=\"column\">\n\t\t\t<div class=\"elementor-widget-wrap elementor-element-populated\">\n\t\t\t\t\t\t<div class=\"elementor-element elementor-element-8bc819a elementor-widget elementor-widget-image\" data-id=\"8bc819a\" data-element_type=\"widget\" data-e-type=\"widget\" data-widget_type=\"image.default\">\n\t\t\t\t<div class=\"elementor-widget-container\">\n\t\t\t\t\t\t\t\t\t\t\t\t\t\t\t<img decoding=\"async\" src=\"https:\/\/www.somagen.com\/wp-content\/uploads\/elementor\/thumbs\/Dipper-Level-1-2-2-1-pbplxz07o0zn0n0qu7vlrbj1xw228v5ldd143z7dfc.jpg\" title=\"Dipper Level 1 &#038; 2 (2) (1)\" alt=\"Dipper Level 1 &amp; 2 (2) (1)\" loading=\"lazy\" \/>\t\t\t\t\t\t\t\t\t\t\t\t\t\t\t<\/div>\n\t\t\t\t<\/div>\n\t\t\t\t<div class=\"elementor-element elementor-element-27536b8 elementor-widget elementor-widget-text-editor\" data-id=\"27536b8\" data-element_type=\"widget\" data-e-type=\"widget\" data-widget_type=\"text-editor.default\">\n\t\t\t\t<div class=\"elementor-widget-container\">\n\t\t\t\t\t\t\t\t\t<p style=\"text-align: center;\"><strong>Analyse d\u2019urine<\/strong><\/p><p>Contr\u00f4les de la qualit\u00e9 de l\u2019analyse d\u2019urine sur bandelettes pour les tests automatis\u00e9s et manuels, ainsi que l\u2019analyse microscopique.<\/p>\t\t\t\t\t\t\t\t<\/div>\n\t\t\t\t<\/div>\n\t\t\t\t<div class=\"elementor-element elementor-element-db84b12 elementor-align-center elementor-widget elementor-widget-button\" data-id=\"db84b12\" data-element_type=\"widget\" data-e-type=\"widget\" data-widget_type=\"button.default\">\n\t\t\t\t<div class=\"elementor-widget-container\">\n\t\t\t\t\t\t\t\t\t<div class=\"elementor-button-wrapper\">\n\t\t\t\t\t<a class=\"elementor-button elementor-button-link elementor-size-sm\" href=\"https:\/\/quantimetrix.com\/what-is-quality-control\/urinalysis\/\" target=\"_blank\" rel=\"noopener\">\n\t\t\t\t\t\t<span class=\"elementor-button-content-wrapper\">\n\t\t\t\t\t\t\t\t\t<span class=\"elementor-button-text\">APPRENEZ-EN PLUS<\/span>\n\t\t\t\t\t<\/span>\n\t\t\t\t\t<\/a>\n\t\t\t\t<\/div>\n\t\t\t\t\t\t\t\t<\/div>\n\t\t\t\t<\/div>\n\t\t\t\t\t<\/div>\n\t\t<\/div>\n\t\t\t\t<div class=\"elementor-column elementor-col-33 elementor-top-column elementor-element elementor-element-514aa6e\" data-id=\"514aa6e\" data-element_type=\"column\" data-e-type=\"column\">\n\t\t\t<div class=\"elementor-widget-wrap elementor-element-populated\">\n\t\t\t\t\t\t<div class=\"elementor-element elementor-element-c21feb4 elementor-widget elementor-widget-image\" data-id=\"c21feb4\" data-element_type=\"widget\" data-e-type=\"widget\" data-widget_type=\"image.default\">\n\t\t\t\t<div class=\"elementor-widget-container\">\n\t\t\t\t\t\t\t\t\t\t\t\t\t\t\t<img decoding=\"async\" src=\"https:\/\/www.somagen.com\/wp-content\/uploads\/elementor\/thumbs\/DropperSpinalFluid_Kit-1-pbplw1g5macf5hts4dt7mt2xzdkwf9hgfsr6li2i7s.jpg\" title=\"DropperSpinalFluid_Kit (1)\" alt=\"DropperSpinalFluid_Kit (1)\" loading=\"lazy\" \/>\t\t\t\t\t\t\t\t\t\t\t\t\t\t\t<\/div>\n\t\t\t\t<\/div>\n\t\t\t\t<div class=\"elementor-element elementor-element-ccf71ac elementor-widget elementor-widget-text-editor\" data-id=\"ccf71ac\" data-element_type=\"widget\" data-e-type=\"widget\" data-widget_type=\"text-editor.default\">\n\t\t\t\t<div class=\"elementor-widget-container\">\n\t\t\t\t\t\t\t\t\t<p style=\"text-align: center;\"><strong>Chimie Clinique<\/strong><\/p><p>Contr\u00f4les de la qualit\u00e9 g\u00e9n\u00e9raux et sp\u00e9cialis\u00e9s en chimie clinique.<\/p>\t\t\t\t\t\t\t\t<\/div>\n\t\t\t\t<\/div>\n\t\t\t\t<div class=\"elementor-element elementor-element-db1fcc6 elementor-align-center elementor-widget elementor-widget-button\" data-id=\"db1fcc6\" data-element_type=\"widget\" data-e-type=\"widget\" data-widget_type=\"button.default\">\n\t\t\t\t<div class=\"elementor-widget-container\">\n\t\t\t\t\t\t\t\t\t<div class=\"elementor-button-wrapper\">\n\t\t\t\t\t<a class=\"elementor-button elementor-button-link elementor-size-sm\" href=\"https:\/\/quantimetrix.com\/what-is-quality-control\/chemistry\/\" target=\"_blank\" rel=\"noopener\">\n\t\t\t\t\t\t<span class=\"elementor-button-content-wrapper\">\n\t\t\t\t\t\t\t\t\t<span class=\"elementor-button-text\">APPRENEZ-EN PLUS<\/span>\n\t\t\t\t\t<\/span>\n\t\t\t\t\t<\/a>\n\t\t\t\t<\/div>\n\t\t\t\t\t\t\t\t<\/div>\n\t\t\t\t<\/div>\n\t\t\t\t\t<\/div>\n\t\t<\/div>\n\t\t\t\t<div class=\"elementor-column elementor-col-33 elementor-top-column elementor-element elementor-element-b79e06f\" data-id=\"b79e06f\" data-element_type=\"column\" data-e-type=\"column\">\n\t\t\t<div class=\"elementor-widget-wrap elementor-element-populated\">\n\t\t\t\t\t\t<div class=\"elementor-element elementor-element-da23e7f elementor-widget elementor-widget-image\" data-id=\"da23e7f\" data-element_type=\"widget\" data-e-type=\"widget\" data-widget_type=\"image.default\">\n\t\t\t\t<div class=\"elementor-widget-container\">\n\t\t\t\t\t\t\t\t\t\t\t\t\t\t\t<img decoding=\"async\" src=\"https:\/\/www.somagen.com\/wp-content\/uploads\/elementor\/thumbs\/DropperA1c_Kit-pbplvb4oaxce4ew0e2fnozq1cl6mfqkz06hl5r5j20.jpg\" title=\"DropperA1c_Kit\" alt=\"DropperA1c_Kit\" loading=\"lazy\" \/>\t\t\t\t\t\t\t\t\t\t\t\t\t\t\t<\/div>\n\t\t\t\t<\/div>\n\t\t\t\t<div class=\"elementor-element elementor-element-9eea2de elementor-widget elementor-widget-text-editor\" data-id=\"9eea2de\" data-element_type=\"widget\" data-e-type=\"widget\" data-widget_type=\"text-editor.default\">\n\t\t\t\t<div class=\"elementor-widget-container\">\n\t\t\t\t\t\t\t\t\t<p style=\"text-align: center;\"><strong>Diab\u00e8te<\/strong><\/p><p>Contr\u00f4le Dropper format A1c id\u00e9al pour les tests au laboratoire central et les analyses hors-laboratoire.<\/p>\t\t\t\t\t\t\t\t<\/div>\n\t\t\t\t<\/div>\n\t\t\t\t<div class=\"elementor-element elementor-element-66c3f87 elementor-align-center elementor-widget elementor-widget-button\" data-id=\"66c3f87\" data-element_type=\"widget\" data-e-type=\"widget\" data-widget_type=\"button.default\">\n\t\t\t\t<div class=\"elementor-widget-container\">\n\t\t\t\t\t\t\t\t\t<div class=\"elementor-button-wrapper\">\n\t\t\t\t\t<a class=\"elementor-button elementor-button-link elementor-size-sm\" href=\"https:\/\/quantimetrix.com\/what-is-quality-control\/diabetes\/\" target=\"_blank\" rel=\"noopener\">\n\t\t\t\t\t\t<span class=\"elementor-button-content-wrapper\">\n\t\t\t\t\t\t\t\t\t<span class=\"elementor-button-text\">APPRENEZ-EN PLUS<\/span>\n\t\t\t\t\t<\/span>\n\t\t\t\t\t<\/a>\n\t\t\t\t<\/div>\n\t\t\t\t\t\t\t\t<\/div>\n\t\t\t\t<\/div>\n\t\t\t\t\t<\/div>\n\t\t<\/div>\n\t\t\t\t\t<\/div>\n\t\t<\/section>\n\t\t\t\t<\/div>\n\t\t","protected":false},"excerpt":{"rendered":"<p>UNE PASSION POUR LA CR\u00c9ATION Quantimetrix con\u00e7oit, d\u00e9veloppe et fabrique des produits de contr\u00f4le de la qualit\u00e9 de laboratoire \u00e0 son si\u00e8ge social de Redondo Beach, en Californie. Quantimetrix est [&hellip;]<\/p>\n","protected":false},"author":4,"featured_media":0,"parent":0,"menu_order":0,"comment_status":"closed","ping_status":"closed","template":"","meta":{"_relevanssi_hide_post":"","_relevanssi_hide_content":"","_relevanssi_pin_for_all":"","_relevanssi_pin_keywords":"","_relevanssi_unpin_keywords":"","_relevanssi_related_keywords":"","_relevanssi_related_include_ids":"","_relevanssi_related_exclude_ids":"","_relevanssi_related_no_append":"","_relevanssi_related_not_related":"","_relevanssi_related_posts":"","_relevanssi_noindex_reason":"","footnotes":""},"class_list":["post-32725","page","type-page","status-publish","hentry"],"_links":{"self":[{"href":"https:\/\/www.somagen.com\/fr\/wp-json\/wp\/v2\/pages\/32725","targetHints":{"allow":["GET"]}}],"collection":[{"href":"https:\/\/www.somagen.com\/fr\/wp-json\/wp\/v2\/pages"}],"about":[{"href":"https:\/\/www.somagen.com\/fr\/wp-json\/wp\/v2\/types\/page"}],"author":[{"embeddable":true,"href":"https:\/\/www.somagen.com\/fr\/wp-json\/wp\/v2\/users\/4"}],"replies":[{"embeddable":true,"href":"https:\/\/www.somagen.com\/fr\/wp-json\/wp\/v2\/comments?post=32725"}],"version-history":[{"count":7,"href":"https:\/\/www.somagen.com\/fr\/wp-json\/wp\/v2\/pages\/32725\/revisions"}],"predecessor-version":[{"id":39344,"href":"https:\/\/www.somagen.com\/fr\/wp-json\/wp\/v2\/pages\/32725\/revisions\/39344"}],"wp:attachment":[{"href":"https:\/\/www.somagen.com\/fr\/wp-json\/wp\/v2\/media?parent=32725"}],"curies":[{"name":"wp","href":"https:\/\/api.w.org\/{rel}","templated":true}]}}