{"id":32843,"date":"2022-07-25T11:43:20","date_gmt":"2022-07-25T17:43:20","guid":{"rendered":"https:\/\/somagen.com\/aps\/"},"modified":"2024-01-24T14:04:21","modified_gmt":"2024-01-24T21:04:21","slug":"aps","status":"publish","type":"page","link":"https:\/\/www.somagen.com\/fr\/aps\/","title":{"rendered":"APS"},"content":{"rendered":"\t\t<div data-elementor-type=\"wp-page\" data-elementor-id=\"32843\" class=\"elementor elementor-32843 elementor-7833\" data-elementor-post-type=\"page\">\n\t\t\t\t\t\t<section class=\"elementor-section elementor-top-section elementor-element elementor-element-aff79a8 elementor-section-boxed elementor-section-height-default elementor-section-height-default elementor-invisible\" data-id=\"aff79a8\" data-element_type=\"section\" data-e-type=\"section\" data-settings=\"{&quot;animation&quot;:&quot;fadeInUp&quot;}\">\n\t\t\t\t\t\t<div class=\"elementor-container elementor-column-gap-default\">\n\t\t\t\t\t<div class=\"elementor-column elementor-col-50 elementor-top-column elementor-element elementor-element-1499416\" data-id=\"1499416\" data-element_type=\"column\" data-e-type=\"column\">\n\t\t\t<div class=\"elementor-widget-wrap elementor-element-populated\">\n\t\t\t\t\t\t<div class=\"elementor-element elementor-element-0834f36 elementor-widget elementor-widget-text-editor\" data-id=\"0834f36\" data-element_type=\"widget\" data-e-type=\"widget\" data-widget_type=\"text-editor.default\">\n\t\t\t\t<div class=\"elementor-widget-container\">\n\t\t\t\t\t\t\t\t\t<h3><strong>Syndrome des antiphospholipides (SAPL)\u00a0<\/strong><\/h3><p>Le syndrome des antiphospholipides (SAPL) est une condition \u00e9mergente qui peut sous-tendre plus d\u2019affections de ce qui a \u00e9t\u00e9 per\u00e7u au d\u00e9part. Les divers sympt\u00f4mes du SAPL comprennent la thrombose veineuse profonde des membres inf\u00e9rieurs, l\u2019embolie pulmonaire, les fausses couches pr\u00e9coces et tardives, les troubles de la m\u00e9moire, les caract\u00e9ristiques cliniques de l\u2019arthrite, le livedo reticularis, la migraine, ou l\u2019\u00e9pilepsie.<sup>1,2<\/sup> C\u2019est une maladie auto-immune syst\u00e9mique dans laquelle les anticorps sont dirig\u00e9s contre les complexes phospholipidiques-prot\u00e9iques.<sup>3<\/sup><\/p><p>Le SAPL est plus courant chez les femmes que chez les hommes dans un ratio d\u2019environ 5:1. Bien que l\u2019\u00e2ge moyen d\u2019apparition des manifestations cliniques ait tendance \u00e0 se situer dans la tranche d\u2019\u00e2ge moyenne, le SAPL peut aussi se manifester chez les enfants et les patients plus \u00e2g\u00e9s. Le SAPL semble mener directement \u00e0 une combinaison de sympt\u00f4mes. Les maux de t\u00eate \u2014 en particulier les migraines \u2014 qui remontent \u00e0 l\u2019enfance et ont souvent des ant\u00e9c\u00e9dents familiaux qui peuvent \u00eatre un signe pr\u00e9coce de SAPL.<sup>2<\/sup><\/p><p><strong><a href=\"https:\/\/www.thermofisher.com\/phadia\/us\/en\/our-solutions\/elia-autoimmunity-solutions\/antiphospholipid-syndrome.html\" target=\"_blank\" rel=\"noopener\">Apprenez-en plus<\/a><\/strong><\/p>\t\t\t\t\t\t\t\t<\/div>\n\t\t\t\t<\/div>\n\t\t\t\t\t<\/div>\n\t\t<\/div>\n\t\t\t\t<div class=\"elementor-column elementor-col-50 elementor-top-column elementor-element elementor-element-bd015d4\" data-id=\"bd015d4\" data-element_type=\"column\" data-e-type=\"column\">\n\t\t\t<div class=\"elementor-widget-wrap elementor-element-populated\">\n\t\t\t\t\t\t<div class=\"elementor-element elementor-element-31edef0 elementor-widget elementor-widget-image\" data-id=\"31edef0\" data-element_type=\"widget\" data-e-type=\"widget\" data-widget_type=\"image.default\">\n\t\t\t\t<div class=\"elementor-widget-container\">\n\t\t\t\t\t\t\t\t\t\t\t\t\t\t\t<img fetchpriority=\"high\" decoding=\"async\" width=\"2560\" height=\"1709\" src=\"https:\/\/www.somagen.com\/wp-content\/uploads\/2021\/10\/AdobeStock_85295539-scaled.jpeg\" class=\"attachment-full size-full wp-image-22678\" alt=\"\" srcset=\"https:\/\/www.somagen.com\/wp-content\/uploads\/2021\/10\/AdobeStock_85295539-scaled.jpeg 2560w, https:\/\/www.somagen.com\/wp-content\/uploads\/2021\/10\/AdobeStock_85295539-800x534.jpeg 800w, https:\/\/www.somagen.com\/wp-content\/uploads\/2021\/10\/AdobeStock_85295539-1918x1280.jpeg 1918w, https:\/\/www.somagen.com\/wp-content\/uploads\/2021\/10\/AdobeStock_85295539-768x513.jpeg 768w, https:\/\/www.somagen.com\/wp-content\/uploads\/2021\/10\/AdobeStock_85295539-1536x1025.jpeg 1536w, https:\/\/www.somagen.com\/wp-content\/uploads\/2021\/10\/AdobeStock_85295539-2048x1367.jpeg 2048w\" sizes=\"(max-width: 2560px) 100vw, 2560px\" \/>\t\t\t\t\t\t\t\t\t\t\t\t\t\t\t<\/div>\n\t\t\t\t<\/div>\n\t\t\t\t\t<\/div>\n\t\t<\/div>\n\t\t\t\t\t<\/div>\n\t\t<\/section>\n\t\t\t\t<section class=\"elementor-section elementor-top-section elementor-element elementor-element-6981329 elementor-section-boxed elementor-section-height-default elementor-section-height-default elementor-invisible\" data-id=\"6981329\" data-element_type=\"section\" data-e-type=\"section\" data-settings=\"{&quot;animation&quot;:&quot;fadeInUp&quot;}\">\n\t\t\t\t\t\t<div class=\"elementor-container elementor-column-gap-default\">\n\t\t\t\t\t<div class=\"elementor-column elementor-col-100 elementor-top-column elementor-element elementor-element-88b51fb\" data-id=\"88b51fb\" data-element_type=\"column\" data-e-type=\"column\">\n\t\t\t<div class=\"elementor-widget-wrap elementor-element-populated\">\n\t\t\t\t\t\t<div class=\"elementor-element elementor-element-7621d32 elementor-align-left elementor-widget elementor-widget-button\" data-id=\"7621d32\" data-element_type=\"widget\" data-e-type=\"widget\" data-widget_type=\"button.default\">\n\t\t\t\t<div class=\"elementor-widget-container\">\n\t\t\t\t\t\t\t\t\t<div class=\"elementor-button-wrapper\">\n\t\t\t\t\t<a class=\"elementor-button elementor-button-link elementor-size-lg\" href=\"https:\/\/www.thermofisher.com\/phadia\/us\/en\/product-catalog.html?region=DE\" target=\"_blank\" rel=\"noopener\">\n\t\t\t\t\t\t<span class=\"elementor-button-content-wrapper\">\n\t\t\t\t\t\t\t\t\t<span class=\"elementor-button-text\">Acc\u00e9dez le catalogue complet <\/span>\n\t\t\t\t\t<\/span>\n\t\t\t\t\t<\/a>\n\t\t\t\t<\/div>\n\t\t\t\t\t\t\t\t<\/div>\n\t\t\t\t<\/div>\n\t\t\t\t\t<\/div>\n\t\t<\/div>\n\t\t\t\t\t<\/div>\n\t\t<\/section>\n\t\t\t\t<section class=\"elementor-section elementor-top-section elementor-element elementor-element-1f2f9d3 elementor-section-boxed elementor-section-height-default elementor-section-height-default elementor-invisible\" data-id=\"1f2f9d3\" data-element_type=\"section\" data-e-type=\"section\" data-settings=\"{&quot;animation&quot;:&quot;fadeInUp&quot;}\">\n\t\t\t\t\t\t<div class=\"elementor-container elementor-column-gap-default\">\n\t\t\t\t\t<div class=\"elementor-column elementor-col-100 elementor-top-column elementor-element elementor-element-132ee90\" data-id=\"132ee90\" data-element_type=\"column\" data-e-type=\"column\">\n\t\t\t<div class=\"elementor-widget-wrap elementor-element-populated\">\n\t\t\t\t\t\t<div class=\"elementor-element elementor-element-95882d3 elementor-widget elementor-widget-toggle\" data-id=\"95882d3\" data-element_type=\"widget\" data-e-type=\"widget\" data-widget_type=\"toggle.default\">\n\t\t\t\t<div class=\"elementor-widget-container\">\n\t\t\t\t\t\t\t<div class=\"elementor-toggle\">\n\t\t\t\t\t\t\t<div class=\"elementor-toggle-item\">\n\t\t\t\t\t<div id=\"elementor-tab-title-1561\" class=\"elementor-tab-title\" data-tab=\"1\" role=\"button\" aria-controls=\"elementor-tab-content-1561\" aria-expanded=\"false\">\n\t\t\t\t\t\t\t\t\t\t\t\t<span class=\"elementor-toggle-icon elementor-toggle-icon-left\" aria-hidden=\"true\">\n\t\t\t\t\t\t\t\t\t\t\t\t\t\t\t<span class=\"elementor-toggle-icon-closed\"><i class=\"fas fa-caret-right\"><\/i><\/span>\n\t\t\t\t\t\t\t\t<span class=\"elementor-toggle-icon-opened\"><i class=\"elementor-toggle-icon-opened fas fa-caret-up\"><\/i><\/span>\n\t\t\t\t\t\t\t\t\t\t\t\t\t<\/span>\n\t\t\t\t\t\t\t\t\t\t\t\t<a class=\"elementor-toggle-title\" tabindex=\"0\">R\u00e9f\u00e9rences<\/a>\n\t\t\t\t\t<\/div>\n\n\t\t\t\t\t<div id=\"elementor-tab-content-1561\" class=\"elementor-tab-content elementor-clearfix\" data-tab=\"1\" role=\"region\" aria-labelledby=\"elementor-tab-title-1561\"><ol>\r\n \t<li>Sciascia S, Baldovino S, Schreiber K, et al. Thrombotic risk assessment in antiphospholipid syndrome: the role of new antibody specificities and thrombin generation assay.\u00a0<i>Clin Mol Allergy.<\/i>\u00a02016:14:6.<\/li>\r\n \t<li>Hughes RV. Put Hughes Syndrome on Your Radar. The Rhematologist. 2007. http:\/\/www.the-rheumatologist.org\/article\/put-hughes-syndrome-on-your-radar\/. Accessed November 2017.<\/li>\r\n \t<li>Miyakis S, Lockshin MD, Atsumi T, et al. International consensus statement on an update of the classification criteria for definite antiphospholipid syndrome (APS).\u00a0<i>J Thromb Haemost.<\/i>\u00a02006;4:295-306.<\/li>\r\n \t<li>Asherson RA, Cervera R. The antiphospholipid syndrome: multiple faces beyond the classical presentation.\u00a0<i>Autoimmun Rev.<\/i>\u00a02003;2:140-151.<\/li>\r\n<\/ol><\/div>\n\t\t\t\t<\/div>\n\t\t\t\t\t\t\t\t<\/div>\n\t\t\t\t\t\t<\/div>\n\t\t\t\t<\/div>\n\t\t\t\t\t<\/div>\n\t\t<\/div>\n\t\t\t\t\t<\/div>\n\t\t<\/section>\n\t\t\t\t<section class=\"elementor-section elementor-top-section elementor-element elementor-element-b0baf30 elementor-section-boxed elementor-section-height-default elementor-section-height-default\" data-id=\"b0baf30\" data-element_type=\"section\" data-e-type=\"section\">\n\t\t\t\t\t\t<div class=\"elementor-container elementor-column-gap-default\">\n\t\t\t\t\t<div class=\"elementor-column elementor-col-100 elementor-top-column elementor-element elementor-element-30b4c4b\" data-id=\"30b4c4b\" data-element_type=\"column\" data-e-type=\"column\">\n\t\t\t<div class=\"elementor-widget-wrap elementor-element-populated\">\n\t\t\t\t\t\t<div class=\"elementor-element elementor-element-ee335ad elementor-widget elementor-widget-spacer\" data-id=\"ee335ad\" data-element_type=\"widget\" data-e-type=\"widget\" data-widget_type=\"spacer.default\">\n\t\t\t\t<div class=\"elementor-widget-container\">\n\t\t\t\t\t\t\t<div class=\"elementor-spacer\">\n\t\t\t<div class=\"elementor-spacer-inner\"><\/div>\n\t\t<\/div>\n\t\t\t\t\t\t<\/div>\n\t\t\t\t<\/div>\n\t\t\t\t\t<\/div>\n\t\t<\/div>\n\t\t\t\t\t<\/div>\n\t\t<\/section>\n\t\t\t\t<\/div>\n\t\t","protected":false},"excerpt":{"rendered":"<p>Syndrome des antiphospholipides (SAPL)\u00a0 Le syndrome des antiphospholipides (SAPL) est une condition \u00e9mergente qui peut sous-tendre plus d\u2019affections de ce qui a \u00e9t\u00e9 per\u00e7u au d\u00e9part. Les divers sympt\u00f4mes du [&hellip;]<\/p>\n","protected":false},"author":4,"featured_media":0,"parent":0,"menu_order":0,"comment_status":"closed","ping_status":"closed","template":"","meta":{"_relevanssi_hide_post":"","_relevanssi_hide_content":"","_relevanssi_pin_for_all":"","_relevanssi_pin_keywords":"","_relevanssi_unpin_keywords":"","_relevanssi_related_keywords":"","_relevanssi_related_include_ids":"","_relevanssi_related_exclude_ids":"","_relevanssi_related_no_append":"","_relevanssi_related_not_related":"","_relevanssi_related_posts":"","_relevanssi_noindex_reason":"","footnotes":""},"class_list":["post-32843","page","type-page","status-publish","hentry"],"_links":{"self":[{"href":"https:\/\/www.somagen.com\/fr\/wp-json\/wp\/v2\/pages\/32843","targetHints":{"allow":["GET"]}}],"collection":[{"href":"https:\/\/www.somagen.com\/fr\/wp-json\/wp\/v2\/pages"}],"about":[{"href":"https:\/\/www.somagen.com\/fr\/wp-json\/wp\/v2\/types\/page"}],"author":[{"embeddable":true,"href":"https:\/\/www.somagen.com\/fr\/wp-json\/wp\/v2\/users\/4"}],"replies":[{"embeddable":true,"href":"https:\/\/www.somagen.com\/fr\/wp-json\/wp\/v2\/comments?post=32843"}],"version-history":[{"count":8,"href":"https:\/\/www.somagen.com\/fr\/wp-json\/wp\/v2\/pages\/32843\/revisions"}],"predecessor-version":[{"id":42436,"href":"https:\/\/www.somagen.com\/fr\/wp-json\/wp\/v2\/pages\/32843\/revisions\/42436"}],"wp:attachment":[{"href":"https:\/\/www.somagen.com\/fr\/wp-json\/wp\/v2\/media?parent=32843"}],"curies":[{"name":"wp","href":"https:\/\/api.w.org\/{rel}","templated":true}]}}