{"id":32894,"date":"2022-07-25T13:04:56","date_gmt":"2022-07-25T19:04:56","guid":{"rendered":"https:\/\/somagen.com\/gi-disease\/"},"modified":"2024-01-24T14:08:07","modified_gmt":"2024-01-24T21:08:07","slug":"gi-disease","status":"publish","type":"page","link":"https:\/\/www.somagen.com\/fr\/gi-disease\/","title":{"rendered":"GI Disease"},"content":{"rendered":"\t\t<div data-elementor-type=\"wp-page\" data-elementor-id=\"32894\" class=\"elementor elementor-32894 elementor-7825\" data-elementor-post-type=\"page\">\n\t\t\t\t\t\t<section class=\"elementor-section elementor-top-section elementor-element elementor-element-3b3e1c5 elementor-section-boxed elementor-section-height-default elementor-section-height-default elementor-invisible\" data-id=\"3b3e1c5\" data-element_type=\"section\" data-e-type=\"section\" data-settings=\"{&quot;animation&quot;:&quot;fadeInUp&quot;}\">\n\t\t\t\t\t\t<div class=\"elementor-container elementor-column-gap-default\">\n\t\t\t\t\t<div class=\"elementor-column elementor-col-50 elementor-top-column elementor-element elementor-element-cece640\" data-id=\"cece640\" data-element_type=\"column\" data-e-type=\"column\">\n\t\t\t<div class=\"elementor-widget-wrap elementor-element-populated\">\n\t\t\t\t\t\t<div class=\"elementor-element elementor-element-2a6679b elementor-widget elementor-widget-text-editor\" data-id=\"2a6679b\" data-element_type=\"widget\" data-e-type=\"widget\" data-widget_type=\"text-editor.default\">\n\t\t\t\t<div class=\"elementor-widget-container\">\n\t\t\t\t\t\t\t\t\t<h3><strong>Maladies gastro-intestinales<\/strong><\/h3><p>Les douleurs abdominales, la diarrh\u00e9e chronique, l\u2019an\u00e9mie ferriprive et les autres sympt\u00f4mes de malabsorption <sup>1,2<\/sup>sont parmi les nombreux sympt\u00f4mes qui peuvent rendre difficile la distinction parmi les maladies gastro-intestinales (IG) ce qui est frustrant pour vous et vos patients. C\u2019est le cas de la maladie c\u0153liaque (MC), de la maladie inflammatoire chronique de l\u2019intestin (MICI) et du syndrome de l\u2019intestin irritable (SII). Le diagnostic de ces maladies peut \u00eatre particuli\u00e8rement difficile parce que celles-ci ciblent souvent le m\u00eame organe, l\u2019intestin <sup>1<\/sup>. Les examens de laboratoire peuvent \u00eatre utilis\u00e9s pour diagnostiquer plus facilement les patients pr\u00e9sentant des sympt\u00f4mes gastro-intestinaux, ce qui r\u00e9duit le temps n\u00e9cessaire au diagnostic et par cons\u00e9quent le risque de complications \u00e0 long terme pour votre patient.<\/p><p><span style=\"color: #008080;\"><strong><a style=\"color: #008080;\" href=\"https:\/\/www.thermofisher.com\/phadia\/us\/en\/our-solutions\/elia-autoimmunity-solutions\/inflammatory-bowel-diseases.html\" target=\"_blank\" rel=\"noopener\">Apprenez-en plus<\/a><\/strong><\/span><\/p>\t\t\t\t\t\t\t\t<\/div>\n\t\t\t\t<\/div>\n\t\t\t\t\t<\/div>\n\t\t<\/div>\n\t\t\t\t<div class=\"elementor-column elementor-col-50 elementor-top-column elementor-element elementor-element-4040fb4\" data-id=\"4040fb4\" data-element_type=\"column\" data-e-type=\"column\">\n\t\t\t<div class=\"elementor-widget-wrap elementor-element-populated\">\n\t\t\t\t\t\t<div class=\"elementor-element elementor-element-54fb7a7 elementor-widget elementor-widget-image\" data-id=\"54fb7a7\" data-element_type=\"widget\" data-e-type=\"widget\" data-widget_type=\"image.default\">\n\t\t\t\t<div class=\"elementor-widget-container\">\n\t\t\t\t\t\t\t\t\t\t\t\t\t\t\t<img decoding=\"async\" src=\"https:\/\/www.somagen.com\/wp-content\/uploads\/2021\/06\/iStock-951027250-scaled.jpg\" title=\"Young woman suffering stomach ache\" alt=\"Young woman suffering stomach ache pressing abdomen because of burn acid as digestive illness problem concept on indoor room background\" loading=\"lazy\" \/>\t\t\t\t\t\t\t\t\t\t\t\t\t\t\t<\/div>\n\t\t\t\t<\/div>\n\t\t\t\t\t<\/div>\n\t\t<\/div>\n\t\t\t\t\t<\/div>\n\t\t<\/section>\n\t\t\t\t<section class=\"elementor-section elementor-top-section elementor-element elementor-element-bf91a0c elementor-section-boxed elementor-section-height-default elementor-section-height-default elementor-invisible\" data-id=\"bf91a0c\" data-element_type=\"section\" data-e-type=\"section\" data-settings=\"{&quot;animation&quot;:&quot;fadeInUp&quot;}\">\n\t\t\t\t\t\t<div class=\"elementor-container elementor-column-gap-default\">\n\t\t\t\t\t<div class=\"elementor-column elementor-col-100 elementor-top-column elementor-element elementor-element-30cebbb\" data-id=\"30cebbb\" data-element_type=\"column\" data-e-type=\"column\">\n\t\t\t<div class=\"elementor-widget-wrap elementor-element-populated\">\n\t\t\t\t\t\t<div class=\"elementor-element elementor-element-8fd8940 elementor-align-left elementor-widget elementor-widget-button\" data-id=\"8fd8940\" data-element_type=\"widget\" data-e-type=\"widget\" data-widget_type=\"button.default\">\n\t\t\t\t<div class=\"elementor-widget-container\">\n\t\t\t\t\t\t\t\t\t<div class=\"elementor-button-wrapper\">\n\t\t\t\t\t<a class=\"elementor-button elementor-button-link elementor-size-lg\" href=\"https:\/\/www.thermofisher.com\/phadia\/us\/en\/product-catalog.html?region=DE\" target=\"_blank\" rel=\"noopener\">\n\t\t\t\t\t\t<span class=\"elementor-button-content-wrapper\">\n\t\t\t\t\t\t\t\t\t<span class=\"elementor-button-text\">Acc\u00e9dez le catalogue complet <\/span>\n\t\t\t\t\t<\/span>\n\t\t\t\t\t<\/a>\n\t\t\t\t<\/div>\n\t\t\t\t\t\t\t\t<\/div>\n\t\t\t\t<\/div>\n\t\t\t\t\t<\/div>\n\t\t<\/div>\n\t\t\t\t\t<\/div>\n\t\t<\/section>\n\t\t\t\t<section class=\"elementor-section elementor-top-section elementor-element elementor-element-00e7113 elementor-section-boxed elementor-section-height-default elementor-section-height-default elementor-invisible\" data-id=\"00e7113\" data-element_type=\"section\" data-e-type=\"section\" data-settings=\"{&quot;animation&quot;:&quot;fadeInUp&quot;}\">\n\t\t\t\t\t\t<div class=\"elementor-container elementor-column-gap-default\">\n\t\t\t\t\t<div class=\"elementor-column elementor-col-100 elementor-top-column elementor-element elementor-element-ba837ce\" data-id=\"ba837ce\" data-element_type=\"column\" data-e-type=\"column\">\n\t\t\t<div class=\"elementor-widget-wrap elementor-element-populated\">\n\t\t\t\t\t\t<div class=\"elementor-element elementor-element-92cdb85 elementor-widget elementor-widget-toggle\" data-id=\"92cdb85\" data-element_type=\"widget\" data-e-type=\"widget\" data-widget_type=\"toggle.default\">\n\t\t\t\t<div class=\"elementor-widget-container\">\n\t\t\t\t\t\t\t<div class=\"elementor-toggle\">\n\t\t\t\t\t\t\t<div class=\"elementor-toggle-item\">\n\t\t\t\t\t<div id=\"elementor-tab-title-1531\" class=\"elementor-tab-title\" data-tab=\"1\" role=\"button\" aria-controls=\"elementor-tab-content-1531\" aria-expanded=\"false\">\n\t\t\t\t\t\t\t\t\t\t\t\t<span class=\"elementor-toggle-icon elementor-toggle-icon-left\" aria-hidden=\"true\">\n\t\t\t\t\t\t\t\t\t\t\t\t\t\t\t<span class=\"elementor-toggle-icon-closed\"><i class=\"fas fa-caret-right\"><\/i><\/span>\n\t\t\t\t\t\t\t\t<span class=\"elementor-toggle-icon-opened\"><i class=\"elementor-toggle-icon-opened fas fa-caret-up\"><\/i><\/span>\n\t\t\t\t\t\t\t\t\t\t\t\t\t<\/span>\n\t\t\t\t\t\t\t\t\t\t\t\t<a class=\"elementor-toggle-title\" tabindex=\"0\">R\u00e9f\u00e9rences<\/a>\n\t\t\t\t\t<\/div>\n\n\t\t\t\t\t<div id=\"elementor-tab-content-1531\" class=\"elementor-tab-content elementor-clearfix\" data-tab=\"1\" role=\"region\" aria-labelledby=\"elementor-tab-title-1531\"><ol>\r\n \t<li>Pascual V, Dieli-Crimi R, L\u00f3pez-Palacios N, et al. Inflammatory bowel disease and celiac disease: Overlaps and differences.\u00a0<i>World J Gastroenterol<\/i>. 2014;20(17):4846-4856.<\/li>\r\n \t<li>Gujral N, Freeman HJ, Thomson A. Celiac disease: Prevalence, diagnosis, pathogenesis and treatment.\u00a0<i>World J Gastroenterol.\u00a0<\/i>2012;18(42):6036-6059.<\/li>\r\n<\/ol><\/div>\n\t\t\t\t<\/div>\n\t\t\t\t\t\t\t\t<\/div>\n\t\t\t\t\t\t<\/div>\n\t\t\t\t<\/div>\n\t\t\t\t\t<\/div>\n\t\t<\/div>\n\t\t\t\t\t<\/div>\n\t\t<\/section>\n\t\t\t\t<section class=\"elementor-section elementor-top-section elementor-element elementor-element-93c21ea elementor-section-boxed elementor-section-height-default elementor-section-height-default\" data-id=\"93c21ea\" data-element_type=\"section\" data-e-type=\"section\">\n\t\t\t\t\t\t<div class=\"elementor-container elementor-column-gap-default\">\n\t\t\t\t\t<div class=\"elementor-column elementor-col-100 elementor-top-column elementor-element elementor-element-d54360a\" data-id=\"d54360a\" data-element_type=\"column\" data-e-type=\"column\">\n\t\t\t<div class=\"elementor-widget-wrap elementor-element-populated\">\n\t\t\t\t\t\t<div class=\"elementor-element elementor-element-ca77631 elementor-widget elementor-widget-spacer\" data-id=\"ca77631\" data-element_type=\"widget\" data-e-type=\"widget\" data-widget_type=\"spacer.default\">\n\t\t\t\t<div class=\"elementor-widget-container\">\n\t\t\t\t\t\t\t<div class=\"elementor-spacer\">\n\t\t\t<div class=\"elementor-spacer-inner\"><\/div>\n\t\t<\/div>\n\t\t\t\t\t\t<\/div>\n\t\t\t\t<\/div>\n\t\t\t\t\t<\/div>\n\t\t<\/div>\n\t\t\t\t\t<\/div>\n\t\t<\/section>\n\t\t\t\t<\/div>\n\t\t","protected":false},"excerpt":{"rendered":"<p>Maladies gastro-intestinales Les douleurs abdominales, la diarrh\u00e9e chronique, l\u2019an\u00e9mie ferriprive et les autres sympt\u00f4mes de malabsorption 1,2sont parmi les nombreux sympt\u00f4mes qui peuvent rendre difficile la distinction parmi les maladies [&hellip;]<\/p>\n","protected":false},"author":4,"featured_media":0,"parent":0,"menu_order":0,"comment_status":"closed","ping_status":"closed","template":"","meta":{"_relevanssi_hide_post":"","_relevanssi_hide_content":"","_relevanssi_pin_for_all":"","_relevanssi_pin_keywords":"","_relevanssi_unpin_keywords":"","_relevanssi_related_keywords":"","_relevanssi_related_include_ids":"","_relevanssi_related_exclude_ids":"","_relevanssi_related_no_append":"","_relevanssi_related_not_related":"","_relevanssi_related_posts":"","_relevanssi_noindex_reason":"","footnotes":""},"class_list":["post-32894","page","type-page","status-publish","hentry"],"_links":{"self":[{"href":"https:\/\/www.somagen.com\/fr\/wp-json\/wp\/v2\/pages\/32894","targetHints":{"allow":["GET"]}}],"collection":[{"href":"https:\/\/www.somagen.com\/fr\/wp-json\/wp\/v2\/pages"}],"about":[{"href":"https:\/\/www.somagen.com\/fr\/wp-json\/wp\/v2\/types\/page"}],"author":[{"embeddable":true,"href":"https:\/\/www.somagen.com\/fr\/wp-json\/wp\/v2\/users\/4"}],"replies":[{"embeddable":true,"href":"https:\/\/www.somagen.com\/fr\/wp-json\/wp\/v2\/comments?post=32894"}],"version-history":[{"count":4,"href":"https:\/\/www.somagen.com\/fr\/wp-json\/wp\/v2\/pages\/32894\/revisions"}],"predecessor-version":[{"id":42447,"href":"https:\/\/www.somagen.com\/fr\/wp-json\/wp\/v2\/pages\/32894\/revisions\/42447"}],"wp:attachment":[{"href":"https:\/\/www.somagen.com\/fr\/wp-json\/wp\/v2\/media?parent=32894"}],"curies":[{"name":"wp","href":"https:\/\/api.w.org\/{rel}","templated":true}]}}