{"id":32945,"date":"2022-07-25T13:44:04","date_gmt":"2022-07-25T19:44:04","guid":{"rendered":"https:\/\/somagen.com\/ra\/"},"modified":"2024-01-24T14:12:55","modified_gmt":"2024-01-24T21:12:55","slug":"ra","status":"publish","type":"page","link":"https:\/\/www.somagen.com\/fr\/ra\/","title":{"rendered":"RA"},"content":{"rendered":"\t\t<div data-elementor-type=\"wp-page\" data-elementor-id=\"32945\" class=\"elementor elementor-32945 elementor-7863\" data-elementor-post-type=\"page\">\n\t\t\t\t\t\t<section class=\"elementor-section elementor-top-section elementor-element elementor-element-d74729d elementor-section-boxed elementor-section-height-default elementor-section-height-default elementor-invisible\" data-id=\"d74729d\" data-element_type=\"section\" data-e-type=\"section\" data-settings=\"{&quot;animation&quot;:&quot;fadeInUp&quot;}\">\n\t\t\t\t\t\t<div class=\"elementor-container elementor-column-gap-default\">\n\t\t\t\t\t<div class=\"elementor-column elementor-col-50 elementor-top-column elementor-element elementor-element-57016b8\" data-id=\"57016b8\" data-element_type=\"column\" data-e-type=\"column\">\n\t\t\t<div class=\"elementor-widget-wrap elementor-element-populated\">\n\t\t\t\t\t\t<div class=\"elementor-element elementor-element-13d7652 elementor-widget elementor-widget-text-editor\" data-id=\"13d7652\" data-element_type=\"widget\" data-e-type=\"widget\" data-widget_type=\"text-editor.default\">\n\t\t\t\t<div class=\"elementor-widget-container\">\n\t\t\t\t\t\t\t\t\t<h3><strong>Arthrite rhumato\u00efde<\/strong><\/h3><p>La raideur matinale, la fatigue, les douleurs articulaires et l\u2019enflure sont les premiers sympt\u00f4mes courants de l\u2019arthrite rhumato\u00efde (AR) qui ne diff\u00e8re pas sensiblement des autres formes d\u2019arthrite inflammatoire <sup>1<\/sup>. Aux premiers stades de la maladie &#8211; l\u2019ambigu\u00eft\u00e9 et le chevauchement des sympt\u00f4mes peuvent rendre l\u2019arthrite rhumato\u00efde difficile \u00e0 diagnostiquer.<\/p><p>La d\u00e9tection pr\u00e9coce peut potentiellement sauver les patients des l\u00e9sions articulaires irr\u00e9versibles, des complications syst\u00e9miques et de la morbidit\u00e9 consid\u00e9rable auxquelles ils peuvent \u00eatre confront\u00e9s si leur maladie n\u2019est pas diagnostiqu\u00e9e et trait\u00e9e.<sup>1<\/sup><\/p><p><span style=\"color: #008080;\"><strong><a style=\"color: #008080;\" href=\"https:\/\/www.thermofisher.com\/phadia\/us\/en\/our-solutions\/elia-autoimmunity-solutions\/rheumatoid-arthritis.html\" target=\"_blank\" rel=\"noopener\">Apprenez-en plus<\/a><\/strong><\/span><\/p>\t\t\t\t\t\t\t\t<\/div>\n\t\t\t\t<\/div>\n\t\t\t\t\t<\/div>\n\t\t<\/div>\n\t\t\t\t<div class=\"elementor-column elementor-col-50 elementor-top-column elementor-element elementor-element-231a717\" data-id=\"231a717\" data-element_type=\"column\" data-e-type=\"column\">\n\t\t\t<div class=\"elementor-widget-wrap elementor-element-populated\">\n\t\t\t\t\t\t<div class=\"elementor-element elementor-element-fb829a2 elementor-widget elementor-widget-image\" data-id=\"fb829a2\" data-element_type=\"widget\" data-e-type=\"widget\" data-widget_type=\"image.default\">\n\t\t\t\t<div class=\"elementor-widget-container\">\n\t\t\t\t\t\t\t\t\t\t\t\t\t\t\t<img fetchpriority=\"high\" decoding=\"async\" width=\"2000\" height=\"1333\" src=\"https:\/\/www.somagen.com\/wp-content\/uploads\/2021\/06\/AdobeStock_377985414-copy.jpg\" class=\"attachment-full size-full wp-image-22616\" alt=\"\" srcset=\"https:\/\/www.somagen.com\/wp-content\/uploads\/2021\/06\/AdobeStock_377985414-copy.jpg 2000w, https:\/\/www.somagen.com\/wp-content\/uploads\/2021\/06\/AdobeStock_377985414-copy-800x533.jpg 800w, https:\/\/www.somagen.com\/wp-content\/uploads\/2021\/06\/AdobeStock_377985414-copy-1920x1280.jpg 1920w, https:\/\/www.somagen.com\/wp-content\/uploads\/2021\/06\/AdobeStock_377985414-copy-768x512.jpg 768w, https:\/\/www.somagen.com\/wp-content\/uploads\/2021\/06\/AdobeStock_377985414-copy-1536x1024.jpg 1536w\" sizes=\"(max-width: 2000px) 100vw, 2000px\" \/>\t\t\t\t\t\t\t\t\t\t\t\t\t\t\t<\/div>\n\t\t\t\t<\/div>\n\t\t\t\t\t<\/div>\n\t\t<\/div>\n\t\t\t\t\t<\/div>\n\t\t<\/section>\n\t\t\t\t<section class=\"elementor-section elementor-top-section elementor-element elementor-element-58a3b27 elementor-section-boxed elementor-section-height-default elementor-section-height-default elementor-invisible\" data-id=\"58a3b27\" data-element_type=\"section\" data-e-type=\"section\" data-settings=\"{&quot;animation&quot;:&quot;fadeInUp&quot;}\">\n\t\t\t\t\t\t<div class=\"elementor-container elementor-column-gap-default\">\n\t\t\t\t\t<div class=\"elementor-column elementor-col-100 elementor-top-column elementor-element elementor-element-113ac54\" data-id=\"113ac54\" data-element_type=\"column\" data-e-type=\"column\">\n\t\t\t<div class=\"elementor-widget-wrap elementor-element-populated\">\n\t\t\t\t\t\t<div class=\"elementor-element elementor-element-8ed1498 elementor-align-left elementor-widget elementor-widget-button\" data-id=\"8ed1498\" data-element_type=\"widget\" data-e-type=\"widget\" data-widget_type=\"button.default\">\n\t\t\t\t<div class=\"elementor-widget-container\">\n\t\t\t\t\t\t\t\t\t<div class=\"elementor-button-wrapper\">\n\t\t\t\t\t<a class=\"elementor-button elementor-button-link elementor-size-lg\" href=\"https:\/\/www.thermofisher.com\/phadia\/us\/en\/product-catalog.html?region=DE\" target=\"_blank\" rel=\"noopener\">\n\t\t\t\t\t\t<span class=\"elementor-button-content-wrapper\">\n\t\t\t\t\t\t\t\t\t<span class=\"elementor-button-text\">Acc\u00e9dez le catalogue complet <\/span>\n\t\t\t\t\t<\/span>\n\t\t\t\t\t<\/a>\n\t\t\t\t<\/div>\n\t\t\t\t\t\t\t\t<\/div>\n\t\t\t\t<\/div>\n\t\t\t\t\t<\/div>\n\t\t<\/div>\n\t\t\t\t\t<\/div>\n\t\t<\/section>\n\t\t\t\t<section class=\"elementor-section elementor-top-section elementor-element elementor-element-ea124c0 elementor-section-boxed elementor-section-height-default elementor-section-height-default elementor-invisible\" data-id=\"ea124c0\" data-element_type=\"section\" data-e-type=\"section\" data-settings=\"{&quot;animation&quot;:&quot;fadeInUp&quot;}\">\n\t\t\t\t\t\t<div class=\"elementor-container elementor-column-gap-default\">\n\t\t\t\t\t<div class=\"elementor-column elementor-col-100 elementor-top-column elementor-element elementor-element-8a16202\" data-id=\"8a16202\" data-element_type=\"column\" data-e-type=\"column\">\n\t\t\t<div class=\"elementor-widget-wrap elementor-element-populated\">\n\t\t\t\t\t\t<div class=\"elementor-element elementor-element-4eaafc5 elementor-widget elementor-widget-toggle\" data-id=\"4eaafc5\" data-element_type=\"widget\" data-e-type=\"widget\" data-widget_type=\"toggle.default\">\n\t\t\t\t<div class=\"elementor-widget-container\">\n\t\t\t\t\t\t\t<div class=\"elementor-toggle\">\n\t\t\t\t\t\t\t<div class=\"elementor-toggle-item\">\n\t\t\t\t\t<div id=\"elementor-tab-title-8241\" class=\"elementor-tab-title\" data-tab=\"1\" role=\"button\" aria-controls=\"elementor-tab-content-8241\" aria-expanded=\"false\">\n\t\t\t\t\t\t\t\t\t\t\t\t<span class=\"elementor-toggle-icon elementor-toggle-icon-left\" aria-hidden=\"true\">\n\t\t\t\t\t\t\t\t\t\t\t\t\t\t\t<span class=\"elementor-toggle-icon-closed\"><i class=\"fas fa-caret-right\"><\/i><\/span>\n\t\t\t\t\t\t\t\t<span class=\"elementor-toggle-icon-opened\"><i class=\"elementor-toggle-icon-opened fas fa-caret-up\"><\/i><\/span>\n\t\t\t\t\t\t\t\t\t\t\t\t\t<\/span>\n\t\t\t\t\t\t\t\t\t\t\t\t<a class=\"elementor-toggle-title\" tabindex=\"0\">R\u00e9f\u00e9rences<\/a>\n\t\t\t\t\t<\/div>\n\n\t\t\t\t\t<div id=\"elementor-tab-content-8241\" class=\"elementor-tab-content elementor-clearfix\" data-tab=\"1\" role=\"region\" aria-labelledby=\"elementor-tab-title-8241\"><ol>\r\n \t<li>Suresh E. Diagnosis of early rheumatoid arthritis: what the non-specialist needs to know.\u00a0<i>J R Soc Med.<\/i>\u00a02004;97:421-424.<\/li>\r\n<\/ol><\/div>\n\t\t\t\t<\/div>\n\t\t\t\t\t\t\t\t<\/div>\n\t\t\t\t\t\t<\/div>\n\t\t\t\t<\/div>\n\t\t\t\t\t<\/div>\n\t\t<\/div>\n\t\t\t\t\t<\/div>\n\t\t<\/section>\n\t\t\t\t<\/div>\n\t\t","protected":false},"excerpt":{"rendered":"<p>Arthrite rhumato\u00efde La raideur matinale, la fatigue, les douleurs articulaires et l\u2019enflure sont les premiers sympt\u00f4mes courants de l\u2019arthrite rhumato\u00efde (AR) qui ne diff\u00e8re pas sensiblement des autres formes d\u2019arthrite [&hellip;]<\/p>\n","protected":false},"author":4,"featured_media":0,"parent":0,"menu_order":0,"comment_status":"closed","ping_status":"closed","template":"","meta":{"_relevanssi_hide_post":"","_relevanssi_hide_content":"","_relevanssi_pin_for_all":"","_relevanssi_pin_keywords":"","_relevanssi_unpin_keywords":"","_relevanssi_related_keywords":"","_relevanssi_related_include_ids":"","_relevanssi_related_exclude_ids":"","_relevanssi_related_no_append":"","_relevanssi_related_not_related":"","_relevanssi_related_posts":"","_relevanssi_noindex_reason":"","footnotes":""},"class_list":["post-32945","page","type-page","status-publish","hentry"],"_links":{"self":[{"href":"https:\/\/www.somagen.com\/fr\/wp-json\/wp\/v2\/pages\/32945","targetHints":{"allow":["GET"]}}],"collection":[{"href":"https:\/\/www.somagen.com\/fr\/wp-json\/wp\/v2\/pages"}],"about":[{"href":"https:\/\/www.somagen.com\/fr\/wp-json\/wp\/v2\/types\/page"}],"author":[{"embeddable":true,"href":"https:\/\/www.somagen.com\/fr\/wp-json\/wp\/v2\/users\/4"}],"replies":[{"embeddable":true,"href":"https:\/\/www.somagen.com\/fr\/wp-json\/wp\/v2\/comments?post=32945"}],"version-history":[{"count":4,"href":"https:\/\/www.somagen.com\/fr\/wp-json\/wp\/v2\/pages\/32945\/revisions"}],"predecessor-version":[{"id":42461,"href":"https:\/\/www.somagen.com\/fr\/wp-json\/wp\/v2\/pages\/32945\/revisions\/42461"}],"wp:attachment":[{"href":"https:\/\/www.somagen.com\/fr\/wp-json\/wp\/v2\/media?parent=32945"}],"curies":[{"name":"wp","href":"https:\/\/api.w.org\/{rel}","templated":true}]}}