{"id":32961,"date":"2022-07-25T13:56:00","date_gmt":"2022-07-25T19:56:00","guid":{"rendered":"https:\/\/somagen.com\/vasculitis-goodpastures\/"},"modified":"2024-01-24T14:15:12","modified_gmt":"2024-01-24T21:15:12","slug":"vasculitis-goodpastures","status":"publish","type":"page","link":"https:\/\/www.somagen.com\/fr\/vasculitis-goodpastures\/","title":{"rendered":"Vasculitis &#038; Goodpastures"},"content":{"rendered":"\t\t<div data-elementor-type=\"wp-page\" data-elementor-id=\"32961\" class=\"elementor elementor-32961 elementor-7871\" data-elementor-post-type=\"page\">\n\t\t\t\t\t\t<section class=\"elementor-section elementor-top-section elementor-element elementor-element-86d9de8 elementor-section-boxed elementor-section-height-default elementor-section-height-default elementor-invisible\" data-id=\"86d9de8\" data-element_type=\"section\" data-e-type=\"section\" data-settings=\"{&quot;animation&quot;:&quot;fadeInUp&quot;}\">\n\t\t\t\t\t\t<div class=\"elementor-container elementor-column-gap-default\">\n\t\t\t\t\t<div class=\"elementor-column elementor-col-50 elementor-top-column elementor-element elementor-element-88c68c6\" data-id=\"88c68c6\" data-element_type=\"column\" data-e-type=\"column\">\n\t\t\t<div class=\"elementor-widget-wrap elementor-element-populated\">\n\t\t\t\t\t\t<div class=\"elementor-element elementor-element-25e6dc5 elementor-widget elementor-widget-text-editor\" data-id=\"25e6dc5\" data-element_type=\"widget\" data-e-type=\"widget\" data-widget_type=\"text-editor.default\">\n\t\t\t\t<div class=\"elementor-widget-container\">\n\t\t\t\t\t\t\t\t\t<h3><strong>Vascularites<\/strong><\/h3><p>Les vascularites auto-immunes comprennent la granulomatose avec polyang\u00e9ite (GPA, anciennement Granulomatose de Wegener), la polyang\u00e9ite microscopique (PAM) et la granulomatose \u00e9osinophilique avec polyang\u00e9ite (EGPA anciennement syndrome de Churg-Strauss) qui sont associ\u00e9es aux anticorps anti-cytoplasme des polynucl\u00e9aires neutrophiles (ANCA). \u00a0Elles partagent les caract\u00e9ristiques de la vascularite des petits vaisseaux mais sont autrement un groupe h\u00e9t\u00e9rog\u00e8ne avec diverses pr\u00e9f\u00e9rences d\u2019atteinte aux organes et de fr\u00e9quence de positivit\u00e9 ANCA.<\/p><p>En g\u00e9n\u00e9ral, la GPA et l\u2019EGPA sont caract\u00e9ris\u00e9es par des l\u00e9sions granulomateuses (surtout des voies respiratoires) et une vascularite des vaisseaux de petite \u00e0 moyenne taille dans les \u00e9chantillons de biopsie, tandis que la PAM est une vascularite des vaisseaux de petite \u00e0 moyenne taille sans granulome. La prot\u00e9ase 3 (PR3) et la my\u00e9lop\u00e9roxydase (MPO) ANCA sont pr\u00e9sentes chez presque tous les patients atteints de PAM et de GPA au stade g\u00e9n\u00e9ralis\u00e9 actif de la maladie; dans l\u2019EGPA, les ANCA sont pr\u00e9sents dans moins de 40\u00a0% des cas et leur pr\u00e9sence est associ\u00e9e \u00e0 des manifestations typiques de vascularite comme la glom\u00e9rulon\u00e9phrite. <sup>1<\/sup><\/p><p><strong><a href=\"https:\/\/www.thermofisher.com\/phadia\/us\/en\/our-solutions\/elia-autoimmunity-solutions\/vasculitis-and-goodpasture-syndrome.html\" target=\"_blank\" rel=\"noopener\">Apprenez-en plus<\/a><\/strong><\/p>\t\t\t\t\t\t\t\t<\/div>\n\t\t\t\t<\/div>\n\t\t\t\t\t<\/div>\n\t\t<\/div>\n\t\t\t\t<div class=\"elementor-column elementor-col-50 elementor-top-column elementor-element elementor-element-0a8ae14\" data-id=\"0a8ae14\" data-element_type=\"column\" data-e-type=\"column\">\n\t\t\t<div class=\"elementor-widget-wrap elementor-element-populated\">\n\t\t\t\t\t\t<div class=\"elementor-element elementor-element-8bdefea elementor-widget elementor-widget-image\" data-id=\"8bdefea\" data-element_type=\"widget\" data-e-type=\"widget\" data-widget_type=\"image.default\">\n\t\t\t\t<div class=\"elementor-widget-container\">\n\t\t\t\t\t\t\t\t\t\t\t\t\t\t\t<img fetchpriority=\"high\" decoding=\"async\" width=\"2560\" height=\"1708\" src=\"https:\/\/www.somagen.com\/wp-content\/uploads\/2021\/06\/AdobeStock_196171827-scaled.jpeg\" class=\"attachment-full size-full wp-image-22619\" alt=\"\" srcset=\"https:\/\/www.somagen.com\/wp-content\/uploads\/2021\/06\/AdobeStock_196171827-scaled.jpeg 2560w, https:\/\/www.somagen.com\/wp-content\/uploads\/2021\/06\/AdobeStock_196171827-800x534.jpeg 800w, https:\/\/www.somagen.com\/wp-content\/uploads\/2021\/06\/AdobeStock_196171827-1920x1280.jpeg 1920w, https:\/\/www.somagen.com\/wp-content\/uploads\/2021\/06\/AdobeStock_196171827-768x512.jpeg 768w, https:\/\/www.somagen.com\/wp-content\/uploads\/2021\/06\/AdobeStock_196171827-1536x1025.jpeg 1536w, https:\/\/www.somagen.com\/wp-content\/uploads\/2021\/06\/AdobeStock_196171827-2048x1366.jpeg 2048w\" sizes=\"(max-width: 2560px) 100vw, 2560px\" \/>\t\t\t\t\t\t\t\t\t\t\t\t\t\t\t<\/div>\n\t\t\t\t<\/div>\n\t\t\t\t\t<\/div>\n\t\t<\/div>\n\t\t\t\t\t<\/div>\n\t\t<\/section>\n\t\t\t\t<section class=\"elementor-section elementor-top-section elementor-element elementor-element-a2edff6 elementor-section-boxed elementor-section-height-default elementor-section-height-default elementor-invisible\" data-id=\"a2edff6\" data-element_type=\"section\" data-e-type=\"section\" data-settings=\"{&quot;animation&quot;:&quot;fadeInUp&quot;}\">\n\t\t\t\t\t\t<div class=\"elementor-container elementor-column-gap-default\">\n\t\t\t\t\t<div class=\"elementor-column elementor-col-100 elementor-top-column elementor-element elementor-element-803ab8e\" data-id=\"803ab8e\" data-element_type=\"column\" data-e-type=\"column\">\n\t\t\t<div class=\"elementor-widget-wrap elementor-element-populated\">\n\t\t\t\t\t\t<div class=\"elementor-element elementor-element-6189228 elementor-align-left elementor-widget elementor-widget-button\" data-id=\"6189228\" data-element_type=\"widget\" data-e-type=\"widget\" data-widget_type=\"button.default\">\n\t\t\t\t<div class=\"elementor-widget-container\">\n\t\t\t\t\t\t\t\t\t<div class=\"elementor-button-wrapper\">\n\t\t\t\t\t<a class=\"elementor-button elementor-button-link elementor-size-lg\" href=\"https:\/\/www.thermofisher.com\/phadia\/us\/en\/product-catalog.html?region=DE\" target=\"_blank\" rel=\"noopener\">\n\t\t\t\t\t\t<span class=\"elementor-button-content-wrapper\">\n\t\t\t\t\t\t\t\t\t<span class=\"elementor-button-text\">Acc\u00e9dez le catalogue complet <\/span>\n\t\t\t\t\t<\/span>\n\t\t\t\t\t<\/a>\n\t\t\t\t<\/div>\n\t\t\t\t\t\t\t\t<\/div>\n\t\t\t\t<\/div>\n\t\t\t\t\t<\/div>\n\t\t<\/div>\n\t\t\t\t\t<\/div>\n\t\t<\/section>\n\t\t\t\t<section class=\"elementor-section elementor-top-section elementor-element elementor-element-2ae0f2b elementor-section-boxed elementor-section-height-default elementor-section-height-default elementor-invisible\" data-id=\"2ae0f2b\" data-element_type=\"section\" data-e-type=\"section\" data-settings=\"{&quot;animation&quot;:&quot;fadeInUp&quot;}\">\n\t\t\t\t\t\t<div class=\"elementor-container elementor-column-gap-default\">\n\t\t\t\t\t<div class=\"elementor-column elementor-col-100 elementor-top-column elementor-element elementor-element-1b88224\" data-id=\"1b88224\" data-element_type=\"column\" data-e-type=\"column\">\n\t\t\t<div class=\"elementor-widget-wrap elementor-element-populated\">\n\t\t\t\t\t\t<div class=\"elementor-element elementor-element-530936c elementor-widget elementor-widget-toggle\" data-id=\"530936c\" data-element_type=\"widget\" data-e-type=\"widget\" data-widget_type=\"toggle.default\">\n\t\t\t\t<div class=\"elementor-widget-container\">\n\t\t\t\t\t\t\t<div class=\"elementor-toggle\">\n\t\t\t\t\t\t\t<div class=\"elementor-toggle-item\">\n\t\t\t\t\t<div id=\"elementor-tab-title-8701\" class=\"elementor-tab-title\" data-tab=\"1\" role=\"button\" aria-controls=\"elementor-tab-content-8701\" aria-expanded=\"false\">\n\t\t\t\t\t\t\t\t\t\t\t\t<span class=\"elementor-toggle-icon elementor-toggle-icon-left\" aria-hidden=\"true\">\n\t\t\t\t\t\t\t\t\t\t\t\t\t\t\t<span class=\"elementor-toggle-icon-closed\"><i class=\"fas fa-caret-right\"><\/i><\/span>\n\t\t\t\t\t\t\t\t<span class=\"elementor-toggle-icon-opened\"><i class=\"elementor-toggle-icon-opened fas fa-caret-up\"><\/i><\/span>\n\t\t\t\t\t\t\t\t\t\t\t\t\t<\/span>\n\t\t\t\t\t\t\t\t\t\t\t\t<a class=\"elementor-toggle-title\" tabindex=\"0\">R\u00e9f\u00e9rences<\/a>\n\t\t\t\t\t<\/div>\n\n\t\t\t\t\t<div id=\"elementor-tab-content-8701\" class=\"elementor-tab-content elementor-clearfix\" data-tab=\"1\" role=\"region\" aria-labelledby=\"elementor-tab-title-8701\"><ol>\r\n \t<li>Bossuyt X, Cohen Tervaert J-W, Arimura Y, et al. Revised 2017 international consensus on testing of ANCAs in granulomatosis with polyangiitis and microscopic polyangiitis.\u00a0<i>Nature Rev Rheumatol.<\/i>\u00a02017;doi:10.1038\/nrrheum.2017.140<\/li>\r\n<\/ol><\/div>\n\t\t\t\t<\/div>\n\t\t\t\t\t\t\t\t<\/div>\n\t\t\t\t\t\t<\/div>\n\t\t\t\t<\/div>\n\t\t\t\t\t<\/div>\n\t\t<\/div>\n\t\t\t\t\t<\/div>\n\t\t<\/section>\n\t\t\t\t<\/div>\n\t\t","protected":false},"excerpt":{"rendered":"<p>Vascularites Les vascularites auto-immunes comprennent la granulomatose avec polyang\u00e9ite (GPA, anciennement Granulomatose de Wegener), la polyang\u00e9ite microscopique (PAM) et la granulomatose \u00e9osinophilique avec polyang\u00e9ite (EGPA anciennement syndrome de Churg-Strauss) qui [&hellip;]<\/p>\n","protected":false},"author":4,"featured_media":0,"parent":0,"menu_order":0,"comment_status":"closed","ping_status":"closed","template":"","meta":{"_relevanssi_hide_post":"","_relevanssi_hide_content":"","_relevanssi_pin_for_all":"","_relevanssi_pin_keywords":"","_relevanssi_unpin_keywords":"","_relevanssi_related_keywords":"","_relevanssi_related_include_ids":"","_relevanssi_related_exclude_ids":"","_relevanssi_related_no_append":"","_relevanssi_related_not_related":"","_relevanssi_related_posts":"","_relevanssi_noindex_reason":"","footnotes":""},"class_list":["post-32961","page","type-page","status-publish","hentry"],"_links":{"self":[{"href":"https:\/\/www.somagen.com\/fr\/wp-json\/wp\/v2\/pages\/32961","targetHints":{"allow":["GET"]}}],"collection":[{"href":"https:\/\/www.somagen.com\/fr\/wp-json\/wp\/v2\/pages"}],"about":[{"href":"https:\/\/www.somagen.com\/fr\/wp-json\/wp\/v2\/types\/page"}],"author":[{"embeddable":true,"href":"https:\/\/www.somagen.com\/fr\/wp-json\/wp\/v2\/users\/4"}],"replies":[{"embeddable":true,"href":"https:\/\/www.somagen.com\/fr\/wp-json\/wp\/v2\/comments?post=32961"}],"version-history":[{"count":11,"href":"https:\/\/www.somagen.com\/fr\/wp-json\/wp\/v2\/pages\/32961\/revisions"}],"predecessor-version":[{"id":42468,"href":"https:\/\/www.somagen.com\/fr\/wp-json\/wp\/v2\/pages\/32961\/revisions\/42468"}],"wp:attachment":[{"href":"https:\/\/www.somagen.com\/fr\/wp-json\/wp\/v2\/media?parent=32961"}],"curies":[{"name":"wp","href":"https:\/\/api.w.org\/{rel}","templated":true}]}}