{"id":40367,"date":"2022-09-29T12:05:48","date_gmt":"2022-09-29T18:05:48","guid":{"rendered":"https:\/\/somagen.com\/cookies\/"},"modified":"2022-09-29T12:05:50","modified_gmt":"2022-09-29T18:05:50","slug":"cookies","status":"publish","type":"page","link":"https:\/\/www.somagen.com\/fr\/cookies\/","title":{"rendered":"Cookies"},"content":{"rendered":"\t\t<div data-elementor-type=\"wp-page\" data-elementor-id=\"40367\" class=\"elementor elementor-40367 elementor-669\" data-elementor-post-type=\"page\">\n\t\t\t\t\t\t<section class=\"elementor-section elementor-top-section elementor-element elementor-element-ea47135 elementor-section-boxed elementor-section-height-default elementor-section-height-default\" data-id=\"ea47135\" data-element_type=\"section\" data-e-type=\"section\">\n\t\t\t\t\t\t<div class=\"elementor-container elementor-column-gap-default\">\n\t\t\t\t\t<div class=\"elementor-column elementor-col-100 elementor-top-column elementor-element elementor-element-3d10408\" data-id=\"3d10408\" data-element_type=\"column\" data-e-type=\"column\">\n\t\t\t<div class=\"elementor-widget-wrap elementor-element-populated\">\n\t\t\t\t\t\t<div class=\"elementor-element elementor-element-24c443e elementor-widget elementor-widget-text-editor\" data-id=\"24c443e\" data-element_type=\"widget\" data-e-type=\"widget\" data-widget_type=\"text-editor.default\">\n\t\t\t\t<div class=\"elementor-widget-container\">\n\t\t\t\t\t\t\t\t\t<p><strong>How We Use Cookies<\/strong><\/p>\n<p>A cookie is a small file of data, often incorporating a unique identifier which is sent to a user&#8217;s computer or mobile phone browser from a website. This data file stores the information provided to us and in doing so enables us to \u2018remember\u2019 an individual user on any repeat visit.<\/p>\n<p>We use the following types of cookies to help users navigate our website efficiently, perform certain functions and to improve our services:<\/p>\n<ul>\n<li>Strictly necessary cookies: Some of the cookies on our website are essential in order to enable you to move around the website and use its features.<\/li>\n<li>Performance cookies: Some of the cookies on our website collect information about how visitors use the website, for instance which pages visitors go to most often, and if they get error messages from web pages. Information collected from performance cookies is used to improve how our website works.<\/li>\n<li>Functionality cookies: These cookies allow our website to remember choices you make and provide enhanced, more personal features.<\/li>\n<\/ul>\n<p>The information we collect using cookies is aggregated and is not used for the purpose of identifying you.<\/p>\n<p>Most internet browsers accept cookies automatically, but you can use controls in your browser to limit how the websites you visit are able to use cookies and to withdraw your consent by clearing or blocking cookies. Each browser is different, so please refer to the \u2018Help\u2019 menu of your browser to find out how to change your cookie preferences. For more information please see:\u00a0<a href=\"http:\/\/www.allaboutcookies.org\" target=\"_blank\" rel=\"noopener\">http:\/\/www.allaboutcookies.org<\/a>.<\/p>\n<p>Please be aware that due to their core role of enhancing or enabling usability or website processes, disabling cookies on Somagen\u2019s website may affect the experience of the website where the functionality is controlled by the use of cookies.<\/p>\n\t\t\t\t\t\t\t\t<\/div>\n\t\t\t\t<\/div>\n\t\t\t\t\t<\/div>\n\t\t<\/div>\n\t\t\t\t\t<\/div>\n\t\t<\/section>\n\t\t\t\t<section class=\"elementor-section elementor-top-section elementor-element elementor-element-6124815 elementor-section-boxed elementor-section-height-default elementor-section-height-default\" data-id=\"6124815\" data-element_type=\"section\" data-e-type=\"section\">\n\t\t\t\t\t\t<div class=\"elementor-container elementor-column-gap-default\">\n\t\t\t\t\t<div class=\"elementor-column elementor-col-100 elementor-top-column elementor-element elementor-element-fdc2728\" data-id=\"fdc2728\" data-element_type=\"column\" data-e-type=\"column\">\n\t\t\t<div class=\"elementor-widget-wrap elementor-element-populated\">\n\t\t\t\t\t\t<div class=\"elementor-element elementor-element-933c969 elementor-widget-divider--view-line elementor-widget elementor-widget-divider\" data-id=\"933c969\" data-element_type=\"widget\" data-e-type=\"widget\" data-widget_type=\"divider.default\">\n\t\t\t\t<div class=\"elementor-widget-container\">\n\t\t\t\t\t\t\t<div class=\"elementor-divider\">\n\t\t\t<span class=\"elementor-divider-separator\">\n\t\t\t\t\t\t<\/span>\n\t\t<\/div>\n\t\t\t\t\t\t<\/div>\n\t\t\t\t<\/div>\n\t\t\t\t\t<\/div>\n\t\t<\/div>\n\t\t\t\t\t<\/div>\n\t\t<\/section>\n\t\t\t\t<section class=\"elementor-section elementor-top-section elementor-element elementor-element-2fba4b1 elementor-section-boxed elementor-section-height-default elementor-section-height-default\" data-id=\"2fba4b1\" data-element_type=\"section\" data-e-type=\"section\">\n\t\t\t\t\t\t<div class=\"elementor-container elementor-column-gap-default\">\n\t\t\t\t\t<div class=\"elementor-column elementor-col-100 elementor-top-column elementor-element elementor-element-88f4d04\" data-id=\"88f4d04\" data-element_type=\"column\" data-e-type=\"column\">\n\t\t\t<div class=\"elementor-widget-wrap elementor-element-populated\">\n\t\t\t\t\t\t<div class=\"elementor-element elementor-element-15973b6 elementor-widget elementor-widget-text-editor\" data-id=\"15973b6\" data-element_type=\"widget\" data-e-type=\"widget\" data-widget_type=\"text-editor.default\">\n\t\t\t\t<div class=\"elementor-widget-container\">\n\t\t\t\t\t\t\t\t\t<p><strong>Utilisation de t\u00e9moins<\/strong><\/p>\n<p>Un t\u00e9moin est un petit fichier de donn\u00e9es comportant souvent un identifiant unique qui est envoy\u00e9 au navigateur de l\u2019ordinateur ou du t\u00e9l\u00e9phone mobile d\u2019un utilisateur \u00e0 partir d\u2019un site Web. Ce fichier de donn\u00e9es stocke les renseignements qui nous sont fournis et, ce faisant, nous permet de nous \u00ab\u00a0souvenir\u00a0\u00bb d\u2019un utilisateur lorsqu\u2019il consulte de nouveau le site.<\/p>\n<p>Nous utilisons les types de t\u00e9moins suivants pour aider les utilisateurs \u00e0 naviguer efficacement sur notre site Web et \u00e0 ex\u00e9cuter certaines fonctions et pour am\u00e9liorer nos services\u00a0:<\/p>\n<ul>\n<li>T\u00e9moins strictement n\u00e9cessaires\u00a0: Certains des t\u00e9moins utilis\u00e9s sur notre site Web sont essentiels \u00e0 la navigation sur le site Web et \u00e0 l\u2019utilisation de ses fonctionnalit\u00e9s.<\/li>\n<li>T\u00e9moins de performance\u00a0: Certains des t\u00e9moins utilis\u00e9s sur notre site Web recueillent des renseignements sur la fa\u00e7on dont les visiteurs utilisent le site Web, par exemple quelles pages ils consultent le plus souvent, et s\u2019ils re\u00e7oivent des messages d\u2019erreur lorsqu\u2019ils consultent certaines pages Web. Les renseignements recueillis au moyen des t\u00e9moins de performance sont utilis\u00e9s pour am\u00e9liorer le fonctionnement de notre site Web.<\/li>\n<li>T\u00e9moins de fonctionnalit\u00e9\u00a0: Ces t\u00e9moins permettent \u00e0 notre site Web de se souvenir des choix que vous faites et de fournir des fonctionnalit\u00e9s am\u00e9lior\u00e9es et plus personnalis\u00e9es.<\/li>\n<\/ul>\n<p>Les renseignements que nous recueillons \u00e0 l\u2019aide des t\u00e9moins sont agr\u00e9g\u00e9s et ne sont pas utilis\u00e9s dans le but de vous identifier.<\/p>\n<p>La plupart des navigateurs Internet acceptent automatiquement les t\u00e9moins, mais certains param\u00e8tres de contr\u00f4le peuvent vous permettre de limiter la fa\u00e7on dont les sites Web que vous consultez utilisent les t\u00e9moins, et vous permettre de retirer votre consentement en effa\u00e7ant ou en bloquant les t\u00e9moins. Chaque navigateur \u00e9tant diff\u00e9rent, veuillez vous reporter au menu d\u2019aide de votre navigateur pour savoir comment modifier vos pr\u00e9f\u00e9rences en mati\u00e8re de t\u00e9moins. Pour plus de renseignements, veuillez consulter le site suivant\u00a0:\u00a0<a href=\"http:\/\/www.allaboutcookies.org\" target=\"_blank\" rel=\"noopener\">http:\/\/www.allaboutcookies.org<\/a>\u00a0(en anglais).<\/p>\n<p>Veuillez noter qu\u2019\u00e9tant donn\u00e9 le r\u00f4le essentiel des t\u00e9moins en ce qui concerne la convivialit\u00e9 et les processus des sites Web ainsi que l\u2019am\u00e9lioration de ces \u00e9l\u00e9ments, la d\u00e9sactivation de t\u00e9moins sur le site Web de Somagen pourrait avoir une incidence sur l\u2019exp\u00e9rience utilisateur sur le site lorsqu\u2019une fonctionnalit\u00e9 est contr\u00f4l\u00e9e par l\u2019utilisation de t\u00e9moins.<\/p>\n\t\t\t\t\t\t\t\t<\/div>\n\t\t\t\t<\/div>\n\t\t\t\t\t<\/div>\n\t\t<\/div>\n\t\t\t\t\t<\/div>\n\t\t<\/section>\n\t\t\t\t<\/div>\n\t\t","protected":false},"excerpt":{"rendered":"<p>How We Use Cookies A cookie is a small file of data, often incorporating a unique identifier which is sent to a user&#8217;s computer or mobile phone browser from a [&hellip;]<\/p>\n","protected":false},"author":2,"featured_media":0,"parent":0,"menu_order":0,"comment_status":"closed","ping_status":"closed","template":"","meta":{"_relevanssi_hide_post":"","_relevanssi_hide_content":"","_relevanssi_pin_for_all":"","_relevanssi_pin_keywords":"","_relevanssi_unpin_keywords":"","_relevanssi_related_keywords":"","_relevanssi_related_include_ids":"","_relevanssi_related_exclude_ids":"","_relevanssi_related_no_append":"","_relevanssi_related_not_related":"","_relevanssi_related_posts":"","_relevanssi_noindex_reason":"","footnotes":""},"class_list":["post-40367","page","type-page","status-publish","hentry"],"_links":{"self":[{"href":"https:\/\/www.somagen.com\/fr\/wp-json\/wp\/v2\/pages\/40367","targetHints":{"allow":["GET"]}}],"collection":[{"href":"https:\/\/www.somagen.com\/fr\/wp-json\/wp\/v2\/pages"}],"about":[{"href":"https:\/\/www.somagen.com\/fr\/wp-json\/wp\/v2\/types\/page"}],"author":[{"embeddable":true,"href":"https:\/\/www.somagen.com\/fr\/wp-json\/wp\/v2\/users\/2"}],"replies":[{"embeddable":true,"href":"https:\/\/www.somagen.com\/fr\/wp-json\/wp\/v2\/comments?post=40367"}],"version-history":[{"count":1,"href":"https:\/\/www.somagen.com\/fr\/wp-json\/wp\/v2\/pages\/40367\/revisions"}],"predecessor-version":[{"id":40368,"href":"https:\/\/www.somagen.com\/fr\/wp-json\/wp\/v2\/pages\/40367\/revisions\/40368"}],"wp:attachment":[{"href":"https:\/\/www.somagen.com\/fr\/wp-json\/wp\/v2\/media?parent=40367"}],"curies":[{"name":"wp","href":"https:\/\/api.w.org\/{rel}","templated":true}]}}