{"id":42784,"date":"2024-03-27T08:02:59","date_gmt":"2024-03-27T14:02:59","guid":{"rendered":"https:\/\/somagen.com\/maine-standards\/"},"modified":"2024-04-02T14:28:09","modified_gmt":"2024-04-02T20:28:09","slug":"maine-standards","status":"publish","type":"page","link":"https:\/\/www.somagen.com\/fr\/maine-standards\/","title":{"rendered":"Maine Standards"},"content":{"rendered":"\t\t<div data-elementor-type=\"wp-page\" data-elementor-id=\"42784\" class=\"elementor elementor-42784 elementor-42645\" data-elementor-post-type=\"page\">\n\t\t\t\t\t\t<section class=\"elementor-section elementor-top-section elementor-element elementor-element-988bf15 elementor-section-boxed elementor-section-height-default elementor-section-height-default elementor-invisible\" data-id=\"988bf15\" data-element_type=\"section\" data-e-type=\"section\" data-settings=\"{&quot;animation&quot;:&quot;fadeInUp&quot;,&quot;background_background&quot;:&quot;classic&quot;}\">\n\t\t\t\t\t\t<div class=\"elementor-container elementor-column-gap-default\">\n\t\t\t\t\t<div class=\"elementor-column elementor-col-50 elementor-top-column elementor-element elementor-element-e5fb643\" data-id=\"e5fb643\" data-element_type=\"column\" data-e-type=\"column\">\n\t\t\t<div class=\"elementor-widget-wrap elementor-element-populated\">\n\t\t\t\t\t\t<section class=\"elementor-section elementor-inner-section elementor-element elementor-element-f10668d elementor-section-boxed elementor-section-height-default elementor-section-height-default\" data-id=\"f10668d\" data-element_type=\"section\" data-e-type=\"section\">\n\t\t\t\t\t\t<div class=\"elementor-container elementor-column-gap-default\">\n\t\t\t\t\t<div class=\"elementor-column elementor-col-100 elementor-inner-column elementor-element elementor-element-ec1e208\" data-id=\"ec1e208\" data-element_type=\"column\" data-e-type=\"column\">\n\t\t\t<div class=\"elementor-widget-wrap elementor-element-populated\">\n\t\t\t\t\t\t<div class=\"elementor-element elementor-element-ec8881e elementor-widget elementor-widget-image\" data-id=\"ec8881e\" data-element_type=\"widget\" data-e-type=\"widget\" data-widget_type=\"image.default\">\n\t\t\t\t<div class=\"elementor-widget-container\">\n\t\t\t\t\t\t\t\t\t\t\t\t\t\t\t<img fetchpriority=\"high\" decoding=\"async\" width=\"768\" height=\"314\" src=\"https:\/\/www.somagen.com\/wp-content\/uploads\/2024\/04\/LGCCDxLogo_Teal-768x314.png\" class=\"attachment-medium_large size-medium_large wp-image-42799\" alt=\"\" srcset=\"https:\/\/www.somagen.com\/wp-content\/uploads\/2024\/04\/LGCCDxLogo_Teal-768x314.png 768w, https:\/\/www.somagen.com\/wp-content\/uploads\/2024\/04\/LGCCDxLogo_Teal-800x327.png 800w, https:\/\/www.somagen.com\/wp-content\/uploads\/2024\/04\/LGCCDxLogo_Teal.png 1200w\" sizes=\"(max-width: 768px) 100vw, 768px\" \/>\t\t\t\t\t\t\t\t\t\t\t\t\t\t\t<\/div>\n\t\t\t\t<\/div>\n\t\t\t\t\t<\/div>\n\t\t<\/div>\n\t\t\t\t\t<\/div>\n\t\t<\/section>\n\t\t\t\t<div class=\"elementor-element elementor-element-5d59f93 elementor-widget elementor-widget-text-editor\" data-id=\"5d59f93\" data-element_type=\"widget\" data-e-type=\"widget\" data-widget_type=\"text-editor.default\">\n\t\t\t\t<div class=\"elementor-widget-container\">\n\t\t\t\t\t\t\t\t\t<h5><strong>La science pour un monde plus s\u00fbr<\/strong><\/h5><p>LGC Clinical Diagnostics est un leader du march\u00e9 des produits de v\u00e9rification de la lin\u00e9arit\u00e9 et de l\u2019\u00e9talonnage. Son laboratoire moderne et ses processus simplifi\u00e9s lui permettent de fabriquer syst\u00e9matiquement des produits de la plus haute qualit\u00e9, faciles \u00e0 utiliser et tr\u00e8s efficaces.<\/p>\t\t\t\t\t\t\t\t<\/div>\n\t\t\t\t<\/div>\n\t\t\t\t\t<\/div>\n\t\t<\/div>\n\t\t\t\t<div class=\"elementor-column elementor-col-50 elementor-top-column elementor-element elementor-element-916a51d\" data-id=\"916a51d\" data-element_type=\"column\" data-e-type=\"column\">\n\t\t\t<div class=\"elementor-widget-wrap elementor-element-populated\">\n\t\t\t\t\t\t<div class=\"elementor-element elementor-element-d34209d elementor-widget elementor-widget-image\" data-id=\"d34209d\" data-element_type=\"widget\" data-e-type=\"widget\" data-widget_type=\"image.default\">\n\t\t\t\t<div class=\"elementor-widget-container\">\n\t\t\t\t\t\t\t\t\t\t\t\t\t\t\t<img decoding=\"async\" width=\"800\" height=\"533\" src=\"https:\/\/www.somagen.com\/wp-content\/uploads\/2024\/02\/iStock-1366601866-1920x1280.jpg\" class=\"attachment-large size-large wp-image-42667\" alt=\"\" srcset=\"https:\/\/www.somagen.com\/wp-content\/uploads\/2024\/02\/iStock-1366601866-1920x1280.jpg 1920w, https:\/\/www.somagen.com\/wp-content\/uploads\/2024\/02\/iStock-1366601866-800x533.jpg 800w, https:\/\/www.somagen.com\/wp-content\/uploads\/2024\/02\/iStock-1366601866-768x512.jpg 768w, https:\/\/www.somagen.com\/wp-content\/uploads\/2024\/02\/iStock-1366601866-1536x1024.jpg 1536w, https:\/\/www.somagen.com\/wp-content\/uploads\/2024\/02\/iStock-1366601866-2048x1365.jpg 2048w\" sizes=\"(max-width: 800px) 100vw, 800px\" \/>\t\t\t\t\t\t\t\t\t\t\t\t\t\t\t<\/div>\n\t\t\t\t<\/div>\n\t\t\t\t\t<\/div>\n\t\t<\/div>\n\t\t\t\t\t<\/div>\n\t\t<\/section>\n\t\t\t\t<section class=\"elementor-section elementor-top-section elementor-element elementor-element-946b399 elementor-section-boxed elementor-section-height-default elementor-section-height-default elementor-invisible\" data-id=\"946b399\" data-element_type=\"section\" data-e-type=\"section\" data-settings=\"{&quot;animation&quot;:&quot;fadeInUp&quot;}\">\n\t\t\t\t\t\t<div class=\"elementor-container elementor-column-gap-default\">\n\t\t\t\t\t<div class=\"elementor-column elementor-col-50 elementor-top-column elementor-element elementor-element-c9263cc\" data-id=\"c9263cc\" data-element_type=\"column\" data-e-type=\"column\">\n\t\t\t<div class=\"elementor-widget-wrap elementor-element-populated\">\n\t\t\t\t\t\t<div class=\"elementor-element elementor-element-c4fea3f elementor-widget elementor-widget-text-editor\" data-id=\"c4fea3f\" data-element_type=\"widget\" data-e-type=\"widget\" data-widget_type=\"text-editor.default\">\n\t\t\t\t<div class=\"elementor-widget-container\">\n\t\t\t\t\t\t\t\t\t<p><strong>Trousses de v\u00e9rification de lin\u00e9arit\u00e9 et d\u2019\u00e9talonnage pour analyseurs de diagnostic humains.<\/strong><\/p>\n<p>Les trousses pr\u00eates \u00e0 l\u2019emploi VALIDATE<sup>\u00ae<\/sup> sont con\u00e7ues pour aider \u00e0 la documentation de la lin\u00e9arit\u00e9, \u00e0 la v\u00e9rification de l\u2019\u00e9talonnage et \u00e0 la v\u00e9rification de la plage lin\u00e9aire requises par de nombreux organismes d\u2019inspection.\u00a0 VALIDATE\u00ae fournira \u00e9galement une assistance lors de la r\u00e9solution des probl\u00e8mes d\u2019instruments, des probl\u00e8mes de r\u00e9actifs et des anomalies d\u2019\u00e9talonnage.\u00a0 Plusieurs configurations de produits sont disponibles pour r\u00e9pondre aux diff\u00e9rents besoins des nombreux syst\u00e8mes d\u2019instruments disponibles. Les configurations sont sp\u00e9cifiquement formul\u00e9es pour maximiser les plages de mesure avec un minimum de dilutions.<\/p>\n\t\t\t\t\t\t\t\t<\/div>\n\t\t\t\t<\/div>\n\t\t\t\t\t<\/div>\n\t\t<\/div>\n\t\t\t\t<div class=\"elementor-column elementor-col-50 elementor-top-column elementor-element elementor-element-94f2f1a\" data-id=\"94f2f1a\" data-element_type=\"column\" data-e-type=\"column\">\n\t\t\t<div class=\"elementor-widget-wrap elementor-element-populated\">\n\t\t\t\t\t\t<div class=\"elementor-element elementor-element-fe0cbd3 elementor-widget elementor-widget-image\" data-id=\"fe0cbd3\" data-element_type=\"widget\" data-e-type=\"widget\" data-widget_type=\"image.default\">\n\t\t\t\t<div class=\"elementor-widget-container\">\n\t\t\t\t\t\t\t\t\t\t\t\t\t\t\t<img decoding=\"async\" width=\"800\" height=\"230\" src=\"https:\/\/www.somagen.com\/wp-content\/uploads\/2024\/04\/ValidateLogo_MidnightTeal-800x230.png\" class=\"attachment-medium size-medium wp-image-42797\" alt=\"\" srcset=\"https:\/\/www.somagen.com\/wp-content\/uploads\/2024\/04\/ValidateLogo_MidnightTeal-800x230.png 800w, https:\/\/www.somagen.com\/wp-content\/uploads\/2024\/04\/ValidateLogo_MidnightTeal-768x221.png 768w, https:\/\/www.somagen.com\/wp-content\/uploads\/2024\/04\/ValidateLogo_MidnightTeal.png 942w\" sizes=\"(max-width: 800px) 100vw, 800px\" \/>\t\t\t\t\t\t\t\t\t\t\t\t\t\t\t<\/div>\n\t\t\t\t<\/div>\n\t\t\t\t\t<\/div>\n\t\t<\/div>\n\t\t\t\t\t<\/div>\n\t\t<\/section>\n\t\t\t\t<section class=\"elementor-section elementor-top-section elementor-element elementor-element-34e57ca elementor-section-boxed elementor-section-height-default elementor-section-height-default elementor-invisible\" data-id=\"34e57ca\" data-element_type=\"section\" data-e-type=\"section\" data-settings=\"{&quot;animation&quot;:&quot;fadeInUp&quot;,&quot;background_background&quot;:&quot;classic&quot;}\">\n\t\t\t\t\t\t<div class=\"elementor-container elementor-column-gap-default\">\n\t\t\t\t\t<div class=\"elementor-column elementor-col-100 elementor-top-column elementor-element elementor-element-cb6ad19\" data-id=\"cb6ad19\" data-element_type=\"column\" data-e-type=\"column\">\n\t\t\t<div class=\"elementor-widget-wrap elementor-element-populated\">\n\t\t\t\t\t\t<div class=\"elementor-element elementor-element-b954168 elementor-widget elementor-widget-text-editor\" data-id=\"b954168\" data-element_type=\"widget\" data-e-type=\"widget\" data-widget_type=\"text-editor.default\">\n\t\t\t\t<div class=\"elementor-widget-container\">\n\t\t\t\t\t\t\t\t\t<p>Apprenez-en plus sur les produits de v\u00e9rification de la lin\u00e9arit\u00e9 et de l\u2019\u00e9talonnage VALIDATE.<sup>\u00ae<\/sup><\/p>\t\t\t\t\t\t\t\t<\/div>\n\t\t\t\t<\/div>\n\t\t\t\t<div class=\"elementor-element elementor-element-9e5e575 elementor-mobile-align-center elementor-widget elementor-widget-button\" data-id=\"9e5e575\" data-element_type=\"widget\" data-e-type=\"widget\" data-widget_type=\"button.default\">\n\t\t\t\t<div class=\"elementor-widget-container\">\n\t\t\t\t\t\t\t\t\t<div class=\"elementor-button-wrapper\">\n\t\t\t\t\t<a class=\"elementor-button elementor-button-link elementor-size-sm\" href=\"https:\/\/www.mainestandards.com\/products\" target=\"_blank\" rel=\"noopener\">\n\t\t\t\t\t\t<span class=\"elementor-button-content-wrapper\">\n\t\t\t\t\t\t\t\t\t<span class=\"elementor-button-text\">Apprenez-en plus<\/span>\n\t\t\t\t\t<\/span>\n\t\t\t\t\t<\/a>\n\t\t\t\t<\/div>\n\t\t\t\t\t\t\t\t<\/div>\n\t\t\t\t<\/div>\n\t\t\t\t\t<\/div>\n\t\t<\/div>\n\t\t\t\t\t<\/div>\n\t\t<\/section>\n\t\t\t\t<\/div>\n\t\t","protected":false},"excerpt":{"rendered":"<p>La science pour un monde plus s\u00fbr LGC Clinical Diagnostics est un leader du march\u00e9 des produits de v\u00e9rification de la lin\u00e9arit\u00e9 et de l\u2019\u00e9talonnage. Son laboratoire moderne et ses [&hellip;]<\/p>\n","protected":false},"author":4,"featured_media":0,"parent":0,"menu_order":0,"comment_status":"closed","ping_status":"closed","template":"","meta":{"_relevanssi_hide_post":"","_relevanssi_hide_content":"","_relevanssi_pin_for_all":"","_relevanssi_pin_keywords":"","_relevanssi_unpin_keywords":"","_relevanssi_related_keywords":"","_relevanssi_related_include_ids":"","_relevanssi_related_exclude_ids":"","_relevanssi_related_no_append":"","_relevanssi_related_not_related":"","_relevanssi_related_posts":"","_relevanssi_noindex_reason":"","footnotes":""},"class_list":["post-42784","page","type-page","status-publish","hentry"],"_links":{"self":[{"href":"https:\/\/www.somagen.com\/fr\/wp-json\/wp\/v2\/pages\/42784","targetHints":{"allow":["GET"]}}],"collection":[{"href":"https:\/\/www.somagen.com\/fr\/wp-json\/wp\/v2\/pages"}],"about":[{"href":"https:\/\/www.somagen.com\/fr\/wp-json\/wp\/v2\/types\/page"}],"author":[{"embeddable":true,"href":"https:\/\/www.somagen.com\/fr\/wp-json\/wp\/v2\/users\/4"}],"replies":[{"embeddable":true,"href":"https:\/\/www.somagen.com\/fr\/wp-json\/wp\/v2\/comments?post=42784"}],"version-history":[{"count":10,"href":"https:\/\/www.somagen.com\/fr\/wp-json\/wp\/v2\/pages\/42784\/revisions"}],"predecessor-version":[{"id":42812,"href":"https:\/\/www.somagen.com\/fr\/wp-json\/wp\/v2\/pages\/42784\/revisions\/42812"}],"wp:attachment":[{"href":"https:\/\/www.somagen.com\/fr\/wp-json\/wp\/v2\/media?parent=42784"}],"curies":[{"name":"wp","href":"https:\/\/api.w.org\/{rel}","templated":true}]}}