{"id":45230,"date":"2026-04-21T10:39:52","date_gmt":"2026-04-21T16:39:52","guid":{"rendered":"https:\/\/www.somagen.com\/diesse\/"},"modified":"2026-04-23T07:41:29","modified_gmt":"2026-04-23T13:41:29","slug":"diesse","status":"publish","type":"page","link":"https:\/\/www.somagen.com\/fr\/diesse\/","title":{"rendered":"Diesse"},"content":{"rendered":"\t\t<div data-elementor-type=\"wp-page\" data-elementor-id=\"45230\" class=\"elementor elementor-45230 elementor-44677\" data-elementor-post-type=\"page\">\n\t\t\t\t\t\t<section class=\"elementor-section elementor-top-section elementor-element elementor-element-701ab40 elementor-section-height-min-height elementor-section-full_width elementor-section-height-default elementor-section-items-middle\" data-id=\"701ab40\" data-element_type=\"section\" data-e-type=\"section\" data-settings=\"{&quot;background_background&quot;:&quot;classic&quot;,&quot;animation&quot;:&quot;none&quot;,&quot;background_motion_fx_motion_fx_scrolling&quot;:&quot;yes&quot;,&quot;background_motion_fx_devices&quot;:[&quot;desktop&quot;,&quot;tablet&quot;,&quot;mobile&quot;]}\">\n\t\t\t\t\t\t<div class=\"elementor-container elementor-column-gap-default\">\n\t\t\t\t\t<div class=\"elementor-column elementor-col-100 elementor-top-column elementor-element elementor-element-a684a5e\" data-id=\"a684a5e\" data-element_type=\"column\" data-e-type=\"column\">\n\t\t\t<div class=\"elementor-widget-wrap\">\n\t\t\t\t\t\t\t<\/div>\n\t\t<\/div>\n\t\t\t\t\t<\/div>\n\t\t<\/section>\n\t\t\t\t<section class=\"elementor-section elementor-top-section elementor-element elementor-element-cd7dc5b elementor-section-boxed elementor-section-height-default elementor-section-height-default elementor-invisible\" data-id=\"cd7dc5b\" data-element_type=\"section\" data-e-type=\"section\" data-settings=\"{&quot;animation&quot;:&quot;fadeInUp&quot;}\">\n\t\t\t\t\t\t<div class=\"elementor-container elementor-column-gap-default\">\n\t\t\t\t\t<div class=\"elementor-column elementor-col-50 elementor-top-column elementor-element elementor-element-9d7483d\" data-id=\"9d7483d\" data-element_type=\"column\" data-e-type=\"column\">\n\t\t\t<div class=\"elementor-widget-wrap elementor-element-populated\">\n\t\t\t\t\t\t<div class=\"elementor-element elementor-element-9a2c479 elementor-widget elementor-widget-image\" data-id=\"9a2c479\" data-element_type=\"widget\" data-e-type=\"widget\" data-widget_type=\"image.default\">\n\t\t\t\t<div class=\"elementor-widget-container\">\n\t\t\t\t\t\t\t\t\t\t\t\t\t\t\t<img decoding=\"async\" width=\"500\" height=\"82\" src=\"https:\/\/www.somagen.com\/wp-content\/uploads\/2026\/03\/Website-Logo-Diesse.jpg\" class=\"attachment-medium size-medium wp-image-44818\" alt=\"\" \/>\t\t\t\t\t\t\t\t\t\t\t\t\t\t\t<\/div>\n\t\t\t\t<\/div>\n\t\t\t\t<div class=\"elementor-element elementor-element-ce6b59d elementor-widget elementor-widget-text-editor\" data-id=\"ce6b59d\" data-element_type=\"widget\" data-e-type=\"widget\" data-widget_type=\"text-editor.default\">\n\t\t\t\t<div class=\"elementor-widget-container\">\n\t\t\t\t\t\t\t\t\t<p>\u00c0 propos de Diesse<\/p>\n\t\t\t\t\t\t\t\t<\/div>\n\t\t\t\t<\/div>\n\t\t\t\t<div class=\"elementor-element elementor-element-5d59f93 elementor-widget elementor-widget-text-editor\" data-id=\"5d59f93\" data-element_type=\"widget\" data-e-type=\"widget\" data-widget_type=\"text-editor.default\">\n\t\t\t\t<div class=\"elementor-widget-container\">\n\t\t\t\t\t\t\t\t\t<p>Depuis sa cr\u00e9ation en 1980, Diesse d\u00e9veloppe, produit et commercialise des syst\u00e8mes de diagnostic innovants, principalement dans le domaine de l&#8217;immunochimie et de la mesure automatis\u00e9e de la vitesse de s\u00e9dimentation (VS).<\/p><p>L&#8217;entreprise est pr\u00e9sente dans plus de 100 pays \u00e0 travers le monde. Au sein de son si\u00e8ge social, qui abrite un centre de recherche et une usine de fabrication, la conception et la mise au point de tests et de nouveaux instruments de diagnostic allient le savoir-faire italien \u00e0 une technologie de pointe, faisant de DIESSE la r\u00e9f\u00e9rence en mati\u00e8re de \u00ab Diagnostics pour le Syst\u00e8me Immunitaire \u00bb.<\/p>\t\t\t\t\t\t\t\t<\/div>\n\t\t\t\t<\/div>\n\t\t\t\t<div class=\"elementor-element elementor-element-4d12fef elementor-widget elementor-widget-button\" data-id=\"4d12fef\" data-element_type=\"widget\" data-e-type=\"widget\" data-widget_type=\"button.default\">\n\t\t\t\t<div class=\"elementor-widget-container\">\n\t\t\t\t\t\t\t\t\t<div class=\"elementor-button-wrapper\">\n\t\t\t\t\t<a class=\"elementor-button elementor-button-link elementor-size-sm\" href=\"https:\/\/www.diesse.it\/en\/products\/esr\/\" target=\"_blank\" rel=\"noopener\">\n\t\t\t\t\t\t<span class=\"elementor-button-content-wrapper\">\n\t\t\t\t\t\t\t\t\t<span class=\"elementor-button-text\">APPRENEZ-EN PLUS<\/span>\n\t\t\t\t\t<\/span>\n\t\t\t\t\t<\/a>\n\t\t\t\t<\/div>\n\t\t\t\t\t\t\t\t<\/div>\n\t\t\t\t<\/div>\n\t\t\t\t\t<\/div>\n\t\t<\/div>\n\t\t\t\t<div class=\"elementor-column elementor-col-50 elementor-top-column elementor-element elementor-element-71eda0d\" data-id=\"71eda0d\" data-element_type=\"column\" data-e-type=\"column\">\n\t\t\t<div class=\"elementor-widget-wrap elementor-element-populated\">\n\t\t\t\t\t\t<div class=\"elementor-element elementor-element-68d4e92 elementor-widget elementor-widget-image\" data-id=\"68d4e92\" data-element_type=\"widget\" data-e-type=\"widget\" data-widget_type=\"image.default\">\n\t\t\t\t<div class=\"elementor-widget-container\">\n\t\t\t\t\t\t\t\t\t\t\t\t\t\t\t<img fetchpriority=\"high\" decoding=\"async\" width=\"800\" height=\"600\" src=\"https:\/\/www.somagen.com\/wp-content\/uploads\/2026\/03\/Website-Image-Diesse.jpg\" class=\"attachment-medium size-medium wp-image-44771\" alt=\"\" srcset=\"https:\/\/www.somagen.com\/wp-content\/uploads\/2026\/03\/Website-Image-Diesse.jpg 800w, https:\/\/www.somagen.com\/wp-content\/uploads\/2026\/03\/Website-Image-Diesse-768x576.jpg 768w\" sizes=\"(max-width: 800px) 100vw, 800px\" \/>\t\t\t\t\t\t\t\t\t\t\t\t\t\t\t<\/div>\n\t\t\t\t<\/div>\n\t\t\t\t\t<\/div>\n\t\t<\/div>\n\t\t\t\t\t<\/div>\n\t\t<\/section>\n\t\t\t\t<section class=\"elementor-section elementor-top-section elementor-element elementor-element-0dcebcf elementor-section-content-middle elementor-section-boxed elementor-section-height-default elementor-section-height-default elementor-invisible\" data-id=\"0dcebcf\" data-element_type=\"section\" data-e-type=\"section\" data-settings=\"{&quot;animation&quot;:&quot;fadeInUp&quot;}\">\n\t\t\t\t\t\t<div class=\"elementor-container elementor-column-gap-default\">\n\t\t\t\t\t<div class=\"elementor-column elementor-col-33 elementor-top-column elementor-element elementor-element-2dfdcc2\" data-id=\"2dfdcc2\" data-element_type=\"column\" data-e-type=\"column\">\n\t\t\t<div class=\"elementor-widget-wrap elementor-element-populated\">\n\t\t\t\t\t\t<div class=\"elementor-element elementor-element-588ba63 elementor-position-top elementor-widget elementor-widget-image-box\" data-id=\"588ba63\" data-element_type=\"widget\" data-e-type=\"widget\" data-widget_type=\"image-box.default\">\n\t\t\t\t<div class=\"elementor-widget-container\">\n\t\t\t\t\t<div class=\"elementor-image-box-wrapper\"><figure class=\"elementor-image-box-img\"><img decoding=\"async\" width=\"800\" height=\"600\" src=\"https:\/\/www.somagen.com\/wp-content\/uploads\/2026\/03\/Website-Diesse-Products-Mini-Cube.jpg\" class=\"attachment-full size-full wp-image-44773\" alt=\"\" srcset=\"https:\/\/www.somagen.com\/wp-content\/uploads\/2026\/03\/Website-Diesse-Products-Mini-Cube.jpg 800w, https:\/\/www.somagen.com\/wp-content\/uploads\/2026\/03\/Website-Diesse-Products-Mini-Cube-768x576.jpg 768w\" sizes=\"(max-width: 800px) 100vw, 800px\" \/><\/figure><div class=\"elementor-image-box-content\"><h3 class=\"elementor-image-box-title\">MINI-CUBE<\/h3><p class=\"elementor-image-box-description\">Le MINI-CUBE de Diesse est un analyseur automatis\u00e9 de la VS qui analyse le sang total directement \u00e0 partir de tubes EDTA sans consommer l'\u00e9chantillon du patient. Le MINI-CUBE fournit des r\u00e9sultats en 20 minutes, utilise la lecture de codes-barres pour l'identification formelle du patient et s'interface facilement avec le syst\u00e8me d'information de laboratoire (SIL).<\/p><\/div><\/div>\t\t\t\t<\/div>\n\t\t\t\t<\/div>\n\t\t\t\t<div class=\"elementor-element elementor-element-55286a1 elementor-align-center elementor-widget elementor-widget-button\" data-id=\"55286a1\" data-element_type=\"widget\" data-e-type=\"widget\" data-widget_type=\"button.default\">\n\t\t\t\t<div class=\"elementor-widget-container\">\n\t\t\t\t\t\t\t\t\t<div class=\"elementor-button-wrapper\">\n\t\t\t\t\t<a class=\"elementor-button elementor-button-link elementor-size-sm\" href=\"https:\/\/www.diesse.it\/en\/products\/mini-cube\/\" target=\"_blank\" rel=\"noopener\">\n\t\t\t\t\t\t<span class=\"elementor-button-content-wrapper\">\n\t\t\t\t\t\t\t\t\t<span class=\"elementor-button-text\">APPRENEZ-EN PLUS<\/span>\n\t\t\t\t\t<\/span>\n\t\t\t\t\t<\/a>\n\t\t\t\t<\/div>\n\t\t\t\t\t\t\t\t<\/div>\n\t\t\t\t<\/div>\n\t\t\t\t\t<\/div>\n\t\t<\/div>\n\t\t\t\t<div class=\"elementor-column elementor-col-33 elementor-top-column elementor-element elementor-element-f7c54dd\" data-id=\"f7c54dd\" data-element_type=\"column\" data-e-type=\"column\">\n\t\t\t<div class=\"elementor-widget-wrap elementor-element-populated\">\n\t\t\t\t\t\t<div class=\"elementor-element elementor-element-d07b4b9 elementor-position-top elementor-widget elementor-widget-image-box\" data-id=\"d07b4b9\" data-element_type=\"widget\" data-e-type=\"widget\" data-widget_type=\"image-box.default\">\n\t\t\t\t<div class=\"elementor-widget-container\">\n\t\t\t\t\t<div class=\"elementor-image-box-wrapper\"><figure class=\"elementor-image-box-img\"><img loading=\"lazy\" decoding=\"async\" width=\"800\" height=\"600\" src=\"https:\/\/www.somagen.com\/wp-content\/uploads\/2026\/03\/Website-Diesse-Products-Cube30Touch.jpg\" class=\"attachment-large size-large wp-image-44775\" alt=\"\" srcset=\"https:\/\/www.somagen.com\/wp-content\/uploads\/2026\/03\/Website-Diesse-Products-Cube30Touch.jpg 800w, https:\/\/www.somagen.com\/wp-content\/uploads\/2026\/03\/Website-Diesse-Products-Cube30Touch-768x576.jpg 768w\" sizes=\"(max-width: 800px) 100vw, 800px\" \/><\/figure><div class=\"elementor-image-box-content\"><h3 class=\"elementor-image-box-title\">CUBE 30 TOUCH<\/h3><p class=\"elementor-image-box-description\">Le CUBE 30 TOUCH de Diesse est un analyseur automatis\u00e9 de la VS qui analyse le sang total directement \u00e0 partir de tubes EDTA sans consommer l'\u00e9chantillon du patient. Le CUBE 30 TOUCH fournit des r\u00e9sultats en 20 minutes et dispose d'une fonction de m\u00e9lange interne qui pr\u00e9pare automatiquement jusqu'\u00e0 30 \u00e9chantillons par lot. <\/p><\/div><\/div>\t\t\t\t<\/div>\n\t\t\t\t<\/div>\n\t\t\t\t<div class=\"elementor-element elementor-element-a8fafc6 elementor-align-center elementor-widget elementor-widget-button\" data-id=\"a8fafc6\" data-element_type=\"widget\" data-e-type=\"widget\" data-widget_type=\"button.default\">\n\t\t\t\t<div class=\"elementor-widget-container\">\n\t\t\t\t\t\t\t\t\t<div class=\"elementor-button-wrapper\">\n\t\t\t\t\t<a class=\"elementor-button elementor-button-link elementor-size-sm\" href=\"https:\/\/www.diesse.it\/en\/products\/cube-30-touch\/\" target=\"_blank\" rel=\"noopener\">\n\t\t\t\t\t\t<span class=\"elementor-button-content-wrapper\">\n\t\t\t\t\t\t\t\t\t<span class=\"elementor-button-text\">APPRENEZ-EN PLUS<\/span>\n\t\t\t\t\t<\/span>\n\t\t\t\t\t<\/a>\n\t\t\t\t<\/div>\n\t\t\t\t\t\t\t\t<\/div>\n\t\t\t\t<\/div>\n\t\t\t\t\t<\/div>\n\t\t<\/div>\n\t\t\t\t<div class=\"elementor-column elementor-col-33 elementor-top-column elementor-element elementor-element-60f1bd6\" data-id=\"60f1bd6\" data-element_type=\"column\" data-e-type=\"column\">\n\t\t\t<div class=\"elementor-widget-wrap elementor-element-populated\">\n\t\t\t\t\t\t<div class=\"elementor-element elementor-element-299940e elementor-position-top elementor-widget elementor-widget-image-box\" data-id=\"299940e\" data-element_type=\"widget\" data-e-type=\"widget\" data-widget_type=\"image-box.default\">\n\t\t\t\t<div class=\"elementor-widget-container\">\n\t\t\t\t\t<div class=\"elementor-image-box-wrapper\"><figure class=\"elementor-image-box-img\"><img loading=\"lazy\" decoding=\"async\" width=\"800\" height=\"600\" src=\"https:\/\/www.somagen.com\/wp-content\/uploads\/2026\/03\/Website-Diesse-Products-VESMatic5.jpg\" class=\"attachment-large size-large wp-image-44777\" alt=\"\" srcset=\"https:\/\/www.somagen.com\/wp-content\/uploads\/2026\/03\/Website-Diesse-Products-VESMatic5.jpg 800w, https:\/\/www.somagen.com\/wp-content\/uploads\/2026\/03\/Website-Diesse-Products-VESMatic5-768x576.jpg 768w\" sizes=\"(max-width: 800px) 100vw, 800px\" \/><\/figure><div class=\"elementor-image-box-content\"><h3 class=\"elementor-image-box-title\">VES MATIC 5<\/h3><p class=\"elementor-image-box-description\">Appareil automatique permettant de d\u00e9terminer la VS directement \u00e0 partir du tube EDTA d'origine, avec une cadence de 190 \u00e9chantillons\/heure \u00e0 l'aide des portoirs provenant des compteurs cellulaires principaux. Le premier r\u00e9sultat est obtenu au bout de 24 minutes. Interface de requ\u00eate h\u00f4te disponible <br><\/p><\/div><\/div>\t\t\t\t<\/div>\n\t\t\t\t<\/div>\n\t\t\t\t<div class=\"elementor-element elementor-element-ebd48c5 elementor-align-center elementor-widget elementor-widget-button\" data-id=\"ebd48c5\" data-element_type=\"widget\" data-e-type=\"widget\" data-widget_type=\"button.default\">\n\t\t\t\t<div class=\"elementor-widget-container\">\n\t\t\t\t\t\t\t\t\t<div class=\"elementor-button-wrapper\">\n\t\t\t\t\t<a class=\"elementor-button elementor-button-link elementor-size-sm\" href=\"https:\/\/www.diesse.it\/en\/products\/ves-matic-5\/\" target=\"_blank\" rel=\"noopener\">\n\t\t\t\t\t\t<span class=\"elementor-button-content-wrapper\">\n\t\t\t\t\t\t\t\t\t<span class=\"elementor-button-text\">APPRENEZ-EN PLUS<\/span>\n\t\t\t\t\t<\/span>\n\t\t\t\t\t<\/a>\n\t\t\t\t<\/div>\n\t\t\t\t\t\t\t\t<\/div>\n\t\t\t\t<\/div>\n\t\t\t\t\t<\/div>\n\t\t<\/div>\n\t\t\t\t\t<\/div>\n\t\t<\/section>\n\t\t\t\t<\/div>\n\t\t","protected":false},"excerpt":{"rendered":"<p>\u00c0 propos de Diesse Depuis sa cr\u00e9ation en 1980, Diesse d\u00e9veloppe, produit et commercialise des syst\u00e8mes de diagnostic innovants, principalement dans le domaine de l&#8217;immunochimie et de la mesure automatis\u00e9e [&hellip;]<\/p>\n","protected":false},"author":4,"featured_media":0,"parent":0,"menu_order":0,"comment_status":"closed","ping_status":"closed","template":"","meta":{"_relevanssi_hide_post":"","_relevanssi_hide_content":"","_relevanssi_pin_for_all":"","_relevanssi_pin_keywords":"","_relevanssi_unpin_keywords":"","_relevanssi_related_keywords":"","_relevanssi_related_include_ids":"","_relevanssi_related_exclude_ids":"","_relevanssi_related_no_append":"","_relevanssi_related_not_related":"","_relevanssi_related_posts":"31798,42313,31808,41254,42309,42311","_relevanssi_noindex_reason":"","footnotes":""},"class_list":["post-45230","page","type-page","status-publish","hentry"],"_links":{"self":[{"href":"https:\/\/www.somagen.com\/fr\/wp-json\/wp\/v2\/pages\/45230","targetHints":{"allow":["GET"]}}],"collection":[{"href":"https:\/\/www.somagen.com\/fr\/wp-json\/wp\/v2\/pages"}],"about":[{"href":"https:\/\/www.somagen.com\/fr\/wp-json\/wp\/v2\/types\/page"}],"author":[{"embeddable":true,"href":"https:\/\/www.somagen.com\/fr\/wp-json\/wp\/v2\/users\/4"}],"replies":[{"embeddable":true,"href":"https:\/\/www.somagen.com\/fr\/wp-json\/wp\/v2\/comments?post=45230"}],"version-history":[{"count":9,"href":"https:\/\/www.somagen.com\/fr\/wp-json\/wp\/v2\/pages\/45230\/revisions"}],"predecessor-version":[{"id":45261,"href":"https:\/\/www.somagen.com\/fr\/wp-json\/wp\/v2\/pages\/45230\/revisions\/45261"}],"wp:attachment":[{"href":"https:\/\/www.somagen.com\/fr\/wp-json\/wp\/v2\/media?parent=45230"}],"curies":[{"name":"wp","href":"https:\/\/api.w.org\/{rel}","templated":true}]}}